{"id":4770,"date":"2025-11-19T16:29:47","date_gmt":"2025-11-19T19:29:47","guid":{"rendered":"https:\/\/www.pmpf.rs.gov.br\/secretaria-de-saude\/?page_id=4770"},"modified":"2025-11-19T16:34:27","modified_gmt":"2025-11-19T19:34:27","slug":"centralvacinas","status":"publish","type":"page","link":"https:\/\/www.pmpf.rs.gov.br\/secretaria-de-saude\/centralvacinas\/","title":{"rendered":"Central de Vacinas"},"content":{"rendered":"\n<p>A Central de Vacinas \u00e9 especializada em atendimento de imuniza\u00e7\u00f5es.<\/p>\n\n\n\n<p>No local s\u00e3o ofertados os seguintes servi\u00e7os:<\/p>\n\n\n\n<ul class=\"wp-block-list\">\n<li>Vacina\u00e7\u00e3o conforme calend\u00e1rio b\u00e1sico do Programa Nacional de Imuniza\u00e7\u00f5es;<\/li>\n\n\n\n<li>Vacina\u00e7\u00e3o especial conforme Manual do Centro de Refer\u00eancia para<\/li>\n\n\n\n<li>imunobiol\u00f3gicos especiais;<\/li>\n\n\n\n<li>Vacina\u00e7\u00e3o antirr\u00e1bica para profilaxia da raiva humana conforme indica\u00e7\u00e3o em<\/li>\n\n\n\n<li>protocolo;<\/li>\n\n\n\n<li>Vacina\u00e7\u00e3o contra Covid-19;<\/li>\n\n\n\n<li>Vacina BCG &#8211; mediante agendamento<\/li>\n\n\n\n<li>Teste do pezinho &#8211; mediante agendamento<\/li>\n\n\n\n<li>Teste da orelhinha &#8211; mediante agendamento<\/li>\n<\/ul>\n\n\n\n<p><strong>Endere\u00e7o:<\/strong> Rua Uruguai, no 667, Centro<\/p>\n\n\n\n<p><strong>Telefone:<\/strong> (54) 3311-6494<\/p>\n\n\n\n<p><strong>Hor\u00e1rio de Atendimento:<\/strong> de Segunda \u00e0 Sexta-feira, das 8h \u00e0s 12h e das 13h \u00e0s 17h<\/p>\n\n\n\n<hr class=\"wp-block-separator has-alpha-channel-opacity\"\/>\n","protected":false},"excerpt":{"rendered":"<p>A Central de Vacinas \u00e9 especializada em atendimento de imuniza\u00e7\u00f5es. No local s\u00e3o ofertados os seguintes servi\u00e7os: Endere\u00e7o: Rua Uruguai, no 667, Centro Telefone: (54) 3311-6494 Hor\u00e1rio de Atendimento: de Segunda \u00e0 [&hellip;]<\/p>\n","protected":false},"author":4,"featured_media":0,"parent":0,"menu_order":0,"comment_status":"closed","ping_status":"closed","template":"","meta":{"footnotes":""},"class_list":["post-4770","page","type-page","status-publish","hentry"],"yoast_head":"<!-- This site is optimized with the Yoast SEO plugin v23.8 - https:\/\/yoast.com\/wordpress\/plugins\/seo\/ -->\n<title>Central de Vacinas - Secretaria de Sa\u00fade<\/title>\n<meta name=\"robots\" content=\"index, follow, max-snippet:-1, max-image-preview:large, max-video-preview:-1\" \/>\n<link rel=\"canonical\" href=\"https:\/\/www.pmpf.rs.gov.br\/secretaria-de-saude\/centralvacinas\/\" \/>\n<meta property=\"og:locale\" content=\"pt_BR\" \/>\n<meta property=\"og:type\" content=\"article\" \/>\n<meta property=\"og:title\" content=\"Central de Vacinas - Secretaria de Sa\u00fade\" \/>\n<meta property=\"og:description\" content=\"A Central de Vacinas \u00e9 especializada em atendimento de imuniza\u00e7\u00f5es. No local s\u00e3o ofertados os seguintes servi\u00e7os: Endere\u00e7o: Rua Uruguai, no 667, Centro Telefone: (54) 3311-6494 Hor\u00e1rio de Atendimento: de Segunda \u00e0 [&hellip;]\" \/>\n<meta property=\"og:url\" content=\"https:\/\/www.pmpf.rs.gov.br\/secretaria-de-saude\/centralvacinas\/\" \/>\n<meta property=\"og:site_name\" content=\"Secretaria de Sa\u00fade\" \/>\n<meta property=\"article:modified_time\" content=\"2025-11-19T19:34:27+00:00\" \/>\n<meta name=\"twitter:card\" content=\"summary_large_image\" \/>\n<meta name=\"twitter:label1\" content=\"Est. tempo de leitura\" \/>\n\t<meta name=\"twitter:data1\" content=\"1 minuto\" \/>\n<script type=\"application\/ld+json\" class=\"yoast-schema-graph\">{\"@context\":\"https:\/\/schema.org\",\"@graph\":[{\"@type\":\"WebPage\",\"@id\":\"https:\/\/www.pmpf.rs.gov.br\/secretaria-de-saude\/centralvacinas\/\",\"url\":\"https:\/\/www.pmpf.rs.gov.br\/secretaria-de-saude\/centralvacinas\/\",\"name\":\"Central de Vacinas - Secretaria de Sa\u00fade\",\"isPartOf\":{\"@id\":\"https:\/\/www.pmpf.rs.gov.br\/secretaria-de-saude\/#website\"},\"datePublished\":\"2025-11-19T19:29:47+00:00\",\"dateModified\":\"2025-11-19T19:34:27+00:00\",\"breadcrumb\":{\"@id\":\"https:\/\/www.pmpf.rs.gov.br\/secretaria-de-saude\/centralvacinas\/#breadcrumb\"},\"inLanguage\":\"pt-BR\",\"potentialAction\":[{\"@type\":\"ReadAction\",\"target\":[\"https:\/\/www.pmpf.rs.gov.br\/secretaria-de-saude\/centralvacinas\/\"]}]},{\"@type\":\"BreadcrumbList\",\"@id\":\"https:\/\/www.pmpf.rs.gov.br\/secretaria-de-saude\/centralvacinas\/#breadcrumb\",\"itemListElement\":[{\"@type\":\"ListItem\",\"position\":1,\"name\":\"In\u00edcio\",\"item\":\"https:\/\/www.pmpf.rs.gov.br\/secretaria-de-saude\/\"},{\"@type\":\"ListItem\",\"position\":2,\"name\":\"Central de Vacinas\"}]},{\"@type\":\"WebSite\",\"@id\":\"https:\/\/www.pmpf.rs.gov.br\/secretaria-de-saude\/#website\",\"url\":\"https:\/\/www.pmpf.rs.gov.br\/secretaria-de-saude\/\",\"name\":\"Secretaria de Sa\u00fade\",\"description\":\"S\u00f3 mais um site Prefeitura de Passo Fundo\",\"potentialAction\":[{\"@type\":\"SearchAction\",\"target\":{\"@type\":\"EntryPoint\",\"urlTemplate\":\"https:\/\/www.pmpf.rs.gov.br\/secretaria-de-saude\/?s={search_term_string}\"},\"query-input\":{\"@type\":\"PropertyValueSpecification\",\"valueRequired\":true,\"valueName\":\"search_term_string\"}}],\"inLanguage\":\"pt-BR\"}]}<\/script>\n<!-- \/ Yoast SEO plugin. -->","yoast_head_json":{"title":"Central de Vacinas - Secretaria de Sa\u00fade","robots":{"index":"index","follow":"follow","max-snippet":"max-snippet:-1","max-image-preview":"max-image-preview:large","max-video-preview":"max-video-preview:-1"},"canonical":"https:\/\/www.pmpf.rs.gov.br\/secretaria-de-saude\/centralvacinas\/","og_locale":"pt_BR","og_type":"article","og_title":"Central de Vacinas - Secretaria de Sa\u00fade","og_description":"A Central de Vacinas \u00e9 especializada em atendimento de imuniza\u00e7\u00f5es. No local s\u00e3o ofertados os seguintes servi\u00e7os: Endere\u00e7o: Rua Uruguai, no 667, Centro Telefone: (54) 3311-6494 Hor\u00e1rio de Atendimento: de Segunda \u00e0 [&hellip;]","og_url":"https:\/\/www.pmpf.rs.gov.br\/secretaria-de-saude\/centralvacinas\/","og_site_name":"Secretaria de Sa\u00fade","article_modified_time":"2025-11-19T19:34:27+00:00","twitter_card":"summary_large_image","twitter_misc":{"Est. tempo de leitura":"1 minuto"},"schema":{"@context":"https:\/\/schema.org","@graph":[{"@type":"WebPage","@id":"https:\/\/www.pmpf.rs.gov.br\/secretaria-de-saude\/centralvacinas\/","url":"https:\/\/www.pmpf.rs.gov.br\/secretaria-de-saude\/centralvacinas\/","name":"Central de Vacinas - Secretaria de Sa\u00fade","isPartOf":{"@id":"https:\/\/www.pmpf.rs.gov.br\/secretaria-de-saude\/#website"},"datePublished":"2025-11-19T19:29:47+00:00","dateModified":"2025-11-19T19:34:27+00:00","breadcrumb":{"@id":"https:\/\/www.pmpf.rs.gov.br\/secretaria-de-saude\/centralvacinas\/#breadcrumb"},"inLanguage":"pt-BR","potentialAction":[{"@type":"ReadAction","target":["https:\/\/www.pmpf.rs.gov.br\/secretaria-de-saude\/centralvacinas\/"]}]},{"@type":"BreadcrumbList","@id":"https:\/\/www.pmpf.rs.gov.br\/secretaria-de-saude\/centralvacinas\/#breadcrumb","itemListElement":[{"@type":"ListItem","position":1,"name":"In\u00edcio","item":"https:\/\/www.pmpf.rs.gov.br\/secretaria-de-saude\/"},{"@type":"ListItem","position":2,"name":"Central de Vacinas"}]},{"@type":"WebSite","@id":"https:\/\/www.pmpf.rs.gov.br\/secretaria-de-saude\/#website","url":"https:\/\/www.pmpf.rs.gov.br\/secretaria-de-saude\/","name":"Secretaria de Sa\u00fade","description":"S\u00f3 mais um site Prefeitura de Passo Fundo","potentialAction":[{"@type":"SearchAction","target":{"@type":"EntryPoint","urlTemplate":"https:\/\/www.pmpf.rs.gov.br\/secretaria-de-saude\/?s={search_term_string}"},"query-input":{"@type":"PropertyValueSpecification","valueRequired":true,"valueName":"search_term_string"}}],"inLanguage":"pt-BR"}]}},"_links":{"self":[{"href":"https:\/\/www.pmpf.rs.gov.br\/secretaria-de-saude\/wp-json\/wp\/v2\/pages\/4770"}],"collection":[{"href":"https:\/\/www.pmpf.rs.gov.br\/secretaria-de-saude\/wp-json\/wp\/v2\/pages"}],"about":[{"href":"https:\/\/www.pmpf.rs.gov.br\/secretaria-de-saude\/wp-json\/wp\/v2\/types\/page"}],"author":[{"embeddable":true,"href":"https:\/\/www.pmpf.rs.gov.br\/secretaria-de-saude\/wp-json\/wp\/v2\/users\/4"}],"replies":[{"embeddable":true,"href":"https:\/\/www.pmpf.rs.gov.br\/secretaria-de-saude\/wp-json\/wp\/v2\/comments?post=4770"}],"version-history":[{"count":2,"href":"https:\/\/www.pmpf.rs.gov.br\/secretaria-de-saude\/wp-json\/wp\/v2\/pages\/4770\/revisions"}],"predecessor-version":[{"id":4773,"href":"https:\/\/www.pmpf.rs.gov.br\/secretaria-de-saude\/wp-json\/wp\/v2\/pages\/4770\/revisions\/4773"}],"wp:attachment":[{"href":"https:\/\/www.pmpf.rs.gov.br\/secretaria-de-saude\/wp-json\/wp\/v2\/media?parent=4770"}],"curies":[{"name":"wp","href":"https:\/\/api.w.org\/{rel}","templated":true}]}}