{"id":4718,"date":"2025-10-31T15:25:19","date_gmt":"2025-10-31T18:25:19","guid":{"rendered":"https:\/\/www.pmpf.rs.gov.br\/secretaria-de-saude\/?page_id=4718"},"modified":"2025-11-05T10:42:27","modified_gmt":"2025-11-05T13:42:27","slug":"ambulatorio-qualidade-de-vida-cirurgia-bariatrica","status":"publish","type":"page","link":"https:\/\/www.pmpf.rs.gov.br\/secretaria-de-saude\/ambulatorio-qualidade-de-vida-cirurgia-bariatrica\/","title":{"rendered":"Ambulat\u00f3rio Qualidade de Vida (cirurgia bari\u00e1trica)"},"content":{"rendered":"\n<p>O Ambulat\u00f3rio de Qualidade de Vida trata-se de um servi\u00e7o especializado respons\u00e1vel pelo acolhimento e atendimento ambulatorial de pacientes em obesidade grave, encaminhamento destes quando indicados para cirurgia bari\u00e1trica, al\u00e9m do atendimento dos pacientes em etapas de pr\u00e9 e p\u00f3s cirurgia<br>bari\u00e1trica. Formado por equipe multiprofissional, atualmente oferece atendimento m\u00e9dico, psicol\u00f3gico, nutricional e fisioterapia.<\/p>\n\n\n\n<p>O acesso ocorre atrav\u00e9s de encaminhamentos de outras unidades de sa\u00fade, atrav\u00e9s de formul\u00e1rio de refer\u00eancia. (Pode anexar o link do formul\u00e1rio de encaminhamento de cirurgia bari\u00e1trica).<br><br>Crit\u00e9rios de encaminhamento para cirurgia bari\u00e1trica, conforme Resolu\u00e7\u00e3o 19 de mar\u00e7o de 2013 :<\/p>\n\n\n\n<ul class=\"wp-block-list\">\n<li>IMC maior que 50 ou,<\/li>\n\n\n\n<li>IMC 40 a 49, com acompanhamento longitudinal (M\u00e9dico Aten\u00e7\u00e3o B\u00e1sica e Nutricionista) por no m\u00ednimo 2 anos;<\/li>\n\n\n\n<li>IMC 35 a 39 com acompanhamento longitudinal (M\u00e9dico Aten\u00e7\u00e3o B\u00e1sica e<br>Nutricionista) por no m\u00ednimo 2 anos e acompanhado de comorbidades<br>associadas.<\/li>\n<\/ul>\n\n\n\n<p><strong>Endere\u00e7o: <\/strong>Rua Gomercindo Perucci, 568, bairro Boqueir\u00e3o (junto a UBS Independente).<br><strong>Telefone:<\/strong> (54) 3315-5585.<br><strong>E-mail:<\/strong> qualidadedevidapf@gmail.com.<br><strong>Hor\u00e1rio de atendimento:<\/strong> Segunda \u00e0 Sexta-feira, das 8h \u00e0s 12h e das 13h \u00e0s 17h.<\/p>\n\n\n\n<hr class=\"wp-block-separator has-alpha-channel-opacity\"\/>\n","protected":false},"excerpt":{"rendered":"<p>O Ambulat\u00f3rio de Qualidade de Vida trata-se de um servi\u00e7o especializado respons\u00e1vel pelo acolhimento e atendimento ambulatorial de pacientes em obesidade grave, encaminhamento destes quando indicados para cirurgia bari\u00e1trica, al\u00e9m do atendimento [&hellip;]<\/p>\n","protected":false},"author":28,"featured_media":0,"parent":0,"menu_order":0,"comment_status":"closed","ping_status":"closed","template":"","meta":{"footnotes":""},"class_list":["post-4718","page","type-page","status-publish","hentry"],"yoast_head":"<!-- This site is optimized with the Yoast SEO plugin v23.8 - https:\/\/yoast.com\/wordpress\/plugins\/seo\/ -->\n<title>Ambulat\u00f3rio Qualidade de Vida (cirurgia bari\u00e1trica) - Secretaria de Sa\u00fade<\/title>\n<meta name=\"robots\" content=\"index, follow, max-snippet:-1, max-image-preview:large, max-video-preview:-1\" \/>\n<link rel=\"canonical\" href=\"https:\/\/www.pmpf.rs.gov.br\/secretaria-de-saude\/ambulatorio-qualidade-de-vida-cirurgia-bariatrica\/\" \/>\n<meta property=\"og:locale\" content=\"pt_BR\" \/>\n<meta property=\"og:type\" content=\"article\" \/>\n<meta property=\"og:title\" content=\"Ambulat\u00f3rio Qualidade de Vida (cirurgia bari\u00e1trica) - Secretaria de Sa\u00fade\" \/>\n<meta property=\"og:description\" content=\"O Ambulat\u00f3rio de Qualidade de Vida trata-se de um servi\u00e7o especializado respons\u00e1vel pelo acolhimento e atendimento ambulatorial de pacientes em obesidade grave, encaminhamento destes quando indicados para cirurgia bari\u00e1trica, al\u00e9m do atendimento [&hellip;]\" \/>\n<meta property=\"og:url\" content=\"https:\/\/www.pmpf.rs.gov.br\/secretaria-de-saude\/ambulatorio-qualidade-de-vida-cirurgia-bariatrica\/\" \/>\n<meta property=\"og:site_name\" content=\"Secretaria de Sa\u00fade\" \/>\n<meta property=\"article:modified_time\" content=\"2025-11-05T13:42:27+00:00\" \/>\n<meta name=\"twitter:card\" content=\"summary_large_image\" \/>\n<meta name=\"twitter:label1\" content=\"Est. tempo de leitura\" \/>\n\t<meta name=\"twitter:data1\" content=\"1 minuto\" \/>\n<script type=\"application\/ld+json\" class=\"yoast-schema-graph\">{\"@context\":\"https:\/\/schema.org\",\"@graph\":[{\"@type\":\"WebPage\",\"@id\":\"https:\/\/www.pmpf.rs.gov.br\/secretaria-de-saude\/ambulatorio-qualidade-de-vida-cirurgia-bariatrica\/\",\"url\":\"https:\/\/www.pmpf.rs.gov.br\/secretaria-de-saude\/ambulatorio-qualidade-de-vida-cirurgia-bariatrica\/\",\"name\":\"Ambulat\u00f3rio Qualidade de Vida (cirurgia bari\u00e1trica) - Secretaria de Sa\u00fade\",\"isPartOf\":{\"@id\":\"https:\/\/www.pmpf.rs.gov.br\/secretaria-de-saude\/#website\"},\"datePublished\":\"2025-10-31T18:25:19+00:00\",\"dateModified\":\"2025-11-05T13:42:27+00:00\",\"breadcrumb\":{\"@id\":\"https:\/\/www.pmpf.rs.gov.br\/secretaria-de-saude\/ambulatorio-qualidade-de-vida-cirurgia-bariatrica\/#breadcrumb\"},\"inLanguage\":\"pt-BR\",\"potentialAction\":[{\"@type\":\"ReadAction\",\"target\":[\"https:\/\/www.pmpf.rs.gov.br\/secretaria-de-saude\/ambulatorio-qualidade-de-vida-cirurgia-bariatrica\/\"]}]},{\"@type\":\"BreadcrumbList\",\"@id\":\"https:\/\/www.pmpf.rs.gov.br\/secretaria-de-saude\/ambulatorio-qualidade-de-vida-cirurgia-bariatrica\/#breadcrumb\",\"itemListElement\":[{\"@type\":\"ListItem\",\"position\":1,\"name\":\"In\u00edcio\",\"item\":\"https:\/\/www.pmpf.rs.gov.br\/secretaria-de-saude\/\"},{\"@type\":\"ListItem\",\"position\":2,\"name\":\"Ambulat\u00f3rio Qualidade de Vida (cirurgia bari\u00e1trica)\"}]},{\"@type\":\"WebSite\",\"@id\":\"https:\/\/www.pmpf.rs.gov.br\/secretaria-de-saude\/#website\",\"url\":\"https:\/\/www.pmpf.rs.gov.br\/secretaria-de-saude\/\",\"name\":\"Secretaria de Sa\u00fade\",\"description\":\"S\u00f3 mais um site Prefeitura de Passo Fundo\",\"potentialAction\":[{\"@type\":\"SearchAction\",\"target\":{\"@type\":\"EntryPoint\",\"urlTemplate\":\"https:\/\/www.pmpf.rs.gov.br\/secretaria-de-saude\/?s={search_term_string}\"},\"query-input\":{\"@type\":\"PropertyValueSpecification\",\"valueRequired\":true,\"valueName\":\"search_term_string\"}}],\"inLanguage\":\"pt-BR\"}]}<\/script>\n<!-- \/ Yoast SEO plugin. -->","yoast_head_json":{"title":"Ambulat\u00f3rio Qualidade de Vida (cirurgia bari\u00e1trica) - Secretaria de Sa\u00fade","robots":{"index":"index","follow":"follow","max-snippet":"max-snippet:-1","max-image-preview":"max-image-preview:large","max-video-preview":"max-video-preview:-1"},"canonical":"https:\/\/www.pmpf.rs.gov.br\/secretaria-de-saude\/ambulatorio-qualidade-de-vida-cirurgia-bariatrica\/","og_locale":"pt_BR","og_type":"article","og_title":"Ambulat\u00f3rio Qualidade de Vida (cirurgia bari\u00e1trica) - Secretaria de Sa\u00fade","og_description":"O Ambulat\u00f3rio de Qualidade de Vida trata-se de um servi\u00e7o especializado respons\u00e1vel pelo acolhimento e atendimento ambulatorial de pacientes em obesidade grave, encaminhamento destes quando indicados para cirurgia bari\u00e1trica, al\u00e9m do atendimento [&hellip;]","og_url":"https:\/\/www.pmpf.rs.gov.br\/secretaria-de-saude\/ambulatorio-qualidade-de-vida-cirurgia-bariatrica\/","og_site_name":"Secretaria de Sa\u00fade","article_modified_time":"2025-11-05T13:42:27+00:00","twitter_card":"summary_large_image","twitter_misc":{"Est. tempo de leitura":"1 minuto"},"schema":{"@context":"https:\/\/schema.org","@graph":[{"@type":"WebPage","@id":"https:\/\/www.pmpf.rs.gov.br\/secretaria-de-saude\/ambulatorio-qualidade-de-vida-cirurgia-bariatrica\/","url":"https:\/\/www.pmpf.rs.gov.br\/secretaria-de-saude\/ambulatorio-qualidade-de-vida-cirurgia-bariatrica\/","name":"Ambulat\u00f3rio Qualidade de Vida (cirurgia bari\u00e1trica) - Secretaria de Sa\u00fade","isPartOf":{"@id":"https:\/\/www.pmpf.rs.gov.br\/secretaria-de-saude\/#website"},"datePublished":"2025-10-31T18:25:19+00:00","dateModified":"2025-11-05T13:42:27+00:00","breadcrumb":{"@id":"https:\/\/www.pmpf.rs.gov.br\/secretaria-de-saude\/ambulatorio-qualidade-de-vida-cirurgia-bariatrica\/#breadcrumb"},"inLanguage":"pt-BR","potentialAction":[{"@type":"ReadAction","target":["https:\/\/www.pmpf.rs.gov.br\/secretaria-de-saude\/ambulatorio-qualidade-de-vida-cirurgia-bariatrica\/"]}]},{"@type":"BreadcrumbList","@id":"https:\/\/www.pmpf.rs.gov.br\/secretaria-de-saude\/ambulatorio-qualidade-de-vida-cirurgia-bariatrica\/#breadcrumb","itemListElement":[{"@type":"ListItem","position":1,"name":"In\u00edcio","item":"https:\/\/www.pmpf.rs.gov.br\/secretaria-de-saude\/"},{"@type":"ListItem","position":2,"name":"Ambulat\u00f3rio Qualidade de Vida (cirurgia bari\u00e1trica)"}]},{"@type":"WebSite","@id":"https:\/\/www.pmpf.rs.gov.br\/secretaria-de-saude\/#website","url":"https:\/\/www.pmpf.rs.gov.br\/secretaria-de-saude\/","name":"Secretaria de Sa\u00fade","description":"S\u00f3 mais um site Prefeitura de Passo Fundo","potentialAction":[{"@type":"SearchAction","target":{"@type":"EntryPoint","urlTemplate":"https:\/\/www.pmpf.rs.gov.br\/secretaria-de-saude\/?s={search_term_string}"},"query-input":{"@type":"PropertyValueSpecification","valueRequired":true,"valueName":"search_term_string"}}],"inLanguage":"pt-BR"}]}},"_links":{"self":[{"href":"https:\/\/www.pmpf.rs.gov.br\/secretaria-de-saude\/wp-json\/wp\/v2\/pages\/4718"}],"collection":[{"href":"https:\/\/www.pmpf.rs.gov.br\/secretaria-de-saude\/wp-json\/wp\/v2\/pages"}],"about":[{"href":"https:\/\/www.pmpf.rs.gov.br\/secretaria-de-saude\/wp-json\/wp\/v2\/types\/page"}],"author":[{"embeddable":true,"href":"https:\/\/www.pmpf.rs.gov.br\/secretaria-de-saude\/wp-json\/wp\/v2\/users\/28"}],"replies":[{"embeddable":true,"href":"https:\/\/www.pmpf.rs.gov.br\/secretaria-de-saude\/wp-json\/wp\/v2\/comments?post=4718"}],"version-history":[{"count":2,"href":"https:\/\/www.pmpf.rs.gov.br\/secretaria-de-saude\/wp-json\/wp\/v2\/pages\/4718\/revisions"}],"predecessor-version":[{"id":4732,"href":"https:\/\/www.pmpf.rs.gov.br\/secretaria-de-saude\/wp-json\/wp\/v2\/pages\/4718\/revisions\/4732"}],"wp:attachment":[{"href":"https:\/\/www.pmpf.rs.gov.br\/secretaria-de-saude\/wp-json\/wp\/v2\/media?parent=4718"}],"curies":[{"name":"wp","href":"https:\/\/api.w.org\/{rel}","templated":true}]}}