{"id":4671,"date":"2025-10-13T15:18:23","date_gmt":"2025-10-13T18:18:23","guid":{"rendered":"https:\/\/www.pmpf.rs.gov.br\/secretaria-de-saude\/?page_id=4671"},"modified":"2025-10-13T15:29:29","modified_gmt":"2025-10-13T18:29:29","slug":"passofundosorri","status":"publish","type":"page","link":"https:\/\/www.pmpf.rs.gov.br\/secretaria-de-saude\/passofundosorri\/","title":{"rendered":"Passo Fundo Sorri"},"content":{"rendered":"\n<figure class=\"wp-block-image size-full is-resized\"><img loading=\"lazy\" decoding=\"async\" width=\"280\" height=\"186\" src=\"https:\/\/www.pmpf.rs.gov.br\/secretaria-de-saude\/wp-content\/uploads\/sites\/50\/2025\/10\/logo-passo-fundo-sorri.png\" alt=\"\" class=\"wp-image-4672\" style=\"width:211px;height:auto\"\/><\/figure>\n\n\n\n<div style=\"height:20px\" aria-hidden=\"true\" class=\"wp-block-spacer\"><\/div>\n\n\n\n<p>O programa &#8221; PASSO FUNDO SORRI&#8221; foi criado pelo Munic\u00edpio no ano de 2021 com o objetivo de levar a sa\u00fade bucal \u00e0 popula\u00e7\u00e3o em todo o seu territ\u00f3rio. A reestrutura\u00e7\u00e3o aconteceu com a reforma e amplia\u00e7\u00e3o dos consult\u00f3rios odontol\u00f3gicos das Unidades de Sa\u00fade. A iniciativa oferece um atendimento qualificado e humanizado \u00e0 popula\u00e7\u00e3o, ampliando tamb\u00e9m o n\u00famero de profissionais odont\u00f3logos e auxiliares em sa\u00fade bucal atendendo na Rede Municipal de Sa\u00fade. S\u00e3o oferecidos servi\u00e7os como exame e diagn\u00f3stico, profilaxia, restaura\u00e7\u00f5es, aplica\u00e7\u00e3o de fl\u00faor, selantes oclusais, extra\u00e7\u00f5es e atendimento de urg\u00eancias, entre outros.<\/p>\n\n\n\n<p>Nos bairros da cidade, o servi\u00e7o \u00e9 prestado nos Centros de Aten\u00e7\u00e3o \u00e0 Sa\u00fade (Cais) e Unidades B\u00e1sicas de Sa\u00fade (UBS e ESF). O atendimento nas UBSs \u00e9 realizado de segunda a sexta-feira, das 8h \u00e0s 12h e das 13h \u00e0s 17h e nos Cais, das 7h \u00e0s 19h. J\u00e1 para urg\u00eancias odontol\u00f3gicas, o servi\u00e7o \u00e9 oferecido em todas as Unidades de Sa\u00fade. Para assegurar os atendimentos de urg\u00eancia foi reinaugurado recentemente o Cais Petr\u00f3polis, com hor\u00e1rio estendido de segundas \u00e0s sextas, das 07h \u00e0s 00h, e aos s\u00e1bados, domingos e feriados, das 8h \u00e0s 19h.<\/p>\n\n\n\n<p>O Passo Fundo Sorri tamb\u00e9m contempla a Unidade M\u00f3vel de Odontologia, que descentralizou os atendimentos para os distritos e bairros do munic\u00edpio. A unidade m\u00f3vel possui os equipamentos de um consult\u00f3rio dent\u00e1rio completo onde s\u00e3o realizados tratamentos dent\u00e1rios.<\/p>\n\n\n\n<p>Os procedimentos mais complexos s\u00e3o encaminhados para especialistas que atendem nos CAIS e para o CEO (Centro de Especialidades Odontol\u00f3gicas), que funciona junto \u00e0 Faculdade de Odontologia da UPF. As \u00e1reas oferecidas s\u00e3o: odontopediatria (atendimento de crian\u00e7as e adolescentes at\u00e9 12 anos), endodontia (tratamento de canal), periodontia (tratamento de problemas gengivais), cirurgias de terceiros molares (dentes do siso), bi\u00f3psias e atendimento a pacientes especiais.<\/p>\n\n\n\n<hr class=\"wp-block-separator has-alpha-channel-opacity\"\/>\n","protected":false},"excerpt":{"rendered":"<p>O programa &#8221; PASSO FUNDO SORRI&#8221; foi criado pelo Munic\u00edpio no ano de 2021 com o objetivo de levar a sa\u00fade bucal \u00e0 popula\u00e7\u00e3o em todo o seu territ\u00f3rio. A reestrutura\u00e7\u00e3o aconteceu [&hellip;]<\/p>\n","protected":false},"author":4,"featured_media":0,"parent":0,"menu_order":0,"comment_status":"closed","ping_status":"closed","template":"","meta":{"footnotes":""},"class_list":["post-4671","page","type-page","status-publish","hentry"],"yoast_head":"<!-- This site is optimized with the Yoast SEO plugin v23.8 - https:\/\/yoast.com\/wordpress\/plugins\/seo\/ -->\n<title>Passo Fundo Sorri - Secretaria de Sa\u00fade<\/title>\n<meta name=\"robots\" content=\"index, follow, max-snippet:-1, max-image-preview:large, max-video-preview:-1\" \/>\n<link rel=\"canonical\" href=\"https:\/\/www.pmpf.rs.gov.br\/secretaria-de-saude\/passofundosorri\/\" \/>\n<meta property=\"og:locale\" content=\"pt_BR\" \/>\n<meta property=\"og:type\" content=\"article\" \/>\n<meta property=\"og:title\" content=\"Passo Fundo Sorri - Secretaria de Sa\u00fade\" \/>\n<meta property=\"og:description\" content=\"O programa &#8221; PASSO FUNDO SORRI&#8221; foi criado pelo Munic\u00edpio no ano de 2021 com o objetivo de levar a sa\u00fade bucal \u00e0 popula\u00e7\u00e3o em todo o seu territ\u00f3rio. A reestrutura\u00e7\u00e3o aconteceu [&hellip;]\" \/>\n<meta property=\"og:url\" content=\"https:\/\/www.pmpf.rs.gov.br\/secretaria-de-saude\/passofundosorri\/\" \/>\n<meta property=\"og:site_name\" content=\"Secretaria de Sa\u00fade\" \/>\n<meta property=\"article:modified_time\" content=\"2025-10-13T18:29:29+00:00\" \/>\n<meta property=\"og:image\" content=\"https:\/\/www.pmpf.rs.gov.br\/secretaria-de-saude\/wp-content\/uploads\/sites\/50\/2025\/10\/logo-passo-fundo-sorri.png\" \/>\n\t<meta property=\"og:image:width\" content=\"280\" \/>\n\t<meta property=\"og:image:height\" content=\"186\" \/>\n\t<meta property=\"og:image:type\" content=\"image\/png\" \/>\n<meta name=\"twitter:card\" content=\"summary_large_image\" \/>\n<meta name=\"twitter:label1\" content=\"Est. tempo de leitura\" \/>\n\t<meta name=\"twitter:data1\" content=\"2 minutos\" \/>\n<script type=\"application\/ld+json\" class=\"yoast-schema-graph\">{\"@context\":\"https:\/\/schema.org\",\"@graph\":[{\"@type\":\"WebPage\",\"@id\":\"https:\/\/www.pmpf.rs.gov.br\/secretaria-de-saude\/passofundosorri\/\",\"url\":\"https:\/\/www.pmpf.rs.gov.br\/secretaria-de-saude\/passofundosorri\/\",\"name\":\"Passo Fundo Sorri - Secretaria de Sa\u00fade\",\"isPartOf\":{\"@id\":\"https:\/\/www.pmpf.rs.gov.br\/secretaria-de-saude\/#website\"},\"primaryImageOfPage\":{\"@id\":\"https:\/\/www.pmpf.rs.gov.br\/secretaria-de-saude\/passofundosorri\/#primaryimage\"},\"image\":{\"@id\":\"https:\/\/www.pmpf.rs.gov.br\/secretaria-de-saude\/passofundosorri\/#primaryimage\"},\"thumbnailUrl\":\"https:\/\/www.pmpf.rs.gov.br\/secretaria-de-saude\/wp-content\/uploads\/sites\/50\/2025\/10\/logo-passo-fundo-sorri.png\",\"datePublished\":\"2025-10-13T18:18:23+00:00\",\"dateModified\":\"2025-10-13T18:29:29+00:00\",\"breadcrumb\":{\"@id\":\"https:\/\/www.pmpf.rs.gov.br\/secretaria-de-saude\/passofundosorri\/#breadcrumb\"},\"inLanguage\":\"pt-BR\",\"potentialAction\":[{\"@type\":\"ReadAction\",\"target\":[\"https:\/\/www.pmpf.rs.gov.br\/secretaria-de-saude\/passofundosorri\/\"]}]},{\"@type\":\"ImageObject\",\"inLanguage\":\"pt-BR\",\"@id\":\"https:\/\/www.pmpf.rs.gov.br\/secretaria-de-saude\/passofundosorri\/#primaryimage\",\"url\":\"https:\/\/www.pmpf.rs.gov.br\/secretaria-de-saude\/wp-content\/uploads\/sites\/50\/2025\/10\/logo-passo-fundo-sorri.png\",\"contentUrl\":\"https:\/\/www.pmpf.rs.gov.br\/secretaria-de-saude\/wp-content\/uploads\/sites\/50\/2025\/10\/logo-passo-fundo-sorri.png\",\"width\":280,\"height\":186},{\"@type\":\"BreadcrumbList\",\"@id\":\"https:\/\/www.pmpf.rs.gov.br\/secretaria-de-saude\/passofundosorri\/#breadcrumb\",\"itemListElement\":[{\"@type\":\"ListItem\",\"position\":1,\"name\":\"In\u00edcio\",\"item\":\"https:\/\/www.pmpf.rs.gov.br\/secretaria-de-saude\/\"},{\"@type\":\"ListItem\",\"position\":2,\"name\":\"Passo Fundo Sorri\"}]},{\"@type\":\"WebSite\",\"@id\":\"https:\/\/www.pmpf.rs.gov.br\/secretaria-de-saude\/#website\",\"url\":\"https:\/\/www.pmpf.rs.gov.br\/secretaria-de-saude\/\",\"name\":\"Secretaria de Sa\u00fade\",\"description\":\"S\u00f3 mais um site Prefeitura de Passo Fundo\",\"potentialAction\":[{\"@type\":\"SearchAction\",\"target\":{\"@type\":\"EntryPoint\",\"urlTemplate\":\"https:\/\/www.pmpf.rs.gov.br\/secretaria-de-saude\/?s={search_term_string}\"},\"query-input\":{\"@type\":\"PropertyValueSpecification\",\"valueRequired\":true,\"valueName\":\"search_term_string\"}}],\"inLanguage\":\"pt-BR\"}]}<\/script>\n<!-- \/ Yoast SEO plugin. -->","yoast_head_json":{"title":"Passo Fundo Sorri - Secretaria de Sa\u00fade","robots":{"index":"index","follow":"follow","max-snippet":"max-snippet:-1","max-image-preview":"max-image-preview:large","max-video-preview":"max-video-preview:-1"},"canonical":"https:\/\/www.pmpf.rs.gov.br\/secretaria-de-saude\/passofundosorri\/","og_locale":"pt_BR","og_type":"article","og_title":"Passo Fundo Sorri - Secretaria de Sa\u00fade","og_description":"O programa &#8221; PASSO FUNDO SORRI&#8221; foi criado pelo Munic\u00edpio no ano de 2021 com o objetivo de levar a sa\u00fade bucal \u00e0 popula\u00e7\u00e3o em todo o seu territ\u00f3rio. A reestrutura\u00e7\u00e3o aconteceu [&hellip;]","og_url":"https:\/\/www.pmpf.rs.gov.br\/secretaria-de-saude\/passofundosorri\/","og_site_name":"Secretaria de Sa\u00fade","article_modified_time":"2025-10-13T18:29:29+00:00","og_image":[{"width":280,"height":186,"url":"https:\/\/www.pmpf.rs.gov.br\/secretaria-de-saude\/wp-content\/uploads\/sites\/50\/2025\/10\/logo-passo-fundo-sorri.png","type":"image\/png"}],"twitter_card":"summary_large_image","twitter_misc":{"Est. tempo de leitura":"2 minutos"},"schema":{"@context":"https:\/\/schema.org","@graph":[{"@type":"WebPage","@id":"https:\/\/www.pmpf.rs.gov.br\/secretaria-de-saude\/passofundosorri\/","url":"https:\/\/www.pmpf.rs.gov.br\/secretaria-de-saude\/passofundosorri\/","name":"Passo Fundo Sorri - Secretaria de Sa\u00fade","isPartOf":{"@id":"https:\/\/www.pmpf.rs.gov.br\/secretaria-de-saude\/#website"},"primaryImageOfPage":{"@id":"https:\/\/www.pmpf.rs.gov.br\/secretaria-de-saude\/passofundosorri\/#primaryimage"},"image":{"@id":"https:\/\/www.pmpf.rs.gov.br\/secretaria-de-saude\/passofundosorri\/#primaryimage"},"thumbnailUrl":"https:\/\/www.pmpf.rs.gov.br\/secretaria-de-saude\/wp-content\/uploads\/sites\/50\/2025\/10\/logo-passo-fundo-sorri.png","datePublished":"2025-10-13T18:18:23+00:00","dateModified":"2025-10-13T18:29:29+00:00","breadcrumb":{"@id":"https:\/\/www.pmpf.rs.gov.br\/secretaria-de-saude\/passofundosorri\/#breadcrumb"},"inLanguage":"pt-BR","potentialAction":[{"@type":"ReadAction","target":["https:\/\/www.pmpf.rs.gov.br\/secretaria-de-saude\/passofundosorri\/"]}]},{"@type":"ImageObject","inLanguage":"pt-BR","@id":"https:\/\/www.pmpf.rs.gov.br\/secretaria-de-saude\/passofundosorri\/#primaryimage","url":"https:\/\/www.pmpf.rs.gov.br\/secretaria-de-saude\/wp-content\/uploads\/sites\/50\/2025\/10\/logo-passo-fundo-sorri.png","contentUrl":"https:\/\/www.pmpf.rs.gov.br\/secretaria-de-saude\/wp-content\/uploads\/sites\/50\/2025\/10\/logo-passo-fundo-sorri.png","width":280,"height":186},{"@type":"BreadcrumbList","@id":"https:\/\/www.pmpf.rs.gov.br\/secretaria-de-saude\/passofundosorri\/#breadcrumb","itemListElement":[{"@type":"ListItem","position":1,"name":"In\u00edcio","item":"https:\/\/www.pmpf.rs.gov.br\/secretaria-de-saude\/"},{"@type":"ListItem","position":2,"name":"Passo Fundo Sorri"}]},{"@type":"WebSite","@id":"https:\/\/www.pmpf.rs.gov.br\/secretaria-de-saude\/#website","url":"https:\/\/www.pmpf.rs.gov.br\/secretaria-de-saude\/","name":"Secretaria de Sa\u00fade","description":"S\u00f3 mais um site Prefeitura de Passo Fundo","potentialAction":[{"@type":"SearchAction","target":{"@type":"EntryPoint","urlTemplate":"https:\/\/www.pmpf.rs.gov.br\/secretaria-de-saude\/?s={search_term_string}"},"query-input":{"@type":"PropertyValueSpecification","valueRequired":true,"valueName":"search_term_string"}}],"inLanguage":"pt-BR"}]}},"_links":{"self":[{"href":"https:\/\/www.pmpf.rs.gov.br\/secretaria-de-saude\/wp-json\/wp\/v2\/pages\/4671"}],"collection":[{"href":"https:\/\/www.pmpf.rs.gov.br\/secretaria-de-saude\/wp-json\/wp\/v2\/pages"}],"about":[{"href":"https:\/\/www.pmpf.rs.gov.br\/secretaria-de-saude\/wp-json\/wp\/v2\/types\/page"}],"author":[{"embeddable":true,"href":"https:\/\/www.pmpf.rs.gov.br\/secretaria-de-saude\/wp-json\/wp\/v2\/users\/4"}],"replies":[{"embeddable":true,"href":"https:\/\/www.pmpf.rs.gov.br\/secretaria-de-saude\/wp-json\/wp\/v2\/comments?post=4671"}],"version-history":[{"count":4,"href":"https:\/\/www.pmpf.rs.gov.br\/secretaria-de-saude\/wp-json\/wp\/v2\/pages\/4671\/revisions"}],"predecessor-version":[{"id":4676,"href":"https:\/\/www.pmpf.rs.gov.br\/secretaria-de-saude\/wp-json\/wp\/v2\/pages\/4671\/revisions\/4676"}],"wp:attachment":[{"href":"https:\/\/www.pmpf.rs.gov.br\/secretaria-de-saude\/wp-json\/wp\/v2\/media?parent=4671"}],"curies":[{"name":"wp","href":"https:\/\/api.w.org\/{rel}","templated":true}]}}