{"id":4659,"date":"2025-10-13T09:17:08","date_gmt":"2025-10-13T12:17:08","guid":{"rendered":"https:\/\/www.pmpf.rs.gov.br\/secretaria-de-saude\/?page_id=4659"},"modified":"2025-10-13T09:32:06","modified_gmt":"2025-10-13T12:32:06","slug":"olhardecrianca","status":"publish","type":"page","link":"https:\/\/www.pmpf.rs.gov.br\/secretaria-de-saude\/olhardecrianca\/","title":{"rendered":"Olhar de Crian\u00e7a"},"content":{"rendered":"\n<figure class=\"wp-block-image size-large\"><img decoding=\"async\" src=\"https:\/\/www.pmpf.rs.gov.br\/secretaria-de-saude\/wp-content\/uploads\/sites\/50\/2021\/12\/I2014-08-19_11_06_21_164470.jpg\" alt=\"\"\/><\/figure>\n\n\n\n<p>A Prefeitura de Passo Fundo, atrav\u00e9s da Secretaria de Sa\u00fade, realiza desde 2014, o programa Olhar de Crian\u00e7a, com o objetivo de prevenir poss\u00edveis problemas de vis\u00e3o e possibilitar um melhor aprendizado para as crian\u00e7as.<\/p>\n\n\n\n<p>A iniciativa atende crian\u00e7as a partir dos 3 anos, matriculadas nas escolas da rede municipal de Educa\u00e7\u00e3o Infantil do munic\u00edpio e demais estudantes at\u00e9 o terceiro ano do Ensino Fundamental.<\/p>\n\n\n\n<p>O programa Olhar de Crian\u00e7a proporciona, de maneira gratuita, atendimento oftalmol\u00f3gico aos alunos que, de alguma forma, necessitam de um acompanhamento especializado. Inicialmente, \u00e9 aplicado um teste de acuidade visual nas crian\u00e7as, nas pr\u00f3prias escolas; as que tiverem algum problema detectado j\u00e1 s\u00e3o encaminhadas para uma consulta no Hospital de Olhos; caso seja indicada a necessidade de uso, elas recebem os \u00f3culos sem custos para as fam\u00edlias.<\/p>\n\n\n\n<hr class=\"wp-block-separator has-alpha-channel-opacity\"\/>\n","protected":false},"excerpt":{"rendered":"<p>A Prefeitura de Passo Fundo, atrav\u00e9s da Secretaria de Sa\u00fade, realiza desde 2014, o programa Olhar de Crian\u00e7a, com o objetivo de prevenir poss\u00edveis problemas de vis\u00e3o e possibilitar um melhor aprendizado [&hellip;]<\/p>\n","protected":false},"author":4,"featured_media":0,"parent":0,"menu_order":0,"comment_status":"closed","ping_status":"closed","template":"","meta":{"footnotes":""},"class_list":["post-4659","page","type-page","status-publish","hentry"],"yoast_head":"<!-- This site is optimized with the Yoast SEO plugin v23.8 - https:\/\/yoast.com\/wordpress\/plugins\/seo\/ -->\n<title>Olhar de Crian\u00e7a - Secretaria de Sa\u00fade<\/title>\n<meta name=\"robots\" content=\"index, follow, max-snippet:-1, max-image-preview:large, max-video-preview:-1\" \/>\n<link rel=\"canonical\" href=\"https:\/\/www.pmpf.rs.gov.br\/secretaria-de-saude\/olhardecrianca\/\" \/>\n<meta property=\"og:locale\" content=\"pt_BR\" \/>\n<meta property=\"og:type\" content=\"article\" \/>\n<meta property=\"og:title\" content=\"Olhar de Crian\u00e7a - Secretaria de Sa\u00fade\" \/>\n<meta property=\"og:description\" content=\"A Prefeitura de Passo Fundo, atrav\u00e9s da Secretaria de Sa\u00fade, realiza desde 2014, o programa Olhar de Crian\u00e7a, com o objetivo de prevenir poss\u00edveis problemas de vis\u00e3o e possibilitar um melhor aprendizado [&hellip;]\" \/>\n<meta property=\"og:url\" content=\"https:\/\/www.pmpf.rs.gov.br\/secretaria-de-saude\/olhardecrianca\/\" \/>\n<meta property=\"og:site_name\" content=\"Secretaria de Sa\u00fade\" \/>\n<meta property=\"article:modified_time\" content=\"2025-10-13T12:32:06+00:00\" \/>\n<meta property=\"og:image\" content=\"https:\/\/www.pmpf.rs.gov.br\/secretaria-de-saude\/wp-content\/uploads\/sites\/50\/2021\/12\/I2014-08-19_11_06_21_164470.jpg\" \/>\n<meta name=\"twitter:card\" content=\"summary_large_image\" \/>\n<meta name=\"twitter:label1\" content=\"Est. tempo de leitura\" \/>\n\t<meta name=\"twitter:data1\" content=\"1 minuto\" \/>\n<script type=\"application\/ld+json\" class=\"yoast-schema-graph\">{\"@context\":\"https:\/\/schema.org\",\"@graph\":[{\"@type\":\"WebPage\",\"@id\":\"https:\/\/www.pmpf.rs.gov.br\/secretaria-de-saude\/olhardecrianca\/\",\"url\":\"https:\/\/www.pmpf.rs.gov.br\/secretaria-de-saude\/olhardecrianca\/\",\"name\":\"Olhar de Crian\u00e7a - Secretaria de Sa\u00fade\",\"isPartOf\":{\"@id\":\"https:\/\/www.pmpf.rs.gov.br\/secretaria-de-saude\/#website\"},\"primaryImageOfPage\":{\"@id\":\"https:\/\/www.pmpf.rs.gov.br\/secretaria-de-saude\/olhardecrianca\/#primaryimage\"},\"image\":{\"@id\":\"https:\/\/www.pmpf.rs.gov.br\/secretaria-de-saude\/olhardecrianca\/#primaryimage\"},\"thumbnailUrl\":\"https:\/\/www.pmpf.rs.gov.br\/secretaria-de-saude\/wp-content\/uploads\/sites\/50\/2021\/12\/I2014-08-19_11_06_21_164470.jpg\",\"datePublished\":\"2025-10-13T12:17:08+00:00\",\"dateModified\":\"2025-10-13T12:32:06+00:00\",\"breadcrumb\":{\"@id\":\"https:\/\/www.pmpf.rs.gov.br\/secretaria-de-saude\/olhardecrianca\/#breadcrumb\"},\"inLanguage\":\"pt-BR\",\"potentialAction\":[{\"@type\":\"ReadAction\",\"target\":[\"https:\/\/www.pmpf.rs.gov.br\/secretaria-de-saude\/olhardecrianca\/\"]}]},{\"@type\":\"ImageObject\",\"inLanguage\":\"pt-BR\",\"@id\":\"https:\/\/www.pmpf.rs.gov.br\/secretaria-de-saude\/olhardecrianca\/#primaryimage\",\"url\":\"https:\/\/www.pmpf.rs.gov.br\/secretaria-de-saude\/wp-content\/uploads\/sites\/50\/2021\/12\/I2014-08-19_11_06_21_164470.jpg\",\"contentUrl\":\"https:\/\/www.pmpf.rs.gov.br\/secretaria-de-saude\/wp-content\/uploads\/sites\/50\/2021\/12\/I2014-08-19_11_06_21_164470.jpg\",\"width\":280,\"height\":186},{\"@type\":\"BreadcrumbList\",\"@id\":\"https:\/\/www.pmpf.rs.gov.br\/secretaria-de-saude\/olhardecrianca\/#breadcrumb\",\"itemListElement\":[{\"@type\":\"ListItem\",\"position\":1,\"name\":\"In\u00edcio\",\"item\":\"https:\/\/www.pmpf.rs.gov.br\/secretaria-de-saude\/\"},{\"@type\":\"ListItem\",\"position\":2,\"name\":\"Olhar de Crian\u00e7a\"}]},{\"@type\":\"WebSite\",\"@id\":\"https:\/\/www.pmpf.rs.gov.br\/secretaria-de-saude\/#website\",\"url\":\"https:\/\/www.pmpf.rs.gov.br\/secretaria-de-saude\/\",\"name\":\"Secretaria de Sa\u00fade\",\"description\":\"S\u00f3 mais um site Prefeitura de Passo Fundo\",\"potentialAction\":[{\"@type\":\"SearchAction\",\"target\":{\"@type\":\"EntryPoint\",\"urlTemplate\":\"https:\/\/www.pmpf.rs.gov.br\/secretaria-de-saude\/?s={search_term_string}\"},\"query-input\":{\"@type\":\"PropertyValueSpecification\",\"valueRequired\":true,\"valueName\":\"search_term_string\"}}],\"inLanguage\":\"pt-BR\"}]}<\/script>\n<!-- \/ Yoast SEO plugin. -->","yoast_head_json":{"title":"Olhar de Crian\u00e7a - Secretaria de Sa\u00fade","robots":{"index":"index","follow":"follow","max-snippet":"max-snippet:-1","max-image-preview":"max-image-preview:large","max-video-preview":"max-video-preview:-1"},"canonical":"https:\/\/www.pmpf.rs.gov.br\/secretaria-de-saude\/olhardecrianca\/","og_locale":"pt_BR","og_type":"article","og_title":"Olhar de Crian\u00e7a - Secretaria de Sa\u00fade","og_description":"A Prefeitura de Passo Fundo, atrav\u00e9s da Secretaria de Sa\u00fade, realiza desde 2014, o programa Olhar de Crian\u00e7a, com o objetivo de prevenir poss\u00edveis problemas de vis\u00e3o e possibilitar um melhor aprendizado [&hellip;]","og_url":"https:\/\/www.pmpf.rs.gov.br\/secretaria-de-saude\/olhardecrianca\/","og_site_name":"Secretaria de Sa\u00fade","article_modified_time":"2025-10-13T12:32:06+00:00","og_image":[{"url":"https:\/\/www.pmpf.rs.gov.br\/secretaria-de-saude\/wp-content\/uploads\/sites\/50\/2021\/12\/I2014-08-19_11_06_21_164470.jpg"}],"twitter_card":"summary_large_image","twitter_misc":{"Est. tempo de leitura":"1 minuto"},"schema":{"@context":"https:\/\/schema.org","@graph":[{"@type":"WebPage","@id":"https:\/\/www.pmpf.rs.gov.br\/secretaria-de-saude\/olhardecrianca\/","url":"https:\/\/www.pmpf.rs.gov.br\/secretaria-de-saude\/olhardecrianca\/","name":"Olhar de Crian\u00e7a - Secretaria de Sa\u00fade","isPartOf":{"@id":"https:\/\/www.pmpf.rs.gov.br\/secretaria-de-saude\/#website"},"primaryImageOfPage":{"@id":"https:\/\/www.pmpf.rs.gov.br\/secretaria-de-saude\/olhardecrianca\/#primaryimage"},"image":{"@id":"https:\/\/www.pmpf.rs.gov.br\/secretaria-de-saude\/olhardecrianca\/#primaryimage"},"thumbnailUrl":"https:\/\/www.pmpf.rs.gov.br\/secretaria-de-saude\/wp-content\/uploads\/sites\/50\/2021\/12\/I2014-08-19_11_06_21_164470.jpg","datePublished":"2025-10-13T12:17:08+00:00","dateModified":"2025-10-13T12:32:06+00:00","breadcrumb":{"@id":"https:\/\/www.pmpf.rs.gov.br\/secretaria-de-saude\/olhardecrianca\/#breadcrumb"},"inLanguage":"pt-BR","potentialAction":[{"@type":"ReadAction","target":["https:\/\/www.pmpf.rs.gov.br\/secretaria-de-saude\/olhardecrianca\/"]}]},{"@type":"ImageObject","inLanguage":"pt-BR","@id":"https:\/\/www.pmpf.rs.gov.br\/secretaria-de-saude\/olhardecrianca\/#primaryimage","url":"https:\/\/www.pmpf.rs.gov.br\/secretaria-de-saude\/wp-content\/uploads\/sites\/50\/2021\/12\/I2014-08-19_11_06_21_164470.jpg","contentUrl":"https:\/\/www.pmpf.rs.gov.br\/secretaria-de-saude\/wp-content\/uploads\/sites\/50\/2021\/12\/I2014-08-19_11_06_21_164470.jpg","width":280,"height":186},{"@type":"BreadcrumbList","@id":"https:\/\/www.pmpf.rs.gov.br\/secretaria-de-saude\/olhardecrianca\/#breadcrumb","itemListElement":[{"@type":"ListItem","position":1,"name":"In\u00edcio","item":"https:\/\/www.pmpf.rs.gov.br\/secretaria-de-saude\/"},{"@type":"ListItem","position":2,"name":"Olhar de Crian\u00e7a"}]},{"@type":"WebSite","@id":"https:\/\/www.pmpf.rs.gov.br\/secretaria-de-saude\/#website","url":"https:\/\/www.pmpf.rs.gov.br\/secretaria-de-saude\/","name":"Secretaria de Sa\u00fade","description":"S\u00f3 mais um site Prefeitura de Passo Fundo","potentialAction":[{"@type":"SearchAction","target":{"@type":"EntryPoint","urlTemplate":"https:\/\/www.pmpf.rs.gov.br\/secretaria-de-saude\/?s={search_term_string}"},"query-input":{"@type":"PropertyValueSpecification","valueRequired":true,"valueName":"search_term_string"}}],"inLanguage":"pt-BR"}]}},"_links":{"self":[{"href":"https:\/\/www.pmpf.rs.gov.br\/secretaria-de-saude\/wp-json\/wp\/v2\/pages\/4659"}],"collection":[{"href":"https:\/\/www.pmpf.rs.gov.br\/secretaria-de-saude\/wp-json\/wp\/v2\/pages"}],"about":[{"href":"https:\/\/www.pmpf.rs.gov.br\/secretaria-de-saude\/wp-json\/wp\/v2\/types\/page"}],"author":[{"embeddable":true,"href":"https:\/\/www.pmpf.rs.gov.br\/secretaria-de-saude\/wp-json\/wp\/v2\/users\/4"}],"replies":[{"embeddable":true,"href":"https:\/\/www.pmpf.rs.gov.br\/secretaria-de-saude\/wp-json\/wp\/v2\/comments?post=4659"}],"version-history":[{"count":8,"href":"https:\/\/www.pmpf.rs.gov.br\/secretaria-de-saude\/wp-json\/wp\/v2\/pages\/4659\/revisions"}],"predecessor-version":[{"id":4668,"href":"https:\/\/www.pmpf.rs.gov.br\/secretaria-de-saude\/wp-json\/wp\/v2\/pages\/4659\/revisions\/4668"}],"wp:attachment":[{"href":"https:\/\/www.pmpf.rs.gov.br\/secretaria-de-saude\/wp-json\/wp\/v2\/media?parent=4659"}],"curies":[{"name":"wp","href":"https:\/\/api.w.org\/{rel}","templated":true}]}}