{"id":3787,"date":"2024-02-06T15:20:20","date_gmt":"2024-02-06T18:20:20","guid":{"rendered":"https:\/\/www.pmpf.rs.gov.br\/secretaria-de-saude\/?page_id=3787"},"modified":"2026-05-05T16:13:56","modified_gmt":"2026-05-05T19:13:56","slug":"boletimdengue","status":"publish","type":"page","link":"https:\/\/www.pmpf.rs.gov.br\/secretaria-de-saude\/boletimdengue\/","title":{"rendered":"Boletim Dengue"},"content":{"rendered":"\n<p class=\"has-medium-font-size\">Acompanhe aqui os dados relacionados ao cen\u00e1rio da dengue em Passo Fundo.<\/p>\n\n\n\n<p class=\"has-medium-font-size\"><strong>Notifica\u00e7\u00f5es:<\/strong> 416<\/p>\n\n\n\n<p class=\"has-medium-font-size\"><strong>Casos Descartados:<\/strong> 306<\/p>\n\n\n\n<p class=\"has-medium-font-size\"><strong>Casos em Investiga\u00e7\u00e3o:<\/strong> 104<\/p>\n\n\n\n<p class=\"has-medium-font-size\"><strong>Casos Confirmados:<\/strong> 5<\/p>\n\n\n\n<p class=\"has-medium-font-size\"><strong>Casos Aut\u00f3ctones: <\/strong>3<\/p>\n\n\n\n<p class=\"has-medium-font-size\"><strong>\u00d3bitos:<\/strong> 00<\/p>\n\n\n\n<p><strong>Hospitalizados*:<\/strong><\/p>\n\n\n\n<figure class=\"wp-block-table\"><table><tbody><tr><td><\/td><td>Moradores de Passo Fundo<\/td><td>Moradores de Outros Munic\u00edpios<\/td><\/tr><tr><td>Leitos Cl\u00ednicos<\/td><td>00<\/td><td>00<\/td><\/tr><tr><td>UTI<\/td><td>00<\/td><td>00<\/td><\/tr><\/tbody><\/table><figcaption class=\"wp-element-caption\">Atualizado em: 05\/05\/2026<\/figcaption><\/figure>\n\n\n\n<div style=\"height:10px\" aria-hidden=\"true\" class=\"wp-block-spacer\"><\/div>\n\n\n\n<p>*Casos confirmado<\/p>\n\n\n\n<p><a href=\"https:\/\/www.pmpf.rs.gov.br\/secretaria-de-saude\/downloads\/boletim-dengue\/\" target=\"_blank\" rel=\"noreferrer noopener\">Ver todos os boletins.<\/a><\/p>\n\n\n\n<hr class=\"wp-block-separator has-alpha-channel-opacity\"\/>\n","protected":false},"excerpt":{"rendered":"<p>Acompanhe aqui os dados relacionados ao cen\u00e1rio da dengue em Passo Fundo. Notifica\u00e7\u00f5es: 416 Casos Descartados: 306 Casos em Investiga\u00e7\u00e3o: 104 Casos Confirmados: 5 Casos Aut\u00f3ctones: 3 \u00d3bitos: 00 Hospitalizados*: Moradores de [&hellip;]<\/p>\n","protected":false},"author":4,"featured_media":0,"parent":0,"menu_order":0,"comment_status":"closed","ping_status":"closed","template":"","meta":{"footnotes":""},"class_list":["post-3787","page","type-page","status-publish","hentry"],"yoast_head":"<!-- This site is optimized with the Yoast SEO plugin v23.8 - https:\/\/yoast.com\/wordpress\/plugins\/seo\/ -->\n<title>Boletim Dengue - Secretaria de Sa\u00fade<\/title>\n<meta name=\"robots\" content=\"index, follow, max-snippet:-1, max-image-preview:large, max-video-preview:-1\" \/>\n<link rel=\"canonical\" href=\"https:\/\/www.pmpf.rs.gov.br\/secretaria-de-saude\/boletimdengue\/\" \/>\n<meta property=\"og:locale\" content=\"pt_BR\" \/>\n<meta property=\"og:type\" content=\"article\" \/>\n<meta property=\"og:title\" content=\"Boletim Dengue - Secretaria de Sa\u00fade\" \/>\n<meta property=\"og:description\" content=\"Acompanhe aqui os dados relacionados ao cen\u00e1rio da dengue em Passo Fundo. Notifica\u00e7\u00f5es: 416 Casos Descartados: 306 Casos em Investiga\u00e7\u00e3o: 104 Casos Confirmados: 5 Casos Aut\u00f3ctones: 3 \u00d3bitos: 00 Hospitalizados*: Moradores de [&hellip;]\" \/>\n<meta property=\"og:url\" content=\"https:\/\/www.pmpf.rs.gov.br\/secretaria-de-saude\/boletimdengue\/\" \/>\n<meta property=\"og:site_name\" content=\"Secretaria de Sa\u00fade\" \/>\n<meta property=\"article:modified_time\" content=\"2026-05-05T19:13:56+00:00\" \/>\n<meta name=\"twitter:card\" content=\"summary_large_image\" \/>\n<script type=\"application\/ld+json\" class=\"yoast-schema-graph\">{\"@context\":\"https:\/\/schema.org\",\"@graph\":[{\"@type\":\"WebPage\",\"@id\":\"https:\/\/www.pmpf.rs.gov.br\/secretaria-de-saude\/boletimdengue\/\",\"url\":\"https:\/\/www.pmpf.rs.gov.br\/secretaria-de-saude\/boletimdengue\/\",\"name\":\"Boletim Dengue - Secretaria de Sa\u00fade\",\"isPartOf\":{\"@id\":\"https:\/\/www.pmpf.rs.gov.br\/secretaria-de-saude\/#website\"},\"datePublished\":\"2024-02-06T18:20:20+00:00\",\"dateModified\":\"2026-05-05T19:13:56+00:00\",\"breadcrumb\":{\"@id\":\"https:\/\/www.pmpf.rs.gov.br\/secretaria-de-saude\/boletimdengue\/#breadcrumb\"},\"inLanguage\":\"pt-BR\",\"potentialAction\":[{\"@type\":\"ReadAction\",\"target\":[\"https:\/\/www.pmpf.rs.gov.br\/secretaria-de-saude\/boletimdengue\/\"]}]},{\"@type\":\"BreadcrumbList\",\"@id\":\"https:\/\/www.pmpf.rs.gov.br\/secretaria-de-saude\/boletimdengue\/#breadcrumb\",\"itemListElement\":[{\"@type\":\"ListItem\",\"position\":1,\"name\":\"In\u00edcio\",\"item\":\"https:\/\/www.pmpf.rs.gov.br\/secretaria-de-saude\/\"},{\"@type\":\"ListItem\",\"position\":2,\"name\":\"Boletim Dengue\"}]},{\"@type\":\"WebSite\",\"@id\":\"https:\/\/www.pmpf.rs.gov.br\/secretaria-de-saude\/#website\",\"url\":\"https:\/\/www.pmpf.rs.gov.br\/secretaria-de-saude\/\",\"name\":\"Secretaria de Sa\u00fade\",\"description\":\"S\u00f3 mais um site Prefeitura de Passo Fundo\",\"potentialAction\":[{\"@type\":\"SearchAction\",\"target\":{\"@type\":\"EntryPoint\",\"urlTemplate\":\"https:\/\/www.pmpf.rs.gov.br\/secretaria-de-saude\/?s={search_term_string}\"},\"query-input\":{\"@type\":\"PropertyValueSpecification\",\"valueRequired\":true,\"valueName\":\"search_term_string\"}}],\"inLanguage\":\"pt-BR\"}]}<\/script>\n<!-- \/ Yoast SEO plugin. -->","yoast_head_json":{"title":"Boletim Dengue - Secretaria de Sa\u00fade","robots":{"index":"index","follow":"follow","max-snippet":"max-snippet:-1","max-image-preview":"max-image-preview:large","max-video-preview":"max-video-preview:-1"},"canonical":"https:\/\/www.pmpf.rs.gov.br\/secretaria-de-saude\/boletimdengue\/","og_locale":"pt_BR","og_type":"article","og_title":"Boletim Dengue - Secretaria de Sa\u00fade","og_description":"Acompanhe aqui os dados relacionados ao cen\u00e1rio da dengue em Passo Fundo. Notifica\u00e7\u00f5es: 416 Casos Descartados: 306 Casos em Investiga\u00e7\u00e3o: 104 Casos Confirmados: 5 Casos Aut\u00f3ctones: 3 \u00d3bitos: 00 Hospitalizados*: Moradores de [&hellip;]","og_url":"https:\/\/www.pmpf.rs.gov.br\/secretaria-de-saude\/boletimdengue\/","og_site_name":"Secretaria de Sa\u00fade","article_modified_time":"2026-05-05T19:13:56+00:00","twitter_card":"summary_large_image","schema":{"@context":"https:\/\/schema.org","@graph":[{"@type":"WebPage","@id":"https:\/\/www.pmpf.rs.gov.br\/secretaria-de-saude\/boletimdengue\/","url":"https:\/\/www.pmpf.rs.gov.br\/secretaria-de-saude\/boletimdengue\/","name":"Boletim Dengue - Secretaria de Sa\u00fade","isPartOf":{"@id":"https:\/\/www.pmpf.rs.gov.br\/secretaria-de-saude\/#website"},"datePublished":"2024-02-06T18:20:20+00:00","dateModified":"2026-05-05T19:13:56+00:00","breadcrumb":{"@id":"https:\/\/www.pmpf.rs.gov.br\/secretaria-de-saude\/boletimdengue\/#breadcrumb"},"inLanguage":"pt-BR","potentialAction":[{"@type":"ReadAction","target":["https:\/\/www.pmpf.rs.gov.br\/secretaria-de-saude\/boletimdengue\/"]}]},{"@type":"BreadcrumbList","@id":"https:\/\/www.pmpf.rs.gov.br\/secretaria-de-saude\/boletimdengue\/#breadcrumb","itemListElement":[{"@type":"ListItem","position":1,"name":"In\u00edcio","item":"https:\/\/www.pmpf.rs.gov.br\/secretaria-de-saude\/"},{"@type":"ListItem","position":2,"name":"Boletim Dengue"}]},{"@type":"WebSite","@id":"https:\/\/www.pmpf.rs.gov.br\/secretaria-de-saude\/#website","url":"https:\/\/www.pmpf.rs.gov.br\/secretaria-de-saude\/","name":"Secretaria de Sa\u00fade","description":"S\u00f3 mais um site Prefeitura de Passo Fundo","potentialAction":[{"@type":"SearchAction","target":{"@type":"EntryPoint","urlTemplate":"https:\/\/www.pmpf.rs.gov.br\/secretaria-de-saude\/?s={search_term_string}"},"query-input":{"@type":"PropertyValueSpecification","valueRequired":true,"valueName":"search_term_string"}}],"inLanguage":"pt-BR"}]}},"_links":{"self":[{"href":"https:\/\/www.pmpf.rs.gov.br\/secretaria-de-saude\/wp-json\/wp\/v2\/pages\/3787"}],"collection":[{"href":"https:\/\/www.pmpf.rs.gov.br\/secretaria-de-saude\/wp-json\/wp\/v2\/pages"}],"about":[{"href":"https:\/\/www.pmpf.rs.gov.br\/secretaria-de-saude\/wp-json\/wp\/v2\/types\/page"}],"author":[{"embeddable":true,"href":"https:\/\/www.pmpf.rs.gov.br\/secretaria-de-saude\/wp-json\/wp\/v2\/users\/4"}],"replies":[{"embeddable":true,"href":"https:\/\/www.pmpf.rs.gov.br\/secretaria-de-saude\/wp-json\/wp\/v2\/comments?post=3787"}],"version-history":[{"count":150,"href":"https:\/\/www.pmpf.rs.gov.br\/secretaria-de-saude\/wp-json\/wp\/v2\/pages\/3787\/revisions"}],"predecessor-version":[{"id":5037,"href":"https:\/\/www.pmpf.rs.gov.br\/secretaria-de-saude\/wp-json\/wp\/v2\/pages\/3787\/revisions\/5037"}],"wp:attachment":[{"href":"https:\/\/www.pmpf.rs.gov.br\/secretaria-de-saude\/wp-json\/wp\/v2\/media?parent=3787"}],"curies":[{"name":"wp","href":"https:\/\/api.w.org\/{rel}","templated":true}]}}