{"id":2765,"date":"2022-03-11T15:36:01","date_gmt":"2022-03-11T18:36:01","guid":{"rendered":"https:\/\/www.pmpf.rs.gov.br\/secretaria-de-saude\/?page_id=2765"},"modified":"2024-04-08T16:00:11","modified_gmt":"2024-04-08T19:00:11","slug":"sae","status":"publish","type":"page","link":"https:\/\/www.pmpf.rs.gov.br\/secretaria-de-saude\/sae\/","title":{"rendered":"3.1 SAE &#8211; Servi\u00e7o de Atendimento Especializado"},"content":{"rendered":"\n<p>O SAE \u00e9 o servi\u00e7o da Secretaria de Sa\u00fade de Passo Fundo respons\u00e1vel pela gest\u00e3o e atendimento de pacientes com condi\u00e7\u00f5es relacionadas a doen\u00e7as transmiss\u00edveis, principalmente Infec\u00e7\u00f5es Sexualmente Transmiss\u00edveis (IST\/HIV\/Aids e hepatites virais), tuberculose e hansen\u00edase.&nbsp;<\/p>\n\n\n\n<p>Junto ao SAE est\u00e3o integrados: o Programa Municipal de HIV\/Aids, Hepatites Virais e o Programa Municipal de Tuberculose e Hansen\u00edase.<\/p>\n\n\n\n<p><strong>Contato<\/strong><\/p>\n\n\n\n<p>Telefone: (54) 3327 2362, (54) 3311 7236 e Farm\u00e1cia (54) 3313 8766<\/p>\n\n\n\n<p>Endere\u00e7o: R. Silva Jardim, 714 \u2013 Centro.&nbsp;<\/p>\n\n\n\n<p>E-mail: sae@pmpf.rs.gov.br<\/p>\n\n\n\n<p><strong>Quais servi\u00e7os oferecemos?<\/strong><\/p>\n\n\n\n<ul class=\"wp-block-list\">\n<li>Atendimento cl\u00ednico multiprofissional e distribui\u00e7\u00e3o de medicamentos para pacientes com HIV, hepatites virais, s\u00edfilis, tuberculose e hansen\u00edase;<\/li>\n\n\n\n<li>Testagem r\u00e1pida para HIV, s\u00edfilis e hepatites B e C, bem como coleta e resultados de exames espec\u00edficos como: Carga Viral para HIV, CD4, PCR de hepatite B e C, TRM e LF-LAM para tuberculose, biologia molecular para Clam\u00eddia e Gonococo<\/li>\n\n\n\n<li>Fornecimento de Profilaxia Pr\u00e9-Exposi\u00e7\u00e3o (PrEP) e Profilaxia P\u00f3s-Exposi\u00e7\u00e3o (PEP) ao HIV;<\/li>\n\n\n\n<li>Fornecimento de f\u00f3rmula l\u00e1ctea para todas as crian\u00e7as nascidas de m\u00e3es HIV ou HTLV reagentes.<\/li>\n\n\n\n<li>Realiza\u00e7\u00e3o de prova tubercul\u00ednica (PPD\/Teste de Mantoux);<\/li>\n\n\n\n<li>Distribui\u00e7\u00e3o de insumos de preven\u00e7\u00e3o: preservativos masculino e feminino, gel lubrificante e auto-teste para o HIV;<\/li>\n\n\n\n<li>Aspectos administrativos relacionados \u00e0s tais atribui\u00e7\u00f5es, tais como:\n<ul class=\"wp-block-list\">\n<li>Distribui\u00e7\u00e3o de medicamentos para toda a regional Planalto da\u00a0 6\u00aa CRS;<\/li>\n\n\n\n<li>Distribui\u00e7\u00e3o de testes r\u00e1pidos, preservativos e materiais informativos para as Unidades de Sa\u00fade de Passo Fundo;<\/li>\n\n\n\n<li>Log\u00edstica dos testes r\u00e1pidos de HIV, s\u00edfilis e hepatite B e C para todas as unidades de sa\u00fade, bem como maternidades do munic\u00edpio.<\/li>\n<\/ul>\n<\/li>\n<\/ul>\n\n\n\n<p><strong>INFORMA\u00c7\u00d5ES PARA A POPULA\u00c7\u00c3O:<\/strong><\/p>\n\n\n\n<p><strong>Tive rela\u00e7\u00e3o sexual desprotegida. O que eu fa\u00e7o?<\/strong><\/p>\n\n\n\n<p>Inicialmente, procure atendimento em qualquer uma das Unidades de Sa\u00fade de Passo Fundo (CAIS, ESF, UBS e ambulat\u00f3rios) ou no SAE para que seja realizado o primeiro atendimento. Vai ser encaminhado para atendimento cl\u00ednico com enfermeiro ou m\u00e9dico, onde ser\u00e1 realizado aconselhamento para o caso particular de cada pessoa e, se necess\u00e1rio, realizados testes r\u00e1pidos de detec\u00e7\u00e3o de infec\u00e7\u00f5es sexualmente transmiss\u00edveis e prescri\u00e7\u00e3o de Profilaxia P\u00f3s-Exposi\u00e7\u00e3o (PEP).<\/p>\n\n\n\n<p><strong>O que posso fazer para me proteger do HIV?<\/strong><\/p>\n\n\n\n<p>A medida mais importante \u00e9 o uso de preservativo em todas as rela\u00e7\u00f5es sexuais. Tal medida previne n\u00e3o s\u00f3 o HIV, mas outras doen\u00e7as sexualmente transmiss\u00edveis como a s\u00edfilis, a gonorreia, a clam\u00eddia, a tricomon\u00edase e as hepatites B e C, al\u00e9m de evitar gravidez indesejada. S\u00e3o disponibilizados gratuitamente preservativos e gel lubrificante em todas as unidades de sa\u00fade de Passo Fundo. Por\u00e9m, caso haja descuido do uso do preservativo, \u00e9 importante procurar um servi\u00e7o de sa\u00fade para testagem e orienta\u00e7\u00f5es (de prefer\u00eancia em, no m\u00e1ximo, 72 horas da exposi\u00e7\u00e3o). Al\u00e9m disso, h\u00e1 outras formas de prote\u00e7\u00e3o, como a PEP e a PrEP. Se voc\u00ea conhece algu\u00e9m com HIV, saiba que, se a pessoa est\u00e1 fazendo o tratamento regular e est\u00e1 com carga viral indetect\u00e1vel, a pessoa <strong>N\u00c3O<\/strong> transmite o HIV, podendo ter uma vida plenamente normal.<\/p>\n\n\n\n<p><strong>O que s\u00e3o os testes r\u00e1pidos?<\/strong><\/p>\n\n\n\n<p>Todas as unidades de sa\u00fade da cidade de Passo Fundo est\u00e3o equipadas para realiza\u00e7\u00e3o de testes r\u00e1pidos. \u00c9 um exame de triagem onde \u00e9 retirado uma gota de sangue da ponta do dedo, tal como um teste de glicemia no diabetes, tendo resultados em, no m\u00e1ximo, 30 minutos. O teste r\u00e1pido \u00e9 feito de maneira totalmente sigilosa para detec\u00e7\u00e3o e triagem de HIV, s\u00edfilis, hepatites B e C, sem a necessidade de consulta m\u00e9dica. Tais doen\u00e7as ainda est\u00e3o bastante disseminadas pela popula\u00e7\u00e3o, sendo importante a preven\u00e7\u00e3o por uso de preservativos. Por\u00e9m, se houver o descuido, as Unidades de Sa\u00fade est\u00e3o preparadas para o cuidado da popula\u00e7\u00e3o da cidade.<\/p>\n\n\n\n<p><strong>O que \u00e9 PEP e PrEP?&nbsp;<\/strong><\/p>\n\n\n\n<p>A PEP (Profilaxia P\u00f3s-Exposi\u00e7\u00e3o) \u00e9 uma medida de preven\u00e7\u00e3o que consiste em prevenir a infec\u00e7\u00e3o pelo HIV, atrav\u00e9s da tomada de medicamento contra HIV, ap\u00f3s uma prov\u00e1vel exposi\u00e7\u00e3o ao v\u00edrus. \u00a0A PEP pode ser usada para pacientes que se acidentam com agulhas ou materiais cortantes, para casos de viol\u00eancia sexual e para rela\u00e7\u00f5es sexuais sem preservativo com paciente HIV positivo ou com pessoa com sorologia desconhecida. <strong>A PEP, SE HOUVER INDICA\u00c7\u00c3O, \u00c9 UMA URG\u00caNCIA! CADA HORA DE ATRASO PARA INICIAR A PEP PODE SER A DIFEREN\u00c7A ENTRE SE INFECTAR COM O HIV OU N\u00c3O.<\/strong><\/p>\n\n\n\n<p>A PrEP consiste no uso de medicamentos para HIV, diariamente ou sob demanda, por pacientes que n\u00e3o est\u00e3o infectados pelo v\u00edrus, para reduzir o risco de contamina\u00e7\u00e3o. Tal medicamento est\u00e1 indicado para alguns grupos de pessoas, como profissionais do sexo, pessoas que t\u00eam pr\u00e1ticas sexuais repetidas sem uso de preservativo, mulheres HIV-negativas que t\u00eam parceiros soropositivos e querem engravidar, entre outros grupos, conforme avalia\u00e7\u00e3o (se voc\u00ea acha que pode se beneficiar do uso, consulte uma Unidade de Sa\u00fade para avalia\u00e7\u00e3o &#8211; CAIS, ESF, UBS ou ambulat\u00f3rios). O risco de infec\u00e7\u00e3o, com uso regular da medica\u00e7\u00e3o, diminui at\u00e9 mais de 90%.<\/p>\n\n\n\n<p><strong>Tive um acidente com material p\u00e9rfuro-cortante com risco de contamina\u00e7\u00e3o por HIV. O que eu fa\u00e7o?<\/strong><\/p>\n\n\n\n<p>Procure uma Unidade de Sa\u00fade (CAIS, ESF, UBS e ambulat\u00f3rios) ou entre em contato com o Hospital Beneficente Dr. Cesar Santos (Hospital Municipal), a qualquer momento do dia, para realiza\u00e7\u00e3o do primeiro atendimento e encaminhamento para realiza\u00e7\u00e3o da PEP (profilaxia p\u00f3s exposi\u00e7\u00e3o).<\/p>\n\n\n\n<p><strong>O que fazer no caso de pacientes v\u00edtimas de viol\u00eancia sexual?<\/strong><\/p>\n\n\n\n<p>\u00c9 importante procurar, o mais r\u00e1pido poss\u00edvel, atendimento no Hospital S\u00e3o Vicente de Paulo (HSVP) ou no Hospital de Cl\u00ednicas (HC \u2013 antigo Hospital da Cidade), onde ser\u00e1 realizada avalia\u00e7\u00e3o inicial e iniciada a PEP para preven\u00e7\u00e3o do HIV. <strong>ESTA SITUA\u00c7\u00c3O \u00c9 UMA URG\u00caNCIA! O IDEAL \u00c9 LEVAR A PESSOA AT\u00c9 2H DA EXPOSI\u00c7\u00c3O PARA MAIOR EFETIVIDADE. CADA HORA DE ATRASO PARA INICIAR A PEP PODE SER A DIFEREN\u00c7A ENTRE SE INFECTAR COM O HIV OU N\u00c3O.<\/strong><\/p>\n\n\n\n<div style=\"height:10px\" aria-hidden=\"true\" class=\"wp-block-spacer\"><\/div>\n\n\n\n<div class=\"wp-block-buttons is-layout-flex wp-block-buttons-is-layout-flex\">\n<div class=\"wp-block-button has-custom-font-size has-small-font-size\"><a class=\"wp-block-button__link has-white-color has-blue-background-color has-text-color has-background has-link-color wp-element-button\" href=\"https:\/\/drive.google.com\/drive\/folders\/1meiRRFOkjVtXumgu5GpLoKhZ7Tqf8joS?usp=sharing\" style=\"border-radius:12px\" target=\"_blank\" rel=\"noreferrer noopener\">Arquivos para Profissionais de Sa\u00fade<\/a><\/div>\n<\/div>\n","protected":false},"excerpt":{"rendered":"<p>O SAE \u00e9 o servi\u00e7o da Secretaria de Sa\u00fade de Passo Fundo respons\u00e1vel pela gest\u00e3o e atendimento de pacientes com condi\u00e7\u00f5es relacionadas a doen\u00e7as transmiss\u00edveis, principalmente Infec\u00e7\u00f5es Sexualmente Transmiss\u00edveis (IST\/HIV\/Aids e hepatites [&hellip;]<\/p>\n","protected":false},"author":4,"featured_media":0,"parent":0,"menu_order":0,"comment_status":"closed","ping_status":"closed","template":"","meta":{"footnotes":""},"class_list":["post-2765","page","type-page","status-publish","hentry"],"yoast_head":"<!-- This site is optimized with the Yoast SEO plugin v23.8 - https:\/\/yoast.com\/wordpress\/plugins\/seo\/ -->\n<title>3.1 SAE - Servi\u00e7o de Atendimento Especializado - Secretaria de Sa\u00fade<\/title>\n<meta name=\"robots\" content=\"index, follow, max-snippet:-1, max-image-preview:large, max-video-preview:-1\" \/>\n<link rel=\"canonical\" href=\"https:\/\/www.pmpf.rs.gov.br\/secretaria-de-saude\/sae\/\" \/>\n<meta property=\"og:locale\" content=\"pt_BR\" \/>\n<meta property=\"og:type\" content=\"article\" \/>\n<meta property=\"og:title\" content=\"3.1 SAE - Servi\u00e7o de Atendimento Especializado - Secretaria de Sa\u00fade\" \/>\n<meta property=\"og:description\" content=\"O SAE \u00e9 o servi\u00e7o da Secretaria de Sa\u00fade de Passo Fundo respons\u00e1vel pela gest\u00e3o e atendimento de pacientes com condi\u00e7\u00f5es relacionadas a doen\u00e7as transmiss\u00edveis, principalmente Infec\u00e7\u00f5es Sexualmente Transmiss\u00edveis (IST\/HIV\/Aids e hepatites [&hellip;]\" \/>\n<meta property=\"og:url\" content=\"https:\/\/www.pmpf.rs.gov.br\/secretaria-de-saude\/sae\/\" \/>\n<meta property=\"og:site_name\" content=\"Secretaria de Sa\u00fade\" \/>\n<meta property=\"article:modified_time\" content=\"2024-04-08T19:00:11+00:00\" \/>\n<meta name=\"twitter:card\" content=\"summary_large_image\" \/>\n<meta name=\"twitter:label1\" content=\"Est. tempo de leitura\" \/>\n\t<meta name=\"twitter:data1\" content=\"5 minutos\" \/>\n<script type=\"application\/ld+json\" class=\"yoast-schema-graph\">{\"@context\":\"https:\/\/schema.org\",\"@graph\":[{\"@type\":\"WebPage\",\"@id\":\"https:\/\/www.pmpf.rs.gov.br\/secretaria-de-saude\/sae\/\",\"url\":\"https:\/\/www.pmpf.rs.gov.br\/secretaria-de-saude\/sae\/\",\"name\":\"3.1 SAE - Servi\u00e7o de Atendimento Especializado - Secretaria de Sa\u00fade\",\"isPartOf\":{\"@id\":\"https:\/\/www.pmpf.rs.gov.br\/secretaria-de-saude\/#website\"},\"datePublished\":\"2022-03-11T18:36:01+00:00\",\"dateModified\":\"2024-04-08T19:00:11+00:00\",\"breadcrumb\":{\"@id\":\"https:\/\/www.pmpf.rs.gov.br\/secretaria-de-saude\/sae\/#breadcrumb\"},\"inLanguage\":\"pt-BR\",\"potentialAction\":[{\"@type\":\"ReadAction\",\"target\":[\"https:\/\/www.pmpf.rs.gov.br\/secretaria-de-saude\/sae\/\"]}]},{\"@type\":\"BreadcrumbList\",\"@id\":\"https:\/\/www.pmpf.rs.gov.br\/secretaria-de-saude\/sae\/#breadcrumb\",\"itemListElement\":[{\"@type\":\"ListItem\",\"position\":1,\"name\":\"In\u00edcio\",\"item\":\"https:\/\/www.pmpf.rs.gov.br\/secretaria-de-saude\/\"},{\"@type\":\"ListItem\",\"position\":2,\"name\":\"3.1 SAE &#8211; Servi\u00e7o de Atendimento Especializado\"}]},{\"@type\":\"WebSite\",\"@id\":\"https:\/\/www.pmpf.rs.gov.br\/secretaria-de-saude\/#website\",\"url\":\"https:\/\/www.pmpf.rs.gov.br\/secretaria-de-saude\/\",\"name\":\"Secretaria de Sa\u00fade\",\"description\":\"S\u00f3 mais um site Prefeitura de Passo Fundo\",\"potentialAction\":[{\"@type\":\"SearchAction\",\"target\":{\"@type\":\"EntryPoint\",\"urlTemplate\":\"https:\/\/www.pmpf.rs.gov.br\/secretaria-de-saude\/?s={search_term_string}\"},\"query-input\":{\"@type\":\"PropertyValueSpecification\",\"valueRequired\":true,\"valueName\":\"search_term_string\"}}],\"inLanguage\":\"pt-BR\"}]}<\/script>\n<!-- \/ Yoast SEO plugin. -->","yoast_head_json":{"title":"3.1 SAE - Servi\u00e7o de Atendimento Especializado - Secretaria de Sa\u00fade","robots":{"index":"index","follow":"follow","max-snippet":"max-snippet:-1","max-image-preview":"max-image-preview:large","max-video-preview":"max-video-preview:-1"},"canonical":"https:\/\/www.pmpf.rs.gov.br\/secretaria-de-saude\/sae\/","og_locale":"pt_BR","og_type":"article","og_title":"3.1 SAE - Servi\u00e7o de Atendimento Especializado - Secretaria de Sa\u00fade","og_description":"O SAE \u00e9 o servi\u00e7o da Secretaria de Sa\u00fade de Passo Fundo respons\u00e1vel pela gest\u00e3o e atendimento de pacientes com condi\u00e7\u00f5es relacionadas a doen\u00e7as transmiss\u00edveis, principalmente Infec\u00e7\u00f5es Sexualmente Transmiss\u00edveis (IST\/HIV\/Aids e hepatites [&hellip;]","og_url":"https:\/\/www.pmpf.rs.gov.br\/secretaria-de-saude\/sae\/","og_site_name":"Secretaria de Sa\u00fade","article_modified_time":"2024-04-08T19:00:11+00:00","twitter_card":"summary_large_image","twitter_misc":{"Est. tempo de leitura":"5 minutos"},"schema":{"@context":"https:\/\/schema.org","@graph":[{"@type":"WebPage","@id":"https:\/\/www.pmpf.rs.gov.br\/secretaria-de-saude\/sae\/","url":"https:\/\/www.pmpf.rs.gov.br\/secretaria-de-saude\/sae\/","name":"3.1 SAE - Servi\u00e7o de Atendimento Especializado - Secretaria de Sa\u00fade","isPartOf":{"@id":"https:\/\/www.pmpf.rs.gov.br\/secretaria-de-saude\/#website"},"datePublished":"2022-03-11T18:36:01+00:00","dateModified":"2024-04-08T19:00:11+00:00","breadcrumb":{"@id":"https:\/\/www.pmpf.rs.gov.br\/secretaria-de-saude\/sae\/#breadcrumb"},"inLanguage":"pt-BR","potentialAction":[{"@type":"ReadAction","target":["https:\/\/www.pmpf.rs.gov.br\/secretaria-de-saude\/sae\/"]}]},{"@type":"BreadcrumbList","@id":"https:\/\/www.pmpf.rs.gov.br\/secretaria-de-saude\/sae\/#breadcrumb","itemListElement":[{"@type":"ListItem","position":1,"name":"In\u00edcio","item":"https:\/\/www.pmpf.rs.gov.br\/secretaria-de-saude\/"},{"@type":"ListItem","position":2,"name":"3.1 SAE &#8211; Servi\u00e7o de Atendimento Especializado"}]},{"@type":"WebSite","@id":"https:\/\/www.pmpf.rs.gov.br\/secretaria-de-saude\/#website","url":"https:\/\/www.pmpf.rs.gov.br\/secretaria-de-saude\/","name":"Secretaria de Sa\u00fade","description":"S\u00f3 mais um site Prefeitura de Passo Fundo","potentialAction":[{"@type":"SearchAction","target":{"@type":"EntryPoint","urlTemplate":"https:\/\/www.pmpf.rs.gov.br\/secretaria-de-saude\/?s={search_term_string}"},"query-input":{"@type":"PropertyValueSpecification","valueRequired":true,"valueName":"search_term_string"}}],"inLanguage":"pt-BR"}]}},"_links":{"self":[{"href":"https:\/\/www.pmpf.rs.gov.br\/secretaria-de-saude\/wp-json\/wp\/v2\/pages\/2765"}],"collection":[{"href":"https:\/\/www.pmpf.rs.gov.br\/secretaria-de-saude\/wp-json\/wp\/v2\/pages"}],"about":[{"href":"https:\/\/www.pmpf.rs.gov.br\/secretaria-de-saude\/wp-json\/wp\/v2\/types\/page"}],"author":[{"embeddable":true,"href":"https:\/\/www.pmpf.rs.gov.br\/secretaria-de-saude\/wp-json\/wp\/v2\/users\/4"}],"replies":[{"embeddable":true,"href":"https:\/\/www.pmpf.rs.gov.br\/secretaria-de-saude\/wp-json\/wp\/v2\/comments?post=2765"}],"version-history":[{"count":17,"href":"https:\/\/www.pmpf.rs.gov.br\/secretaria-de-saude\/wp-json\/wp\/v2\/pages\/2765\/revisions"}],"predecessor-version":[{"id":3920,"href":"https:\/\/www.pmpf.rs.gov.br\/secretaria-de-saude\/wp-json\/wp\/v2\/pages\/2765\/revisions\/3920"}],"wp:attachment":[{"href":"https:\/\/www.pmpf.rs.gov.br\/secretaria-de-saude\/wp-json\/wp\/v2\/media?parent=2765"}],"curies":[{"name":"wp","href":"https:\/\/api.w.org\/{rel}","templated":true}]}}