{"id":2625,"date":"2022-03-09T17:01:14","date_gmt":"2022-03-09T20:01:14","guid":{"rendered":"https:\/\/www.pmpf.rs.gov.br\/secretaria-de-saude\/?page_id=2625"},"modified":"2022-04-29T16:16:07","modified_gmt":"2022-04-29T19:16:07","slug":"nucleo-de-vigilancia-epidemiologica","status":"publish","type":"page","link":"https:\/\/www.pmpf.rs.gov.br\/secretaria-de-saude\/nucleo-de-vigilancia-epidemiologica\/","title":{"rendered":"3. Vigil\u00e2ncia Epidemiol\u00f3gica"},"content":{"rendered":"\n<h2 class=\"wp-block-heading\">Fun\u00e7\u00f5es e Servi\u00e7os<\/h2>\n\n\n\n<p>A Vigil\u00e2ncia Epidemiol\u00f3gica \u00e9 um conjunto de a\u00e7\u00f5es que proporciona o conhecimento, a detec\u00e7\u00e3o ou preven\u00e7\u00e3o de qualquer mudan\u00e7a nos fatores determinantes e condicionantes da sa\u00fade individual ou coletiva, com a \ufb01nalidade de recomendar e adotar as medidas de preven\u00e7\u00e3o e controle das doen\u00e7as ou agravos\u201d. (lei 8080\/90)<\/p>\n\n\n\n<p><strong>Estrutura de trabalho:<\/strong><\/p>\n\n\n\n<p><strong>Vigil\u00e2ncia das doen\u00e7as e Agravos N\u00e3o Transmiss\u00edveis (DANT&#8217;s)<\/strong><br>Doen\u00e7as cr\u00f4nicas n\u00e3o transmiss\u00edveis, viol\u00eancias e acidentes, promo\u00e7\u00e3o da sa\u00fade.<\/p>\n\n\n\n<p><strong>Vigil\u00e2ncia das Doen\u00e7as Transmiss\u00edveis (DAT)<\/strong><br>Com o Servi\u00e7o de Atendimento Especializado \u2013 SAE, que compreende os Programas de Tuberculose e Hansen\u00edase, Hepatites Virais e as DST&#8217;s\/HIV\/Aids.<\/p>\n\n\n\n<p><strong>Imuniza\u00e7\u00f5es<\/strong><br>Realiza o armazenamento, controle, distribui\u00e7\u00e3o, avalia\u00e7\u00e3o, administra\u00e7\u00e3o e solicita\u00e7\u00e3o de imunobiol\u00f3gicos de rotina e especiais, imunoglobulinas e soros para acidentes com animais pe\u00e7onhentos para as unidades de sa\u00fade e hospitais. Realiza\u00e7\u00e3o de vacina\u00e7\u00e3o extra-muro em situa\u00e7\u00e3o de bloqueio.<\/p>\n\n\n\n<p><a href=\"https:\/\/www.pmpf.rs.gov.br\/wp-content\/uploads\/2022\/01\/sistema_programa_epidemio.pdf\" target=\"_blank\" rel=\"noreferrer noopener\">Sistemas de informa\u00e7\u00e3o e programas de responsabilidade da epidemiologia<\/a>.<\/p>\n\n\n\n<p><a href=\"https:\/\/www.gov.br\/anvisa\/pt-br\" target=\"_blank\" rel=\"noreferrer noopener\">Vacina\u00e7\u00e3o<\/a>&nbsp;|&nbsp;<a href=\"https:\/\/civnet.anvisa.gov.br\/app\/viajante\/login?wicket-crypt=2b6gvXZAvGA\" target=\"_blank\" rel=\"noreferrer noopener\">Sa\u00fade do Viajante<\/a> |&nbsp;<a href=\"https:\/\/www.cevs.rs.gov.br\/gripe\" target=\"_blank\" rel=\"noreferrer noopener\">Informa\u00e7\u00f5es Gripe\/Influenza<\/a>&nbsp;|&nbsp;<a href=\"\/\/www.cevs.rs.gov.br\/dengue-zika-e-chikungunya\" target=\"_blank\" rel=\"noreferrer noopener\">Combate a Dengue<\/a><\/p>\n\n\n\n<p><a href=\"http:\/\/portalsinan.saude.gov.br\/sinan-legislacao\" target=\"_blank\" rel=\"noreferrer noopener\">Portaria das Doen\u00e7as de Notifica\u00e7\u00e3o Compuls\u00f3ria SINAN<\/a><\/p>\n\n\n\n<div style=\"height:10px\" aria-hidden=\"true\" class=\"wp-block-spacer\"><\/div>\n\n\n\n<div class=\"wp-block-group\"><div class=\"wp-block-group__inner-container is-layout-flow wp-block-group-is-layout-flow\">\n<div class=\"wp-block-group\"><div class=\"wp-block-group__inner-container is-layout-flow wp-block-group-is-layout-flow\">\n<div class=\"wp-block-buttons is-layout-flex wp-block-buttons-is-layout-flex\">\n<div class=\"wp-block-button alignleft\"><a class=\"wp-block-button__link has-white-color has-blue-background-color has-text-color has-background\" href=\"http:\/\/portalsinan.saude.gov.br\/doencas-e-agravos\" style=\"border-radius:8px\" target=\"_blank\" rel=\"noreferrer noopener\">Fichas de Investiga\u00e7\u00e3o Doen\u00e7as\/Agravos<\/a><\/div>\n\n\n\n<div class=\"wp-block-button\"><a class=\"wp-block-button__link has-white-color has-blue-background-color has-text-color has-background\" href=\"https:\/\/www.pmpf.rs.gov.br\/secretaria-de-saude\/sistema-de-informacao-individual-de-agravos-de-notificacao-compulsoria\/\" style=\"border-radius:8px\" target=\"_blank\" rel=\"noreferrer noopener\">Ficha Notifica\u00e7\u00e3o de Agravos<\/a><\/div>\n<\/div>\n<\/div><\/div>\n<\/div><\/div>\n\n\n\n<div style=\"height:10px\" aria-hidden=\"true\" class=\"wp-block-spacer\"><\/div>\n\n\n\n<p><strong>Contatos:<\/strong><\/p>\n\n\n\n<p><strong>Fones:<\/strong> (54)3185-0971\/ (54)3185-0966 \/ (54)3185-0958 \/<strong> Imuniza\u00e7\u00f5es:<\/strong> (54)3046-0097&nbsp;<\/p>\n","protected":false},"excerpt":{"rendered":"<p>Fun\u00e7\u00f5es e Servi\u00e7os A Vigil\u00e2ncia Epidemiol\u00f3gica \u00e9 um conjunto de a\u00e7\u00f5es que proporciona o conhecimento, a detec\u00e7\u00e3o ou preven\u00e7\u00e3o de qualquer mudan\u00e7a nos fatores determinantes e condicionantes da sa\u00fade individual ou coletiva, [&hellip;]<\/p>\n","protected":false},"author":4,"featured_media":0,"parent":0,"menu_order":0,"comment_status":"closed","ping_status":"closed","template":"","meta":{"footnotes":""},"class_list":["post-2625","page","type-page","status-publish","hentry"],"yoast_head":"<!-- This site is optimized with the Yoast SEO plugin v23.8 - https:\/\/yoast.com\/wordpress\/plugins\/seo\/ -->\n<title>3. Vigil\u00e2ncia Epidemiol\u00f3gica - Secretaria de Sa\u00fade<\/title>\n<meta name=\"robots\" content=\"index, follow, max-snippet:-1, max-image-preview:large, max-video-preview:-1\" \/>\n<link rel=\"canonical\" href=\"https:\/\/www.pmpf.rs.gov.br\/secretaria-de-saude\/nucleo-de-vigilancia-epidemiologica\/\" \/>\n<meta property=\"og:locale\" content=\"pt_BR\" \/>\n<meta property=\"og:type\" content=\"article\" \/>\n<meta property=\"og:title\" content=\"3. Vigil\u00e2ncia Epidemiol\u00f3gica - Secretaria de Sa\u00fade\" \/>\n<meta property=\"og:description\" content=\"Fun\u00e7\u00f5es e Servi\u00e7os A Vigil\u00e2ncia Epidemiol\u00f3gica \u00e9 um conjunto de a\u00e7\u00f5es que proporciona o conhecimento, a detec\u00e7\u00e3o ou preven\u00e7\u00e3o de qualquer mudan\u00e7a nos fatores determinantes e condicionantes da sa\u00fade individual ou coletiva, [&hellip;]\" \/>\n<meta property=\"og:url\" content=\"https:\/\/www.pmpf.rs.gov.br\/secretaria-de-saude\/nucleo-de-vigilancia-epidemiologica\/\" \/>\n<meta property=\"og:site_name\" content=\"Secretaria de Sa\u00fade\" \/>\n<meta property=\"article:modified_time\" content=\"2022-04-29T19:16:07+00:00\" \/>\n<meta name=\"twitter:card\" content=\"summary_large_image\" \/>\n<meta name=\"twitter:label1\" content=\"Est. tempo de leitura\" \/>\n\t<meta name=\"twitter:data1\" content=\"1 minuto\" \/>\n<script type=\"application\/ld+json\" class=\"yoast-schema-graph\">{\"@context\":\"https:\/\/schema.org\",\"@graph\":[{\"@type\":\"WebPage\",\"@id\":\"https:\/\/www.pmpf.rs.gov.br\/secretaria-de-saude\/nucleo-de-vigilancia-epidemiologica\/\",\"url\":\"https:\/\/www.pmpf.rs.gov.br\/secretaria-de-saude\/nucleo-de-vigilancia-epidemiologica\/\",\"name\":\"3. Vigil\u00e2ncia Epidemiol\u00f3gica - Secretaria de Sa\u00fade\",\"isPartOf\":{\"@id\":\"https:\/\/www.pmpf.rs.gov.br\/secretaria-de-saude\/#website\"},\"datePublished\":\"2022-03-09T20:01:14+00:00\",\"dateModified\":\"2022-04-29T19:16:07+00:00\",\"breadcrumb\":{\"@id\":\"https:\/\/www.pmpf.rs.gov.br\/secretaria-de-saude\/nucleo-de-vigilancia-epidemiologica\/#breadcrumb\"},\"inLanguage\":\"pt-BR\",\"potentialAction\":[{\"@type\":\"ReadAction\",\"target\":[\"https:\/\/www.pmpf.rs.gov.br\/secretaria-de-saude\/nucleo-de-vigilancia-epidemiologica\/\"]}]},{\"@type\":\"BreadcrumbList\",\"@id\":\"https:\/\/www.pmpf.rs.gov.br\/secretaria-de-saude\/nucleo-de-vigilancia-epidemiologica\/#breadcrumb\",\"itemListElement\":[{\"@type\":\"ListItem\",\"position\":1,\"name\":\"In\u00edcio\",\"item\":\"https:\/\/www.pmpf.rs.gov.br\/secretaria-de-saude\/\"},{\"@type\":\"ListItem\",\"position\":2,\"name\":\"3. Vigil\u00e2ncia Epidemiol\u00f3gica\"}]},{\"@type\":\"WebSite\",\"@id\":\"https:\/\/www.pmpf.rs.gov.br\/secretaria-de-saude\/#website\",\"url\":\"https:\/\/www.pmpf.rs.gov.br\/secretaria-de-saude\/\",\"name\":\"Secretaria de Sa\u00fade\",\"description\":\"S\u00f3 mais um site Prefeitura de Passo Fundo\",\"potentialAction\":[{\"@type\":\"SearchAction\",\"target\":{\"@type\":\"EntryPoint\",\"urlTemplate\":\"https:\/\/www.pmpf.rs.gov.br\/secretaria-de-saude\/?s={search_term_string}\"},\"query-input\":{\"@type\":\"PropertyValueSpecification\",\"valueRequired\":true,\"valueName\":\"search_term_string\"}}],\"inLanguage\":\"pt-BR\"}]}<\/script>\n<!-- \/ Yoast SEO plugin. -->","yoast_head_json":{"title":"3. Vigil\u00e2ncia Epidemiol\u00f3gica - Secretaria de Sa\u00fade","robots":{"index":"index","follow":"follow","max-snippet":"max-snippet:-1","max-image-preview":"max-image-preview:large","max-video-preview":"max-video-preview:-1"},"canonical":"https:\/\/www.pmpf.rs.gov.br\/secretaria-de-saude\/nucleo-de-vigilancia-epidemiologica\/","og_locale":"pt_BR","og_type":"article","og_title":"3. Vigil\u00e2ncia Epidemiol\u00f3gica - Secretaria de Sa\u00fade","og_description":"Fun\u00e7\u00f5es e Servi\u00e7os A Vigil\u00e2ncia Epidemiol\u00f3gica \u00e9 um conjunto de a\u00e7\u00f5es que proporciona o conhecimento, a detec\u00e7\u00e3o ou preven\u00e7\u00e3o de qualquer mudan\u00e7a nos fatores determinantes e condicionantes da sa\u00fade individual ou coletiva, [&hellip;]","og_url":"https:\/\/www.pmpf.rs.gov.br\/secretaria-de-saude\/nucleo-de-vigilancia-epidemiologica\/","og_site_name":"Secretaria de Sa\u00fade","article_modified_time":"2022-04-29T19:16:07+00:00","twitter_card":"summary_large_image","twitter_misc":{"Est. tempo de leitura":"1 minuto"},"schema":{"@context":"https:\/\/schema.org","@graph":[{"@type":"WebPage","@id":"https:\/\/www.pmpf.rs.gov.br\/secretaria-de-saude\/nucleo-de-vigilancia-epidemiologica\/","url":"https:\/\/www.pmpf.rs.gov.br\/secretaria-de-saude\/nucleo-de-vigilancia-epidemiologica\/","name":"3. Vigil\u00e2ncia Epidemiol\u00f3gica - Secretaria de Sa\u00fade","isPartOf":{"@id":"https:\/\/www.pmpf.rs.gov.br\/secretaria-de-saude\/#website"},"datePublished":"2022-03-09T20:01:14+00:00","dateModified":"2022-04-29T19:16:07+00:00","breadcrumb":{"@id":"https:\/\/www.pmpf.rs.gov.br\/secretaria-de-saude\/nucleo-de-vigilancia-epidemiologica\/#breadcrumb"},"inLanguage":"pt-BR","potentialAction":[{"@type":"ReadAction","target":["https:\/\/www.pmpf.rs.gov.br\/secretaria-de-saude\/nucleo-de-vigilancia-epidemiologica\/"]}]},{"@type":"BreadcrumbList","@id":"https:\/\/www.pmpf.rs.gov.br\/secretaria-de-saude\/nucleo-de-vigilancia-epidemiologica\/#breadcrumb","itemListElement":[{"@type":"ListItem","position":1,"name":"In\u00edcio","item":"https:\/\/www.pmpf.rs.gov.br\/secretaria-de-saude\/"},{"@type":"ListItem","position":2,"name":"3. Vigil\u00e2ncia Epidemiol\u00f3gica"}]},{"@type":"WebSite","@id":"https:\/\/www.pmpf.rs.gov.br\/secretaria-de-saude\/#website","url":"https:\/\/www.pmpf.rs.gov.br\/secretaria-de-saude\/","name":"Secretaria de Sa\u00fade","description":"S\u00f3 mais um site Prefeitura de Passo Fundo","potentialAction":[{"@type":"SearchAction","target":{"@type":"EntryPoint","urlTemplate":"https:\/\/www.pmpf.rs.gov.br\/secretaria-de-saude\/?s={search_term_string}"},"query-input":{"@type":"PropertyValueSpecification","valueRequired":true,"valueName":"search_term_string"}}],"inLanguage":"pt-BR"}]}},"_links":{"self":[{"href":"https:\/\/www.pmpf.rs.gov.br\/secretaria-de-saude\/wp-json\/wp\/v2\/pages\/2625"}],"collection":[{"href":"https:\/\/www.pmpf.rs.gov.br\/secretaria-de-saude\/wp-json\/wp\/v2\/pages"}],"about":[{"href":"https:\/\/www.pmpf.rs.gov.br\/secretaria-de-saude\/wp-json\/wp\/v2\/types\/page"}],"author":[{"embeddable":true,"href":"https:\/\/www.pmpf.rs.gov.br\/secretaria-de-saude\/wp-json\/wp\/v2\/users\/4"}],"replies":[{"embeddable":true,"href":"https:\/\/www.pmpf.rs.gov.br\/secretaria-de-saude\/wp-json\/wp\/v2\/comments?post=2625"}],"version-history":[{"count":38,"href":"https:\/\/www.pmpf.rs.gov.br\/secretaria-de-saude\/wp-json\/wp\/v2\/pages\/2625\/revisions"}],"predecessor-version":[{"id":3077,"href":"https:\/\/www.pmpf.rs.gov.br\/secretaria-de-saude\/wp-json\/wp\/v2\/pages\/2625\/revisions\/3077"}],"wp:attachment":[{"href":"https:\/\/www.pmpf.rs.gov.br\/secretaria-de-saude\/wp-json\/wp\/v2\/media?parent=2625"}],"curies":[{"name":"wp","href":"https:\/\/api.w.org\/{rel}","templated":true}]}}