{"id":2610,"date":"2022-03-09T16:08:13","date_gmt":"2022-03-09T19:08:13","guid":{"rendered":"https:\/\/www.pmpf.rs.gov.br\/secretaria-de-saude\/?page_id=2610"},"modified":"2026-01-06T14:03:06","modified_gmt":"2026-01-06T17:03:06","slug":"regulametacao-da-vigilancia-em-saude","status":"publish","type":"page","link":"https:\/\/www.pmpf.rs.gov.br\/secretaria-de-saude\/regulametacao-da-vigilancia-em-saude\/","title":{"rendered":"Regulamenta\u00e7\u00e3o da Vigil\u00e2ncia em Sa\u00fade"},"content":{"rendered":"\n<h2 class=\"wp-block-heading\">Legisla\u00e7\u00e3o<\/h2>\n\n\n\n<p>Est\u00e1 regulamentada pela PORTARIA N\u00ba 1.378, DE 9 DE JULHO DE 2013\/MS, com as responsabilidades e define diretrizes para execu\u00e7\u00e3o e financiamento das a\u00e7\u00f5es de Vigil\u00e2ncia em Sa\u00fade pela Uni\u00e3o, Estados, Distrito Federal e Munic\u00edpios, relativos ao Sistema Nacional de Vigil\u00e2ncia em Sa\u00fade e Sistema Nacional de Vigil\u00e2ncia Sanit\u00e1ria.<\/p>\n\n\n\n<p>Compete aos munic\u00edpios:<\/p>\n\n\n\n<p>Art. 11. Compete \u00e0s Secretarias Municipais de Sa\u00fade a coordena\u00e7\u00e3o do componente municipal dos Sistemas Nacionais de Vigil\u00e2ncia em Sa\u00fade e de Vigil\u00e2ncia Sanit\u00e1ria, no \u00e2mbito de seus limites territoriais, de acordo com a pol\u00edtica, diretrizes e prioridades estabelecidas, compreendendo:<br>I &#8211; a\u00e7\u00f5es de vigil\u00e2ncia, preven\u00e7\u00e3o e controle das doen\u00e7as transmiss\u00edveis, a vigil\u00e2ncia e preven\u00e7\u00e3o das doen\u00e7as e agravos n\u00e3o transmiss\u00edveis e dos seus fatores de risco, a vigil\u00e2ncia de popula\u00e7\u00f5es expostas a riscos ambientais em sa\u00fade, gest\u00e3o de sistemas de informa\u00e7\u00e3o de vigil\u00e2ncia em sa\u00fade em \u00e2mbito municipal que possibilitam an\u00e1lises de situa\u00e7\u00e3o de sa\u00fade, as a\u00e7\u00f5es de vigil\u00e2ncia da sa\u00fade do trabalhador, a\u00e7\u00f5es de promo\u00e7\u00e3o em sa\u00fade e o controle dos riscos inerentes aos produtos e servi\u00e7os de interesse a sa\u00fade;<br>II &#8211; coordena\u00e7\u00e3o municipal e execu\u00e7\u00e3o das a\u00e7\u00f5es de vigil\u00e2ncia;<br>III &#8211; participa\u00e7\u00e3o no financiamento das a\u00e7\u00f5es de vigil\u00e2ncia;<br>IV &#8211; normaliza\u00e7\u00e3o t\u00e9cnica complementar ao \u00e2mbito nacional e estadual;<br>V &#8211; coordena\u00e7\u00e3o e alimenta\u00e7\u00e3o, no \u00e2mbito municipal, dos sistemas de informa\u00e7\u00e3o de interesse da vigil\u00e2ncia, incluindo:<\/p>\n\n\n\n<blockquote class=\"wp-block-quote is-layout-flow wp-block-quote-is-layout-flow\"><p>a) coleta, processamento, consolida\u00e7\u00e3o e avalia\u00e7\u00e3o da qualidade dos dados provenientes das unidades notificantes dos sistemas de base nacional, de interesse da vigil\u00e2ncia, de acordo com normaliza\u00e7\u00e3o t\u00e9cnica;<br>b) estabelecimento e divulga\u00e7\u00e3o de diretrizes, normas t\u00e9cnicas, rotinas e procedimentos de gerenciamento dos sistemas, no \u00e2mbito do Munic\u00edpio, em car\u00e1ter complementar \u00e0 atua\u00e7\u00e3o das esferas federal e estadual; e<br>c) retroalimenta\u00e7\u00e3o dos dados para as unidades notificadoras;<\/p><\/blockquote>\n\n\n\n<p>VI &#8211; coordena\u00e7\u00e3o da prepara\u00e7\u00e3o e resposta das a\u00e7\u00f5es de vigil\u00e2ncia, nas emerg\u00eancias de sa\u00fade p\u00fablica de import\u00e2ncia municipal;<br>VII &#8211; coordena\u00e7\u00e3o, monitoramento e avalia\u00e7\u00e3o da estrat\u00e9gia de Vigil\u00e2ncia em Sa\u00fade sentinela em \u00e2mbito hospitalar;<br>VIII &#8211; desenvolvimento de estrat\u00e9gias e implementa\u00e7\u00e3o de a\u00e7\u00f5es de educa\u00e7\u00e3o, comunica\u00e7\u00e3o e mobiliza\u00e7\u00e3o social;<br>IX &#8211; monitoramento e avalia\u00e7\u00e3o das a\u00e7\u00f5es de vigil\u00e2ncia em seu territ\u00f3rio;<br>X &#8211; realiza\u00e7\u00e3o de campanhas publicit\u00e1rias de interesse da vigil\u00e2ncia, em \u00e2mbito municipal;<br>XI &#8211; promo\u00e7\u00e3o e execu\u00e7\u00e3o da educa\u00e7\u00e3o permanente em seu \u00e2mbito de atua\u00e7\u00e3o;<br>XII &#8211; promo\u00e7\u00e3o e fomento \u00e0 participa\u00e7\u00e3o social nas a\u00e7\u00f5es de vigil\u00e2ncia;<br>XIII &#8211; promo\u00e7\u00e3o da coopera\u00e7\u00e3o e do interc\u00e2mbio t\u00e9cnico cient\u00edfico com organismos governamentais e n\u00e3o governamentais de \u00e2mbito municipal, intermunicipal, estadual, nacional e internacional;<br>XIV &#8211; gest\u00e3o do estoque municipal de insumos de interesse da Vigil\u00e2ncia em Sa\u00fade, incluindo o armazenamento e o transporte desses insumos para seus locais de uso, de acordo com as normas vigentes;<br>XV &#8211; provimento dos seguintes insumos estrat\u00e9gicos:<\/p>\n\n\n\n<blockquote class=\"wp-block-quote is-layout-flow wp-block-quote-is-layout-flow\"><p>a) medicamentos espec\u00edficos, para agravos e doen\u00e7as de interesse da Vigil\u00e2ncia em Sa\u00fade, nos termos pactuados na CIT;<br>b) meios de diagn\u00f3stico laboratorial para as a\u00e7\u00f5es de Vigil\u00e2ncia em Sa\u00fade nos termos pactuados na CIB;<br>c) insumos de preven\u00e7\u00e3o, diagn\u00f3stico e tratamento de doen\u00e7as sexualmente transmiss\u00edveis, indicados pelos programas, nos termos pactuados na CIB; e<br>d) equipamentos de prote\u00e7\u00e3o individual &#8211; EPI &#8211; para todas as atividades de Vigil\u00e2ncia em Sa\u00fade que assim o exigirem, em seu \u00e2mbito de atua\u00e7\u00e3o, incluindo vestu\u00e1rio, luvas e cal\u00e7ados;<\/p><\/blockquote>\n\n\n\n<p>XVI &#8211; coordena\u00e7\u00e3o, acompanhamento e avalia\u00e7\u00e3o da rede de laborat\u00f3rios p\u00fablicos e privados que realizam an\u00e1lises essenciais \u00e0s a\u00e7\u00f5es de vigil\u00e2ncia, no \u00e2mbito municipal;<br>XVII &#8211; realiza\u00e7\u00e3o de an\u00e1lises laboratoriais de interesse da vigil\u00e2ncia, conforme organiza\u00e7\u00e3o da rede estadual de laborat\u00f3rios pactuados na CIR\/CIB;<br>XVIII &#8211; coleta, armazenamento e transporte adequado de amostras laboratoriais para os laborat\u00f3rios de refer\u00eancia;<br>XIX &#8211; coordena\u00e7\u00e3o e execu\u00e7\u00e3o das a\u00e7\u00f5es de vacina\u00e7\u00e3o integrantes do Programa Nacional de Imuniza\u00e7\u00f5es, incluindo a vacina\u00e7\u00e3o de rotina com as vacinas obrigat\u00f3rias, as estrat\u00e9gias especiais como campanhas e vacina\u00e7\u00f5es de bloqueio e a notifica\u00e7\u00e3o e investiga\u00e7\u00e3o de eventos adversos e \u00f3bitos temporalmente associados \u00e0 vacina\u00e7\u00e3o;<br>XX &#8211; descartes e destina\u00e7\u00e3o final dos frascos, seringas e agulhas utilizadas, conforme normas t\u00e9cnicas vigentes;<br>XXI &#8211; participa\u00e7\u00e3o no processo de implementa\u00e7\u00e3o do&nbsp;<a href=\"http:\/\/www.planalto.gov.br\/ccivil_03\/_ato2011-2014\/2011\/decreto\/D7508.htm\" target=\"_blank\" rel=\"noreferrer noopener\">Decreto n\u00ba 7.508\/2011<\/a>, no \u00e2mbito da vigil\u00e2ncia;<br>XXII &#8211; colabora\u00e7\u00e3o com a Uni\u00e3o na execu\u00e7\u00e3o das a\u00e7\u00f5es sob Vigil\u00e2ncia Sanit\u00e1ria de Portos, Aeroportos e Fronteiras, conforme pactua\u00e7\u00e3o tripartite; e<br>XXIII &#8211; estabelecimento de incentivos que contribuam para o aperfei\u00e7oamento e melhoria da qualidade das a\u00e7\u00f5es de Vigil\u00e2ncia em Sa\u00fade.<\/p>\n","protected":false},"excerpt":{"rendered":"<p>Legisla\u00e7\u00e3o Est\u00e1 regulamentada pela PORTARIA N\u00ba 1.378, DE 9 DE JULHO DE 2013\/MS, com as responsabilidades e define diretrizes para execu\u00e7\u00e3o e financiamento das a\u00e7\u00f5es de Vigil\u00e2ncia em Sa\u00fade pela Uni\u00e3o, Estados, [&hellip;]<\/p>\n","protected":false},"author":4,"featured_media":0,"parent":0,"menu_order":0,"comment_status":"closed","ping_status":"closed","template":"","meta":{"footnotes":""},"class_list":["post-2610","page","type-page","status-publish","hentry"],"yoast_head":"<!-- This site is optimized with the Yoast SEO plugin v23.8 - https:\/\/yoast.com\/wordpress\/plugins\/seo\/ -->\n<title>Regulamenta\u00e7\u00e3o da Vigil\u00e2ncia em Sa\u00fade - Secretaria de Sa\u00fade<\/title>\n<meta name=\"robots\" content=\"index, follow, max-snippet:-1, max-image-preview:large, max-video-preview:-1\" \/>\n<link rel=\"canonical\" href=\"https:\/\/www.pmpf.rs.gov.br\/secretaria-de-saude\/regulametacao-da-vigilancia-em-saude\/\" \/>\n<meta property=\"og:locale\" content=\"pt_BR\" \/>\n<meta property=\"og:type\" content=\"article\" \/>\n<meta property=\"og:title\" content=\"Regulamenta\u00e7\u00e3o da Vigil\u00e2ncia em Sa\u00fade - Secretaria de Sa\u00fade\" \/>\n<meta property=\"og:description\" content=\"Legisla\u00e7\u00e3o Est\u00e1 regulamentada pela PORTARIA N\u00ba 1.378, DE 9 DE JULHO DE 2013\/MS, com as responsabilidades e define diretrizes para execu\u00e7\u00e3o e financiamento das a\u00e7\u00f5es de Vigil\u00e2ncia em Sa\u00fade pela Uni\u00e3o, Estados, [&hellip;]\" \/>\n<meta property=\"og:url\" content=\"https:\/\/www.pmpf.rs.gov.br\/secretaria-de-saude\/regulametacao-da-vigilancia-em-saude\/\" \/>\n<meta property=\"og:site_name\" content=\"Secretaria de Sa\u00fade\" \/>\n<meta property=\"article:modified_time\" content=\"2026-01-06T17:03:06+00:00\" \/>\n<meta name=\"twitter:card\" content=\"summary_large_image\" \/>\n<meta name=\"twitter:label1\" content=\"Est. tempo de leitura\" \/>\n\t<meta name=\"twitter:data1\" content=\"4 minutos\" \/>\n<script type=\"application\/ld+json\" class=\"yoast-schema-graph\">{\"@context\":\"https:\/\/schema.org\",\"@graph\":[{\"@type\":\"WebPage\",\"@id\":\"https:\/\/www.pmpf.rs.gov.br\/secretaria-de-saude\/regulametacao-da-vigilancia-em-saude\/\",\"url\":\"https:\/\/www.pmpf.rs.gov.br\/secretaria-de-saude\/regulametacao-da-vigilancia-em-saude\/\",\"name\":\"Regulamenta\u00e7\u00e3o da Vigil\u00e2ncia em Sa\u00fade - Secretaria de Sa\u00fade\",\"isPartOf\":{\"@id\":\"https:\/\/www.pmpf.rs.gov.br\/secretaria-de-saude\/#website\"},\"datePublished\":\"2022-03-09T19:08:13+00:00\",\"dateModified\":\"2026-01-06T17:03:06+00:00\",\"breadcrumb\":{\"@id\":\"https:\/\/www.pmpf.rs.gov.br\/secretaria-de-saude\/regulametacao-da-vigilancia-em-saude\/#breadcrumb\"},\"inLanguage\":\"pt-BR\",\"potentialAction\":[{\"@type\":\"ReadAction\",\"target\":[\"https:\/\/www.pmpf.rs.gov.br\/secretaria-de-saude\/regulametacao-da-vigilancia-em-saude\/\"]}]},{\"@type\":\"BreadcrumbList\",\"@id\":\"https:\/\/www.pmpf.rs.gov.br\/secretaria-de-saude\/regulametacao-da-vigilancia-em-saude\/#breadcrumb\",\"itemListElement\":[{\"@type\":\"ListItem\",\"position\":1,\"name\":\"In\u00edcio\",\"item\":\"https:\/\/www.pmpf.rs.gov.br\/secretaria-de-saude\/\"},{\"@type\":\"ListItem\",\"position\":2,\"name\":\"Regulamenta\u00e7\u00e3o da Vigil\u00e2ncia em Sa\u00fade\"}]},{\"@type\":\"WebSite\",\"@id\":\"https:\/\/www.pmpf.rs.gov.br\/secretaria-de-saude\/#website\",\"url\":\"https:\/\/www.pmpf.rs.gov.br\/secretaria-de-saude\/\",\"name\":\"Secretaria de Sa\u00fade\",\"description\":\"S\u00f3 mais um site Prefeitura de Passo Fundo\",\"potentialAction\":[{\"@type\":\"SearchAction\",\"target\":{\"@type\":\"EntryPoint\",\"urlTemplate\":\"https:\/\/www.pmpf.rs.gov.br\/secretaria-de-saude\/?s={search_term_string}\"},\"query-input\":{\"@type\":\"PropertyValueSpecification\",\"valueRequired\":true,\"valueName\":\"search_term_string\"}}],\"inLanguage\":\"pt-BR\"}]}<\/script>\n<!-- \/ Yoast SEO plugin. -->","yoast_head_json":{"title":"Regulamenta\u00e7\u00e3o da Vigil\u00e2ncia em Sa\u00fade - Secretaria de Sa\u00fade","robots":{"index":"index","follow":"follow","max-snippet":"max-snippet:-1","max-image-preview":"max-image-preview:large","max-video-preview":"max-video-preview:-1"},"canonical":"https:\/\/www.pmpf.rs.gov.br\/secretaria-de-saude\/regulametacao-da-vigilancia-em-saude\/","og_locale":"pt_BR","og_type":"article","og_title":"Regulamenta\u00e7\u00e3o da Vigil\u00e2ncia em Sa\u00fade - Secretaria de Sa\u00fade","og_description":"Legisla\u00e7\u00e3o Est\u00e1 regulamentada pela PORTARIA N\u00ba 1.378, DE 9 DE JULHO DE 2013\/MS, com as responsabilidades e define diretrizes para execu\u00e7\u00e3o e financiamento das a\u00e7\u00f5es de Vigil\u00e2ncia em Sa\u00fade pela Uni\u00e3o, Estados, [&hellip;]","og_url":"https:\/\/www.pmpf.rs.gov.br\/secretaria-de-saude\/regulametacao-da-vigilancia-em-saude\/","og_site_name":"Secretaria de Sa\u00fade","article_modified_time":"2026-01-06T17:03:06+00:00","twitter_card":"summary_large_image","twitter_misc":{"Est. tempo de leitura":"4 minutos"},"schema":{"@context":"https:\/\/schema.org","@graph":[{"@type":"WebPage","@id":"https:\/\/www.pmpf.rs.gov.br\/secretaria-de-saude\/regulametacao-da-vigilancia-em-saude\/","url":"https:\/\/www.pmpf.rs.gov.br\/secretaria-de-saude\/regulametacao-da-vigilancia-em-saude\/","name":"Regulamenta\u00e7\u00e3o da Vigil\u00e2ncia em Sa\u00fade - Secretaria de Sa\u00fade","isPartOf":{"@id":"https:\/\/www.pmpf.rs.gov.br\/secretaria-de-saude\/#website"},"datePublished":"2022-03-09T19:08:13+00:00","dateModified":"2026-01-06T17:03:06+00:00","breadcrumb":{"@id":"https:\/\/www.pmpf.rs.gov.br\/secretaria-de-saude\/regulametacao-da-vigilancia-em-saude\/#breadcrumb"},"inLanguage":"pt-BR","potentialAction":[{"@type":"ReadAction","target":["https:\/\/www.pmpf.rs.gov.br\/secretaria-de-saude\/regulametacao-da-vigilancia-em-saude\/"]}]},{"@type":"BreadcrumbList","@id":"https:\/\/www.pmpf.rs.gov.br\/secretaria-de-saude\/regulametacao-da-vigilancia-em-saude\/#breadcrumb","itemListElement":[{"@type":"ListItem","position":1,"name":"In\u00edcio","item":"https:\/\/www.pmpf.rs.gov.br\/secretaria-de-saude\/"},{"@type":"ListItem","position":2,"name":"Regulamenta\u00e7\u00e3o da Vigil\u00e2ncia em Sa\u00fade"}]},{"@type":"WebSite","@id":"https:\/\/www.pmpf.rs.gov.br\/secretaria-de-saude\/#website","url":"https:\/\/www.pmpf.rs.gov.br\/secretaria-de-saude\/","name":"Secretaria de Sa\u00fade","description":"S\u00f3 mais um site Prefeitura de Passo Fundo","potentialAction":[{"@type":"SearchAction","target":{"@type":"EntryPoint","urlTemplate":"https:\/\/www.pmpf.rs.gov.br\/secretaria-de-saude\/?s={search_term_string}"},"query-input":{"@type":"PropertyValueSpecification","valueRequired":true,"valueName":"search_term_string"}}],"inLanguage":"pt-BR"}]}},"_links":{"self":[{"href":"https:\/\/www.pmpf.rs.gov.br\/secretaria-de-saude\/wp-json\/wp\/v2\/pages\/2610"}],"collection":[{"href":"https:\/\/www.pmpf.rs.gov.br\/secretaria-de-saude\/wp-json\/wp\/v2\/pages"}],"about":[{"href":"https:\/\/www.pmpf.rs.gov.br\/secretaria-de-saude\/wp-json\/wp\/v2\/types\/page"}],"author":[{"embeddable":true,"href":"https:\/\/www.pmpf.rs.gov.br\/secretaria-de-saude\/wp-json\/wp\/v2\/users\/4"}],"replies":[{"embeddable":true,"href":"https:\/\/www.pmpf.rs.gov.br\/secretaria-de-saude\/wp-json\/wp\/v2\/comments?post=2610"}],"version-history":[{"count":2,"href":"https:\/\/www.pmpf.rs.gov.br\/secretaria-de-saude\/wp-json\/wp\/v2\/pages\/2610\/revisions"}],"predecessor-version":[{"id":4887,"href":"https:\/\/www.pmpf.rs.gov.br\/secretaria-de-saude\/wp-json\/wp\/v2\/pages\/2610\/revisions\/4887"}],"wp:attachment":[{"href":"https:\/\/www.pmpf.rs.gov.br\/secretaria-de-saude\/wp-json\/wp\/v2\/media?parent=2610"}],"curies":[{"name":"wp","href":"https:\/\/api.w.org\/{rel}","templated":true}]}}