{"id":2594,"date":"2022-03-09T15:45:43","date_gmt":"2022-03-09T18:45:43","guid":{"rendered":"https:\/\/www.pmpf.rs.gov.br\/secretaria-de-saude\/?page_id=2594"},"modified":"2025-12-24T10:33:29","modified_gmt":"2025-12-24T13:33:29","slug":"oxigeniodomiciliar","status":"publish","type":"page","link":"https:\/\/www.pmpf.rs.gov.br\/secretaria-de-saude\/oxigeniodomiciliar\/","title":{"rendered":"Setor de Solicita\u00e7\u00e3o de Oxig\u00eanio Medicinal Domiciliar"},"content":{"rendered":"\n<p>A solicita\u00e7\u00e3o de oxig\u00eanio domiciliar deve ser protocolada junto ao Setor de Oxig\u00eanio do Munic\u00edpio de Passo Fundo, localizado junto \u00e0 Farm\u00e1cia Central, mediante o preenchimento de formul\u00e1rios espec\u00edficos e apresenta\u00e7\u00e3o de documentos pessoais e relativos \u00e0 sa\u00fade do paciente (laudos m\u00e9dicos e exames comprobat\u00f3rios).<br><br>Os pedidos s\u00e3o avaliados pelos peritos estaduais e quando est\u00e3o de acordo com os Protocolos Cl\u00ednicos do Minist\u00e9rio da Sa\u00fade ou crit\u00e9rios definidos em Portarias espec\u00edficas, o Estado do RS realiza a instala\u00e7\u00e3o domiciliar de oxig\u00eanio aos usu\u00e1rios.<br><br><strong>Endere\u00e7o:<\/strong> Avenida Brasil Leste, no 190, Centro.<br><strong>Telefone:<\/strong> (54) 3314-7540.<br><strong>Hor\u00e1rio de Atendimento:<\/strong> Segunda a Sexta-feira, das 8h \u00e0s 17h.<\/p>\n","protected":false},"excerpt":{"rendered":"<p>A solicita\u00e7\u00e3o de oxig\u00eanio domiciliar deve ser protocolada junto ao Setor de Oxig\u00eanio do Munic\u00edpio de Passo Fundo, localizado junto \u00e0 Farm\u00e1cia Central, mediante o preenchimento de formul\u00e1rios espec\u00edficos e apresenta\u00e7\u00e3o de [&hellip;]<\/p>\n","protected":false},"author":4,"featured_media":0,"parent":0,"menu_order":0,"comment_status":"closed","ping_status":"closed","template":"","meta":{"footnotes":""},"class_list":["post-2594","page","type-page","status-publish","hentry"],"yoast_head":"<!-- This site is optimized with the Yoast SEO plugin v23.8 - https:\/\/yoast.com\/wordpress\/plugins\/seo\/ -->\n<title>Setor de Solicita\u00e7\u00e3o de Oxig\u00eanio Medicinal Domiciliar - Secretaria de Sa\u00fade<\/title>\n<meta name=\"robots\" content=\"index, follow, max-snippet:-1, max-image-preview:large, max-video-preview:-1\" \/>\n<link rel=\"canonical\" href=\"https:\/\/www.pmpf.rs.gov.br\/secretaria-de-saude\/oxigeniodomiciliar\/\" \/>\n<meta property=\"og:locale\" content=\"pt_BR\" \/>\n<meta property=\"og:type\" content=\"article\" \/>\n<meta property=\"og:title\" content=\"Setor de Solicita\u00e7\u00e3o de Oxig\u00eanio Medicinal Domiciliar - Secretaria de Sa\u00fade\" \/>\n<meta property=\"og:description\" content=\"A solicita\u00e7\u00e3o de oxig\u00eanio domiciliar deve ser protocolada junto ao Setor de Oxig\u00eanio do Munic\u00edpio de Passo Fundo, localizado junto \u00e0 Farm\u00e1cia Central, mediante o preenchimento de formul\u00e1rios espec\u00edficos e apresenta\u00e7\u00e3o de [&hellip;]\" \/>\n<meta property=\"og:url\" content=\"https:\/\/www.pmpf.rs.gov.br\/secretaria-de-saude\/oxigeniodomiciliar\/\" \/>\n<meta property=\"og:site_name\" content=\"Secretaria de Sa\u00fade\" \/>\n<meta property=\"article:modified_time\" content=\"2025-12-24T13:33:29+00:00\" \/>\n<meta name=\"twitter:card\" content=\"summary_large_image\" \/>\n<meta name=\"twitter:label1\" content=\"Est. tempo de leitura\" \/>\n\t<meta name=\"twitter:data1\" content=\"1 minuto\" \/>\n<script type=\"application\/ld+json\" class=\"yoast-schema-graph\">{\"@context\":\"https:\/\/schema.org\",\"@graph\":[{\"@type\":\"WebPage\",\"@id\":\"https:\/\/www.pmpf.rs.gov.br\/secretaria-de-saude\/oxigeniodomiciliar\/\",\"url\":\"https:\/\/www.pmpf.rs.gov.br\/secretaria-de-saude\/oxigeniodomiciliar\/\",\"name\":\"Setor de Solicita\u00e7\u00e3o de Oxig\u00eanio Medicinal Domiciliar - Secretaria de Sa\u00fade\",\"isPartOf\":{\"@id\":\"https:\/\/www.pmpf.rs.gov.br\/secretaria-de-saude\/#website\"},\"datePublished\":\"2022-03-09T18:45:43+00:00\",\"dateModified\":\"2025-12-24T13:33:29+00:00\",\"breadcrumb\":{\"@id\":\"https:\/\/www.pmpf.rs.gov.br\/secretaria-de-saude\/oxigeniodomiciliar\/#breadcrumb\"},\"inLanguage\":\"pt-BR\",\"potentialAction\":[{\"@type\":\"ReadAction\",\"target\":[\"https:\/\/www.pmpf.rs.gov.br\/secretaria-de-saude\/oxigeniodomiciliar\/\"]}]},{\"@type\":\"BreadcrumbList\",\"@id\":\"https:\/\/www.pmpf.rs.gov.br\/secretaria-de-saude\/oxigeniodomiciliar\/#breadcrumb\",\"itemListElement\":[{\"@type\":\"ListItem\",\"position\":1,\"name\":\"In\u00edcio\",\"item\":\"https:\/\/www.pmpf.rs.gov.br\/secretaria-de-saude\/\"},{\"@type\":\"ListItem\",\"position\":2,\"name\":\"Setor de Solicita\u00e7\u00e3o de Oxig\u00eanio Medicinal Domiciliar\"}]},{\"@type\":\"WebSite\",\"@id\":\"https:\/\/www.pmpf.rs.gov.br\/secretaria-de-saude\/#website\",\"url\":\"https:\/\/www.pmpf.rs.gov.br\/secretaria-de-saude\/\",\"name\":\"Secretaria de Sa\u00fade\",\"description\":\"S\u00f3 mais um site Prefeitura de Passo Fundo\",\"potentialAction\":[{\"@type\":\"SearchAction\",\"target\":{\"@type\":\"EntryPoint\",\"urlTemplate\":\"https:\/\/www.pmpf.rs.gov.br\/secretaria-de-saude\/?s={search_term_string}\"},\"query-input\":{\"@type\":\"PropertyValueSpecification\",\"valueRequired\":true,\"valueName\":\"search_term_string\"}}],\"inLanguage\":\"pt-BR\"}]}<\/script>\n<!-- \/ Yoast SEO plugin. -->","yoast_head_json":{"title":"Setor de Solicita\u00e7\u00e3o de Oxig\u00eanio Medicinal Domiciliar - Secretaria de Sa\u00fade","robots":{"index":"index","follow":"follow","max-snippet":"max-snippet:-1","max-image-preview":"max-image-preview:large","max-video-preview":"max-video-preview:-1"},"canonical":"https:\/\/www.pmpf.rs.gov.br\/secretaria-de-saude\/oxigeniodomiciliar\/","og_locale":"pt_BR","og_type":"article","og_title":"Setor de Solicita\u00e7\u00e3o de Oxig\u00eanio Medicinal Domiciliar - Secretaria de Sa\u00fade","og_description":"A solicita\u00e7\u00e3o de oxig\u00eanio domiciliar deve ser protocolada junto ao Setor de Oxig\u00eanio do Munic\u00edpio de Passo Fundo, localizado junto \u00e0 Farm\u00e1cia Central, mediante o preenchimento de formul\u00e1rios espec\u00edficos e apresenta\u00e7\u00e3o de [&hellip;]","og_url":"https:\/\/www.pmpf.rs.gov.br\/secretaria-de-saude\/oxigeniodomiciliar\/","og_site_name":"Secretaria de Sa\u00fade","article_modified_time":"2025-12-24T13:33:29+00:00","twitter_card":"summary_large_image","twitter_misc":{"Est. tempo de leitura":"1 minuto"},"schema":{"@context":"https:\/\/schema.org","@graph":[{"@type":"WebPage","@id":"https:\/\/www.pmpf.rs.gov.br\/secretaria-de-saude\/oxigeniodomiciliar\/","url":"https:\/\/www.pmpf.rs.gov.br\/secretaria-de-saude\/oxigeniodomiciliar\/","name":"Setor de Solicita\u00e7\u00e3o de Oxig\u00eanio Medicinal Domiciliar - Secretaria de Sa\u00fade","isPartOf":{"@id":"https:\/\/www.pmpf.rs.gov.br\/secretaria-de-saude\/#website"},"datePublished":"2022-03-09T18:45:43+00:00","dateModified":"2025-12-24T13:33:29+00:00","breadcrumb":{"@id":"https:\/\/www.pmpf.rs.gov.br\/secretaria-de-saude\/oxigeniodomiciliar\/#breadcrumb"},"inLanguage":"pt-BR","potentialAction":[{"@type":"ReadAction","target":["https:\/\/www.pmpf.rs.gov.br\/secretaria-de-saude\/oxigeniodomiciliar\/"]}]},{"@type":"BreadcrumbList","@id":"https:\/\/www.pmpf.rs.gov.br\/secretaria-de-saude\/oxigeniodomiciliar\/#breadcrumb","itemListElement":[{"@type":"ListItem","position":1,"name":"In\u00edcio","item":"https:\/\/www.pmpf.rs.gov.br\/secretaria-de-saude\/"},{"@type":"ListItem","position":2,"name":"Setor de Solicita\u00e7\u00e3o de Oxig\u00eanio Medicinal Domiciliar"}]},{"@type":"WebSite","@id":"https:\/\/www.pmpf.rs.gov.br\/secretaria-de-saude\/#website","url":"https:\/\/www.pmpf.rs.gov.br\/secretaria-de-saude\/","name":"Secretaria de Sa\u00fade","description":"S\u00f3 mais um site Prefeitura de Passo Fundo","potentialAction":[{"@type":"SearchAction","target":{"@type":"EntryPoint","urlTemplate":"https:\/\/www.pmpf.rs.gov.br\/secretaria-de-saude\/?s={search_term_string}"},"query-input":{"@type":"PropertyValueSpecification","valueRequired":true,"valueName":"search_term_string"}}],"inLanguage":"pt-BR"}]}},"_links":{"self":[{"href":"https:\/\/www.pmpf.rs.gov.br\/secretaria-de-saude\/wp-json\/wp\/v2\/pages\/2594"}],"collection":[{"href":"https:\/\/www.pmpf.rs.gov.br\/secretaria-de-saude\/wp-json\/wp\/v2\/pages"}],"about":[{"href":"https:\/\/www.pmpf.rs.gov.br\/secretaria-de-saude\/wp-json\/wp\/v2\/types\/page"}],"author":[{"embeddable":true,"href":"https:\/\/www.pmpf.rs.gov.br\/secretaria-de-saude\/wp-json\/wp\/v2\/users\/4"}],"replies":[{"embeddable":true,"href":"https:\/\/www.pmpf.rs.gov.br\/secretaria-de-saude\/wp-json\/wp\/v2\/comments?post=2594"}],"version-history":[{"count":3,"href":"https:\/\/www.pmpf.rs.gov.br\/secretaria-de-saude\/wp-json\/wp\/v2\/pages\/2594\/revisions"}],"predecessor-version":[{"id":4878,"href":"https:\/\/www.pmpf.rs.gov.br\/secretaria-de-saude\/wp-json\/wp\/v2\/pages\/2594\/revisions\/4878"}],"wp:attachment":[{"href":"https:\/\/www.pmpf.rs.gov.br\/secretaria-de-saude\/wp-json\/wp\/v2\/media?parent=2594"}],"curies":[{"name":"wp","href":"https:\/\/api.w.org\/{rel}","templated":true}]}}