{"id":2357,"date":"2021-12-22T21:59:33","date_gmt":"2021-12-23T00:59:33","guid":{"rendered":"https:\/\/www.pmpf.rs.gov.br\/secretaria-de-saude\/?page_id=2357"},"modified":"2025-11-05T10:36:02","modified_gmt":"2025-11-05T13:36:02","slug":"centro-de-atencao-integral-a-saude-cais","status":"publish","type":"page","link":"https:\/\/www.pmpf.rs.gov.br\/secretaria-de-saude\/centro-de-atencao-integral-a-saude-cais\/","title":{"rendered":"CAIS (Centro de Aten\u00e7\u00e3o Integral \u00e0 Sa\u00fade)"},"content":{"rendered":"\n<p>Os Centros de Aten\u00e7\u00e3o Integral \u00e0 Sa\u00fade (CAIS) tamb\u00e9m oferecem os servi\u00e7os da Aten\u00e7\u00e3o Prim\u00e1ria, assim como as Unidades B\u00e1sicas de Sa\u00fade, no entanto, s\u00e3o consideradas unidades mistas, pois tamb\u00e9m disponibilizam atendimento m\u00e9dico especializado, nas \u00e1reas de ginecologia, cardiologia, psiquiatria, entre outros.<\/p>\n\n\n\n<p>Os CAIS s\u00e3o compostos por equipes de profi ssionais das \u00e1reas da enfermagem e t\u00e9cnicos de enfermagem, psicologia, nutri\u00e7\u00e3o, fi sioterapia, fonoaudiologia, farm\u00e1cia, odontologia e especialidades m\u00e9dicas.<\/p>\n\n\n\n<p>Para receber atendimento, basta o cidad\u00e3o se dirigir at\u00e9 o CAIS mais pr\u00f3ximo de sua resid\u00eancia, com documentos de identifica\u00e7\u00e3o pessoal, cart\u00e3o do SUS e um comprovante de resid\u00eancia (conta de \u00e1gua, luz, telefone).<\/p>\n\n\n\n<p><strong>Hor\u00e1rio de funcionamento:<\/strong> Segunda a Sexta-feira, das 7h \u00e0s 19h e S\u00e1bados das 8h \u00e0s 12h.<\/p>\n\n\n\n<p><strong>Cais Petr\u00f3polis:<\/strong> Segunda a Sexta-feira, das 7h \u00e0 1h; S\u00e1bados, Domingos e Feriados das 8h \u00e0s 20h.<\/p>\n\n\n\n<div style=\"height:10px\" aria-hidden=\"true\" class=\"wp-block-spacer\"><\/div>\n\n\n\n<figure class=\"wp-block-image size-large\"><img loading=\"lazy\" decoding=\"async\" width=\"1024\" height=\"576\" src=\"https:\/\/www.pmpf.rs.gov.br\/secretaria-de-saude\/wp-content\/uploads\/sites\/50\/2025\/11\/cais-fones-2025-1024x576.jpg\" alt=\"\" class=\"wp-image-4727\" srcset=\"https:\/\/www.pmpf.rs.gov.br\/secretaria-de-saude\/wp-content\/uploads\/sites\/50\/2025\/11\/cais-fones-2025-1024x576.jpg 1024w, https:\/\/www.pmpf.rs.gov.br\/secretaria-de-saude\/wp-content\/uploads\/sites\/50\/2025\/11\/cais-fones-2025-300x169.jpg 300w, https:\/\/www.pmpf.rs.gov.br\/secretaria-de-saude\/wp-content\/uploads\/sites\/50\/2025\/11\/cais-fones-2025-768x432.jpg 768w, https:\/\/www.pmpf.rs.gov.br\/secretaria-de-saude\/wp-content\/uploads\/sites\/50\/2025\/11\/cais-fones-2025-1536x864.jpg 1536w, https:\/\/www.pmpf.rs.gov.br\/secretaria-de-saude\/wp-content\/uploads\/sites\/50\/2025\/11\/cais-fones-2025-520x292.jpg 520w, https:\/\/www.pmpf.rs.gov.br\/secretaria-de-saude\/wp-content\/uploads\/sites\/50\/2025\/11\/cais-fones-2025.jpg 1920w\" sizes=\"(max-width: 1024px) 100vw, 1024px\" \/><\/figure>\n\n\n\n<hr class=\"wp-block-separator has-css-opacity\"\/>\n","protected":false},"excerpt":{"rendered":"<p>Os Centros de Aten\u00e7\u00e3o Integral \u00e0 Sa\u00fade (CAIS) tamb\u00e9m oferecem os servi\u00e7os da Aten\u00e7\u00e3o Prim\u00e1ria, assim como as Unidades B\u00e1sicas de Sa\u00fade, no entanto, s\u00e3o consideradas unidades mistas, pois tamb\u00e9m disponibilizam atendimento [&hellip;]<\/p>\n","protected":false},"author":1,"featured_media":0,"parent":0,"menu_order":0,"comment_status":"closed","ping_status":"closed","template":"","meta":{"footnotes":""},"class_list":["post-2357","page","type-page","status-publish","hentry"],"yoast_head":"<!-- This site is optimized with the Yoast SEO plugin v23.8 - https:\/\/yoast.com\/wordpress\/plugins\/seo\/ -->\n<title>CAIS (Centro de Aten\u00e7\u00e3o Integral \u00e0 Sa\u00fade) - Secretaria de Sa\u00fade<\/title>\n<meta name=\"robots\" content=\"index, follow, max-snippet:-1, max-image-preview:large, max-video-preview:-1\" \/>\n<link rel=\"canonical\" href=\"https:\/\/www.pmpf.rs.gov.br\/secretaria-de-saude\/centro-de-atencao-integral-a-saude-cais\/\" \/>\n<meta property=\"og:locale\" content=\"pt_BR\" \/>\n<meta property=\"og:type\" content=\"article\" \/>\n<meta property=\"og:title\" content=\"CAIS (Centro de Aten\u00e7\u00e3o Integral \u00e0 Sa\u00fade) - Secretaria de Sa\u00fade\" \/>\n<meta property=\"og:description\" content=\"Os Centros de Aten\u00e7\u00e3o Integral \u00e0 Sa\u00fade (CAIS) tamb\u00e9m oferecem os servi\u00e7os da Aten\u00e7\u00e3o Prim\u00e1ria, assim como as Unidades B\u00e1sicas de Sa\u00fade, no entanto, s\u00e3o consideradas unidades mistas, pois tamb\u00e9m disponibilizam atendimento [&hellip;]\" \/>\n<meta property=\"og:url\" content=\"https:\/\/www.pmpf.rs.gov.br\/secretaria-de-saude\/centro-de-atencao-integral-a-saude-cais\/\" \/>\n<meta property=\"og:site_name\" content=\"Secretaria de Sa\u00fade\" \/>\n<meta property=\"article:modified_time\" content=\"2025-11-05T13:36:02+00:00\" \/>\n<meta property=\"og:image\" content=\"https:\/\/www.pmpf.rs.gov.br\/secretaria-de-saude\/wp-content\/uploads\/sites\/50\/2025\/11\/cais-fones-2025.jpg\" \/>\n\t<meta property=\"og:image:width\" content=\"1920\" \/>\n\t<meta property=\"og:image:height\" content=\"1080\" \/>\n\t<meta property=\"og:image:type\" content=\"image\/jpeg\" \/>\n<meta name=\"twitter:card\" content=\"summary_large_image\" \/>\n<meta name=\"twitter:label1\" content=\"Est. tempo de leitura\" \/>\n\t<meta name=\"twitter:data1\" content=\"1 minuto\" \/>\n<script type=\"application\/ld+json\" class=\"yoast-schema-graph\">{\"@context\":\"https:\/\/schema.org\",\"@graph\":[{\"@type\":\"WebPage\",\"@id\":\"https:\/\/www.pmpf.rs.gov.br\/secretaria-de-saude\/centro-de-atencao-integral-a-saude-cais\/\",\"url\":\"https:\/\/www.pmpf.rs.gov.br\/secretaria-de-saude\/centro-de-atencao-integral-a-saude-cais\/\",\"name\":\"CAIS (Centro de Aten\u00e7\u00e3o Integral \u00e0 Sa\u00fade) - Secretaria de Sa\u00fade\",\"isPartOf\":{\"@id\":\"https:\/\/www.pmpf.rs.gov.br\/secretaria-de-saude\/#website\"},\"primaryImageOfPage\":{\"@id\":\"https:\/\/www.pmpf.rs.gov.br\/secretaria-de-saude\/centro-de-atencao-integral-a-saude-cais\/#primaryimage\"},\"image\":{\"@id\":\"https:\/\/www.pmpf.rs.gov.br\/secretaria-de-saude\/centro-de-atencao-integral-a-saude-cais\/#primaryimage\"},\"thumbnailUrl\":\"https:\/\/www.pmpf.rs.gov.br\/secretaria-de-saude\/wp-content\/uploads\/sites\/50\/2025\/11\/cais-fones-2025-1024x576.jpg\",\"datePublished\":\"2021-12-23T00:59:33+00:00\",\"dateModified\":\"2025-11-05T13:36:02+00:00\",\"breadcrumb\":{\"@id\":\"https:\/\/www.pmpf.rs.gov.br\/secretaria-de-saude\/centro-de-atencao-integral-a-saude-cais\/#breadcrumb\"},\"inLanguage\":\"pt-BR\",\"potentialAction\":[{\"@type\":\"ReadAction\",\"target\":[\"https:\/\/www.pmpf.rs.gov.br\/secretaria-de-saude\/centro-de-atencao-integral-a-saude-cais\/\"]}]},{\"@type\":\"ImageObject\",\"inLanguage\":\"pt-BR\",\"@id\":\"https:\/\/www.pmpf.rs.gov.br\/secretaria-de-saude\/centro-de-atencao-integral-a-saude-cais\/#primaryimage\",\"url\":\"https:\/\/www.pmpf.rs.gov.br\/secretaria-de-saude\/wp-content\/uploads\/sites\/50\/2025\/11\/cais-fones-2025.jpg\",\"contentUrl\":\"https:\/\/www.pmpf.rs.gov.br\/secretaria-de-saude\/wp-content\/uploads\/sites\/50\/2025\/11\/cais-fones-2025.jpg\",\"width\":1920,\"height\":1080},{\"@type\":\"BreadcrumbList\",\"@id\":\"https:\/\/www.pmpf.rs.gov.br\/secretaria-de-saude\/centro-de-atencao-integral-a-saude-cais\/#breadcrumb\",\"itemListElement\":[{\"@type\":\"ListItem\",\"position\":1,\"name\":\"In\u00edcio\",\"item\":\"https:\/\/www.pmpf.rs.gov.br\/secretaria-de-saude\/\"},{\"@type\":\"ListItem\",\"position\":2,\"name\":\"CAIS (Centro de Aten\u00e7\u00e3o Integral \u00e0 Sa\u00fade)\"}]},{\"@type\":\"WebSite\",\"@id\":\"https:\/\/www.pmpf.rs.gov.br\/secretaria-de-saude\/#website\",\"url\":\"https:\/\/www.pmpf.rs.gov.br\/secretaria-de-saude\/\",\"name\":\"Secretaria de Sa\u00fade\",\"description\":\"S\u00f3 mais um site Prefeitura de Passo Fundo\",\"potentialAction\":[{\"@type\":\"SearchAction\",\"target\":{\"@type\":\"EntryPoint\",\"urlTemplate\":\"https:\/\/www.pmpf.rs.gov.br\/secretaria-de-saude\/?s={search_term_string}\"},\"query-input\":{\"@type\":\"PropertyValueSpecification\",\"valueRequired\":true,\"valueName\":\"search_term_string\"}}],\"inLanguage\":\"pt-BR\"}]}<\/script>\n<!-- \/ Yoast SEO plugin. -->","yoast_head_json":{"title":"CAIS (Centro de Aten\u00e7\u00e3o Integral \u00e0 Sa\u00fade) - Secretaria de Sa\u00fade","robots":{"index":"index","follow":"follow","max-snippet":"max-snippet:-1","max-image-preview":"max-image-preview:large","max-video-preview":"max-video-preview:-1"},"canonical":"https:\/\/www.pmpf.rs.gov.br\/secretaria-de-saude\/centro-de-atencao-integral-a-saude-cais\/","og_locale":"pt_BR","og_type":"article","og_title":"CAIS (Centro de Aten\u00e7\u00e3o Integral \u00e0 Sa\u00fade) - Secretaria de Sa\u00fade","og_description":"Os Centros de Aten\u00e7\u00e3o Integral \u00e0 Sa\u00fade (CAIS) tamb\u00e9m oferecem os servi\u00e7os da Aten\u00e7\u00e3o Prim\u00e1ria, assim como as Unidades B\u00e1sicas de Sa\u00fade, no entanto, s\u00e3o consideradas unidades mistas, pois tamb\u00e9m disponibilizam atendimento [&hellip;]","og_url":"https:\/\/www.pmpf.rs.gov.br\/secretaria-de-saude\/centro-de-atencao-integral-a-saude-cais\/","og_site_name":"Secretaria de Sa\u00fade","article_modified_time":"2025-11-05T13:36:02+00:00","og_image":[{"width":1920,"height":1080,"url":"https:\/\/www.pmpf.rs.gov.br\/secretaria-de-saude\/wp-content\/uploads\/sites\/50\/2025\/11\/cais-fones-2025.jpg","type":"image\/jpeg"}],"twitter_card":"summary_large_image","twitter_misc":{"Est. tempo de leitura":"1 minuto"},"schema":{"@context":"https:\/\/schema.org","@graph":[{"@type":"WebPage","@id":"https:\/\/www.pmpf.rs.gov.br\/secretaria-de-saude\/centro-de-atencao-integral-a-saude-cais\/","url":"https:\/\/www.pmpf.rs.gov.br\/secretaria-de-saude\/centro-de-atencao-integral-a-saude-cais\/","name":"CAIS (Centro de Aten\u00e7\u00e3o Integral \u00e0 Sa\u00fade) - Secretaria de Sa\u00fade","isPartOf":{"@id":"https:\/\/www.pmpf.rs.gov.br\/secretaria-de-saude\/#website"},"primaryImageOfPage":{"@id":"https:\/\/www.pmpf.rs.gov.br\/secretaria-de-saude\/centro-de-atencao-integral-a-saude-cais\/#primaryimage"},"image":{"@id":"https:\/\/www.pmpf.rs.gov.br\/secretaria-de-saude\/centro-de-atencao-integral-a-saude-cais\/#primaryimage"},"thumbnailUrl":"https:\/\/www.pmpf.rs.gov.br\/secretaria-de-saude\/wp-content\/uploads\/sites\/50\/2025\/11\/cais-fones-2025-1024x576.jpg","datePublished":"2021-12-23T00:59:33+00:00","dateModified":"2025-11-05T13:36:02+00:00","breadcrumb":{"@id":"https:\/\/www.pmpf.rs.gov.br\/secretaria-de-saude\/centro-de-atencao-integral-a-saude-cais\/#breadcrumb"},"inLanguage":"pt-BR","potentialAction":[{"@type":"ReadAction","target":["https:\/\/www.pmpf.rs.gov.br\/secretaria-de-saude\/centro-de-atencao-integral-a-saude-cais\/"]}]},{"@type":"ImageObject","inLanguage":"pt-BR","@id":"https:\/\/www.pmpf.rs.gov.br\/secretaria-de-saude\/centro-de-atencao-integral-a-saude-cais\/#primaryimage","url":"https:\/\/www.pmpf.rs.gov.br\/secretaria-de-saude\/wp-content\/uploads\/sites\/50\/2025\/11\/cais-fones-2025.jpg","contentUrl":"https:\/\/www.pmpf.rs.gov.br\/secretaria-de-saude\/wp-content\/uploads\/sites\/50\/2025\/11\/cais-fones-2025.jpg","width":1920,"height":1080},{"@type":"BreadcrumbList","@id":"https:\/\/www.pmpf.rs.gov.br\/secretaria-de-saude\/centro-de-atencao-integral-a-saude-cais\/#breadcrumb","itemListElement":[{"@type":"ListItem","position":1,"name":"In\u00edcio","item":"https:\/\/www.pmpf.rs.gov.br\/secretaria-de-saude\/"},{"@type":"ListItem","position":2,"name":"CAIS (Centro de Aten\u00e7\u00e3o Integral \u00e0 Sa\u00fade)"}]},{"@type":"WebSite","@id":"https:\/\/www.pmpf.rs.gov.br\/secretaria-de-saude\/#website","url":"https:\/\/www.pmpf.rs.gov.br\/secretaria-de-saude\/","name":"Secretaria de Sa\u00fade","description":"S\u00f3 mais um site Prefeitura de Passo Fundo","potentialAction":[{"@type":"SearchAction","target":{"@type":"EntryPoint","urlTemplate":"https:\/\/www.pmpf.rs.gov.br\/secretaria-de-saude\/?s={search_term_string}"},"query-input":{"@type":"PropertyValueSpecification","valueRequired":true,"valueName":"search_term_string"}}],"inLanguage":"pt-BR"}]}},"_links":{"self":[{"href":"https:\/\/www.pmpf.rs.gov.br\/secretaria-de-saude\/wp-json\/wp\/v2\/pages\/2357"}],"collection":[{"href":"https:\/\/www.pmpf.rs.gov.br\/secretaria-de-saude\/wp-json\/wp\/v2\/pages"}],"about":[{"href":"https:\/\/www.pmpf.rs.gov.br\/secretaria-de-saude\/wp-json\/wp\/v2\/types\/page"}],"author":[{"embeddable":true,"href":"https:\/\/www.pmpf.rs.gov.br\/secretaria-de-saude\/wp-json\/wp\/v2\/users\/1"}],"replies":[{"embeddable":true,"href":"https:\/\/www.pmpf.rs.gov.br\/secretaria-de-saude\/wp-json\/wp\/v2\/comments?post=2357"}],"version-history":[{"count":8,"href":"https:\/\/www.pmpf.rs.gov.br\/secretaria-de-saude\/wp-json\/wp\/v2\/pages\/2357\/revisions"}],"predecessor-version":[{"id":4729,"href":"https:\/\/www.pmpf.rs.gov.br\/secretaria-de-saude\/wp-json\/wp\/v2\/pages\/2357\/revisions\/4729"}],"wp:attachment":[{"href":"https:\/\/www.pmpf.rs.gov.br\/secretaria-de-saude\/wp-json\/wp\/v2\/media?parent=2357"}],"curies":[{"name":"wp","href":"https:\/\/api.w.org\/{rel}","templated":true}]}}