{"id":2349,"date":"2021-12-22T21:58:33","date_gmt":"2021-12-23T00:58:33","guid":{"rendered":"https:\/\/www.pmpf.rs.gov.br\/secretaria-de-saude\/?page_id=2349"},"modified":"2026-02-24T14:31:09","modified_gmt":"2026-02-24T17:31:09","slug":"assistencia-farmaceutica","status":"publish","type":"page","link":"https:\/\/www.pmpf.rs.gov.br\/secretaria-de-saude\/assistencia-farmaceutica\/","title":{"rendered":"Assist\u00eancia Farmac\u00eautica"},"content":{"rendered":"\n<h2 class=\"wp-block-heading\">Setor respons\u00e1vel pela distribui\u00e7\u00e3o de medicamentos a popula\u00e7\u00e3o<\/h2>\n\n\n\n<p>&nbsp;O N\u00facleo de Assist\u00eancia Farmac\u00eautica \u00e9 o departamento respons\u00e1vel pela coordena\u00e7\u00e3o de todos os processos relacionados com os medicamentos do munic\u00edpio, desde a aquisi\u00e7\u00e3o at\u00e9 distribui\u00e7\u00e3o para os usu\u00e1rios. Sua miss\u00e3o \u00e9 proporcionar a sa\u00fade atrav\u00e9s de um atendimento farmac\u00eautico especializado, com medicamentos de qualidade. Tem foco na garantia da seguran\u00e7a do usu\u00e1rio, realizando uma dispensa\u00e7\u00e3o personalizada com orienta\u00e7\u00f5es sobre o tratamento, atendendo com \u00e9tica, respeito e responsabilidade. Seu quadro de farmac\u00eauticos \u00e9 formado por profissionais p\u00f3s-graduados, mestres e doutores.<\/p>\n\n\n\n<p>O munic\u00edpio de Passo Fundo possui&nbsp; 17 Farm\u00e1cias B\u00e1sicas, uma Farm\u00e1cia M\u00f3vel (Farm\u00e1cia Mais Perto), uma Farm\u00e1cia de Medicamentos Especiais (FME) e uma Farm\u00e1cia no Servi\u00e7o de Atendimento Especializado. A Farm\u00e1cia do CAIS Petr\u00f3polis funciona em hor\u00e1rio expandido, at\u00e9 01:00 nos 7 dias da semana.<\/p>\n\n\n\n<p>As farm\u00e1cias b\u00e1sicas e a Farm\u00e1cia Mais Perto dispensam de forma gratuita todos os medicamentos da Rela\u00e7\u00e3o Municipal de Medicamentos (REMUME). J\u00e1 a&nbsp;Farm\u00e1cia de&nbsp;Medicamentos Especiais (FME) atende as listas de medicamentos Especiais e Especializados, os quais s\u00e3o enviados pelo Governo Estadual e Federal respectivamente.<\/p>\n\n\n\n<hr class=\"wp-block-separator has-css-opacity\"\/>\n\n\n\n<p>Informa\u00e7\u00f5es importantes sobre as Farm\u00e1cias Municipais\ufeff<\/p>\n\n\n\n<p><a href=\"https:\/\/www.pmpf.rs.gov.br\/secretaria-de-saude\/wp-content\/uploads\/sites\/50\/2022\/03\/apresentacao-final-23062025.pdf\" target=\"_blank\" rel=\"noreferrer noopener\">Farm\u00e1cias Municipa<\/a><a href=\"https:\/\/www.pmpf.rs.gov.br\/secretaria-de-saude\/wp-content\/uploads\/sites\/50\/2022\/03\/farmacias-pmpf-sms-2025.pdf\" target=\"_blank\" rel=\"noreferrer noopener\">is<\/a><\/p>\n\n\n\n<p><a href=\"https:\/\/www.pmpf.rs.gov.br\/secretaria-de-saude\/wp-content\/uploads\/sites\/50\/2022\/03\/REMUME_2026.pdf\" target=\"_blank\" rel=\"noreferrer noopener\">Rela\u00e7\u00e3o Municipal de Medicamentos<\/a><\/p>\n\n\n\n<p><a href=\"https:\/\/docs.google.com\/document\/d\/1wpJA2HKTqoMQe8-nQeDpBsO3cxJPhRg4tIIblxghlzQ\/edit?usp=sharing\" target=\"_blank\" rel=\"noreferrer noopener\">Datas de Balan\u00e7o &#8211; Farm\u00e1cias Fechadas<\/a><\/p>\n\n\n\n<p><a href=\"https:\/\/docs.google.com\/document\/d\/1U4-qNIEIkFMBWddPt0jBHgn8XsKNgVWGmHZgtoNyr8Y\/edit?usp=sharing\" target=\"_blank\" rel=\"noreferrer noopener\">Medicamentos em Falta<\/a><\/p>\n\n\n\n<p><a href=\"https:\/\/www.portaldecompraspublicas.com.br\/processos?objeto=medicamentos&amp;orgao=passo%20fundo\" target=\"_blank\" rel=\"noreferrer noopener\">Processos de Compra<\/a><\/p>\n\n\n\n<hr class=\"wp-block-separator has-css-opacity\"\/>\n\n\n\n<p>A Farm\u00e1cia Mais Perto \u00e9 um programa de governo que proporciona acesso aos medicamentos da rede b\u00e1sica para a popula\u00e7\u00e3o que reside em bairros e localidades mais distantes e que ainda n\u00e3o possuem uma farm\u00e1cia p\u00fablica. O cronograma pode ser conferido no link abaixo:<\/p>\n\n\n\n<p><a href=\"https:\/\/docs.google.com\/document\/d\/1omNeiEIeijMd9jbUrpTWA-6huvsjIdw0\/edit?usp=sharing&amp;ouid=110768541791955195803&amp;rtpof=true&amp;sd=true\" target=\"_blank\" rel=\"noreferrer noopener\">Farm\u00e1cia Mais Perto &#8211; Cronograma<\/a><\/p>\n\n\n\n<hr class=\"wp-block-separator has-css-opacity\"\/>\n\n\n\n<p>Com o objetivo de qualificar a assist\u00eancia farmac\u00eautica municipal, bem como garantir que as decis\u00f5es tomadas tenham um embasamento t\u00e9cnico, \u00e9tico e transparente, o munic\u00edpio possui uma Comiss\u00e3o de Farm\u00e1cia e Terap\u00eautica (CFT), a qual atua para garantir as boas pr\u00e1ticas farmac\u00eauticas e&nbsp;a seguran\u00e7a dos pacientes. As decis\u00f5es da CFT s\u00e3o expostas atrav\u00e9s de Normativas.&nbsp;<\/p>\n\n\n\n<p><a href=\"https:\/\/drive.google.com\/drive\/folders\/1AbVGnZJlSH3K1RCE9crpCkfelp5ffDP0\" target=\"_blank\" rel=\"noreferrer noopener\">Comiss\u00e3o de Farm\u00e1cia e Terap\u00eautica<\/a><\/p>\n\n\n\n<p><a href=\"https:\/\/www.pmpf.rs.gov.br\/secretaria-de-saude\/wp-content\/uploads\/sites\/50\/2022\/03\/farmacia_tratamento_hp.pdf\">Prescri\u00e7\u00e3o para tratamento de <em>H. pylori<\/em><\/a><\/p>\n\n\n\n<p><a href=\"https:\/\/www.pmpf.rs.gov.br\/secretaria-de-saude\/wp-content\/uploads\/sites\/50\/2022\/03\/farmacia_ceftriaxona.pdf\" target=\"_blank\" rel=\"noreferrer noopener\">Prescri\u00e7\u00e3o de Ceftriaxona<\/a><\/p>\n\n\n\n<hr class=\"wp-block-separator has-css-opacity\"\/>\n\n\n\n<p>Atrav\u00e9s da Lei Estadual n\u00ba 15.339 de 02 de outubro de 2019 e conforme a Normativa n\u00ba 5\/2021 da Comiss\u00e3o de Farm\u00e1cia e Terap\u00eautica do munic\u00edpio, foi institu\u00eddo o&nbsp;<strong>Programa<\/strong>&nbsp;<strong>Solidare \u2013 Farm\u00e1cia Solid\u00e1ria \u2013 Conscientiza\u00e7\u00e3o e Doa\u00e7\u00e3o<\/strong>. As doa\u00e7\u00f5es de medicamentos (sobras de tratamentos e amostras gr\u00e1tis) podem ser feitas na Farm\u00e1cia Central. Os medicamentos dispon\u00edveis est\u00e3o descritos no link abaixo:<\/p>\n\n\n\n<p><a href=\"https:\/\/docs.google.com\/spreadsheets\/d\/1lLcpLZn_ifeBSw8lBxcRsnn76sNlVCecKyhjmQ7M7ZY\/edit?gid=1172370676#gid=1172370676\" target=\"_blank\" rel=\"noreferrer noopener\">Farm\u00e1cia Solid\u00e1ria<\/a><\/p>\n\n\n\n<hr class=\"wp-block-separator has-css-opacity\"\/>\n\n\n\n<p>A Farm\u00e1cia de Medicamentos Especiais, disponibiliza, atrav\u00e9s de processos administrativos, os medicamentos dos componentes Especial e Especializado , os quais podem ser solicitados pelo pr\u00f3prio usu\u00e1rio.<\/p>\n\n\n\n<p><a href=\"https:\/\/farmaciadigital.rs.gov.br\/consulta\/#\/geral\" target=\"_blank\" rel=\"noreferrer noopener\">Farm\u00e1cia Digital da Secretaria Estadual da Sa\u00fade<\/a><\/p>\n\n\n\n<hr class=\"wp-block-separator has-css-opacity\"\/>\n\n\n\n<p class=\"has-black-color has-grey-background-color has-text-color has-background\"><strong>A popula\u00e7\u00e3o e os profissionais da \u00e1rea da sa\u00fade ou afins podem dar sugest\u00f5es para o servi\u00e7o atrav\u00e9s do e-mail&nbsp;<a href=\"mailto:nucleoassistenciafarmaceutica@pmpf.rs.gov.br\">nucleoassistenciafarmaceutica@pmpf.rs.gov.br<\/a>&nbsp;ou pelo telefone 54-3316-1000 ramal 1033.<\/strong><\/p>\n","protected":false},"excerpt":{"rendered":"<p>Setor respons\u00e1vel pela distribui\u00e7\u00e3o de medicamentos a popula\u00e7\u00e3o &nbsp;O N\u00facleo de Assist\u00eancia Farmac\u00eautica \u00e9 o departamento respons\u00e1vel pela coordena\u00e7\u00e3o de todos os processos relacionados com os medicamentos do munic\u00edpio, desde a aquisi\u00e7\u00e3o [&hellip;]<\/p>\n","protected":false},"author":1,"featured_media":0,"parent":0,"menu_order":0,"comment_status":"closed","ping_status":"closed","template":"","meta":{"footnotes":""},"class_list":["post-2349","page","type-page","status-publish","hentry"],"yoast_head":"<!-- This site is optimized with the Yoast SEO plugin v23.8 - https:\/\/yoast.com\/wordpress\/plugins\/seo\/ -->\n<title>Assist\u00eancia Farmac\u00eautica - Secretaria de Sa\u00fade<\/title>\n<meta name=\"robots\" content=\"index, follow, max-snippet:-1, max-image-preview:large, max-video-preview:-1\" \/>\n<link rel=\"canonical\" href=\"https:\/\/www.pmpf.rs.gov.br\/secretaria-de-saude\/assistencia-farmaceutica\/\" \/>\n<meta property=\"og:locale\" content=\"pt_BR\" \/>\n<meta property=\"og:type\" content=\"article\" \/>\n<meta property=\"og:title\" content=\"Assist\u00eancia Farmac\u00eautica - Secretaria de Sa\u00fade\" \/>\n<meta property=\"og:description\" content=\"Setor respons\u00e1vel pela distribui\u00e7\u00e3o de medicamentos a popula\u00e7\u00e3o &nbsp;O N\u00facleo de Assist\u00eancia Farmac\u00eautica \u00e9 o departamento respons\u00e1vel pela coordena\u00e7\u00e3o de todos os processos relacionados com os medicamentos do munic\u00edpio, desde a aquisi\u00e7\u00e3o [&hellip;]\" \/>\n<meta property=\"og:url\" content=\"https:\/\/www.pmpf.rs.gov.br\/secretaria-de-saude\/assistencia-farmaceutica\/\" \/>\n<meta property=\"og:site_name\" content=\"Secretaria de Sa\u00fade\" \/>\n<meta property=\"article:modified_time\" content=\"2026-02-24T17:31:09+00:00\" \/>\n<meta name=\"twitter:card\" content=\"summary_large_image\" \/>\n<meta name=\"twitter:label1\" content=\"Est. tempo de leitura\" \/>\n\t<meta name=\"twitter:data1\" content=\"1 minuto\" \/>\n<script type=\"application\/ld+json\" class=\"yoast-schema-graph\">{\"@context\":\"https:\/\/schema.org\",\"@graph\":[{\"@type\":\"WebPage\",\"@id\":\"https:\/\/www.pmpf.rs.gov.br\/secretaria-de-saude\/assistencia-farmaceutica\/\",\"url\":\"https:\/\/www.pmpf.rs.gov.br\/secretaria-de-saude\/assistencia-farmaceutica\/\",\"name\":\"Assist\u00eancia Farmac\u00eautica - Secretaria de Sa\u00fade\",\"isPartOf\":{\"@id\":\"https:\/\/www.pmpf.rs.gov.br\/secretaria-de-saude\/#website\"},\"datePublished\":\"2021-12-23T00:58:33+00:00\",\"dateModified\":\"2026-02-24T17:31:09+00:00\",\"breadcrumb\":{\"@id\":\"https:\/\/www.pmpf.rs.gov.br\/secretaria-de-saude\/assistencia-farmaceutica\/#breadcrumb\"},\"inLanguage\":\"pt-BR\",\"potentialAction\":[{\"@type\":\"ReadAction\",\"target\":[\"https:\/\/www.pmpf.rs.gov.br\/secretaria-de-saude\/assistencia-farmaceutica\/\"]}]},{\"@type\":\"BreadcrumbList\",\"@id\":\"https:\/\/www.pmpf.rs.gov.br\/secretaria-de-saude\/assistencia-farmaceutica\/#breadcrumb\",\"itemListElement\":[{\"@type\":\"ListItem\",\"position\":1,\"name\":\"In\u00edcio\",\"item\":\"https:\/\/www.pmpf.rs.gov.br\/secretaria-de-saude\/\"},{\"@type\":\"ListItem\",\"position\":2,\"name\":\"Assist\u00eancia Farmac\u00eautica\"}]},{\"@type\":\"WebSite\",\"@id\":\"https:\/\/www.pmpf.rs.gov.br\/secretaria-de-saude\/#website\",\"url\":\"https:\/\/www.pmpf.rs.gov.br\/secretaria-de-saude\/\",\"name\":\"Secretaria de Sa\u00fade\",\"description\":\"S\u00f3 mais um site Prefeitura de Passo Fundo\",\"potentialAction\":[{\"@type\":\"SearchAction\",\"target\":{\"@type\":\"EntryPoint\",\"urlTemplate\":\"https:\/\/www.pmpf.rs.gov.br\/secretaria-de-saude\/?s={search_term_string}\"},\"query-input\":{\"@type\":\"PropertyValueSpecification\",\"valueRequired\":true,\"valueName\":\"search_term_string\"}}],\"inLanguage\":\"pt-BR\"}]}<\/script>\n<!-- \/ Yoast SEO plugin. -->","yoast_head_json":{"title":"Assist\u00eancia Farmac\u00eautica - Secretaria de Sa\u00fade","robots":{"index":"index","follow":"follow","max-snippet":"max-snippet:-1","max-image-preview":"max-image-preview:large","max-video-preview":"max-video-preview:-1"},"canonical":"https:\/\/www.pmpf.rs.gov.br\/secretaria-de-saude\/assistencia-farmaceutica\/","og_locale":"pt_BR","og_type":"article","og_title":"Assist\u00eancia Farmac\u00eautica - Secretaria de Sa\u00fade","og_description":"Setor respons\u00e1vel pela distribui\u00e7\u00e3o de medicamentos a popula\u00e7\u00e3o &nbsp;O N\u00facleo de Assist\u00eancia Farmac\u00eautica \u00e9 o departamento respons\u00e1vel pela coordena\u00e7\u00e3o de todos os processos relacionados com os medicamentos do munic\u00edpio, desde a aquisi\u00e7\u00e3o [&hellip;]","og_url":"https:\/\/www.pmpf.rs.gov.br\/secretaria-de-saude\/assistencia-farmaceutica\/","og_site_name":"Secretaria de Sa\u00fade","article_modified_time":"2026-02-24T17:31:09+00:00","twitter_card":"summary_large_image","twitter_misc":{"Est. tempo de leitura":"1 minuto"},"schema":{"@context":"https:\/\/schema.org","@graph":[{"@type":"WebPage","@id":"https:\/\/www.pmpf.rs.gov.br\/secretaria-de-saude\/assistencia-farmaceutica\/","url":"https:\/\/www.pmpf.rs.gov.br\/secretaria-de-saude\/assistencia-farmaceutica\/","name":"Assist\u00eancia Farmac\u00eautica - Secretaria de Sa\u00fade","isPartOf":{"@id":"https:\/\/www.pmpf.rs.gov.br\/secretaria-de-saude\/#website"},"datePublished":"2021-12-23T00:58:33+00:00","dateModified":"2026-02-24T17:31:09+00:00","breadcrumb":{"@id":"https:\/\/www.pmpf.rs.gov.br\/secretaria-de-saude\/assistencia-farmaceutica\/#breadcrumb"},"inLanguage":"pt-BR","potentialAction":[{"@type":"ReadAction","target":["https:\/\/www.pmpf.rs.gov.br\/secretaria-de-saude\/assistencia-farmaceutica\/"]}]},{"@type":"BreadcrumbList","@id":"https:\/\/www.pmpf.rs.gov.br\/secretaria-de-saude\/assistencia-farmaceutica\/#breadcrumb","itemListElement":[{"@type":"ListItem","position":1,"name":"In\u00edcio","item":"https:\/\/www.pmpf.rs.gov.br\/secretaria-de-saude\/"},{"@type":"ListItem","position":2,"name":"Assist\u00eancia Farmac\u00eautica"}]},{"@type":"WebSite","@id":"https:\/\/www.pmpf.rs.gov.br\/secretaria-de-saude\/#website","url":"https:\/\/www.pmpf.rs.gov.br\/secretaria-de-saude\/","name":"Secretaria de Sa\u00fade","description":"S\u00f3 mais um site Prefeitura de Passo Fundo","potentialAction":[{"@type":"SearchAction","target":{"@type":"EntryPoint","urlTemplate":"https:\/\/www.pmpf.rs.gov.br\/secretaria-de-saude\/?s={search_term_string}"},"query-input":{"@type":"PropertyValueSpecification","valueRequired":true,"valueName":"search_term_string"}}],"inLanguage":"pt-BR"}]}},"_links":{"self":[{"href":"https:\/\/www.pmpf.rs.gov.br\/secretaria-de-saude\/wp-json\/wp\/v2\/pages\/2349"}],"collection":[{"href":"https:\/\/www.pmpf.rs.gov.br\/secretaria-de-saude\/wp-json\/wp\/v2\/pages"}],"about":[{"href":"https:\/\/www.pmpf.rs.gov.br\/secretaria-de-saude\/wp-json\/wp\/v2\/types\/page"}],"author":[{"embeddable":true,"href":"https:\/\/www.pmpf.rs.gov.br\/secretaria-de-saude\/wp-json\/wp\/v2\/users\/1"}],"replies":[{"embeddable":true,"href":"https:\/\/www.pmpf.rs.gov.br\/secretaria-de-saude\/wp-json\/wp\/v2\/comments?post=2349"}],"version-history":[{"count":71,"href":"https:\/\/www.pmpf.rs.gov.br\/secretaria-de-saude\/wp-json\/wp\/v2\/pages\/2349\/revisions"}],"predecessor-version":[{"id":4985,"href":"https:\/\/www.pmpf.rs.gov.br\/secretaria-de-saude\/wp-json\/wp\/v2\/pages\/2349\/revisions\/4985"}],"wp:attachment":[{"href":"https:\/\/www.pmpf.rs.gov.br\/secretaria-de-saude\/wp-json\/wp\/v2\/media?parent=2349"}],"curies":[{"name":"wp","href":"https:\/\/api.w.org\/{rel}","templated":true}]}}