{"id":2345,"date":"2021-12-22T21:57:58","date_gmt":"2021-12-23T00:57:58","guid":{"rendered":"https:\/\/www.pmpf.rs.gov.br\/secretaria-de-saude\/?page_id=2345"},"modified":"2025-11-05T10:41:32","modified_gmt":"2025-11-05T13:41:32","slug":"ambulatorio-especialidades","status":"publish","type":"page","link":"https:\/\/www.pmpf.rs.gov.br\/secretaria-de-saude\/ambulatorio-especialidades\/","title":{"rendered":"Ambulat\u00f3rio Especialidades"},"content":{"rendered":"\n<p>Oferece \u00e0 popula\u00e7\u00e3o atendimento em diversas especialidades m\u00e9dicas, especialmente para os moradores da regi\u00e3o central, Vila Popular, bairro Cruzeiro e Rodrigues. No local podem ser realizadas consultas com cl\u00ednico geral e especialistas, como cardiologista, ginecologista, geriatra e pediatra. Para as consultas com especialistas, \u00e9 realizado encaminhamento pela UBS de refer\u00eancia, via sistema de Teleagendamento, conforme protocolos cl\u00ednicos vigentes.<\/p>\n\n\n\n<p>No Ambulat\u00f3rio tamb\u00e9m \u00e9 poss\u00edvel agendar exame eletrocardiograma, conforme prescri\u00e7\u00e3o m\u00e9dica.<br>A unidade tamb\u00e9m \u00e9 refer\u00eancia para o fornecimento de bolsas coletoras e insumos para estomias. Para solicitar os materiais, o m\u00e9dico deve encaminhar o paciente para o ambulat\u00f3rio com os documentos acima citados, mais laudo m\u00e9dico ou do enfermeiro, com os itens necess\u00e1rios para o atendimento do paciente, para preenchimento no sistema de Gerenciamento de Usu\u00e1rios com Defi ci\u00eancia, no hor\u00e1rio das 08h30 \u00e0s 11h30 e tarde 13h30 \u00e0s 16h30.<\/p>\n\n\n\n<p>Para utilizar esse servi\u00e7o, basta o cidad\u00e3o se dirigir at\u00e9 o local, com documentos de identifi ca\u00e7\u00e3o pessoal, cart\u00e3o do SUS e um comprovante de resid\u00eancia (conta de \u00e1gua, luz, telefone).<\/p>\n\n\n\n<p><strong>Endere\u00e7o:<\/strong> Rua Uruguai, 1180, Centro.<br><strong>Telefones:<\/strong> (54)3313-6855 \/ (54) 3581-0412.<br><strong>Hor\u00e1rio de Atendimento:<\/strong> Segunda \u00e0 Sexta-feira, das 7h \u00e0s 17h (agendamento) e das 17h \u00e0s 22h (livre demanda).<\/p>\n\n\n\n<hr class=\"wp-block-separator has-alpha-channel-opacity\"\/>\n","protected":false},"excerpt":{"rendered":"<p>Oferece \u00e0 popula\u00e7\u00e3o atendimento em diversas especialidades m\u00e9dicas, especialmente para os moradores da regi\u00e3o central, Vila Popular, bairro Cruzeiro e Rodrigues. No local podem ser realizadas consultas com cl\u00ednico geral e especialistas, [&hellip;]<\/p>\n","protected":false},"author":1,"featured_media":0,"parent":0,"menu_order":0,"comment_status":"closed","ping_status":"closed","template":"","meta":{"footnotes":""},"class_list":["post-2345","page","type-page","status-publish","hentry"],"yoast_head":"<!-- This site is optimized with the Yoast SEO plugin v23.8 - https:\/\/yoast.com\/wordpress\/plugins\/seo\/ -->\n<title>Ambulat\u00f3rio Especialidades - Secretaria de Sa\u00fade<\/title>\n<meta name=\"robots\" content=\"index, follow, max-snippet:-1, max-image-preview:large, max-video-preview:-1\" \/>\n<link rel=\"canonical\" href=\"https:\/\/www.pmpf.rs.gov.br\/secretaria-de-saude\/ambulatorio-especialidades\/\" \/>\n<meta property=\"og:locale\" content=\"pt_BR\" \/>\n<meta property=\"og:type\" content=\"article\" \/>\n<meta property=\"og:title\" content=\"Ambulat\u00f3rio Especialidades - Secretaria de Sa\u00fade\" \/>\n<meta property=\"og:description\" content=\"Oferece \u00e0 popula\u00e7\u00e3o atendimento em diversas especialidades m\u00e9dicas, especialmente para os moradores da regi\u00e3o central, Vila Popular, bairro Cruzeiro e Rodrigues. No local podem ser realizadas consultas com cl\u00ednico geral e especialistas, [&hellip;]\" \/>\n<meta property=\"og:url\" content=\"https:\/\/www.pmpf.rs.gov.br\/secretaria-de-saude\/ambulatorio-especialidades\/\" \/>\n<meta property=\"og:site_name\" content=\"Secretaria de Sa\u00fade\" \/>\n<meta property=\"article:modified_time\" content=\"2025-11-05T13:41:32+00:00\" \/>\n<meta name=\"twitter:card\" content=\"summary_large_image\" \/>\n<meta name=\"twitter:label1\" content=\"Est. tempo de leitura\" \/>\n\t<meta name=\"twitter:data1\" content=\"1 minuto\" \/>\n<script type=\"application\/ld+json\" class=\"yoast-schema-graph\">{\"@context\":\"https:\/\/schema.org\",\"@graph\":[{\"@type\":\"WebPage\",\"@id\":\"https:\/\/www.pmpf.rs.gov.br\/secretaria-de-saude\/ambulatorio-especialidades\/\",\"url\":\"https:\/\/www.pmpf.rs.gov.br\/secretaria-de-saude\/ambulatorio-especialidades\/\",\"name\":\"Ambulat\u00f3rio Especialidades - Secretaria de Sa\u00fade\",\"isPartOf\":{\"@id\":\"https:\/\/www.pmpf.rs.gov.br\/secretaria-de-saude\/#website\"},\"datePublished\":\"2021-12-23T00:57:58+00:00\",\"dateModified\":\"2025-11-05T13:41:32+00:00\",\"breadcrumb\":{\"@id\":\"https:\/\/www.pmpf.rs.gov.br\/secretaria-de-saude\/ambulatorio-especialidades\/#breadcrumb\"},\"inLanguage\":\"pt-BR\",\"potentialAction\":[{\"@type\":\"ReadAction\",\"target\":[\"https:\/\/www.pmpf.rs.gov.br\/secretaria-de-saude\/ambulatorio-especialidades\/\"]}]},{\"@type\":\"BreadcrumbList\",\"@id\":\"https:\/\/www.pmpf.rs.gov.br\/secretaria-de-saude\/ambulatorio-especialidades\/#breadcrumb\",\"itemListElement\":[{\"@type\":\"ListItem\",\"position\":1,\"name\":\"In\u00edcio\",\"item\":\"https:\/\/www.pmpf.rs.gov.br\/secretaria-de-saude\/\"},{\"@type\":\"ListItem\",\"position\":2,\"name\":\"Ambulat\u00f3rio Especialidades\"}]},{\"@type\":\"WebSite\",\"@id\":\"https:\/\/www.pmpf.rs.gov.br\/secretaria-de-saude\/#website\",\"url\":\"https:\/\/www.pmpf.rs.gov.br\/secretaria-de-saude\/\",\"name\":\"Secretaria de Sa\u00fade\",\"description\":\"S\u00f3 mais um site Prefeitura de Passo Fundo\",\"potentialAction\":[{\"@type\":\"SearchAction\",\"target\":{\"@type\":\"EntryPoint\",\"urlTemplate\":\"https:\/\/www.pmpf.rs.gov.br\/secretaria-de-saude\/?s={search_term_string}\"},\"query-input\":{\"@type\":\"PropertyValueSpecification\",\"valueRequired\":true,\"valueName\":\"search_term_string\"}}],\"inLanguage\":\"pt-BR\"}]}<\/script>\n<!-- \/ Yoast SEO plugin. -->","yoast_head_json":{"title":"Ambulat\u00f3rio Especialidades - Secretaria de Sa\u00fade","robots":{"index":"index","follow":"follow","max-snippet":"max-snippet:-1","max-image-preview":"max-image-preview:large","max-video-preview":"max-video-preview:-1"},"canonical":"https:\/\/www.pmpf.rs.gov.br\/secretaria-de-saude\/ambulatorio-especialidades\/","og_locale":"pt_BR","og_type":"article","og_title":"Ambulat\u00f3rio Especialidades - Secretaria de Sa\u00fade","og_description":"Oferece \u00e0 popula\u00e7\u00e3o atendimento em diversas especialidades m\u00e9dicas, especialmente para os moradores da regi\u00e3o central, Vila Popular, bairro Cruzeiro e Rodrigues. No local podem ser realizadas consultas com cl\u00ednico geral e especialistas, [&hellip;]","og_url":"https:\/\/www.pmpf.rs.gov.br\/secretaria-de-saude\/ambulatorio-especialidades\/","og_site_name":"Secretaria de Sa\u00fade","article_modified_time":"2025-11-05T13:41:32+00:00","twitter_card":"summary_large_image","twitter_misc":{"Est. tempo de leitura":"1 minuto"},"schema":{"@context":"https:\/\/schema.org","@graph":[{"@type":"WebPage","@id":"https:\/\/www.pmpf.rs.gov.br\/secretaria-de-saude\/ambulatorio-especialidades\/","url":"https:\/\/www.pmpf.rs.gov.br\/secretaria-de-saude\/ambulatorio-especialidades\/","name":"Ambulat\u00f3rio Especialidades - Secretaria de Sa\u00fade","isPartOf":{"@id":"https:\/\/www.pmpf.rs.gov.br\/secretaria-de-saude\/#website"},"datePublished":"2021-12-23T00:57:58+00:00","dateModified":"2025-11-05T13:41:32+00:00","breadcrumb":{"@id":"https:\/\/www.pmpf.rs.gov.br\/secretaria-de-saude\/ambulatorio-especialidades\/#breadcrumb"},"inLanguage":"pt-BR","potentialAction":[{"@type":"ReadAction","target":["https:\/\/www.pmpf.rs.gov.br\/secretaria-de-saude\/ambulatorio-especialidades\/"]}]},{"@type":"BreadcrumbList","@id":"https:\/\/www.pmpf.rs.gov.br\/secretaria-de-saude\/ambulatorio-especialidades\/#breadcrumb","itemListElement":[{"@type":"ListItem","position":1,"name":"In\u00edcio","item":"https:\/\/www.pmpf.rs.gov.br\/secretaria-de-saude\/"},{"@type":"ListItem","position":2,"name":"Ambulat\u00f3rio Especialidades"}]},{"@type":"WebSite","@id":"https:\/\/www.pmpf.rs.gov.br\/secretaria-de-saude\/#website","url":"https:\/\/www.pmpf.rs.gov.br\/secretaria-de-saude\/","name":"Secretaria de Sa\u00fade","description":"S\u00f3 mais um site Prefeitura de Passo Fundo","potentialAction":[{"@type":"SearchAction","target":{"@type":"EntryPoint","urlTemplate":"https:\/\/www.pmpf.rs.gov.br\/secretaria-de-saude\/?s={search_term_string}"},"query-input":{"@type":"PropertyValueSpecification","valueRequired":true,"valueName":"search_term_string"}}],"inLanguage":"pt-BR"}]}},"_links":{"self":[{"href":"https:\/\/www.pmpf.rs.gov.br\/secretaria-de-saude\/wp-json\/wp\/v2\/pages\/2345"}],"collection":[{"href":"https:\/\/www.pmpf.rs.gov.br\/secretaria-de-saude\/wp-json\/wp\/v2\/pages"}],"about":[{"href":"https:\/\/www.pmpf.rs.gov.br\/secretaria-de-saude\/wp-json\/wp\/v2\/types\/page"}],"author":[{"embeddable":true,"href":"https:\/\/www.pmpf.rs.gov.br\/secretaria-de-saude\/wp-json\/wp\/v2\/users\/1"}],"replies":[{"embeddable":true,"href":"https:\/\/www.pmpf.rs.gov.br\/secretaria-de-saude\/wp-json\/wp\/v2\/comments?post=2345"}],"version-history":[{"count":7,"href":"https:\/\/www.pmpf.rs.gov.br\/secretaria-de-saude\/wp-json\/wp\/v2\/pages\/2345\/revisions"}],"predecessor-version":[{"id":4731,"href":"https:\/\/www.pmpf.rs.gov.br\/secretaria-de-saude\/wp-json\/wp\/v2\/pages\/2345\/revisions\/4731"}],"wp:attachment":[{"href":"https:\/\/www.pmpf.rs.gov.br\/secretaria-de-saude\/wp-json\/wp\/v2\/media?parent=2345"}],"curies":[{"name":"wp","href":"https:\/\/api.w.org\/{rel}","templated":true}]}}