{"id":2330,"date":"2021-12-22T21:55:31","date_gmt":"2021-12-23T00:55:31","guid":{"rendered":"https:\/\/www.pmpf.rs.gov.br\/secretaria-de-saude\/?page_id=2330"},"modified":"2025-12-24T10:58:10","modified_gmt":"2025-12-24T13:58:10","slug":"transportes","status":"publish","type":"page","link":"https:\/\/www.pmpf.rs.gov.br\/secretaria-de-saude\/transportes\/","title":{"rendered":"Transportes"},"content":{"rendered":"\n<p>O servi\u00e7o de transporte da Secretaria de Sa\u00fade \u00e9 respons\u00e1vel pelo translado de pacientes que necessitam de atendimento dentro e fora da regi\u00e3o de Passo Fundo. Esse servi\u00e7o visa garantir o acesso \u00e0s consultas, exames e tratamentos, sempre priorizando a seguran\u00e7a e o bem-estar dos pacientes. Para utilizar esse servi\u00e7o, \u00e9 necess\u00e1rio atender a crit\u00e9rios espec\u00edficos, que variam conforme a necessidade do paciente.<\/p>\n\n\n\n<p>Confira as orienta\u00e7\u00f5es detalhadas:<\/p>\n\n\n\n<ol class=\"wp-block-list\">\n<li><strong>Transporte dentro do munic\u00edpio<\/strong><br>\n<ul class=\"wp-block-list\">\n<li><strong>1.1 Remo\u00e7\u00f5es Internas (Unidades de Sa\u00fade para Emerg\u00eancias Hospitalares) <\/strong><br>A unidade de sa\u00fade deve entrar em contato com a emerg\u00eancia hospitalar para verificar a possibilidade de acomoda\u00e7\u00e3o do paciente. O encaminhamento deve ser registrado e impresso via prontu\u00e1rio e-SUS, contendo a identifica\u00e7\u00e3o do profissional respons\u00e1vel pelo envio do paciente e o nome do profissional que ir\u00e1 receb\u00ea-lo no hospital.<br><\/li>\n\n\n\n<li><strong>1.2 Transporte de Ambul\u00e2ncia<\/strong> <br>Passo Fundo conta com uma ambul\u00e2ncia de suporte b\u00e1sico, para transporte de pacientes dentro do munic\u00edpio. A equipe possui um motorista e dois t\u00e9cnicos de enfermagem. \u00c9 utilizado preferencialmente para pacientes acamados que necessitam de maca ou cadeirantes. Protocolo de necessidade de tratamento para quimioterapia, radioterapia, entre outros, consultas e exames. Para solicita\u00e7\u00e3o de ambul\u00e2ncia, deve ser realizado um agendamento pr\u00e9vio diretamente ao setor de exames, na sede da SMS ou por telefone (3316-1028).<br><\/li>\n\n\n\n<li><strong>1.3 Transporte para Hemodi\u00e1lise<\/strong> <br>O transporte para hemodi\u00e1lise ocorre de segunda a s\u00e1bado, das 7h \u00e0s 23h. Para solicitar o servi\u00e7o, o paciente deve apresentar um documento emitido pela unidade de sa\u00fade de refer\u00eancia, informando a necessidade e gravidade do quadro cl\u00ednico, al\u00e9m dos dias e hor\u00e1rios das sess\u00f5es de hemodi\u00e1lise.<br><\/li>\n\n\n\n<li><strong>1.4 Transporte para Altas e Transfer\u00eancias<\/strong> <br>Pacientes que receberam alta hospitalar ou necessitam de transfer\u00eancia, devem ser encaminhados pelo setor de Assist\u00eancia Social do hospital, diretamente ao setor de Transportes.<br><\/li>\n<\/ul>\n<\/li>\n\n\n\n<li><strong>Transporte para outros Munic\u00edpios<\/strong> <br>Agendamento de viagens para consultas e exames realizados fora do Munic\u00edpio.<br>\n<ul class=\"wp-block-list\">\n<li><strong>2.1 Passo Fundo para Porto Alegre<\/strong><br>\u00c9 disponibilizado passagens de \u00f4nibus com viagens durante toda semana com hor\u00e1rio de acordo com a necessidade de cada paciente. \u00c9 necess\u00e1rio o agendamento com anteced\u00eancia de 5 dias, que pode ser feito de segunda a sexta-feira das 8h \u00e0s 12h e das 13h \u00e0s 17h, junto ao N\u00facleo de Transportes da Secretaria de Sa\u00fade de Passo Fundo para retirada das passagens.<br>\n<ul class=\"wp-block-list\">\n<li><strong>Documentos Necess\u00e1rios:<\/strong>\n<ul class=\"wp-block-list\">\n<li>a. Comprovante de consulta pr\u00e9-agendada;<\/li>\n\n\n\n<li>b. Cart\u00e3o SUS do paciente;<\/li>\n\n\n\n<li>c. Documento de identifica\u00e7\u00e3o ou CPF do paciente;<\/li>\n\n\n\n<li>d. Documentos de identifica\u00e7\u00e3o ou CPF do acompanhante, quando necess\u00e1rio;<\/li>\n\n\n\n<li>e. Crian\u00e7as apresentar certid\u00e3o de nascimento;<\/li>\n\n\n\n<li>f. Telefone m\u00f3vel do paciente assim como do familiar.<br><\/li>\n<\/ul>\n<\/li>\n<\/ul>\n<\/li>\n\n\n\n<li><strong>2.2 Deslocamentos Intermunicipais<\/strong> <br>\u00c9 necess\u00e1rio solicita\u00e7\u00e3o atrav\u00e9s de um laudo m\u00e9dico informando o quadro do paciente e modelo necess\u00e1rio de ambul\u00e2ncia (UTI m\u00f3vel, suporte b\u00e1sico ou avan\u00e7ado). Em caso de transfer\u00eancias, contato pr\u00e9vio com reserva de leito ou maca com Hospital e M\u00e9dico respons\u00e1vel pela recep\u00e7\u00e3o do paciente. <br>\n<ul class=\"wp-block-list\">\n<li><strong>Documentos Necess\u00e1rios:<\/strong>\n<ul class=\"wp-block-list\">\n<li>a. Cart\u00e3o SUS do paciente;<\/li>\n\n\n\n<li>b. Documento de identifica\u00e7\u00e3o ou CPF do paciente;<\/li>\n<\/ul>\n<\/li>\n<\/ul>\n<\/li>\n<\/ul>\n<\/li>\n<\/ol>\n\n\n\n<hr class=\"wp-block-separator has-alpha-channel-opacity\"\/>\n\n\n\n<p><a href=\"https:\/\/www.pmpf.rs.gov.br\/secretaria-de-saude\/wp-content\/uploads\/sites\/50\/2022\/03\/os-03-2025-transporte-04122025.pdf\" target=\"_blank\" rel=\"noreferrer noopener\">Ordem de Servi\u00e7o 03\/2025<\/a> &#8211; Estabelece a regulamenta\u00e7\u00e3o do transporte para interna\u00e7\u00f5es hospitalares eletivas via Sistema \u00danico de Sa\u00fade &#8211; SUS<\/p>\n\n\n\n<p><\/p>\n","protected":false},"excerpt":{"rendered":"<p>O servi\u00e7o de transporte da Secretaria de Sa\u00fade \u00e9 respons\u00e1vel pelo translado de pacientes que necessitam de atendimento dentro e fora da regi\u00e3o de Passo Fundo. Esse servi\u00e7o visa garantir o acesso [&hellip;]<\/p>\n","protected":false},"author":1,"featured_media":0,"parent":0,"menu_order":0,"comment_status":"closed","ping_status":"closed","template":"","meta":{"footnotes":""},"class_list":["post-2330","page","type-page","status-publish","hentry"],"yoast_head":"<!-- This site is optimized with the Yoast SEO plugin v23.8 - https:\/\/yoast.com\/wordpress\/plugins\/seo\/ -->\n<title>Transportes - Secretaria de Sa\u00fade<\/title>\n<meta name=\"robots\" content=\"index, follow, max-snippet:-1, max-image-preview:large, max-video-preview:-1\" \/>\n<link rel=\"canonical\" href=\"https:\/\/www.pmpf.rs.gov.br\/secretaria-de-saude\/transportes\/\" \/>\n<meta property=\"og:locale\" content=\"pt_BR\" \/>\n<meta property=\"og:type\" content=\"article\" \/>\n<meta property=\"og:title\" content=\"Transportes - Secretaria de Sa\u00fade\" \/>\n<meta property=\"og:description\" content=\"O servi\u00e7o de transporte da Secretaria de Sa\u00fade \u00e9 respons\u00e1vel pelo translado de pacientes que necessitam de atendimento dentro e fora da regi\u00e3o de Passo Fundo. Esse servi\u00e7o visa garantir o acesso [&hellip;]\" \/>\n<meta property=\"og:url\" content=\"https:\/\/www.pmpf.rs.gov.br\/secretaria-de-saude\/transportes\/\" \/>\n<meta property=\"og:site_name\" content=\"Secretaria de Sa\u00fade\" \/>\n<meta property=\"article:modified_time\" content=\"2025-12-24T13:58:10+00:00\" \/>\n<meta name=\"twitter:card\" content=\"summary_large_image\" \/>\n<meta name=\"twitter:label1\" content=\"Est. tempo de leitura\" \/>\n\t<meta name=\"twitter:data1\" content=\"3 minutos\" \/>\n<script type=\"application\/ld+json\" class=\"yoast-schema-graph\">{\"@context\":\"https:\/\/schema.org\",\"@graph\":[{\"@type\":\"WebPage\",\"@id\":\"https:\/\/www.pmpf.rs.gov.br\/secretaria-de-saude\/transportes\/\",\"url\":\"https:\/\/www.pmpf.rs.gov.br\/secretaria-de-saude\/transportes\/\",\"name\":\"Transportes - Secretaria de Sa\u00fade\",\"isPartOf\":{\"@id\":\"https:\/\/www.pmpf.rs.gov.br\/secretaria-de-saude\/#website\"},\"datePublished\":\"2021-12-23T00:55:31+00:00\",\"dateModified\":\"2025-12-24T13:58:10+00:00\",\"breadcrumb\":{\"@id\":\"https:\/\/www.pmpf.rs.gov.br\/secretaria-de-saude\/transportes\/#breadcrumb\"},\"inLanguage\":\"pt-BR\",\"potentialAction\":[{\"@type\":\"ReadAction\",\"target\":[\"https:\/\/www.pmpf.rs.gov.br\/secretaria-de-saude\/transportes\/\"]}]},{\"@type\":\"BreadcrumbList\",\"@id\":\"https:\/\/www.pmpf.rs.gov.br\/secretaria-de-saude\/transportes\/#breadcrumb\",\"itemListElement\":[{\"@type\":\"ListItem\",\"position\":1,\"name\":\"In\u00edcio\",\"item\":\"https:\/\/www.pmpf.rs.gov.br\/secretaria-de-saude\/\"},{\"@type\":\"ListItem\",\"position\":2,\"name\":\"Transportes\"}]},{\"@type\":\"WebSite\",\"@id\":\"https:\/\/www.pmpf.rs.gov.br\/secretaria-de-saude\/#website\",\"url\":\"https:\/\/www.pmpf.rs.gov.br\/secretaria-de-saude\/\",\"name\":\"Secretaria de Sa\u00fade\",\"description\":\"S\u00f3 mais um site Prefeitura de Passo Fundo\",\"potentialAction\":[{\"@type\":\"SearchAction\",\"target\":{\"@type\":\"EntryPoint\",\"urlTemplate\":\"https:\/\/www.pmpf.rs.gov.br\/secretaria-de-saude\/?s={search_term_string}\"},\"query-input\":{\"@type\":\"PropertyValueSpecification\",\"valueRequired\":true,\"valueName\":\"search_term_string\"}}],\"inLanguage\":\"pt-BR\"}]}<\/script>\n<!-- \/ Yoast SEO plugin. -->","yoast_head_json":{"title":"Transportes - Secretaria de Sa\u00fade","robots":{"index":"index","follow":"follow","max-snippet":"max-snippet:-1","max-image-preview":"max-image-preview:large","max-video-preview":"max-video-preview:-1"},"canonical":"https:\/\/www.pmpf.rs.gov.br\/secretaria-de-saude\/transportes\/","og_locale":"pt_BR","og_type":"article","og_title":"Transportes - Secretaria de Sa\u00fade","og_description":"O servi\u00e7o de transporte da Secretaria de Sa\u00fade \u00e9 respons\u00e1vel pelo translado de pacientes que necessitam de atendimento dentro e fora da regi\u00e3o de Passo Fundo. Esse servi\u00e7o visa garantir o acesso [&hellip;]","og_url":"https:\/\/www.pmpf.rs.gov.br\/secretaria-de-saude\/transportes\/","og_site_name":"Secretaria de Sa\u00fade","article_modified_time":"2025-12-24T13:58:10+00:00","twitter_card":"summary_large_image","twitter_misc":{"Est. tempo de leitura":"3 minutos"},"schema":{"@context":"https:\/\/schema.org","@graph":[{"@type":"WebPage","@id":"https:\/\/www.pmpf.rs.gov.br\/secretaria-de-saude\/transportes\/","url":"https:\/\/www.pmpf.rs.gov.br\/secretaria-de-saude\/transportes\/","name":"Transportes - Secretaria de Sa\u00fade","isPartOf":{"@id":"https:\/\/www.pmpf.rs.gov.br\/secretaria-de-saude\/#website"},"datePublished":"2021-12-23T00:55:31+00:00","dateModified":"2025-12-24T13:58:10+00:00","breadcrumb":{"@id":"https:\/\/www.pmpf.rs.gov.br\/secretaria-de-saude\/transportes\/#breadcrumb"},"inLanguage":"pt-BR","potentialAction":[{"@type":"ReadAction","target":["https:\/\/www.pmpf.rs.gov.br\/secretaria-de-saude\/transportes\/"]}]},{"@type":"BreadcrumbList","@id":"https:\/\/www.pmpf.rs.gov.br\/secretaria-de-saude\/transportes\/#breadcrumb","itemListElement":[{"@type":"ListItem","position":1,"name":"In\u00edcio","item":"https:\/\/www.pmpf.rs.gov.br\/secretaria-de-saude\/"},{"@type":"ListItem","position":2,"name":"Transportes"}]},{"@type":"WebSite","@id":"https:\/\/www.pmpf.rs.gov.br\/secretaria-de-saude\/#website","url":"https:\/\/www.pmpf.rs.gov.br\/secretaria-de-saude\/","name":"Secretaria de Sa\u00fade","description":"S\u00f3 mais um site Prefeitura de Passo Fundo","potentialAction":[{"@type":"SearchAction","target":{"@type":"EntryPoint","urlTemplate":"https:\/\/www.pmpf.rs.gov.br\/secretaria-de-saude\/?s={search_term_string}"},"query-input":{"@type":"PropertyValueSpecification","valueRequired":true,"valueName":"search_term_string"}}],"inLanguage":"pt-BR"}]}},"_links":{"self":[{"href":"https:\/\/www.pmpf.rs.gov.br\/secretaria-de-saude\/wp-json\/wp\/v2\/pages\/2330"}],"collection":[{"href":"https:\/\/www.pmpf.rs.gov.br\/secretaria-de-saude\/wp-json\/wp\/v2\/pages"}],"about":[{"href":"https:\/\/www.pmpf.rs.gov.br\/secretaria-de-saude\/wp-json\/wp\/v2\/types\/page"}],"author":[{"embeddable":true,"href":"https:\/\/www.pmpf.rs.gov.br\/secretaria-de-saude\/wp-json\/wp\/v2\/users\/1"}],"replies":[{"embeddable":true,"href":"https:\/\/www.pmpf.rs.gov.br\/secretaria-de-saude\/wp-json\/wp\/v2\/comments?post=2330"}],"version-history":[{"count":18,"href":"https:\/\/www.pmpf.rs.gov.br\/secretaria-de-saude\/wp-json\/wp\/v2\/pages\/2330\/revisions"}],"predecessor-version":[{"id":4880,"href":"https:\/\/www.pmpf.rs.gov.br\/secretaria-de-saude\/wp-json\/wp\/v2\/pages\/2330\/revisions\/4880"}],"wp:attachment":[{"href":"https:\/\/www.pmpf.rs.gov.br\/secretaria-de-saude\/wp-json\/wp\/v2\/media?parent=2330"}],"curies":[{"name":"wp","href":"https:\/\/api.w.org\/{rel}","templated":true}]}}