{"id":2313,"date":"2021-12-22T21:52:08","date_gmt":"2021-12-23T00:52:08","guid":{"rendered":"https:\/\/www.pmpf.rs.gov.br\/secretaria-de-saude\/?page_id=2313"},"modified":"2025-09-09T15:03:39","modified_gmt":"2025-09-09T18:03:39","slug":"conheca-o-secretario","status":"publish","type":"page","link":"https:\/\/www.pmpf.rs.gov.br\/secretaria-de-saude\/conheca-o-secretario\/","title":{"rendered":"Conhe\u00e7a o Secret\u00e1rio"},"content":{"rendered":"\n<h2 class=\"wp-block-heading\">Gest\u00e3o 2025-2028 &#8211; Diego Teixeira de Farias<\/h2>\n\n\n<div class=\"wp-block-image\">\n<figure class=\"alignleft size-full is-resized\"><img loading=\"lazy\" decoding=\"async\" width=\"1280\" height=\"853\" src=\"https:\/\/www.pmpf.rs.gov.br\/secretaria-de-saude\/wp-content\/uploads\/sites\/50\/2021\/12\/saude-diego-farias.jpg\" alt=\"\" class=\"wp-image-4271\" style=\"width:380px\" srcset=\"https:\/\/www.pmpf.rs.gov.br\/secretaria-de-saude\/wp-content\/uploads\/sites\/50\/2021\/12\/saude-diego-farias.jpg 1280w, https:\/\/www.pmpf.rs.gov.br\/secretaria-de-saude\/wp-content\/uploads\/sites\/50\/2021\/12\/saude-diego-farias-300x200.jpg 300w, https:\/\/www.pmpf.rs.gov.br\/secretaria-de-saude\/wp-content\/uploads\/sites\/50\/2021\/12\/saude-diego-farias-1024x682.jpg 1024w, https:\/\/www.pmpf.rs.gov.br\/secretaria-de-saude\/wp-content\/uploads\/sites\/50\/2021\/12\/saude-diego-farias-768x512.jpg 768w\" sizes=\"(max-width: 1280px) 100vw, 1280px\" \/><\/figure><\/div>\n\n\n<p><br>Diego Teixeira de Farias \u00e9 m\u00e9dico da Aten\u00e7\u00e3o B\u00e1sica do munic\u00edpio, atuando desde 2018 por meio do Programa Mais M\u00e9dicos. Formado pela Universidade Luterana do Brasil (Ulbra-Canoas), possui experi\u00eancia em grandes hospitais da regi\u00e3o metropolitana, como: Hospital Universit\u00e1rio (HU-Canoas), Hospital de Pronto Socorro (HPS-Canoas), Hospital de Pronto Socorro (HPS-POA), Hospital Nossa Senhora das Gra\u00e7as (HNSG-Canoas) e Hospital Materno Infantil Presidente Vargas (HMIPV-POA).&nbsp;<\/p>\n\n\n\n<p>Especializou-se em Aten\u00e7\u00e3o B\u00e1sica pela Universidade Federal de Santa Catarina (UFSC), com forma\u00e7\u00e3o voltada para a humaniza\u00e7\u00e3o do cuidado, a promo\u00e7\u00e3o da sa\u00fade e a preven\u00e7\u00e3o de doen\u00e7as \u2014 diretrizes fundamentais do Sistema \u00danico de Sa\u00fade (SUS).<\/p>\n\n\n\n<p>Em 2019 ingressou no Hospital Beneficente Dr. C\u00e9sar Santos (HBCS) como plantonista na emerg\u00eancia e, por tr\u00eas anos (2022 a 2024), exerceu o cargo de Diretor T\u00e9cnico da institui\u00e7\u00e3o hospitalar.<\/p>\n\n\n\n<hr class=\"wp-block-separator has-alpha-channel-opacity\"\/>\n","protected":false},"excerpt":{"rendered":"<p>Gest\u00e3o 2025-2028 &#8211; Diego Teixeira de Farias Diego Teixeira de Farias \u00e9 m\u00e9dico da Aten\u00e7\u00e3o B\u00e1sica do munic\u00edpio, atuando desde 2018 por meio do Programa Mais M\u00e9dicos. Formado pela Universidade Luterana do [&hellip;]<\/p>\n","protected":false},"author":1,"featured_media":0,"parent":0,"menu_order":0,"comment_status":"closed","ping_status":"closed","template":"","meta":{"footnotes":""},"class_list":["post-2313","page","type-page","status-publish","hentry"],"yoast_head":"<!-- This site is optimized with the Yoast SEO plugin v23.8 - https:\/\/yoast.com\/wordpress\/plugins\/seo\/ -->\n<title>Conhe\u00e7a o Secret\u00e1rio - Secretaria de Sa\u00fade<\/title>\n<meta name=\"robots\" content=\"index, follow, max-snippet:-1, max-image-preview:large, max-video-preview:-1\" \/>\n<link rel=\"canonical\" href=\"https:\/\/www.pmpf.rs.gov.br\/secretaria-de-saude\/conheca-o-secretario\/\" \/>\n<meta property=\"og:locale\" content=\"pt_BR\" \/>\n<meta property=\"og:type\" content=\"article\" \/>\n<meta property=\"og:title\" content=\"Conhe\u00e7a o Secret\u00e1rio - Secretaria de Sa\u00fade\" \/>\n<meta property=\"og:description\" content=\"Gest\u00e3o 2025-2028 &#8211; Diego Teixeira de Farias Diego Teixeira de Farias \u00e9 m\u00e9dico da Aten\u00e7\u00e3o B\u00e1sica do munic\u00edpio, atuando desde 2018 por meio do Programa Mais M\u00e9dicos. Formado pela Universidade Luterana do [&hellip;]\" \/>\n<meta property=\"og:url\" content=\"https:\/\/www.pmpf.rs.gov.br\/secretaria-de-saude\/conheca-o-secretario\/\" \/>\n<meta property=\"og:site_name\" content=\"Secretaria de Sa\u00fade\" \/>\n<meta property=\"article:modified_time\" content=\"2025-09-09T18:03:39+00:00\" \/>\n<meta property=\"og:image\" content=\"https:\/\/www.pmpf.rs.gov.br\/secretaria-de-saude\/wp-content\/uploads\/sites\/50\/2021\/12\/saude-diego-farias.jpg\" \/>\n\t<meta property=\"og:image:width\" content=\"1280\" \/>\n\t<meta property=\"og:image:height\" content=\"853\" \/>\n\t<meta property=\"og:image:type\" content=\"image\/jpeg\" \/>\n<meta name=\"twitter:card\" content=\"summary_large_image\" \/>\n<meta name=\"twitter:label1\" content=\"Est. tempo de leitura\" \/>\n\t<meta name=\"twitter:data1\" content=\"2 minutos\" \/>\n<script type=\"application\/ld+json\" class=\"yoast-schema-graph\">{\"@context\":\"https:\/\/schema.org\",\"@graph\":[{\"@type\":\"WebPage\",\"@id\":\"https:\/\/www.pmpf.rs.gov.br\/secretaria-de-saude\/conheca-o-secretario\/\",\"url\":\"https:\/\/www.pmpf.rs.gov.br\/secretaria-de-saude\/conheca-o-secretario\/\",\"name\":\"Conhe\u00e7a o Secret\u00e1rio - Secretaria de Sa\u00fade\",\"isPartOf\":{\"@id\":\"https:\/\/www.pmpf.rs.gov.br\/secretaria-de-saude\/#website\"},\"primaryImageOfPage\":{\"@id\":\"https:\/\/www.pmpf.rs.gov.br\/secretaria-de-saude\/conheca-o-secretario\/#primaryimage\"},\"image\":{\"@id\":\"https:\/\/www.pmpf.rs.gov.br\/secretaria-de-saude\/conheca-o-secretario\/#primaryimage\"},\"thumbnailUrl\":\"https:\/\/www.pmpf.rs.gov.br\/secretaria-de-saude\/wp-content\/uploads\/sites\/50\/2021\/12\/saude-diego-farias.jpg\",\"datePublished\":\"2021-12-23T00:52:08+00:00\",\"dateModified\":\"2025-09-09T18:03:39+00:00\",\"breadcrumb\":{\"@id\":\"https:\/\/www.pmpf.rs.gov.br\/secretaria-de-saude\/conheca-o-secretario\/#breadcrumb\"},\"inLanguage\":\"pt-BR\",\"potentialAction\":[{\"@type\":\"ReadAction\",\"target\":[\"https:\/\/www.pmpf.rs.gov.br\/secretaria-de-saude\/conheca-o-secretario\/\"]}]},{\"@type\":\"ImageObject\",\"inLanguage\":\"pt-BR\",\"@id\":\"https:\/\/www.pmpf.rs.gov.br\/secretaria-de-saude\/conheca-o-secretario\/#primaryimage\",\"url\":\"https:\/\/www.pmpf.rs.gov.br\/secretaria-de-saude\/wp-content\/uploads\/sites\/50\/2021\/12\/saude-diego-farias.jpg\",\"contentUrl\":\"https:\/\/www.pmpf.rs.gov.br\/secretaria-de-saude\/wp-content\/uploads\/sites\/50\/2021\/12\/saude-diego-farias.jpg\",\"width\":1280,\"height\":853},{\"@type\":\"BreadcrumbList\",\"@id\":\"https:\/\/www.pmpf.rs.gov.br\/secretaria-de-saude\/conheca-o-secretario\/#breadcrumb\",\"itemListElement\":[{\"@type\":\"ListItem\",\"position\":1,\"name\":\"In\u00edcio\",\"item\":\"https:\/\/www.pmpf.rs.gov.br\/secretaria-de-saude\/\"},{\"@type\":\"ListItem\",\"position\":2,\"name\":\"Conhe\u00e7a o Secret\u00e1rio\"}]},{\"@type\":\"WebSite\",\"@id\":\"https:\/\/www.pmpf.rs.gov.br\/secretaria-de-saude\/#website\",\"url\":\"https:\/\/www.pmpf.rs.gov.br\/secretaria-de-saude\/\",\"name\":\"Secretaria de Sa\u00fade\",\"description\":\"S\u00f3 mais um site Prefeitura de Passo Fundo\",\"potentialAction\":[{\"@type\":\"SearchAction\",\"target\":{\"@type\":\"EntryPoint\",\"urlTemplate\":\"https:\/\/www.pmpf.rs.gov.br\/secretaria-de-saude\/?s={search_term_string}\"},\"query-input\":{\"@type\":\"PropertyValueSpecification\",\"valueRequired\":true,\"valueName\":\"search_term_string\"}}],\"inLanguage\":\"pt-BR\"}]}<\/script>\n<!-- \/ Yoast SEO plugin. -->","yoast_head_json":{"title":"Conhe\u00e7a o Secret\u00e1rio - Secretaria de Sa\u00fade","robots":{"index":"index","follow":"follow","max-snippet":"max-snippet:-1","max-image-preview":"max-image-preview:large","max-video-preview":"max-video-preview:-1"},"canonical":"https:\/\/www.pmpf.rs.gov.br\/secretaria-de-saude\/conheca-o-secretario\/","og_locale":"pt_BR","og_type":"article","og_title":"Conhe\u00e7a o Secret\u00e1rio - Secretaria de Sa\u00fade","og_description":"Gest\u00e3o 2025-2028 &#8211; Diego Teixeira de Farias Diego Teixeira de Farias \u00e9 m\u00e9dico da Aten\u00e7\u00e3o B\u00e1sica do munic\u00edpio, atuando desde 2018 por meio do Programa Mais M\u00e9dicos. Formado pela Universidade Luterana do [&hellip;]","og_url":"https:\/\/www.pmpf.rs.gov.br\/secretaria-de-saude\/conheca-o-secretario\/","og_site_name":"Secretaria de Sa\u00fade","article_modified_time":"2025-09-09T18:03:39+00:00","og_image":[{"width":1280,"height":853,"url":"https:\/\/www.pmpf.rs.gov.br\/secretaria-de-saude\/wp-content\/uploads\/sites\/50\/2021\/12\/saude-diego-farias.jpg","type":"image\/jpeg"}],"twitter_card":"summary_large_image","twitter_misc":{"Est. tempo de leitura":"2 minutos"},"schema":{"@context":"https:\/\/schema.org","@graph":[{"@type":"WebPage","@id":"https:\/\/www.pmpf.rs.gov.br\/secretaria-de-saude\/conheca-o-secretario\/","url":"https:\/\/www.pmpf.rs.gov.br\/secretaria-de-saude\/conheca-o-secretario\/","name":"Conhe\u00e7a o Secret\u00e1rio - Secretaria de Sa\u00fade","isPartOf":{"@id":"https:\/\/www.pmpf.rs.gov.br\/secretaria-de-saude\/#website"},"primaryImageOfPage":{"@id":"https:\/\/www.pmpf.rs.gov.br\/secretaria-de-saude\/conheca-o-secretario\/#primaryimage"},"image":{"@id":"https:\/\/www.pmpf.rs.gov.br\/secretaria-de-saude\/conheca-o-secretario\/#primaryimage"},"thumbnailUrl":"https:\/\/www.pmpf.rs.gov.br\/secretaria-de-saude\/wp-content\/uploads\/sites\/50\/2021\/12\/saude-diego-farias.jpg","datePublished":"2021-12-23T00:52:08+00:00","dateModified":"2025-09-09T18:03:39+00:00","breadcrumb":{"@id":"https:\/\/www.pmpf.rs.gov.br\/secretaria-de-saude\/conheca-o-secretario\/#breadcrumb"},"inLanguage":"pt-BR","potentialAction":[{"@type":"ReadAction","target":["https:\/\/www.pmpf.rs.gov.br\/secretaria-de-saude\/conheca-o-secretario\/"]}]},{"@type":"ImageObject","inLanguage":"pt-BR","@id":"https:\/\/www.pmpf.rs.gov.br\/secretaria-de-saude\/conheca-o-secretario\/#primaryimage","url":"https:\/\/www.pmpf.rs.gov.br\/secretaria-de-saude\/wp-content\/uploads\/sites\/50\/2021\/12\/saude-diego-farias.jpg","contentUrl":"https:\/\/www.pmpf.rs.gov.br\/secretaria-de-saude\/wp-content\/uploads\/sites\/50\/2021\/12\/saude-diego-farias.jpg","width":1280,"height":853},{"@type":"BreadcrumbList","@id":"https:\/\/www.pmpf.rs.gov.br\/secretaria-de-saude\/conheca-o-secretario\/#breadcrumb","itemListElement":[{"@type":"ListItem","position":1,"name":"In\u00edcio","item":"https:\/\/www.pmpf.rs.gov.br\/secretaria-de-saude\/"},{"@type":"ListItem","position":2,"name":"Conhe\u00e7a o Secret\u00e1rio"}]},{"@type":"WebSite","@id":"https:\/\/www.pmpf.rs.gov.br\/secretaria-de-saude\/#website","url":"https:\/\/www.pmpf.rs.gov.br\/secretaria-de-saude\/","name":"Secretaria de Sa\u00fade","description":"S\u00f3 mais um site Prefeitura de Passo Fundo","potentialAction":[{"@type":"SearchAction","target":{"@type":"EntryPoint","urlTemplate":"https:\/\/www.pmpf.rs.gov.br\/secretaria-de-saude\/?s={search_term_string}"},"query-input":{"@type":"PropertyValueSpecification","valueRequired":true,"valueName":"search_term_string"}}],"inLanguage":"pt-BR"}]}},"_links":{"self":[{"href":"https:\/\/www.pmpf.rs.gov.br\/secretaria-de-saude\/wp-json\/wp\/v2\/pages\/2313"}],"collection":[{"href":"https:\/\/www.pmpf.rs.gov.br\/secretaria-de-saude\/wp-json\/wp\/v2\/pages"}],"about":[{"href":"https:\/\/www.pmpf.rs.gov.br\/secretaria-de-saude\/wp-json\/wp\/v2\/types\/page"}],"author":[{"embeddable":true,"href":"https:\/\/www.pmpf.rs.gov.br\/secretaria-de-saude\/wp-json\/wp\/v2\/users\/1"}],"replies":[{"embeddable":true,"href":"https:\/\/www.pmpf.rs.gov.br\/secretaria-de-saude\/wp-json\/wp\/v2\/comments?post=2313"}],"version-history":[{"count":27,"href":"https:\/\/www.pmpf.rs.gov.br\/secretaria-de-saude\/wp-json\/wp\/v2\/pages\/2313\/revisions"}],"predecessor-version":[{"id":4625,"href":"https:\/\/www.pmpf.rs.gov.br\/secretaria-de-saude\/wp-json\/wp\/v2\/pages\/2313\/revisions\/4625"}],"wp:attachment":[{"href":"https:\/\/www.pmpf.rs.gov.br\/secretaria-de-saude\/wp-json\/wp\/v2\/media?parent=2313"}],"curies":[{"name":"wp","href":"https:\/\/api.w.org\/{rel}","templated":true}]}}