{"id":926,"date":"2021-12-22T17:18:04","date_gmt":"2021-12-22T20:18:04","guid":{"rendered":"https:\/\/www.pmpf.rs.gov.br\/secretaria-de-planejamento\/?page_id=926"},"modified":"2021-12-22T17:18:05","modified_gmt":"2021-12-22T20:18:05","slug":"estrutura","status":"publish","type":"page","link":"https:\/\/www.pmpf.rs.gov.br\/secretaria-de-planejamento\/estrutura\/","title":{"rendered":"Estrutura"},"content":{"rendered":"\n<h2 class=\"wp-block-heading\"><em>A secretaria de Planejamento est\u00e1 organizada em cinco coordenadorias<\/em><\/h2>\n\n\n\n<p><strong><em>Coordenadoria de Administra\u00e7\u00e3o e Planejamento<\/em><br><br><\/strong>Respons\u00e1vel pelos processos e procedimentos administrativos da Secretaria de Planejamento (SEPLAN), realiza o controle da execu\u00e7\u00e3o or\u00e7ament\u00e1ria da secretaria. Controla a correspond\u00eancia oficial e demais servi\u00e7os da secretaria, atua no assessoramento administrativo \u00e0s demais coordenadorias e n\u00facleos da secretaria.<\/p>\n\n\n\n<p>\u00c9 o \u00f3rg\u00e3o respons\u00e1vel por organizar a frequ\u00eancia (assiduidade e pontualidade) dos servidores e elaborar a efetividade mensal dos servidores. Administra o registro e acompanhamento das f\u00e9rias, licen\u00e7as e outras situa\u00e7\u00f5es funcionais do quadro de colaboradores.<\/p>\n\n\n\n<p>Elabora requisi\u00e7\u00f5es de materiais, servi\u00e7os, equipamentos e o consequente empenho com o anexo do documento fiscal respectivo, bem como o registro de entrada de materiais e equipamentos adquiridos para controle da demanda e conserva\u00e7\u00e3o.<\/p>\n\n\n\n<p><em><strong>Coordenadoria de Cadastro Multifinalit\u00e1rio<br><br><\/strong><\/em>\u00c9 o \u00f3rg\u00e3o respons\u00e1vel pelo desenvolvimento do sistema integrado de informa\u00e7\u00f5es, desta forma consolida subs\u00eddios para o planejamento das a\u00e7\u00f5es da Prefeitura.<\/p>\n\n\n\n<p>Realiza e gerencia a implanta\u00e7\u00e3o do cadastro \u00fanico de contribuintes, atua no sistema de informa\u00e7\u00f5es que cont\u00e9m dados hist\u00f3ricos, sociais, econ\u00f4micos, pol\u00edticos, ambientais, geogr\u00e1ficos, territoriais, tribut\u00e1rios, judiciais e orienta e auxilia os respectivos n\u00facleos na execu\u00e7\u00e3o das compet\u00eancias atribu\u00eddas.<\/p>\n\n\n\n<p><em><strong>Coordenadoria de Gest\u00e3o P\u00fablica e Planejamento Estrat\u00e9gico<br><br><\/strong><\/em>\u00c9 o \u00f3rg\u00e3o respons\u00e1vel por melhorar a qualidade dos servi\u00e7os prestados aos cidad\u00e3os, atrav\u00e9s da valoriza\u00e7\u00e3o das pessoas e moderniza\u00e7\u00e3o dos processos, definindo diretrizes, objetivos e estrat\u00e9gias para o trabalho da gest\u00e3o p\u00fablica.<\/p>\n\n\n\n<p>A Coordenadoria est\u00e1 estrutura em quatro n\u00facleos para melhor desenvolver suas atividades:&nbsp;<\/p>\n\n\n\n<p>N\u00facleo de Gest\u00e3o pela Qualidade<br>N\u00facleo de Planejamento Estrat\u00e9gico<br>N\u00facleo de Planejamento Espacial<br>N\u00facleo de Patrim\u00f4nio Hist\u00f3rico e Cultural<\/p>\n\n\n\n<p><em><strong>Coordenadoria de Planejamento e Programa\u00e7\u00e3o Or\u00e7ament\u00e1ria<br><br><\/strong><\/em>\u00c9 o \u00f3rg\u00e3o que coordena a elabora\u00e7\u00e3o do Plano Plurianual, da Lei de Diretrizes Or\u00e7ament\u00e1rias, e dos or\u00e7amentos anuais da prefeitura.<\/p>\n\n\n\n<p>Tem a responsabilidade de controlar a execu\u00e7\u00e3o or\u00e7ament\u00e1ria e tamb\u00e9m a realiza\u00e7\u00e3o de estudos e estabelecimento de normas, objetivando o progressivo aperfei\u00e7oamento dos processos e padr\u00f5es or\u00e7ament\u00e1rios da Prefeitura.<\/p>\n\n\n\n<p>Estrutura da coordenadoria:<br>N\u00facleo de Estudos Econ\u00f4micos e Sociais e Planejamento Estrat\u00e9gico \u2013 PPA<br>N\u00facleo de Programa\u00e7\u00e3o e Controle Or\u00e7ament\u00e1rio<\/p>\n\n\n\n<p><em><strong>Coordenadorias de Projetos Setoriais<br><br><\/strong><\/em>\u00c9 o \u00f3rg\u00e3o que coordena e distribui tarefas para os n\u00facleos de edifica\u00e7\u00f5es, infraestrutura, paisagismo e mobili\u00e1rio e topografia, bem como os auxilia na execu\u00e7\u00e3o das compet\u00eancias atribu\u00eddas.<\/p>\n\n\n\n<p>Esse setor&nbsp; \u00e9 respons\u00e1vel pela avalia\u00e7\u00e3o de im\u00f3veis e per\u00edcias judiciais, realizando o trabalho de compet\u00eancia junto \u00e0s quest\u00f5es pertinentes a projetos de engenharia e arquitetura veiculados a coordenadoria.<\/p>\n","protected":false},"excerpt":{"rendered":"<p>A secretaria de Planejamento est\u00e1 organizada em cinco coordenadorias Coordenadoria de Administra\u00e7\u00e3o e Planejamento Respons\u00e1vel pelos processos e procedimentos administrativos da Secretaria de Planejamento (SEPLAN), realiza o controle da execu\u00e7\u00e3o or\u00e7ament\u00e1ria da [&hellip;]<\/p>\n","protected":false},"author":1,"featured_media":0,"parent":0,"menu_order":0,"comment_status":"closed","ping_status":"closed","template":"","meta":{"footnotes":""},"class_list":["post-926","page","type-page","status-publish","hentry"],"yoast_head":"<!-- This site is optimized with the Yoast SEO plugin v23.8 - https:\/\/yoast.com\/wordpress\/plugins\/seo\/ -->\n<title>Estrutura - Secretaria de Planejamento<\/title>\n<meta name=\"robots\" content=\"index, follow, max-snippet:-1, max-image-preview:large, max-video-preview:-1\" \/>\n<link rel=\"canonical\" href=\"https:\/\/www.pmpf.rs.gov.br\/secretaria-de-planejamento\/estrutura\/\" \/>\n<meta property=\"og:locale\" content=\"pt_BR\" \/>\n<meta property=\"og:type\" content=\"article\" \/>\n<meta property=\"og:title\" content=\"Estrutura - Secretaria de Planejamento\" \/>\n<meta property=\"og:description\" content=\"A secretaria de Planejamento est\u00e1 organizada em cinco coordenadorias Coordenadoria de Administra\u00e7\u00e3o e Planejamento Respons\u00e1vel pelos processos e procedimentos administrativos da Secretaria de Planejamento (SEPLAN), realiza o controle da execu\u00e7\u00e3o or\u00e7ament\u00e1ria da [&hellip;]\" \/>\n<meta property=\"og:url\" content=\"https:\/\/www.pmpf.rs.gov.br\/secretaria-de-planejamento\/estrutura\/\" \/>\n<meta property=\"og:site_name\" content=\"Secretaria de Planejamento\" \/>\n<meta property=\"article:modified_time\" content=\"2021-12-22T20:18:05+00:00\" \/>\n<meta name=\"twitter:card\" content=\"summary_large_image\" \/>\n<meta name=\"twitter:label1\" content=\"Est. tempo de leitura\" \/>\n\t<meta name=\"twitter:data1\" content=\"3 minutos\" \/>\n<script type=\"application\/ld+json\" class=\"yoast-schema-graph\">{\"@context\":\"https:\/\/schema.org\",\"@graph\":[{\"@type\":\"WebPage\",\"@id\":\"https:\/\/www.pmpf.rs.gov.br\/secretaria-de-planejamento\/estrutura\/\",\"url\":\"https:\/\/www.pmpf.rs.gov.br\/secretaria-de-planejamento\/estrutura\/\",\"name\":\"Estrutura - Secretaria de Planejamento\",\"isPartOf\":{\"@id\":\"https:\/\/www.pmpf.rs.gov.br\/secretaria-de-planejamento\/#website\"},\"datePublished\":\"2021-12-22T20:18:04+00:00\",\"dateModified\":\"2021-12-22T20:18:05+00:00\",\"breadcrumb\":{\"@id\":\"https:\/\/www.pmpf.rs.gov.br\/secretaria-de-planejamento\/estrutura\/#breadcrumb\"},\"inLanguage\":\"pt-BR\",\"potentialAction\":[{\"@type\":\"ReadAction\",\"target\":[\"https:\/\/www.pmpf.rs.gov.br\/secretaria-de-planejamento\/estrutura\/\"]}]},{\"@type\":\"BreadcrumbList\",\"@id\":\"https:\/\/www.pmpf.rs.gov.br\/secretaria-de-planejamento\/estrutura\/#breadcrumb\",\"itemListElement\":[{\"@type\":\"ListItem\",\"position\":1,\"name\":\"In\u00edcio\",\"item\":\"https:\/\/www.pmpf.rs.gov.br\/secretaria-de-planejamento\/\"},{\"@type\":\"ListItem\",\"position\":2,\"name\":\"Estrutura\"}]},{\"@type\":\"WebSite\",\"@id\":\"https:\/\/www.pmpf.rs.gov.br\/secretaria-de-planejamento\/#website\",\"url\":\"https:\/\/www.pmpf.rs.gov.br\/secretaria-de-planejamento\/\",\"name\":\"Secretaria de Planejamento\",\"description\":\"S\u00f3 mais um site Prefeitura de Passo Fundo\",\"potentialAction\":[{\"@type\":\"SearchAction\",\"target\":{\"@type\":\"EntryPoint\",\"urlTemplate\":\"https:\/\/www.pmpf.rs.gov.br\/secretaria-de-planejamento\/?s={search_term_string}\"},\"query-input\":{\"@type\":\"PropertyValueSpecification\",\"valueRequired\":true,\"valueName\":\"search_term_string\"}}],\"inLanguage\":\"pt-BR\"}]}<\/script>\n<!-- \/ Yoast SEO plugin. -->","yoast_head_json":{"title":"Estrutura - Secretaria de Planejamento","robots":{"index":"index","follow":"follow","max-snippet":"max-snippet:-1","max-image-preview":"max-image-preview:large","max-video-preview":"max-video-preview:-1"},"canonical":"https:\/\/www.pmpf.rs.gov.br\/secretaria-de-planejamento\/estrutura\/","og_locale":"pt_BR","og_type":"article","og_title":"Estrutura - Secretaria de Planejamento","og_description":"A secretaria de Planejamento est\u00e1 organizada em cinco coordenadorias Coordenadoria de Administra\u00e7\u00e3o e Planejamento Respons\u00e1vel pelos processos e procedimentos administrativos da Secretaria de Planejamento (SEPLAN), realiza o controle da execu\u00e7\u00e3o or\u00e7ament\u00e1ria da [&hellip;]","og_url":"https:\/\/www.pmpf.rs.gov.br\/secretaria-de-planejamento\/estrutura\/","og_site_name":"Secretaria de Planejamento","article_modified_time":"2021-12-22T20:18:05+00:00","twitter_card":"summary_large_image","twitter_misc":{"Est. tempo de leitura":"3 minutos"},"schema":{"@context":"https:\/\/schema.org","@graph":[{"@type":"WebPage","@id":"https:\/\/www.pmpf.rs.gov.br\/secretaria-de-planejamento\/estrutura\/","url":"https:\/\/www.pmpf.rs.gov.br\/secretaria-de-planejamento\/estrutura\/","name":"Estrutura - Secretaria de Planejamento","isPartOf":{"@id":"https:\/\/www.pmpf.rs.gov.br\/secretaria-de-planejamento\/#website"},"datePublished":"2021-12-22T20:18:04+00:00","dateModified":"2021-12-22T20:18:05+00:00","breadcrumb":{"@id":"https:\/\/www.pmpf.rs.gov.br\/secretaria-de-planejamento\/estrutura\/#breadcrumb"},"inLanguage":"pt-BR","potentialAction":[{"@type":"ReadAction","target":["https:\/\/www.pmpf.rs.gov.br\/secretaria-de-planejamento\/estrutura\/"]}]},{"@type":"BreadcrumbList","@id":"https:\/\/www.pmpf.rs.gov.br\/secretaria-de-planejamento\/estrutura\/#breadcrumb","itemListElement":[{"@type":"ListItem","position":1,"name":"In\u00edcio","item":"https:\/\/www.pmpf.rs.gov.br\/secretaria-de-planejamento\/"},{"@type":"ListItem","position":2,"name":"Estrutura"}]},{"@type":"WebSite","@id":"https:\/\/www.pmpf.rs.gov.br\/secretaria-de-planejamento\/#website","url":"https:\/\/www.pmpf.rs.gov.br\/secretaria-de-planejamento\/","name":"Secretaria de Planejamento","description":"S\u00f3 mais um site Prefeitura de Passo Fundo","potentialAction":[{"@type":"SearchAction","target":{"@type":"EntryPoint","urlTemplate":"https:\/\/www.pmpf.rs.gov.br\/secretaria-de-planejamento\/?s={search_term_string}"},"query-input":{"@type":"PropertyValueSpecification","valueRequired":true,"valueName":"search_term_string"}}],"inLanguage":"pt-BR"}]}},"_links":{"self":[{"href":"https:\/\/www.pmpf.rs.gov.br\/secretaria-de-planejamento\/wp-json\/wp\/v2\/pages\/926"}],"collection":[{"href":"https:\/\/www.pmpf.rs.gov.br\/secretaria-de-planejamento\/wp-json\/wp\/v2\/pages"}],"about":[{"href":"https:\/\/www.pmpf.rs.gov.br\/secretaria-de-planejamento\/wp-json\/wp\/v2\/types\/page"}],"author":[{"embeddable":true,"href":"https:\/\/www.pmpf.rs.gov.br\/secretaria-de-planejamento\/wp-json\/wp\/v2\/users\/1"}],"replies":[{"embeddable":true,"href":"https:\/\/www.pmpf.rs.gov.br\/secretaria-de-planejamento\/wp-json\/wp\/v2\/comments?post=926"}],"version-history":[{"count":1,"href":"https:\/\/www.pmpf.rs.gov.br\/secretaria-de-planejamento\/wp-json\/wp\/v2\/pages\/926\/revisions"}],"predecessor-version":[{"id":927,"href":"https:\/\/www.pmpf.rs.gov.br\/secretaria-de-planejamento\/wp-json\/wp\/v2\/pages\/926\/revisions\/927"}],"wp:attachment":[{"href":"https:\/\/www.pmpf.rs.gov.br\/secretaria-de-planejamento\/wp-json\/wp\/v2\/media?parent=926"}],"curies":[{"name":"wp","href":"https:\/\/api.w.org\/{rel}","templated":true}]}}