{"id":5,"date":"2021-12-22T13:36:57","date_gmt":"2021-12-22T16:36:57","guid":{"rendered":"https:\/\/www.pmpf.rs.gov.br\/secretaria-de-obras\/?page_id=5"},"modified":"2025-03-24T09:53:49","modified_gmt":"2025-03-24T12:53:49","slug":"inicial","status":"publish","type":"page","link":"https:\/\/www.pmpf.rs.gov.br\/secretaria-de-obras\/","title":{"rendered":"Inicial"},"content":{"rendered":"\n<h2 class=\"wp-block-heading has-text-align-left\" id=\"responsavel-pela-estrutura-de-obras-de-passo-fundo\">Respons\u00e1vel pela estrutura de obras de Passo Fundo<\/h2>\n\n\n<div class=\"wp-block-image is-style-default\">\n<figure class=\"alignleft size-large is-resized\"><img loading=\"lazy\" decoding=\"async\" width=\"1024\" height=\"683\" src=\"https:\/\/www.pmpf.rs.gov.br\/secretaria-de-obras\/wp-content\/uploads\/sites\/49\/2023\/07\/MSF03333-1024x683.jpg\" alt=\"\" class=\"wp-image-2062\" style=\"width:432px;height:auto\" srcset=\"https:\/\/www.pmpf.rs.gov.br\/secretaria-de-obras\/wp-content\/uploads\/sites\/49\/2023\/07\/MSF03333-1024x683.jpg 1024w, https:\/\/www.pmpf.rs.gov.br\/secretaria-de-obras\/wp-content\/uploads\/sites\/49\/2023\/07\/MSF03333-300x200.jpg 300w, https:\/\/www.pmpf.rs.gov.br\/secretaria-de-obras\/wp-content\/uploads\/sites\/49\/2023\/07\/MSF03333-768x512.jpg 768w, https:\/\/www.pmpf.rs.gov.br\/secretaria-de-obras\/wp-content\/uploads\/sites\/49\/2023\/07\/MSF03333-1536x1024.jpg 1536w\" sizes=\"(max-width: 1024px) 100vw, 1024px\" \/><\/figure><\/div>\n\n\n<p>A Secretaria de Obras \u00e9 respons\u00e1vel pelo trabalho das obras de pavimenta\u00e7\u00e3o, canaliza\u00e7\u00e3o, meio-fio, cal\u00e7amento e a opera\u00e7\u00e3o tapa-buracos.<\/p>\n\n\n\n<p>A secretaria atua, ainda, na fiscaliza\u00e7\u00e3o de obras e na aprova\u00e7\u00e3o de projetos de constru\u00e7\u00f5es particulares, incluindo a vistoria de edifica\u00e7\u00f5es, loteamentos e arruamentos. Outro servi\u00e7o disponibilizado ao requerente pela secretaria de obras atrav\u00e9s do N\u00facleo de Licenciamento de Obras, \u00e9 o <strong><a href=\"https:\/\/www.pmpf.rs.gov.br\/secretaria-de-obras\/servicos\/obra-facil-smo\/\">Obra F\u00e1cil<\/a><\/strong>, institu\u00eddo pela Lei n\u00ba 5.558\/2021, que tem como objetivo garantir a celeridade nas aprova\u00e7\u00f5es e licenciamentos de obras civis, sem preju\u00edzo \u00e0 efici\u00eancia do servi\u00e7o, coes\u00e3o no tr\u00e2mite dos processos dentro da secretaria de obras e contribuir para a qualidade dos servi\u00e7os prestados no \u00e2mbito de aprova\u00e7\u00f5es e licenciamentos.<\/p>\n\n\n\n<p>Outra demanda \u00e9 os servi\u00e7os prestados para a infraestrutura das empresas j\u00e1 instaladas e das que est\u00e3o vindo para a cidade.<\/p>\n\n\n\n<p>Investimentos em obras de pavimenta\u00e7\u00e3o realizados pela Prefeitura de Passo Fundo mudaram o dia a dia de muitos bairros. Somente pelo programa <strong>Minha Rua Com Asfalto<\/strong>, que conta com a participa\u00e7\u00e3o popular na escolha das obras que v\u00e3o ser realizadas, mais de 200 quadras receberam obras de canaliza\u00e7\u00e3o e, em seguida, foram asfaltadas em 30 bairros diferentes. <\/p>\n\n\n\n<hr class=\"wp-block-separator has-css-opacity\"\/>\n","protected":false},"excerpt":{"rendered":"<p>Respons\u00e1vel pela estrutura de obras de Passo Fundo A Secretaria de Obras \u00e9 respons\u00e1vel pelo trabalho das obras de pavimenta\u00e7\u00e3o, canaliza\u00e7\u00e3o, meio-fio, cal\u00e7amento e a opera\u00e7\u00e3o tapa-buracos. A secretaria atua, ainda, na [&hellip;]<\/p>\n","protected":false},"author":1,"featured_media":1513,"parent":0,"menu_order":6,"comment_status":"closed","ping_status":"closed","template":"page_secretaria_com_sidebar.php","meta":{"footnotes":""},"class_list":["post-5","page","type-page","status-publish","has-post-thumbnail","hentry"],"yoast_head":"<!-- This site is optimized with the Yoast SEO plugin v23.8 - https:\/\/yoast.com\/wordpress\/plugins\/seo\/ -->\n<title>Inicial - Secretaria de Obras<\/title>\n<meta name=\"robots\" content=\"index, follow, max-snippet:-1, max-image-preview:large, max-video-preview:-1\" \/>\n<link rel=\"canonical\" href=\"https:\/\/www.pmpf.rs.gov.br\/secretaria-de-obras\/\" \/>\n<meta property=\"og:locale\" content=\"pt_BR\" \/>\n<meta property=\"og:type\" content=\"article\" \/>\n<meta property=\"og:title\" content=\"Inicial - Secretaria de Obras\" \/>\n<meta property=\"og:description\" content=\"Respons\u00e1vel pela estrutura de obras de Passo Fundo A Secretaria de Obras \u00e9 respons\u00e1vel pelo trabalho das obras de pavimenta\u00e7\u00e3o, canaliza\u00e7\u00e3o, meio-fio, cal\u00e7amento e a opera\u00e7\u00e3o tapa-buracos. A secretaria atua, ainda, na [&hellip;]\" \/>\n<meta property=\"og:url\" content=\"https:\/\/www.pmpf.rs.gov.br\/secretaria-de-obras\/\" \/>\n<meta property=\"og:site_name\" content=\"Secretaria de Obras\" \/>\n<meta property=\"article:modified_time\" content=\"2025-03-24T12:53:49+00:00\" \/>\n<meta name=\"twitter:card\" content=\"summary_large_image\" \/>\n<meta name=\"twitter:label1\" content=\"Est. tempo de leitura\" \/>\n\t<meta name=\"twitter:data1\" content=\"2 minutos\" \/>\n<script type=\"application\/ld+json\" class=\"yoast-schema-graph\">{\"@context\":\"https:\/\/schema.org\",\"@graph\":[{\"@type\":\"WebPage\",\"@id\":\"https:\/\/www.pmpf.rs.gov.br\/secretaria-de-obras\/\",\"url\":\"https:\/\/www.pmpf.rs.gov.br\/secretaria-de-obras\/\",\"name\":\"Inicial - Secretaria de Obras\",\"isPartOf\":{\"@id\":\"https:\/\/www.pmpf.rs.gov.br\/secretaria-de-obras\/#website\"},\"primaryImageOfPage\":{\"@id\":\"https:\/\/www.pmpf.rs.gov.br\/secretaria-de-obras\/#primaryimage\"},\"image\":{\"@id\":\"https:\/\/www.pmpf.rs.gov.br\/secretaria-de-obras\/#primaryimage\"},\"thumbnailUrl\":\"https:\/\/www.pmpf.rs.gov.br\/secretaria-de-obras\/wp-content\/uploads\/sites\/49\/2021\/12\/icone-obras.svg\",\"datePublished\":\"2021-12-22T16:36:57+00:00\",\"dateModified\":\"2025-03-24T12:53:49+00:00\",\"breadcrumb\":{\"@id\":\"https:\/\/www.pmpf.rs.gov.br\/secretaria-de-obras\/#breadcrumb\"},\"inLanguage\":\"pt-BR\",\"potentialAction\":[{\"@type\":\"ReadAction\",\"target\":[\"https:\/\/www.pmpf.rs.gov.br\/secretaria-de-obras\/\"]}]},{\"@type\":\"ImageObject\",\"inLanguage\":\"pt-BR\",\"@id\":\"https:\/\/www.pmpf.rs.gov.br\/secretaria-de-obras\/#primaryimage\",\"url\":\"https:\/\/www.pmpf.rs.gov.br\/secretaria-de-obras\/wp-content\/uploads\/sites\/49\/2021\/12\/icone-obras.svg\",\"contentUrl\":\"https:\/\/www.pmpf.rs.gov.br\/secretaria-de-obras\/wp-content\/uploads\/sites\/49\/2021\/12\/icone-obras.svg\",\"width\":280,\"height\":280},{\"@type\":\"BreadcrumbList\",\"@id\":\"https:\/\/www.pmpf.rs.gov.br\/secretaria-de-obras\/#breadcrumb\",\"itemListElement\":[{\"@type\":\"ListItem\",\"position\":1,\"name\":\"In\u00edcio\",\"item\":\"https:\/\/www.pmpf.rs.gov.br\/secretaria-de-obras\/\"},{\"@type\":\"ListItem\",\"position\":2,\"name\":\"Inicial\"}]},{\"@type\":\"WebSite\",\"@id\":\"https:\/\/www.pmpf.rs.gov.br\/secretaria-de-obras\/#website\",\"url\":\"https:\/\/www.pmpf.rs.gov.br\/secretaria-de-obras\/\",\"name\":\"Secretaria de Obras\",\"description\":\"S\u00f3 mais um site Prefeitura de Passo Fundo\",\"potentialAction\":[{\"@type\":\"SearchAction\",\"target\":{\"@type\":\"EntryPoint\",\"urlTemplate\":\"https:\/\/www.pmpf.rs.gov.br\/secretaria-de-obras\/?s={search_term_string}\"},\"query-input\":{\"@type\":\"PropertyValueSpecification\",\"valueRequired\":true,\"valueName\":\"search_term_string\"}}],\"inLanguage\":\"pt-BR\"}]}<\/script>\n<!-- \/ Yoast SEO plugin. -->","yoast_head_json":{"title":"Inicial - Secretaria de Obras","robots":{"index":"index","follow":"follow","max-snippet":"max-snippet:-1","max-image-preview":"max-image-preview:large","max-video-preview":"max-video-preview:-1"},"canonical":"https:\/\/www.pmpf.rs.gov.br\/secretaria-de-obras\/","og_locale":"pt_BR","og_type":"article","og_title":"Inicial - Secretaria de Obras","og_description":"Respons\u00e1vel pela estrutura de obras de Passo Fundo A Secretaria de Obras \u00e9 respons\u00e1vel pelo trabalho das obras de pavimenta\u00e7\u00e3o, canaliza\u00e7\u00e3o, meio-fio, cal\u00e7amento e a opera\u00e7\u00e3o tapa-buracos. A secretaria atua, ainda, na [&hellip;]","og_url":"https:\/\/www.pmpf.rs.gov.br\/secretaria-de-obras\/","og_site_name":"Secretaria de Obras","article_modified_time":"2025-03-24T12:53:49+00:00","twitter_card":"summary_large_image","twitter_misc":{"Est. tempo de leitura":"2 minutos"},"schema":{"@context":"https:\/\/schema.org","@graph":[{"@type":"WebPage","@id":"https:\/\/www.pmpf.rs.gov.br\/secretaria-de-obras\/","url":"https:\/\/www.pmpf.rs.gov.br\/secretaria-de-obras\/","name":"Inicial - Secretaria de Obras","isPartOf":{"@id":"https:\/\/www.pmpf.rs.gov.br\/secretaria-de-obras\/#website"},"primaryImageOfPage":{"@id":"https:\/\/www.pmpf.rs.gov.br\/secretaria-de-obras\/#primaryimage"},"image":{"@id":"https:\/\/www.pmpf.rs.gov.br\/secretaria-de-obras\/#primaryimage"},"thumbnailUrl":"https:\/\/www.pmpf.rs.gov.br\/secretaria-de-obras\/wp-content\/uploads\/sites\/49\/2021\/12\/icone-obras.svg","datePublished":"2021-12-22T16:36:57+00:00","dateModified":"2025-03-24T12:53:49+00:00","breadcrumb":{"@id":"https:\/\/www.pmpf.rs.gov.br\/secretaria-de-obras\/#breadcrumb"},"inLanguage":"pt-BR","potentialAction":[{"@type":"ReadAction","target":["https:\/\/www.pmpf.rs.gov.br\/secretaria-de-obras\/"]}]},{"@type":"ImageObject","inLanguage":"pt-BR","@id":"https:\/\/www.pmpf.rs.gov.br\/secretaria-de-obras\/#primaryimage","url":"https:\/\/www.pmpf.rs.gov.br\/secretaria-de-obras\/wp-content\/uploads\/sites\/49\/2021\/12\/icone-obras.svg","contentUrl":"https:\/\/www.pmpf.rs.gov.br\/secretaria-de-obras\/wp-content\/uploads\/sites\/49\/2021\/12\/icone-obras.svg","width":280,"height":280},{"@type":"BreadcrumbList","@id":"https:\/\/www.pmpf.rs.gov.br\/secretaria-de-obras\/#breadcrumb","itemListElement":[{"@type":"ListItem","position":1,"name":"In\u00edcio","item":"https:\/\/www.pmpf.rs.gov.br\/secretaria-de-obras\/"},{"@type":"ListItem","position":2,"name":"Inicial"}]},{"@type":"WebSite","@id":"https:\/\/www.pmpf.rs.gov.br\/secretaria-de-obras\/#website","url":"https:\/\/www.pmpf.rs.gov.br\/secretaria-de-obras\/","name":"Secretaria de Obras","description":"S\u00f3 mais um site Prefeitura de Passo Fundo","potentialAction":[{"@type":"SearchAction","target":{"@type":"EntryPoint","urlTemplate":"https:\/\/www.pmpf.rs.gov.br\/secretaria-de-obras\/?s={search_term_string}"},"query-input":{"@type":"PropertyValueSpecification","valueRequired":true,"valueName":"search_term_string"}}],"inLanguage":"pt-BR"}]}},"_links":{"self":[{"href":"https:\/\/www.pmpf.rs.gov.br\/secretaria-de-obras\/wp-json\/wp\/v2\/pages\/5"}],"collection":[{"href":"https:\/\/www.pmpf.rs.gov.br\/secretaria-de-obras\/wp-json\/wp\/v2\/pages"}],"about":[{"href":"https:\/\/www.pmpf.rs.gov.br\/secretaria-de-obras\/wp-json\/wp\/v2\/types\/page"}],"author":[{"embeddable":true,"href":"https:\/\/www.pmpf.rs.gov.br\/secretaria-de-obras\/wp-json\/wp\/v2\/users\/1"}],"replies":[{"embeddable":true,"href":"https:\/\/www.pmpf.rs.gov.br\/secretaria-de-obras\/wp-json\/wp\/v2\/comments?post=5"}],"version-history":[{"count":14,"href":"https:\/\/www.pmpf.rs.gov.br\/secretaria-de-obras\/wp-json\/wp\/v2\/pages\/5\/revisions"}],"predecessor-version":[{"id":2494,"href":"https:\/\/www.pmpf.rs.gov.br\/secretaria-de-obras\/wp-json\/wp\/v2\/pages\/5\/revisions\/2494"}],"wp:featuredmedia":[{"embeddable":true,"href":"https:\/\/www.pmpf.rs.gov.br\/secretaria-de-obras\/wp-json\/wp\/v2\/media\/1513"}],"wp:attachment":[{"href":"https:\/\/www.pmpf.rs.gov.br\/secretaria-de-obras\/wp-json\/wp\/v2\/media?parent=5"}],"curies":[{"name":"wp","href":"https:\/\/api.w.org\/{rel}","templated":true}]}}