{"id":1136,"date":"2021-12-22T14:05:22","date_gmt":"2021-12-22T17:05:22","guid":{"rendered":"https:\/\/www.pmpf.rs.gov.br\/secretaria-de-obras\/?page_id=1136"},"modified":"2022-02-15T11:11:45","modified_gmt":"2022-02-15T14:11:45","slug":"estrutura","status":"publish","type":"page","link":"https:\/\/www.pmpf.rs.gov.br\/secretaria-de-obras\/estrutura\/","title":{"rendered":"Estrutura"},"content":{"rendered":"\n<h2 class=\"wp-block-heading\" id=\"coordenadorias-da-secretaria-de-obras\">Coordenadorias da Secretaria de Obras<\/h2>\n\n\n\n<p><strong><em>Coordenadoria de Administra\u00e7\u00e3o e Planejamento &#8211; CAP<\/em><\/strong><\/p>\n\n\n\n<p>Setor que coordena as f\u00e9rias, as licen\u00e7as e a frequ\u00eancia dos servidores municipais pertencentes \u00e0 Secretaria de Obras, bem como sua efetividade. Controla a execu\u00e7\u00e3o or\u00e7ament\u00e1ria da Secretaria e a elabora\u00e7\u00e3o de requisi\u00e7\u00f5es e empenhos de materiais, servi\u00e7os e equipamentos adquiridos, bem como o controle de sua conserva\u00e7\u00e3o. Efetua os relat\u00f3rios semanais e mensais referentes aos servi\u00e7os j\u00e1 executados e aos que est\u00e3o em andamento. Auxilia, ainda, os demais setores da SMO.<\/p>\n\n\n\n<p>Estrutura:<br>N\u00facleo de Licenciamento de Obras<br>N\u00facleo de Fiscaliza\u00e7\u00e3o de Obras<\/p>\n\n\n\n<p><strong><em>Coordenadoria Geral de Obras<\/em><\/strong><\/p>\n\n\n\n<p>Coordena e auxilia os demais n\u00facleos na execu\u00e7\u00e3o de obras de terraplenagem em vias n\u00e3o asfaltadas e demais obras realizadas pela Prefeitura. Executa a manuten\u00e7\u00e3o e a instala\u00e7\u00e3o de novas canaliza\u00e7\u00f5es de esgotos pluviais, pontes e galerias de Passo Fundo.<\/p>\n\n\n\n<p>Estrutura da coordenadoria:<br>&nbsp;N\u00facleo de Canaliza\u00e7\u00e3o<br>&nbsp;N\u00facleo de Terraplenagem<br>&nbsp;N\u00facleo de Pontes e Galerias<br>&nbsp;N\u00facleo de Topografia<\/p>\n\n\n\n<p><strong><em>Coordenadoria de Pavimenta\u00e7\u00e3o<\/em><\/strong><\/p>\n\n\n\n<p>Coordena os trabalhos de prepara\u00e7\u00e3o e execu\u00e7\u00e3o de pavimenta\u00e7\u00f5es e coloca\u00e7\u00e3o de meio-fio, al\u00e9m de realizar a manuten\u00e7\u00e3o das vias p\u00fablicas, seja de asfalto ou cal\u00e7amento.<\/p>\n\n\n\n<p>Estrutura da coordenadoria:<br>&nbsp;N\u00facleo de Usina<br>&nbsp;N\u00facleo de Asfaltamento<br>&nbsp;N\u00facleo de Cal\u00e7amento<\/p>\n\n\n\n<p><strong><em>Coordenadoria de Servi\u00e7os Industriais<\/em><\/strong><\/p>\n\n\n\n<p>Coordena os trabalhos da f\u00e1brica de tubos, pr\u00e9-moldados e concretos em geral, fabrica\u00e7\u00e3o de canos, caixa de boca-de-lobos e pe\u00e7as para galerias que s\u00e3o utilizadas pela SMO. Al\u00e9m disso, acompanha as detona\u00e7\u00f5es da pedreira e o processamento de rochas que dever\u00e3o ser utilizados pela secretaria e demais setores que necessitarem.<\/p>\n\n\n\n<p>Estrutura da coordenadoria<br>N\u00facleo de F\u00e1brica de Tubos<br>N\u00facleo de Britagem<\/p>\n\n\n\n<hr class=\"wp-block-separator\"\/>\n","protected":false},"excerpt":{"rendered":"<p>Coordenadorias da Secretaria de Obras Coordenadoria de Administra\u00e7\u00e3o e Planejamento &#8211; CAP Setor que coordena as f\u00e9rias, as licen\u00e7as e a frequ\u00eancia dos servidores municipais pertencentes \u00e0 Secretaria de Obras, bem como [&hellip;]<\/p>\n","protected":false},"author":1,"featured_media":0,"parent":0,"menu_order":5,"comment_status":"closed","ping_status":"closed","template":"","meta":{"footnotes":""},"class_list":["post-1136","page","type-page","status-publish","hentry"],"yoast_head":"<!-- This site is optimized with the Yoast SEO plugin v23.8 - https:\/\/yoast.com\/wordpress\/plugins\/seo\/ -->\n<title>Estrutura - Secretaria de Obras<\/title>\n<meta name=\"robots\" content=\"index, follow, max-snippet:-1, max-image-preview:large, max-video-preview:-1\" \/>\n<link rel=\"canonical\" href=\"https:\/\/www.pmpf.rs.gov.br\/secretaria-de-obras\/estrutura\/\" \/>\n<meta property=\"og:locale\" content=\"pt_BR\" \/>\n<meta property=\"og:type\" content=\"article\" \/>\n<meta property=\"og:title\" content=\"Estrutura - Secretaria de Obras\" \/>\n<meta property=\"og:description\" content=\"Coordenadorias da Secretaria de Obras Coordenadoria de Administra\u00e7\u00e3o e Planejamento &#8211; CAP Setor que coordena as f\u00e9rias, as licen\u00e7as e a frequ\u00eancia dos servidores municipais pertencentes \u00e0 Secretaria de Obras, bem como [&hellip;]\" \/>\n<meta property=\"og:url\" content=\"https:\/\/www.pmpf.rs.gov.br\/secretaria-de-obras\/estrutura\/\" \/>\n<meta property=\"og:site_name\" content=\"Secretaria de Obras\" \/>\n<meta property=\"article:modified_time\" content=\"2022-02-15T14:11:45+00:00\" \/>\n<meta name=\"twitter:card\" content=\"summary_large_image\" \/>\n<meta name=\"twitter:label1\" content=\"Est. tempo de leitura\" \/>\n\t<meta name=\"twitter:data1\" content=\"2 minutos\" \/>\n<script type=\"application\/ld+json\" class=\"yoast-schema-graph\">{\"@context\":\"https:\/\/schema.org\",\"@graph\":[{\"@type\":\"WebPage\",\"@id\":\"https:\/\/www.pmpf.rs.gov.br\/secretaria-de-obras\/estrutura\/\",\"url\":\"https:\/\/www.pmpf.rs.gov.br\/secretaria-de-obras\/estrutura\/\",\"name\":\"Estrutura - Secretaria de Obras\",\"isPartOf\":{\"@id\":\"https:\/\/www.pmpf.rs.gov.br\/secretaria-de-obras\/#website\"},\"datePublished\":\"2021-12-22T17:05:22+00:00\",\"dateModified\":\"2022-02-15T14:11:45+00:00\",\"breadcrumb\":{\"@id\":\"https:\/\/www.pmpf.rs.gov.br\/secretaria-de-obras\/estrutura\/#breadcrumb\"},\"inLanguage\":\"pt-BR\",\"potentialAction\":[{\"@type\":\"ReadAction\",\"target\":[\"https:\/\/www.pmpf.rs.gov.br\/secretaria-de-obras\/estrutura\/\"]}]},{\"@type\":\"BreadcrumbList\",\"@id\":\"https:\/\/www.pmpf.rs.gov.br\/secretaria-de-obras\/estrutura\/#breadcrumb\",\"itemListElement\":[{\"@type\":\"ListItem\",\"position\":1,\"name\":\"In\u00edcio\",\"item\":\"https:\/\/www.pmpf.rs.gov.br\/secretaria-de-obras\/\"},{\"@type\":\"ListItem\",\"position\":2,\"name\":\"Estrutura\"}]},{\"@type\":\"WebSite\",\"@id\":\"https:\/\/www.pmpf.rs.gov.br\/secretaria-de-obras\/#website\",\"url\":\"https:\/\/www.pmpf.rs.gov.br\/secretaria-de-obras\/\",\"name\":\"Secretaria de Obras\",\"description\":\"S\u00f3 mais um site Prefeitura de Passo Fundo\",\"potentialAction\":[{\"@type\":\"SearchAction\",\"target\":{\"@type\":\"EntryPoint\",\"urlTemplate\":\"https:\/\/www.pmpf.rs.gov.br\/secretaria-de-obras\/?s={search_term_string}\"},\"query-input\":{\"@type\":\"PropertyValueSpecification\",\"valueRequired\":true,\"valueName\":\"search_term_string\"}}],\"inLanguage\":\"pt-BR\"}]}<\/script>\n<!-- \/ Yoast SEO plugin. -->","yoast_head_json":{"title":"Estrutura - Secretaria de Obras","robots":{"index":"index","follow":"follow","max-snippet":"max-snippet:-1","max-image-preview":"max-image-preview:large","max-video-preview":"max-video-preview:-1"},"canonical":"https:\/\/www.pmpf.rs.gov.br\/secretaria-de-obras\/estrutura\/","og_locale":"pt_BR","og_type":"article","og_title":"Estrutura - Secretaria de Obras","og_description":"Coordenadorias da Secretaria de Obras Coordenadoria de Administra\u00e7\u00e3o e Planejamento &#8211; CAP Setor que coordena as f\u00e9rias, as licen\u00e7as e a frequ\u00eancia dos servidores municipais pertencentes \u00e0 Secretaria de Obras, bem como [&hellip;]","og_url":"https:\/\/www.pmpf.rs.gov.br\/secretaria-de-obras\/estrutura\/","og_site_name":"Secretaria de Obras","article_modified_time":"2022-02-15T14:11:45+00:00","twitter_card":"summary_large_image","twitter_misc":{"Est. tempo de leitura":"2 minutos"},"schema":{"@context":"https:\/\/schema.org","@graph":[{"@type":"WebPage","@id":"https:\/\/www.pmpf.rs.gov.br\/secretaria-de-obras\/estrutura\/","url":"https:\/\/www.pmpf.rs.gov.br\/secretaria-de-obras\/estrutura\/","name":"Estrutura - Secretaria de Obras","isPartOf":{"@id":"https:\/\/www.pmpf.rs.gov.br\/secretaria-de-obras\/#website"},"datePublished":"2021-12-22T17:05:22+00:00","dateModified":"2022-02-15T14:11:45+00:00","breadcrumb":{"@id":"https:\/\/www.pmpf.rs.gov.br\/secretaria-de-obras\/estrutura\/#breadcrumb"},"inLanguage":"pt-BR","potentialAction":[{"@type":"ReadAction","target":["https:\/\/www.pmpf.rs.gov.br\/secretaria-de-obras\/estrutura\/"]}]},{"@type":"BreadcrumbList","@id":"https:\/\/www.pmpf.rs.gov.br\/secretaria-de-obras\/estrutura\/#breadcrumb","itemListElement":[{"@type":"ListItem","position":1,"name":"In\u00edcio","item":"https:\/\/www.pmpf.rs.gov.br\/secretaria-de-obras\/"},{"@type":"ListItem","position":2,"name":"Estrutura"}]},{"@type":"WebSite","@id":"https:\/\/www.pmpf.rs.gov.br\/secretaria-de-obras\/#website","url":"https:\/\/www.pmpf.rs.gov.br\/secretaria-de-obras\/","name":"Secretaria de Obras","description":"S\u00f3 mais um site Prefeitura de Passo Fundo","potentialAction":[{"@type":"SearchAction","target":{"@type":"EntryPoint","urlTemplate":"https:\/\/www.pmpf.rs.gov.br\/secretaria-de-obras\/?s={search_term_string}"},"query-input":{"@type":"PropertyValueSpecification","valueRequired":true,"valueName":"search_term_string"}}],"inLanguage":"pt-BR"}]}},"_links":{"self":[{"href":"https:\/\/www.pmpf.rs.gov.br\/secretaria-de-obras\/wp-json\/wp\/v2\/pages\/1136"}],"collection":[{"href":"https:\/\/www.pmpf.rs.gov.br\/secretaria-de-obras\/wp-json\/wp\/v2\/pages"}],"about":[{"href":"https:\/\/www.pmpf.rs.gov.br\/secretaria-de-obras\/wp-json\/wp\/v2\/types\/page"}],"author":[{"embeddable":true,"href":"https:\/\/www.pmpf.rs.gov.br\/secretaria-de-obras\/wp-json\/wp\/v2\/users\/1"}],"replies":[{"embeddable":true,"href":"https:\/\/www.pmpf.rs.gov.br\/secretaria-de-obras\/wp-json\/wp\/v2\/comments?post=1136"}],"version-history":[{"count":2,"href":"https:\/\/www.pmpf.rs.gov.br\/secretaria-de-obras\/wp-json\/wp\/v2\/pages\/1136\/revisions"}],"predecessor-version":[{"id":1565,"href":"https:\/\/www.pmpf.rs.gov.br\/secretaria-de-obras\/wp-json\/wp\/v2\/pages\/1136\/revisions\/1565"}],"wp:attachment":[{"href":"https:\/\/www.pmpf.rs.gov.br\/secretaria-de-obras\/wp-json\/wp\/v2\/media?parent=1136"}],"curies":[{"name":"wp","href":"https:\/\/api.w.org\/{rel}","templated":true}]}}