{"id":80,"date":"2021-12-22T13:08:28","date_gmt":"2021-12-22T16:08:28","guid":{"rendered":"https:\/\/www.pmpf.rs.gov.br\/secretaria-de-meio-ambiente\/?page_id=80"},"modified":"2021-12-24T19:49:57","modified_gmt":"2021-12-24T22:49:57","slug":"corticeira-do-banhado","status":"publish","type":"page","link":"https:\/\/www.pmpf.rs.gov.br\/secretaria-de-meio-ambiente\/corticeira-do-banhado\/","title":{"rendered":"Corticeira do Banhado"},"content":{"rendered":"\n<h2 class=\"wp-block-heading\">Corticeira do Banhado<\/h2>\n\n\n\n<div class=\"wp-block-image\"><figure class=\"alignleft size-full is-resized\"><img loading=\"lazy\" decoding=\"async\" src=\"https:\/\/www.pmpf.rs.gov.br\/secretaria-de-meio-ambiente\/wp-content\/uploads\/sites\/48\/2021\/12\/I2017-12-19_15_21_28_48931.jpg\" alt=\"\" class=\"wp-image-81\" width=\"273\" height=\"181\"\/><\/figure><\/div>\n\n\n\n<p>Nome comum:&nbsp;<strong>Corticeira do Banhado<\/strong><\/p>\n\n\n\n<p>Nome cient\u00edfico:&nbsp;<strong><em>Erythrina crista-galli<\/em><\/strong><\/p>\n\n\n\n<p>Fam\u00edlia:&nbsp;<strong>Fabaceae<\/strong><\/p>\n\n\n\n<p>Origem:&nbsp;<strong>Nativa do Brasil e Argentina<\/strong><\/p>\n\n\n\n<div style=\"height:1px\" aria-hidden=\"true\" class=\"wp-block-spacer\"><\/div>\n\n\n\n<h2 class=\"wp-block-heading\">Descri\u00e7\u00e3o Morfol\u00f3gica:<\/h2>\n\n\n\n<ul class=\"wp-block-list\"><li><strong>Copa:<\/strong>&nbsp;Irregular com di\u00e2metro de 5 a 8 metros;<\/li><li><strong>Porte:<\/strong>&nbsp;Pequeno a m\u00e9dio;<\/li><li><strong>Folhas:<\/strong>&nbsp;Composta trifoliolada, aculeadas, decidua, particularmente decorativa;<\/li><li><strong>Cor da flor:<\/strong>&nbsp;Vermelho-rosada;<\/li><li><strong>Fenologia:<\/strong>&nbsp;A flora\u00e7\u00e3o ocorre nos meses de setembro a dezembro;<\/li><li><strong>Frutifica\u00e7\u00e3o:<\/strong>&nbsp;A frutifica\u00e7\u00e3o ocorre nos meses de janeiro a fevereiro;<\/li><\/ul>\n\n\n\n<p><strong>Usos:<\/strong>&nbsp;Esp\u00e9cie indicada para o paisagismo em solos encharcados ou \u00famido, madeira leve e macia;<\/p>\n\n\n\n<p><strong>Import\u00e2ncia ecol\u00f3gica:<\/strong>&nbsp;Exala perfume agrad\u00e1vel, as flores s\u00e3o muito procuradas pelas abelhas e p\u00e1ssaros. Geralmente as corticeiras em estado natural s\u00e3o cobertas por orqu\u00eddeas. \u00c9 considerada pioneira em \u00e1reas \u00famidas.<\/p>\n\n\n\n<figure class=\"wp-block-gallery columns-3 is-cropped wp-block-gallery-1 is-layout-flex wp-block-gallery-is-layout-flex\"><ul class=\"blocks-gallery-grid\"><li class=\"blocks-gallery-item\"><figure><a href=\"https:\/\/www.pmpf.rs.gov.br\/secretaria-de-meio-ambiente\/wp-content\/uploads\/sites\/48\/2021\/12\/smam_Corticeira_01.jpg\"><img loading=\"lazy\" decoding=\"async\" width=\"200\" height=\"147\" src=\"https:\/\/www.pmpf.rs.gov.br\/secretaria-de-meio-ambiente\/wp-content\/uploads\/sites\/48\/2021\/12\/smam_Corticeira_01.jpg\" alt=\"\" data-id=\"82\" data-full-url=\"https:\/\/www.pmpf.rs.gov.br\/secretaria-de-meio-ambiente\/wp-content\/uploads\/sites\/48\/2021\/12\/smam_Corticeira_01.jpg\" data-link=\"https:\/\/www.pmpf.rs.gov.br\/secretaria-de-meio-ambiente\/?attachment_id=82\" class=\"wp-image-82\"\/><\/a><\/figure><\/li><li class=\"blocks-gallery-item\"><figure><a href=\"https:\/\/www.pmpf.rs.gov.br\/secretaria-de-meio-ambiente\/wp-content\/uploads\/sites\/48\/2021\/12\/smam_Corticeira_02.jpg\"><img loading=\"lazy\" decoding=\"async\" width=\"200\" height=\"147\" src=\"https:\/\/www.pmpf.rs.gov.br\/secretaria-de-meio-ambiente\/wp-content\/uploads\/sites\/48\/2021\/12\/smam_Corticeira_02.jpg\" alt=\"\" data-id=\"83\" data-full-url=\"https:\/\/www.pmpf.rs.gov.br\/secretaria-de-meio-ambiente\/wp-content\/uploads\/sites\/48\/2021\/12\/smam_Corticeira_02.jpg\" data-link=\"https:\/\/www.pmpf.rs.gov.br\/secretaria-de-meio-ambiente\/?attachment_id=83\" class=\"wp-image-83\"\/><\/a><\/figure><\/li><li class=\"blocks-gallery-item\"><figure><a href=\"https:\/\/www.pmpf.rs.gov.br\/secretaria-de-meio-ambiente\/wp-content\/uploads\/sites\/48\/2021\/12\/smam_Corticeira_03.jpg\"><img loading=\"lazy\" decoding=\"async\" width=\"200\" height=\"147\" src=\"https:\/\/www.pmpf.rs.gov.br\/secretaria-de-meio-ambiente\/wp-content\/uploads\/sites\/48\/2021\/12\/smam_Corticeira_03.jpg\" alt=\"\" data-id=\"84\" data-full-url=\"https:\/\/www.pmpf.rs.gov.br\/secretaria-de-meio-ambiente\/wp-content\/uploads\/sites\/48\/2021\/12\/smam_Corticeira_03.jpg\" data-link=\"https:\/\/www.pmpf.rs.gov.br\/secretaria-de-meio-ambiente\/?attachment_id=84\" class=\"wp-image-84\"\/><\/a><\/figure><\/li><\/ul><figcaption class=\"blocks-gallery-caption\">Texto elaborado pela Professora Dra. Evanisa R.Q. Melo &#8211; LAPEAA<\/figcaption><\/figure>\n\n\n\n<p><\/p>\n","protected":false},"excerpt":{"rendered":"<p>Corticeira do Banhado Nome comum:&nbsp;Corticeira do Banhado Nome cient\u00edfico:&nbsp;Erythrina crista-galli Fam\u00edlia:&nbsp;Fabaceae Origem:&nbsp;Nativa do Brasil e Argentina Descri\u00e7\u00e3o Morfol\u00f3gica: Copa:&nbsp;Irregular com di\u00e2metro de 5 a 8 metros; Porte:&nbsp;Pequeno a m\u00e9dio; Folhas:&nbsp;Composta trifoliolada, aculeadas, [&hellip;]<\/p>\n","protected":false},"author":1,"featured_media":0,"parent":0,"menu_order":0,"comment_status":"closed","ping_status":"closed","template":"","meta":{"footnotes":""},"class_list":["post-80","page","type-page","status-publish","hentry"],"yoast_head":"<!-- This site is optimized with the Yoast SEO plugin v23.8 - https:\/\/yoast.com\/wordpress\/plugins\/seo\/ -->\n<title>Corticeira do Banhado - Secretaria de Meio Ambiente<\/title>\n<meta name=\"robots\" content=\"index, follow, max-snippet:-1, max-image-preview:large, max-video-preview:-1\" \/>\n<link rel=\"canonical\" href=\"https:\/\/www.pmpf.rs.gov.br\/secretaria-de-meio-ambiente\/corticeira-do-banhado\/\" \/>\n<meta property=\"og:locale\" content=\"pt_BR\" \/>\n<meta property=\"og:type\" content=\"article\" \/>\n<meta property=\"og:title\" content=\"Corticeira do Banhado - Secretaria de Meio Ambiente\" \/>\n<meta property=\"og:description\" content=\"Corticeira do Banhado Nome comum:&nbsp;Corticeira do Banhado Nome cient\u00edfico:&nbsp;Erythrina crista-galli Fam\u00edlia:&nbsp;Fabaceae Origem:&nbsp;Nativa do Brasil e Argentina Descri\u00e7\u00e3o Morfol\u00f3gica: Copa:&nbsp;Irregular com di\u00e2metro de 5 a 8 metros; Porte:&nbsp;Pequeno a m\u00e9dio; Folhas:&nbsp;Composta trifoliolada, aculeadas, [&hellip;]\" \/>\n<meta property=\"og:url\" content=\"https:\/\/www.pmpf.rs.gov.br\/secretaria-de-meio-ambiente\/corticeira-do-banhado\/\" \/>\n<meta property=\"og:site_name\" content=\"Secretaria de Meio Ambiente\" \/>\n<meta property=\"article:modified_time\" content=\"2021-12-24T22:49:57+00:00\" \/>\n<meta property=\"og:image\" content=\"https:\/\/www.pmpf.rs.gov.br\/secretaria-de-meio-ambiente\/wp-content\/uploads\/sites\/48\/2021\/12\/I2017-12-19_15_21_28_48931.jpg\" \/>\n<meta name=\"twitter:card\" content=\"summary_large_image\" \/>\n<meta name=\"twitter:label1\" content=\"Est. tempo de leitura\" \/>\n\t<meta name=\"twitter:data1\" content=\"2 minutos\" \/>\n<script type=\"application\/ld+json\" class=\"yoast-schema-graph\">{\"@context\":\"https:\/\/schema.org\",\"@graph\":[{\"@type\":\"WebPage\",\"@id\":\"https:\/\/www.pmpf.rs.gov.br\/secretaria-de-meio-ambiente\/corticeira-do-banhado\/\",\"url\":\"https:\/\/www.pmpf.rs.gov.br\/secretaria-de-meio-ambiente\/corticeira-do-banhado\/\",\"name\":\"Corticeira do Banhado - Secretaria de Meio Ambiente\",\"isPartOf\":{\"@id\":\"https:\/\/www.pmpf.rs.gov.br\/secretaria-de-meio-ambiente\/#website\"},\"primaryImageOfPage\":{\"@id\":\"https:\/\/www.pmpf.rs.gov.br\/secretaria-de-meio-ambiente\/corticeira-do-banhado\/#primaryimage\"},\"image\":{\"@id\":\"https:\/\/www.pmpf.rs.gov.br\/secretaria-de-meio-ambiente\/corticeira-do-banhado\/#primaryimage\"},\"thumbnailUrl\":\"https:\/\/www.pmpf.rs.gov.br\/secretaria-de-meio-ambiente\/wp-content\/uploads\/sites\/48\/2021\/12\/I2017-12-19_15_21_28_48931.jpg\",\"datePublished\":\"2021-12-22T16:08:28+00:00\",\"dateModified\":\"2021-12-24T22:49:57+00:00\",\"inLanguage\":\"pt-BR\",\"potentialAction\":[{\"@type\":\"ReadAction\",\"target\":[\"https:\/\/www.pmpf.rs.gov.br\/secretaria-de-meio-ambiente\/corticeira-do-banhado\/\"]}]},{\"@type\":\"ImageObject\",\"inLanguage\":\"pt-BR\",\"@id\":\"https:\/\/www.pmpf.rs.gov.br\/secretaria-de-meio-ambiente\/corticeira-do-banhado\/#primaryimage\",\"url\":\"https:\/\/www.pmpf.rs.gov.br\/secretaria-de-meio-ambiente\/wp-content\/uploads\/sites\/48\/2021\/12\/I2017-12-19_15_21_28_48931.jpg\",\"contentUrl\":\"https:\/\/www.pmpf.rs.gov.br\/secretaria-de-meio-ambiente\/wp-content\/uploads\/sites\/48\/2021\/12\/I2017-12-19_15_21_28_48931.jpg\",\"width\":280,\"height\":186},{\"@type\":\"WebSite\",\"@id\":\"https:\/\/www.pmpf.rs.gov.br\/secretaria-de-meio-ambiente\/#website\",\"url\":\"https:\/\/www.pmpf.rs.gov.br\/secretaria-de-meio-ambiente\/\",\"name\":\"Secretaria de Meio Ambiente\",\"description\":\"S\u00f3 mais um site Prefeitura de Passo Fundo\",\"potentialAction\":[{\"@type\":\"SearchAction\",\"target\":{\"@type\":\"EntryPoint\",\"urlTemplate\":\"https:\/\/www.pmpf.rs.gov.br\/secretaria-de-meio-ambiente\/?s={search_term_string}\"},\"query-input\":{\"@type\":\"PropertyValueSpecification\",\"valueRequired\":true,\"valueName\":\"search_term_string\"}}],\"inLanguage\":\"pt-BR\"}]}<\/script>\n<!-- \/ Yoast SEO plugin. -->","yoast_head_json":{"title":"Corticeira do Banhado - Secretaria de Meio Ambiente","robots":{"index":"index","follow":"follow","max-snippet":"max-snippet:-1","max-image-preview":"max-image-preview:large","max-video-preview":"max-video-preview:-1"},"canonical":"https:\/\/www.pmpf.rs.gov.br\/secretaria-de-meio-ambiente\/corticeira-do-banhado\/","og_locale":"pt_BR","og_type":"article","og_title":"Corticeira do Banhado - Secretaria de Meio Ambiente","og_description":"Corticeira do Banhado Nome comum:&nbsp;Corticeira do Banhado Nome cient\u00edfico:&nbsp;Erythrina crista-galli Fam\u00edlia:&nbsp;Fabaceae Origem:&nbsp;Nativa do Brasil e Argentina Descri\u00e7\u00e3o Morfol\u00f3gica: Copa:&nbsp;Irregular com di\u00e2metro de 5 a 8 metros; Porte:&nbsp;Pequeno a m\u00e9dio; Folhas:&nbsp;Composta trifoliolada, aculeadas, [&hellip;]","og_url":"https:\/\/www.pmpf.rs.gov.br\/secretaria-de-meio-ambiente\/corticeira-do-banhado\/","og_site_name":"Secretaria de Meio Ambiente","article_modified_time":"2021-12-24T22:49:57+00:00","og_image":[{"url":"https:\/\/www.pmpf.rs.gov.br\/secretaria-de-meio-ambiente\/wp-content\/uploads\/sites\/48\/2021\/12\/I2017-12-19_15_21_28_48931.jpg"}],"twitter_card":"summary_large_image","twitter_misc":{"Est. tempo de leitura":"2 minutos"},"schema":{"@context":"https:\/\/schema.org","@graph":[{"@type":"WebPage","@id":"https:\/\/www.pmpf.rs.gov.br\/secretaria-de-meio-ambiente\/corticeira-do-banhado\/","url":"https:\/\/www.pmpf.rs.gov.br\/secretaria-de-meio-ambiente\/corticeira-do-banhado\/","name":"Corticeira do Banhado - Secretaria de Meio Ambiente","isPartOf":{"@id":"https:\/\/www.pmpf.rs.gov.br\/secretaria-de-meio-ambiente\/#website"},"primaryImageOfPage":{"@id":"https:\/\/www.pmpf.rs.gov.br\/secretaria-de-meio-ambiente\/corticeira-do-banhado\/#primaryimage"},"image":{"@id":"https:\/\/www.pmpf.rs.gov.br\/secretaria-de-meio-ambiente\/corticeira-do-banhado\/#primaryimage"},"thumbnailUrl":"https:\/\/www.pmpf.rs.gov.br\/secretaria-de-meio-ambiente\/wp-content\/uploads\/sites\/48\/2021\/12\/I2017-12-19_15_21_28_48931.jpg","datePublished":"2021-12-22T16:08:28+00:00","dateModified":"2021-12-24T22:49:57+00:00","inLanguage":"pt-BR","potentialAction":[{"@type":"ReadAction","target":["https:\/\/www.pmpf.rs.gov.br\/secretaria-de-meio-ambiente\/corticeira-do-banhado\/"]}]},{"@type":"ImageObject","inLanguage":"pt-BR","@id":"https:\/\/www.pmpf.rs.gov.br\/secretaria-de-meio-ambiente\/corticeira-do-banhado\/#primaryimage","url":"https:\/\/www.pmpf.rs.gov.br\/secretaria-de-meio-ambiente\/wp-content\/uploads\/sites\/48\/2021\/12\/I2017-12-19_15_21_28_48931.jpg","contentUrl":"https:\/\/www.pmpf.rs.gov.br\/secretaria-de-meio-ambiente\/wp-content\/uploads\/sites\/48\/2021\/12\/I2017-12-19_15_21_28_48931.jpg","width":280,"height":186},{"@type":"WebSite","@id":"https:\/\/www.pmpf.rs.gov.br\/secretaria-de-meio-ambiente\/#website","url":"https:\/\/www.pmpf.rs.gov.br\/secretaria-de-meio-ambiente\/","name":"Secretaria de Meio Ambiente","description":"S\u00f3 mais um site Prefeitura de Passo Fundo","potentialAction":[{"@type":"SearchAction","target":{"@type":"EntryPoint","urlTemplate":"https:\/\/www.pmpf.rs.gov.br\/secretaria-de-meio-ambiente\/?s={search_term_string}"},"query-input":{"@type":"PropertyValueSpecification","valueRequired":true,"valueName":"search_term_string"}}],"inLanguage":"pt-BR"}]}},"_links":{"self":[{"href":"https:\/\/www.pmpf.rs.gov.br\/secretaria-de-meio-ambiente\/wp-json\/wp\/v2\/pages\/80"}],"collection":[{"href":"https:\/\/www.pmpf.rs.gov.br\/secretaria-de-meio-ambiente\/wp-json\/wp\/v2\/pages"}],"about":[{"href":"https:\/\/www.pmpf.rs.gov.br\/secretaria-de-meio-ambiente\/wp-json\/wp\/v2\/types\/page"}],"author":[{"embeddable":true,"href":"https:\/\/www.pmpf.rs.gov.br\/secretaria-de-meio-ambiente\/wp-json\/wp\/v2\/users\/1"}],"replies":[{"embeddable":true,"href":"https:\/\/www.pmpf.rs.gov.br\/secretaria-de-meio-ambiente\/wp-json\/wp\/v2\/comments?post=80"}],"version-history":[{"count":3,"href":"https:\/\/www.pmpf.rs.gov.br\/secretaria-de-meio-ambiente\/wp-json\/wp\/v2\/pages\/80\/revisions"}],"predecessor-version":[{"id":1119,"href":"https:\/\/www.pmpf.rs.gov.br\/secretaria-de-meio-ambiente\/wp-json\/wp\/v2\/pages\/80\/revisions\/1119"}],"wp:attachment":[{"href":"https:\/\/www.pmpf.rs.gov.br\/secretaria-de-meio-ambiente\/wp-json\/wp\/v2\/media?parent=80"}],"curies":[{"name":"wp","href":"https:\/\/api.w.org\/{rel}","templated":true}]}}