{"id":723,"date":"2021-12-22T13:19:50","date_gmt":"2021-12-22T16:19:50","guid":{"rendered":"https:\/\/www.pmpf.rs.gov.br\/secretaria-de-meio-ambiente\/?page_id=723"},"modified":"2021-12-24T19:52:50","modified_gmt":"2021-12-24T22:52:50","slug":"timbauva","status":"publish","type":"page","link":"https:\/\/www.pmpf.rs.gov.br\/secretaria-de-meio-ambiente\/timbauva\/","title":{"rendered":"Timba\u00fava"},"content":{"rendered":"\n<h2 class=\"wp-block-heading\">Timba\u00fava<\/h2>\n\n\n\n<div class=\"wp-block-image\"><figure class=\"alignleft size-full\"><img loading=\"lazy\" decoding=\"async\" width=\"280\" height=\"186\" src=\"https:\/\/www.pmpf.rs.gov.br\/secretaria-de-meio-ambiente\/wp-content\/uploads\/sites\/48\/2021\/12\/I2017-12-20_14_29_43_48931.jpg\" alt=\"\" class=\"wp-image-731\"\/><\/figure><\/div>\n\n\n\n<p>Nome comum:&nbsp;<strong>Timba\u00fava<\/strong><\/p>\n\n\n\n<p>Nome cient\u00edfico:&nbsp;<em>Enterolobium contorstisiliquum<\/em><\/p>\n\n\n\n<p>Fam\u00edlia:&nbsp;<strong>Fabaceae<\/strong><\/p>\n\n\n\n<p>Origem:&nbsp;<strong>Nativa do Brasil<\/strong><\/p>\n\n\n\n<div style=\"height:1px\" aria-hidden=\"true\" class=\"wp-block-spacer\"><\/div>\n\n\n\n<h2 class=\"wp-block-heading\">Descri\u00e7\u00e3o Morfol\u00f3gica:<\/h2>\n\n\n\n<ul class=\"wp-block-list\"><li><strong>Copa:<\/strong>&nbsp;Umbeliforme, com di\u00e2metro de 15 metros;<\/li><li><strong>Porte:<\/strong>&nbsp;Grande porte, altura de 10 a 25 metros;<\/li><li><strong>Folhas:<\/strong>&nbsp;Dec\u00eddua. Compostas bipinadas com 3 a 7 pares de pinas, cada uma com 8 a 23 pares de fol\u00edolos. Folhas de at\u00e9 30 cm de comprimento;<\/li><li><strong>Cor da flor:<\/strong>&nbsp;Brancas ou verde-p\u00e1lidas;<\/li><li><strong>Fenologia:<\/strong>&nbsp;A flora\u00e7\u00e3o varia conforme a regi\u00e3o, podendo acontecer nos meses de junho a mar\u00e7o ou setembro a novembro;<\/li><li><strong>Frutifica\u00e7\u00e3o:<\/strong>&nbsp;A frutifica\u00e7\u00e3o varia conforme a regi\u00e3o, podendo acontecer nos meses de maio a outubro;<\/li><\/ul>\n\n\n\n<p><strong>Usos:<\/strong>&nbsp;Parque e Pra\u00e7as. N\u00e3o \u00e9 recomendado seu uso em cal\u00e7adas, pois necessita de amplos espa\u00e7os devido \u00e0s dimens\u00f5es da copa. Usada em paisagismo em espa\u00e7os amplos. Forrageira e ap\u00edcola, madeira leve;<\/p>\n\n\n\n<p><strong>Import\u00e2ncia ecol\u00f3gica:<\/strong>&nbsp;Pioneira de rapid\u00edssimo crescimento em forma\u00e7\u00f5es secund\u00e1rias. Importante para iniciar a recupera\u00e7\u00e3o de \u00e1reas degradadas com solos pobres. Atrai abelhas.<\/p>\n\n\n\n<figure class=\"wp-block-gallery columns-3 is-cropped wp-block-gallery-1 is-layout-flex wp-block-gallery-is-layout-flex\"><ul class=\"blocks-gallery-grid\"><li class=\"blocks-gallery-item\"><figure><a href=\"https:\/\/www.pmpf.rs.gov.br\/secretaria-de-meio-ambiente\/wp-content\/uploads\/sites\/48\/2021\/12\/smam_Timbauva_01.jpg\"><img loading=\"lazy\" decoding=\"async\" width=\"200\" height=\"147\" src=\"https:\/\/www.pmpf.rs.gov.br\/secretaria-de-meio-ambiente\/wp-content\/uploads\/sites\/48\/2021\/12\/smam_Timbauva_01.jpg\" alt=\"\" data-id=\"745\" data-full-url=\"https:\/\/www.pmpf.rs.gov.br\/secretaria-de-meio-ambiente\/wp-content\/uploads\/sites\/48\/2021\/12\/smam_Timbauva_01.jpg\" data-link=\"https:\/\/www.pmpf.rs.gov.br\/secretaria-de-meio-ambiente\/?attachment_id=745\" class=\"wp-image-745\"\/><\/a><\/figure><\/li><li class=\"blocks-gallery-item\"><figure><a href=\"https:\/\/www.pmpf.rs.gov.br\/secretaria-de-meio-ambiente\/wp-content\/uploads\/sites\/48\/2021\/12\/smam_Timbauva_02.jpg\"><img loading=\"lazy\" decoding=\"async\" width=\"200\" height=\"147\" src=\"https:\/\/www.pmpf.rs.gov.br\/secretaria-de-meio-ambiente\/wp-content\/uploads\/sites\/48\/2021\/12\/smam_Timbauva_02.jpg\" alt=\"\" data-id=\"746\" data-full-url=\"https:\/\/www.pmpf.rs.gov.br\/secretaria-de-meio-ambiente\/wp-content\/uploads\/sites\/48\/2021\/12\/smam_Timbauva_02.jpg\" data-link=\"https:\/\/www.pmpf.rs.gov.br\/secretaria-de-meio-ambiente\/?attachment_id=746\" class=\"wp-image-746\"\/><\/a><\/figure><\/li><li class=\"blocks-gallery-item\"><figure><a href=\"https:\/\/www.pmpf.rs.gov.br\/secretaria-de-meio-ambiente\/wp-content\/uploads\/sites\/48\/2021\/12\/smam_Timbauva_03.jpg\"><img loading=\"lazy\" decoding=\"async\" width=\"200\" height=\"147\" src=\"https:\/\/www.pmpf.rs.gov.br\/secretaria-de-meio-ambiente\/wp-content\/uploads\/sites\/48\/2021\/12\/smam_Timbauva_03.jpg\" alt=\"\" data-id=\"747\" data-full-url=\"https:\/\/www.pmpf.rs.gov.br\/secretaria-de-meio-ambiente\/wp-content\/uploads\/sites\/48\/2021\/12\/smam_Timbauva_03.jpg\" data-link=\"https:\/\/www.pmpf.rs.gov.br\/secretaria-de-meio-ambiente\/?attachment_id=747\" class=\"wp-image-747\"\/><\/a><\/figure><\/li><\/ul><figcaption class=\"blocks-gallery-caption\">Texto elaborado pela Professora Dra. Evanisa R.Q. Melo &#8211; LAPEAA<\/figcaption><\/figure>\n\n\n\n<p><\/p>\n","protected":false},"excerpt":{"rendered":"<p>Timba\u00fava Nome comum:&nbsp;Timba\u00fava Nome cient\u00edfico:&nbsp;Enterolobium contorstisiliquum Fam\u00edlia:&nbsp;Fabaceae Origem:&nbsp;Nativa do Brasil Descri\u00e7\u00e3o Morfol\u00f3gica: Copa:&nbsp;Umbeliforme, com di\u00e2metro de 15 metros; Porte:&nbsp;Grande porte, altura de 10 a 25 metros; Folhas:&nbsp;Dec\u00eddua. Compostas bipinadas com 3 a [&hellip;]<\/p>\n","protected":false},"author":1,"featured_media":0,"parent":0,"menu_order":0,"comment_status":"closed","ping_status":"closed","template":"","meta":{"footnotes":""},"class_list":["post-723","page","type-page","status-publish","hentry"],"yoast_head":"<!-- This site is optimized with the Yoast SEO plugin v23.8 - https:\/\/yoast.com\/wordpress\/plugins\/seo\/ -->\n<title>Timba\u00fava - Secretaria de Meio Ambiente<\/title>\n<meta name=\"robots\" content=\"index, follow, max-snippet:-1, max-image-preview:large, max-video-preview:-1\" \/>\n<link rel=\"canonical\" href=\"https:\/\/www.pmpf.rs.gov.br\/secretaria-de-meio-ambiente\/timbauva\/\" \/>\n<meta property=\"og:locale\" content=\"pt_BR\" \/>\n<meta property=\"og:type\" content=\"article\" \/>\n<meta property=\"og:title\" content=\"Timba\u00fava - Secretaria de Meio Ambiente\" \/>\n<meta property=\"og:description\" content=\"Timba\u00fava Nome comum:&nbsp;Timba\u00fava Nome cient\u00edfico:&nbsp;Enterolobium contorstisiliquum Fam\u00edlia:&nbsp;Fabaceae Origem:&nbsp;Nativa do Brasil Descri\u00e7\u00e3o Morfol\u00f3gica: Copa:&nbsp;Umbeliforme, com di\u00e2metro de 15 metros; Porte:&nbsp;Grande porte, altura de 10 a 25 metros; Folhas:&nbsp;Dec\u00eddua. Compostas bipinadas com 3 a [&hellip;]\" \/>\n<meta property=\"og:url\" content=\"https:\/\/www.pmpf.rs.gov.br\/secretaria-de-meio-ambiente\/timbauva\/\" \/>\n<meta property=\"og:site_name\" content=\"Secretaria de Meio Ambiente\" \/>\n<meta property=\"article:modified_time\" content=\"2021-12-24T22:52:50+00:00\" \/>\n<meta property=\"og:image\" content=\"https:\/\/www.pmpf.rs.gov.br\/secretaria-de-meio-ambiente\/wp-content\/uploads\/sites\/48\/2021\/12\/I2017-12-20_14_29_43_48931.jpg\" \/>\n<meta name=\"twitter:card\" content=\"summary_large_image\" \/>\n<meta name=\"twitter:label1\" content=\"Est. tempo de leitura\" \/>\n\t<meta name=\"twitter:data1\" content=\"2 minutos\" \/>\n<script type=\"application\/ld+json\" class=\"yoast-schema-graph\">{\"@context\":\"https:\/\/schema.org\",\"@graph\":[{\"@type\":\"WebPage\",\"@id\":\"https:\/\/www.pmpf.rs.gov.br\/secretaria-de-meio-ambiente\/timbauva\/\",\"url\":\"https:\/\/www.pmpf.rs.gov.br\/secretaria-de-meio-ambiente\/timbauva\/\",\"name\":\"Timba\u00fava - Secretaria de Meio Ambiente\",\"isPartOf\":{\"@id\":\"https:\/\/www.pmpf.rs.gov.br\/secretaria-de-meio-ambiente\/#website\"},\"primaryImageOfPage\":{\"@id\":\"https:\/\/www.pmpf.rs.gov.br\/secretaria-de-meio-ambiente\/timbauva\/#primaryimage\"},\"image\":{\"@id\":\"https:\/\/www.pmpf.rs.gov.br\/secretaria-de-meio-ambiente\/timbauva\/#primaryimage\"},\"thumbnailUrl\":\"https:\/\/www.pmpf.rs.gov.br\/secretaria-de-meio-ambiente\/wp-content\/uploads\/sites\/48\/2021\/12\/I2017-12-20_14_29_43_48931.jpg\",\"datePublished\":\"2021-12-22T16:19:50+00:00\",\"dateModified\":\"2021-12-24T22:52:50+00:00\",\"inLanguage\":\"pt-BR\",\"potentialAction\":[{\"@type\":\"ReadAction\",\"target\":[\"https:\/\/www.pmpf.rs.gov.br\/secretaria-de-meio-ambiente\/timbauva\/\"]}]},{\"@type\":\"ImageObject\",\"inLanguage\":\"pt-BR\",\"@id\":\"https:\/\/www.pmpf.rs.gov.br\/secretaria-de-meio-ambiente\/timbauva\/#primaryimage\",\"url\":\"https:\/\/www.pmpf.rs.gov.br\/secretaria-de-meio-ambiente\/wp-content\/uploads\/sites\/48\/2021\/12\/I2017-12-20_14_29_43_48931.jpg\",\"contentUrl\":\"https:\/\/www.pmpf.rs.gov.br\/secretaria-de-meio-ambiente\/wp-content\/uploads\/sites\/48\/2021\/12\/I2017-12-20_14_29_43_48931.jpg\",\"width\":280,\"height\":186},{\"@type\":\"WebSite\",\"@id\":\"https:\/\/www.pmpf.rs.gov.br\/secretaria-de-meio-ambiente\/#website\",\"url\":\"https:\/\/www.pmpf.rs.gov.br\/secretaria-de-meio-ambiente\/\",\"name\":\"Secretaria de Meio Ambiente\",\"description\":\"S\u00f3 mais um site Prefeitura de Passo Fundo\",\"potentialAction\":[{\"@type\":\"SearchAction\",\"target\":{\"@type\":\"EntryPoint\",\"urlTemplate\":\"https:\/\/www.pmpf.rs.gov.br\/secretaria-de-meio-ambiente\/?s={search_term_string}\"},\"query-input\":{\"@type\":\"PropertyValueSpecification\",\"valueRequired\":true,\"valueName\":\"search_term_string\"}}],\"inLanguage\":\"pt-BR\"}]}<\/script>\n<!-- \/ Yoast SEO plugin. -->","yoast_head_json":{"title":"Timba\u00fava - Secretaria de Meio Ambiente","robots":{"index":"index","follow":"follow","max-snippet":"max-snippet:-1","max-image-preview":"max-image-preview:large","max-video-preview":"max-video-preview:-1"},"canonical":"https:\/\/www.pmpf.rs.gov.br\/secretaria-de-meio-ambiente\/timbauva\/","og_locale":"pt_BR","og_type":"article","og_title":"Timba\u00fava - Secretaria de Meio Ambiente","og_description":"Timba\u00fava Nome comum:&nbsp;Timba\u00fava Nome cient\u00edfico:&nbsp;Enterolobium contorstisiliquum Fam\u00edlia:&nbsp;Fabaceae Origem:&nbsp;Nativa do Brasil Descri\u00e7\u00e3o Morfol\u00f3gica: Copa:&nbsp;Umbeliforme, com di\u00e2metro de 15 metros; Porte:&nbsp;Grande porte, altura de 10 a 25 metros; Folhas:&nbsp;Dec\u00eddua. Compostas bipinadas com 3 a [&hellip;]","og_url":"https:\/\/www.pmpf.rs.gov.br\/secretaria-de-meio-ambiente\/timbauva\/","og_site_name":"Secretaria de Meio Ambiente","article_modified_time":"2021-12-24T22:52:50+00:00","og_image":[{"url":"https:\/\/www.pmpf.rs.gov.br\/secretaria-de-meio-ambiente\/wp-content\/uploads\/sites\/48\/2021\/12\/I2017-12-20_14_29_43_48931.jpg"}],"twitter_card":"summary_large_image","twitter_misc":{"Est. tempo de leitura":"2 minutos"},"schema":{"@context":"https:\/\/schema.org","@graph":[{"@type":"WebPage","@id":"https:\/\/www.pmpf.rs.gov.br\/secretaria-de-meio-ambiente\/timbauva\/","url":"https:\/\/www.pmpf.rs.gov.br\/secretaria-de-meio-ambiente\/timbauva\/","name":"Timba\u00fava - Secretaria de Meio Ambiente","isPartOf":{"@id":"https:\/\/www.pmpf.rs.gov.br\/secretaria-de-meio-ambiente\/#website"},"primaryImageOfPage":{"@id":"https:\/\/www.pmpf.rs.gov.br\/secretaria-de-meio-ambiente\/timbauva\/#primaryimage"},"image":{"@id":"https:\/\/www.pmpf.rs.gov.br\/secretaria-de-meio-ambiente\/timbauva\/#primaryimage"},"thumbnailUrl":"https:\/\/www.pmpf.rs.gov.br\/secretaria-de-meio-ambiente\/wp-content\/uploads\/sites\/48\/2021\/12\/I2017-12-20_14_29_43_48931.jpg","datePublished":"2021-12-22T16:19:50+00:00","dateModified":"2021-12-24T22:52:50+00:00","inLanguage":"pt-BR","potentialAction":[{"@type":"ReadAction","target":["https:\/\/www.pmpf.rs.gov.br\/secretaria-de-meio-ambiente\/timbauva\/"]}]},{"@type":"ImageObject","inLanguage":"pt-BR","@id":"https:\/\/www.pmpf.rs.gov.br\/secretaria-de-meio-ambiente\/timbauva\/#primaryimage","url":"https:\/\/www.pmpf.rs.gov.br\/secretaria-de-meio-ambiente\/wp-content\/uploads\/sites\/48\/2021\/12\/I2017-12-20_14_29_43_48931.jpg","contentUrl":"https:\/\/www.pmpf.rs.gov.br\/secretaria-de-meio-ambiente\/wp-content\/uploads\/sites\/48\/2021\/12\/I2017-12-20_14_29_43_48931.jpg","width":280,"height":186},{"@type":"WebSite","@id":"https:\/\/www.pmpf.rs.gov.br\/secretaria-de-meio-ambiente\/#website","url":"https:\/\/www.pmpf.rs.gov.br\/secretaria-de-meio-ambiente\/","name":"Secretaria de Meio Ambiente","description":"S\u00f3 mais um site Prefeitura de Passo Fundo","potentialAction":[{"@type":"SearchAction","target":{"@type":"EntryPoint","urlTemplate":"https:\/\/www.pmpf.rs.gov.br\/secretaria-de-meio-ambiente\/?s={search_term_string}"},"query-input":{"@type":"PropertyValueSpecification","valueRequired":true,"valueName":"search_term_string"}}],"inLanguage":"pt-BR"}]}},"_links":{"self":[{"href":"https:\/\/www.pmpf.rs.gov.br\/secretaria-de-meio-ambiente\/wp-json\/wp\/v2\/pages\/723"}],"collection":[{"href":"https:\/\/www.pmpf.rs.gov.br\/secretaria-de-meio-ambiente\/wp-json\/wp\/v2\/pages"}],"about":[{"href":"https:\/\/www.pmpf.rs.gov.br\/secretaria-de-meio-ambiente\/wp-json\/wp\/v2\/types\/page"}],"author":[{"embeddable":true,"href":"https:\/\/www.pmpf.rs.gov.br\/secretaria-de-meio-ambiente\/wp-json\/wp\/v2\/users\/1"}],"replies":[{"embeddable":true,"href":"https:\/\/www.pmpf.rs.gov.br\/secretaria-de-meio-ambiente\/wp-json\/wp\/v2\/comments?post=723"}],"version-history":[{"count":2,"href":"https:\/\/www.pmpf.rs.gov.br\/secretaria-de-meio-ambiente\/wp-json\/wp\/v2\/pages\/723\/revisions"}],"predecessor-version":[{"id":1127,"href":"https:\/\/www.pmpf.rs.gov.br\/secretaria-de-meio-ambiente\/wp-json\/wp\/v2\/pages\/723\/revisions\/1127"}],"wp:attachment":[{"href":"https:\/\/www.pmpf.rs.gov.br\/secretaria-de-meio-ambiente\/wp-json\/wp\/v2\/media?parent=723"}],"curies":[{"name":"wp","href":"https:\/\/api.w.org\/{rel}","templated":true}]}}