{"id":678,"date":"2021-12-22T13:17:48","date_gmt":"2021-12-22T16:17:48","guid":{"rendered":"https:\/\/www.pmpf.rs.gov.br\/secretaria-de-meio-ambiente\/?page_id=678"},"modified":"2021-12-24T19:52:23","modified_gmt":"2021-12-24T22:52:23","slug":"pitangueira","status":"publish","type":"page","link":"https:\/\/www.pmpf.rs.gov.br\/secretaria-de-meio-ambiente\/pitangueira\/","title":{"rendered":"Pitangueira"},"content":{"rendered":"\n<h2 class=\"wp-block-heading\">Pitangueira<\/h2>\n\n\n\n<div class=\"wp-block-image\"><figure class=\"alignleft size-full\"><img loading=\"lazy\" decoding=\"async\" width=\"280\" height=\"186\" src=\"https:\/\/www.pmpf.rs.gov.br\/secretaria-de-meio-ambiente\/wp-content\/uploads\/sites\/48\/2021\/12\/I2017-12-20_11_17_57_48931.jpg\" alt=\"\" class=\"wp-image-679\"\/><\/figure><\/div>\n\n\n\n<p>Nome comum:&nbsp;<strong>Pitangueira<\/strong><\/p>\n\n\n\n<p>Nome cient\u00edfico:&nbsp;<strong><em>Eugenia uniflora<\/em><\/strong><\/p>\n\n\n\n<p>Fam\u00edlia:&nbsp;<strong>Myrtaceae<\/strong><\/p>\n\n\n\n<p>Origem:&nbsp;<strong>Nativa do Brasil<\/strong><\/p>\n\n\n\n<div style=\"height:1px\" aria-hidden=\"true\" class=\"wp-block-spacer\"><\/div>\n\n\n\n<h2 class=\"wp-block-heading\">Descri\u00e7\u00e3o Morfol\u00f3gica:<\/h2>\n\n\n\n<ul class=\"wp-block-list\"><li><strong>Copa:<\/strong>&nbsp;Globosa;<\/li><li><strong>Porte:<\/strong>&nbsp;M\u00e9dio, de 6 a 12 metros;<\/li><li><strong>Folhas:<\/strong>&nbsp;Semidec\u00eddua, simples, opostas, muito arom\u00e1ticas, ovadas, de at\u00e9 7 cm de comprimento por 3 cm de largura;<\/li><li><strong>Cor da flor:<\/strong>&nbsp;Branca;<\/li><li><strong>Fruto:<\/strong>&nbsp;Tipo baga, globoso, com costelas vermelhas, de polpa suculenta doce, ou acidulada, ocasionalmente resinosa;<\/li><li><strong>Fenologia:<\/strong>&nbsp;A flora\u00e7\u00e3o acontece nos meses de agosto a novembro;<\/li><li><strong>Frutifica\u00e7\u00e3o:<\/strong>&nbsp;A frutifica\u00e7\u00e3o acontece nos meses de outubro a janeiro;<\/li><\/ul>\n\n\n\n<p><strong>Usos:<\/strong>&nbsp;Bastante cultivada como ornamental e frut\u00edfera. Os frutos podem ser consumidos in natura e tamb\u00e9m s\u00e3o direcionados \u00e0 ind\u00fastria, para a produ\u00e7\u00e3o de picol\u00e9s, sorvetes, doces e fermentados, al\u00e9m de serem utilizados no preparo de polpas e sucos;<\/p>\n\n\n\n<p><strong>Import\u00e2ncia ecol\u00f3gica:<\/strong>&nbsp;Frutos consumidos por p\u00e1ssaros, peixes e mam\u00edferos. Indicada para o enriquecimento de \u00e1reas degradadas em margens de fontes, rios e reservat\u00f3rios.<\/p>\n\n\n\n<figure class=\"wp-block-gallery columns-3 is-cropped wp-block-gallery-1 is-layout-flex wp-block-gallery-is-layout-flex\"><ul class=\"blocks-gallery-grid\"><li class=\"blocks-gallery-item\"><figure><a href=\"https:\/\/www.pmpf.rs.gov.br\/secretaria-de-meio-ambiente\/wp-content\/uploads\/sites\/48\/2021\/12\/smam_Pitangueira_01.jpg\"><img loading=\"lazy\" decoding=\"async\" width=\"200\" height=\"147\" src=\"https:\/\/www.pmpf.rs.gov.br\/secretaria-de-meio-ambiente\/wp-content\/uploads\/sites\/48\/2021\/12\/smam_Pitangueira_01.jpg\" alt=\"\" data-id=\"699\" data-full-url=\"https:\/\/www.pmpf.rs.gov.br\/secretaria-de-meio-ambiente\/wp-content\/uploads\/sites\/48\/2021\/12\/smam_Pitangueira_01.jpg\" data-link=\"https:\/\/www.pmpf.rs.gov.br\/secretaria-de-meio-ambiente\/?attachment_id=699\" class=\"wp-image-699\"\/><\/a><\/figure><\/li><li class=\"blocks-gallery-item\"><figure><a href=\"https:\/\/www.pmpf.rs.gov.br\/secretaria-de-meio-ambiente\/wp-content\/uploads\/sites\/48\/2021\/12\/smam_Pitangueira_02.jpg\"><img loading=\"lazy\" decoding=\"async\" width=\"200\" height=\"147\" src=\"https:\/\/www.pmpf.rs.gov.br\/secretaria-de-meio-ambiente\/wp-content\/uploads\/sites\/48\/2021\/12\/smam_Pitangueira_02.jpg\" alt=\"\" data-id=\"700\" data-full-url=\"https:\/\/www.pmpf.rs.gov.br\/secretaria-de-meio-ambiente\/wp-content\/uploads\/sites\/48\/2021\/12\/smam_Pitangueira_02.jpg\" data-link=\"https:\/\/www.pmpf.rs.gov.br\/secretaria-de-meio-ambiente\/?attachment_id=700\" class=\"wp-image-700\"\/><\/a><\/figure><\/li><li class=\"blocks-gallery-item\"><figure><a href=\"https:\/\/www.pmpf.rs.gov.br\/secretaria-de-meio-ambiente\/wp-content\/uploads\/sites\/48\/2021\/12\/smam_Pitangueira_03.jpg\"><img loading=\"lazy\" decoding=\"async\" width=\"200\" height=\"147\" src=\"https:\/\/www.pmpf.rs.gov.br\/secretaria-de-meio-ambiente\/wp-content\/uploads\/sites\/48\/2021\/12\/smam_Pitangueira_03.jpg\" alt=\"\" data-id=\"701\" data-full-url=\"https:\/\/www.pmpf.rs.gov.br\/secretaria-de-meio-ambiente\/wp-content\/uploads\/sites\/48\/2021\/12\/smam_Pitangueira_03.jpg\" data-link=\"https:\/\/www.pmpf.rs.gov.br\/secretaria-de-meio-ambiente\/?attachment_id=701\" class=\"wp-image-701\"\/><\/a><\/figure><\/li><\/ul><figcaption class=\"blocks-gallery-caption\">Texto elaborado pela Professora Dra. Evanisa R.Q. Melo &#8211; LAPEAA<\/figcaption><\/figure>\n\n\n\n<p><\/p>\n","protected":false},"excerpt":{"rendered":"<p>Pitangueira Nome comum:&nbsp;Pitangueira Nome cient\u00edfico:&nbsp;Eugenia uniflora Fam\u00edlia:&nbsp;Myrtaceae Origem:&nbsp;Nativa do Brasil Descri\u00e7\u00e3o Morfol\u00f3gica: Copa:&nbsp;Globosa; Porte:&nbsp;M\u00e9dio, de 6 a 12 metros; Folhas:&nbsp;Semidec\u00eddua, simples, opostas, muito arom\u00e1ticas, ovadas, de at\u00e9 7 cm de comprimento por [&hellip;]<\/p>\n","protected":false},"author":1,"featured_media":0,"parent":0,"menu_order":0,"comment_status":"closed","ping_status":"closed","template":"","meta":{"footnotes":""},"class_list":["post-678","page","type-page","status-publish","hentry"],"yoast_head":"<!-- This site is optimized with the Yoast SEO plugin v23.8 - https:\/\/yoast.com\/wordpress\/plugins\/seo\/ -->\n<title>Pitangueira - Secretaria de Meio Ambiente<\/title>\n<meta name=\"robots\" content=\"index, follow, max-snippet:-1, max-image-preview:large, max-video-preview:-1\" \/>\n<link rel=\"canonical\" href=\"https:\/\/www.pmpf.rs.gov.br\/secretaria-de-meio-ambiente\/pitangueira\/\" \/>\n<meta property=\"og:locale\" content=\"pt_BR\" \/>\n<meta property=\"og:type\" content=\"article\" \/>\n<meta property=\"og:title\" content=\"Pitangueira - Secretaria de Meio Ambiente\" \/>\n<meta property=\"og:description\" content=\"Pitangueira Nome comum:&nbsp;Pitangueira Nome cient\u00edfico:&nbsp;Eugenia uniflora Fam\u00edlia:&nbsp;Myrtaceae Origem:&nbsp;Nativa do Brasil Descri\u00e7\u00e3o Morfol\u00f3gica: Copa:&nbsp;Globosa; Porte:&nbsp;M\u00e9dio, de 6 a 12 metros; Folhas:&nbsp;Semidec\u00eddua, simples, opostas, muito arom\u00e1ticas, ovadas, de at\u00e9 7 cm de comprimento por [&hellip;]\" \/>\n<meta property=\"og:url\" content=\"https:\/\/www.pmpf.rs.gov.br\/secretaria-de-meio-ambiente\/pitangueira\/\" \/>\n<meta property=\"og:site_name\" content=\"Secretaria de Meio Ambiente\" \/>\n<meta property=\"article:modified_time\" content=\"2021-12-24T22:52:23+00:00\" \/>\n<meta property=\"og:image\" content=\"https:\/\/www.pmpf.rs.gov.br\/secretaria-de-meio-ambiente\/wp-content\/uploads\/sites\/48\/2021\/12\/I2017-12-20_11_17_57_48931.jpg\" \/>\n<meta name=\"twitter:card\" content=\"summary_large_image\" \/>\n<meta name=\"twitter:label1\" content=\"Est. tempo de leitura\" \/>\n\t<meta name=\"twitter:data1\" content=\"2 minutos\" \/>\n<script type=\"application\/ld+json\" class=\"yoast-schema-graph\">{\"@context\":\"https:\/\/schema.org\",\"@graph\":[{\"@type\":\"WebPage\",\"@id\":\"https:\/\/www.pmpf.rs.gov.br\/secretaria-de-meio-ambiente\/pitangueira\/\",\"url\":\"https:\/\/www.pmpf.rs.gov.br\/secretaria-de-meio-ambiente\/pitangueira\/\",\"name\":\"Pitangueira - Secretaria de Meio Ambiente\",\"isPartOf\":{\"@id\":\"https:\/\/www.pmpf.rs.gov.br\/secretaria-de-meio-ambiente\/#website\"},\"primaryImageOfPage\":{\"@id\":\"https:\/\/www.pmpf.rs.gov.br\/secretaria-de-meio-ambiente\/pitangueira\/#primaryimage\"},\"image\":{\"@id\":\"https:\/\/www.pmpf.rs.gov.br\/secretaria-de-meio-ambiente\/pitangueira\/#primaryimage\"},\"thumbnailUrl\":\"https:\/\/www.pmpf.rs.gov.br\/secretaria-de-meio-ambiente\/wp-content\/uploads\/sites\/48\/2021\/12\/I2017-12-20_11_17_57_48931.jpg\",\"datePublished\":\"2021-12-22T16:17:48+00:00\",\"dateModified\":\"2021-12-24T22:52:23+00:00\",\"inLanguage\":\"pt-BR\",\"potentialAction\":[{\"@type\":\"ReadAction\",\"target\":[\"https:\/\/www.pmpf.rs.gov.br\/secretaria-de-meio-ambiente\/pitangueira\/\"]}]},{\"@type\":\"ImageObject\",\"inLanguage\":\"pt-BR\",\"@id\":\"https:\/\/www.pmpf.rs.gov.br\/secretaria-de-meio-ambiente\/pitangueira\/#primaryimage\",\"url\":\"https:\/\/www.pmpf.rs.gov.br\/secretaria-de-meio-ambiente\/wp-content\/uploads\/sites\/48\/2021\/12\/I2017-12-20_11_17_57_48931.jpg\",\"contentUrl\":\"https:\/\/www.pmpf.rs.gov.br\/secretaria-de-meio-ambiente\/wp-content\/uploads\/sites\/48\/2021\/12\/I2017-12-20_11_17_57_48931.jpg\",\"width\":280,\"height\":186},{\"@type\":\"WebSite\",\"@id\":\"https:\/\/www.pmpf.rs.gov.br\/secretaria-de-meio-ambiente\/#website\",\"url\":\"https:\/\/www.pmpf.rs.gov.br\/secretaria-de-meio-ambiente\/\",\"name\":\"Secretaria de Meio Ambiente\",\"description\":\"S\u00f3 mais um site Prefeitura de Passo Fundo\",\"potentialAction\":[{\"@type\":\"SearchAction\",\"target\":{\"@type\":\"EntryPoint\",\"urlTemplate\":\"https:\/\/www.pmpf.rs.gov.br\/secretaria-de-meio-ambiente\/?s={search_term_string}\"},\"query-input\":{\"@type\":\"PropertyValueSpecification\",\"valueRequired\":true,\"valueName\":\"search_term_string\"}}],\"inLanguage\":\"pt-BR\"}]}<\/script>\n<!-- \/ Yoast SEO plugin. -->","yoast_head_json":{"title":"Pitangueira - Secretaria de Meio Ambiente","robots":{"index":"index","follow":"follow","max-snippet":"max-snippet:-1","max-image-preview":"max-image-preview:large","max-video-preview":"max-video-preview:-1"},"canonical":"https:\/\/www.pmpf.rs.gov.br\/secretaria-de-meio-ambiente\/pitangueira\/","og_locale":"pt_BR","og_type":"article","og_title":"Pitangueira - Secretaria de Meio Ambiente","og_description":"Pitangueira Nome comum:&nbsp;Pitangueira Nome cient\u00edfico:&nbsp;Eugenia uniflora Fam\u00edlia:&nbsp;Myrtaceae Origem:&nbsp;Nativa do Brasil Descri\u00e7\u00e3o Morfol\u00f3gica: Copa:&nbsp;Globosa; Porte:&nbsp;M\u00e9dio, de 6 a 12 metros; Folhas:&nbsp;Semidec\u00eddua, simples, opostas, muito arom\u00e1ticas, ovadas, de at\u00e9 7 cm de comprimento por [&hellip;]","og_url":"https:\/\/www.pmpf.rs.gov.br\/secretaria-de-meio-ambiente\/pitangueira\/","og_site_name":"Secretaria de Meio Ambiente","article_modified_time":"2021-12-24T22:52:23+00:00","og_image":[{"url":"https:\/\/www.pmpf.rs.gov.br\/secretaria-de-meio-ambiente\/wp-content\/uploads\/sites\/48\/2021\/12\/I2017-12-20_11_17_57_48931.jpg"}],"twitter_card":"summary_large_image","twitter_misc":{"Est. tempo de leitura":"2 minutos"},"schema":{"@context":"https:\/\/schema.org","@graph":[{"@type":"WebPage","@id":"https:\/\/www.pmpf.rs.gov.br\/secretaria-de-meio-ambiente\/pitangueira\/","url":"https:\/\/www.pmpf.rs.gov.br\/secretaria-de-meio-ambiente\/pitangueira\/","name":"Pitangueira - Secretaria de Meio Ambiente","isPartOf":{"@id":"https:\/\/www.pmpf.rs.gov.br\/secretaria-de-meio-ambiente\/#website"},"primaryImageOfPage":{"@id":"https:\/\/www.pmpf.rs.gov.br\/secretaria-de-meio-ambiente\/pitangueira\/#primaryimage"},"image":{"@id":"https:\/\/www.pmpf.rs.gov.br\/secretaria-de-meio-ambiente\/pitangueira\/#primaryimage"},"thumbnailUrl":"https:\/\/www.pmpf.rs.gov.br\/secretaria-de-meio-ambiente\/wp-content\/uploads\/sites\/48\/2021\/12\/I2017-12-20_11_17_57_48931.jpg","datePublished":"2021-12-22T16:17:48+00:00","dateModified":"2021-12-24T22:52:23+00:00","inLanguage":"pt-BR","potentialAction":[{"@type":"ReadAction","target":["https:\/\/www.pmpf.rs.gov.br\/secretaria-de-meio-ambiente\/pitangueira\/"]}]},{"@type":"ImageObject","inLanguage":"pt-BR","@id":"https:\/\/www.pmpf.rs.gov.br\/secretaria-de-meio-ambiente\/pitangueira\/#primaryimage","url":"https:\/\/www.pmpf.rs.gov.br\/secretaria-de-meio-ambiente\/wp-content\/uploads\/sites\/48\/2021\/12\/I2017-12-20_11_17_57_48931.jpg","contentUrl":"https:\/\/www.pmpf.rs.gov.br\/secretaria-de-meio-ambiente\/wp-content\/uploads\/sites\/48\/2021\/12\/I2017-12-20_11_17_57_48931.jpg","width":280,"height":186},{"@type":"WebSite","@id":"https:\/\/www.pmpf.rs.gov.br\/secretaria-de-meio-ambiente\/#website","url":"https:\/\/www.pmpf.rs.gov.br\/secretaria-de-meio-ambiente\/","name":"Secretaria de Meio Ambiente","description":"S\u00f3 mais um site Prefeitura de Passo Fundo","potentialAction":[{"@type":"SearchAction","target":{"@type":"EntryPoint","urlTemplate":"https:\/\/www.pmpf.rs.gov.br\/secretaria-de-meio-ambiente\/?s={search_term_string}"},"query-input":{"@type":"PropertyValueSpecification","valueRequired":true,"valueName":"search_term_string"}}],"inLanguage":"pt-BR"}]}},"_links":{"self":[{"href":"https:\/\/www.pmpf.rs.gov.br\/secretaria-de-meio-ambiente\/wp-json\/wp\/v2\/pages\/678"}],"collection":[{"href":"https:\/\/www.pmpf.rs.gov.br\/secretaria-de-meio-ambiente\/wp-json\/wp\/v2\/pages"}],"about":[{"href":"https:\/\/www.pmpf.rs.gov.br\/secretaria-de-meio-ambiente\/wp-json\/wp\/v2\/types\/page"}],"author":[{"embeddable":true,"href":"https:\/\/www.pmpf.rs.gov.br\/secretaria-de-meio-ambiente\/wp-json\/wp\/v2\/users\/1"}],"replies":[{"embeddable":true,"href":"https:\/\/www.pmpf.rs.gov.br\/secretaria-de-meio-ambiente\/wp-json\/wp\/v2\/comments?post=678"}],"version-history":[{"count":2,"href":"https:\/\/www.pmpf.rs.gov.br\/secretaria-de-meio-ambiente\/wp-json\/wp\/v2\/pages\/678\/revisions"}],"predecessor-version":[{"id":1126,"href":"https:\/\/www.pmpf.rs.gov.br\/secretaria-de-meio-ambiente\/wp-json\/wp\/v2\/pages\/678\/revisions\/1126"}],"wp:attachment":[{"href":"https:\/\/www.pmpf.rs.gov.br\/secretaria-de-meio-ambiente\/wp-json\/wp\/v2\/media?parent=678"}],"curies":[{"name":"wp","href":"https:\/\/api.w.org\/{rel}","templated":true}]}}