{"id":63,"date":"2021-12-21T19:04:25","date_gmt":"2021-12-21T22:04:25","guid":{"rendered":"https:\/\/www.pmpf.rs.gov.br\/secretaria-de-meio-ambiente\/?page_id=63"},"modified":"2021-12-24T19:43:58","modified_gmt":"2021-12-24T22:43:58","slug":"aroeira-vermelha","status":"publish","type":"page","link":"https:\/\/www.pmpf.rs.gov.br\/secretaria-de-meio-ambiente\/aroeira-vermelha\/","title":{"rendered":"Aroeira Vermelha"},"content":{"rendered":"\n<h2 class=\"wp-block-heading\">Aroeira Vermelha<\/h2>\n\n\n\n<div class=\"wp-block-image\"><figure class=\"alignleft size-full\"><img loading=\"lazy\" decoding=\"async\" width=\"280\" height=\"186\" src=\"https:\/\/www.pmpf.rs.gov.br\/secretaria-de-meio-ambiente\/wp-content\/uploads\/sites\/48\/2021\/12\/I2017-12-19_09_15_57_48931.jpg\" alt=\"\" class=\"wp-image-64\"\/><\/figure><\/div>\n\n\n\n<p>Nome comum:&nbsp;<strong>Aroeira-vermelha<\/strong><\/p>\n\n\n\n<p>Nome cient\u00edfico:&nbsp;<strong><em>Schinus terebinthifolius<\/em><\/strong><\/p>\n\n\n\n<p>Fam\u00edlia:&nbsp;<strong>Anacardiaceae<\/strong><\/p>\n\n\n\n<p>Origem:&nbsp;<strong>Nativa do Brasil<\/strong><\/p>\n\n\n\n<div style=\"height:1px\" aria-hidden=\"true\" class=\"wp-block-spacer\"><\/div>\n\n\n\n<h2 class=\"wp-block-heading\">Descri\u00e7\u00e3o Morfol\u00f3gica:<\/h2>\n\n\n\n<ul class=\"wp-block-list\"><li><strong>Copa:<\/strong>&nbsp;Densa, arredondada, globosa, umbeliforme, di\u00e2metro de 8 m;<\/li><li><strong>Porte:<\/strong>&nbsp;De arbusto rasteiro at\u00e9 \u00e1rvore perenef\u00f3lia, com at\u00e9 10 m de altura;<\/li><li><strong>Folhas:<\/strong>&nbsp;Semi-perene, compostas, imparipenadas, glabras ou peludas, de at\u00e9 16 cm de comprimento por 10 cm de largura;<\/li><li><strong>Cor da flor:<\/strong>&nbsp;Brancas a amareladas;<\/li><li><strong>Frutos:<\/strong>&nbsp;Fruto do tipo drupa (uma semente), esf\u00e9rico, vermelho, particularmente decorativos no inverno;<\/li><li><strong>Fenologia:<\/strong>&nbsp;Flora\u00e7\u00e3o acontece entre os meses de novembro a mar\u00e7o;<\/li><li><strong>Frutifica\u00e7\u00e3o:<\/strong>&nbsp;Frutifica\u00e7\u00e3o acontece de dezembro a julho;<\/li><\/ul>\n\n\n\n<p><strong>Usos:<\/strong>&nbsp;A madeira da aroeira pode ser aplicada na constru\u00e7\u00e3o civil. Os frutos atraem p\u00e1ssaros;<\/p>\n\n\n\n<p><strong>Import\u00e2ncia ecol\u00f3gica:<\/strong>&nbsp;Pioneira, agressiva, que ocupa rapidamente capoeiras ou outros espa\u00e7os dispon\u00edveis pela ampla dispers\u00e3o de seus frutos que s\u00e3o muito apreciados pelos p\u00e1ssaros e formigas. \u00c9 tamb\u00e9m excelente mel\u00edfera.<\/p>\n\n\n\n<figure class=\"wp-block-gallery columns-3 is-cropped wp-block-gallery-1 is-layout-flex wp-block-gallery-is-layout-flex\"><ul class=\"blocks-gallery-grid\"><li class=\"blocks-gallery-item\"><figure><a href=\"https:\/\/www.pmpf.rs.gov.br\/secretaria-de-meio-ambiente\/wp-content\/uploads\/sites\/48\/2021\/12\/smam_AroeiraVermelha_01.jpg\"><img loading=\"lazy\" decoding=\"async\" width=\"200\" height=\"147\" src=\"https:\/\/www.pmpf.rs.gov.br\/secretaria-de-meio-ambiente\/wp-content\/uploads\/sites\/48\/2021\/12\/smam_AroeiraVermelha_01.jpg\" alt=\"\" data-id=\"65\" data-full-url=\"https:\/\/www.pmpf.rs.gov.br\/secretaria-de-meio-ambiente\/wp-content\/uploads\/sites\/48\/2021\/12\/smam_AroeiraVermelha_01.jpg\" data-link=\"https:\/\/www.pmpf.rs.gov.br\/secretaria-de-meio-ambiente\/?attachment_id=65\" class=\"wp-image-65\"\/><\/a><\/figure><\/li><li class=\"blocks-gallery-item\"><figure><a href=\"https:\/\/www.pmpf.rs.gov.br\/secretaria-de-meio-ambiente\/wp-content\/uploads\/sites\/48\/2021\/12\/smam_AroeiraVermelha_02.jpg\"><img loading=\"lazy\" decoding=\"async\" width=\"200\" height=\"147\" src=\"https:\/\/www.pmpf.rs.gov.br\/secretaria-de-meio-ambiente\/wp-content\/uploads\/sites\/48\/2021\/12\/smam_AroeiraVermelha_02.jpg\" alt=\"\" data-id=\"66\" data-full-url=\"https:\/\/www.pmpf.rs.gov.br\/secretaria-de-meio-ambiente\/wp-content\/uploads\/sites\/48\/2021\/12\/smam_AroeiraVermelha_02.jpg\" data-link=\"https:\/\/www.pmpf.rs.gov.br\/secretaria-de-meio-ambiente\/?attachment_id=66\" class=\"wp-image-66\"\/><\/a><\/figure><\/li><li class=\"blocks-gallery-item\"><figure><a href=\"https:\/\/www.pmpf.rs.gov.br\/secretaria-de-meio-ambiente\/wp-content\/uploads\/sites\/48\/2021\/12\/smam_AroeiraVermelha_03.jpg\"><img loading=\"lazy\" decoding=\"async\" width=\"200\" height=\"147\" src=\"https:\/\/www.pmpf.rs.gov.br\/secretaria-de-meio-ambiente\/wp-content\/uploads\/sites\/48\/2021\/12\/smam_AroeiraVermelha_03.jpg\" alt=\"\" data-id=\"67\" data-full-url=\"https:\/\/www.pmpf.rs.gov.br\/secretaria-de-meio-ambiente\/wp-content\/uploads\/sites\/48\/2021\/12\/smam_AroeiraVermelha_03.jpg\" data-link=\"https:\/\/www.pmpf.rs.gov.br\/secretaria-de-meio-ambiente\/?attachment_id=67\" class=\"wp-image-67\"\/><\/a><\/figure><\/li><\/ul><figcaption class=\"blocks-gallery-caption\">Texto elaborado pela Professora Dra. Evanisa R.Q. Melo &#8211; LAPEAA<\/figcaption><\/figure>\n\n\n\n<p><\/p>\n","protected":false},"excerpt":{"rendered":"<p>Aroeira Vermelha Nome comum:&nbsp;Aroeira-vermelha Nome cient\u00edfico:&nbsp;Schinus terebinthifolius Fam\u00edlia:&nbsp;Anacardiaceae Origem:&nbsp;Nativa do Brasil Descri\u00e7\u00e3o Morfol\u00f3gica: Copa:&nbsp;Densa, arredondada, globosa, umbeliforme, di\u00e2metro de 8 m; Porte:&nbsp;De arbusto rasteiro at\u00e9 \u00e1rvore perenef\u00f3lia, com at\u00e9 10 m de [&hellip;]<\/p>\n","protected":false},"author":1,"featured_media":0,"parent":0,"menu_order":0,"comment_status":"closed","ping_status":"closed","template":"","meta":{"footnotes":""},"class_list":["post-63","page","type-page","status-publish","hentry"],"yoast_head":"<!-- This site is optimized with the Yoast SEO plugin v23.8 - https:\/\/yoast.com\/wordpress\/plugins\/seo\/ -->\n<title>Aroeira Vermelha - Secretaria de Meio Ambiente<\/title>\n<meta name=\"robots\" content=\"index, follow, max-snippet:-1, max-image-preview:large, max-video-preview:-1\" \/>\n<link rel=\"canonical\" href=\"https:\/\/www.pmpf.rs.gov.br\/secretaria-de-meio-ambiente\/aroeira-vermelha\/\" \/>\n<meta property=\"og:locale\" content=\"pt_BR\" \/>\n<meta property=\"og:type\" content=\"article\" \/>\n<meta property=\"og:title\" content=\"Aroeira Vermelha - Secretaria de Meio Ambiente\" \/>\n<meta property=\"og:description\" content=\"Aroeira Vermelha Nome comum:&nbsp;Aroeira-vermelha Nome cient\u00edfico:&nbsp;Schinus terebinthifolius Fam\u00edlia:&nbsp;Anacardiaceae Origem:&nbsp;Nativa do Brasil Descri\u00e7\u00e3o Morfol\u00f3gica: Copa:&nbsp;Densa, arredondada, globosa, umbeliforme, di\u00e2metro de 8 m; Porte:&nbsp;De arbusto rasteiro at\u00e9 \u00e1rvore perenef\u00f3lia, com at\u00e9 10 m de [&hellip;]\" \/>\n<meta property=\"og:url\" content=\"https:\/\/www.pmpf.rs.gov.br\/secretaria-de-meio-ambiente\/aroeira-vermelha\/\" \/>\n<meta property=\"og:site_name\" content=\"Secretaria de Meio Ambiente\" \/>\n<meta property=\"article:modified_time\" content=\"2021-12-24T22:43:58+00:00\" \/>\n<meta property=\"og:image\" content=\"https:\/\/www.pmpf.rs.gov.br\/secretaria-de-meio-ambiente\/wp-content\/uploads\/sites\/48\/2021\/12\/I2017-12-19_09_15_57_48931.jpg\" \/>\n<meta name=\"twitter:card\" content=\"summary_large_image\" \/>\n<meta name=\"twitter:label1\" content=\"Est. tempo de leitura\" \/>\n\t<meta name=\"twitter:data1\" content=\"2 minutos\" \/>\n<script type=\"application\/ld+json\" class=\"yoast-schema-graph\">{\"@context\":\"https:\/\/schema.org\",\"@graph\":[{\"@type\":\"WebPage\",\"@id\":\"https:\/\/www.pmpf.rs.gov.br\/secretaria-de-meio-ambiente\/aroeira-vermelha\/\",\"url\":\"https:\/\/www.pmpf.rs.gov.br\/secretaria-de-meio-ambiente\/aroeira-vermelha\/\",\"name\":\"Aroeira Vermelha - Secretaria de Meio Ambiente\",\"isPartOf\":{\"@id\":\"https:\/\/www.pmpf.rs.gov.br\/secretaria-de-meio-ambiente\/#website\"},\"primaryImageOfPage\":{\"@id\":\"https:\/\/www.pmpf.rs.gov.br\/secretaria-de-meio-ambiente\/aroeira-vermelha\/#primaryimage\"},\"image\":{\"@id\":\"https:\/\/www.pmpf.rs.gov.br\/secretaria-de-meio-ambiente\/aroeira-vermelha\/#primaryimage\"},\"thumbnailUrl\":\"https:\/\/www.pmpf.rs.gov.br\/secretaria-de-meio-ambiente\/wp-content\/uploads\/sites\/48\/2021\/12\/I2017-12-19_09_15_57_48931.jpg\",\"datePublished\":\"2021-12-21T22:04:25+00:00\",\"dateModified\":\"2021-12-24T22:43:58+00:00\",\"inLanguage\":\"pt-BR\",\"potentialAction\":[{\"@type\":\"ReadAction\",\"target\":[\"https:\/\/www.pmpf.rs.gov.br\/secretaria-de-meio-ambiente\/aroeira-vermelha\/\"]}]},{\"@type\":\"ImageObject\",\"inLanguage\":\"pt-BR\",\"@id\":\"https:\/\/www.pmpf.rs.gov.br\/secretaria-de-meio-ambiente\/aroeira-vermelha\/#primaryimage\",\"url\":\"https:\/\/www.pmpf.rs.gov.br\/secretaria-de-meio-ambiente\/wp-content\/uploads\/sites\/48\/2021\/12\/I2017-12-19_09_15_57_48931.jpg\",\"contentUrl\":\"https:\/\/www.pmpf.rs.gov.br\/secretaria-de-meio-ambiente\/wp-content\/uploads\/sites\/48\/2021\/12\/I2017-12-19_09_15_57_48931.jpg\",\"width\":280,\"height\":186},{\"@type\":\"WebSite\",\"@id\":\"https:\/\/www.pmpf.rs.gov.br\/secretaria-de-meio-ambiente\/#website\",\"url\":\"https:\/\/www.pmpf.rs.gov.br\/secretaria-de-meio-ambiente\/\",\"name\":\"Secretaria de Meio Ambiente\",\"description\":\"S\u00f3 mais um site Prefeitura de Passo Fundo\",\"potentialAction\":[{\"@type\":\"SearchAction\",\"target\":{\"@type\":\"EntryPoint\",\"urlTemplate\":\"https:\/\/www.pmpf.rs.gov.br\/secretaria-de-meio-ambiente\/?s={search_term_string}\"},\"query-input\":{\"@type\":\"PropertyValueSpecification\",\"valueRequired\":true,\"valueName\":\"search_term_string\"}}],\"inLanguage\":\"pt-BR\"}]}<\/script>\n<!-- \/ Yoast SEO plugin. -->","yoast_head_json":{"title":"Aroeira Vermelha - Secretaria de Meio Ambiente","robots":{"index":"index","follow":"follow","max-snippet":"max-snippet:-1","max-image-preview":"max-image-preview:large","max-video-preview":"max-video-preview:-1"},"canonical":"https:\/\/www.pmpf.rs.gov.br\/secretaria-de-meio-ambiente\/aroeira-vermelha\/","og_locale":"pt_BR","og_type":"article","og_title":"Aroeira Vermelha - Secretaria de Meio Ambiente","og_description":"Aroeira Vermelha Nome comum:&nbsp;Aroeira-vermelha Nome cient\u00edfico:&nbsp;Schinus terebinthifolius Fam\u00edlia:&nbsp;Anacardiaceae Origem:&nbsp;Nativa do Brasil Descri\u00e7\u00e3o Morfol\u00f3gica: Copa:&nbsp;Densa, arredondada, globosa, umbeliforme, di\u00e2metro de 8 m; Porte:&nbsp;De arbusto rasteiro at\u00e9 \u00e1rvore perenef\u00f3lia, com at\u00e9 10 m de [&hellip;]","og_url":"https:\/\/www.pmpf.rs.gov.br\/secretaria-de-meio-ambiente\/aroeira-vermelha\/","og_site_name":"Secretaria de Meio Ambiente","article_modified_time":"2021-12-24T22:43:58+00:00","og_image":[{"url":"https:\/\/www.pmpf.rs.gov.br\/secretaria-de-meio-ambiente\/wp-content\/uploads\/sites\/48\/2021\/12\/I2017-12-19_09_15_57_48931.jpg"}],"twitter_card":"summary_large_image","twitter_misc":{"Est. tempo de leitura":"2 minutos"},"schema":{"@context":"https:\/\/schema.org","@graph":[{"@type":"WebPage","@id":"https:\/\/www.pmpf.rs.gov.br\/secretaria-de-meio-ambiente\/aroeira-vermelha\/","url":"https:\/\/www.pmpf.rs.gov.br\/secretaria-de-meio-ambiente\/aroeira-vermelha\/","name":"Aroeira Vermelha - Secretaria de Meio Ambiente","isPartOf":{"@id":"https:\/\/www.pmpf.rs.gov.br\/secretaria-de-meio-ambiente\/#website"},"primaryImageOfPage":{"@id":"https:\/\/www.pmpf.rs.gov.br\/secretaria-de-meio-ambiente\/aroeira-vermelha\/#primaryimage"},"image":{"@id":"https:\/\/www.pmpf.rs.gov.br\/secretaria-de-meio-ambiente\/aroeira-vermelha\/#primaryimage"},"thumbnailUrl":"https:\/\/www.pmpf.rs.gov.br\/secretaria-de-meio-ambiente\/wp-content\/uploads\/sites\/48\/2021\/12\/I2017-12-19_09_15_57_48931.jpg","datePublished":"2021-12-21T22:04:25+00:00","dateModified":"2021-12-24T22:43:58+00:00","inLanguage":"pt-BR","potentialAction":[{"@type":"ReadAction","target":["https:\/\/www.pmpf.rs.gov.br\/secretaria-de-meio-ambiente\/aroeira-vermelha\/"]}]},{"@type":"ImageObject","inLanguage":"pt-BR","@id":"https:\/\/www.pmpf.rs.gov.br\/secretaria-de-meio-ambiente\/aroeira-vermelha\/#primaryimage","url":"https:\/\/www.pmpf.rs.gov.br\/secretaria-de-meio-ambiente\/wp-content\/uploads\/sites\/48\/2021\/12\/I2017-12-19_09_15_57_48931.jpg","contentUrl":"https:\/\/www.pmpf.rs.gov.br\/secretaria-de-meio-ambiente\/wp-content\/uploads\/sites\/48\/2021\/12\/I2017-12-19_09_15_57_48931.jpg","width":280,"height":186},{"@type":"WebSite","@id":"https:\/\/www.pmpf.rs.gov.br\/secretaria-de-meio-ambiente\/#website","url":"https:\/\/www.pmpf.rs.gov.br\/secretaria-de-meio-ambiente\/","name":"Secretaria de Meio Ambiente","description":"S\u00f3 mais um site Prefeitura de Passo Fundo","potentialAction":[{"@type":"SearchAction","target":{"@type":"EntryPoint","urlTemplate":"https:\/\/www.pmpf.rs.gov.br\/secretaria-de-meio-ambiente\/?s={search_term_string}"},"query-input":{"@type":"PropertyValueSpecification","valueRequired":true,"valueName":"search_term_string"}}],"inLanguage":"pt-BR"}]}},"_links":{"self":[{"href":"https:\/\/www.pmpf.rs.gov.br\/secretaria-de-meio-ambiente\/wp-json\/wp\/v2\/pages\/63"}],"collection":[{"href":"https:\/\/www.pmpf.rs.gov.br\/secretaria-de-meio-ambiente\/wp-json\/wp\/v2\/pages"}],"about":[{"href":"https:\/\/www.pmpf.rs.gov.br\/secretaria-de-meio-ambiente\/wp-json\/wp\/v2\/types\/page"}],"author":[{"embeddable":true,"href":"https:\/\/www.pmpf.rs.gov.br\/secretaria-de-meio-ambiente\/wp-json\/wp\/v2\/users\/1"}],"replies":[{"embeddable":true,"href":"https:\/\/www.pmpf.rs.gov.br\/secretaria-de-meio-ambiente\/wp-json\/wp\/v2\/comments?post=63"}],"version-history":[{"count":4,"href":"https:\/\/www.pmpf.rs.gov.br\/secretaria-de-meio-ambiente\/wp-json\/wp\/v2\/pages\/63\/revisions"}],"predecessor-version":[{"id":1108,"href":"https:\/\/www.pmpf.rs.gov.br\/secretaria-de-meio-ambiente\/wp-json\/wp\/v2\/pages\/63\/revisions\/1108"}],"wp:attachment":[{"href":"https:\/\/www.pmpf.rs.gov.br\/secretaria-de-meio-ambiente\/wp-json\/wp\/v2\/media?parent=63"}],"curies":[{"name":"wp","href":"https:\/\/api.w.org\/{rel}","templated":true}]}}