{"id":19,"date":"2021-12-21T18:36:15","date_gmt":"2021-12-21T21:36:15","guid":{"rendered":"https:\/\/www.pmpf.rs.gov.br\/secretaria-de-meio-ambiente\/?page_id=19"},"modified":"2022-02-10T15:24:44","modified_gmt":"2022-02-10T18:24:44","slug":"estrutura","status":"publish","type":"page","link":"https:\/\/www.pmpf.rs.gov.br\/secretaria-de-meio-ambiente\/estrutura\/","title":{"rendered":"Estrutura"},"content":{"rendered":"\n<h2 class=\"wp-block-heading\" id=\"smam\"><em>SMAM<\/em><\/h2>\n\n\n\n<p><em><strong>Administra\u00e7\u00e3o e Planejamento<\/strong><\/em><\/p>\n\n\n\n<p>\u00c9 o \u00f3rg\u00e3o respons\u00e1vel pelo controle de frequ\u00eancia (assiduidade e pontualidade) dos servidores, com a elabora\u00e7\u00e3o da efetividade mensal,&nbsp;registro e acompanhamento de f\u00e9rias, licen\u00e7as e outras situa\u00e7\u00f5es funcionais, bem como recebimento, controle interno e expedi\u00e7\u00e3o dos processos internos e administrativos.<\/p>\n\n\n\n<p>Tem como objetivo, ainda, a elabora\u00e7\u00e3o de requisi\u00e7\u00f5es de materiais, servi\u00e7os, equipamentos e o consequente empenho com o anexo do documento fiscal respectivo, assim como o registro de entrada de materiais e equipamentos adquiridos para controle da demanda e conserva\u00e7\u00e3o dos mesmos.<\/p>\n\n\n\n<p>Tamb\u00e9m d\u00e1 apoio administrativo \u00e0s demais Coordenadorias e N\u00facleos da Secretaria, faz o controle da efici\u00eancia e efic\u00e1cia de todos os \u00f3rg\u00e3os da Secretaria e de todos os processos e procedimentos administrativos, al\u00e9m do controle da execu\u00e7\u00e3o or\u00e7ament\u00e1ria da Secretaria, correspond\u00eancia oficial e demais servi\u00e7os da Secretaria.<\/p>\n\n\n\n<p><em>Estrutura da coordenadoria<\/em><br>N\u00facleo de Educa\u00e7\u00e3o e Recupera\u00e7\u00e3o Ambiental<br><em><strong><br>Coordenadoria de Arboriza\u00e7\u00e3o<\/strong><\/em><\/p>\n\n\n\n<p>\u00c9 o \u00f3rg\u00e3o respons\u00e1vel pelo viveiro municipal, que realiza a produ\u00e7\u00e3o de mudas, sendo respons\u00e1vel pelas autoriza\u00e7\u00f5es de fornecimento de mudas e controle de produ\u00e7\u00e3o. Tamb\u00e9m orienta e auxilia os respectivos N\u00facleos na execu\u00e7\u00e3o das compet\u00eancias atribu\u00eddas.<\/p>\n\n\n\n<p><em>Estrutura da coordenadoria<\/em><br>N\u00facleo de Plantas e Produ\u00e7\u00e3o de Mudas<\/p>\n\n\n\n<p><em><strong>Licenciamento e Fiscaliza\u00e7\u00e3o Ambiental<\/strong><\/em><\/p>\n\n\n\n<p>\u00c9 o \u00f3rg\u00e3o respons\u00e1vel pela aplica\u00e7\u00e3o da Pol\u00edtica Nacional de Meio Ambiente, atrav\u00e9s do Licenciamento Ambiental das atividades com impacto local, bem como o controle e fiscaliza\u00e7\u00e3o de danos ambientais em todo Munic\u00edpio de Passo Fundo. Tamb\u00e9m orienta e auxilia os respectivos N\u00facleos na execu\u00e7\u00e3o das compet\u00eancias atribu\u00eddas.<\/p>\n\n\n\n<p><em>Estrutura da coordenadoria<\/em><br>N\u00facleo de Fiscaliza\u00e7\u00e3o e Licenciamento<br><em><strong><br>Coordenadoria do Bem Estar Animal<\/strong><\/em><\/p>\n\n\n\n<p>Colaborar na implanta\u00e7\u00e3o e efetiva\u00e7\u00e3o de programa de educa\u00e7\u00e3o ambiental e no programa de posse e guarda respons\u00e1vel dos animais dom\u00e9sticos de pequeno e grande porte e de estima\u00e7\u00e3o; apoiar a\u00e7\u00f5es e iniciativas locais, regionais, nacionais e internacionais que promovam o bem-estar, protejam e defendam a vida animal;<\/p>\n\n\n\n<p>Desenvolver e coordenar programas de controle populacional de animais dom\u00e9sticos na forma da legisla\u00e7\u00e3o; articular e promover pol\u00edticas p\u00fablicas voltadas para o bem estar animal, mediante interlocu\u00e7\u00e3o com a Sociedade Civil, como Escolas, Centros Educacionais e Universidades, com os demais Poderes e esferas governamentais;<\/p>\n\n\n\n<p>Fiscalizar e acompanhar a execu\u00e7\u00e3o dos contratos e dos conv\u00eanios firmados que envolvam posse, pesquisa e quaisquer a\u00e7\u00f5es que utilizam animais; promover e organizar semin\u00e1rios, cursos, congressos e f\u00f3runs, com o objetivo de discutir diretrizes para as pol\u00edticas p\u00fablicas a serem desenvolvidas e implantadas, inclusive em parceria com entidades representativas, organiza\u00e7\u00f5es n\u00e3o governamentais e \u00f3rg\u00e3os p\u00fablicos dos Poder Legislativo, Executivo e Judici\u00e1rio, nas esferas municipal, estadual e federal; elaborar planos ou projetos para capta\u00e7\u00e3o de recursos junto aos \u00f3rg\u00e3os competentes;<\/p>\n\n\n\n<p>Coordenar o programa de castra\u00e7\u00e3o; coordenar a fiscaliza\u00e7\u00e3o referente a den\u00fancia de maus tratos.<\/p>\n\n\n\n<hr class=\"wp-block-separator\"\/>\n","protected":false},"excerpt":{"rendered":"<p>SMAM Administra\u00e7\u00e3o e Planejamento \u00c9 o \u00f3rg\u00e3o respons\u00e1vel pelo controle de frequ\u00eancia (assiduidade e pontualidade) dos servidores, com a elabora\u00e7\u00e3o da efetividade mensal,&nbsp;registro e acompanhamento de f\u00e9rias, licen\u00e7as e outras situa\u00e7\u00f5es funcionais, [&hellip;]<\/p>\n","protected":false},"author":1,"featured_media":0,"parent":0,"menu_order":0,"comment_status":"closed","ping_status":"closed","template":"","meta":{"footnotes":""},"class_list":["post-19","page","type-page","status-publish","hentry"],"yoast_head":"<!-- This site is optimized with the Yoast SEO plugin v23.8 - https:\/\/yoast.com\/wordpress\/plugins\/seo\/ -->\n<title>Estrutura - Secretaria de Meio Ambiente<\/title>\n<meta name=\"robots\" content=\"index, follow, max-snippet:-1, max-image-preview:large, max-video-preview:-1\" \/>\n<link rel=\"canonical\" href=\"https:\/\/www.pmpf.rs.gov.br\/secretaria-de-meio-ambiente\/estrutura\/\" \/>\n<meta property=\"og:locale\" content=\"pt_BR\" \/>\n<meta property=\"og:type\" content=\"article\" \/>\n<meta property=\"og:title\" content=\"Estrutura - Secretaria de Meio Ambiente\" \/>\n<meta property=\"og:description\" content=\"SMAM Administra\u00e7\u00e3o e Planejamento \u00c9 o \u00f3rg\u00e3o respons\u00e1vel pelo controle de frequ\u00eancia (assiduidade e pontualidade) dos servidores, com a elabora\u00e7\u00e3o da efetividade mensal,&nbsp;registro e acompanhamento de f\u00e9rias, licen\u00e7as e outras situa\u00e7\u00f5es funcionais, [&hellip;]\" \/>\n<meta property=\"og:url\" content=\"https:\/\/www.pmpf.rs.gov.br\/secretaria-de-meio-ambiente\/estrutura\/\" \/>\n<meta property=\"og:site_name\" content=\"Secretaria de Meio Ambiente\" \/>\n<meta property=\"article:modified_time\" content=\"2022-02-10T18:24:44+00:00\" \/>\n<meta name=\"twitter:card\" content=\"summary_large_image\" \/>\n<meta name=\"twitter:label1\" content=\"Est. tempo de leitura\" \/>\n\t<meta name=\"twitter:data1\" content=\"3 minutos\" \/>\n<script type=\"application\/ld+json\" class=\"yoast-schema-graph\">{\"@context\":\"https:\/\/schema.org\",\"@graph\":[{\"@type\":\"WebPage\",\"@id\":\"https:\/\/www.pmpf.rs.gov.br\/secretaria-de-meio-ambiente\/estrutura\/\",\"url\":\"https:\/\/www.pmpf.rs.gov.br\/secretaria-de-meio-ambiente\/estrutura\/\",\"name\":\"Estrutura - Secretaria de Meio Ambiente\",\"isPartOf\":{\"@id\":\"https:\/\/www.pmpf.rs.gov.br\/secretaria-de-meio-ambiente\/#website\"},\"datePublished\":\"2021-12-21T21:36:15+00:00\",\"dateModified\":\"2022-02-10T18:24:44+00:00\",\"inLanguage\":\"pt-BR\",\"potentialAction\":[{\"@type\":\"ReadAction\",\"target\":[\"https:\/\/www.pmpf.rs.gov.br\/secretaria-de-meio-ambiente\/estrutura\/\"]}]},{\"@type\":\"WebSite\",\"@id\":\"https:\/\/www.pmpf.rs.gov.br\/secretaria-de-meio-ambiente\/#website\",\"url\":\"https:\/\/www.pmpf.rs.gov.br\/secretaria-de-meio-ambiente\/\",\"name\":\"Secretaria de Meio Ambiente\",\"description\":\"S\u00f3 mais um site Prefeitura de Passo Fundo\",\"potentialAction\":[{\"@type\":\"SearchAction\",\"target\":{\"@type\":\"EntryPoint\",\"urlTemplate\":\"https:\/\/www.pmpf.rs.gov.br\/secretaria-de-meio-ambiente\/?s={search_term_string}\"},\"query-input\":{\"@type\":\"PropertyValueSpecification\",\"valueRequired\":true,\"valueName\":\"search_term_string\"}}],\"inLanguage\":\"pt-BR\"}]}<\/script>\n<!-- \/ Yoast SEO plugin. -->","yoast_head_json":{"title":"Estrutura - Secretaria de Meio Ambiente","robots":{"index":"index","follow":"follow","max-snippet":"max-snippet:-1","max-image-preview":"max-image-preview:large","max-video-preview":"max-video-preview:-1"},"canonical":"https:\/\/www.pmpf.rs.gov.br\/secretaria-de-meio-ambiente\/estrutura\/","og_locale":"pt_BR","og_type":"article","og_title":"Estrutura - Secretaria de Meio Ambiente","og_description":"SMAM Administra\u00e7\u00e3o e Planejamento \u00c9 o \u00f3rg\u00e3o respons\u00e1vel pelo controle de frequ\u00eancia (assiduidade e pontualidade) dos servidores, com a elabora\u00e7\u00e3o da efetividade mensal,&nbsp;registro e acompanhamento de f\u00e9rias, licen\u00e7as e outras situa\u00e7\u00f5es funcionais, [&hellip;]","og_url":"https:\/\/www.pmpf.rs.gov.br\/secretaria-de-meio-ambiente\/estrutura\/","og_site_name":"Secretaria de Meio Ambiente","article_modified_time":"2022-02-10T18:24:44+00:00","twitter_card":"summary_large_image","twitter_misc":{"Est. tempo de leitura":"3 minutos"},"schema":{"@context":"https:\/\/schema.org","@graph":[{"@type":"WebPage","@id":"https:\/\/www.pmpf.rs.gov.br\/secretaria-de-meio-ambiente\/estrutura\/","url":"https:\/\/www.pmpf.rs.gov.br\/secretaria-de-meio-ambiente\/estrutura\/","name":"Estrutura - Secretaria de Meio Ambiente","isPartOf":{"@id":"https:\/\/www.pmpf.rs.gov.br\/secretaria-de-meio-ambiente\/#website"},"datePublished":"2021-12-21T21:36:15+00:00","dateModified":"2022-02-10T18:24:44+00:00","inLanguage":"pt-BR","potentialAction":[{"@type":"ReadAction","target":["https:\/\/www.pmpf.rs.gov.br\/secretaria-de-meio-ambiente\/estrutura\/"]}]},{"@type":"WebSite","@id":"https:\/\/www.pmpf.rs.gov.br\/secretaria-de-meio-ambiente\/#website","url":"https:\/\/www.pmpf.rs.gov.br\/secretaria-de-meio-ambiente\/","name":"Secretaria de Meio Ambiente","description":"S\u00f3 mais um site Prefeitura de Passo Fundo","potentialAction":[{"@type":"SearchAction","target":{"@type":"EntryPoint","urlTemplate":"https:\/\/www.pmpf.rs.gov.br\/secretaria-de-meio-ambiente\/?s={search_term_string}"},"query-input":{"@type":"PropertyValueSpecification","valueRequired":true,"valueName":"search_term_string"}}],"inLanguage":"pt-BR"}]}},"_links":{"self":[{"href":"https:\/\/www.pmpf.rs.gov.br\/secretaria-de-meio-ambiente\/wp-json\/wp\/v2\/pages\/19"}],"collection":[{"href":"https:\/\/www.pmpf.rs.gov.br\/secretaria-de-meio-ambiente\/wp-json\/wp\/v2\/pages"}],"about":[{"href":"https:\/\/www.pmpf.rs.gov.br\/secretaria-de-meio-ambiente\/wp-json\/wp\/v2\/types\/page"}],"author":[{"embeddable":true,"href":"https:\/\/www.pmpf.rs.gov.br\/secretaria-de-meio-ambiente\/wp-json\/wp\/v2\/users\/1"}],"replies":[{"embeddable":true,"href":"https:\/\/www.pmpf.rs.gov.br\/secretaria-de-meio-ambiente\/wp-json\/wp\/v2\/comments?post=19"}],"version-history":[{"count":3,"href":"https:\/\/www.pmpf.rs.gov.br\/secretaria-de-meio-ambiente\/wp-json\/wp\/v2\/pages\/19\/revisions"}],"predecessor-version":[{"id":1169,"href":"https:\/\/www.pmpf.rs.gov.br\/secretaria-de-meio-ambiente\/wp-json\/wp\/v2\/pages\/19\/revisions\/1169"}],"wp:attachment":[{"href":"https:\/\/www.pmpf.rs.gov.br\/secretaria-de-meio-ambiente\/wp-json\/wp\/v2\/media?parent=19"}],"curies":[{"name":"wp","href":"https:\/\/api.w.org\/{rel}","templated":true}]}}