{"id":1433,"date":"2022-04-11T16:01:02","date_gmt":"2022-04-11T19:01:02","guid":{"rendered":"https:\/\/www.pmpf.rs.gov.br\/secretaria-de-meio-ambiente\/?page_id=1433"},"modified":"2023-05-26T10:34:30","modified_gmt":"2023-05-26T13:34:30","slug":"pinheiro-torto","status":"publish","type":"page","link":"https:\/\/www.pmpf.rs.gov.br\/secretaria-de-meio-ambiente\/pinheiro-torto\/","title":{"rendered":"Pinheiro Torto"},"content":{"rendered":"\n<p>O Parque Natural Municipal do Pinheiro Torto possui mais de 31 hectares de \u00e1rea p\u00fablica que contempla remanescentes da Mata Atl\u00e2ntica, campos e nascentes. Localizado no bairro Valinhos, no per\u00edmetro urbano, junta-se \u00e0 Reserva Particular do Patrim\u00f4nio Natural Maragato na perspectiva de preserva\u00e7\u00e3o ambiental. <\/p>\n\n\n\n<p>O Decreto Municipal 43\/2011 criou o Parque Natural Municipal do Pinheiro Torto com objetivo de preservar os ambientes naturais ali existentes, realizar pesquisas, atividades de educa\u00e7\u00e3o e recrea\u00e7\u00e3o em contato com a natureza. <\/p>\n\n\n\n<p>A relev\u00e2ncia da \u00e1rea do Pinheiro Torto deve-se ao fato de possuir diversas nascentes, \u00e1reas \u00famidas e fragmentos florestais importantes para a preserva\u00e7\u00e3o da biodiversidade, presta\u00e7\u00e3o de servi\u00e7os ambientais e educa\u00e7\u00e3o ambiental, aliados a soma dos trabalhos desenvolvidos naquela regi\u00e3o pela RPPN Maragato.<\/p>\n\n\n\n<div style=\"height:10px\" aria-hidden=\"true\" class=\"wp-block-spacer\"><\/div>\n\n\n\n<div class=\"wp-block-buttons is-content-justification-space-between is-layout-flex wp-container-core-buttons-is-layout-1 wp-block-buttons-is-layout-flex\">\n<div class=\"wp-block-button has-custom-width wp-block-button__width-25\"><a class=\"wp-block-button__link has-white-color has-blue-background-color has-text-color has-background wp-element-button\" href=\"https:\/\/drive.google.com\/drive\/folders\/1oob0qe-MUSL3loe2uM22ntzAseZ-KeGs?usp= sharing\" style=\"border-radius:7px\">FOTOS<\/a><\/div>\n<\/div>\n\n\n\n<hr class=\"wp-block-separator has-css-opacity\"\/>\n","protected":false},"excerpt":{"rendered":"<p>O Parque Natural Municipal do Pinheiro Torto possui mais de 31 hectares de \u00e1rea p\u00fablica que contempla remanescentes da Mata Atl\u00e2ntica, campos e nascentes. Localizado no bairro Valinhos, no per\u00edmetro urbano, junta-se [&hellip;]<\/p>\n","protected":false},"author":18,"featured_media":0,"parent":0,"menu_order":0,"comment_status":"closed","ping_status":"closed","template":"","meta":{"footnotes":""},"class_list":["post-1433","page","type-page","status-publish","hentry"],"yoast_head":"<!-- This site is optimized with the Yoast SEO plugin v23.8 - https:\/\/yoast.com\/wordpress\/plugins\/seo\/ -->\n<title>Pinheiro Torto - Secretaria de Meio Ambiente<\/title>\n<meta name=\"robots\" content=\"index, follow, max-snippet:-1, max-image-preview:large, max-video-preview:-1\" \/>\n<link rel=\"canonical\" href=\"https:\/\/www.pmpf.rs.gov.br\/secretaria-de-meio-ambiente\/pinheiro-torto\/\" \/>\n<meta property=\"og:locale\" content=\"pt_BR\" \/>\n<meta property=\"og:type\" content=\"article\" \/>\n<meta property=\"og:title\" content=\"Pinheiro Torto - Secretaria de Meio Ambiente\" \/>\n<meta property=\"og:description\" content=\"O Parque Natural Municipal do Pinheiro Torto possui mais de 31 hectares de \u00e1rea p\u00fablica que contempla remanescentes da Mata Atl\u00e2ntica, campos e nascentes. Localizado no bairro Valinhos, no per\u00edmetro urbano, junta-se [&hellip;]\" \/>\n<meta property=\"og:url\" content=\"https:\/\/www.pmpf.rs.gov.br\/secretaria-de-meio-ambiente\/pinheiro-torto\/\" \/>\n<meta property=\"og:site_name\" content=\"Secretaria de Meio Ambiente\" \/>\n<meta property=\"article:modified_time\" content=\"2023-05-26T13:34:30+00:00\" \/>\n<meta name=\"twitter:card\" content=\"summary_large_image\" \/>\n<meta name=\"twitter:label1\" content=\"Est. tempo de leitura\" \/>\n\t<meta name=\"twitter:data1\" content=\"1 minuto\" \/>\n<script type=\"application\/ld+json\" class=\"yoast-schema-graph\">{\"@context\":\"https:\/\/schema.org\",\"@graph\":[{\"@type\":\"WebPage\",\"@id\":\"https:\/\/www.pmpf.rs.gov.br\/secretaria-de-meio-ambiente\/pinheiro-torto\/\",\"url\":\"https:\/\/www.pmpf.rs.gov.br\/secretaria-de-meio-ambiente\/pinheiro-torto\/\",\"name\":\"Pinheiro Torto - Secretaria de Meio Ambiente\",\"isPartOf\":{\"@id\":\"https:\/\/www.pmpf.rs.gov.br\/secretaria-de-meio-ambiente\/#website\"},\"datePublished\":\"2022-04-11T19:01:02+00:00\",\"dateModified\":\"2023-05-26T13:34:30+00:00\",\"inLanguage\":\"pt-BR\",\"potentialAction\":[{\"@type\":\"ReadAction\",\"target\":[\"https:\/\/www.pmpf.rs.gov.br\/secretaria-de-meio-ambiente\/pinheiro-torto\/\"]}]},{\"@type\":\"WebSite\",\"@id\":\"https:\/\/www.pmpf.rs.gov.br\/secretaria-de-meio-ambiente\/#website\",\"url\":\"https:\/\/www.pmpf.rs.gov.br\/secretaria-de-meio-ambiente\/\",\"name\":\"Secretaria de Meio Ambiente\",\"description\":\"S\u00f3 mais um site Prefeitura de Passo Fundo\",\"potentialAction\":[{\"@type\":\"SearchAction\",\"target\":{\"@type\":\"EntryPoint\",\"urlTemplate\":\"https:\/\/www.pmpf.rs.gov.br\/secretaria-de-meio-ambiente\/?s={search_term_string}\"},\"query-input\":{\"@type\":\"PropertyValueSpecification\",\"valueRequired\":true,\"valueName\":\"search_term_string\"}}],\"inLanguage\":\"pt-BR\"}]}<\/script>\n<!-- \/ Yoast SEO plugin. -->","yoast_head_json":{"title":"Pinheiro Torto - Secretaria de Meio Ambiente","robots":{"index":"index","follow":"follow","max-snippet":"max-snippet:-1","max-image-preview":"max-image-preview:large","max-video-preview":"max-video-preview:-1"},"canonical":"https:\/\/www.pmpf.rs.gov.br\/secretaria-de-meio-ambiente\/pinheiro-torto\/","og_locale":"pt_BR","og_type":"article","og_title":"Pinheiro Torto - Secretaria de Meio Ambiente","og_description":"O Parque Natural Municipal do Pinheiro Torto possui mais de 31 hectares de \u00e1rea p\u00fablica que contempla remanescentes da Mata Atl\u00e2ntica, campos e nascentes. Localizado no bairro Valinhos, no per\u00edmetro urbano, junta-se [&hellip;]","og_url":"https:\/\/www.pmpf.rs.gov.br\/secretaria-de-meio-ambiente\/pinheiro-torto\/","og_site_name":"Secretaria de Meio Ambiente","article_modified_time":"2023-05-26T13:34:30+00:00","twitter_card":"summary_large_image","twitter_misc":{"Est. tempo de leitura":"1 minuto"},"schema":{"@context":"https:\/\/schema.org","@graph":[{"@type":"WebPage","@id":"https:\/\/www.pmpf.rs.gov.br\/secretaria-de-meio-ambiente\/pinheiro-torto\/","url":"https:\/\/www.pmpf.rs.gov.br\/secretaria-de-meio-ambiente\/pinheiro-torto\/","name":"Pinheiro Torto - Secretaria de Meio Ambiente","isPartOf":{"@id":"https:\/\/www.pmpf.rs.gov.br\/secretaria-de-meio-ambiente\/#website"},"datePublished":"2022-04-11T19:01:02+00:00","dateModified":"2023-05-26T13:34:30+00:00","inLanguage":"pt-BR","potentialAction":[{"@type":"ReadAction","target":["https:\/\/www.pmpf.rs.gov.br\/secretaria-de-meio-ambiente\/pinheiro-torto\/"]}]},{"@type":"WebSite","@id":"https:\/\/www.pmpf.rs.gov.br\/secretaria-de-meio-ambiente\/#website","url":"https:\/\/www.pmpf.rs.gov.br\/secretaria-de-meio-ambiente\/","name":"Secretaria de Meio Ambiente","description":"S\u00f3 mais um site Prefeitura de Passo Fundo","potentialAction":[{"@type":"SearchAction","target":{"@type":"EntryPoint","urlTemplate":"https:\/\/www.pmpf.rs.gov.br\/secretaria-de-meio-ambiente\/?s={search_term_string}"},"query-input":{"@type":"PropertyValueSpecification","valueRequired":true,"valueName":"search_term_string"}}],"inLanguage":"pt-BR"}]}},"_links":{"self":[{"href":"https:\/\/www.pmpf.rs.gov.br\/secretaria-de-meio-ambiente\/wp-json\/wp\/v2\/pages\/1433"}],"collection":[{"href":"https:\/\/www.pmpf.rs.gov.br\/secretaria-de-meio-ambiente\/wp-json\/wp\/v2\/pages"}],"about":[{"href":"https:\/\/www.pmpf.rs.gov.br\/secretaria-de-meio-ambiente\/wp-json\/wp\/v2\/types\/page"}],"author":[{"embeddable":true,"href":"https:\/\/www.pmpf.rs.gov.br\/secretaria-de-meio-ambiente\/wp-json\/wp\/v2\/users\/18"}],"replies":[{"embeddable":true,"href":"https:\/\/www.pmpf.rs.gov.br\/secretaria-de-meio-ambiente\/wp-json\/wp\/v2\/comments?post=1433"}],"version-history":[{"count":3,"href":"https:\/\/www.pmpf.rs.gov.br\/secretaria-de-meio-ambiente\/wp-json\/wp\/v2\/pages\/1433\/revisions"}],"predecessor-version":[{"id":1571,"href":"https:\/\/www.pmpf.rs.gov.br\/secretaria-de-meio-ambiente\/wp-json\/wp\/v2\/pages\/1433\/revisions\/1571"}],"wp:attachment":[{"href":"https:\/\/www.pmpf.rs.gov.br\/secretaria-de-meio-ambiente\/wp-json\/wp\/v2\/media?parent=1433"}],"curies":[{"name":"wp","href":"https:\/\/api.w.org\/{rel}","templated":true}]}}