{"id":1344,"date":"2022-04-01T14:50:01","date_gmt":"2022-04-01T17:50:01","guid":{"rendered":"https:\/\/www.pmpf.rs.gov.br\/secretaria-de-meio-ambiente\/?page_id=1344"},"modified":"2022-07-08T08:38:20","modified_gmt":"2022-07-08T11:38:20","slug":"parque-banhado-da-vergueiro-a-flora","status":"publish","type":"page","link":"https:\/\/www.pmpf.rs.gov.br\/secretaria-de-meio-ambiente\/parque-banhado-da-vergueiro-a-flora\/","title":{"rendered":"A Flora"},"content":{"rendered":"\n<p>Selecione a esp\u00e9cie desejada para ver as suas caracter\u00edsticas.<\/p>\n\n\n\n<ul class=\"wp-block-list\"><li><a href=\"https:\/\/www.pmpf.rs.gov.br\/secretaria-de-meio-ambiente\/araca-do-mato\/\" target=\"_blank\" rel=\"noreferrer noopener\">Ara\u00e7a do Mato<\/a><\/li><li><a href=\"https:\/\/www.pmpf.rs.gov.br\/secretaria-de-meio-ambiente\/aroeira-periquita\/\" target=\"_blank\" rel=\"noreferrer noopener\">Aroeira Periquita<\/a><\/li><li><a href=\"https:\/\/www.pmpf.rs.gov.br\/secretaria-de-meio-ambiente\/aroeira-vermelha\/\" target=\"_blank\" rel=\"noreferrer noopener\">Aroeira Vermelha<\/a><\/li><li><a href=\"https:\/\/www.pmpf.rs.gov.br\/secretaria-de-meio-ambiente\/camboata-vermelho\/\" target=\"_blank\" rel=\"noreferrer noopener\">Camboat\u00e1 Vermelho<\/a><\/li><li><a href=\"https:\/\/www.pmpf.rs.gov.br\/secretaria-de-meio-ambiente\/cedro\/\" target=\"_blank\" rel=\"noreferrer noopener\">Cedro<\/a><\/li><li><a href=\"https:\/\/www.pmpf.rs.gov.br\/secretaria-de-meio-ambiente\/corticeira-do-banhado\/\" target=\"_blank\" rel=\"noreferrer noopener\">Corticeira do Banhado<\/a><\/li><li><a href=\"https:\/\/www.pmpf.rs.gov.br\/secretaria-de-meio-ambiente\/fumo-bravo\/\" target=\"_blank\" rel=\"noreferrer noopener\">Fumo Bravo<\/a><\/li><li><a href=\"https:\/\/www.pmpf.rs.gov.br\/secretaria-de-meio-ambiente\/nespera\/\" target=\"_blank\" rel=\"noreferrer noopener\">N\u00e9spera<\/a><\/li><li><a href=\"https:\/\/www.pmpf.rs.gov.br\/secretaria-de-meio-ambiente\/pata-de-vaca\/\" target=\"_blank\" rel=\"noreferrer noopener\">Pata de vaca<\/a><\/li><li><a href=\"https:\/\/www.pmpf.rs.gov.br\/secretaria-de-meio-ambiente\/pitangueira\/\" target=\"_blank\" rel=\"noreferrer noopener\">Pitangueira<\/a><\/li><li><a href=\"https:\/\/www.pmpf.rs.gov.br\/secretaria-de-meio-ambiente\/timbauva\/\" target=\"_blank\" rel=\"noreferrer noopener\">Timba\u00fava<\/a><\/li><li><a href=\"https:\/\/www.pmpf.rs.gov.br\/secretaria-de-meio-ambiente\/tipuana\/\" target=\"_blank\" rel=\"noreferrer noopener\">Tipuana<\/a><\/li><\/ul>\n\n\n\n<hr class=\"wp-block-separator\" \/>\n","protected":false},"excerpt":{"rendered":"<p>Selecione a esp\u00e9cie desejada para ver as suas caracter\u00edsticas. Ara\u00e7a do Mato Aroeira Periquita Aroeira Vermelha Camboat\u00e1 Vermelho Cedro Corticeira do Banhado Fumo Bravo N\u00e9spera Pata de vaca Pitangueira Timba\u00fava Tipuana<\/p>\n","protected":false},"author":4,"featured_media":0,"parent":0,"menu_order":0,"comment_status":"closed","ping_status":"closed","template":"","meta":{"footnotes":""},"class_list":["post-1344","page","type-page","status-publish","hentry"],"yoast_head":"<!-- This site is optimized with the Yoast SEO plugin v23.8 - https:\/\/yoast.com\/wordpress\/plugins\/seo\/ -->\n<title>A Flora - Secretaria de Meio Ambiente<\/title>\n<meta name=\"robots\" content=\"index, follow, max-snippet:-1, max-image-preview:large, max-video-preview:-1\" \/>\n<link rel=\"canonical\" href=\"https:\/\/www.pmpf.rs.gov.br\/secretaria-de-meio-ambiente\/parque-banhado-da-vergueiro-a-flora\/\" \/>\n<meta property=\"og:locale\" content=\"pt_BR\" \/>\n<meta property=\"og:type\" content=\"article\" \/>\n<meta property=\"og:title\" content=\"A Flora - Secretaria de Meio Ambiente\" \/>\n<meta property=\"og:description\" content=\"Selecione a esp\u00e9cie desejada para ver as suas caracter\u00edsticas. Ara\u00e7a do Mato Aroeira Periquita Aroeira Vermelha Camboat\u00e1 Vermelho Cedro Corticeira do Banhado Fumo Bravo N\u00e9spera Pata de vaca Pitangueira Timba\u00fava Tipuana\" \/>\n<meta property=\"og:url\" content=\"https:\/\/www.pmpf.rs.gov.br\/secretaria-de-meio-ambiente\/parque-banhado-da-vergueiro-a-flora\/\" \/>\n<meta property=\"og:site_name\" content=\"Secretaria de Meio Ambiente\" \/>\n<meta property=\"article:modified_time\" content=\"2022-07-08T11:38:20+00:00\" \/>\n<meta name=\"twitter:card\" content=\"summary_large_image\" \/>\n<script type=\"application\/ld+json\" class=\"yoast-schema-graph\">{\"@context\":\"https:\/\/schema.org\",\"@graph\":[{\"@type\":\"WebPage\",\"@id\":\"https:\/\/www.pmpf.rs.gov.br\/secretaria-de-meio-ambiente\/parque-banhado-da-vergueiro-a-flora\/\",\"url\":\"https:\/\/www.pmpf.rs.gov.br\/secretaria-de-meio-ambiente\/parque-banhado-da-vergueiro-a-flora\/\",\"name\":\"A Flora - Secretaria de Meio Ambiente\",\"isPartOf\":{\"@id\":\"https:\/\/www.pmpf.rs.gov.br\/secretaria-de-meio-ambiente\/#website\"},\"datePublished\":\"2022-04-01T17:50:01+00:00\",\"dateModified\":\"2022-07-08T11:38:20+00:00\",\"inLanguage\":\"pt-BR\",\"potentialAction\":[{\"@type\":\"ReadAction\",\"target\":[\"https:\/\/www.pmpf.rs.gov.br\/secretaria-de-meio-ambiente\/parque-banhado-da-vergueiro-a-flora\/\"]}]},{\"@type\":\"WebSite\",\"@id\":\"https:\/\/www.pmpf.rs.gov.br\/secretaria-de-meio-ambiente\/#website\",\"url\":\"https:\/\/www.pmpf.rs.gov.br\/secretaria-de-meio-ambiente\/\",\"name\":\"Secretaria de Meio Ambiente\",\"description\":\"S\u00f3 mais um site Prefeitura de Passo Fundo\",\"potentialAction\":[{\"@type\":\"SearchAction\",\"target\":{\"@type\":\"EntryPoint\",\"urlTemplate\":\"https:\/\/www.pmpf.rs.gov.br\/secretaria-de-meio-ambiente\/?s={search_term_string}\"},\"query-input\":{\"@type\":\"PropertyValueSpecification\",\"valueRequired\":true,\"valueName\":\"search_term_string\"}}],\"inLanguage\":\"pt-BR\"}]}<\/script>\n<!-- \/ Yoast SEO plugin. -->","yoast_head_json":{"title":"A Flora - Secretaria de Meio Ambiente","robots":{"index":"index","follow":"follow","max-snippet":"max-snippet:-1","max-image-preview":"max-image-preview:large","max-video-preview":"max-video-preview:-1"},"canonical":"https:\/\/www.pmpf.rs.gov.br\/secretaria-de-meio-ambiente\/parque-banhado-da-vergueiro-a-flora\/","og_locale":"pt_BR","og_type":"article","og_title":"A Flora - Secretaria de Meio Ambiente","og_description":"Selecione a esp\u00e9cie desejada para ver as suas caracter\u00edsticas. Ara\u00e7a do Mato Aroeira Periquita Aroeira Vermelha Camboat\u00e1 Vermelho Cedro Corticeira do Banhado Fumo Bravo N\u00e9spera Pata de vaca Pitangueira Timba\u00fava Tipuana","og_url":"https:\/\/www.pmpf.rs.gov.br\/secretaria-de-meio-ambiente\/parque-banhado-da-vergueiro-a-flora\/","og_site_name":"Secretaria de Meio Ambiente","article_modified_time":"2022-07-08T11:38:20+00:00","twitter_card":"summary_large_image","schema":{"@context":"https:\/\/schema.org","@graph":[{"@type":"WebPage","@id":"https:\/\/www.pmpf.rs.gov.br\/secretaria-de-meio-ambiente\/parque-banhado-da-vergueiro-a-flora\/","url":"https:\/\/www.pmpf.rs.gov.br\/secretaria-de-meio-ambiente\/parque-banhado-da-vergueiro-a-flora\/","name":"A Flora - Secretaria de Meio Ambiente","isPartOf":{"@id":"https:\/\/www.pmpf.rs.gov.br\/secretaria-de-meio-ambiente\/#website"},"datePublished":"2022-04-01T17:50:01+00:00","dateModified":"2022-07-08T11:38:20+00:00","inLanguage":"pt-BR","potentialAction":[{"@type":"ReadAction","target":["https:\/\/www.pmpf.rs.gov.br\/secretaria-de-meio-ambiente\/parque-banhado-da-vergueiro-a-flora\/"]}]},{"@type":"WebSite","@id":"https:\/\/www.pmpf.rs.gov.br\/secretaria-de-meio-ambiente\/#website","url":"https:\/\/www.pmpf.rs.gov.br\/secretaria-de-meio-ambiente\/","name":"Secretaria de Meio Ambiente","description":"S\u00f3 mais um site Prefeitura de Passo Fundo","potentialAction":[{"@type":"SearchAction","target":{"@type":"EntryPoint","urlTemplate":"https:\/\/www.pmpf.rs.gov.br\/secretaria-de-meio-ambiente\/?s={search_term_string}"},"query-input":{"@type":"PropertyValueSpecification","valueRequired":true,"valueName":"search_term_string"}}],"inLanguage":"pt-BR"}]}},"_links":{"self":[{"href":"https:\/\/www.pmpf.rs.gov.br\/secretaria-de-meio-ambiente\/wp-json\/wp\/v2\/pages\/1344"}],"collection":[{"href":"https:\/\/www.pmpf.rs.gov.br\/secretaria-de-meio-ambiente\/wp-json\/wp\/v2\/pages"}],"about":[{"href":"https:\/\/www.pmpf.rs.gov.br\/secretaria-de-meio-ambiente\/wp-json\/wp\/v2\/types\/page"}],"author":[{"embeddable":true,"href":"https:\/\/www.pmpf.rs.gov.br\/secretaria-de-meio-ambiente\/wp-json\/wp\/v2\/users\/4"}],"replies":[{"embeddable":true,"href":"https:\/\/www.pmpf.rs.gov.br\/secretaria-de-meio-ambiente\/wp-json\/wp\/v2\/comments?post=1344"}],"version-history":[{"count":8,"href":"https:\/\/www.pmpf.rs.gov.br\/secretaria-de-meio-ambiente\/wp-json\/wp\/v2\/pages\/1344\/revisions"}],"predecessor-version":[{"id":1477,"href":"https:\/\/www.pmpf.rs.gov.br\/secretaria-de-meio-ambiente\/wp-json\/wp\/v2\/pages\/1344\/revisions\/1477"}],"wp:attachment":[{"href":"https:\/\/www.pmpf.rs.gov.br\/secretaria-de-meio-ambiente\/wp-json\/wp\/v2\/media?parent=1344"}],"curies":[{"name":"wp","href":"https:\/\/api.w.org\/{rel}","templated":true}]}}