{"id":1109,"date":"2021-12-24T19:47:39","date_gmt":"2021-12-24T22:47:39","guid":{"rendered":"https:\/\/www.pmpf.rs.gov.br\/secretaria-de-meio-ambiente\/?page_id=1109"},"modified":"2021-12-24T19:47:39","modified_gmt":"2021-12-24T22:47:39","slug":"camboata-vermelho","status":"publish","type":"page","link":"https:\/\/www.pmpf.rs.gov.br\/secretaria-de-meio-ambiente\/camboata-vermelho\/","title":{"rendered":"Camboat\u00e1 Vermelho"},"content":{"rendered":"\n<h2 class=\"wp-block-heading\">Camboat\u00e1 Vermelho<\/h2>\n\n\n\n<div class=\"wp-block-image\"><figure class=\"alignleft size-full\"><img loading=\"lazy\" decoding=\"async\" width=\"280\" height=\"186\" src=\"https:\/\/www.pmpf.rs.gov.br\/secretaria-de-meio-ambiente\/wp-content\/uploads\/sites\/48\/2021\/12\/I2017-12-19_09_41_02_48931.jpg\" alt=\"\" class=\"wp-image-1110\"\/><\/figure><\/div>\n\n\n\n<p>Nome comum:&nbsp;<strong>Camboat\u00e1-vermelho<\/strong><\/p>\n\n\n\n<p>Nome cient\u00edfico:&nbsp;<strong><em>Cupania vernalis<\/em><\/strong><\/p>\n\n\n\n<p>Fam\u00edlia:&nbsp;<strong>Sapindaceae<\/strong><\/p>\n\n\n\n<p>Origem:\u00a0<strong>Nativa do Brasil<\/strong><\/p>\n\n\n\n<div style=\"height:1px\" aria-hidden=\"true\" class=\"wp-block-spacer\"><\/div>\n\n\n\n<h2 class=\"wp-block-heading\">Descri\u00e7\u00e3o Morfol\u00f3gica:<\/h2>\n\n\n\n<ul class=\"wp-block-list\"><li><strong>Copa:<\/strong>&nbsp;Densa;<\/li><li><strong>Porte:<\/strong>&nbsp;M\u00e9dio porte, de 7 a 25 m de altura;<\/li><li><strong>Folhas:<\/strong>&nbsp;Folhas alternas, compostas, pinadas, de at\u00e9 30 cm de comprimento por at\u00e9 18 cm de largura, perene;<\/li><li><strong>Cor da flor:<\/strong>&nbsp;Branco-amarelada;<\/li><li><strong>Fenologia:<\/strong>&nbsp;Flora\u00e7\u00e3o acontece entre os meses de mar\u00e7o a agosto;<\/li><li><strong>Frutifica\u00e7\u00e3o:<\/strong>&nbsp;A frutifica\u00e7\u00e3o acontece nos meses de setembro a dezembro;<\/li><\/ul>\n\n\n\n<p><strong>Usos:<\/strong>&nbsp;Devido ao r\u00e1pido polimento e ao pouco tempo de resist\u00eancia, a madeira aplica-se \u00e0s constru\u00e7\u00f5es internas e \u00e0 marcenaria, no geral. Esp\u00e9cie indicada para paisagismo em parques, pra\u00e7as e ruas;<\/p>\n\n\n\n<p><strong>Import\u00e2ncia ecol\u00f3gica:<\/strong>\u00a0Excelente frut\u00edfera para p\u00e1ssaros, flores mel\u00edferas. Indicada para enriquecimento de florestas degradadas ou plantio em vegeta\u00e7\u00e3o secund\u00e1ria com a finalidade de preserva\u00e7\u00e3o permanente.<\/p>\n\n\n\n<figure class=\"wp-block-gallery columns-3 is-cropped wp-block-gallery-1 is-layout-flex wp-block-gallery-is-layout-flex\"><ul class=\"blocks-gallery-grid\"><li class=\"blocks-gallery-item\"><figure><a href=\"https:\/\/www.pmpf.rs.gov.br\/secretaria-de-meio-ambiente\/wp-content\/uploads\/sites\/48\/2021\/12\/smam_CamboataVermelho_01.jpg\"><img loading=\"lazy\" decoding=\"async\" width=\"200\" height=\"147\" src=\"https:\/\/www.pmpf.rs.gov.br\/secretaria-de-meio-ambiente\/wp-content\/uploads\/sites\/48\/2021\/12\/smam_CamboataVermelho_01.jpg\" alt=\"\" data-id=\"1111\" data-full-url=\"https:\/\/www.pmpf.rs.gov.br\/secretaria-de-meio-ambiente\/wp-content\/uploads\/sites\/48\/2021\/12\/smam_CamboataVermelho_01.jpg\" data-link=\"https:\/\/www.pmpf.rs.gov.br\/secretaria-de-meio-ambiente\/?attachment_id=1111\" class=\"wp-image-1111\"\/><\/a><\/figure><\/li><li class=\"blocks-gallery-item\"><figure><a href=\"https:\/\/www.pmpf.rs.gov.br\/secretaria-de-meio-ambiente\/wp-content\/uploads\/sites\/48\/2021\/12\/smam_CamboataVermelho_02.jpg\"><img loading=\"lazy\" decoding=\"async\" width=\"200\" height=\"147\" src=\"https:\/\/www.pmpf.rs.gov.br\/secretaria-de-meio-ambiente\/wp-content\/uploads\/sites\/48\/2021\/12\/smam_CamboataVermelho_02.jpg\" alt=\"\" data-id=\"1112\" data-full-url=\"https:\/\/www.pmpf.rs.gov.br\/secretaria-de-meio-ambiente\/wp-content\/uploads\/sites\/48\/2021\/12\/smam_CamboataVermelho_02.jpg\" data-link=\"https:\/\/www.pmpf.rs.gov.br\/secretaria-de-meio-ambiente\/?attachment_id=1112\" class=\"wp-image-1112\"\/><\/a><\/figure><\/li><li class=\"blocks-gallery-item\"><figure><a href=\"https:\/\/www.pmpf.rs.gov.br\/secretaria-de-meio-ambiente\/wp-content\/uploads\/sites\/48\/2021\/12\/smam_CamboataVermelho_03.jpg\"><img loading=\"lazy\" decoding=\"async\" width=\"200\" height=\"147\" src=\"https:\/\/www.pmpf.rs.gov.br\/secretaria-de-meio-ambiente\/wp-content\/uploads\/sites\/48\/2021\/12\/smam_CamboataVermelho_03.jpg\" alt=\"\" data-id=\"1113\" data-full-url=\"https:\/\/www.pmpf.rs.gov.br\/secretaria-de-meio-ambiente\/wp-content\/uploads\/sites\/48\/2021\/12\/smam_CamboataVermelho_03.jpg\" data-link=\"https:\/\/www.pmpf.rs.gov.br\/secretaria-de-meio-ambiente\/?attachment_id=1113\" class=\"wp-image-1113\"\/><\/a><\/figure><\/li><\/ul><\/figure>\n\n\n\n<p>Texto elaborado pela Professora Dra. Evanisa R.Q. Melo &#8211; LAPEAA<\/p>\n","protected":false},"excerpt":{"rendered":"<p>Camboat\u00e1 Vermelho Nome comum:&nbsp;Camboat\u00e1-vermelho Nome cient\u00edfico:&nbsp;Cupania vernalis Fam\u00edlia:&nbsp;Sapindaceae Origem:\u00a0Nativa do Brasil Descri\u00e7\u00e3o Morfol\u00f3gica: Copa:&nbsp;Densa; Porte:&nbsp;M\u00e9dio porte, de 7 a 25 m de altura; Folhas:&nbsp;Folhas alternas, compostas, pinadas, de at\u00e9 30 cm de [&hellip;]<\/p>\n","protected":false},"author":1,"featured_media":0,"parent":0,"menu_order":0,"comment_status":"closed","ping_status":"closed","template":"","meta":{"footnotes":""},"class_list":["post-1109","page","type-page","status-publish","hentry"],"yoast_head":"<!-- This site is optimized with the Yoast SEO plugin v23.8 - https:\/\/yoast.com\/wordpress\/plugins\/seo\/ -->\n<title>Camboat\u00e1 Vermelho - Secretaria de Meio Ambiente<\/title>\n<meta name=\"robots\" content=\"index, follow, max-snippet:-1, max-image-preview:large, max-video-preview:-1\" \/>\n<link rel=\"canonical\" href=\"https:\/\/www.pmpf.rs.gov.br\/secretaria-de-meio-ambiente\/camboata-vermelho\/\" \/>\n<meta property=\"og:locale\" content=\"pt_BR\" \/>\n<meta property=\"og:type\" content=\"article\" \/>\n<meta property=\"og:title\" content=\"Camboat\u00e1 Vermelho - Secretaria de Meio Ambiente\" \/>\n<meta property=\"og:description\" content=\"Camboat\u00e1 Vermelho Nome comum:&nbsp;Camboat\u00e1-vermelho Nome cient\u00edfico:&nbsp;Cupania vernalis Fam\u00edlia:&nbsp;Sapindaceae Origem:\u00a0Nativa do Brasil Descri\u00e7\u00e3o Morfol\u00f3gica: Copa:&nbsp;Densa; Porte:&nbsp;M\u00e9dio porte, de 7 a 25 m de altura; Folhas:&nbsp;Folhas alternas, compostas, pinadas, de at\u00e9 30 cm de [&hellip;]\" \/>\n<meta property=\"og:url\" content=\"https:\/\/www.pmpf.rs.gov.br\/secretaria-de-meio-ambiente\/camboata-vermelho\/\" \/>\n<meta property=\"og:site_name\" content=\"Secretaria de Meio Ambiente\" \/>\n<meta property=\"og:image\" content=\"https:\/\/www.pmpf.rs.gov.br\/secretaria-de-meio-ambiente\/wp-content\/uploads\/sites\/48\/2021\/12\/I2017-12-19_09_41_02_48931.jpg\" \/>\n<meta name=\"twitter:card\" content=\"summary_large_image\" \/>\n<meta name=\"twitter:label1\" content=\"Est. tempo de leitura\" \/>\n\t<meta name=\"twitter:data1\" content=\"2 minutos\" \/>\n<script type=\"application\/ld+json\" class=\"yoast-schema-graph\">{\"@context\":\"https:\/\/schema.org\",\"@graph\":[{\"@type\":\"WebPage\",\"@id\":\"https:\/\/www.pmpf.rs.gov.br\/secretaria-de-meio-ambiente\/camboata-vermelho\/\",\"url\":\"https:\/\/www.pmpf.rs.gov.br\/secretaria-de-meio-ambiente\/camboata-vermelho\/\",\"name\":\"Camboat\u00e1 Vermelho - Secretaria de Meio Ambiente\",\"isPartOf\":{\"@id\":\"https:\/\/www.pmpf.rs.gov.br\/secretaria-de-meio-ambiente\/#website\"},\"primaryImageOfPage\":{\"@id\":\"https:\/\/www.pmpf.rs.gov.br\/secretaria-de-meio-ambiente\/camboata-vermelho\/#primaryimage\"},\"image\":{\"@id\":\"https:\/\/www.pmpf.rs.gov.br\/secretaria-de-meio-ambiente\/camboata-vermelho\/#primaryimage\"},\"thumbnailUrl\":\"https:\/\/www.pmpf.rs.gov.br\/secretaria-de-meio-ambiente\/wp-content\/uploads\/sites\/48\/2021\/12\/I2017-12-19_09_41_02_48931.jpg\",\"datePublished\":\"2021-12-24T22:47:39+00:00\",\"dateModified\":\"2021-12-24T22:47:39+00:00\",\"inLanguage\":\"pt-BR\",\"potentialAction\":[{\"@type\":\"ReadAction\",\"target\":[\"https:\/\/www.pmpf.rs.gov.br\/secretaria-de-meio-ambiente\/camboata-vermelho\/\"]}]},{\"@type\":\"ImageObject\",\"inLanguage\":\"pt-BR\",\"@id\":\"https:\/\/www.pmpf.rs.gov.br\/secretaria-de-meio-ambiente\/camboata-vermelho\/#primaryimage\",\"url\":\"https:\/\/www.pmpf.rs.gov.br\/secretaria-de-meio-ambiente\/wp-content\/uploads\/sites\/48\/2021\/12\/I2017-12-19_09_41_02_48931.jpg\",\"contentUrl\":\"https:\/\/www.pmpf.rs.gov.br\/secretaria-de-meio-ambiente\/wp-content\/uploads\/sites\/48\/2021\/12\/I2017-12-19_09_41_02_48931.jpg\",\"width\":280,\"height\":186},{\"@type\":\"WebSite\",\"@id\":\"https:\/\/www.pmpf.rs.gov.br\/secretaria-de-meio-ambiente\/#website\",\"url\":\"https:\/\/www.pmpf.rs.gov.br\/secretaria-de-meio-ambiente\/\",\"name\":\"Secretaria de Meio Ambiente\",\"description\":\"S\u00f3 mais um site Prefeitura de Passo Fundo\",\"potentialAction\":[{\"@type\":\"SearchAction\",\"target\":{\"@type\":\"EntryPoint\",\"urlTemplate\":\"https:\/\/www.pmpf.rs.gov.br\/secretaria-de-meio-ambiente\/?s={search_term_string}\"},\"query-input\":{\"@type\":\"PropertyValueSpecification\",\"valueRequired\":true,\"valueName\":\"search_term_string\"}}],\"inLanguage\":\"pt-BR\"}]}<\/script>\n<!-- \/ Yoast SEO plugin. -->","yoast_head_json":{"title":"Camboat\u00e1 Vermelho - Secretaria de Meio Ambiente","robots":{"index":"index","follow":"follow","max-snippet":"max-snippet:-1","max-image-preview":"max-image-preview:large","max-video-preview":"max-video-preview:-1"},"canonical":"https:\/\/www.pmpf.rs.gov.br\/secretaria-de-meio-ambiente\/camboata-vermelho\/","og_locale":"pt_BR","og_type":"article","og_title":"Camboat\u00e1 Vermelho - Secretaria de Meio Ambiente","og_description":"Camboat\u00e1 Vermelho Nome comum:&nbsp;Camboat\u00e1-vermelho Nome cient\u00edfico:&nbsp;Cupania vernalis Fam\u00edlia:&nbsp;Sapindaceae Origem:\u00a0Nativa do Brasil Descri\u00e7\u00e3o Morfol\u00f3gica: Copa:&nbsp;Densa; Porte:&nbsp;M\u00e9dio porte, de 7 a 25 m de altura; Folhas:&nbsp;Folhas alternas, compostas, pinadas, de at\u00e9 30 cm de [&hellip;]","og_url":"https:\/\/www.pmpf.rs.gov.br\/secretaria-de-meio-ambiente\/camboata-vermelho\/","og_site_name":"Secretaria de Meio Ambiente","og_image":[{"url":"https:\/\/www.pmpf.rs.gov.br\/secretaria-de-meio-ambiente\/wp-content\/uploads\/sites\/48\/2021\/12\/I2017-12-19_09_41_02_48931.jpg"}],"twitter_card":"summary_large_image","twitter_misc":{"Est. tempo de leitura":"2 minutos"},"schema":{"@context":"https:\/\/schema.org","@graph":[{"@type":"WebPage","@id":"https:\/\/www.pmpf.rs.gov.br\/secretaria-de-meio-ambiente\/camboata-vermelho\/","url":"https:\/\/www.pmpf.rs.gov.br\/secretaria-de-meio-ambiente\/camboata-vermelho\/","name":"Camboat\u00e1 Vermelho - Secretaria de Meio Ambiente","isPartOf":{"@id":"https:\/\/www.pmpf.rs.gov.br\/secretaria-de-meio-ambiente\/#website"},"primaryImageOfPage":{"@id":"https:\/\/www.pmpf.rs.gov.br\/secretaria-de-meio-ambiente\/camboata-vermelho\/#primaryimage"},"image":{"@id":"https:\/\/www.pmpf.rs.gov.br\/secretaria-de-meio-ambiente\/camboata-vermelho\/#primaryimage"},"thumbnailUrl":"https:\/\/www.pmpf.rs.gov.br\/secretaria-de-meio-ambiente\/wp-content\/uploads\/sites\/48\/2021\/12\/I2017-12-19_09_41_02_48931.jpg","datePublished":"2021-12-24T22:47:39+00:00","dateModified":"2021-12-24T22:47:39+00:00","inLanguage":"pt-BR","potentialAction":[{"@type":"ReadAction","target":["https:\/\/www.pmpf.rs.gov.br\/secretaria-de-meio-ambiente\/camboata-vermelho\/"]}]},{"@type":"ImageObject","inLanguage":"pt-BR","@id":"https:\/\/www.pmpf.rs.gov.br\/secretaria-de-meio-ambiente\/camboata-vermelho\/#primaryimage","url":"https:\/\/www.pmpf.rs.gov.br\/secretaria-de-meio-ambiente\/wp-content\/uploads\/sites\/48\/2021\/12\/I2017-12-19_09_41_02_48931.jpg","contentUrl":"https:\/\/www.pmpf.rs.gov.br\/secretaria-de-meio-ambiente\/wp-content\/uploads\/sites\/48\/2021\/12\/I2017-12-19_09_41_02_48931.jpg","width":280,"height":186},{"@type":"WebSite","@id":"https:\/\/www.pmpf.rs.gov.br\/secretaria-de-meio-ambiente\/#website","url":"https:\/\/www.pmpf.rs.gov.br\/secretaria-de-meio-ambiente\/","name":"Secretaria de Meio Ambiente","description":"S\u00f3 mais um site Prefeitura de Passo Fundo","potentialAction":[{"@type":"SearchAction","target":{"@type":"EntryPoint","urlTemplate":"https:\/\/www.pmpf.rs.gov.br\/secretaria-de-meio-ambiente\/?s={search_term_string}"},"query-input":{"@type":"PropertyValueSpecification","valueRequired":true,"valueName":"search_term_string"}}],"inLanguage":"pt-BR"}]}},"_links":{"self":[{"href":"https:\/\/www.pmpf.rs.gov.br\/secretaria-de-meio-ambiente\/wp-json\/wp\/v2\/pages\/1109"}],"collection":[{"href":"https:\/\/www.pmpf.rs.gov.br\/secretaria-de-meio-ambiente\/wp-json\/wp\/v2\/pages"}],"about":[{"href":"https:\/\/www.pmpf.rs.gov.br\/secretaria-de-meio-ambiente\/wp-json\/wp\/v2\/types\/page"}],"author":[{"embeddable":true,"href":"https:\/\/www.pmpf.rs.gov.br\/secretaria-de-meio-ambiente\/wp-json\/wp\/v2\/users\/1"}],"replies":[{"embeddable":true,"href":"https:\/\/www.pmpf.rs.gov.br\/secretaria-de-meio-ambiente\/wp-json\/wp\/v2\/comments?post=1109"}],"version-history":[{"count":1,"href":"https:\/\/www.pmpf.rs.gov.br\/secretaria-de-meio-ambiente\/wp-json\/wp\/v2\/pages\/1109\/revisions"}],"predecessor-version":[{"id":1114,"href":"https:\/\/www.pmpf.rs.gov.br\/secretaria-de-meio-ambiente\/wp-json\/wp\/v2\/pages\/1109\/revisions\/1114"}],"wp:attachment":[{"href":"https:\/\/www.pmpf.rs.gov.br\/secretaria-de-meio-ambiente\/wp-json\/wp\/v2\/media?parent=1109"}],"curies":[{"name":"wp","href":"https:\/\/api.w.org\/{rel}","templated":true}]}}