{"id":93,"date":"2021-11-16T14:30:57","date_gmt":"2021-11-16T17:30:57","guid":{"rendered":"https:\/\/www.pmpf.rs.gov.br\/secretaria-de-cidadania-e-assistencia-social\/?page_id=93"},"modified":"2022-01-19T15:09:51","modified_gmt":"2022-01-19T18:09:51","slug":"entidades-da-rede-socioassistencial-privada-do-suas-inscritas-no-cmas","status":"publish","type":"page","link":"https:\/\/www.pmpf.rs.gov.br\/secretaria-de-cidadania-e-assistencia-social\/entidades-da-rede-socioassistencial-privada-do-suas-inscritas-no-cmas\/","title":{"rendered":"Rede Socioassistencial Privada do Sistema \u00danico de Assist\u00eancia Social \u2013 SUAS"},"content":{"rendered":"\n<h2 class=\"wp-block-heading\">Informa\u00e7\u00f5es e Documenta\u00e7\u00e3o<\/h2>\n\n\n\n<p>As entidades ou organiza\u00e7\u00f5es de assist\u00eancia social possuem fundamental import\u00e2ncia para o Sistema \u00danico de Assist\u00eancia Social (SUAS) por atuarem em parceria com a Administra\u00e7\u00e3o P\u00fablica no atendimento \u00e0s fam\u00edlias e aos indiv\u00edduos em situa\u00e7\u00e3o de vulnerabilidade social.<\/p>\n\n\n\n<p>As Organiza\u00e7\u00f5es da Sociedade Civil (OSCs) reconhecidas pela assist\u00eancia social executam servi\u00e7os de car\u00e1ter p\u00fablico. Elas podem receber recursos p\u00fablicos, ou obter recursos por outras fontes (doa\u00e7\u00f5es de terceiros, rendimentos financeiros, eventos, etc.).<\/p>\n\n\n\n<p>Existem tr\u00eas n\u00edveis de reconhecimento de entidades no SUAS, cada uma com um benef\u00edcio espec\u00edfico para a entidade:<\/p>\n\n\n\n<p><strong><strong>1\u00ba N\u00edvel \u2013 Inscri\u00e7\u00e3o no Conselho Municipal de Assist\u00eancia Social \u2013 CMAS<\/strong><\/strong><\/p>\n\n\n\n<p>O primeiro n\u00edvel, a inscri\u00e7\u00e3o no Conselho Municipal ou Distrital de Assist\u00eancia Social, \u00e9 a autoriza\u00e7\u00e3o de funcionamento na pol\u00edtica de assist\u00eancia social. <em>A inscri\u00e7\u00e3o tamb\u00e9m \u00e9 pr\u00e9-requisito para o acesso aos demais n\u00edveis de reconhecimento, como o CNEAS e o CEBAS.<\/em><\/p>\n\n\n\n<p><strong><strong>2\u00ba N\u00edvel \u2013 Cadastro Nacional de Entidades de Assist\u00eancia Social<\/strong><\/strong><\/p>\n\n\n\n<p>O segundo n\u00edvel de reconhecimento \u00e9 obtido por meio do cadastramento no Cadastro Nacional de Entidades de Assist\u00eancia Social (CNEAS). Esse n\u00edvel de reconhecimento permite \u00e0 entidade realizar parcerias com o \u00f3rg\u00e3o gestor municipal, receber recursos por meio de emendas parlamentares e a torna apta para adquirir o CEBAS. Dessa forma, para sua vincula\u00e7\u00e3o ao SUAS, as organiza\u00e7\u00f5es devem comprovar, cumulativamente, possuir a inscri\u00e7\u00e3o no Conselho Municipal ou Distrital de Assist\u00eancia Social e o registro no CNEAS.<\/p>\n\n\n\n<p>O CNEAS tamb\u00e9m \u00e9 uma ferramenta de gest\u00e3o, que armazena informa\u00e7\u00f5es sobre as organiza\u00e7\u00f5es e ofertas socioassistenciais com atua\u00e7\u00e3o no territ\u00f3rio nacional. Aos gestores da pol\u00edtica o Cadastro permite o conhecimento e acompanhamento das organiza\u00e7\u00f5es que integram a rede socioassistencial.<\/p>\n\n\n\n<p><strong>3\u00ba N\u00edvel \u2013 Certifica\u00e7\u00e3o de Entidades Beneficentes da Assist\u00eancia Social &#8211; CEBAS)<\/strong><\/p>\n\n\n\n<p>O terceiro n\u00edvel de reconhecimento das OSCs no SUAS, \u00e9 obtido por meio do acesso \u00e0 Certifica\u00e7\u00e3o de Entidades Beneficentes da Assist\u00eancia Social (CEBAS), regulado pela Lei Complementar n\u00ba 187, de 16\/12\/2021. O CEBAS possibilita \u00e0 entidade a isen\u00e7\u00e3o de contribui\u00e7\u00f5es sociais.<\/p>\n\n\n\n<p>A Certifica\u00e7\u00e3o de Entidades Beneficentes de Assist\u00eancia Social (CEBAS) \u00e9 um importante mecanismo de parceria p\u00fablico-privada, para ampliar a cobertura e melhoria dos servi\u00e7os socioassistenciais. Com a Certifica\u00e7\u00e3o CEBAS, entidades que ofertam servi\u00e7os de Assist\u00eancia Social podem ter acesso a importantes mecanismos de financiamento de suas atividades.<\/p>\n","protected":false},"excerpt":{"rendered":"<p>Informa\u00e7\u00f5es e Documenta\u00e7\u00e3o As entidades ou organiza\u00e7\u00f5es de assist\u00eancia social possuem fundamental import\u00e2ncia para o Sistema \u00danico de Assist\u00eancia Social (SUAS) por atuarem em parceria com a Administra\u00e7\u00e3o P\u00fablica no atendimento \u00e0s [&hellip;]<\/p>\n","protected":false},"author":1,"featured_media":0,"parent":0,"menu_order":0,"comment_status":"closed","ping_status":"closed","template":"","meta":{"footnotes":""},"class_list":["post-93","page","type-page","status-publish","hentry"],"yoast_head":"<!-- This site is optimized with the Yoast SEO plugin v23.8 - https:\/\/yoast.com\/wordpress\/plugins\/seo\/ -->\n<title>Rede Socioassistencial Privada do Sistema \u00danico de Assist\u00eancia Social \u2013 SUAS - Secretaria de Cidadania e Assist\u00eancia Social<\/title>\n<meta name=\"robots\" content=\"index, follow, max-snippet:-1, max-image-preview:large, max-video-preview:-1\" \/>\n<link rel=\"canonical\" href=\"https:\/\/www.pmpf.rs.gov.br\/secretaria-de-cidadania-e-assistencia-social\/entidades-da-rede-socioassistencial-privada-do-suas-inscritas-no-cmas\/\" \/>\n<meta property=\"og:locale\" content=\"pt_BR\" \/>\n<meta property=\"og:type\" content=\"article\" \/>\n<meta property=\"og:title\" content=\"Rede Socioassistencial Privada do Sistema \u00danico de Assist\u00eancia Social \u2013 SUAS - Secretaria de Cidadania e Assist\u00eancia Social\" \/>\n<meta property=\"og:description\" content=\"Informa\u00e7\u00f5es e Documenta\u00e7\u00e3o As entidades ou organiza\u00e7\u00f5es de assist\u00eancia social possuem fundamental import\u00e2ncia para o Sistema \u00danico de Assist\u00eancia Social (SUAS) por atuarem em parceria com a Administra\u00e7\u00e3o P\u00fablica no atendimento \u00e0s [&hellip;]\" \/>\n<meta property=\"og:url\" content=\"https:\/\/www.pmpf.rs.gov.br\/secretaria-de-cidadania-e-assistencia-social\/entidades-da-rede-socioassistencial-privada-do-suas-inscritas-no-cmas\/\" \/>\n<meta property=\"og:site_name\" content=\"Secretaria de Cidadania e Assist\u00eancia Social\" \/>\n<meta property=\"article:modified_time\" content=\"2022-01-19T18:09:51+00:00\" \/>\n<meta name=\"twitter:card\" content=\"summary_large_image\" \/>\n<meta name=\"twitter:label1\" content=\"Est. tempo de leitura\" \/>\n\t<meta name=\"twitter:data1\" content=\"3 minutos\" \/>\n<script type=\"application\/ld+json\" class=\"yoast-schema-graph\">{\"@context\":\"https:\/\/schema.org\",\"@graph\":[{\"@type\":\"WebPage\",\"@id\":\"https:\/\/www.pmpf.rs.gov.br\/secretaria-de-cidadania-e-assistencia-social\/entidades-da-rede-socioassistencial-privada-do-suas-inscritas-no-cmas\/\",\"url\":\"https:\/\/www.pmpf.rs.gov.br\/secretaria-de-cidadania-e-assistencia-social\/entidades-da-rede-socioassistencial-privada-do-suas-inscritas-no-cmas\/\",\"name\":\"Rede Socioassistencial Privada do Sistema \u00danico de Assist\u00eancia Social \u2013 SUAS - Secretaria de Cidadania e Assist\u00eancia Social\",\"isPartOf\":{\"@id\":\"https:\/\/www.pmpf.rs.gov.br\/secretaria-de-cidadania-e-assistencia-social\/#website\"},\"datePublished\":\"2021-11-16T17:30:57+00:00\",\"dateModified\":\"2022-01-19T18:09:51+00:00\",\"inLanguage\":\"pt-BR\",\"potentialAction\":[{\"@type\":\"ReadAction\",\"target\":[\"https:\/\/www.pmpf.rs.gov.br\/secretaria-de-cidadania-e-assistencia-social\/entidades-da-rede-socioassistencial-privada-do-suas-inscritas-no-cmas\/\"]}]},{\"@type\":\"WebSite\",\"@id\":\"https:\/\/www.pmpf.rs.gov.br\/secretaria-de-cidadania-e-assistencia-social\/#website\",\"url\":\"https:\/\/www.pmpf.rs.gov.br\/secretaria-de-cidadania-e-assistencia-social\/\",\"name\":\"Secretaria de Cidadania e Assist\u00eancia Social\",\"description\":\"S\u00f3 mais um site Prefeitura de Passo Fundo\",\"potentialAction\":[{\"@type\":\"SearchAction\",\"target\":{\"@type\":\"EntryPoint\",\"urlTemplate\":\"https:\/\/www.pmpf.rs.gov.br\/secretaria-de-cidadania-e-assistencia-social\/?s={search_term_string}\"},\"query-input\":{\"@type\":\"PropertyValueSpecification\",\"valueRequired\":true,\"valueName\":\"search_term_string\"}}],\"inLanguage\":\"pt-BR\"}]}<\/script>\n<!-- \/ Yoast SEO plugin. -->","yoast_head_json":{"title":"Rede Socioassistencial Privada do Sistema \u00danico de Assist\u00eancia Social \u2013 SUAS - Secretaria de Cidadania e Assist\u00eancia Social","robots":{"index":"index","follow":"follow","max-snippet":"max-snippet:-1","max-image-preview":"max-image-preview:large","max-video-preview":"max-video-preview:-1"},"canonical":"https:\/\/www.pmpf.rs.gov.br\/secretaria-de-cidadania-e-assistencia-social\/entidades-da-rede-socioassistencial-privada-do-suas-inscritas-no-cmas\/","og_locale":"pt_BR","og_type":"article","og_title":"Rede Socioassistencial Privada do Sistema \u00danico de Assist\u00eancia Social \u2013 SUAS - Secretaria de Cidadania e Assist\u00eancia Social","og_description":"Informa\u00e7\u00f5es e Documenta\u00e7\u00e3o As entidades ou organiza\u00e7\u00f5es de assist\u00eancia social possuem fundamental import\u00e2ncia para o Sistema \u00danico de Assist\u00eancia Social (SUAS) por atuarem em parceria com a Administra\u00e7\u00e3o P\u00fablica no atendimento \u00e0s [&hellip;]","og_url":"https:\/\/www.pmpf.rs.gov.br\/secretaria-de-cidadania-e-assistencia-social\/entidades-da-rede-socioassistencial-privada-do-suas-inscritas-no-cmas\/","og_site_name":"Secretaria de Cidadania e Assist\u00eancia Social","article_modified_time":"2022-01-19T18:09:51+00:00","twitter_card":"summary_large_image","twitter_misc":{"Est. tempo de leitura":"3 minutos"},"schema":{"@context":"https:\/\/schema.org","@graph":[{"@type":"WebPage","@id":"https:\/\/www.pmpf.rs.gov.br\/secretaria-de-cidadania-e-assistencia-social\/entidades-da-rede-socioassistencial-privada-do-suas-inscritas-no-cmas\/","url":"https:\/\/www.pmpf.rs.gov.br\/secretaria-de-cidadania-e-assistencia-social\/entidades-da-rede-socioassistencial-privada-do-suas-inscritas-no-cmas\/","name":"Rede Socioassistencial Privada do Sistema \u00danico de Assist\u00eancia Social \u2013 SUAS - Secretaria de Cidadania e Assist\u00eancia Social","isPartOf":{"@id":"https:\/\/www.pmpf.rs.gov.br\/secretaria-de-cidadania-e-assistencia-social\/#website"},"datePublished":"2021-11-16T17:30:57+00:00","dateModified":"2022-01-19T18:09:51+00:00","inLanguage":"pt-BR","potentialAction":[{"@type":"ReadAction","target":["https:\/\/www.pmpf.rs.gov.br\/secretaria-de-cidadania-e-assistencia-social\/entidades-da-rede-socioassistencial-privada-do-suas-inscritas-no-cmas\/"]}]},{"@type":"WebSite","@id":"https:\/\/www.pmpf.rs.gov.br\/secretaria-de-cidadania-e-assistencia-social\/#website","url":"https:\/\/www.pmpf.rs.gov.br\/secretaria-de-cidadania-e-assistencia-social\/","name":"Secretaria de Cidadania e Assist\u00eancia Social","description":"S\u00f3 mais um site Prefeitura de Passo Fundo","potentialAction":[{"@type":"SearchAction","target":{"@type":"EntryPoint","urlTemplate":"https:\/\/www.pmpf.rs.gov.br\/secretaria-de-cidadania-e-assistencia-social\/?s={search_term_string}"},"query-input":{"@type":"PropertyValueSpecification","valueRequired":true,"valueName":"search_term_string"}}],"inLanguage":"pt-BR"}]}},"_links":{"self":[{"href":"https:\/\/www.pmpf.rs.gov.br\/secretaria-de-cidadania-e-assistencia-social\/wp-json\/wp\/v2\/pages\/93"}],"collection":[{"href":"https:\/\/www.pmpf.rs.gov.br\/secretaria-de-cidadania-e-assistencia-social\/wp-json\/wp\/v2\/pages"}],"about":[{"href":"https:\/\/www.pmpf.rs.gov.br\/secretaria-de-cidadania-e-assistencia-social\/wp-json\/wp\/v2\/types\/page"}],"author":[{"embeddable":true,"href":"https:\/\/www.pmpf.rs.gov.br\/secretaria-de-cidadania-e-assistencia-social\/wp-json\/wp\/v2\/users\/1"}],"replies":[{"embeddable":true,"href":"https:\/\/www.pmpf.rs.gov.br\/secretaria-de-cidadania-e-assistencia-social\/wp-json\/wp\/v2\/comments?post=93"}],"version-history":[{"count":16,"href":"https:\/\/www.pmpf.rs.gov.br\/secretaria-de-cidadania-e-assistencia-social\/wp-json\/wp\/v2\/pages\/93\/revisions"}],"predecessor-version":[{"id":1305,"href":"https:\/\/www.pmpf.rs.gov.br\/secretaria-de-cidadania-e-assistencia-social\/wp-json\/wp\/v2\/pages\/93\/revisions\/1305"}],"wp:attachment":[{"href":"https:\/\/www.pmpf.rs.gov.br\/secretaria-de-cidadania-e-assistencia-social\/wp-json\/wp\/v2\/media?parent=93"}],"curies":[{"name":"wp","href":"https:\/\/api.w.org\/{rel}","templated":true}]}}