{"id":86,"date":"2021-11-16T14:27:57","date_gmt":"2021-11-16T17:27:57","guid":{"rendered":"https:\/\/www.pmpf.rs.gov.br\/secretaria-de-cidadania-e-assistencia-social\/?page_id=86"},"modified":"2023-03-29T15:54:29","modified_gmt":"2023-03-29T18:54:29","slug":"conselho-tutelar","status":"publish","type":"page","link":"https:\/\/www.pmpf.rs.gov.br\/secretaria-de-cidadania-e-assistencia-social\/conselho-tutelar\/","title":{"rendered":"Conselho Tutelar"},"content":{"rendered":"\n<h2 class=\"wp-block-heading\">Tem como miss\u00e3o garantir medidas de prote\u00e7\u00e3o previstas no estatuto da Crian\u00e7a e ao Adolescente.<\/h2>\n\n\n\n<p>O Conselho Tutelar de Passo Fundo atende diretamente a comunidade, atuando nas provid\u00eancias, em nome da Constitui\u00e7\u00e3o e do Estatuto, para que cessem a amea\u00e7a ou a viola\u00e7\u00e3o de direitos da crian\u00e7a e do adolescente. O Conselho Tutelar tem poderes (\u00e9 uma autoridade p\u00fablica municipal, para aplicar as medidas a cada caso).<\/p>\n\n\n\n<p>As a\u00e7\u00f5es podem ser classificadas como:<br><br>&#8211; Encaminhamento aos pais ou respons\u00e1veis, mediante termo de responsabilidade;<br>&#8211; Orienta\u00e7\u00e3o, apoio e acompanhamento;<br>&#8211; Matr\u00edcula e frequ\u00eancia obrigat\u00f3ria em estabelecimento de ensino fundamental;<br>&#8211; Inclus\u00e3o em programa comunit\u00e1rio ou oficial de aux\u00edlio \u00e0 fam\u00edlia, \u00e0 crian\u00e7a e ao adolescente;<br>&#8211; Requisi\u00e7\u00e3o de tratamento m\u00e9dico, psicol\u00f3gico ou psiqui\u00e1trico em regime hospitalar ou ambulatorial;<br>&#8211; Inclus\u00e3o em programa oficial ou comunit\u00e1rio de aux\u00edlio, orienta\u00e7\u00e3o e tratamento a alco\u00f3latras e toxic\u00f4manos;<br>&#8211; Acolhimento Institucional.<\/p>\n\n\n\n<p>O Conselho tutelar tem como fun\u00e7\u00e3o atender den\u00fancias, reclama\u00e7\u00f5es, reivindica\u00e7\u00f5es e solicita\u00e7\u00f5es feitas pelas crian\u00e7as, adolescentes, fam\u00edlias, comunidades e cidad\u00e3os.<\/p>\n\n\n\n<p>O trabalho \u00e9 realizado quando o Estado e a sociedade, por qualquer motivo, n\u00e3o asseguram os direitos fundamentais das crian\u00e7as e dos adolescentes (ECA, art.4) ou quando da oferta da&nbsp; prote\u00e7\u00e3o aos direitos infanto-juvenis o fa\u00e7am de forma incompleta ou irregular.<\/p>\n\n\n\n<p>O Conselho Tutelar deve agir sempre que os direitos da crian\u00e7a e do adolescente forem amea\u00e7ados ou violados pela pr\u00f3pria sociedade, pelo estado, pelos pais, respons\u00e1veis ou em raz\u00e3o de sua pr\u00f3pria conduta.<\/p>\n\n\n\n<p>Esta a\u00e7\u00e3o se torna concreta por meio do atendimento dos casos em que as crian\u00e7as e os adolescentes s\u00e3o v\u00edtimas de neglig\u00eancia, discrimina\u00e7\u00e3o, explora\u00e7\u00e3o, viol\u00eancia, crueldade e opress\u00e3o.<\/p>\n\n\n\n<p>Na maioria dos casos, o Conselho Tutelar vai ser provocado, chamado a agir por meio de uma den\u00fancia. Outras vezes, o Conselho, sintonizado com os problemas da comunidade onde atua, vai antecipar A den\u00fancia &#8211; o que faz uma enorme diferen\u00e7a para as crian\u00e7as e adolescentes.<\/p>\n\n\n\n<p>A atua\u00e7\u00e3o ocorre tamb\u00e9m quando&nbsp; os pais ou respons\u00e1veis (tutor, guardi\u00e3o, dirigente de entidade) deixam de assistir, criar e educar suas crian\u00e7as e adolescentes, seja por agirem nesse sentido ou por deixarem de agir quando deviam.<\/p>\n\n\n\n<p>Quando crian\u00e7as e adolescentes se encontram em condi\u00e7\u00f5es, por iniciativa pr\u00f3pria ou envolvimento com terceiros, de amea\u00e7a ou viola\u00e7\u00e3o dos deveres e direitos de sua cidadania ou da cidadania alheia o Conselho Tutelar deve ser acionado.<\/p>\n\n\n\n<p>As atribui\u00e7\u00f5es espec\u00edficas do Conselho Tutelar est\u00e3o no Estatuto da Crian\u00e7a e do Adolescente (arts. 95 e 136), onde est\u00e3o descritos os itens:<br><br>&#8211; Atender crian\u00e7as e adolescentes e aplicar medidas de prote\u00e7\u00e3o;<br>&#8211; Atender e aconselhar os pais ou respons\u00e1veis e aplicar medidas revistas no ECA, art.129, incisos I a VII;<br>&#8211; Promover a execu\u00e7\u00e3o de suas decis\u00f5es;<br>&#8211; Encaminhar ao Minist\u00e9rio P\u00fablico not\u00edcia de fato que constitua infra\u00e7\u00e3o administrativa ou penal contra os direitos da crian\u00e7a e do adolescente;<br>&#8211; Encaminhar \u00e0 autoridade judici\u00e1ria os casos de sua compet\u00eancia;<br>&#8211; Tomar provid\u00eancias para que sejam cumpridas as medidas de prote\u00e7\u00e3o aplicadas pela justi\u00e7a a adolescentes infratores (ECA, art. 101, incisos I a IV);<br>&#8211; Expedir notifica\u00e7\u00f5es;<br>&#8211; Requisitar certid\u00f5es de nascimento e de \u00f3bito de crian\u00e7as ou adolescentes;<br>&#8211; Assessorar o poder executivo local na elabora\u00e7\u00e3o da proposta or\u00e7ament\u00e1ria para planos e programas de atendimento dos direitos da crian\u00e7a e do adolescente;<br>&#8211; Representar, em nome da pessoa e da fam\u00edlia, contra a viola\u00e7\u00e3o dos direitos revistos no artigo 220, S3\u00ba, inciso II, da constitui\u00e7\u00e3o federal;<br>&#8211; Representar, ao Minist\u00e9rio P\u00fablico, para efeito de a\u00e7\u00f5es de perda ou suspens\u00e3o de poder familiar;<br>&#8211; Fiscalizar as entidades de atendimento.<\/p>\n\n\n\n<p>Cada Conselho Tutelar \u00e9 formado por cinco membros escolhidos pela comunidade local para um mandato de quatro anos.<\/p>\n\n\n\n<p><em><u>Contato<\/u><\/em><br><br><strong>Endere\u00e7o:<\/strong>&nbsp;Rua Moron, 2624 &#8211; Boqueir\u00e3o<br><strong>Fone:<\/strong>&nbsp;(54)3317-1636 \/ (54)3312-3699 \/ (54)3312-1588<br><strong>Hor\u00e1rio de Atendimento ao P\u00fablico:<\/strong>&nbsp;8h &#8211; 12h e 13h30min &#8211; 17h30min<br><strong>Atendimento 24h Microregi\u00e3o I:<\/strong>&nbsp;\ufeff&nbsp;(54) 9998.1051&nbsp;<strong>\ufeff&nbsp;E-mail:<\/strong>&nbsp;<a href=\"mailto:conselhomicro1@pmpf.rs.gov.br\">\ufeffconselhomicro1@pmpf.rs.gov.br<\/a><br><strong>Atendimento 24h Microregi\u00e3o II:<\/strong>&nbsp;(54) 99975.9309&nbsp;<strong>E-mail:<\/strong>&nbsp;<a href=\"mailto:conselhomicro2@pmpf.rs.gov.br\">conselhomicro2@pmpf.rs.gov.br<\/a><\/p>\n","protected":false},"excerpt":{"rendered":"<p>Tem como miss\u00e3o garantir medidas de prote\u00e7\u00e3o previstas no estatuto da Crian\u00e7a e ao Adolescente. O Conselho Tutelar de Passo Fundo atende diretamente a comunidade, atuando nas provid\u00eancias, em nome da Constitui\u00e7\u00e3o [&hellip;]<\/p>\n","protected":false},"author":1,"featured_media":0,"parent":0,"menu_order":0,"comment_status":"closed","ping_status":"closed","template":"","meta":{"footnotes":""},"class_list":["post-86","page","type-page","status-publish","hentry"],"yoast_head":"<!-- This site is optimized with the Yoast SEO plugin v23.8 - https:\/\/yoast.com\/wordpress\/plugins\/seo\/ -->\n<title>Conselho Tutelar - Secretaria de Cidadania e Assist\u00eancia Social<\/title>\n<meta name=\"robots\" content=\"index, follow, max-snippet:-1, max-image-preview:large, max-video-preview:-1\" \/>\n<link rel=\"canonical\" href=\"https:\/\/www.pmpf.rs.gov.br\/secretaria-de-cidadania-e-assistencia-social\/conselho-tutelar\/\" \/>\n<meta property=\"og:locale\" content=\"pt_BR\" \/>\n<meta property=\"og:type\" content=\"article\" \/>\n<meta property=\"og:title\" content=\"Conselho Tutelar - Secretaria de Cidadania e Assist\u00eancia Social\" \/>\n<meta property=\"og:description\" content=\"Tem como miss\u00e3o garantir medidas de prote\u00e7\u00e3o previstas no estatuto da Crian\u00e7a e ao Adolescente. O Conselho Tutelar de Passo Fundo atende diretamente a comunidade, atuando nas provid\u00eancias, em nome da Constitui\u00e7\u00e3o [&hellip;]\" \/>\n<meta property=\"og:url\" content=\"https:\/\/www.pmpf.rs.gov.br\/secretaria-de-cidadania-e-assistencia-social\/conselho-tutelar\/\" \/>\n<meta property=\"og:site_name\" content=\"Secretaria de Cidadania e Assist\u00eancia Social\" \/>\n<meta property=\"article:modified_time\" content=\"2023-03-29T18:54:29+00:00\" \/>\n<meta name=\"twitter:card\" content=\"summary_large_image\" \/>\n<meta name=\"twitter:label1\" content=\"Est. tempo de leitura\" \/>\n\t<meta name=\"twitter:data1\" content=\"4 minutos\" \/>\n<script type=\"application\/ld+json\" class=\"yoast-schema-graph\">{\"@context\":\"https:\/\/schema.org\",\"@graph\":[{\"@type\":\"WebPage\",\"@id\":\"https:\/\/www.pmpf.rs.gov.br\/secretaria-de-cidadania-e-assistencia-social\/conselho-tutelar\/\",\"url\":\"https:\/\/www.pmpf.rs.gov.br\/secretaria-de-cidadania-e-assistencia-social\/conselho-tutelar\/\",\"name\":\"Conselho Tutelar - Secretaria de Cidadania e Assist\u00eancia Social\",\"isPartOf\":{\"@id\":\"https:\/\/www.pmpf.rs.gov.br\/secretaria-de-cidadania-e-assistencia-social\/#website\"},\"datePublished\":\"2021-11-16T17:27:57+00:00\",\"dateModified\":\"2023-03-29T18:54:29+00:00\",\"inLanguage\":\"pt-BR\",\"potentialAction\":[{\"@type\":\"ReadAction\",\"target\":[\"https:\/\/www.pmpf.rs.gov.br\/secretaria-de-cidadania-e-assistencia-social\/conselho-tutelar\/\"]}]},{\"@type\":\"WebSite\",\"@id\":\"https:\/\/www.pmpf.rs.gov.br\/secretaria-de-cidadania-e-assistencia-social\/#website\",\"url\":\"https:\/\/www.pmpf.rs.gov.br\/secretaria-de-cidadania-e-assistencia-social\/\",\"name\":\"Secretaria de Cidadania e Assist\u00eancia Social\",\"description\":\"S\u00f3 mais um site Prefeitura de Passo Fundo\",\"potentialAction\":[{\"@type\":\"SearchAction\",\"target\":{\"@type\":\"EntryPoint\",\"urlTemplate\":\"https:\/\/www.pmpf.rs.gov.br\/secretaria-de-cidadania-e-assistencia-social\/?s={search_term_string}\"},\"query-input\":{\"@type\":\"PropertyValueSpecification\",\"valueRequired\":true,\"valueName\":\"search_term_string\"}}],\"inLanguage\":\"pt-BR\"}]}<\/script>\n<!-- \/ Yoast SEO plugin. -->","yoast_head_json":{"title":"Conselho Tutelar - Secretaria de Cidadania e Assist\u00eancia Social","robots":{"index":"index","follow":"follow","max-snippet":"max-snippet:-1","max-image-preview":"max-image-preview:large","max-video-preview":"max-video-preview:-1"},"canonical":"https:\/\/www.pmpf.rs.gov.br\/secretaria-de-cidadania-e-assistencia-social\/conselho-tutelar\/","og_locale":"pt_BR","og_type":"article","og_title":"Conselho Tutelar - Secretaria de Cidadania e Assist\u00eancia Social","og_description":"Tem como miss\u00e3o garantir medidas de prote\u00e7\u00e3o previstas no estatuto da Crian\u00e7a e ao Adolescente. O Conselho Tutelar de Passo Fundo atende diretamente a comunidade, atuando nas provid\u00eancias, em nome da Constitui\u00e7\u00e3o [&hellip;]","og_url":"https:\/\/www.pmpf.rs.gov.br\/secretaria-de-cidadania-e-assistencia-social\/conselho-tutelar\/","og_site_name":"Secretaria de Cidadania e Assist\u00eancia Social","article_modified_time":"2023-03-29T18:54:29+00:00","twitter_card":"summary_large_image","twitter_misc":{"Est. tempo de leitura":"4 minutos"},"schema":{"@context":"https:\/\/schema.org","@graph":[{"@type":"WebPage","@id":"https:\/\/www.pmpf.rs.gov.br\/secretaria-de-cidadania-e-assistencia-social\/conselho-tutelar\/","url":"https:\/\/www.pmpf.rs.gov.br\/secretaria-de-cidadania-e-assistencia-social\/conselho-tutelar\/","name":"Conselho Tutelar - Secretaria de Cidadania e Assist\u00eancia Social","isPartOf":{"@id":"https:\/\/www.pmpf.rs.gov.br\/secretaria-de-cidadania-e-assistencia-social\/#website"},"datePublished":"2021-11-16T17:27:57+00:00","dateModified":"2023-03-29T18:54:29+00:00","inLanguage":"pt-BR","potentialAction":[{"@type":"ReadAction","target":["https:\/\/www.pmpf.rs.gov.br\/secretaria-de-cidadania-e-assistencia-social\/conselho-tutelar\/"]}]},{"@type":"WebSite","@id":"https:\/\/www.pmpf.rs.gov.br\/secretaria-de-cidadania-e-assistencia-social\/#website","url":"https:\/\/www.pmpf.rs.gov.br\/secretaria-de-cidadania-e-assistencia-social\/","name":"Secretaria de Cidadania e Assist\u00eancia Social","description":"S\u00f3 mais um site Prefeitura de Passo Fundo","potentialAction":[{"@type":"SearchAction","target":{"@type":"EntryPoint","urlTemplate":"https:\/\/www.pmpf.rs.gov.br\/secretaria-de-cidadania-e-assistencia-social\/?s={search_term_string}"},"query-input":{"@type":"PropertyValueSpecification","valueRequired":true,"valueName":"search_term_string"}}],"inLanguage":"pt-BR"}]}},"_links":{"self":[{"href":"https:\/\/www.pmpf.rs.gov.br\/secretaria-de-cidadania-e-assistencia-social\/wp-json\/wp\/v2\/pages\/86"}],"collection":[{"href":"https:\/\/www.pmpf.rs.gov.br\/secretaria-de-cidadania-e-assistencia-social\/wp-json\/wp\/v2\/pages"}],"about":[{"href":"https:\/\/www.pmpf.rs.gov.br\/secretaria-de-cidadania-e-assistencia-social\/wp-json\/wp\/v2\/types\/page"}],"author":[{"embeddable":true,"href":"https:\/\/www.pmpf.rs.gov.br\/secretaria-de-cidadania-e-assistencia-social\/wp-json\/wp\/v2\/users\/1"}],"replies":[{"embeddable":true,"href":"https:\/\/www.pmpf.rs.gov.br\/secretaria-de-cidadania-e-assistencia-social\/wp-json\/wp\/v2\/comments?post=86"}],"version-history":[{"count":1,"href":"https:\/\/www.pmpf.rs.gov.br\/secretaria-de-cidadania-e-assistencia-social\/wp-json\/wp\/v2\/pages\/86\/revisions"}],"predecessor-version":[{"id":87,"href":"https:\/\/www.pmpf.rs.gov.br\/secretaria-de-cidadania-e-assistencia-social\/wp-json\/wp\/v2\/pages\/86\/revisions\/87"}],"wp:attachment":[{"href":"https:\/\/www.pmpf.rs.gov.br\/secretaria-de-cidadania-e-assistencia-social\/wp-json\/wp\/v2\/media?parent=86"}],"curies":[{"name":"wp","href":"https:\/\/api.w.org\/{rel}","templated":true}]}}