{"id":76,"date":"2021-11-16T14:24:30","date_gmt":"2021-11-16T17:24:30","guid":{"rendered":"https:\/\/www.pmpf.rs.gov.br\/secretaria-de-cidadania-e-assistencia-social\/?page_id=76"},"modified":"2021-11-16T14:24:31","modified_gmt":"2021-11-16T17:24:31","slug":"unidades-de-acolhimento-para-criancas-e-adolescentes","status":"publish","type":"page","link":"https:\/\/www.pmpf.rs.gov.br\/secretaria-de-cidadania-e-assistencia-social\/unidades-de-acolhimento-para-criancas-e-adolescentes\/","title":{"rendered":"Unidades de acolhimento para Crian\u00e7as e Adolescentes"},"content":{"rendered":"\n<h2 class=\"wp-block-heading\">Unidade de acolhimento Institucional<\/h2>\n\n\n\n<p><strong>Modalidade:<\/strong>&nbsp;Abrigo Institucional<\/p>\n\n\n\n<ul class=\"wp-block-list\"><li>Unidade de Acolhimento Institucional Herbert de Souza;<\/li><li>Unidade de Acolhimento Institucional Roberto Pirovano Zanatta.<\/li><\/ul>\n\n\n\n<p>Acolhimento provis\u00f3rio e excepcional para crian\u00e7as e adolescentes de ambos os sexos, inclusive crian\u00e7as e adolescentes com defici\u00eancia, sob medida de prote\u00e7\u00e3o (Art. 98 do Estatuto da Crian\u00e7a e do Adolescente) e em situa\u00e7\u00e3o de risco pessoal e social, cujas fam\u00edlias ou respons\u00e1veis encontrem-se temporariamente impossibilitados de cumprir sua fun\u00e7\u00e3o de cuidado e prote\u00e7\u00e3o. O acolhimento \u00e9 feito at\u00e9 que seja poss\u00edvel o retorno \u00e0 fam\u00edlia de origem (nuclear ou extensa) ou coloca\u00e7\u00e3o em fam\u00edlia substituta. O servi\u00e7o \u00e9 organizado em conson\u00e2ncia com os princ\u00edpios, diretrizes e orienta\u00e7\u00f5es do Estatuto da Crian\u00e7a e do Adolescente e das \u201cOrienta\u00e7\u00f5es T\u00e9cnicas: Servi\u00e7os de Acolhimento para Crian\u00e7as e Adolescentes\u201d.<\/p>\n\n\n\n<p><strong>Objetivos:<\/strong>&nbsp;Preservar v\u00ednculos com a fam\u00edlia de origem, salvo determina\u00e7\u00e3o judicial em contr\u00e1rio; Desenvolver com os adolescentes condi\u00e7\u00f5es para a independ\u00eancia e o auto-cuidado.<\/p>\n\n\n\n<p><strong>Acesso ao Acolhimento Institucional:<\/strong><br>Por determina\u00e7\u00e3o do Poder Judici\u00e1rio;<br>Por requisi\u00e7\u00e3o do Conselho Tutelar. (Nesse caso, a autoridade competente dever\u00e1 ser comunicada, conforme previsto no Artigo 93 do Estatuto da Crian\u00e7a e do Adolescente).<\/p>\n","protected":false},"excerpt":{"rendered":"<p>Unidade de acolhimento Institucional Modalidade:&nbsp;Abrigo Institucional Unidade de Acolhimento Institucional Herbert de Souza; Unidade de Acolhimento Institucional Roberto Pirovano Zanatta. Acolhimento provis\u00f3rio e excepcional para crian\u00e7as e adolescentes de ambos os sexos, [&hellip;]<\/p>\n","protected":false},"author":1,"featured_media":0,"parent":0,"menu_order":0,"comment_status":"closed","ping_status":"closed","template":"","meta":{"footnotes":""},"class_list":["post-76","page","type-page","status-publish","hentry"],"yoast_head":"<!-- This site is optimized with the Yoast SEO plugin v23.8 - https:\/\/yoast.com\/wordpress\/plugins\/seo\/ -->\n<title>Unidades de acolhimento para Crian\u00e7as e Adolescentes - Secretaria de Cidadania e Assist\u00eancia Social<\/title>\n<meta name=\"robots\" content=\"index, follow, max-snippet:-1, max-image-preview:large, max-video-preview:-1\" \/>\n<link rel=\"canonical\" href=\"https:\/\/www.pmpf.rs.gov.br\/secretaria-de-cidadania-e-assistencia-social\/unidades-de-acolhimento-para-criancas-e-adolescentes\/\" \/>\n<meta property=\"og:locale\" content=\"pt_BR\" \/>\n<meta property=\"og:type\" content=\"article\" \/>\n<meta property=\"og:title\" content=\"Unidades de acolhimento para Crian\u00e7as e Adolescentes - Secretaria de Cidadania e Assist\u00eancia Social\" \/>\n<meta property=\"og:description\" content=\"Unidade de acolhimento Institucional Modalidade:&nbsp;Abrigo Institucional Unidade de Acolhimento Institucional Herbert de Souza; Unidade de Acolhimento Institucional Roberto Pirovano Zanatta. Acolhimento provis\u00f3rio e excepcional para crian\u00e7as e adolescentes de ambos os sexos, [&hellip;]\" \/>\n<meta property=\"og:url\" content=\"https:\/\/www.pmpf.rs.gov.br\/secretaria-de-cidadania-e-assistencia-social\/unidades-de-acolhimento-para-criancas-e-adolescentes\/\" \/>\n<meta property=\"og:site_name\" content=\"Secretaria de Cidadania e Assist\u00eancia Social\" \/>\n<meta property=\"article:modified_time\" content=\"2021-11-16T17:24:31+00:00\" \/>\n<meta name=\"twitter:card\" content=\"summary_large_image\" \/>\n<meta name=\"twitter:label1\" content=\"Est. tempo de leitura\" \/>\n\t<meta name=\"twitter:data1\" content=\"1 minuto\" \/>\n<script type=\"application\/ld+json\" class=\"yoast-schema-graph\">{\"@context\":\"https:\/\/schema.org\",\"@graph\":[{\"@type\":\"WebPage\",\"@id\":\"https:\/\/www.pmpf.rs.gov.br\/secretaria-de-cidadania-e-assistencia-social\/unidades-de-acolhimento-para-criancas-e-adolescentes\/\",\"url\":\"https:\/\/www.pmpf.rs.gov.br\/secretaria-de-cidadania-e-assistencia-social\/unidades-de-acolhimento-para-criancas-e-adolescentes\/\",\"name\":\"Unidades de acolhimento para Crian\u00e7as e Adolescentes - Secretaria de Cidadania e Assist\u00eancia Social\",\"isPartOf\":{\"@id\":\"https:\/\/www.pmpf.rs.gov.br\/secretaria-de-cidadania-e-assistencia-social\/#website\"},\"datePublished\":\"2021-11-16T17:24:30+00:00\",\"dateModified\":\"2021-11-16T17:24:31+00:00\",\"inLanguage\":\"pt-BR\",\"potentialAction\":[{\"@type\":\"ReadAction\",\"target\":[\"https:\/\/www.pmpf.rs.gov.br\/secretaria-de-cidadania-e-assistencia-social\/unidades-de-acolhimento-para-criancas-e-adolescentes\/\"]}]},{\"@type\":\"WebSite\",\"@id\":\"https:\/\/www.pmpf.rs.gov.br\/secretaria-de-cidadania-e-assistencia-social\/#website\",\"url\":\"https:\/\/www.pmpf.rs.gov.br\/secretaria-de-cidadania-e-assistencia-social\/\",\"name\":\"Secretaria de Cidadania e Assist\u00eancia Social\",\"description\":\"S\u00f3 mais um site Prefeitura de Passo Fundo\",\"potentialAction\":[{\"@type\":\"SearchAction\",\"target\":{\"@type\":\"EntryPoint\",\"urlTemplate\":\"https:\/\/www.pmpf.rs.gov.br\/secretaria-de-cidadania-e-assistencia-social\/?s={search_term_string}\"},\"query-input\":{\"@type\":\"PropertyValueSpecification\",\"valueRequired\":true,\"valueName\":\"search_term_string\"}}],\"inLanguage\":\"pt-BR\"}]}<\/script>\n<!-- \/ Yoast SEO plugin. -->","yoast_head_json":{"title":"Unidades de acolhimento para Crian\u00e7as e Adolescentes - Secretaria de Cidadania e Assist\u00eancia Social","robots":{"index":"index","follow":"follow","max-snippet":"max-snippet:-1","max-image-preview":"max-image-preview:large","max-video-preview":"max-video-preview:-1"},"canonical":"https:\/\/www.pmpf.rs.gov.br\/secretaria-de-cidadania-e-assistencia-social\/unidades-de-acolhimento-para-criancas-e-adolescentes\/","og_locale":"pt_BR","og_type":"article","og_title":"Unidades de acolhimento para Crian\u00e7as e Adolescentes - Secretaria de Cidadania e Assist\u00eancia Social","og_description":"Unidade de acolhimento Institucional Modalidade:&nbsp;Abrigo Institucional Unidade de Acolhimento Institucional Herbert de Souza; Unidade de Acolhimento Institucional Roberto Pirovano Zanatta. Acolhimento provis\u00f3rio e excepcional para crian\u00e7as e adolescentes de ambos os sexos, [&hellip;]","og_url":"https:\/\/www.pmpf.rs.gov.br\/secretaria-de-cidadania-e-assistencia-social\/unidades-de-acolhimento-para-criancas-e-adolescentes\/","og_site_name":"Secretaria de Cidadania e Assist\u00eancia Social","article_modified_time":"2021-11-16T17:24:31+00:00","twitter_card":"summary_large_image","twitter_misc":{"Est. tempo de leitura":"1 minuto"},"schema":{"@context":"https:\/\/schema.org","@graph":[{"@type":"WebPage","@id":"https:\/\/www.pmpf.rs.gov.br\/secretaria-de-cidadania-e-assistencia-social\/unidades-de-acolhimento-para-criancas-e-adolescentes\/","url":"https:\/\/www.pmpf.rs.gov.br\/secretaria-de-cidadania-e-assistencia-social\/unidades-de-acolhimento-para-criancas-e-adolescentes\/","name":"Unidades de acolhimento para Crian\u00e7as e Adolescentes - Secretaria de Cidadania e Assist\u00eancia Social","isPartOf":{"@id":"https:\/\/www.pmpf.rs.gov.br\/secretaria-de-cidadania-e-assistencia-social\/#website"},"datePublished":"2021-11-16T17:24:30+00:00","dateModified":"2021-11-16T17:24:31+00:00","inLanguage":"pt-BR","potentialAction":[{"@type":"ReadAction","target":["https:\/\/www.pmpf.rs.gov.br\/secretaria-de-cidadania-e-assistencia-social\/unidades-de-acolhimento-para-criancas-e-adolescentes\/"]}]},{"@type":"WebSite","@id":"https:\/\/www.pmpf.rs.gov.br\/secretaria-de-cidadania-e-assistencia-social\/#website","url":"https:\/\/www.pmpf.rs.gov.br\/secretaria-de-cidadania-e-assistencia-social\/","name":"Secretaria de Cidadania e Assist\u00eancia Social","description":"S\u00f3 mais um site Prefeitura de Passo Fundo","potentialAction":[{"@type":"SearchAction","target":{"@type":"EntryPoint","urlTemplate":"https:\/\/www.pmpf.rs.gov.br\/secretaria-de-cidadania-e-assistencia-social\/?s={search_term_string}"},"query-input":{"@type":"PropertyValueSpecification","valueRequired":true,"valueName":"search_term_string"}}],"inLanguage":"pt-BR"}]}},"_links":{"self":[{"href":"https:\/\/www.pmpf.rs.gov.br\/secretaria-de-cidadania-e-assistencia-social\/wp-json\/wp\/v2\/pages\/76"}],"collection":[{"href":"https:\/\/www.pmpf.rs.gov.br\/secretaria-de-cidadania-e-assistencia-social\/wp-json\/wp\/v2\/pages"}],"about":[{"href":"https:\/\/www.pmpf.rs.gov.br\/secretaria-de-cidadania-e-assistencia-social\/wp-json\/wp\/v2\/types\/page"}],"author":[{"embeddable":true,"href":"https:\/\/www.pmpf.rs.gov.br\/secretaria-de-cidadania-e-assistencia-social\/wp-json\/wp\/v2\/users\/1"}],"replies":[{"embeddable":true,"href":"https:\/\/www.pmpf.rs.gov.br\/secretaria-de-cidadania-e-assistencia-social\/wp-json\/wp\/v2\/comments?post=76"}],"version-history":[{"count":1,"href":"https:\/\/www.pmpf.rs.gov.br\/secretaria-de-cidadania-e-assistencia-social\/wp-json\/wp\/v2\/pages\/76\/revisions"}],"predecessor-version":[{"id":77,"href":"https:\/\/www.pmpf.rs.gov.br\/secretaria-de-cidadania-e-assistencia-social\/wp-json\/wp\/v2\/pages\/76\/revisions\/77"}],"wp:attachment":[{"href":"https:\/\/www.pmpf.rs.gov.br\/secretaria-de-cidadania-e-assistencia-social\/wp-json\/wp\/v2\/media?parent=76"}],"curies":[{"name":"wp","href":"https:\/\/api.w.org\/{rel}","templated":true}]}}