{"id":74,"date":"2021-11-16T14:23:56","date_gmt":"2021-11-16T17:23:56","guid":{"rendered":"https:\/\/www.pmpf.rs.gov.br\/secretaria-de-cidadania-e-assistencia-social\/?page_id=74"},"modified":"2021-11-16T14:23:56","modified_gmt":"2021-11-16T17:23:56","slug":"unidade-de-acolhimento-residencia-inclusiva","status":"publish","type":"page","link":"https:\/\/www.pmpf.rs.gov.br\/secretaria-de-cidadania-e-assistencia-social\/unidade-de-acolhimento-residencia-inclusiva\/","title":{"rendered":"Unidade de Acolhimento resid\u00eancia Inclusiva"},"content":{"rendered":"\n<h2 class=\"wp-block-heading\">Unidade de acolhimento Institucional<\/h2>\n\n\n\n<p><strong>Modalidade:<\/strong>&nbsp;Resid\u00eancia Inclusiva<\/p>\n\n\n\n<p>Acolhimento destinado a jovens e adultos (18 a 59 anos) com defici\u00eancia, cujos v\u00ednculos familiares estejam rompidos ou fragilizados. \u00c9 previsto para jovens e adultos com defici\u00eancia que n\u00e3o disp\u00f5em de condi\u00e7\u00f5es de autossustentabilidade, de retaguarda familiar tempor\u00e1ria ou permanente ou que estejam em processo de desligamento de institui\u00e7\u00f5es de longa perman\u00eancia.<\/p>\n\n\n\n<p><strong>Objetivos:&nbsp;<\/strong>Desenvolver capacidades adaptativas para a vida di\u00e1ria; Promover a conviv\u00eancia mista entre os residentes de diversos graus de depend\u00eancia; Promover o acesso \u00e0 rede de qualifica\u00e7\u00e3o e requalifica\u00e7\u00e3o profissional com vistas \u00e0 inclus\u00e3o produtiva.<\/p>\n\n\n\n<p><strong>Acesso ao servi\u00e7o de acolhimento:<\/strong>&nbsp;Por requisi\u00e7\u00e3o de servi\u00e7os de pol\u00edticas p\u00fablicas setoriais, CREAS, demais servi\u00e7os socioassistenciais.<\/p>\n","protected":false},"excerpt":{"rendered":"<p>Unidade de acolhimento Institucional Modalidade:&nbsp;Resid\u00eancia Inclusiva Acolhimento destinado a jovens e adultos (18 a 59 anos) com defici\u00eancia, cujos v\u00ednculos familiares estejam rompidos ou fragilizados. \u00c9 previsto para jovens e adultos com [&hellip;]<\/p>\n","protected":false},"author":1,"featured_media":0,"parent":0,"menu_order":0,"comment_status":"closed","ping_status":"closed","template":"","meta":{"footnotes":""},"class_list":["post-74","page","type-page","status-publish","hentry"],"yoast_head":"<!-- This site is optimized with the Yoast SEO plugin v23.8 - https:\/\/yoast.com\/wordpress\/plugins\/seo\/ -->\n<title>Unidade de Acolhimento resid\u00eancia Inclusiva - Secretaria de Cidadania e Assist\u00eancia Social<\/title>\n<meta name=\"robots\" content=\"index, follow, max-snippet:-1, max-image-preview:large, max-video-preview:-1\" \/>\n<link rel=\"canonical\" href=\"https:\/\/www.pmpf.rs.gov.br\/secretaria-de-cidadania-e-assistencia-social\/unidade-de-acolhimento-residencia-inclusiva\/\" \/>\n<meta property=\"og:locale\" content=\"pt_BR\" \/>\n<meta property=\"og:type\" content=\"article\" \/>\n<meta property=\"og:title\" content=\"Unidade de Acolhimento resid\u00eancia Inclusiva - Secretaria de Cidadania e Assist\u00eancia Social\" \/>\n<meta property=\"og:description\" content=\"Unidade de acolhimento Institucional Modalidade:&nbsp;Resid\u00eancia Inclusiva Acolhimento destinado a jovens e adultos (18 a 59 anos) com defici\u00eancia, cujos v\u00ednculos familiares estejam rompidos ou fragilizados. \u00c9 previsto para jovens e adultos com [&hellip;]\" \/>\n<meta property=\"og:url\" content=\"https:\/\/www.pmpf.rs.gov.br\/secretaria-de-cidadania-e-assistencia-social\/unidade-de-acolhimento-residencia-inclusiva\/\" \/>\n<meta property=\"og:site_name\" content=\"Secretaria de Cidadania e Assist\u00eancia Social\" \/>\n<meta name=\"twitter:card\" content=\"summary_large_image\" \/>\n<meta name=\"twitter:label1\" content=\"Est. tempo de leitura\" \/>\n\t<meta name=\"twitter:data1\" content=\"1 minuto\" \/>\n<script type=\"application\/ld+json\" class=\"yoast-schema-graph\">{\"@context\":\"https:\/\/schema.org\",\"@graph\":[{\"@type\":\"WebPage\",\"@id\":\"https:\/\/www.pmpf.rs.gov.br\/secretaria-de-cidadania-e-assistencia-social\/unidade-de-acolhimento-residencia-inclusiva\/\",\"url\":\"https:\/\/www.pmpf.rs.gov.br\/secretaria-de-cidadania-e-assistencia-social\/unidade-de-acolhimento-residencia-inclusiva\/\",\"name\":\"Unidade de Acolhimento resid\u00eancia Inclusiva - Secretaria de Cidadania e Assist\u00eancia Social\",\"isPartOf\":{\"@id\":\"https:\/\/www.pmpf.rs.gov.br\/secretaria-de-cidadania-e-assistencia-social\/#website\"},\"datePublished\":\"2021-11-16T17:23:56+00:00\",\"dateModified\":\"2021-11-16T17:23:56+00:00\",\"inLanguage\":\"pt-BR\",\"potentialAction\":[{\"@type\":\"ReadAction\",\"target\":[\"https:\/\/www.pmpf.rs.gov.br\/secretaria-de-cidadania-e-assistencia-social\/unidade-de-acolhimento-residencia-inclusiva\/\"]}]},{\"@type\":\"WebSite\",\"@id\":\"https:\/\/www.pmpf.rs.gov.br\/secretaria-de-cidadania-e-assistencia-social\/#website\",\"url\":\"https:\/\/www.pmpf.rs.gov.br\/secretaria-de-cidadania-e-assistencia-social\/\",\"name\":\"Secretaria de Cidadania e Assist\u00eancia Social\",\"description\":\"S\u00f3 mais um site Prefeitura de Passo Fundo\",\"potentialAction\":[{\"@type\":\"SearchAction\",\"target\":{\"@type\":\"EntryPoint\",\"urlTemplate\":\"https:\/\/www.pmpf.rs.gov.br\/secretaria-de-cidadania-e-assistencia-social\/?s={search_term_string}\"},\"query-input\":{\"@type\":\"PropertyValueSpecification\",\"valueRequired\":true,\"valueName\":\"search_term_string\"}}],\"inLanguage\":\"pt-BR\"}]}<\/script>\n<!-- \/ Yoast SEO plugin. -->","yoast_head_json":{"title":"Unidade de Acolhimento resid\u00eancia Inclusiva - Secretaria de Cidadania e Assist\u00eancia Social","robots":{"index":"index","follow":"follow","max-snippet":"max-snippet:-1","max-image-preview":"max-image-preview:large","max-video-preview":"max-video-preview:-1"},"canonical":"https:\/\/www.pmpf.rs.gov.br\/secretaria-de-cidadania-e-assistencia-social\/unidade-de-acolhimento-residencia-inclusiva\/","og_locale":"pt_BR","og_type":"article","og_title":"Unidade de Acolhimento resid\u00eancia Inclusiva - Secretaria de Cidadania e Assist\u00eancia Social","og_description":"Unidade de acolhimento Institucional Modalidade:&nbsp;Resid\u00eancia Inclusiva Acolhimento destinado a jovens e adultos (18 a 59 anos) com defici\u00eancia, cujos v\u00ednculos familiares estejam rompidos ou fragilizados. \u00c9 previsto para jovens e adultos com [&hellip;]","og_url":"https:\/\/www.pmpf.rs.gov.br\/secretaria-de-cidadania-e-assistencia-social\/unidade-de-acolhimento-residencia-inclusiva\/","og_site_name":"Secretaria de Cidadania e Assist\u00eancia Social","twitter_card":"summary_large_image","twitter_misc":{"Est. tempo de leitura":"1 minuto"},"schema":{"@context":"https:\/\/schema.org","@graph":[{"@type":"WebPage","@id":"https:\/\/www.pmpf.rs.gov.br\/secretaria-de-cidadania-e-assistencia-social\/unidade-de-acolhimento-residencia-inclusiva\/","url":"https:\/\/www.pmpf.rs.gov.br\/secretaria-de-cidadania-e-assistencia-social\/unidade-de-acolhimento-residencia-inclusiva\/","name":"Unidade de Acolhimento resid\u00eancia Inclusiva - Secretaria de Cidadania e Assist\u00eancia Social","isPartOf":{"@id":"https:\/\/www.pmpf.rs.gov.br\/secretaria-de-cidadania-e-assistencia-social\/#website"},"datePublished":"2021-11-16T17:23:56+00:00","dateModified":"2021-11-16T17:23:56+00:00","inLanguage":"pt-BR","potentialAction":[{"@type":"ReadAction","target":["https:\/\/www.pmpf.rs.gov.br\/secretaria-de-cidadania-e-assistencia-social\/unidade-de-acolhimento-residencia-inclusiva\/"]}]},{"@type":"WebSite","@id":"https:\/\/www.pmpf.rs.gov.br\/secretaria-de-cidadania-e-assistencia-social\/#website","url":"https:\/\/www.pmpf.rs.gov.br\/secretaria-de-cidadania-e-assistencia-social\/","name":"Secretaria de Cidadania e Assist\u00eancia Social","description":"S\u00f3 mais um site Prefeitura de Passo Fundo","potentialAction":[{"@type":"SearchAction","target":{"@type":"EntryPoint","urlTemplate":"https:\/\/www.pmpf.rs.gov.br\/secretaria-de-cidadania-e-assistencia-social\/?s={search_term_string}"},"query-input":{"@type":"PropertyValueSpecification","valueRequired":true,"valueName":"search_term_string"}}],"inLanguage":"pt-BR"}]}},"_links":{"self":[{"href":"https:\/\/www.pmpf.rs.gov.br\/secretaria-de-cidadania-e-assistencia-social\/wp-json\/wp\/v2\/pages\/74"}],"collection":[{"href":"https:\/\/www.pmpf.rs.gov.br\/secretaria-de-cidadania-e-assistencia-social\/wp-json\/wp\/v2\/pages"}],"about":[{"href":"https:\/\/www.pmpf.rs.gov.br\/secretaria-de-cidadania-e-assistencia-social\/wp-json\/wp\/v2\/types\/page"}],"author":[{"embeddable":true,"href":"https:\/\/www.pmpf.rs.gov.br\/secretaria-de-cidadania-e-assistencia-social\/wp-json\/wp\/v2\/users\/1"}],"replies":[{"embeddable":true,"href":"https:\/\/www.pmpf.rs.gov.br\/secretaria-de-cidadania-e-assistencia-social\/wp-json\/wp\/v2\/comments?post=74"}],"version-history":[{"count":1,"href":"https:\/\/www.pmpf.rs.gov.br\/secretaria-de-cidadania-e-assistencia-social\/wp-json\/wp\/v2\/pages\/74\/revisions"}],"predecessor-version":[{"id":75,"href":"https:\/\/www.pmpf.rs.gov.br\/secretaria-de-cidadania-e-assistencia-social\/wp-json\/wp\/v2\/pages\/74\/revisions\/75"}],"wp:attachment":[{"href":"https:\/\/www.pmpf.rs.gov.br\/secretaria-de-cidadania-e-assistencia-social\/wp-json\/wp\/v2\/media?parent=74"}],"curies":[{"name":"wp","href":"https:\/\/api.w.org\/{rel}","templated":true}]}}