{"id":72,"date":"2021-11-16T14:23:01","date_gmt":"2021-11-16T17:23:01","guid":{"rendered":"https:\/\/www.pmpf.rs.gov.br\/secretaria-de-cidadania-e-assistencia-social\/?page_id=72"},"modified":"2021-11-16T14:23:02","modified_gmt":"2021-11-16T17:23:02","slug":"unidade-de-acolhimento-para-mulheres-em-situacao-de-violencia","status":"publish","type":"page","link":"https:\/\/www.pmpf.rs.gov.br\/secretaria-de-cidadania-e-assistencia-social\/unidade-de-acolhimento-para-mulheres-em-situacao-de-violencia\/","title":{"rendered":"Unidade de acolhimento para mulheres em situa\u00e7\u00e3o de viol\u00eancia"},"content":{"rendered":"\n<h2 class=\"wp-block-heading\"><em>Maria da Penha<\/em><\/h2>\n\n\n\n<p><strong>Unidade de Acolhimento Institucional Maria da Penha<\/strong>&nbsp;<strong>Modalidade:<\/strong>&nbsp;Abrigo Institucional<br>Acolhimento provis\u00f3rio para mulheres, acompanhadas ou n\u00e3o de seus filhos, em situa\u00e7\u00e3o de risco de morte ou amea\u00e7as em raz\u00e3o da viol\u00eancia dom\u00e9stica e familiar, causadora de les\u00e3o, sofrimento f\u00edsico, sexual, psicol\u00f3gico ou dano moral.<\/p>\n\n\n\n<p><strong>Objetivos:<\/strong><\/p>\n\n\n\n<ul class=\"wp-block-list\"><li>Proteger mulheres e prevenir a continuidade de situa\u00e7\u00f5es de viol\u00eancia;<\/li><li>Propiciar condi\u00e7\u00f5es de seguran\u00e7a f\u00edsica e emocional e o fortalecimento da autoestima;<\/li><li>Identificar situa\u00e7\u00f5es de viol\u00eancia e suas causas e produzir dados para o sistema de vigil\u00e2ncia Socioassistencial;<\/li><li>Possibilitar a constru\u00e7\u00e3o de projetos pessoais visando \u00e0 supera\u00e7\u00e3o da situa\u00e7\u00e3o de viol\u00eancia e o desenvolvimento de capacidades e oportunidades para o desenvolvimento de autonomia pessoal e social;<\/li><li>Promover o acesso \u00e0 rede de qualifica\u00e7\u00e3o e requalifica\u00e7\u00e3o profissional com vistas \u00e0 inclus\u00e3o produtiva.<\/li><\/ul>\n\n\n\n<p><strong>Acesso ao servi\u00e7o de acolhimento:<\/strong>&nbsp;Ap\u00f3s o registro de Boletim de Ocorr\u00eancia Policial.<\/p>\n","protected":false},"excerpt":{"rendered":"<p>Maria da Penha Unidade de Acolhimento Institucional Maria da Penha&nbsp;Modalidade:&nbsp;Abrigo InstitucionalAcolhimento provis\u00f3rio para mulheres, acompanhadas ou n\u00e3o de seus filhos, em situa\u00e7\u00e3o de risco de morte ou amea\u00e7as em raz\u00e3o da viol\u00eancia [&hellip;]<\/p>\n","protected":false},"author":1,"featured_media":0,"parent":0,"menu_order":0,"comment_status":"closed","ping_status":"closed","template":"","meta":{"footnotes":""},"class_list":["post-72","page","type-page","status-publish","hentry"],"yoast_head":"<!-- This site is optimized with the Yoast SEO plugin v23.8 - https:\/\/yoast.com\/wordpress\/plugins\/seo\/ -->\n<title>Unidade de acolhimento para mulheres em situa\u00e7\u00e3o de viol\u00eancia - Secretaria de Cidadania e Assist\u00eancia Social<\/title>\n<meta name=\"robots\" content=\"index, follow, max-snippet:-1, max-image-preview:large, max-video-preview:-1\" \/>\n<link rel=\"canonical\" href=\"https:\/\/www.pmpf.rs.gov.br\/secretaria-de-cidadania-e-assistencia-social\/unidade-de-acolhimento-para-mulheres-em-situacao-de-violencia\/\" \/>\n<meta property=\"og:locale\" content=\"pt_BR\" \/>\n<meta property=\"og:type\" content=\"article\" \/>\n<meta property=\"og:title\" content=\"Unidade de acolhimento para mulheres em situa\u00e7\u00e3o de viol\u00eancia - Secretaria de Cidadania e Assist\u00eancia Social\" \/>\n<meta property=\"og:description\" content=\"Maria da Penha Unidade de Acolhimento Institucional Maria da Penha&nbsp;Modalidade:&nbsp;Abrigo InstitucionalAcolhimento provis\u00f3rio para mulheres, acompanhadas ou n\u00e3o de seus filhos, em situa\u00e7\u00e3o de risco de morte ou amea\u00e7as em raz\u00e3o da viol\u00eancia [&hellip;]\" \/>\n<meta property=\"og:url\" content=\"https:\/\/www.pmpf.rs.gov.br\/secretaria-de-cidadania-e-assistencia-social\/unidade-de-acolhimento-para-mulheres-em-situacao-de-violencia\/\" \/>\n<meta property=\"og:site_name\" content=\"Secretaria de Cidadania e Assist\u00eancia Social\" \/>\n<meta property=\"article:modified_time\" content=\"2021-11-16T17:23:02+00:00\" \/>\n<meta name=\"twitter:card\" content=\"summary_large_image\" \/>\n<meta name=\"twitter:label1\" content=\"Est. tempo de leitura\" \/>\n\t<meta name=\"twitter:data1\" content=\"1 minuto\" \/>\n<script type=\"application\/ld+json\" class=\"yoast-schema-graph\">{\"@context\":\"https:\/\/schema.org\",\"@graph\":[{\"@type\":\"WebPage\",\"@id\":\"https:\/\/www.pmpf.rs.gov.br\/secretaria-de-cidadania-e-assistencia-social\/unidade-de-acolhimento-para-mulheres-em-situacao-de-violencia\/\",\"url\":\"https:\/\/www.pmpf.rs.gov.br\/secretaria-de-cidadania-e-assistencia-social\/unidade-de-acolhimento-para-mulheres-em-situacao-de-violencia\/\",\"name\":\"Unidade de acolhimento para mulheres em situa\u00e7\u00e3o de viol\u00eancia - Secretaria de Cidadania e Assist\u00eancia Social\",\"isPartOf\":{\"@id\":\"https:\/\/www.pmpf.rs.gov.br\/secretaria-de-cidadania-e-assistencia-social\/#website\"},\"datePublished\":\"2021-11-16T17:23:01+00:00\",\"dateModified\":\"2021-11-16T17:23:02+00:00\",\"inLanguage\":\"pt-BR\",\"potentialAction\":[{\"@type\":\"ReadAction\",\"target\":[\"https:\/\/www.pmpf.rs.gov.br\/secretaria-de-cidadania-e-assistencia-social\/unidade-de-acolhimento-para-mulheres-em-situacao-de-violencia\/\"]}]},{\"@type\":\"WebSite\",\"@id\":\"https:\/\/www.pmpf.rs.gov.br\/secretaria-de-cidadania-e-assistencia-social\/#website\",\"url\":\"https:\/\/www.pmpf.rs.gov.br\/secretaria-de-cidadania-e-assistencia-social\/\",\"name\":\"Secretaria de Cidadania e Assist\u00eancia Social\",\"description\":\"S\u00f3 mais um site Prefeitura de Passo Fundo\",\"potentialAction\":[{\"@type\":\"SearchAction\",\"target\":{\"@type\":\"EntryPoint\",\"urlTemplate\":\"https:\/\/www.pmpf.rs.gov.br\/secretaria-de-cidadania-e-assistencia-social\/?s={search_term_string}\"},\"query-input\":{\"@type\":\"PropertyValueSpecification\",\"valueRequired\":true,\"valueName\":\"search_term_string\"}}],\"inLanguage\":\"pt-BR\"}]}<\/script>\n<!-- \/ Yoast SEO plugin. -->","yoast_head_json":{"title":"Unidade de acolhimento para mulheres em situa\u00e7\u00e3o de viol\u00eancia - Secretaria de Cidadania e Assist\u00eancia Social","robots":{"index":"index","follow":"follow","max-snippet":"max-snippet:-1","max-image-preview":"max-image-preview:large","max-video-preview":"max-video-preview:-1"},"canonical":"https:\/\/www.pmpf.rs.gov.br\/secretaria-de-cidadania-e-assistencia-social\/unidade-de-acolhimento-para-mulheres-em-situacao-de-violencia\/","og_locale":"pt_BR","og_type":"article","og_title":"Unidade de acolhimento para mulheres em situa\u00e7\u00e3o de viol\u00eancia - Secretaria de Cidadania e Assist\u00eancia Social","og_description":"Maria da Penha Unidade de Acolhimento Institucional Maria da Penha&nbsp;Modalidade:&nbsp;Abrigo InstitucionalAcolhimento provis\u00f3rio para mulheres, acompanhadas ou n\u00e3o de seus filhos, em situa\u00e7\u00e3o de risco de morte ou amea\u00e7as em raz\u00e3o da viol\u00eancia [&hellip;]","og_url":"https:\/\/www.pmpf.rs.gov.br\/secretaria-de-cidadania-e-assistencia-social\/unidade-de-acolhimento-para-mulheres-em-situacao-de-violencia\/","og_site_name":"Secretaria de Cidadania e Assist\u00eancia Social","article_modified_time":"2021-11-16T17:23:02+00:00","twitter_card":"summary_large_image","twitter_misc":{"Est. tempo de leitura":"1 minuto"},"schema":{"@context":"https:\/\/schema.org","@graph":[{"@type":"WebPage","@id":"https:\/\/www.pmpf.rs.gov.br\/secretaria-de-cidadania-e-assistencia-social\/unidade-de-acolhimento-para-mulheres-em-situacao-de-violencia\/","url":"https:\/\/www.pmpf.rs.gov.br\/secretaria-de-cidadania-e-assistencia-social\/unidade-de-acolhimento-para-mulheres-em-situacao-de-violencia\/","name":"Unidade de acolhimento para mulheres em situa\u00e7\u00e3o de viol\u00eancia - Secretaria de Cidadania e Assist\u00eancia Social","isPartOf":{"@id":"https:\/\/www.pmpf.rs.gov.br\/secretaria-de-cidadania-e-assistencia-social\/#website"},"datePublished":"2021-11-16T17:23:01+00:00","dateModified":"2021-11-16T17:23:02+00:00","inLanguage":"pt-BR","potentialAction":[{"@type":"ReadAction","target":["https:\/\/www.pmpf.rs.gov.br\/secretaria-de-cidadania-e-assistencia-social\/unidade-de-acolhimento-para-mulheres-em-situacao-de-violencia\/"]}]},{"@type":"WebSite","@id":"https:\/\/www.pmpf.rs.gov.br\/secretaria-de-cidadania-e-assistencia-social\/#website","url":"https:\/\/www.pmpf.rs.gov.br\/secretaria-de-cidadania-e-assistencia-social\/","name":"Secretaria de Cidadania e Assist\u00eancia Social","description":"S\u00f3 mais um site Prefeitura de Passo Fundo","potentialAction":[{"@type":"SearchAction","target":{"@type":"EntryPoint","urlTemplate":"https:\/\/www.pmpf.rs.gov.br\/secretaria-de-cidadania-e-assistencia-social\/?s={search_term_string}"},"query-input":{"@type":"PropertyValueSpecification","valueRequired":true,"valueName":"search_term_string"}}],"inLanguage":"pt-BR"}]}},"_links":{"self":[{"href":"https:\/\/www.pmpf.rs.gov.br\/secretaria-de-cidadania-e-assistencia-social\/wp-json\/wp\/v2\/pages\/72"}],"collection":[{"href":"https:\/\/www.pmpf.rs.gov.br\/secretaria-de-cidadania-e-assistencia-social\/wp-json\/wp\/v2\/pages"}],"about":[{"href":"https:\/\/www.pmpf.rs.gov.br\/secretaria-de-cidadania-e-assistencia-social\/wp-json\/wp\/v2\/types\/page"}],"author":[{"embeddable":true,"href":"https:\/\/www.pmpf.rs.gov.br\/secretaria-de-cidadania-e-assistencia-social\/wp-json\/wp\/v2\/users\/1"}],"replies":[{"embeddable":true,"href":"https:\/\/www.pmpf.rs.gov.br\/secretaria-de-cidadania-e-assistencia-social\/wp-json\/wp\/v2\/comments?post=72"}],"version-history":[{"count":1,"href":"https:\/\/www.pmpf.rs.gov.br\/secretaria-de-cidadania-e-assistencia-social\/wp-json\/wp\/v2\/pages\/72\/revisions"}],"predecessor-version":[{"id":73,"href":"https:\/\/www.pmpf.rs.gov.br\/secretaria-de-cidadania-e-assistencia-social\/wp-json\/wp\/v2\/pages\/72\/revisions\/73"}],"wp:attachment":[{"href":"https:\/\/www.pmpf.rs.gov.br\/secretaria-de-cidadania-e-assistencia-social\/wp-json\/wp\/v2\/media?parent=72"}],"curies":[{"name":"wp","href":"https:\/\/api.w.org\/{rel}","templated":true}]}}