{"id":68,"date":"2021-11-16T14:22:16","date_gmt":"2021-11-16T17:22:16","guid":{"rendered":"https:\/\/www.pmpf.rs.gov.br\/secretaria-de-cidadania-e-assistencia-social\/?page_id=68"},"modified":"2022-01-19T15:16:45","modified_gmt":"2022-01-19T18:16:45","slug":"unidade-de-acolhimento-institucional-casa-de-passagem-madre-teresa-de-calcuta","status":"publish","type":"page","link":"https:\/\/www.pmpf.rs.gov.br\/secretaria-de-cidadania-e-assistencia-social\/unidade-de-acolhimento-institucional-casa-de-passagem-madre-teresa-de-calcuta\/","title":{"rendered":"Unidade de Acolhimento Institucional &#8211; Casa de Passagem Madre Teresa de Calcut\u00e1"},"content":{"rendered":"\n<h2 class=\"wp-block-heading\">Antigo Albergue Municipal<\/h2>\n\n\n\n<p>A atual Casa de Passagem Madre Teresa de Calcut\u00e1 foi fundada em dezembro de 1982 com o nome de Albergue Municipal Madre Teresa de Calcut\u00e1, nomenclatura que foi alterada por volta do ano de 2009.<\/p>\n\n\n\n<p>No local busca-se disponibilizar espa\u00e7o de acolhimento destinado \u00e0s fam\u00edlias e\/ou indiv\u00edduos com v\u00ednculos rompidos ou fragilizados a fim de garantir acolhimento provis\u00f3rio. O servi\u00e7o est\u00e1 estabelecido em n\u00edvel de alta complexidade, na Prote\u00e7\u00e3o Social Especial na estrutura do Sistema \u00danico de Assist\u00eancia Social \u2013 SUAS, executado pelo munic\u00edpio de Passo Fundo.<\/p>\n\n\n\n<p>O objetivo da unidade \u00e9 a oferta acolhimento imediato, emergencial e provis\u00f3rio para pessoas adultas de ambos g\u00eaneros (ou fam\u00edlias) em situa\u00e7\u00e3o de rua, desabrigo por abandono, migra\u00e7\u00e3o, aus\u00eancia de resid\u00eancia e\/ou pessoas em tr\u00e2nsito (transeuntes) e sem condi\u00e7\u00f5es de auto sustento. Busca atender as demandas e necessidades de cada sujeito e conta com equipe de refer\u00eancia especializada, composta por assistentes sociais, psic\u00f3logos, coordenadores, recepcionistas, cozinheiros, vigilantes e auxiliares de servi\u00e7os gerais preparados para suprir as necessidades b\u00e1sicas de alimenta\u00e7\u00e3o, higiene, registros administrativos, seguran\u00e7a, orienta\u00e7\u00f5es e encaminhamentos de cada atendido pela unidade.<\/p>\n\n\n\n<p>A disponibiliza\u00e7\u00e3o torna-se importante para as fam\u00edlias e\/ou indiv\u00edduos, no sentido de propiciar um lugar seguro, que os auxilie nas dificuldades pelas quais passam pessoas que est\u00e3o em situa\u00e7\u00e3o de rua ou transeuntes. Este processo se d\u00e1 atrav\u00e9s do acesso aos servi\u00e7os socioassistenciais, visando possibilitar-lhes o entendimento de sua situa\u00e7\u00e3o de vulnerabilidade, buscando estabelecer a\u00e7\u00f5es que possibilitem a supera\u00e7\u00e3o de suas fragilidades.<\/p>\n\n\n\n<p>Os usu\u00e1rios atendidos na unidade em sua maioria s\u00e3o migrantes, que chegam em nossa cidade buscando melhores condi\u00e7\u00f5es de vida, visto que Passo Fundo \u00e9 polo regional refer\u00eancia em diversos setores da economia. Al\u00e9m disso, s\u00e3o atendidas pessoas em situa\u00e7\u00e3o de rua e que muitas vezes apresentam hist\u00f3rias sucessivas de viola\u00e7\u00e3o de direitos decorrentes de discrimina\u00e7\u00e3o e submiss\u00f5es.<\/p>\n\n\n\n<p>A unidade mantida pela Prefeitura de Passo Fundo, tem capacidade para atender 30 pessoas adultas, sendo 20 vagas masculinas e 10 vagas femininas. O acesso ao servi\u00e7o pode ser atrav\u00e9s de demanda espont\u00e2nea ou de encaminhamento da rede de prote\u00e7\u00e3o.<\/p>\n\n\n\n<div class=\"wp-block-buttons is-layout-flex wp-block-buttons-is-layout-flex\">\n<div class=\"wp-block-button has-custom-width wp-block-button__width-25\"><a class=\"wp-block-button__link has-blue-background-color has-background\" href=\"https:\/\/www.pmpf.rs.gov.br\/secretaria-de-cidadania-e-assistencia-social\/wp-content\/uploads\/sites\/24\/2021\/11\/fluxograma_albergue.pdf\" style=\"border-radius:4px\">Fluxograma<\/a><\/div>\n<\/div>\n\n\n\n<p>A Casa de Passagem Madre Teresa de Calcut\u00e1, est\u00e1 localizada na Rua Uruguai, 266 Bairro Petr\u00f3polis, CEP: 99050-030, Passo Fundo, RS.<\/p>\n\n\n\n<p><strong>Contato:<\/strong><br><strong>Telefones:<\/strong>&nbsp;(54) 3314-6180<br><strong>Email:<\/strong>&nbsp;casadepassagempassofundo@pmpf.rs.gov.br<\/p>\n","protected":false},"excerpt":{"rendered":"<p>Antigo Albergue Municipal A atual Casa de Passagem Madre Teresa de Calcut\u00e1 foi fundada em dezembro de 1982 com o nome de Albergue Municipal Madre Teresa de Calcut\u00e1, nomenclatura que foi alterada [&hellip;]<\/p>\n","protected":false},"author":1,"featured_media":0,"parent":0,"menu_order":0,"comment_status":"closed","ping_status":"closed","template":"","meta":{"footnotes":""},"class_list":["post-68","page","type-page","status-publish","hentry"],"yoast_head":"<!-- This site is optimized with the Yoast SEO plugin v23.8 - https:\/\/yoast.com\/wordpress\/plugins\/seo\/ -->\n<title>Unidade de Acolhimento Institucional - Casa de Passagem Madre Teresa de Calcut\u00e1 - Secretaria de Cidadania e Assist\u00eancia Social<\/title>\n<meta name=\"robots\" content=\"index, follow, max-snippet:-1, max-image-preview:large, max-video-preview:-1\" \/>\n<link rel=\"canonical\" href=\"https:\/\/www.pmpf.rs.gov.br\/secretaria-de-cidadania-e-assistencia-social\/unidade-de-acolhimento-institucional-casa-de-passagem-madre-teresa-de-calcuta\/\" \/>\n<meta property=\"og:locale\" content=\"pt_BR\" \/>\n<meta property=\"og:type\" content=\"article\" \/>\n<meta property=\"og:title\" content=\"Unidade de Acolhimento Institucional - Casa de Passagem Madre Teresa de Calcut\u00e1 - Secretaria de Cidadania e Assist\u00eancia Social\" \/>\n<meta property=\"og:description\" content=\"Antigo Albergue Municipal A atual Casa de Passagem Madre Teresa de Calcut\u00e1 foi fundada em dezembro de 1982 com o nome de Albergue Municipal Madre Teresa de Calcut\u00e1, nomenclatura que foi alterada [&hellip;]\" \/>\n<meta property=\"og:url\" content=\"https:\/\/www.pmpf.rs.gov.br\/secretaria-de-cidadania-e-assistencia-social\/unidade-de-acolhimento-institucional-casa-de-passagem-madre-teresa-de-calcuta\/\" \/>\n<meta property=\"og:site_name\" content=\"Secretaria de Cidadania e Assist\u00eancia Social\" \/>\n<meta property=\"article:modified_time\" content=\"2022-01-19T18:16:45+00:00\" \/>\n<meta name=\"twitter:card\" content=\"summary_large_image\" \/>\n<meta name=\"twitter:label1\" content=\"Est. tempo de leitura\" \/>\n\t<meta name=\"twitter:data1\" content=\"3 minutos\" \/>\n<script type=\"application\/ld+json\" class=\"yoast-schema-graph\">{\"@context\":\"https:\/\/schema.org\",\"@graph\":[{\"@type\":\"WebPage\",\"@id\":\"https:\/\/www.pmpf.rs.gov.br\/secretaria-de-cidadania-e-assistencia-social\/unidade-de-acolhimento-institucional-casa-de-passagem-madre-teresa-de-calcuta\/\",\"url\":\"https:\/\/www.pmpf.rs.gov.br\/secretaria-de-cidadania-e-assistencia-social\/unidade-de-acolhimento-institucional-casa-de-passagem-madre-teresa-de-calcuta\/\",\"name\":\"Unidade de Acolhimento Institucional - Casa de Passagem Madre Teresa de Calcut\u00e1 - Secretaria de Cidadania e Assist\u00eancia Social\",\"isPartOf\":{\"@id\":\"https:\/\/www.pmpf.rs.gov.br\/secretaria-de-cidadania-e-assistencia-social\/#website\"},\"datePublished\":\"2021-11-16T17:22:16+00:00\",\"dateModified\":\"2022-01-19T18:16:45+00:00\",\"inLanguage\":\"pt-BR\",\"potentialAction\":[{\"@type\":\"ReadAction\",\"target\":[\"https:\/\/www.pmpf.rs.gov.br\/secretaria-de-cidadania-e-assistencia-social\/unidade-de-acolhimento-institucional-casa-de-passagem-madre-teresa-de-calcuta\/\"]}]},{\"@type\":\"WebSite\",\"@id\":\"https:\/\/www.pmpf.rs.gov.br\/secretaria-de-cidadania-e-assistencia-social\/#website\",\"url\":\"https:\/\/www.pmpf.rs.gov.br\/secretaria-de-cidadania-e-assistencia-social\/\",\"name\":\"Secretaria de Cidadania e Assist\u00eancia Social\",\"description\":\"S\u00f3 mais um site Prefeitura de Passo Fundo\",\"potentialAction\":[{\"@type\":\"SearchAction\",\"target\":{\"@type\":\"EntryPoint\",\"urlTemplate\":\"https:\/\/www.pmpf.rs.gov.br\/secretaria-de-cidadania-e-assistencia-social\/?s={search_term_string}\"},\"query-input\":{\"@type\":\"PropertyValueSpecification\",\"valueRequired\":true,\"valueName\":\"search_term_string\"}}],\"inLanguage\":\"pt-BR\"}]}<\/script>\n<!-- \/ Yoast SEO plugin. -->","yoast_head_json":{"title":"Unidade de Acolhimento Institucional - Casa de Passagem Madre Teresa de Calcut\u00e1 - Secretaria de Cidadania e Assist\u00eancia Social","robots":{"index":"index","follow":"follow","max-snippet":"max-snippet:-1","max-image-preview":"max-image-preview:large","max-video-preview":"max-video-preview:-1"},"canonical":"https:\/\/www.pmpf.rs.gov.br\/secretaria-de-cidadania-e-assistencia-social\/unidade-de-acolhimento-institucional-casa-de-passagem-madre-teresa-de-calcuta\/","og_locale":"pt_BR","og_type":"article","og_title":"Unidade de Acolhimento Institucional - Casa de Passagem Madre Teresa de Calcut\u00e1 - Secretaria de Cidadania e Assist\u00eancia Social","og_description":"Antigo Albergue Municipal A atual Casa de Passagem Madre Teresa de Calcut\u00e1 foi fundada em dezembro de 1982 com o nome de Albergue Municipal Madre Teresa de Calcut\u00e1, nomenclatura que foi alterada [&hellip;]","og_url":"https:\/\/www.pmpf.rs.gov.br\/secretaria-de-cidadania-e-assistencia-social\/unidade-de-acolhimento-institucional-casa-de-passagem-madre-teresa-de-calcuta\/","og_site_name":"Secretaria de Cidadania e Assist\u00eancia Social","article_modified_time":"2022-01-19T18:16:45+00:00","twitter_card":"summary_large_image","twitter_misc":{"Est. tempo de leitura":"3 minutos"},"schema":{"@context":"https:\/\/schema.org","@graph":[{"@type":"WebPage","@id":"https:\/\/www.pmpf.rs.gov.br\/secretaria-de-cidadania-e-assistencia-social\/unidade-de-acolhimento-institucional-casa-de-passagem-madre-teresa-de-calcuta\/","url":"https:\/\/www.pmpf.rs.gov.br\/secretaria-de-cidadania-e-assistencia-social\/unidade-de-acolhimento-institucional-casa-de-passagem-madre-teresa-de-calcuta\/","name":"Unidade de Acolhimento Institucional - Casa de Passagem Madre Teresa de Calcut\u00e1 - Secretaria de Cidadania e Assist\u00eancia Social","isPartOf":{"@id":"https:\/\/www.pmpf.rs.gov.br\/secretaria-de-cidadania-e-assistencia-social\/#website"},"datePublished":"2021-11-16T17:22:16+00:00","dateModified":"2022-01-19T18:16:45+00:00","inLanguage":"pt-BR","potentialAction":[{"@type":"ReadAction","target":["https:\/\/www.pmpf.rs.gov.br\/secretaria-de-cidadania-e-assistencia-social\/unidade-de-acolhimento-institucional-casa-de-passagem-madre-teresa-de-calcuta\/"]}]},{"@type":"WebSite","@id":"https:\/\/www.pmpf.rs.gov.br\/secretaria-de-cidadania-e-assistencia-social\/#website","url":"https:\/\/www.pmpf.rs.gov.br\/secretaria-de-cidadania-e-assistencia-social\/","name":"Secretaria de Cidadania e Assist\u00eancia Social","description":"S\u00f3 mais um site Prefeitura de Passo Fundo","potentialAction":[{"@type":"SearchAction","target":{"@type":"EntryPoint","urlTemplate":"https:\/\/www.pmpf.rs.gov.br\/secretaria-de-cidadania-e-assistencia-social\/?s={search_term_string}"},"query-input":{"@type":"PropertyValueSpecification","valueRequired":true,"valueName":"search_term_string"}}],"inLanguage":"pt-BR"}]}},"_links":{"self":[{"href":"https:\/\/www.pmpf.rs.gov.br\/secretaria-de-cidadania-e-assistencia-social\/wp-json\/wp\/v2\/pages\/68"}],"collection":[{"href":"https:\/\/www.pmpf.rs.gov.br\/secretaria-de-cidadania-e-assistencia-social\/wp-json\/wp\/v2\/pages"}],"about":[{"href":"https:\/\/www.pmpf.rs.gov.br\/secretaria-de-cidadania-e-assistencia-social\/wp-json\/wp\/v2\/types\/page"}],"author":[{"embeddable":true,"href":"https:\/\/www.pmpf.rs.gov.br\/secretaria-de-cidadania-e-assistencia-social\/wp-json\/wp\/v2\/users\/1"}],"replies":[{"embeddable":true,"href":"https:\/\/www.pmpf.rs.gov.br\/secretaria-de-cidadania-e-assistencia-social\/wp-json\/wp\/v2\/comments?post=68"}],"version-history":[{"count":3,"href":"https:\/\/www.pmpf.rs.gov.br\/secretaria-de-cidadania-e-assistencia-social\/wp-json\/wp\/v2\/pages\/68\/revisions"}],"predecessor-version":[{"id":1309,"href":"https:\/\/www.pmpf.rs.gov.br\/secretaria-de-cidadania-e-assistencia-social\/wp-json\/wp\/v2\/pages\/68\/revisions\/1309"}],"wp:attachment":[{"href":"https:\/\/www.pmpf.rs.gov.br\/secretaria-de-cidadania-e-assistencia-social\/wp-json\/wp\/v2\/media?parent=68"}],"curies":[{"name":"wp","href":"https:\/\/api.w.org\/{rel}","templated":true}]}}