{"id":66,"date":"2021-11-16T14:19:33","date_gmt":"2021-11-16T17:19:33","guid":{"rendered":"https:\/\/www.pmpf.rs.gov.br\/secretaria-de-cidadania-e-assistencia-social\/?page_id=66"},"modified":"2021-11-16T14:19:34","modified_gmt":"2021-11-16T17:19:34","slug":"servico-de-acolhimento-em-familia-acolhedora","status":"publish","type":"page","link":"https:\/\/www.pmpf.rs.gov.br\/secretaria-de-cidadania-e-assistencia-social\/servico-de-acolhimento-em-familia-acolhedora\/","title":{"rendered":"Servi\u00e7o de Acolhimento em Fam\u00edlia Acolhedora"},"content":{"rendered":"\n<h2 class=\"wp-block-heading\">Institu\u00eddo no munic\u00edpio pela Lei n\u00ba 4844\/2011 e implantado no m\u00eas de outubro\/2013.<\/h2>\n\n\n\n<p>Servi\u00e7o que organiza o acolhimento de crian\u00e7as e adolescentes, afastados da fam\u00edlia por medida de prote\u00e7\u00e3o, em resid\u00eancia de fam\u00edlias acolhedoras cadastradas. \u00c9 previsto at\u00e9 que seja poss\u00edvel o retorno \u00e0 fam\u00edlia de origem ou, na sua impossibilidade, o encaminhamento para ado\u00e7\u00e3o. O servi\u00e7o \u00e9 o respons\u00e1vel por selecionar, capacitar, cadastrar e acompanhar as fam\u00edlias acolhedoras, bem como realizar o acompanhamento da crian\u00e7a e\/ou adolescente acolhido e sua fam\u00edlia de origem.<\/p>\n\n\n\n<p><strong>Objetivos:<\/strong><\/p>\n\n\n\n<ul class=\"wp-block-list\"><li>Promover o acolhimento familiar de crian\u00e7as e adolescentes afastadas temporariamente de sua fam\u00edlia de origem;<\/li><li>Acolher e dispensar cuidados individualizados em ambiente familiar;<\/li><li>Preservar v\u00ednculos com a fam\u00edlia de origem, salvo determina\u00e7\u00e3o judicial em contr\u00e1rio;<\/li><li>Possibilitar a conviv\u00eancia comunit\u00e1ria e o acesso \u00e0 rede de pol\u00edticas p\u00fablicas;<\/li><li>Apoiar o retorno da crian\u00e7a e do adolescente \u00e0 fam\u00edlia de origem.<\/li><\/ul>\n\n\n\n<p><strong>Acesso ao Servi\u00e7o de Acolhimento em Fam\u00edlia Acolhedora:<\/strong>&nbsp;Por determina\u00e7\u00e3o do Poder Judici\u00e1rio.<\/p>\n","protected":false},"excerpt":{"rendered":"<p>Institu\u00eddo no munic\u00edpio pela Lei n\u00ba 4844\/2011 e implantado no m\u00eas de outubro\/2013. Servi\u00e7o que organiza o acolhimento de crian\u00e7as e adolescentes, afastados da fam\u00edlia por medida de prote\u00e7\u00e3o, em resid\u00eancia de [&hellip;]<\/p>\n","protected":false},"author":1,"featured_media":0,"parent":0,"menu_order":0,"comment_status":"closed","ping_status":"closed","template":"","meta":{"footnotes":""},"class_list":["post-66","page","type-page","status-publish","hentry"],"yoast_head":"<!-- This site is optimized with the Yoast SEO plugin v23.8 - https:\/\/yoast.com\/wordpress\/plugins\/seo\/ -->\n<title>Servi\u00e7o de Acolhimento em Fam\u00edlia Acolhedora - Secretaria de Cidadania e Assist\u00eancia Social<\/title>\n<meta name=\"robots\" content=\"index, follow, max-snippet:-1, max-image-preview:large, max-video-preview:-1\" \/>\n<link rel=\"canonical\" href=\"https:\/\/www.pmpf.rs.gov.br\/secretaria-de-cidadania-e-assistencia-social\/servico-de-acolhimento-em-familia-acolhedora\/\" \/>\n<meta property=\"og:locale\" content=\"pt_BR\" \/>\n<meta property=\"og:type\" content=\"article\" \/>\n<meta property=\"og:title\" content=\"Servi\u00e7o de Acolhimento em Fam\u00edlia Acolhedora - Secretaria de Cidadania e Assist\u00eancia Social\" \/>\n<meta property=\"og:description\" content=\"Institu\u00eddo no munic\u00edpio pela Lei n\u00ba 4844\/2011 e implantado no m\u00eas de outubro\/2013. Servi\u00e7o que organiza o acolhimento de crian\u00e7as e adolescentes, afastados da fam\u00edlia por medida de prote\u00e7\u00e3o, em resid\u00eancia de [&hellip;]\" \/>\n<meta property=\"og:url\" content=\"https:\/\/www.pmpf.rs.gov.br\/secretaria-de-cidadania-e-assistencia-social\/servico-de-acolhimento-em-familia-acolhedora\/\" \/>\n<meta property=\"og:site_name\" content=\"Secretaria de Cidadania e Assist\u00eancia Social\" \/>\n<meta property=\"article:modified_time\" content=\"2021-11-16T17:19:34+00:00\" \/>\n<meta name=\"twitter:card\" content=\"summary_large_image\" \/>\n<meta name=\"twitter:label1\" content=\"Est. tempo de leitura\" \/>\n\t<meta name=\"twitter:data1\" content=\"1 minuto\" \/>\n<script type=\"application\/ld+json\" class=\"yoast-schema-graph\">{\"@context\":\"https:\/\/schema.org\",\"@graph\":[{\"@type\":\"WebPage\",\"@id\":\"https:\/\/www.pmpf.rs.gov.br\/secretaria-de-cidadania-e-assistencia-social\/servico-de-acolhimento-em-familia-acolhedora\/\",\"url\":\"https:\/\/www.pmpf.rs.gov.br\/secretaria-de-cidadania-e-assistencia-social\/servico-de-acolhimento-em-familia-acolhedora\/\",\"name\":\"Servi\u00e7o de Acolhimento em Fam\u00edlia Acolhedora - Secretaria de Cidadania e Assist\u00eancia Social\",\"isPartOf\":{\"@id\":\"https:\/\/www.pmpf.rs.gov.br\/secretaria-de-cidadania-e-assistencia-social\/#website\"},\"datePublished\":\"2021-11-16T17:19:33+00:00\",\"dateModified\":\"2021-11-16T17:19:34+00:00\",\"inLanguage\":\"pt-BR\",\"potentialAction\":[{\"@type\":\"ReadAction\",\"target\":[\"https:\/\/www.pmpf.rs.gov.br\/secretaria-de-cidadania-e-assistencia-social\/servico-de-acolhimento-em-familia-acolhedora\/\"]}]},{\"@type\":\"WebSite\",\"@id\":\"https:\/\/www.pmpf.rs.gov.br\/secretaria-de-cidadania-e-assistencia-social\/#website\",\"url\":\"https:\/\/www.pmpf.rs.gov.br\/secretaria-de-cidadania-e-assistencia-social\/\",\"name\":\"Secretaria de Cidadania e Assist\u00eancia Social\",\"description\":\"S\u00f3 mais um site Prefeitura de Passo Fundo\",\"potentialAction\":[{\"@type\":\"SearchAction\",\"target\":{\"@type\":\"EntryPoint\",\"urlTemplate\":\"https:\/\/www.pmpf.rs.gov.br\/secretaria-de-cidadania-e-assistencia-social\/?s={search_term_string}\"},\"query-input\":{\"@type\":\"PropertyValueSpecification\",\"valueRequired\":true,\"valueName\":\"search_term_string\"}}],\"inLanguage\":\"pt-BR\"}]}<\/script>\n<!-- \/ Yoast SEO plugin. -->","yoast_head_json":{"title":"Servi\u00e7o de Acolhimento em Fam\u00edlia Acolhedora - Secretaria de Cidadania e Assist\u00eancia Social","robots":{"index":"index","follow":"follow","max-snippet":"max-snippet:-1","max-image-preview":"max-image-preview:large","max-video-preview":"max-video-preview:-1"},"canonical":"https:\/\/www.pmpf.rs.gov.br\/secretaria-de-cidadania-e-assistencia-social\/servico-de-acolhimento-em-familia-acolhedora\/","og_locale":"pt_BR","og_type":"article","og_title":"Servi\u00e7o de Acolhimento em Fam\u00edlia Acolhedora - Secretaria de Cidadania e Assist\u00eancia Social","og_description":"Institu\u00eddo no munic\u00edpio pela Lei n\u00ba 4844\/2011 e implantado no m\u00eas de outubro\/2013. Servi\u00e7o que organiza o acolhimento de crian\u00e7as e adolescentes, afastados da fam\u00edlia por medida de prote\u00e7\u00e3o, em resid\u00eancia de [&hellip;]","og_url":"https:\/\/www.pmpf.rs.gov.br\/secretaria-de-cidadania-e-assistencia-social\/servico-de-acolhimento-em-familia-acolhedora\/","og_site_name":"Secretaria de Cidadania e Assist\u00eancia Social","article_modified_time":"2021-11-16T17:19:34+00:00","twitter_card":"summary_large_image","twitter_misc":{"Est. tempo de leitura":"1 minuto"},"schema":{"@context":"https:\/\/schema.org","@graph":[{"@type":"WebPage","@id":"https:\/\/www.pmpf.rs.gov.br\/secretaria-de-cidadania-e-assistencia-social\/servico-de-acolhimento-em-familia-acolhedora\/","url":"https:\/\/www.pmpf.rs.gov.br\/secretaria-de-cidadania-e-assistencia-social\/servico-de-acolhimento-em-familia-acolhedora\/","name":"Servi\u00e7o de Acolhimento em Fam\u00edlia Acolhedora - Secretaria de Cidadania e Assist\u00eancia Social","isPartOf":{"@id":"https:\/\/www.pmpf.rs.gov.br\/secretaria-de-cidadania-e-assistencia-social\/#website"},"datePublished":"2021-11-16T17:19:33+00:00","dateModified":"2021-11-16T17:19:34+00:00","inLanguage":"pt-BR","potentialAction":[{"@type":"ReadAction","target":["https:\/\/www.pmpf.rs.gov.br\/secretaria-de-cidadania-e-assistencia-social\/servico-de-acolhimento-em-familia-acolhedora\/"]}]},{"@type":"WebSite","@id":"https:\/\/www.pmpf.rs.gov.br\/secretaria-de-cidadania-e-assistencia-social\/#website","url":"https:\/\/www.pmpf.rs.gov.br\/secretaria-de-cidadania-e-assistencia-social\/","name":"Secretaria de Cidadania e Assist\u00eancia Social","description":"S\u00f3 mais um site Prefeitura de Passo Fundo","potentialAction":[{"@type":"SearchAction","target":{"@type":"EntryPoint","urlTemplate":"https:\/\/www.pmpf.rs.gov.br\/secretaria-de-cidadania-e-assistencia-social\/?s={search_term_string}"},"query-input":{"@type":"PropertyValueSpecification","valueRequired":true,"valueName":"search_term_string"}}],"inLanguage":"pt-BR"}]}},"_links":{"self":[{"href":"https:\/\/www.pmpf.rs.gov.br\/secretaria-de-cidadania-e-assistencia-social\/wp-json\/wp\/v2\/pages\/66"}],"collection":[{"href":"https:\/\/www.pmpf.rs.gov.br\/secretaria-de-cidadania-e-assistencia-social\/wp-json\/wp\/v2\/pages"}],"about":[{"href":"https:\/\/www.pmpf.rs.gov.br\/secretaria-de-cidadania-e-assistencia-social\/wp-json\/wp\/v2\/types\/page"}],"author":[{"embeddable":true,"href":"https:\/\/www.pmpf.rs.gov.br\/secretaria-de-cidadania-e-assistencia-social\/wp-json\/wp\/v2\/users\/1"}],"replies":[{"embeddable":true,"href":"https:\/\/www.pmpf.rs.gov.br\/secretaria-de-cidadania-e-assistencia-social\/wp-json\/wp\/v2\/comments?post=66"}],"version-history":[{"count":1,"href":"https:\/\/www.pmpf.rs.gov.br\/secretaria-de-cidadania-e-assistencia-social\/wp-json\/wp\/v2\/pages\/66\/revisions"}],"predecessor-version":[{"id":67,"href":"https:\/\/www.pmpf.rs.gov.br\/secretaria-de-cidadania-e-assistencia-social\/wp-json\/wp\/v2\/pages\/66\/revisions\/67"}],"wp:attachment":[{"href":"https:\/\/www.pmpf.rs.gov.br\/secretaria-de-cidadania-e-assistencia-social\/wp-json\/wp\/v2\/media?parent=66"}],"curies":[{"name":"wp","href":"https:\/\/api.w.org\/{rel}","templated":true}]}}