{"id":63,"date":"2021-11-16T14:18:53","date_gmt":"2021-11-16T17:18:53","guid":{"rendered":"https:\/\/www.pmpf.rs.gov.br\/secretaria-de-cidadania-e-assistencia-social\/?page_id=63"},"modified":"2021-11-16T14:18:55","modified_gmt":"2021-11-16T17:18:55","slug":"projeto-egregora","status":"publish","type":"page","link":"https:\/\/www.pmpf.rs.gov.br\/secretaria-de-cidadania-e-assistencia-social\/projeto-egregora\/","title":{"rendered":"Projeto Egr\u00e9gora"},"content":{"rendered":"\n<h2 class=\"wp-block-heading\">Soma de energias coletivas do bem em torno de um objetivo comum<\/h2>\n\n\n\n<div class=\"wp-block-image\"><figure class=\"alignleft size-full\"><img loading=\"lazy\" decoding=\"async\" width=\"340\" height=\"240\" src=\"https:\/\/www.pmpf.rs.gov.br\/secretaria-de-cidadania-e-assistencia-social\/wp-content\/uploads\/sites\/24\/2021\/11\/I2016-02-16_16_06_28_106220.jpg\" alt=\"\" class=\"wp-image-64\" srcset=\"https:\/\/www.pmpf.rs.gov.br\/secretaria-de-cidadania-e-assistencia-social\/wp-content\/uploads\/sites\/24\/2021\/11\/I2016-02-16_16_06_28_106220.jpg 340w, https:\/\/www.pmpf.rs.gov.br\/secretaria-de-cidadania-e-assistencia-social\/wp-content\/uploads\/sites\/24\/2021\/11\/I2016-02-16_16_06_28_106220-300x212.jpg 300w\" sizes=\"(max-width: 340px) 100vw, 340px\" \/><\/figure><\/div>\n\n\n\n<p>Institu\u00eddo no munic\u00edpio em agosto\/2015, atrav\u00e9s de Termo de Coopera\u00e7\u00e3o entre o Minist\u00e9rio P\u00fablico, Poder Judici\u00e1rio, Poder Executivo, Poder Legislativo, Defensoria P\u00fablica, Conselhos Tutelares, Conselho de Direitos da Crian\u00e7a e do Adolescente \u2013 COMDICA, com a 7\u00aa Coordenadoria Regional de Educa\u00e7\u00e3o e a Associa\u00e7\u00e3o Comercial, Industrial, de Servi\u00e7os e Agroneg\u00f3cio do munic\u00edpio de Passo Fundo, firmaram Termo de Coopera\u00e7\u00e3o no que trata da implementa\u00e7\u00e3o do projeto denominado Egr\u00e9gora.<\/p>\n\n\n\n<p><strong>Objetivo:<\/strong><\/p>\n\n\n\n<p><em>&nbsp;(\u2026) prioritariamente, envolver os diversos segmentos da SOCIEDADE local com as quest\u00f5es que dizem respeito \u00e0 prote\u00e7\u00e3o dos direitos fundamentais de crian\u00e7as e adolescentes em situa\u00e7\u00e3o de viola\u00e7\u00e3o de direitos em, raz\u00e3o da priva\u00e7\u00e3o do conv\u00edvio familiar e da consequente inser\u00e7\u00e3o em Programa Municipal de Acolhimento Institucional ou Familiar do Munic\u00edpio de Passo Fundo, e, paralelamente, refor\u00e7ar as responsabilidades legais das demais Institui\u00e7\u00f5es, Poderes e \u00d3rg\u00e3os Oficiais encarregados da defesa dos direitos da crian\u00e7a e do adolescente. (2015, p. 1)<\/em><\/p>\n\n\n\n<p>Dessa forma, a comunidade poder\u00e1 participar por meio de entidades sociais, empresariais, esportivas, entre outras, al\u00e9m de profissionais liberais e pessoas f\u00edsicas e jur\u00eddicas, mantendo e apoiando os programas municipais de acolhimento institucional e familiar de crian\u00e7as e adolescentes atrav\u00e9s da doa\u00e7\u00e3o de recursos financeiros e materiais; apoiando e orientando os trabalhadores que atuam junto \u00e0s unidades de acolhimento pela realiza\u00e7\u00e3o de cursos, capacita\u00e7\u00f5es, oferta de atendimento psicol\u00f3gico, etc.; ofertando servi\u00e7os nas \u00e1reas de educa\u00e7\u00e3o, sa\u00fade, esporte, lazer, cultura, profissionaliza\u00e7\u00e3o gradual, entre outros.<\/p>\n\n\n\n<p><em>Saiba mais sobre o projeto e como colaborar entrando em contato pelo telefone (54) 3312 30 70 (SEMCAS).<\/em><\/p>\n","protected":false},"excerpt":{"rendered":"<p>Soma de energias coletivas do bem em torno de um objetivo comum Institu\u00eddo no munic\u00edpio em agosto\/2015, atrav\u00e9s de Termo de Coopera\u00e7\u00e3o entre o Minist\u00e9rio P\u00fablico, Poder Judici\u00e1rio, Poder Executivo, Poder Legislativo, [&hellip;]<\/p>\n","protected":false},"author":1,"featured_media":0,"parent":0,"menu_order":0,"comment_status":"closed","ping_status":"closed","template":"","meta":{"footnotes":""},"class_list":["post-63","page","type-page","status-publish","hentry"],"yoast_head":"<!-- This site is optimized with the Yoast SEO plugin v23.8 - https:\/\/yoast.com\/wordpress\/plugins\/seo\/ -->\n<title>Projeto Egr\u00e9gora - Secretaria de Cidadania e Assist\u00eancia Social<\/title>\n<meta name=\"robots\" content=\"index, follow, max-snippet:-1, max-image-preview:large, max-video-preview:-1\" \/>\n<link rel=\"canonical\" href=\"https:\/\/www.pmpf.rs.gov.br\/secretaria-de-cidadania-e-assistencia-social\/projeto-egregora\/\" \/>\n<meta property=\"og:locale\" content=\"pt_BR\" \/>\n<meta property=\"og:type\" content=\"article\" \/>\n<meta property=\"og:title\" content=\"Projeto Egr\u00e9gora - Secretaria de Cidadania e Assist\u00eancia Social\" \/>\n<meta property=\"og:description\" content=\"Soma de energias coletivas do bem em torno de um objetivo comum Institu\u00eddo no munic\u00edpio em agosto\/2015, atrav\u00e9s de Termo de Coopera\u00e7\u00e3o entre o Minist\u00e9rio P\u00fablico, Poder Judici\u00e1rio, Poder Executivo, Poder Legislativo, [&hellip;]\" \/>\n<meta property=\"og:url\" content=\"https:\/\/www.pmpf.rs.gov.br\/secretaria-de-cidadania-e-assistencia-social\/projeto-egregora\/\" \/>\n<meta property=\"og:site_name\" content=\"Secretaria de Cidadania e Assist\u00eancia Social\" \/>\n<meta property=\"article:modified_time\" content=\"2021-11-16T17:18:55+00:00\" \/>\n<meta property=\"og:image\" content=\"https:\/\/www.pmpf.rs.gov.br\/secretaria-de-cidadania-e-assistencia-social\/wp-content\/uploads\/sites\/24\/2021\/11\/I2016-02-16_16_06_28_106220.jpg\" \/>\n<meta name=\"twitter:card\" content=\"summary_large_image\" \/>\n<meta name=\"twitter:label1\" content=\"Est. tempo de leitura\" \/>\n\t<meta name=\"twitter:data1\" content=\"2 minutos\" \/>\n<script type=\"application\/ld+json\" class=\"yoast-schema-graph\">{\"@context\":\"https:\/\/schema.org\",\"@graph\":[{\"@type\":\"WebPage\",\"@id\":\"https:\/\/www.pmpf.rs.gov.br\/secretaria-de-cidadania-e-assistencia-social\/projeto-egregora\/\",\"url\":\"https:\/\/www.pmpf.rs.gov.br\/secretaria-de-cidadania-e-assistencia-social\/projeto-egregora\/\",\"name\":\"Projeto Egr\u00e9gora - Secretaria de Cidadania e Assist\u00eancia Social\",\"isPartOf\":{\"@id\":\"https:\/\/www.pmpf.rs.gov.br\/secretaria-de-cidadania-e-assistencia-social\/#website\"},\"primaryImageOfPage\":{\"@id\":\"https:\/\/www.pmpf.rs.gov.br\/secretaria-de-cidadania-e-assistencia-social\/projeto-egregora\/#primaryimage\"},\"image\":{\"@id\":\"https:\/\/www.pmpf.rs.gov.br\/secretaria-de-cidadania-e-assistencia-social\/projeto-egregora\/#primaryimage\"},\"thumbnailUrl\":\"https:\/\/www.pmpf.rs.gov.br\/secretaria-de-cidadania-e-assistencia-social\/wp-content\/uploads\/sites\/24\/2021\/11\/I2016-02-16_16_06_28_106220.jpg\",\"datePublished\":\"2021-11-16T17:18:53+00:00\",\"dateModified\":\"2021-11-16T17:18:55+00:00\",\"inLanguage\":\"pt-BR\",\"potentialAction\":[{\"@type\":\"ReadAction\",\"target\":[\"https:\/\/www.pmpf.rs.gov.br\/secretaria-de-cidadania-e-assistencia-social\/projeto-egregora\/\"]}]},{\"@type\":\"ImageObject\",\"inLanguage\":\"pt-BR\",\"@id\":\"https:\/\/www.pmpf.rs.gov.br\/secretaria-de-cidadania-e-assistencia-social\/projeto-egregora\/#primaryimage\",\"url\":\"https:\/\/www.pmpf.rs.gov.br\/secretaria-de-cidadania-e-assistencia-social\/wp-content\/uploads\/sites\/24\/2021\/11\/I2016-02-16_16_06_28_106220.jpg\",\"contentUrl\":\"https:\/\/www.pmpf.rs.gov.br\/secretaria-de-cidadania-e-assistencia-social\/wp-content\/uploads\/sites\/24\/2021\/11\/I2016-02-16_16_06_28_106220.jpg\",\"width\":340,\"height\":240},{\"@type\":\"WebSite\",\"@id\":\"https:\/\/www.pmpf.rs.gov.br\/secretaria-de-cidadania-e-assistencia-social\/#website\",\"url\":\"https:\/\/www.pmpf.rs.gov.br\/secretaria-de-cidadania-e-assistencia-social\/\",\"name\":\"Secretaria de Cidadania e Assist\u00eancia Social\",\"description\":\"S\u00f3 mais um site Prefeitura de Passo Fundo\",\"potentialAction\":[{\"@type\":\"SearchAction\",\"target\":{\"@type\":\"EntryPoint\",\"urlTemplate\":\"https:\/\/www.pmpf.rs.gov.br\/secretaria-de-cidadania-e-assistencia-social\/?s={search_term_string}\"},\"query-input\":{\"@type\":\"PropertyValueSpecification\",\"valueRequired\":true,\"valueName\":\"search_term_string\"}}],\"inLanguage\":\"pt-BR\"}]}<\/script>\n<!-- \/ Yoast SEO plugin. -->","yoast_head_json":{"title":"Projeto Egr\u00e9gora - Secretaria de Cidadania e Assist\u00eancia Social","robots":{"index":"index","follow":"follow","max-snippet":"max-snippet:-1","max-image-preview":"max-image-preview:large","max-video-preview":"max-video-preview:-1"},"canonical":"https:\/\/www.pmpf.rs.gov.br\/secretaria-de-cidadania-e-assistencia-social\/projeto-egregora\/","og_locale":"pt_BR","og_type":"article","og_title":"Projeto Egr\u00e9gora - Secretaria de Cidadania e Assist\u00eancia Social","og_description":"Soma de energias coletivas do bem em torno de um objetivo comum Institu\u00eddo no munic\u00edpio em agosto\/2015, atrav\u00e9s de Termo de Coopera\u00e7\u00e3o entre o Minist\u00e9rio P\u00fablico, Poder Judici\u00e1rio, Poder Executivo, Poder Legislativo, [&hellip;]","og_url":"https:\/\/www.pmpf.rs.gov.br\/secretaria-de-cidadania-e-assistencia-social\/projeto-egregora\/","og_site_name":"Secretaria de Cidadania e Assist\u00eancia Social","article_modified_time":"2021-11-16T17:18:55+00:00","og_image":[{"url":"https:\/\/www.pmpf.rs.gov.br\/secretaria-de-cidadania-e-assistencia-social\/wp-content\/uploads\/sites\/24\/2021\/11\/I2016-02-16_16_06_28_106220.jpg"}],"twitter_card":"summary_large_image","twitter_misc":{"Est. tempo de leitura":"2 minutos"},"schema":{"@context":"https:\/\/schema.org","@graph":[{"@type":"WebPage","@id":"https:\/\/www.pmpf.rs.gov.br\/secretaria-de-cidadania-e-assistencia-social\/projeto-egregora\/","url":"https:\/\/www.pmpf.rs.gov.br\/secretaria-de-cidadania-e-assistencia-social\/projeto-egregora\/","name":"Projeto Egr\u00e9gora - Secretaria de Cidadania e Assist\u00eancia Social","isPartOf":{"@id":"https:\/\/www.pmpf.rs.gov.br\/secretaria-de-cidadania-e-assistencia-social\/#website"},"primaryImageOfPage":{"@id":"https:\/\/www.pmpf.rs.gov.br\/secretaria-de-cidadania-e-assistencia-social\/projeto-egregora\/#primaryimage"},"image":{"@id":"https:\/\/www.pmpf.rs.gov.br\/secretaria-de-cidadania-e-assistencia-social\/projeto-egregora\/#primaryimage"},"thumbnailUrl":"https:\/\/www.pmpf.rs.gov.br\/secretaria-de-cidadania-e-assistencia-social\/wp-content\/uploads\/sites\/24\/2021\/11\/I2016-02-16_16_06_28_106220.jpg","datePublished":"2021-11-16T17:18:53+00:00","dateModified":"2021-11-16T17:18:55+00:00","inLanguage":"pt-BR","potentialAction":[{"@type":"ReadAction","target":["https:\/\/www.pmpf.rs.gov.br\/secretaria-de-cidadania-e-assistencia-social\/projeto-egregora\/"]}]},{"@type":"ImageObject","inLanguage":"pt-BR","@id":"https:\/\/www.pmpf.rs.gov.br\/secretaria-de-cidadania-e-assistencia-social\/projeto-egregora\/#primaryimage","url":"https:\/\/www.pmpf.rs.gov.br\/secretaria-de-cidadania-e-assistencia-social\/wp-content\/uploads\/sites\/24\/2021\/11\/I2016-02-16_16_06_28_106220.jpg","contentUrl":"https:\/\/www.pmpf.rs.gov.br\/secretaria-de-cidadania-e-assistencia-social\/wp-content\/uploads\/sites\/24\/2021\/11\/I2016-02-16_16_06_28_106220.jpg","width":340,"height":240},{"@type":"WebSite","@id":"https:\/\/www.pmpf.rs.gov.br\/secretaria-de-cidadania-e-assistencia-social\/#website","url":"https:\/\/www.pmpf.rs.gov.br\/secretaria-de-cidadania-e-assistencia-social\/","name":"Secretaria de Cidadania e Assist\u00eancia Social","description":"S\u00f3 mais um site Prefeitura de Passo Fundo","potentialAction":[{"@type":"SearchAction","target":{"@type":"EntryPoint","urlTemplate":"https:\/\/www.pmpf.rs.gov.br\/secretaria-de-cidadania-e-assistencia-social\/?s={search_term_string}"},"query-input":{"@type":"PropertyValueSpecification","valueRequired":true,"valueName":"search_term_string"}}],"inLanguage":"pt-BR"}]}},"_links":{"self":[{"href":"https:\/\/www.pmpf.rs.gov.br\/secretaria-de-cidadania-e-assistencia-social\/wp-json\/wp\/v2\/pages\/63"}],"collection":[{"href":"https:\/\/www.pmpf.rs.gov.br\/secretaria-de-cidadania-e-assistencia-social\/wp-json\/wp\/v2\/pages"}],"about":[{"href":"https:\/\/www.pmpf.rs.gov.br\/secretaria-de-cidadania-e-assistencia-social\/wp-json\/wp\/v2\/types\/page"}],"author":[{"embeddable":true,"href":"https:\/\/www.pmpf.rs.gov.br\/secretaria-de-cidadania-e-assistencia-social\/wp-json\/wp\/v2\/users\/1"}],"replies":[{"embeddable":true,"href":"https:\/\/www.pmpf.rs.gov.br\/secretaria-de-cidadania-e-assistencia-social\/wp-json\/wp\/v2\/comments?post=63"}],"version-history":[{"count":1,"href":"https:\/\/www.pmpf.rs.gov.br\/secretaria-de-cidadania-e-assistencia-social\/wp-json\/wp\/v2\/pages\/63\/revisions"}],"predecessor-version":[{"id":65,"href":"https:\/\/www.pmpf.rs.gov.br\/secretaria-de-cidadania-e-assistencia-social\/wp-json\/wp\/v2\/pages\/63\/revisions\/65"}],"wp:attachment":[{"href":"https:\/\/www.pmpf.rs.gov.br\/secretaria-de-cidadania-e-assistencia-social\/wp-json\/wp\/v2\/media?parent=63"}],"curies":[{"name":"wp","href":"https:\/\/api.w.org\/{rel}","templated":true}]}}