{"id":56,"date":"2021-11-16T14:15:19","date_gmt":"2021-11-16T17:15:19","guid":{"rendered":"https:\/\/www.pmpf.rs.gov.br\/secretaria-de-cidadania-e-assistencia-social\/?page_id=56"},"modified":"2021-11-16T14:16:30","modified_gmt":"2021-11-16T17:16:30","slug":"programa-de-apadrinhamento-afetivo","status":"publish","type":"page","link":"https:\/\/www.pmpf.rs.gov.br\/secretaria-de-cidadania-e-assistencia-social\/programa-de-apadrinhamento-afetivo\/","title":{"rendered":"Programa de Apadrinhamento Afetivo"},"content":{"rendered":"\n<h2 class=\"wp-block-heading\">Institu\u00eddo atrav\u00e9s de Termo de Coopera\u00e7\u00e3o em mar\u00e7o\/2016.<\/h2>\n\n\n\n<p><em>Institu\u00eddo no munic\u00edpio atrav\u00e9s de Termo de Coopera\u00e7\u00e3o entre o Minist\u00e9rio P\u00fablico, Poder Judici\u00e1rio e Munic\u00edpio de Passo Fundo em mar\u00e7o\/2016.<\/em><\/p>\n\n\n\n<p>O Apadrinhamento Afetivo \u00e9 um programa que oportuniza experi\u00eancias positivas de vida e a constru\u00e7\u00e3o de novos v\u00ednculos afetivos com padrinhos\/madrinhas para crian\u00e7as e adolescentes de 7 a 18 anos de idade, que estejam afastados de suas fam\u00edlias biol\u00f3gicas por meio de medida protetiva de acolhimento institucional. Ter padrinho ou madrinha afetivo possibilita para crian\u00e7a e adolescente uma nova refer\u00eancia social e familiar de cuidado e afeto, por meio da conviv\u00eancia peri\u00f3dica, podendo ser semanal ou quinzenal.<\/p>\n\n\n\n<p><strong>Objetivos do programa<\/strong><\/p>\n\n\n\n<ul class=\"wp-block-list\"><li>Possibilitar a forma\u00e7\u00e3o de v\u00ednculos alternativos com madrinhas e\/ou padrinhos afetivos garantindo o direito \u00e0 conviv\u00eancia e o cuidado em ambiente familiar e comunit\u00e1rio.<\/li><li>Apoiar e contribuir na supera\u00e7\u00e3o da situa\u00e7\u00e3o de viola\u00e7\u00e3o de direitos vivida pelas crian\u00e7as e adolescentes.<\/li><li>Propiciar viv\u00eancias familiares e emocionais saud\u00e1veis.<\/li><li>Auxiliar no desenvolvimento intelectual e cultural.<\/li><\/ul>\n\n\n\n<p><strong>Quem pode ser padrinho ou madrinha?<\/strong><\/p>\n\n\n\n<ul class=\"wp-block-list\"><li>Pessoas que tenham interesse e disponibilidade em oferecer cuidado e afeto para a crian\u00e7a ou adolescente afilhado no m\u00ednimo duas vezes por m\u00eas.<\/li><li>Tenham idade m\u00ednima de 18 anos e, respeitando a diferen\u00e7a de 16 anos entre a crian\u00e7a ou adolescente apadrinhado e o adulto respons\u00e1vel;<\/li><li>N\u00e3o estejam inscritas no cadastro nacional de ado\u00e7\u00e3o;<\/li><li>Apresentem ambiente familiar adequado e receptivo ao apadrinhamento;<\/li><li>Residam no munic\u00edpio de Passo Fundo;<\/li><li>Apresentem boas condi\u00e7\u00f5es de sa\u00fade f\u00edsica e mental;<\/li><li>Possuam bons antecedentes.<\/li><\/ul>\n\n\n\n<p><strong>Qual o papel do padrinho ou madrinha afetivos?<\/strong><br>Ter a corresponsabilidade de cuidado e prote\u00e7\u00e3o da crian\u00e7a ou adolescente apadrinhado, auxiliando na minimiza\u00e7\u00e3o do impacto de viv\u00eancias traum\u00e1ticas, oportunizando experi\u00eancias positivas e reparadoras. Para adolescentes, especialmente a partir dos 16 anos, o padrinho\/madrinha afetivo tem um papel fundamental em contribuir na prepara\u00e7\u00e3o para a vida adulta. Importante! Caso seja selecionado, o padrinho\/madrinha afetivo ser\u00e1 devidamente preparado para apadrinhar a crian\u00e7a ou adolescente, sendo acompanhado pela equipe t\u00e9cnica do programa durante o apadrinhamento. O fundamental \u00e9 ter disponibilidade afetiva e emocional!<\/p>\n\n\n\n<p><strong>Quanto tempo dura o apadrinhamento afetivo?<\/strong><br>N\u00e3o h\u00e1 um tempo pr\u00e9-determinado, a ideia \u00e9 que o padrinho\/madrinha afetivo possam apadrinhar a crian\u00e7a e\/ou adolescente at\u00e9 quando for necess\u00e1rio.<\/p>\n\n\n\n<p><strong>Como ser um padrinho ou madrinha afetivo?<\/strong><br>Voc\u00ea precisa entrar em contato com o Programa de Apadrinhamento Afetivo pelo telefone (54) 3312-3070, ou enviar e-mail para semcas@pmpf.rs.gov.br manifestando o seu interesse. Assim, os respons\u00e1veis pelo programa agendar\u00e3o um atendimento para orienta\u00e7\u00f5es e esclarecimento de d\u00favidas. Caso voc\u00ea decida apadrinhar uma crian\u00e7a ou adolescente precisar\u00e1 preencher uma ficha de inscri\u00e7\u00e3o, trazer a documenta\u00e7\u00e3o necess\u00e1ria e passar por uma avalia\u00e7\u00e3o da equipe t\u00e9cnica.<\/p>\n\n\n\n<p><strong>Documentos necess\u00e1rios<\/strong><br>Documentos pessoais dos respons\u00e1veis: RG e CPF (Em se tratando de casal, a documenta\u00e7\u00e3o dos c\u00f4njuges deve ser completa, visto que o Termo de Responsabilidade Especial ser\u00e1 expedido em nome de ambos.)<br>Comprovante de resid\u00eancia<br>Certid\u00e3o negativa de antecedentes criminais: Judicial (site tjrs) e Policial Atestado de sa\u00fade f\u00edsica e mental.<br>Participa\u00e7\u00e3o nas Oficinas de Apadrinhamento Afetivo.<\/p>\n\n\n\n<p><strong>Contato:<\/strong><br><strong>Telefone:<\/strong>&nbsp;(54) 3312-3070<br><strong>E-mail:<\/strong>&nbsp;semcas@pmpf.rs.gov.br<\/p>\n","protected":false},"excerpt":{"rendered":"<p>Institu\u00eddo atrav\u00e9s de Termo de Coopera\u00e7\u00e3o em mar\u00e7o\/2016. Institu\u00eddo no munic\u00edpio atrav\u00e9s de Termo de Coopera\u00e7\u00e3o entre o Minist\u00e9rio P\u00fablico, Poder Judici\u00e1rio e Munic\u00edpio de Passo Fundo em mar\u00e7o\/2016. O Apadrinhamento Afetivo [&hellip;]<\/p>\n","protected":false},"author":1,"featured_media":0,"parent":0,"menu_order":0,"comment_status":"closed","ping_status":"closed","template":"","meta":{"footnotes":""},"class_list":["post-56","page","type-page","status-publish","hentry"],"yoast_head":"<!-- This site is optimized with the Yoast SEO plugin v23.8 - https:\/\/yoast.com\/wordpress\/plugins\/seo\/ -->\n<title>Programa de Apadrinhamento Afetivo - Secretaria de Cidadania e Assist\u00eancia Social<\/title>\n<meta name=\"robots\" content=\"index, follow, max-snippet:-1, max-image-preview:large, max-video-preview:-1\" \/>\n<link rel=\"canonical\" href=\"https:\/\/www.pmpf.rs.gov.br\/secretaria-de-cidadania-e-assistencia-social\/programa-de-apadrinhamento-afetivo\/\" \/>\n<meta property=\"og:locale\" content=\"pt_BR\" \/>\n<meta property=\"og:type\" content=\"article\" \/>\n<meta property=\"og:title\" content=\"Programa de Apadrinhamento Afetivo - Secretaria de Cidadania e Assist\u00eancia Social\" \/>\n<meta property=\"og:description\" content=\"Institu\u00eddo atrav\u00e9s de Termo de Coopera\u00e7\u00e3o em mar\u00e7o\/2016. Institu\u00eddo no munic\u00edpio atrav\u00e9s de Termo de Coopera\u00e7\u00e3o entre o Minist\u00e9rio P\u00fablico, Poder Judici\u00e1rio e Munic\u00edpio de Passo Fundo em mar\u00e7o\/2016. O Apadrinhamento Afetivo [&hellip;]\" \/>\n<meta property=\"og:url\" content=\"https:\/\/www.pmpf.rs.gov.br\/secretaria-de-cidadania-e-assistencia-social\/programa-de-apadrinhamento-afetivo\/\" \/>\n<meta property=\"og:site_name\" content=\"Secretaria de Cidadania e Assist\u00eancia Social\" \/>\n<meta property=\"article:modified_time\" content=\"2021-11-16T17:16:30+00:00\" \/>\n<meta name=\"twitter:card\" content=\"summary_large_image\" \/>\n<meta name=\"twitter:label1\" content=\"Est. tempo de leitura\" \/>\n\t<meta name=\"twitter:data1\" content=\"3 minutos\" \/>\n<script type=\"application\/ld+json\" class=\"yoast-schema-graph\">{\"@context\":\"https:\/\/schema.org\",\"@graph\":[{\"@type\":\"WebPage\",\"@id\":\"https:\/\/www.pmpf.rs.gov.br\/secretaria-de-cidadania-e-assistencia-social\/programa-de-apadrinhamento-afetivo\/\",\"url\":\"https:\/\/www.pmpf.rs.gov.br\/secretaria-de-cidadania-e-assistencia-social\/programa-de-apadrinhamento-afetivo\/\",\"name\":\"Programa de Apadrinhamento Afetivo - Secretaria de Cidadania e Assist\u00eancia Social\",\"isPartOf\":{\"@id\":\"https:\/\/www.pmpf.rs.gov.br\/secretaria-de-cidadania-e-assistencia-social\/#website\"},\"datePublished\":\"2021-11-16T17:15:19+00:00\",\"dateModified\":\"2021-11-16T17:16:30+00:00\",\"inLanguage\":\"pt-BR\",\"potentialAction\":[{\"@type\":\"ReadAction\",\"target\":[\"https:\/\/www.pmpf.rs.gov.br\/secretaria-de-cidadania-e-assistencia-social\/programa-de-apadrinhamento-afetivo\/\"]}]},{\"@type\":\"WebSite\",\"@id\":\"https:\/\/www.pmpf.rs.gov.br\/secretaria-de-cidadania-e-assistencia-social\/#website\",\"url\":\"https:\/\/www.pmpf.rs.gov.br\/secretaria-de-cidadania-e-assistencia-social\/\",\"name\":\"Secretaria de Cidadania e Assist\u00eancia Social\",\"description\":\"S\u00f3 mais um site Prefeitura de Passo Fundo\",\"potentialAction\":[{\"@type\":\"SearchAction\",\"target\":{\"@type\":\"EntryPoint\",\"urlTemplate\":\"https:\/\/www.pmpf.rs.gov.br\/secretaria-de-cidadania-e-assistencia-social\/?s={search_term_string}\"},\"query-input\":{\"@type\":\"PropertyValueSpecification\",\"valueRequired\":true,\"valueName\":\"search_term_string\"}}],\"inLanguage\":\"pt-BR\"}]}<\/script>\n<!-- \/ Yoast SEO plugin. -->","yoast_head_json":{"title":"Programa de Apadrinhamento Afetivo - Secretaria de Cidadania e Assist\u00eancia Social","robots":{"index":"index","follow":"follow","max-snippet":"max-snippet:-1","max-image-preview":"max-image-preview:large","max-video-preview":"max-video-preview:-1"},"canonical":"https:\/\/www.pmpf.rs.gov.br\/secretaria-de-cidadania-e-assistencia-social\/programa-de-apadrinhamento-afetivo\/","og_locale":"pt_BR","og_type":"article","og_title":"Programa de Apadrinhamento Afetivo - Secretaria de Cidadania e Assist\u00eancia Social","og_description":"Institu\u00eddo atrav\u00e9s de Termo de Coopera\u00e7\u00e3o em mar\u00e7o\/2016. Institu\u00eddo no munic\u00edpio atrav\u00e9s de Termo de Coopera\u00e7\u00e3o entre o Minist\u00e9rio P\u00fablico, Poder Judici\u00e1rio e Munic\u00edpio de Passo Fundo em mar\u00e7o\/2016. O Apadrinhamento Afetivo [&hellip;]","og_url":"https:\/\/www.pmpf.rs.gov.br\/secretaria-de-cidadania-e-assistencia-social\/programa-de-apadrinhamento-afetivo\/","og_site_name":"Secretaria de Cidadania e Assist\u00eancia Social","article_modified_time":"2021-11-16T17:16:30+00:00","twitter_card":"summary_large_image","twitter_misc":{"Est. tempo de leitura":"3 minutos"},"schema":{"@context":"https:\/\/schema.org","@graph":[{"@type":"WebPage","@id":"https:\/\/www.pmpf.rs.gov.br\/secretaria-de-cidadania-e-assistencia-social\/programa-de-apadrinhamento-afetivo\/","url":"https:\/\/www.pmpf.rs.gov.br\/secretaria-de-cidadania-e-assistencia-social\/programa-de-apadrinhamento-afetivo\/","name":"Programa de Apadrinhamento Afetivo - Secretaria de Cidadania e Assist\u00eancia Social","isPartOf":{"@id":"https:\/\/www.pmpf.rs.gov.br\/secretaria-de-cidadania-e-assistencia-social\/#website"},"datePublished":"2021-11-16T17:15:19+00:00","dateModified":"2021-11-16T17:16:30+00:00","inLanguage":"pt-BR","potentialAction":[{"@type":"ReadAction","target":["https:\/\/www.pmpf.rs.gov.br\/secretaria-de-cidadania-e-assistencia-social\/programa-de-apadrinhamento-afetivo\/"]}]},{"@type":"WebSite","@id":"https:\/\/www.pmpf.rs.gov.br\/secretaria-de-cidadania-e-assistencia-social\/#website","url":"https:\/\/www.pmpf.rs.gov.br\/secretaria-de-cidadania-e-assistencia-social\/","name":"Secretaria de Cidadania e Assist\u00eancia Social","description":"S\u00f3 mais um site Prefeitura de Passo Fundo","potentialAction":[{"@type":"SearchAction","target":{"@type":"EntryPoint","urlTemplate":"https:\/\/www.pmpf.rs.gov.br\/secretaria-de-cidadania-e-assistencia-social\/?s={search_term_string}"},"query-input":{"@type":"PropertyValueSpecification","valueRequired":true,"valueName":"search_term_string"}}],"inLanguage":"pt-BR"}]}},"_links":{"self":[{"href":"https:\/\/www.pmpf.rs.gov.br\/secretaria-de-cidadania-e-assistencia-social\/wp-json\/wp\/v2\/pages\/56"}],"collection":[{"href":"https:\/\/www.pmpf.rs.gov.br\/secretaria-de-cidadania-e-assistencia-social\/wp-json\/wp\/v2\/pages"}],"about":[{"href":"https:\/\/www.pmpf.rs.gov.br\/secretaria-de-cidadania-e-assistencia-social\/wp-json\/wp\/v2\/types\/page"}],"author":[{"embeddable":true,"href":"https:\/\/www.pmpf.rs.gov.br\/secretaria-de-cidadania-e-assistencia-social\/wp-json\/wp\/v2\/users\/1"}],"replies":[{"embeddable":true,"href":"https:\/\/www.pmpf.rs.gov.br\/secretaria-de-cidadania-e-assistencia-social\/wp-json\/wp\/v2\/comments?post=56"}],"version-history":[{"count":2,"href":"https:\/\/www.pmpf.rs.gov.br\/secretaria-de-cidadania-e-assistencia-social\/wp-json\/wp\/v2\/pages\/56\/revisions"}],"predecessor-version":[{"id":59,"href":"https:\/\/www.pmpf.rs.gov.br\/secretaria-de-cidadania-e-assistencia-social\/wp-json\/wp\/v2\/pages\/56\/revisions\/59"}],"wp:attachment":[{"href":"https:\/\/www.pmpf.rs.gov.br\/secretaria-de-cidadania-e-assistencia-social\/wp-json\/wp\/v2\/media?parent=56"}],"curies":[{"name":"wp","href":"https:\/\/api.w.org\/{rel}","templated":true}]}}