{"id":48,"date":"2021-11-16T14:06:50","date_gmt":"2021-11-16T17:06:50","guid":{"rendered":"https:\/\/www.pmpf.rs.gov.br\/secretaria-de-cidadania-e-assistencia-social\/?page_id=48"},"modified":"2022-03-03T10:41:49","modified_gmt":"2022-03-03T13:41:49","slug":"centro-de-referencia-especializado-de-assistencia-social-creas","status":"publish","type":"page","link":"https:\/\/www.pmpf.rs.gov.br\/secretaria-de-cidadania-e-assistencia-social\/centro-de-referencia-especializado-de-assistencia-social-creas\/","title":{"rendered":"Centro de Refer\u00eancia Especializado de Assist\u00eancia Social \u2013 CREAS"},"content":{"rendered":"\n<h2 class=\"wp-block-heading\">Unidade P\u00fablica da Pol\u00edtica de Assist\u00eancia Social<\/h2>\n\n\n\n<p>O Centro de Refer\u00eancia Especializado de Assist\u00eancia Social \u2013 CREAS \u00e9 uma unidade p\u00fablica da pol\u00edtica de Assist\u00eancia Social onde s\u00e3o atendidas fam\u00edlias e pessoas que est\u00e3o em situa\u00e7\u00e3o de risco social ou tiveram seus direitos violados.<\/p>\n\n\n\n<p class=\"has-text-align-center\"><em><strong>Servi\u00e7os Ofertados no CREAS:<\/strong><\/em><\/p>\n\n\n\n<p><strong>Servi\u00e7o de Prote\u00e7\u00e3o e Atendimento Especializado a Fam\u00edlias e Indiv\u00edduos (PAEFI)<\/strong>&nbsp;Servi\u00e7o de apoio, orienta\u00e7\u00e3o e acompanhamento a fam\u00edlias com um ou mais de seus membros em situa\u00e7\u00e3o de amea\u00e7a ou viola\u00e7\u00e3o de direitos. Compreende aten\u00e7\u00f5es e orienta\u00e7\u00f5es direcionadas para a promo\u00e7\u00e3o de direitos, a preserva\u00e7\u00e3o e o fortalecimento de v\u00ednculos familiares, comunit\u00e1rios e sociais e para o fortalecimento da fun\u00e7\u00e3o protetiva das fam\u00edlias diante do conjunto de condi\u00e7\u00f5es que as vulnerabilizam e\/ou as submetem a situa\u00e7\u00f5es de risco pessoal e social. O atendimento fundamenta-se no respeito \u00e0 heterogeneidade, potencialidades, valores, cren\u00e7as e identidades das fam\u00edlias. O servi\u00e7o articula-se com as atividades e aten\u00e7\u00f5es prestadas \u00e0s fam\u00edlias nos demais servi\u00e7os socioassistenciais, nas diversas pol\u00edticas p\u00fablicas e com os demais \u00f3rg\u00e3os do Sistema de Garantia de Direitos. Garantindo atendimento imediato e provid\u00eancias necess\u00e1rias para a inclus\u00e3o da fam\u00edlia e seus membros em servi\u00e7os socioassistenciais e\/ou em programas de transfer\u00eancia de renda, de forma a qualificar a interven\u00e7\u00e3o e restaurar o direito.<\/p>\n\n\n\n<p><strong>Servi\u00e7o de Prote\u00e7\u00e3o Social a Adolescentes em Cumprimento de Medida Socioeducativa de Liberdade Assistida (LA) e de Presta\u00e7\u00e3o de Servi\u00e7os a Comunidade (PSC).<\/strong>&nbsp;O servi\u00e7o tem por finalidade prover aten\u00e7\u00e3o socioassistencial e acompanhamento a adolescentes e jovens em cumprimento de medidas socioeducativas em meio aberto, determinadas judicialmente. Deve contribuir para o acesso a direitos e para a resignifica\u00e7\u00e3o de valores na vida pessoal e social dos adolescentes e jovens. Para a oferta do servi\u00e7o faz-se necess\u00e1rio a observ\u00e2ncia da responsabiliza\u00e7\u00e3o face ao ato infracional praticado, cujos direitos e obriga\u00e7\u00f5es devem ser assegurados de acordo com as legisla\u00e7\u00f5es e normativas espec\u00edficas para o cumprimento da medida.<\/p>\n\n\n\n<p><strong>A\u00e7\u00f5es Estrat\u00e9gicas do Programa de Erradica\u00e7\u00e3o do Trabalho Infantil \u2013 PETI<\/strong>&nbsp;O PETI \u00e9 um programa de car\u00e1ter intersetorial, integrante da Pol\u00edtica Nacional de Assist\u00eancia Social, que compreende: 1. Transfer\u00eancias de renda 2. Trabalho social com fam\u00edlias 3. Oferta de servi\u00e7os socioeducativos para crian\u00e7as e adolescentes que se encontram em situa\u00e7\u00e3o de trabalho. As A\u00e7\u00f5es Estrat\u00e9gicas s\u00e3o estruturadas em cinco eixos: 1. Informa\u00e7\u00e3o e mobiliza\u00e7\u00e3o 2. Identifica\u00e7\u00e3o 3. Prote\u00e7\u00e3o 4. Defesa e Responsabiliza\u00e7\u00e3o<\/p>\n\n\n\n<p><strong>P\u00fablico Atendido no CREAS:<\/strong>Fam\u00edlias e indiv\u00edduos em situa\u00e7\u00e3o de risco pessoal e social, com viola\u00e7\u00e3o de direitos, como: viol\u00eancia f\u00edsica, psicol\u00f3gica e neglig\u00eancia; viol\u00eancia sexual; afastamento do conv\u00edvio familiar devido \u00e0 aplica\u00e7\u00e3o de medida de prote\u00e7\u00e3o; situa\u00e7\u00e3o de rua; abandono; trabalho infantil; discrimina\u00e7\u00e3o por orienta\u00e7\u00e3o sexual e\/ou ra\u00e7a\/etnia; descumprimento de condicionalidades do Programa Bolsa Fam\u00edlia em decorr\u00eancia de viola\u00e7\u00e3o de direitos; cumprimento de medidas socioeducativas em meio aberto de Liberdade Assistida e de Presta\u00e7\u00e3o de Servi\u00e7os \u00e0 Comunidade por adolescentes, entre outras.<\/p>\n\n\n\n<p><strong>Equipe de Refer\u00eancia:<\/strong>\u00a0Composta por profissionais com n\u00edvel de escolaridade m\u00e9dio e superior. Equipe T\u00e9cnica de Refer\u00eancia:<br>Coordena\u00e7\u00e3o \u2013 01<br><em>Assistentes Sociais:<\/em>\u00a004<br><em>Psic\u00f3loga:\u00a0<\/em>04<br><em>Pedagoga:\u00a0<\/em>01<br><em>Advogado:<\/em>\u00a001<\/p>\n\n\n\n<p><strong>Endere\u00e7o:<\/strong><br>Rua Morom,2022 \u2013 Centro CEP 99.010.034<br>e-mail: creas@pmpf.rs.gov.br<br>Fone: 3312 3070 ramal 210<\/p>\n","protected":false},"excerpt":{"rendered":"<p>Unidade P\u00fablica da Pol\u00edtica de Assist\u00eancia Social O Centro de Refer\u00eancia Especializado de Assist\u00eancia Social \u2013 CREAS \u00e9 uma unidade p\u00fablica da pol\u00edtica de Assist\u00eancia Social onde s\u00e3o atendidas fam\u00edlias e pessoas [&hellip;]<\/p>\n","protected":false},"author":1,"featured_media":0,"parent":0,"menu_order":0,"comment_status":"closed","ping_status":"closed","template":"","meta":{"footnotes":""},"class_list":["post-48","page","type-page","status-publish","hentry"],"yoast_head":"<!-- This site is optimized with the Yoast SEO plugin v23.8 - https:\/\/yoast.com\/wordpress\/plugins\/seo\/ -->\n<title>Centro de Refer\u00eancia Especializado de Assist\u00eancia Social \u2013 CREAS - Secretaria de Cidadania e Assist\u00eancia Social<\/title>\n<meta name=\"robots\" content=\"index, follow, max-snippet:-1, max-image-preview:large, max-video-preview:-1\" \/>\n<link rel=\"canonical\" href=\"https:\/\/www.pmpf.rs.gov.br\/secretaria-de-cidadania-e-assistencia-social\/centro-de-referencia-especializado-de-assistencia-social-creas\/\" \/>\n<meta property=\"og:locale\" content=\"pt_BR\" \/>\n<meta property=\"og:type\" content=\"article\" \/>\n<meta property=\"og:title\" content=\"Centro de Refer\u00eancia Especializado de Assist\u00eancia Social \u2013 CREAS - Secretaria de Cidadania e Assist\u00eancia Social\" \/>\n<meta property=\"og:description\" content=\"Unidade P\u00fablica da Pol\u00edtica de Assist\u00eancia Social O Centro de Refer\u00eancia Especializado de Assist\u00eancia Social \u2013 CREAS \u00e9 uma unidade p\u00fablica da pol\u00edtica de Assist\u00eancia Social onde s\u00e3o atendidas fam\u00edlias e pessoas [&hellip;]\" \/>\n<meta property=\"og:url\" content=\"https:\/\/www.pmpf.rs.gov.br\/secretaria-de-cidadania-e-assistencia-social\/centro-de-referencia-especializado-de-assistencia-social-creas\/\" \/>\n<meta property=\"og:site_name\" content=\"Secretaria de Cidadania e Assist\u00eancia Social\" \/>\n<meta property=\"article:modified_time\" content=\"2022-03-03T13:41:49+00:00\" \/>\n<meta name=\"twitter:card\" content=\"summary_large_image\" \/>\n<meta name=\"twitter:label1\" content=\"Est. tempo de leitura\" \/>\n\t<meta name=\"twitter:data1\" content=\"3 minutos\" \/>\n<script type=\"application\/ld+json\" class=\"yoast-schema-graph\">{\"@context\":\"https:\/\/schema.org\",\"@graph\":[{\"@type\":\"WebPage\",\"@id\":\"https:\/\/www.pmpf.rs.gov.br\/secretaria-de-cidadania-e-assistencia-social\/centro-de-referencia-especializado-de-assistencia-social-creas\/\",\"url\":\"https:\/\/www.pmpf.rs.gov.br\/secretaria-de-cidadania-e-assistencia-social\/centro-de-referencia-especializado-de-assistencia-social-creas\/\",\"name\":\"Centro de Refer\u00eancia Especializado de Assist\u00eancia Social \u2013 CREAS - Secretaria de Cidadania e Assist\u00eancia Social\",\"isPartOf\":{\"@id\":\"https:\/\/www.pmpf.rs.gov.br\/secretaria-de-cidadania-e-assistencia-social\/#website\"},\"datePublished\":\"2021-11-16T17:06:50+00:00\",\"dateModified\":\"2022-03-03T13:41:49+00:00\",\"inLanguage\":\"pt-BR\",\"potentialAction\":[{\"@type\":\"ReadAction\",\"target\":[\"https:\/\/www.pmpf.rs.gov.br\/secretaria-de-cidadania-e-assistencia-social\/centro-de-referencia-especializado-de-assistencia-social-creas\/\"]}]},{\"@type\":\"WebSite\",\"@id\":\"https:\/\/www.pmpf.rs.gov.br\/secretaria-de-cidadania-e-assistencia-social\/#website\",\"url\":\"https:\/\/www.pmpf.rs.gov.br\/secretaria-de-cidadania-e-assistencia-social\/\",\"name\":\"Secretaria de Cidadania e Assist\u00eancia Social\",\"description\":\"S\u00f3 mais um site Prefeitura de Passo Fundo\",\"potentialAction\":[{\"@type\":\"SearchAction\",\"target\":{\"@type\":\"EntryPoint\",\"urlTemplate\":\"https:\/\/www.pmpf.rs.gov.br\/secretaria-de-cidadania-e-assistencia-social\/?s={search_term_string}\"},\"query-input\":{\"@type\":\"PropertyValueSpecification\",\"valueRequired\":true,\"valueName\":\"search_term_string\"}}],\"inLanguage\":\"pt-BR\"}]}<\/script>\n<!-- \/ Yoast SEO plugin. -->","yoast_head_json":{"title":"Centro de Refer\u00eancia Especializado de Assist\u00eancia Social \u2013 CREAS - Secretaria de Cidadania e Assist\u00eancia Social","robots":{"index":"index","follow":"follow","max-snippet":"max-snippet:-1","max-image-preview":"max-image-preview:large","max-video-preview":"max-video-preview:-1"},"canonical":"https:\/\/www.pmpf.rs.gov.br\/secretaria-de-cidadania-e-assistencia-social\/centro-de-referencia-especializado-de-assistencia-social-creas\/","og_locale":"pt_BR","og_type":"article","og_title":"Centro de Refer\u00eancia Especializado de Assist\u00eancia Social \u2013 CREAS - Secretaria de Cidadania e Assist\u00eancia Social","og_description":"Unidade P\u00fablica da Pol\u00edtica de Assist\u00eancia Social O Centro de Refer\u00eancia Especializado de Assist\u00eancia Social \u2013 CREAS \u00e9 uma unidade p\u00fablica da pol\u00edtica de Assist\u00eancia Social onde s\u00e3o atendidas fam\u00edlias e pessoas [&hellip;]","og_url":"https:\/\/www.pmpf.rs.gov.br\/secretaria-de-cidadania-e-assistencia-social\/centro-de-referencia-especializado-de-assistencia-social-creas\/","og_site_name":"Secretaria de Cidadania e Assist\u00eancia Social","article_modified_time":"2022-03-03T13:41:49+00:00","twitter_card":"summary_large_image","twitter_misc":{"Est. tempo de leitura":"3 minutos"},"schema":{"@context":"https:\/\/schema.org","@graph":[{"@type":"WebPage","@id":"https:\/\/www.pmpf.rs.gov.br\/secretaria-de-cidadania-e-assistencia-social\/centro-de-referencia-especializado-de-assistencia-social-creas\/","url":"https:\/\/www.pmpf.rs.gov.br\/secretaria-de-cidadania-e-assistencia-social\/centro-de-referencia-especializado-de-assistencia-social-creas\/","name":"Centro de Refer\u00eancia Especializado de Assist\u00eancia Social \u2013 CREAS - Secretaria de Cidadania e Assist\u00eancia Social","isPartOf":{"@id":"https:\/\/www.pmpf.rs.gov.br\/secretaria-de-cidadania-e-assistencia-social\/#website"},"datePublished":"2021-11-16T17:06:50+00:00","dateModified":"2022-03-03T13:41:49+00:00","inLanguage":"pt-BR","potentialAction":[{"@type":"ReadAction","target":["https:\/\/www.pmpf.rs.gov.br\/secretaria-de-cidadania-e-assistencia-social\/centro-de-referencia-especializado-de-assistencia-social-creas\/"]}]},{"@type":"WebSite","@id":"https:\/\/www.pmpf.rs.gov.br\/secretaria-de-cidadania-e-assistencia-social\/#website","url":"https:\/\/www.pmpf.rs.gov.br\/secretaria-de-cidadania-e-assistencia-social\/","name":"Secretaria de Cidadania e Assist\u00eancia Social","description":"S\u00f3 mais um site Prefeitura de Passo Fundo","potentialAction":[{"@type":"SearchAction","target":{"@type":"EntryPoint","urlTemplate":"https:\/\/www.pmpf.rs.gov.br\/secretaria-de-cidadania-e-assistencia-social\/?s={search_term_string}"},"query-input":{"@type":"PropertyValueSpecification","valueRequired":true,"valueName":"search_term_string"}}],"inLanguage":"pt-BR"}]}},"_links":{"self":[{"href":"https:\/\/www.pmpf.rs.gov.br\/secretaria-de-cidadania-e-assistencia-social\/wp-json\/wp\/v2\/pages\/48"}],"collection":[{"href":"https:\/\/www.pmpf.rs.gov.br\/secretaria-de-cidadania-e-assistencia-social\/wp-json\/wp\/v2\/pages"}],"about":[{"href":"https:\/\/www.pmpf.rs.gov.br\/secretaria-de-cidadania-e-assistencia-social\/wp-json\/wp\/v2\/types\/page"}],"author":[{"embeddable":true,"href":"https:\/\/www.pmpf.rs.gov.br\/secretaria-de-cidadania-e-assistencia-social\/wp-json\/wp\/v2\/users\/1"}],"replies":[{"embeddable":true,"href":"https:\/\/www.pmpf.rs.gov.br\/secretaria-de-cidadania-e-assistencia-social\/wp-json\/wp\/v2\/comments?post=48"}],"version-history":[{"count":3,"href":"https:\/\/www.pmpf.rs.gov.br\/secretaria-de-cidadania-e-assistencia-social\/wp-json\/wp\/v2\/pages\/48\/revisions"}],"predecessor-version":[{"id":1393,"href":"https:\/\/www.pmpf.rs.gov.br\/secretaria-de-cidadania-e-assistencia-social\/wp-json\/wp\/v2\/pages\/48\/revisions\/1393"}],"wp:attachment":[{"href":"https:\/\/www.pmpf.rs.gov.br\/secretaria-de-cidadania-e-assistencia-social\/wp-json\/wp\/v2\/media?parent=48"}],"curies":[{"name":"wp","href":"https:\/\/api.w.org\/{rel}","templated":true}]}}