{"id":39,"date":"2021-11-16T14:04:31","date_gmt":"2021-11-16T17:04:31","guid":{"rendered":"https:\/\/www.pmpf.rs.gov.br\/secretaria-de-cidadania-e-assistencia-social\/?page_id=39"},"modified":"2021-11-16T14:04:32","modified_gmt":"2021-11-16T17:04:32","slug":"nucleo-cras-iv-regiao-sudoeste","status":"publish","type":"page","link":"https:\/\/www.pmpf.rs.gov.br\/secretaria-de-cidadania-e-assistencia-social\/nucleo-cras-iv-regiao-sudoeste\/","title":{"rendered":"N\u00facleo CRAS IV &#8211; Regi\u00e3o Sudoeste"},"content":{"rendered":"\n<h2 class=\"wp-block-heading\"><em>CRAS IV- Regi\u00e3o Sudeste<\/em><\/h2>\n\n\n\n<p>O Centro de Refer\u00eancia de Assist\u00eancia Social \u2013 CRAS \u00e9 a porta de entrada da Assist\u00eancia Social. \u00c9 um local p\u00fablico, localizado prioritariamente em \u00e1reas de maior vulnerabilidade social, onde s\u00e3o oferecidos os servi\u00e7os de Assist\u00eancia Social, com o objetivo de fortalecer a conviv\u00eancia com a fam\u00edlia e com a comunidade.<\/p>\n\n\n\n<p>A partir do adequado conhecimento do territ\u00f3rio, o CRAS promove a organiza\u00e7\u00e3o e articula\u00e7\u00e3o das unidades da rede socioassistencial e de outras pol\u00edticas. Assim, possibilita o acesso da popula\u00e7\u00e3o aos servi\u00e7os, benef\u00edcios e projetos de assist\u00eancia social, se tornando uma refer\u00eancia para a popula\u00e7\u00e3o local e para os servi\u00e7os setoriais. No CRAS, os cidad\u00e3os tamb\u00e9m s\u00e3o orientados sobre os benef\u00edcios assistenciais e podem ser inscritos no Cadastro \u00danico para Programas Sociais do Governo Federal.<\/p>\n\n\n\n<p class=\"has-text-align-center\"><strong>Servi\u00e7os Ofertados no CRAS 04:<\/strong><\/p>\n\n\n\n<p><strong>Servi\u00e7o de Prote\u00e7\u00e3o e Atendimento Integral \u00e0 Fam\u00edlia -PAIF:<\/strong>&nbsp;consiste no trabalho social com fam\u00edlias, de car\u00e1ter continuado, com a finalidade de fortalecer a fun\u00e7\u00e3o protetiva das fam\u00edlias, prevenir a ruptura dos seus v\u00ednculos, promover seu acesso a direitos e o usufruto deles e contribuir na melhoria de sua qualidade de vida. O trabalho social continuado do PAIF deve utilizar-se de a\u00e7\u00f5es nas \u00e1reas culturais para o cumprimento de seus objetivos, de modo a ampliar o universo informacional e proporcionar novas viv\u00eancias \u00e0s fam\u00edlias usu\u00e1rias do servi\u00e7o. Visando materializar seus objetivos o PAIF desenvolve a\u00e7\u00f5es individuais e coletivas, (Acolhida, A\u00e7\u00f5es Particularizadas, Encaminhamentos, Oficinas com Fam\u00edlias e A\u00e7\u00f5es Comunit\u00e1rias)<\/p>\n\n\n\n<p><strong>Servi\u00e7o de Conviv\u00eancia e Fortalecimento de V\u00ednculos:<\/strong>&nbsp;Esse servi\u00e7o \u00e9 ofertado de forma complementar ao trabalho social com fam\u00edlias que \u00e9 realizado por meio do Servi\u00e7o de Prote\u00e7\u00e3o e Atendimento Integral \u00e0s Fam\u00edlias (PAIF) e do Servi\u00e7o de Prote\u00e7\u00e3o e Atendimento Especializado \u00e0s Fam\u00edlias e Indiv\u00edduos (PAEFI). O SCFV possui um car\u00e1ter preventivo e proativo, pautado na defesa e afirma\u00e7\u00e3o de direitos e no desenvolvimento de capacidades e potencialidades dos usu\u00e1rios, com vistas ao alcance de alternativas emancipat\u00f3rias para o enfrentamento das vulnerabilidades sociais. Deve ser ofertado de modo a garantir as seguran\u00e7as de acolhida e de conv\u00edvio familiar e comunit\u00e1rio, al\u00e9m de estimular o desenvolvimento da autonomia dos usu\u00e1rios. Os usu\u00e1rios do SCFV s\u00e3o divididos em grupos a partir de faixas et\u00e1rias, considerando as especificidades dos ciclos de vida. O trabalho nos grupos \u00e9 planejado de forma coletiva, contando com a participa\u00e7\u00e3o ativa do t\u00e9cnico de refer\u00eancia, dos orientadores sociais e dos usu\u00e1rios. O trabalho realizado com os grupos \u00e9 organizado em percursos, de forma a estimular as trocas culturais e o compartilhamento de viv\u00eancias; desenvolver junto aos usu\u00e1rios o sentimento de perten\u00e7a e de identidade; e fortalecer os v\u00ednculos familiares, sempre sob a perspectiva de incentivar a socializa\u00e7\u00e3o e a conviv\u00eancia familiar e comunit\u00e1ria.<\/p>\n\n\n\n<p><strong>Programa Primeira Inf\u00e2ncia no SUAS \u2013 Programa Crian\u00e7a Feliz:<\/strong>&nbsp;O Programa Crian\u00e7a Feliz no SUAS foi institu\u00eddo \u2013 nos termos do \u00a71\u00ba do art. 24 da Lei n\u00ba 8.742, de 7 de Dezembro de 1993 \u2013 por meio da Resolu\u00e7\u00e3o CIT n\u00b04, de 21 de outubro de 2016. Potencializa as aten\u00e7\u00f5es j\u00e1 desenvolvidas pela pol\u00edtica de Assist\u00eancia Social \u00e0s gestantes, crian\u00e7as na primeira inf\u00e2ncia e suas fam\u00edlias e traz novos elementos para fortalecer o enfrentamento da pobreza para al\u00e9m da quest\u00e3o da renda e para reduzir desigualdades. Avan\u00e7a nas estrat\u00e9gias de apoio \u00e0 fam\u00edlia e de est\u00edmulo ao desenvolvimento infantil, elegendo os v\u00ednculos familiares e comunit\u00e1rios e o brincar como elementos fundamentais para o trabalho com fam\u00edlias com gestantes e crian\u00e7as na primeira inf\u00e2ncia. Pautado na \u00e9tica, no respeito \u00e0 dignidade, aos saberes e \u00e0 cultura das fam\u00edlias, \u00e0s diversidades e na postura de n\u00e3o-discrimina\u00e7\u00e3o, o Programa \u00e9 orientado por um conjunto de princ\u00edpios que devem ser observados no trabalho com fam\u00edlias em situa\u00e7\u00e3o de vulnerabilidade social. O Programa Crian\u00e7a Feliz no SUAS fortalece a refer\u00eancia do CRAS nos territ\u00f3rios para as fam\u00edlias benefici\u00e1rias do Bolsa Fam\u00edlia, com benefici\u00e1rios do Benef\u00edcio de Presta\u00e7\u00e3o Continuada e crian\u00e7as e gestantes inscritas no cadastro \u00fanico. As principais a\u00e7\u00f5es do Programa Crian\u00e7a Feliz no SUAS s\u00e3o: \uf0d8 visitas domiciliares: compreendem a\u00e7\u00e3o planejada e sistem\u00e1tica, com metodologia espec\u00edfica, conforme orienta\u00e7\u00f5es t\u00e9cnicas, para aten\u00e7\u00e3o e apoio \u00e0 fam\u00edlia, o fortalecimento de v\u00ednculos e o est\u00edmulo ao desenvolvimento infantil, priorizando o p\u00fablico priorit\u00e1rio do Programa. \uf0d8 qualifica\u00e7\u00e3o da oferta dos servi\u00e7os socioassistenciais e fortalecimento da articula\u00e7\u00e3o da rede socioassistencial, visando assegurar a complementariedade das ofertas: abrange iniciativas voltadas \u00e0 qualifica\u00e7\u00e3o do atendimento a gestantes, crian\u00e7as na primeira inf\u00e2ncia e suas fam\u00edlias nos Servi\u00e7os de Prote\u00e7\u00e3o Social B\u00e1sica e Especial, com destaque para: Servi\u00e7o de Prote\u00e7\u00e3o e Atendimento Integral \u00e0 Fam\u00edlia (PAIF), Servi\u00e7o de Conviv\u00eancia e Fortalecimento de V\u00ednculos (SCFV), Servi\u00e7o de Prote\u00e7\u00e3o e Atendimento Especializado a Fam\u00edlias e Indiv\u00edduos (PAEFI) e Servi\u00e7o Especializado em Abordagem Social.<\/p>\n\n\n\n<p><strong>P\u00fablico Atendido no CRAS:<\/strong>&nbsp;Fam\u00edlias em situa\u00e7\u00e3o de vulnerabilidade social decorrente da pobreza, do prec\u00e1rio ou nulo acesso aos servi\u00e7os p\u00fablicos, da fragiliza\u00e7\u00e3o de v\u00ednculos de pertencimento e sociabilidade e\/ou qualquer outra situa\u00e7\u00e3o de vulnerabilidade e risco social residentes nos territ\u00f3rios de abrang\u00eancia dos CRAS, em especial: \u2013 Fam\u00edlias benefici\u00e1rias de programas de transfer\u00eancia de renda e benef\u00edcios assistenciais; \u2013 Fam\u00edlias que atendem os crit\u00e9rios de elegibilidade a tais programas ou benef\u00edcios, mas que ainda n\u00e3o foram contempladas; \u2013 Fam\u00edlias em situa\u00e7\u00e3o de vulnerabilidade em decorr\u00eancia de dificuldades vivenciadas por algum de seus membros; \u2013 Pessoas com defici\u00eancia e\/ou pessoas idosas que vivenciam situa\u00e7\u00f5es de vulnerabilidade e risco social.<\/p>\n\n\n\n<p><strong>Equipe de Refer\u00eancia:<\/strong>&nbsp;Composta por profissionais com n\u00edvel de escolaridade fundamental, m\u00e9dio e superior. Equipe T\u00e9cnica de Refer\u00eancia:<br><em>Coordena\u00e7\u00e3o<\/em>&nbsp;\u2013 Assistente Social<br><em>Assistentes Sociais:<\/em>&nbsp;02<br><em>Psic\u00f3loga:<\/em>&nbsp;01<br><em>Terapeuta Ocupacional:<\/em>&nbsp;01<\/p>\n\n\n\n<p><strong>Endere\u00e7o:<\/strong>&nbsp;Rua Israel Bona,78 &#8211; Bairro Morada do Sol<br><strong>E-mail:<\/strong>cras04@pmpf.rs.gov.br<br><strong>Telefone:<\/strong>&nbsp;( 54) 3312 6971<\/p>\n","protected":false},"excerpt":{"rendered":"<p>CRAS IV- Regi\u00e3o Sudeste O Centro de Refer\u00eancia de Assist\u00eancia Social \u2013 CRAS \u00e9 a porta de entrada da Assist\u00eancia Social. \u00c9 um local p\u00fablico, localizado prioritariamente em \u00e1reas de maior vulnerabilidade [&hellip;]<\/p>\n","protected":false},"author":1,"featured_media":0,"parent":0,"menu_order":0,"comment_status":"closed","ping_status":"closed","template":"","meta":{"footnotes":""},"class_list":["post-39","page","type-page","status-publish","hentry"],"yoast_head":"<!-- This site is optimized with the Yoast SEO plugin v23.8 - https:\/\/yoast.com\/wordpress\/plugins\/seo\/ -->\n<title>N\u00facleo CRAS IV - Regi\u00e3o Sudoeste - Secretaria de Cidadania e Assist\u00eancia Social<\/title>\n<meta name=\"robots\" content=\"index, follow, max-snippet:-1, max-image-preview:large, max-video-preview:-1\" \/>\n<link rel=\"canonical\" href=\"https:\/\/www.pmpf.rs.gov.br\/secretaria-de-cidadania-e-assistencia-social\/nucleo-cras-iv-regiao-sudoeste\/\" \/>\n<meta property=\"og:locale\" content=\"pt_BR\" \/>\n<meta property=\"og:type\" content=\"article\" \/>\n<meta property=\"og:title\" content=\"N\u00facleo CRAS IV - Regi\u00e3o Sudoeste - Secretaria de Cidadania e Assist\u00eancia Social\" \/>\n<meta property=\"og:description\" content=\"CRAS IV- Regi\u00e3o Sudeste O Centro de Refer\u00eancia de Assist\u00eancia Social \u2013 CRAS \u00e9 a porta de entrada da Assist\u00eancia Social. \u00c9 um local p\u00fablico, localizado prioritariamente em \u00e1reas de maior vulnerabilidade [&hellip;]\" \/>\n<meta property=\"og:url\" content=\"https:\/\/www.pmpf.rs.gov.br\/secretaria-de-cidadania-e-assistencia-social\/nucleo-cras-iv-regiao-sudoeste\/\" \/>\n<meta property=\"og:site_name\" content=\"Secretaria de Cidadania e Assist\u00eancia Social\" \/>\n<meta property=\"article:modified_time\" content=\"2021-11-16T17:04:32+00:00\" \/>\n<meta name=\"twitter:card\" content=\"summary_large_image\" \/>\n<meta name=\"twitter:label1\" content=\"Est. tempo de leitura\" \/>\n\t<meta name=\"twitter:data1\" content=\"5 minutos\" \/>\n<script type=\"application\/ld+json\" class=\"yoast-schema-graph\">{\"@context\":\"https:\/\/schema.org\",\"@graph\":[{\"@type\":\"WebPage\",\"@id\":\"https:\/\/www.pmpf.rs.gov.br\/secretaria-de-cidadania-e-assistencia-social\/nucleo-cras-iv-regiao-sudoeste\/\",\"url\":\"https:\/\/www.pmpf.rs.gov.br\/secretaria-de-cidadania-e-assistencia-social\/nucleo-cras-iv-regiao-sudoeste\/\",\"name\":\"N\u00facleo CRAS IV - Regi\u00e3o Sudoeste - Secretaria de Cidadania e Assist\u00eancia Social\",\"isPartOf\":{\"@id\":\"https:\/\/www.pmpf.rs.gov.br\/secretaria-de-cidadania-e-assistencia-social\/#website\"},\"datePublished\":\"2021-11-16T17:04:31+00:00\",\"dateModified\":\"2021-11-16T17:04:32+00:00\",\"inLanguage\":\"pt-BR\",\"potentialAction\":[{\"@type\":\"ReadAction\",\"target\":[\"https:\/\/www.pmpf.rs.gov.br\/secretaria-de-cidadania-e-assistencia-social\/nucleo-cras-iv-regiao-sudoeste\/\"]}]},{\"@type\":\"WebSite\",\"@id\":\"https:\/\/www.pmpf.rs.gov.br\/secretaria-de-cidadania-e-assistencia-social\/#website\",\"url\":\"https:\/\/www.pmpf.rs.gov.br\/secretaria-de-cidadania-e-assistencia-social\/\",\"name\":\"Secretaria de Cidadania e Assist\u00eancia Social\",\"description\":\"S\u00f3 mais um site Prefeitura de Passo Fundo\",\"potentialAction\":[{\"@type\":\"SearchAction\",\"target\":{\"@type\":\"EntryPoint\",\"urlTemplate\":\"https:\/\/www.pmpf.rs.gov.br\/secretaria-de-cidadania-e-assistencia-social\/?s={search_term_string}\"},\"query-input\":{\"@type\":\"PropertyValueSpecification\",\"valueRequired\":true,\"valueName\":\"search_term_string\"}}],\"inLanguage\":\"pt-BR\"}]}<\/script>\n<!-- \/ Yoast SEO plugin. -->","yoast_head_json":{"title":"N\u00facleo CRAS IV - Regi\u00e3o Sudoeste - Secretaria de Cidadania e Assist\u00eancia Social","robots":{"index":"index","follow":"follow","max-snippet":"max-snippet:-1","max-image-preview":"max-image-preview:large","max-video-preview":"max-video-preview:-1"},"canonical":"https:\/\/www.pmpf.rs.gov.br\/secretaria-de-cidadania-e-assistencia-social\/nucleo-cras-iv-regiao-sudoeste\/","og_locale":"pt_BR","og_type":"article","og_title":"N\u00facleo CRAS IV - Regi\u00e3o Sudoeste - Secretaria de Cidadania e Assist\u00eancia Social","og_description":"CRAS IV- Regi\u00e3o Sudeste O Centro de Refer\u00eancia de Assist\u00eancia Social \u2013 CRAS \u00e9 a porta de entrada da Assist\u00eancia Social. \u00c9 um local p\u00fablico, localizado prioritariamente em \u00e1reas de maior vulnerabilidade [&hellip;]","og_url":"https:\/\/www.pmpf.rs.gov.br\/secretaria-de-cidadania-e-assistencia-social\/nucleo-cras-iv-regiao-sudoeste\/","og_site_name":"Secretaria de Cidadania e Assist\u00eancia Social","article_modified_time":"2021-11-16T17:04:32+00:00","twitter_card":"summary_large_image","twitter_misc":{"Est. tempo de leitura":"5 minutos"},"schema":{"@context":"https:\/\/schema.org","@graph":[{"@type":"WebPage","@id":"https:\/\/www.pmpf.rs.gov.br\/secretaria-de-cidadania-e-assistencia-social\/nucleo-cras-iv-regiao-sudoeste\/","url":"https:\/\/www.pmpf.rs.gov.br\/secretaria-de-cidadania-e-assistencia-social\/nucleo-cras-iv-regiao-sudoeste\/","name":"N\u00facleo CRAS IV - Regi\u00e3o Sudoeste - Secretaria de Cidadania e Assist\u00eancia Social","isPartOf":{"@id":"https:\/\/www.pmpf.rs.gov.br\/secretaria-de-cidadania-e-assistencia-social\/#website"},"datePublished":"2021-11-16T17:04:31+00:00","dateModified":"2021-11-16T17:04:32+00:00","inLanguage":"pt-BR","potentialAction":[{"@type":"ReadAction","target":["https:\/\/www.pmpf.rs.gov.br\/secretaria-de-cidadania-e-assistencia-social\/nucleo-cras-iv-regiao-sudoeste\/"]}]},{"@type":"WebSite","@id":"https:\/\/www.pmpf.rs.gov.br\/secretaria-de-cidadania-e-assistencia-social\/#website","url":"https:\/\/www.pmpf.rs.gov.br\/secretaria-de-cidadania-e-assistencia-social\/","name":"Secretaria de Cidadania e Assist\u00eancia Social","description":"S\u00f3 mais um site Prefeitura de Passo Fundo","potentialAction":[{"@type":"SearchAction","target":{"@type":"EntryPoint","urlTemplate":"https:\/\/www.pmpf.rs.gov.br\/secretaria-de-cidadania-e-assistencia-social\/?s={search_term_string}"},"query-input":{"@type":"PropertyValueSpecification","valueRequired":true,"valueName":"search_term_string"}}],"inLanguage":"pt-BR"}]}},"_links":{"self":[{"href":"https:\/\/www.pmpf.rs.gov.br\/secretaria-de-cidadania-e-assistencia-social\/wp-json\/wp\/v2\/pages\/39"}],"collection":[{"href":"https:\/\/www.pmpf.rs.gov.br\/secretaria-de-cidadania-e-assistencia-social\/wp-json\/wp\/v2\/pages"}],"about":[{"href":"https:\/\/www.pmpf.rs.gov.br\/secretaria-de-cidadania-e-assistencia-social\/wp-json\/wp\/v2\/types\/page"}],"author":[{"embeddable":true,"href":"https:\/\/www.pmpf.rs.gov.br\/secretaria-de-cidadania-e-assistencia-social\/wp-json\/wp\/v2\/users\/1"}],"replies":[{"embeddable":true,"href":"https:\/\/www.pmpf.rs.gov.br\/secretaria-de-cidadania-e-assistencia-social\/wp-json\/wp\/v2\/comments?post=39"}],"version-history":[{"count":1,"href":"https:\/\/www.pmpf.rs.gov.br\/secretaria-de-cidadania-e-assistencia-social\/wp-json\/wp\/v2\/pages\/39\/revisions"}],"predecessor-version":[{"id":40,"href":"https:\/\/www.pmpf.rs.gov.br\/secretaria-de-cidadania-e-assistencia-social\/wp-json\/wp\/v2\/pages\/39\/revisions\/40"}],"wp:attachment":[{"href":"https:\/\/www.pmpf.rs.gov.br\/secretaria-de-cidadania-e-assistencia-social\/wp-json\/wp\/v2\/media?parent=39"}],"curies":[{"name":"wp","href":"https:\/\/api.w.org\/{rel}","templated":true}]}}