{"id":28,"date":"2021-11-16T13:58:33","date_gmt":"2021-11-16T16:58:33","guid":{"rendered":"https:\/\/www.pmpf.rs.gov.br\/secretaria-de-cidadania-e-assistencia-social\/?page_id=28"},"modified":"2026-04-22T11:21:57","modified_gmt":"2026-04-22T14:21:57","slug":"bolsa-familia","status":"publish","type":"page","link":"https:\/\/www.pmpf.rs.gov.br\/secretaria-de-cidadania-e-assistencia-social\/bolsa-familia\/","title":{"rendered":"Cadastro \u00danico"},"content":{"rendered":"\n<h2 class=\"wp-block-heading\">N\u00facleo de Cadastro \u00fanico, gest\u00e3o de benef\u00edcios assistenciais e transfer\u00eancias de renda<\/h2>\n\n\n\n<p>Cadastro \u00danico para Programas Sociais identifica e caracteriza as fam\u00edlias de baixa renda residentes em<br>todo territ\u00f3rio nacional. Ele permite que o governo conhe\u00e7a melhor a realidade dessa popula\u00e7\u00e3o ao<br>registrar informa\u00e7\u00f5es como: endere\u00e7o, caracter\u00edsticas do domic\u00edlio, quem faz parte da fam\u00edlia,<br>identifica\u00e7\u00e3o de cada pessoa, escolaridade, situa\u00e7\u00e3o de trabalho e renda, defici\u00eancia, entre outras.<br>\u00c9 o principal instrumento do Estado brasileiro para a sele\u00e7\u00e3o e a inclus\u00e3o de fam\u00edlias de baixa renda em<\/p>\n\n\n\n<p>programas federais, sendo usado para a concess\u00e3o dos benef\u00edcios do Programa Bolsa Fam\u00edlia, do P\u00e9-de-<br>Meia, da Tarifa Social de Energia El\u00e9trica, do Aux\u00edlio G\u00e1s, do Programa Minha Casa Minha Vida, entre<\/p>\n\n\n\n<p>outros. Al\u00e9m disso, ele tamb\u00e9m serve como crit\u00e9rio para a sele\u00e7\u00e3o de benefici\u00e1rios de programas<br>oferecidos pelos governos estaduais e municipais.<br>O Cadastro \u00danico proporciona uma vis\u00e3o abrangente da parcela mais vulner\u00e1vel da popula\u00e7\u00e3o brasileira,<br>permitindo que os governos em todos os n\u00edveis saibam quem s\u00e3o essas fam\u00edlias, onde vivem, suas<br>condi\u00e7\u00f5es de vida e suas necessidades. Essa base de dados facilita o desenvolvimento de novos programas<br>sociais, a organiza\u00e7\u00e3o da oferta de programas e servi\u00e7os para essas fam\u00edlias e a sele\u00e7\u00e3o de benefici\u00e1rios de<br>maneira eficiente e segura.<br>Por que \u00e9 importante fazer o cadastro?<br>Porque com o Cadastro \u00danico, as fam\u00edlias de baixa renda podem receber benef\u00edcios sociais, como: o<br>Bolsa Fam\u00edlia e desconto na conta de luz. Os benef\u00edcios variam de acordo com cada fam\u00edlia cadastrada.<br>Quem pode se cadastrar?<br>As fam\u00edlias que vivem com renda mensal de at\u00e9 meio sal\u00e1rio-m\u00ednimo por pessoa podem e devem ser<br>registradas no Cadastro \u00danico.<br>Fam\u00edlias com renda acima desse valor podem ser cadastradas para participar de programas ou servi\u00e7os<br>espec\u00edficos.<br>Fique atento! O cadastramento leva em conta se as fam\u00edlias fazem parte de povos e comunidades<br>tradicionais ou de grupos espec\u00edficos. Entre eles, est\u00e3o: ind\u00edgenas, quilombolas, ribeirinhos e popula\u00e7\u00e3o<br>em situa\u00e7\u00e3o de rua. Afinal, o lema do Cadastro \u00danico \u00e9 \u201cConhecer para incluir\u201d.<br>Quem mora sozinho pode se cadastrar?<br>Pessoas que moram sozinhas podem se cadastrar, sim.<br>Mas ent\u00e3o por que o governo est\u00e1 avaliando os cadastros de quem mora sozinho?<br>Acontece que, no ano passado, muita gente se cadastrou dizendo que mora sozinha, mas mora com a<br>fam\u00edlia. Isso \u00e9 muito ruim, porque fam\u00edlias que precisam ficam sem o benef\u00edcio, enquanto outras recebem<br>duas vezes.<br>Se voc\u00ea se cadastrou sozinho, mas mora com sua fam\u00edlia, clique aqui ou baixe o aplicativo do Cadastro<br>\u00danico e cancele o seu cadastro. \u00c9 necess\u00e1rio clicar em \u201cConsulta Completa\u201d, fazer o login \u201cgov.br\u201d e<br>depois clicar em \u201cCancele o seu cadastro\u201d.<br>Se voc\u00ea mora sozinho mesmo, procure o posto de atendimento do Cadastro \u00danico na sua cidade para<br>atualizar seus dados.<\/p>\n\n\n\n<p>Como eu fa\u00e7o para me cadastrar?<br>Qualquer fam\u00edlia de baixa renda pode se cadastrar no Cadastro \u00danico, \u00e9 de gra\u00e7a!<br>O cadastro \u00e9 feito pessoalmente, num posto de atendimento na cidade onde a fam\u00edlia mora.<br>O respons\u00e1vel pela fam\u00edlia precisa ir ao local de atendimento para fazer o cadastro, levando os<br>documentos de todas as pessoas da fam\u00edlia que moram com ela. \u00c9 importante levar os CPFs de todos e um<br>comprovante de resid\u00eancia, de prefer\u00eancia a conta de luz.<br>Cada pessoa deve estar cadastrada com a sua fam\u00edlia.<br>Quais programas sociais usam o Cadastro \u00danico?<br>As fam\u00edlias cadastradas, dependendo de suas condi\u00e7\u00f5es, podem ter acesso a v\u00e1rios programas sociais. S\u00f3<br>do governo federal s\u00e3o dezenas de programas.<br>Clique aqui para a lista completa de programas federais que utilizam o Cadastro \u00danico<br>Fique atento! Muitos estados e munic\u00edpios t\u00eam seus pr\u00f3prios programas que utilizam o Cadastro \u00danico.<br>Confira no CRAS* ou no Posto de Cadastramento se esse \u00e9 o caso da sua cidade ou do seu estado.<br>*Centro de Refer\u00eancia de Assist\u00eancia Social<br>Alguns dos principais programas e benef\u00edcios federais que utilizam o Cadastro \u00danico s\u00e3o o Bolsa Fam\u00edlia,<br>o Benef\u00edcio de Presta\u00e7\u00e3o Continuada (BPC), a Tarifa Social de Energia El\u00e9trica e a Carteira da Pessoa<br>Idosa. Clique abaixo para saber mais sobre esses programas:<br>Bolsa Fam\u00edlia<br>Benef\u00edcio de Presta\u00e7\u00e3o Continuada (BPC)<br>Tarifa Social de Energia El\u00e9trica<br>Carteira da Pessoa Idosa<br>Mas tem muito mais programas al\u00e9m desses que usam o Cadastro \u00danico, viu? \u00c1gua Para Todos<br>(Cisternas), Minha Casa Minha Vida e Isen\u00e7\u00e3o de Taxa em Concursos P\u00fablicos s\u00e3o apenas alguns deles!<\/p>\n\n\n\n<p>O que \u00e9 a atualiza\u00e7\u00e3o cadastral?<br>N\u00e3o basta fazer o cadastro, \u00e9 preciso manter os dados da sua fam\u00edlia atualizados.<br>Se sua fam\u00edlia mudou de endere\u00e7o, as crian\u00e7as mudaram de escola, vieram pessoas novas morar na casa,<br>algu\u00e9m mudou de emprego ou perdeu o trabalho, a pessoa respons\u00e1vel pela fam\u00edlia precisa ir ao local de<br>atendimento* para atualizar o cadastro.<br>\u00c9 importante levar os documentos de todas as pessoas da fam\u00edlia, principalmente os CPFs de todos. E \u00e9<br>bom levar um comprovante de resid\u00eancia, de prefer\u00eancia a conta de luz.<br>Como consultar os dados do Cadastro \u00danico?<br>As fam\u00edlias cadastradas podem ter acesso \u00e0s informa\u00e7\u00f5es do Cadastro \u00danico diretamente pelo site<br>https:\/\/cadunico.dataprev.gov.br ou pelo aplicativo do Cadastro \u00danico.<br>No site ou aplicativo, a fam\u00edlia pode obter um comprovante de cadastramento, clicando em \u201cConsulta<br>Simples\u201d. Nesse caso, basta fornecer alguns dados de identifica\u00e7\u00e3o da pessoa cadastrada.<br>A fam\u00edlia tamb\u00e9m pode ter acesso ao cadastro completo e at\u00e9 consultar alguns programas sociais que<br>recebe, como o Bolsa Fam\u00edlia e o BPC. Para isso, \u00e9 preciso clicar em \u201cConsulta Completa\u201d, fazer o login<br>\u201cgov.br\u201d e depois navegar pelos bot\u00f5es do sistema.<\/p>\n\n\n\n<p>O<br>Bolsa<\/p>\n\n\n\n<p>Fam\u00edlia \u00e9 o maior programa de transfer\u00eancia de renda do Brasil, reconhecido internacionalmente por j\u00e1 ter<br>tirado milh\u00f5es de fam\u00edlias da fome. O Governo Federal relan\u00e7ou o programa com mais prote\u00e7\u00e3o \u00e0s<br>fam\u00edlias, com um modelo de benef\u00edcio que considera o tamanho e as caracter\u00edsticas familiares, aquelas<br>com tr\u00eas ou mais pessoas passar\u00e3o a receber mais do que uma pessoa que vive sozinha.<br>Al\u00e9m de garantir renda para as fam\u00edlias em situa\u00e7\u00e3o de pobreza, o Programa Bolsa Fam\u00edlia busca integrar<br>pol\u00edticas p\u00fablicas, fortalecendo o acesso das fam\u00edlias a direitos b\u00e1sicos como sa\u00fade, educa\u00e7\u00e3o e<br>assist\u00eancia social. O Bolsa Fam\u00edlia busca promover a dignidade e a cidadania das fam\u00edlias tamb\u00e9m pela<br>atua\u00e7\u00e3o em a\u00e7\u00f5es complementares por meio de articula\u00e7\u00e3o com outras pol\u00edticas para a supera\u00e7\u00e3o da<br>pobreza e transforma\u00e7\u00e3o social, tais como esporte, ci\u00eancia e trabalho.<br>Quem tem direito?<br>Para ter direito ao Bolsa Fam\u00edlia, a principal regra \u00e9 que a renda de cada pessoa da fam\u00edlia seja de, no<br>m\u00e1ximo, R$ 218 por m\u00eas. Por exemplo, se apenas um integrante da fam\u00edlia tem renda e recebe um sal\u00e1rio<br>m\u00ednimo (R$ 1.518), e nessa fam\u00edlia h\u00e1 sete pessoas, a renda de cada um \u00e9 de R$ 216,85. Como est\u00e1<br>abaixo do limite de R$ 218 por pessoa, essa fam\u00edlia tem o direito de receber o benef\u00edcio.<br>Como Receber?<br>Em primeiro lugar, \u00e9 preciso estar inscrito no Cadastro \u00danico, com os dados corretos e atualizados. Esse<br>cadastramento \u00e9 feito em postos de atendimento da assist\u00eancia social dos munic\u00edpios, como os CRAS. \u00c9<br>preciso apresentar o CPF ou o t\u00edtulo de eleitor.<br>Lembrando que, mesmo inscrita no Cadastro \u00danico, a fam\u00edlia n\u00e3o entra imediatamente para o Bolsa<br>Fam\u00edlia. Todos os meses, o programa identifica, de forma automatizada, as fam\u00edlias que ser\u00e3o inclu\u00eddas e<br>que come\u00e7ar\u00e3o a receber o benef\u00edcio.<\/p>\n","protected":false},"excerpt":{"rendered":"<p>N\u00facleo de Cadastro \u00fanico, gest\u00e3o de benef\u00edcios assistenciais e transfer\u00eancias de renda Cadastro \u00danico para Programas Sociais identifica e caracteriza as fam\u00edlias de baixa renda residentes emtodo territ\u00f3rio nacional. Ele permite que [&hellip;]<\/p>\n","protected":false},"author":1,"featured_media":0,"parent":0,"menu_order":0,"comment_status":"closed","ping_status":"closed","template":"","meta":{"footnotes":""},"class_list":["post-28","page","type-page","status-publish","hentry"],"yoast_head":"<!-- This site is optimized with the Yoast SEO plugin v23.8 - https:\/\/yoast.com\/wordpress\/plugins\/seo\/ -->\n<title>Cadastro \u00danico - Secretaria de Cidadania e Assist\u00eancia Social<\/title>\n<meta name=\"robots\" content=\"index, follow, max-snippet:-1, max-image-preview:large, max-video-preview:-1\" \/>\n<link rel=\"canonical\" href=\"https:\/\/www.pmpf.rs.gov.br\/secretaria-de-cidadania-e-assistencia-social\/bolsa-familia\/\" \/>\n<meta property=\"og:locale\" content=\"pt_BR\" \/>\n<meta property=\"og:type\" content=\"article\" \/>\n<meta property=\"og:title\" content=\"Cadastro \u00danico - Secretaria de Cidadania e Assist\u00eancia Social\" \/>\n<meta property=\"og:description\" content=\"N\u00facleo de Cadastro \u00fanico, gest\u00e3o de benef\u00edcios assistenciais e transfer\u00eancias de renda Cadastro \u00danico para Programas Sociais identifica e caracteriza as fam\u00edlias de baixa renda residentes emtodo territ\u00f3rio nacional. Ele permite que [&hellip;]\" \/>\n<meta property=\"og:url\" content=\"https:\/\/www.pmpf.rs.gov.br\/secretaria-de-cidadania-e-assistencia-social\/bolsa-familia\/\" \/>\n<meta property=\"og:site_name\" content=\"Secretaria de Cidadania e Assist\u00eancia Social\" \/>\n<meta property=\"article:modified_time\" content=\"2026-04-22T14:21:57+00:00\" \/>\n<meta name=\"twitter:card\" content=\"summary_large_image\" \/>\n<meta name=\"twitter:label1\" content=\"Est. tempo de leitura\" \/>\n\t<meta name=\"twitter:data1\" content=\"1 minuto\" \/>\n<script type=\"application\/ld+json\" class=\"yoast-schema-graph\">{\"@context\":\"https:\/\/schema.org\",\"@graph\":[{\"@type\":\"WebPage\",\"@id\":\"https:\/\/www.pmpf.rs.gov.br\/secretaria-de-cidadania-e-assistencia-social\/bolsa-familia\/\",\"url\":\"https:\/\/www.pmpf.rs.gov.br\/secretaria-de-cidadania-e-assistencia-social\/bolsa-familia\/\",\"name\":\"Cadastro \u00danico - Secretaria de Cidadania e Assist\u00eancia Social\",\"isPartOf\":{\"@id\":\"https:\/\/www.pmpf.rs.gov.br\/secretaria-de-cidadania-e-assistencia-social\/#website\"},\"datePublished\":\"2021-11-16T16:58:33+00:00\",\"dateModified\":\"2026-04-22T14:21:57+00:00\",\"inLanguage\":\"pt-BR\",\"potentialAction\":[{\"@type\":\"ReadAction\",\"target\":[\"https:\/\/www.pmpf.rs.gov.br\/secretaria-de-cidadania-e-assistencia-social\/bolsa-familia\/\"]}]},{\"@type\":\"WebSite\",\"@id\":\"https:\/\/www.pmpf.rs.gov.br\/secretaria-de-cidadania-e-assistencia-social\/#website\",\"url\":\"https:\/\/www.pmpf.rs.gov.br\/secretaria-de-cidadania-e-assistencia-social\/\",\"name\":\"Secretaria de Cidadania e Assist\u00eancia Social\",\"description\":\"S\u00f3 mais um site Prefeitura de Passo Fundo\",\"potentialAction\":[{\"@type\":\"SearchAction\",\"target\":{\"@type\":\"EntryPoint\",\"urlTemplate\":\"https:\/\/www.pmpf.rs.gov.br\/secretaria-de-cidadania-e-assistencia-social\/?s={search_term_string}\"},\"query-input\":{\"@type\":\"PropertyValueSpecification\",\"valueRequired\":true,\"valueName\":\"search_term_string\"}}],\"inLanguage\":\"pt-BR\"}]}<\/script>\n<!-- \/ Yoast SEO plugin. -->","yoast_head_json":{"title":"Cadastro \u00danico - Secretaria de Cidadania e Assist\u00eancia Social","robots":{"index":"index","follow":"follow","max-snippet":"max-snippet:-1","max-image-preview":"max-image-preview:large","max-video-preview":"max-video-preview:-1"},"canonical":"https:\/\/www.pmpf.rs.gov.br\/secretaria-de-cidadania-e-assistencia-social\/bolsa-familia\/","og_locale":"pt_BR","og_type":"article","og_title":"Cadastro \u00danico - Secretaria de Cidadania e Assist\u00eancia Social","og_description":"N\u00facleo de Cadastro \u00fanico, gest\u00e3o de benef\u00edcios assistenciais e transfer\u00eancias de renda Cadastro \u00danico para Programas Sociais identifica e caracteriza as fam\u00edlias de baixa renda residentes emtodo territ\u00f3rio nacional. Ele permite que [&hellip;]","og_url":"https:\/\/www.pmpf.rs.gov.br\/secretaria-de-cidadania-e-assistencia-social\/bolsa-familia\/","og_site_name":"Secretaria de Cidadania e Assist\u00eancia Social","article_modified_time":"2026-04-22T14:21:57+00:00","twitter_card":"summary_large_image","twitter_misc":{"Est. tempo de leitura":"1 minuto"},"schema":{"@context":"https:\/\/schema.org","@graph":[{"@type":"WebPage","@id":"https:\/\/www.pmpf.rs.gov.br\/secretaria-de-cidadania-e-assistencia-social\/bolsa-familia\/","url":"https:\/\/www.pmpf.rs.gov.br\/secretaria-de-cidadania-e-assistencia-social\/bolsa-familia\/","name":"Cadastro \u00danico - Secretaria de Cidadania e Assist\u00eancia Social","isPartOf":{"@id":"https:\/\/www.pmpf.rs.gov.br\/secretaria-de-cidadania-e-assistencia-social\/#website"},"datePublished":"2021-11-16T16:58:33+00:00","dateModified":"2026-04-22T14:21:57+00:00","inLanguage":"pt-BR","potentialAction":[{"@type":"ReadAction","target":["https:\/\/www.pmpf.rs.gov.br\/secretaria-de-cidadania-e-assistencia-social\/bolsa-familia\/"]}]},{"@type":"WebSite","@id":"https:\/\/www.pmpf.rs.gov.br\/secretaria-de-cidadania-e-assistencia-social\/#website","url":"https:\/\/www.pmpf.rs.gov.br\/secretaria-de-cidadania-e-assistencia-social\/","name":"Secretaria de Cidadania e Assist\u00eancia Social","description":"S\u00f3 mais um site Prefeitura de Passo Fundo","potentialAction":[{"@type":"SearchAction","target":{"@type":"EntryPoint","urlTemplate":"https:\/\/www.pmpf.rs.gov.br\/secretaria-de-cidadania-e-assistencia-social\/?s={search_term_string}"},"query-input":{"@type":"PropertyValueSpecification","valueRequired":true,"valueName":"search_term_string"}}],"inLanguage":"pt-BR"}]}},"_links":{"self":[{"href":"https:\/\/www.pmpf.rs.gov.br\/secretaria-de-cidadania-e-assistencia-social\/wp-json\/wp\/v2\/pages\/28"}],"collection":[{"href":"https:\/\/www.pmpf.rs.gov.br\/secretaria-de-cidadania-e-assistencia-social\/wp-json\/wp\/v2\/pages"}],"about":[{"href":"https:\/\/www.pmpf.rs.gov.br\/secretaria-de-cidadania-e-assistencia-social\/wp-json\/wp\/v2\/types\/page"}],"author":[{"embeddable":true,"href":"https:\/\/www.pmpf.rs.gov.br\/secretaria-de-cidadania-e-assistencia-social\/wp-json\/wp\/v2\/users\/1"}],"replies":[{"embeddable":true,"href":"https:\/\/www.pmpf.rs.gov.br\/secretaria-de-cidadania-e-assistencia-social\/wp-json\/wp\/v2\/comments?post=28"}],"version-history":[{"count":3,"href":"https:\/\/www.pmpf.rs.gov.br\/secretaria-de-cidadania-e-assistencia-social\/wp-json\/wp\/v2\/pages\/28\/revisions"}],"predecessor-version":[{"id":1796,"href":"https:\/\/www.pmpf.rs.gov.br\/secretaria-de-cidadania-e-assistencia-social\/wp-json\/wp\/v2\/pages\/28\/revisions\/1796"}],"wp:attachment":[{"href":"https:\/\/www.pmpf.rs.gov.br\/secretaria-de-cidadania-e-assistencia-social\/wp-json\/wp\/v2\/media?parent=28"}],"curies":[{"name":"wp","href":"https:\/\/api.w.org\/{rel}","templated":true}]}}