{"id":22,"date":"2021-11-16T13:55:15","date_gmt":"2021-11-16T16:55:15","guid":{"rendered":"https:\/\/www.pmpf.rs.gov.br\/secretaria-de-cidadania-e-assistencia-social\/?page_id=22"},"modified":"2022-03-04T16:36:28","modified_gmt":"2022-03-04T19:36:28","slug":"apoiar-e-comprometer-pac","status":"publish","type":"page","link":"https:\/\/www.pmpf.rs.gov.br\/secretaria-de-cidadania-e-assistencia-social\/apoiar-e-comprometer-pac\/","title":{"rendered":"Apoiar e Comprometer &#8211; PAC"},"content":{"rendered":"\n<h2 class=\"wp-block-heading\"><em>Projeto destinado a inclus\u00e3o ao trabalho<\/em><\/h2>\n\n\n\n<p><em>Institu\u00eddo pela Lei Ordin\u00e1ria n\u00ba 5009\/2013<br>\u00a7 1\u00ba&nbsp;<\/em>S\u00e3o benefici\u00e1rias do programa institu\u00eddo por esta lei as fam\u00edlias com renda familiar per capita n\u00e3o superior a 1\/4 (um quarto) do sal\u00e1rio m\u00ednimo nacional vigente, que possuam sob sua responsabilidade crian\u00e7as e adolescentes com idade entre zero e dezoito anos incompletos, matriculadas em estabelecimentos de ensino fundamental regular, com frequ\u00eancia escolar igual ou superior a oitenta e cinco por cento.<\/p>\n\n\n\n<p><em>Art. 2\u00ba<\/em>\u00a0O programa institu\u00eddo por esta lei tem como objetivo desenvolver a\u00e7\u00f5es de atendimento \u00e0s fam\u00edlias, fortalecendo a conviv\u00eancia familiar e comunit\u00e1ria, a melhoria da qualidade de vida, assim como, o acesso \u00e0 rede de servi\u00e7os locais; incentivar a participa\u00e7\u00e3o comunit\u00e1ria buscando o fortalecimento das comunidades para a supera\u00e7\u00e3o de suas dificuldades atrav\u00e9s da disponibiliza\u00e7\u00e3o de cursos e oficinas de capacita\u00e7\u00e3o profissional; bem como desencadear um processo de tomada de consci\u00eancia do participante quanto \u00e0s dificuldades e potencialidades de sua comunidade e sua corresponsabilidade para o desenvolvimento.<\/p>\n\n\n\n<p>Aux\u00edlio socioecon\u00f4mico contempla a disponibilidade de benef\u00edcio monet\u00e1rio mensal, sacola de alimentos e uniforme. A inscri\u00e7\u00e3o para o Programa \u00e9 realizada nos CRAS.<\/p>\n\n\n\n<p>Telefone: (54) 3312- 3070<\/p>\n","protected":false},"excerpt":{"rendered":"<p>Projeto destinado a inclus\u00e3o ao trabalho Institu\u00eddo pela Lei Ordin\u00e1ria n\u00ba 5009\/2013\u00a7 1\u00ba&nbsp;S\u00e3o benefici\u00e1rias do programa institu\u00eddo por esta lei as fam\u00edlias com renda familiar per capita n\u00e3o superior a 1\/4 (um [&hellip;]<\/p>\n","protected":false},"author":1,"featured_media":0,"parent":0,"menu_order":0,"comment_status":"closed","ping_status":"closed","template":"","meta":{"footnotes":""},"class_list":["post-22","page","type-page","status-publish","hentry"],"yoast_head":"<!-- This site is optimized with the Yoast SEO plugin v23.8 - https:\/\/yoast.com\/wordpress\/plugins\/seo\/ -->\n<title>Apoiar e Comprometer - PAC - Secretaria de Cidadania e Assist\u00eancia Social<\/title>\n<meta name=\"robots\" content=\"index, follow, max-snippet:-1, max-image-preview:large, max-video-preview:-1\" \/>\n<link rel=\"canonical\" href=\"https:\/\/www.pmpf.rs.gov.br\/secretaria-de-cidadania-e-assistencia-social\/apoiar-e-comprometer-pac\/\" \/>\n<meta property=\"og:locale\" content=\"pt_BR\" \/>\n<meta property=\"og:type\" content=\"article\" \/>\n<meta property=\"og:title\" content=\"Apoiar e Comprometer - PAC - Secretaria de Cidadania e Assist\u00eancia Social\" \/>\n<meta property=\"og:description\" content=\"Projeto destinado a inclus\u00e3o ao trabalho Institu\u00eddo pela Lei Ordin\u00e1ria n\u00ba 5009\/2013\u00a7 1\u00ba&nbsp;S\u00e3o benefici\u00e1rias do programa institu\u00eddo por esta lei as fam\u00edlias com renda familiar per capita n\u00e3o superior a 1\/4 (um [&hellip;]\" \/>\n<meta property=\"og:url\" content=\"https:\/\/www.pmpf.rs.gov.br\/secretaria-de-cidadania-e-assistencia-social\/apoiar-e-comprometer-pac\/\" \/>\n<meta property=\"og:site_name\" content=\"Secretaria de Cidadania e Assist\u00eancia Social\" \/>\n<meta property=\"article:modified_time\" content=\"2022-03-04T19:36:28+00:00\" \/>\n<meta name=\"twitter:card\" content=\"summary_large_image\" \/>\n<meta name=\"twitter:label1\" content=\"Est. tempo de leitura\" \/>\n\t<meta name=\"twitter:data1\" content=\"2 minutos\" \/>\n<script type=\"application\/ld+json\" class=\"yoast-schema-graph\">{\"@context\":\"https:\/\/schema.org\",\"@graph\":[{\"@type\":\"WebPage\",\"@id\":\"https:\/\/www.pmpf.rs.gov.br\/secretaria-de-cidadania-e-assistencia-social\/apoiar-e-comprometer-pac\/\",\"url\":\"https:\/\/www.pmpf.rs.gov.br\/secretaria-de-cidadania-e-assistencia-social\/apoiar-e-comprometer-pac\/\",\"name\":\"Apoiar e Comprometer - PAC - Secretaria de Cidadania e Assist\u00eancia Social\",\"isPartOf\":{\"@id\":\"https:\/\/www.pmpf.rs.gov.br\/secretaria-de-cidadania-e-assistencia-social\/#website\"},\"datePublished\":\"2021-11-16T16:55:15+00:00\",\"dateModified\":\"2022-03-04T19:36:28+00:00\",\"inLanguage\":\"pt-BR\",\"potentialAction\":[{\"@type\":\"ReadAction\",\"target\":[\"https:\/\/www.pmpf.rs.gov.br\/secretaria-de-cidadania-e-assistencia-social\/apoiar-e-comprometer-pac\/\"]}]},{\"@type\":\"WebSite\",\"@id\":\"https:\/\/www.pmpf.rs.gov.br\/secretaria-de-cidadania-e-assistencia-social\/#website\",\"url\":\"https:\/\/www.pmpf.rs.gov.br\/secretaria-de-cidadania-e-assistencia-social\/\",\"name\":\"Secretaria de Cidadania e Assist\u00eancia Social\",\"description\":\"S\u00f3 mais um site Prefeitura de Passo Fundo\",\"potentialAction\":[{\"@type\":\"SearchAction\",\"target\":{\"@type\":\"EntryPoint\",\"urlTemplate\":\"https:\/\/www.pmpf.rs.gov.br\/secretaria-de-cidadania-e-assistencia-social\/?s={search_term_string}\"},\"query-input\":{\"@type\":\"PropertyValueSpecification\",\"valueRequired\":true,\"valueName\":\"search_term_string\"}}],\"inLanguage\":\"pt-BR\"}]}<\/script>\n<!-- \/ Yoast SEO plugin. -->","yoast_head_json":{"title":"Apoiar e Comprometer - PAC - Secretaria de Cidadania e Assist\u00eancia Social","robots":{"index":"index","follow":"follow","max-snippet":"max-snippet:-1","max-image-preview":"max-image-preview:large","max-video-preview":"max-video-preview:-1"},"canonical":"https:\/\/www.pmpf.rs.gov.br\/secretaria-de-cidadania-e-assistencia-social\/apoiar-e-comprometer-pac\/","og_locale":"pt_BR","og_type":"article","og_title":"Apoiar e Comprometer - PAC - Secretaria de Cidadania e Assist\u00eancia Social","og_description":"Projeto destinado a inclus\u00e3o ao trabalho Institu\u00eddo pela Lei Ordin\u00e1ria n\u00ba 5009\/2013\u00a7 1\u00ba&nbsp;S\u00e3o benefici\u00e1rias do programa institu\u00eddo por esta lei as fam\u00edlias com renda familiar per capita n\u00e3o superior a 1\/4 (um [&hellip;]","og_url":"https:\/\/www.pmpf.rs.gov.br\/secretaria-de-cidadania-e-assistencia-social\/apoiar-e-comprometer-pac\/","og_site_name":"Secretaria de Cidadania e Assist\u00eancia Social","article_modified_time":"2022-03-04T19:36:28+00:00","twitter_card":"summary_large_image","twitter_misc":{"Est. tempo de leitura":"2 minutos"},"schema":{"@context":"https:\/\/schema.org","@graph":[{"@type":"WebPage","@id":"https:\/\/www.pmpf.rs.gov.br\/secretaria-de-cidadania-e-assistencia-social\/apoiar-e-comprometer-pac\/","url":"https:\/\/www.pmpf.rs.gov.br\/secretaria-de-cidadania-e-assistencia-social\/apoiar-e-comprometer-pac\/","name":"Apoiar e Comprometer - PAC - Secretaria de Cidadania e Assist\u00eancia Social","isPartOf":{"@id":"https:\/\/www.pmpf.rs.gov.br\/secretaria-de-cidadania-e-assistencia-social\/#website"},"datePublished":"2021-11-16T16:55:15+00:00","dateModified":"2022-03-04T19:36:28+00:00","inLanguage":"pt-BR","potentialAction":[{"@type":"ReadAction","target":["https:\/\/www.pmpf.rs.gov.br\/secretaria-de-cidadania-e-assistencia-social\/apoiar-e-comprometer-pac\/"]}]},{"@type":"WebSite","@id":"https:\/\/www.pmpf.rs.gov.br\/secretaria-de-cidadania-e-assistencia-social\/#website","url":"https:\/\/www.pmpf.rs.gov.br\/secretaria-de-cidadania-e-assistencia-social\/","name":"Secretaria de Cidadania e Assist\u00eancia Social","description":"S\u00f3 mais um site Prefeitura de Passo Fundo","potentialAction":[{"@type":"SearchAction","target":{"@type":"EntryPoint","urlTemplate":"https:\/\/www.pmpf.rs.gov.br\/secretaria-de-cidadania-e-assistencia-social\/?s={search_term_string}"},"query-input":{"@type":"PropertyValueSpecification","valueRequired":true,"valueName":"search_term_string"}}],"inLanguage":"pt-BR"}]}},"_links":{"self":[{"href":"https:\/\/www.pmpf.rs.gov.br\/secretaria-de-cidadania-e-assistencia-social\/wp-json\/wp\/v2\/pages\/22"}],"collection":[{"href":"https:\/\/www.pmpf.rs.gov.br\/secretaria-de-cidadania-e-assistencia-social\/wp-json\/wp\/v2\/pages"}],"about":[{"href":"https:\/\/www.pmpf.rs.gov.br\/secretaria-de-cidadania-e-assistencia-social\/wp-json\/wp\/v2\/types\/page"}],"author":[{"embeddable":true,"href":"https:\/\/www.pmpf.rs.gov.br\/secretaria-de-cidadania-e-assistencia-social\/wp-json\/wp\/v2\/users\/1"}],"replies":[{"embeddable":true,"href":"https:\/\/www.pmpf.rs.gov.br\/secretaria-de-cidadania-e-assistencia-social\/wp-json\/wp\/v2\/comments?post=22"}],"version-history":[{"count":3,"href":"https:\/\/www.pmpf.rs.gov.br\/secretaria-de-cidadania-e-assistencia-social\/wp-json\/wp\/v2\/pages\/22\/revisions"}],"predecessor-version":[{"id":1400,"href":"https:\/\/www.pmpf.rs.gov.br\/secretaria-de-cidadania-e-assistencia-social\/wp-json\/wp\/v2\/pages\/22\/revisions\/1400"}],"wp:attachment":[{"href":"https:\/\/www.pmpf.rs.gov.br\/secretaria-de-cidadania-e-assistencia-social\/wp-json\/wp\/v2\/media?parent=22"}],"curies":[{"name":"wp","href":"https:\/\/api.w.org\/{rel}","templated":true}]}}