{"id":13,"date":"2021-11-16T13:49:38","date_gmt":"2021-11-16T16:49:38","guid":{"rendered":"https:\/\/www.pmpf.rs.gov.br\/secretaria-de-cidadania-e-assistencia-social\/?page_id=13"},"modified":"2025-05-15T15:55:39","modified_gmt":"2025-05-15T18:55:39","slug":"conheca-o-secretario","status":"publish","type":"page","link":"https:\/\/www.pmpf.rs.gov.br\/secretaria-de-cidadania-e-assistencia-social\/conheca-o-secretario\/","title":{"rendered":"Conhe\u00e7a a Secret\u00e1ria"},"content":{"rendered":"\n<h2 class=\"wp-block-heading\">Gest\u00e3o 2025-2028 &#8211; Elenir Chapuis<\/h2>\n\n\n<div class=\"wp-block-image\">\n<figure class=\"alignleft size-large is-resized\"><img loading=\"lazy\" decoding=\"async\" width=\"1024\" height=\"682\" src=\"https:\/\/www.pmpf.rs.gov.br\/secretaria-de-cidadania-e-assistencia-social\/wp-content\/uploads\/sites\/24\/2021\/11\/cidadania-e-assitencia-social-elenir-2025-1024x682.jpg\" alt=\"\" class=\"wp-image-1696\" style=\"width:456px;height:auto\" srcset=\"https:\/\/www.pmpf.rs.gov.br\/secretaria-de-cidadania-e-assistencia-social\/wp-content\/uploads\/sites\/24\/2021\/11\/cidadania-e-assitencia-social-elenir-2025-1024x682.jpg 1024w, https:\/\/www.pmpf.rs.gov.br\/secretaria-de-cidadania-e-assistencia-social\/wp-content\/uploads\/sites\/24\/2021\/11\/cidadania-e-assitencia-social-elenir-2025-300x200.jpg 300w, https:\/\/www.pmpf.rs.gov.br\/secretaria-de-cidadania-e-assistencia-social\/wp-content\/uploads\/sites\/24\/2021\/11\/cidadania-e-assitencia-social-elenir-2025-768x512.jpg 768w, https:\/\/www.pmpf.rs.gov.br\/secretaria-de-cidadania-e-assistencia-social\/wp-content\/uploads\/sites\/24\/2021\/11\/cidadania-e-assitencia-social-elenir-2025.jpg 1280w\" sizes=\"(max-width: 1024px) 100vw, 1024px\" \/><\/figure><\/div>\n\n\n<p>Servidora p\u00fablica municipal h\u00e1 mais de 20 anos, com forma\u00e7\u00e3o em Servi\u00e7o Social e Pol\u00edticas P\u00fablicas, Planejamento e Gest\u00e3o. Sua trajet\u00f3ria no servi\u00e7o p\u00fablico come\u00e7ou nas Casas de Acolhimento, onde iniciou como Educadora Social e posteriormente assumiu a fun\u00e7\u00e3o de Coordenadora de Casa de Acolhimento. Ao longo de sua trajet\u00f3ria, Elenir desempenhou papeis em diversas \u00e1reas da assist\u00eancia social. Foi Conselheira Tutelar por 5 anos, Coordenadora de Prote\u00e7\u00e3o Social Especial por 8 anos, e desde 2012, atuou como Secret\u00e1ria Adjunta. Durante esse per\u00edodo, tamb\u00e9m assumiu interinamente a Secretaria de Assist\u00eancia Social em alguns momentos. Com uma forte atua\u00e7\u00e3o na implanta\u00e7\u00e3o de servi\u00e7os e programas sociais, Elenir foi coordenadora de iniciativas como o Servi\u00e7o de Fam\u00edlia Acolhedora, Centro Pop, Guarda Subsidiada, Resid\u00eancia Inclusiva, dentre outros que contribu\u00edram para o avan\u00e7o da pol\u00edtica p\u00fablica de assist\u00eancia social.<\/p>\n\n\n\n<hr class=\"wp-block-separator has-alpha-channel-opacity\"\/>\n","protected":false},"excerpt":{"rendered":"<p>Gest\u00e3o 2025-2028 &#8211; Elenir Chapuis Servidora p\u00fablica municipal h\u00e1 mais de 20 anos, com forma\u00e7\u00e3o em Servi\u00e7o Social e Pol\u00edticas P\u00fablicas, Planejamento e Gest\u00e3o. Sua trajet\u00f3ria no servi\u00e7o p\u00fablico come\u00e7ou nas Casas [&hellip;]<\/p>\n","protected":false},"author":1,"featured_media":0,"parent":0,"menu_order":0,"comment_status":"closed","ping_status":"closed","template":"","meta":{"footnotes":""},"class_list":["post-13","page","type-page","status-publish","hentry"],"yoast_head":"<!-- This site is optimized with the Yoast SEO plugin v23.8 - https:\/\/yoast.com\/wordpress\/plugins\/seo\/ -->\n<title>Conhe\u00e7a a Secret\u00e1ria - Secretaria de Cidadania e Assist\u00eancia Social<\/title>\n<meta name=\"robots\" content=\"index, follow, max-snippet:-1, max-image-preview:large, max-video-preview:-1\" \/>\n<link rel=\"canonical\" href=\"https:\/\/www.pmpf.rs.gov.br\/secretaria-de-cidadania-e-assistencia-social\/conheca-o-secretario\/\" \/>\n<meta property=\"og:locale\" content=\"pt_BR\" \/>\n<meta property=\"og:type\" content=\"article\" \/>\n<meta property=\"og:title\" content=\"Conhe\u00e7a a Secret\u00e1ria - Secretaria de Cidadania e Assist\u00eancia Social\" \/>\n<meta property=\"og:description\" content=\"Gest\u00e3o 2025-2028 &#8211; Elenir Chapuis Servidora p\u00fablica municipal h\u00e1 mais de 20 anos, com forma\u00e7\u00e3o em Servi\u00e7o Social e Pol\u00edticas P\u00fablicas, Planejamento e Gest\u00e3o. Sua trajet\u00f3ria no servi\u00e7o p\u00fablico come\u00e7ou nas Casas [&hellip;]\" \/>\n<meta property=\"og:url\" content=\"https:\/\/www.pmpf.rs.gov.br\/secretaria-de-cidadania-e-assistencia-social\/conheca-o-secretario\/\" \/>\n<meta property=\"og:site_name\" content=\"Secretaria de Cidadania e Assist\u00eancia Social\" \/>\n<meta property=\"article:modified_time\" content=\"2025-05-15T18:55:39+00:00\" \/>\n<meta property=\"og:image\" content=\"https:\/\/www.pmpf.rs.gov.br\/secretaria-de-cidadania-e-assistencia-social\/wp-content\/uploads\/sites\/24\/2021\/11\/cidadania-e-assitencia-social-elenir-2025.jpg\" \/>\n\t<meta property=\"og:image:width\" content=\"1280\" \/>\n\t<meta property=\"og:image:height\" content=\"853\" \/>\n\t<meta property=\"og:image:type\" content=\"image\/jpeg\" \/>\n<meta name=\"twitter:card\" content=\"summary_large_image\" \/>\n<meta name=\"twitter:label1\" content=\"Est. tempo de leitura\" \/>\n\t<meta name=\"twitter:data1\" content=\"1 minuto\" \/>\n<script type=\"application\/ld+json\" class=\"yoast-schema-graph\">{\"@context\":\"https:\/\/schema.org\",\"@graph\":[{\"@type\":\"WebPage\",\"@id\":\"https:\/\/www.pmpf.rs.gov.br\/secretaria-de-cidadania-e-assistencia-social\/conheca-o-secretario\/\",\"url\":\"https:\/\/www.pmpf.rs.gov.br\/secretaria-de-cidadania-e-assistencia-social\/conheca-o-secretario\/\",\"name\":\"Conhe\u00e7a a Secret\u00e1ria - Secretaria de Cidadania e Assist\u00eancia Social\",\"isPartOf\":{\"@id\":\"https:\/\/www.pmpf.rs.gov.br\/secretaria-de-cidadania-e-assistencia-social\/#website\"},\"primaryImageOfPage\":{\"@id\":\"https:\/\/www.pmpf.rs.gov.br\/secretaria-de-cidadania-e-assistencia-social\/conheca-o-secretario\/#primaryimage\"},\"image\":{\"@id\":\"https:\/\/www.pmpf.rs.gov.br\/secretaria-de-cidadania-e-assistencia-social\/conheca-o-secretario\/#primaryimage\"},\"thumbnailUrl\":\"https:\/\/www.pmpf.rs.gov.br\/secretaria-de-cidadania-e-assistencia-social\/wp-content\/uploads\/sites\/24\/2021\/11\/cidadania-e-assitencia-social-elenir-2025-1024x682.jpg\",\"datePublished\":\"2021-11-16T16:49:38+00:00\",\"dateModified\":\"2025-05-15T18:55:39+00:00\",\"inLanguage\":\"pt-BR\",\"potentialAction\":[{\"@type\":\"ReadAction\",\"target\":[\"https:\/\/www.pmpf.rs.gov.br\/secretaria-de-cidadania-e-assistencia-social\/conheca-o-secretario\/\"]}]},{\"@type\":\"ImageObject\",\"inLanguage\":\"pt-BR\",\"@id\":\"https:\/\/www.pmpf.rs.gov.br\/secretaria-de-cidadania-e-assistencia-social\/conheca-o-secretario\/#primaryimage\",\"url\":\"https:\/\/www.pmpf.rs.gov.br\/secretaria-de-cidadania-e-assistencia-social\/wp-content\/uploads\/sites\/24\/2021\/11\/cidadania-e-assitencia-social-elenir-2025.jpg\",\"contentUrl\":\"https:\/\/www.pmpf.rs.gov.br\/secretaria-de-cidadania-e-assistencia-social\/wp-content\/uploads\/sites\/24\/2021\/11\/cidadania-e-assitencia-social-elenir-2025.jpg\",\"width\":1280,\"height\":853},{\"@type\":\"WebSite\",\"@id\":\"https:\/\/www.pmpf.rs.gov.br\/secretaria-de-cidadania-e-assistencia-social\/#website\",\"url\":\"https:\/\/www.pmpf.rs.gov.br\/secretaria-de-cidadania-e-assistencia-social\/\",\"name\":\"Secretaria de Cidadania e Assist\u00eancia Social\",\"description\":\"S\u00f3 mais um site Prefeitura de Passo Fundo\",\"potentialAction\":[{\"@type\":\"SearchAction\",\"target\":{\"@type\":\"EntryPoint\",\"urlTemplate\":\"https:\/\/www.pmpf.rs.gov.br\/secretaria-de-cidadania-e-assistencia-social\/?s={search_term_string}\"},\"query-input\":{\"@type\":\"PropertyValueSpecification\",\"valueRequired\":true,\"valueName\":\"search_term_string\"}}],\"inLanguage\":\"pt-BR\"}]}<\/script>\n<!-- \/ Yoast SEO plugin. -->","yoast_head_json":{"title":"Conhe\u00e7a a Secret\u00e1ria - Secretaria de Cidadania e Assist\u00eancia Social","robots":{"index":"index","follow":"follow","max-snippet":"max-snippet:-1","max-image-preview":"max-image-preview:large","max-video-preview":"max-video-preview:-1"},"canonical":"https:\/\/www.pmpf.rs.gov.br\/secretaria-de-cidadania-e-assistencia-social\/conheca-o-secretario\/","og_locale":"pt_BR","og_type":"article","og_title":"Conhe\u00e7a a Secret\u00e1ria - Secretaria de Cidadania e Assist\u00eancia Social","og_description":"Gest\u00e3o 2025-2028 &#8211; Elenir Chapuis Servidora p\u00fablica municipal h\u00e1 mais de 20 anos, com forma\u00e7\u00e3o em Servi\u00e7o Social e Pol\u00edticas P\u00fablicas, Planejamento e Gest\u00e3o. Sua trajet\u00f3ria no servi\u00e7o p\u00fablico come\u00e7ou nas Casas [&hellip;]","og_url":"https:\/\/www.pmpf.rs.gov.br\/secretaria-de-cidadania-e-assistencia-social\/conheca-o-secretario\/","og_site_name":"Secretaria de Cidadania e Assist\u00eancia Social","article_modified_time":"2025-05-15T18:55:39+00:00","og_image":[{"width":1280,"height":853,"url":"https:\/\/www.pmpf.rs.gov.br\/secretaria-de-cidadania-e-assistencia-social\/wp-content\/uploads\/sites\/24\/2021\/11\/cidadania-e-assitencia-social-elenir-2025.jpg","type":"image\/jpeg"}],"twitter_card":"summary_large_image","twitter_misc":{"Est. tempo de leitura":"1 minuto"},"schema":{"@context":"https:\/\/schema.org","@graph":[{"@type":"WebPage","@id":"https:\/\/www.pmpf.rs.gov.br\/secretaria-de-cidadania-e-assistencia-social\/conheca-o-secretario\/","url":"https:\/\/www.pmpf.rs.gov.br\/secretaria-de-cidadania-e-assistencia-social\/conheca-o-secretario\/","name":"Conhe\u00e7a a Secret\u00e1ria - Secretaria de Cidadania e Assist\u00eancia Social","isPartOf":{"@id":"https:\/\/www.pmpf.rs.gov.br\/secretaria-de-cidadania-e-assistencia-social\/#website"},"primaryImageOfPage":{"@id":"https:\/\/www.pmpf.rs.gov.br\/secretaria-de-cidadania-e-assistencia-social\/conheca-o-secretario\/#primaryimage"},"image":{"@id":"https:\/\/www.pmpf.rs.gov.br\/secretaria-de-cidadania-e-assistencia-social\/conheca-o-secretario\/#primaryimage"},"thumbnailUrl":"https:\/\/www.pmpf.rs.gov.br\/secretaria-de-cidadania-e-assistencia-social\/wp-content\/uploads\/sites\/24\/2021\/11\/cidadania-e-assitencia-social-elenir-2025-1024x682.jpg","datePublished":"2021-11-16T16:49:38+00:00","dateModified":"2025-05-15T18:55:39+00:00","inLanguage":"pt-BR","potentialAction":[{"@type":"ReadAction","target":["https:\/\/www.pmpf.rs.gov.br\/secretaria-de-cidadania-e-assistencia-social\/conheca-o-secretario\/"]}]},{"@type":"ImageObject","inLanguage":"pt-BR","@id":"https:\/\/www.pmpf.rs.gov.br\/secretaria-de-cidadania-e-assistencia-social\/conheca-o-secretario\/#primaryimage","url":"https:\/\/www.pmpf.rs.gov.br\/secretaria-de-cidadania-e-assistencia-social\/wp-content\/uploads\/sites\/24\/2021\/11\/cidadania-e-assitencia-social-elenir-2025.jpg","contentUrl":"https:\/\/www.pmpf.rs.gov.br\/secretaria-de-cidadania-e-assistencia-social\/wp-content\/uploads\/sites\/24\/2021\/11\/cidadania-e-assitencia-social-elenir-2025.jpg","width":1280,"height":853},{"@type":"WebSite","@id":"https:\/\/www.pmpf.rs.gov.br\/secretaria-de-cidadania-e-assistencia-social\/#website","url":"https:\/\/www.pmpf.rs.gov.br\/secretaria-de-cidadania-e-assistencia-social\/","name":"Secretaria de Cidadania e Assist\u00eancia Social","description":"S\u00f3 mais um site Prefeitura de Passo Fundo","potentialAction":[{"@type":"SearchAction","target":{"@type":"EntryPoint","urlTemplate":"https:\/\/www.pmpf.rs.gov.br\/secretaria-de-cidadania-e-assistencia-social\/?s={search_term_string}"},"query-input":{"@type":"PropertyValueSpecification","valueRequired":true,"valueName":"search_term_string"}}],"inLanguage":"pt-BR"}]}},"_links":{"self":[{"href":"https:\/\/www.pmpf.rs.gov.br\/secretaria-de-cidadania-e-assistencia-social\/wp-json\/wp\/v2\/pages\/13"}],"collection":[{"href":"https:\/\/www.pmpf.rs.gov.br\/secretaria-de-cidadania-e-assistencia-social\/wp-json\/wp\/v2\/pages"}],"about":[{"href":"https:\/\/www.pmpf.rs.gov.br\/secretaria-de-cidadania-e-assistencia-social\/wp-json\/wp\/v2\/types\/page"}],"author":[{"embeddable":true,"href":"https:\/\/www.pmpf.rs.gov.br\/secretaria-de-cidadania-e-assistencia-social\/wp-json\/wp\/v2\/users\/1"}],"replies":[{"embeddable":true,"href":"https:\/\/www.pmpf.rs.gov.br\/secretaria-de-cidadania-e-assistencia-social\/wp-json\/wp\/v2\/comments?post=13"}],"version-history":[{"count":14,"href":"https:\/\/www.pmpf.rs.gov.br\/secretaria-de-cidadania-e-assistencia-social\/wp-json\/wp\/v2\/pages\/13\/revisions"}],"predecessor-version":[{"id":1736,"href":"https:\/\/www.pmpf.rs.gov.br\/secretaria-de-cidadania-e-assistencia-social\/wp-json\/wp\/v2\/pages\/13\/revisions\/1736"}],"wp:attachment":[{"href":"https:\/\/www.pmpf.rs.gov.br\/secretaria-de-cidadania-e-assistencia-social\/wp-json\/wp\/v2\/media?parent=13"}],"curies":[{"name":"wp","href":"https:\/\/api.w.org\/{rel}","templated":true}]}}