{"id":6,"date":"2021-11-10T14:25:13","date_gmt":"2021-11-10T17:25:13","guid":{"rendered":"https:\/\/www.pmpf.rs.gov.br\/secretaria-de-agricultura-e-desenvolvimento-rural\/?page_id=6"},"modified":"2025-05-09T09:46:53","modified_gmt":"2025-05-09T12:46:53","slug":"inicial","status":"publish","type":"page","link":"https:\/\/www.pmpf.rs.gov.br\/secretaria-de-agricultura-e-desenvolvimento-rural\/","title":{"rendered":"Inicial"},"content":{"rendered":"\n<h2 class=\"wp-block-heading has-text-align-left\" id=\"e-a-secretaria-que-realiza-trabalhos-no-planejamento-e-execucao-no-interior-de-passo-fundo\">Realiza trabalhos no planejamento e execu\u00e7\u00e3o no interior de Passo Fundo.<\/h2>\n\n\n<div class=\"wp-block-image is-resized\">\n<figure class=\"alignleft size-large\"><img loading=\"lazy\" decoding=\"async\" width=\"1024\" height=\"768\" src=\"https:\/\/www.pmpf.rs.gov.br\/secretaria-de-agricultura-e-desenvolvimento-rural\/wp-content\/uploads\/sites\/5\/2022\/07\/smader_foto1-1024x768.jpg\" alt=\"\" class=\"wp-image-750\" style=\"width:486px;height:auto\" srcset=\"https:\/\/www.pmpf.rs.gov.br\/secretaria-de-agricultura-e-desenvolvimento-rural\/wp-content\/uploads\/sites\/5\/2022\/07\/smader_foto1-1024x768.jpg 1024w, https:\/\/www.pmpf.rs.gov.br\/secretaria-de-agricultura-e-desenvolvimento-rural\/wp-content\/uploads\/sites\/5\/2022\/07\/smader_foto1-300x225.jpg 300w, https:\/\/www.pmpf.rs.gov.br\/secretaria-de-agricultura-e-desenvolvimento-rural\/wp-content\/uploads\/sites\/5\/2022\/07\/smader_foto1-768x576.jpg 768w, https:\/\/www.pmpf.rs.gov.br\/secretaria-de-agricultura-e-desenvolvimento-rural\/wp-content\/uploads\/sites\/5\/2022\/07\/smader_foto1.jpg 1032w\" sizes=\"(max-width: 1024px) 100vw, 1024px\" \/><\/figure><\/div>\n\n\n<p>A Secretaria da Agricultura e Desenvolvimento Rural &#8211; SMADER \u00e9 o \u00f3rg\u00e3o municipal encarregado de coordenar, orientar, controlar e executar pol\u00edticas de desenvolvimento agropecu\u00e1rio da \u00e1rea rural de Passo Fundo, bem como realizar projetos e programas que visem o fomento dos produtores rurais.&nbsp;<\/p>\n\n\n\n<p>Buscando o desenvolvimento rural, com \u00eanfase na qualidade de vida da comunidade do interior, a SMADER realiza a manuten\u00e7\u00e3o das estradas, melhoria do acesso \u00e0s propriedades, melhorias da infraestrutura no atendimento a sa\u00fade, educa\u00e7\u00e3o, telefonia, seguran\u00e7a, saneamento b\u00e1sico, ilumina\u00e7\u00e3o, coleta de lixo e transporte em parceria com as demais secretarias do munic\u00edpio.<\/p>\n\n\n\n<p>A zona rural do munic\u00edpio possui seis distritos: Bela Vista, Bom Recreio, Pulador, S\u00e3o Roque, Santo Ant\u00f4nio do Capinzal e Sede Independ\u00eancia.<\/p>\n\n\n\n<p><strong>Junto a Secretaria funciona a Unidade Municipal de Cadastro do INCRA.<\/strong><\/p>\n\n\n\n<hr class=\"wp-block-separator has-css-opacity\"\/>\n\n\n\n<h3 class=\"wp-block-heading\">Esta\u00e7\u00f5es Meteorol\u00f3gicas<\/h3>\n\n\n\n<div style=\"height:10px\" aria-hidden=\"true\" class=\"wp-block-spacer\"><\/div>\n\n\n\n<div class=\"wp-block-columns is-layout-flex wp-container-core-columns-is-layout-1 wp-block-columns-is-layout-flex\">\n<div class=\"wp-block-column is-layout-flow wp-block-column-is-layout-flow\">\n<script defer src=\"https:\/\/wdg.plugfield.com.br\/device\/plugfield-widget-v1-sd-x.js\"><\/script>\n\n<div style=\"width: 350px;\">\n<plugfield-widget-v1 data-device=\"4416\" data-width=\"100%\" data-key=\"eyJhbGciOiJIUzI1NiIsInR5cCI6IkpXVCJ9.eyJ1aWQiOjc1NjM0LCJhaWQiOjc2MzQ3LCJvcmlnaW4iOiJwbXBmLnJzLmdvdi5iciIsImlhdCI6MTc0NTUyMjgxOX0.KzJcSWj2FYA4ek1sUubt0R7jAx6ASsHDr4VxMce_JO4\"><\/plugfield-widget-v1>\n<\/div>\n<\/div>\n\n\n\n<div class=\"wp-block-column is-layout-flow wp-block-column-is-layout-flow\">\n<script defer src=\"https:\/\/wdg.plugfield.com.br\/device\/plugfield-widget-v1-sd-x.js\"><\/script>\n\n<div style=\"width: 350px;\">\n<plugfield-widget-v1 data-device=\"4283\" data-width=\"100%\" data-key=\"eyJhbGciOiJIUzI1NiIsInR5cCI6IkpXVCJ9.eyJ1aWQiOjc1NjM0LCJhaWQiOjc2MzQ3LCJvcmlnaW4iOiJwbXBmLnJzLmdvdi5iciIsImlhdCI6MTc0NTUyMjgxOX0.KzJcSWj2FYA4ek1sUubt0R7jAx6ASsHDr4VxMce_JO4\"><\/plugfield-widget-v1>\n<\/div>\n<\/div>\n<\/div>\n\n\n\n<div style=\"height:20px\" aria-hidden=\"true\" class=\"wp-block-spacer\"><\/div>\n\n\n\n<div class=\"wp-block-buttons is-content-justification-center is-layout-flex wp-container-core-buttons-is-layout-1 wp-block-buttons-is-layout-flex\">\n<div class=\"wp-block-button has-custom-font-size\" style=\"font-size:16px\"><a class=\"wp-block-button__link has-white-color has-blue-background-color has-text-color has-background has-link-color wp-element-button\" href=\"https:\/\/www.pmpf.rs.gov.br\/estacoesmeteorologicas\" style=\"border-radius:12px\" target=\"_blank\" rel=\"noreferrer noopener\">Dados Todas Esta\u00e7\u00f5es Meteorol\u00f3gicas<\/a><\/div>\n<\/div>\n\n\n\n<div style=\"height:10px\" aria-hidden=\"true\" class=\"wp-block-spacer\"><\/div>\n\n\n\n<hr class=\"wp-block-separator has-alpha-channel-opacity\"\/>\n\n\n\n<p class=\"has-black-color has-grey-background-color has-text-color has-background\">Os servi\u00e7os de atendimento veterin\u00e1rio para animais de estima\u00e7\u00e3o s\u00e3o realizados no Ambulat\u00f3rio Veterin\u00e1rio Municipal na Rua Silva Jardim, n\u00ba 373, Bairro Annes. Contato: (54) 3311-5494. Hor\u00e1rio de atendimento das 8:00 \u00e0s 11:30 e das 13h30min \u00e0s 17h, de segunda \u00e0 sexta. Eles s\u00e3o de compet\u00eancia da Secretaria do Meio Ambiente.<\/p>\n\n\n\n<hr class=\"wp-block-separator has-css-opacity\"\/>\n\n\n\n<p><\/p>\n","protected":false},"excerpt":{"rendered":"<p>Realiza trabalhos no planejamento e execu\u00e7\u00e3o no interior de Passo Fundo. A Secretaria da Agricultura e Desenvolvimento Rural &#8211; SMADER \u00e9 o \u00f3rg\u00e3o municipal encarregado de coordenar, orientar, controlar e executar pol\u00edticas [&hellip;]<\/p>\n","protected":false},"author":1,"featured_media":682,"parent":0,"menu_order":0,"comment_status":"closed","ping_status":"closed","template":"page_secretaria_com_sidebar.php","meta":{"footnotes":""},"class_list":["post-6","page","type-page","status-publish","has-post-thumbnail","hentry"],"yoast_head":"<!-- This site is optimized with the Yoast SEO plugin v23.8 - https:\/\/yoast.com\/wordpress\/plugins\/seo\/ -->\n<title>Inicial - Secretaria de Agricultura e Desenvolvimento Rural<\/title>\n<meta name=\"robots\" content=\"index, follow, max-snippet:-1, max-image-preview:large, max-video-preview:-1\" \/>\n<link rel=\"canonical\" href=\"https:\/\/www.pmpf.rs.gov.br\/secretaria-de-agricultura-e-desenvolvimento-rural\/\" \/>\n<meta property=\"og:locale\" content=\"pt_BR\" \/>\n<meta property=\"og:type\" content=\"article\" \/>\n<meta property=\"og:title\" content=\"Inicial - Secretaria de Agricultura e Desenvolvimento Rural\" \/>\n<meta property=\"og:description\" content=\"Realiza trabalhos no planejamento e execu\u00e7\u00e3o no interior de Passo Fundo. A Secretaria da Agricultura e Desenvolvimento Rural &#8211; SMADER \u00e9 o \u00f3rg\u00e3o municipal encarregado de coordenar, orientar, controlar e executar pol\u00edticas [&hellip;]\" \/>\n<meta property=\"og:url\" content=\"https:\/\/www.pmpf.rs.gov.br\/secretaria-de-agricultura-e-desenvolvimento-rural\/\" \/>\n<meta property=\"og:site_name\" content=\"Secretaria de Agricultura e Desenvolvimento Rural\" \/>\n<meta property=\"article:modified_time\" content=\"2025-05-09T12:46:53+00:00\" \/>\n<meta name=\"twitter:card\" content=\"summary_large_image\" \/>\n<meta name=\"twitter:label1\" content=\"Est. tempo de leitura\" \/>\n\t<meta name=\"twitter:data1\" content=\"2 minutos\" \/>\n<script type=\"application\/ld+json\" class=\"yoast-schema-graph\">{\"@context\":\"https:\/\/schema.org\",\"@graph\":[{\"@type\":\"WebPage\",\"@id\":\"https:\/\/www.pmpf.rs.gov.br\/secretaria-de-agricultura-e-desenvolvimento-rural\/\",\"url\":\"https:\/\/www.pmpf.rs.gov.br\/secretaria-de-agricultura-e-desenvolvimento-rural\/\",\"name\":\"Inicial - Secretaria de Agricultura e Desenvolvimento Rural\",\"isPartOf\":{\"@id\":\"https:\/\/www.pmpf.rs.gov.br\/secretaria-de-agricultura-e-desenvolvimento-rural\/#website\"},\"primaryImageOfPage\":{\"@id\":\"https:\/\/www.pmpf.rs.gov.br\/secretaria-de-agricultura-e-desenvolvimento-rural\/#primaryimage\"},\"image\":{\"@id\":\"https:\/\/www.pmpf.rs.gov.br\/secretaria-de-agricultura-e-desenvolvimento-rural\/#primaryimage\"},\"thumbnailUrl\":\"https:\/\/www.pmpf.rs.gov.br\/secretaria-de-agricultura-e-desenvolvimento-rural\/wp-content\/uploads\/sites\/5\/2021\/12\/icone-agro.svg\",\"datePublished\":\"2021-11-10T17:25:13+00:00\",\"dateModified\":\"2025-05-09T12:46:53+00:00\",\"inLanguage\":\"pt-BR\",\"potentialAction\":[{\"@type\":\"ReadAction\",\"target\":[\"https:\/\/www.pmpf.rs.gov.br\/secretaria-de-agricultura-e-desenvolvimento-rural\/\"]}]},{\"@type\":\"ImageObject\",\"inLanguage\":\"pt-BR\",\"@id\":\"https:\/\/www.pmpf.rs.gov.br\/secretaria-de-agricultura-e-desenvolvimento-rural\/#primaryimage\",\"url\":\"https:\/\/www.pmpf.rs.gov.br\/secretaria-de-agricultura-e-desenvolvimento-rural\/wp-content\/uploads\/sites\/5\/2021\/12\/icone-agro.svg\",\"contentUrl\":\"https:\/\/www.pmpf.rs.gov.br\/secretaria-de-agricultura-e-desenvolvimento-rural\/wp-content\/uploads\/sites\/5\/2021\/12\/icone-agro.svg\",\"width\":280,\"height\":280},{\"@type\":\"WebSite\",\"@id\":\"https:\/\/www.pmpf.rs.gov.br\/secretaria-de-agricultura-e-desenvolvimento-rural\/#website\",\"url\":\"https:\/\/www.pmpf.rs.gov.br\/secretaria-de-agricultura-e-desenvolvimento-rural\/\",\"name\":\"Secretaria de Agricultura e Desenvolvimento Rural\",\"description\":\"S\u00f3 mais um site Prefeitura Municipal de Passo Fundo Sites\",\"potentialAction\":[{\"@type\":\"SearchAction\",\"target\":{\"@type\":\"EntryPoint\",\"urlTemplate\":\"https:\/\/www.pmpf.rs.gov.br\/secretaria-de-agricultura-e-desenvolvimento-rural\/?s={search_term_string}\"},\"query-input\":{\"@type\":\"PropertyValueSpecification\",\"valueRequired\":true,\"valueName\":\"search_term_string\"}}],\"inLanguage\":\"pt-BR\"}]}<\/script>\n<!-- \/ Yoast SEO plugin. -->","yoast_head_json":{"title":"Inicial - Secretaria de Agricultura e Desenvolvimento Rural","robots":{"index":"index","follow":"follow","max-snippet":"max-snippet:-1","max-image-preview":"max-image-preview:large","max-video-preview":"max-video-preview:-1"},"canonical":"https:\/\/www.pmpf.rs.gov.br\/secretaria-de-agricultura-e-desenvolvimento-rural\/","og_locale":"pt_BR","og_type":"article","og_title":"Inicial - Secretaria de Agricultura e Desenvolvimento Rural","og_description":"Realiza trabalhos no planejamento e execu\u00e7\u00e3o no interior de Passo Fundo. A Secretaria da Agricultura e Desenvolvimento Rural &#8211; SMADER \u00e9 o \u00f3rg\u00e3o municipal encarregado de coordenar, orientar, controlar e executar pol\u00edticas [&hellip;]","og_url":"https:\/\/www.pmpf.rs.gov.br\/secretaria-de-agricultura-e-desenvolvimento-rural\/","og_site_name":"Secretaria de Agricultura e Desenvolvimento Rural","article_modified_time":"2025-05-09T12:46:53+00:00","twitter_card":"summary_large_image","twitter_misc":{"Est. tempo de leitura":"2 minutos"},"schema":{"@context":"https:\/\/schema.org","@graph":[{"@type":"WebPage","@id":"https:\/\/www.pmpf.rs.gov.br\/secretaria-de-agricultura-e-desenvolvimento-rural\/","url":"https:\/\/www.pmpf.rs.gov.br\/secretaria-de-agricultura-e-desenvolvimento-rural\/","name":"Inicial - Secretaria de Agricultura e Desenvolvimento Rural","isPartOf":{"@id":"https:\/\/www.pmpf.rs.gov.br\/secretaria-de-agricultura-e-desenvolvimento-rural\/#website"},"primaryImageOfPage":{"@id":"https:\/\/www.pmpf.rs.gov.br\/secretaria-de-agricultura-e-desenvolvimento-rural\/#primaryimage"},"image":{"@id":"https:\/\/www.pmpf.rs.gov.br\/secretaria-de-agricultura-e-desenvolvimento-rural\/#primaryimage"},"thumbnailUrl":"https:\/\/www.pmpf.rs.gov.br\/secretaria-de-agricultura-e-desenvolvimento-rural\/wp-content\/uploads\/sites\/5\/2021\/12\/icone-agro.svg","datePublished":"2021-11-10T17:25:13+00:00","dateModified":"2025-05-09T12:46:53+00:00","inLanguage":"pt-BR","potentialAction":[{"@type":"ReadAction","target":["https:\/\/www.pmpf.rs.gov.br\/secretaria-de-agricultura-e-desenvolvimento-rural\/"]}]},{"@type":"ImageObject","inLanguage":"pt-BR","@id":"https:\/\/www.pmpf.rs.gov.br\/secretaria-de-agricultura-e-desenvolvimento-rural\/#primaryimage","url":"https:\/\/www.pmpf.rs.gov.br\/secretaria-de-agricultura-e-desenvolvimento-rural\/wp-content\/uploads\/sites\/5\/2021\/12\/icone-agro.svg","contentUrl":"https:\/\/www.pmpf.rs.gov.br\/secretaria-de-agricultura-e-desenvolvimento-rural\/wp-content\/uploads\/sites\/5\/2021\/12\/icone-agro.svg","width":280,"height":280},{"@type":"WebSite","@id":"https:\/\/www.pmpf.rs.gov.br\/secretaria-de-agricultura-e-desenvolvimento-rural\/#website","url":"https:\/\/www.pmpf.rs.gov.br\/secretaria-de-agricultura-e-desenvolvimento-rural\/","name":"Secretaria de Agricultura e Desenvolvimento Rural","description":"S\u00f3 mais um site Prefeitura Municipal de Passo Fundo Sites","potentialAction":[{"@type":"SearchAction","target":{"@type":"EntryPoint","urlTemplate":"https:\/\/www.pmpf.rs.gov.br\/secretaria-de-agricultura-e-desenvolvimento-rural\/?s={search_term_string}"},"query-input":{"@type":"PropertyValueSpecification","valueRequired":true,"valueName":"search_term_string"}}],"inLanguage":"pt-BR"}]}},"_links":{"self":[{"href":"https:\/\/www.pmpf.rs.gov.br\/secretaria-de-agricultura-e-desenvolvimento-rural\/wp-json\/wp\/v2\/pages\/6"}],"collection":[{"href":"https:\/\/www.pmpf.rs.gov.br\/secretaria-de-agricultura-e-desenvolvimento-rural\/wp-json\/wp\/v2\/pages"}],"about":[{"href":"https:\/\/www.pmpf.rs.gov.br\/secretaria-de-agricultura-e-desenvolvimento-rural\/wp-json\/wp\/v2\/types\/page"}],"author":[{"embeddable":true,"href":"https:\/\/www.pmpf.rs.gov.br\/secretaria-de-agricultura-e-desenvolvimento-rural\/wp-json\/wp\/v2\/users\/1"}],"replies":[{"embeddable":true,"href":"https:\/\/www.pmpf.rs.gov.br\/secretaria-de-agricultura-e-desenvolvimento-rural\/wp-json\/wp\/v2\/comments?post=6"}],"version-history":[{"count":30,"href":"https:\/\/www.pmpf.rs.gov.br\/secretaria-de-agricultura-e-desenvolvimento-rural\/wp-json\/wp\/v2\/pages\/6\/revisions"}],"predecessor-version":[{"id":988,"href":"https:\/\/www.pmpf.rs.gov.br\/secretaria-de-agricultura-e-desenvolvimento-rural\/wp-json\/wp\/v2\/pages\/6\/revisions\/988"}],"wp:featuredmedia":[{"embeddable":true,"href":"https:\/\/www.pmpf.rs.gov.br\/secretaria-de-agricultura-e-desenvolvimento-rural\/wp-json\/wp\/v2\/media\/682"}],"wp:attachment":[{"href":"https:\/\/www.pmpf.rs.gov.br\/secretaria-de-agricultura-e-desenvolvimento-rural\/wp-json\/wp\/v2\/media?parent=6"}],"curies":[{"name":"wp","href":"https:\/\/api.w.org\/{rel}","templated":true}]}}