{"id":46,"date":"2021-11-10T15:04:01","date_gmt":"2021-11-10T18:04:01","guid":{"rendered":"https:\/\/www.pmpf.rs.gov.br\/secretaria-de-agricultura-e-desenvolvimento-rural\/?page_id=46"},"modified":"2022-11-01T10:40:14","modified_gmt":"2022-11-01T13:40:14","slug":"sao-roque","status":"publish","type":"page","link":"https:\/\/www.pmpf.rs.gov.br\/secretaria-de-agricultura-e-desenvolvimento-rural\/sao-roque\/","title":{"rendered":"S\u00e3o Roque"},"content":{"rendered":"<div class=\"wp-block-image\">\n<figure class=\"alignleft size-full is-resized\"><img loading=\"lazy\" decoding=\"async\" src=\"https:\/\/www.pmpf.rs.gov.br\/secretaria-de-agricultura-e-desenvolvimento-rural\/wp-content\/uploads\/sites\/5\/2021\/11\/I2013-10-29_02_50_00_164470.jpg\" alt=\"\" class=\"wp-image-47\" width=\"250\" height=\"233\"\/><\/figure><\/div>\n\n\n<p>O Distrito de S\u00e3o Roque possui hoje toda a infra-estrutura necess\u00e1ria, como estradas em boas condi\u00e7\u00f5es de trafegabilidade, disponibilidade de energia, rede de \u00e1gua e policiamento rural, para atrair os investidores que queiram se instalar no distrito.<\/p>\n\n\n\n<p><strong>\u00c1rea Territorial:<\/strong> 14.831,22 hectares<br><strong>Popula\u00e7\u00e3o aproximada:<\/strong> 2.500 habitantes<br><strong>Dist\u00e2ncia do Centro Administrativo Municipal:<\/strong> 8 Km<\/p>\n\n\n\n<p><strong>Limites<\/strong><\/p>\n\n\n\n<p>Ao norte com o munic\u00edpio de Passo Fundo<br>Ao leste com o distrito de Sede Independ\u00eancia<br>Ao oeste com o Distrito de Santo Ant\u00f4nio do Capinzal<br>Ao sul com o munic\u00edpio de Marau<\/p>\n\n\n\n<p><strong>Atividades da Subprefeitura<\/strong><\/p>\n\n\n\n<p><strong>Sa\u00fade<\/strong><\/p>\n\n\n\n<p>Ambulat\u00f3rio municipal com atendimento e agendamento de exames cl\u00ednicos e m\u00e9dico credenciado pela rede municipal de sa\u00fade.<\/p>\n\n\n\n<p>Auxiliar de enfermagem para atendimentos na comunidade como verifica\u00e7\u00e3o de press\u00e3o arterial, aplica\u00e7\u00e3o de inje\u00e7\u00f5es e curativos, inclusive a domic\u00edlio.<\/p>\n\n\n\n<p><strong>Educa\u00e7\u00e3o<\/strong><\/p>\n\n\n\n<p>O distrito possui seis escolas de ensino fundamental com um total de 350 alunos.<\/p>\n\n\n\n<p><strong>Agricultura<\/strong><\/p>\n\n\n\n<p>A atividade agr\u00edcola do distrito \u00e9 expressiva, destacando-se a produ\u00e7\u00e3o de milho, soja, trigo, cevada, feij\u00e3o e hortifrutigranjeiros.<\/p>\n\n\n\n<p><strong>Ind\u00fastria<\/strong><\/p>\n\n\n\n<p>S\u00e3o Roque possui pedreiras, olarias, avi\u00e1rios, abatedouros de bovinos e su\u00ednos e usinas de britagem.<\/p>\n\n\n\n<p><strong>Pecu\u00e1ria<\/strong><\/p>\n\n\n\n<p>Os abatedouros e a produ\u00e7\u00e3o de derivados de carne impulsionam a economia do distrito.<\/p>\n\n\n\n<p><strong>Turismo Rural<\/strong><\/p>\n\n\n\n<p>Na \u00e1rea do distrito de S\u00e3o Roque est\u00e3o localizados os principais pontos tur\u00edsticos do munic\u00edpio, como o Parque da Rosel\u00e2ndia com as sedes campestres do Clube Juvenil, Clube Industrial, da Rosel\u00e2ndia e o Parque de Rodeios. O rio Jacu\u00ed tamb\u00e9m oferece grandes atrativos, com suas quedas d\u2019\u00e1gua e o Balne\u00e1rio Sold\u00e1, al\u00e9m de trilhas ecol\u00f3gicas.<\/p>\n\n\n\n<p><strong>Balne\u00e1rio Sold\u00e1 localizado em S\u00e3o Br\u00e1s<\/strong><\/p>\n\n\n\n<p>A Gruta de Nossa Senhora de Lourdes na localidade de S\u00e3o Valentim, recebe centenas de romeiros todos os anos.<\/p>\n\n\n\n<p><strong>Mapa<\/strong><\/p>\n\n\n\n<figure class=\"wp-block-image size-large is-style-default\"><a href=\"https:\/\/earth.google.com\/web\/@-28.31804954,-52.39046851,806.20128677a,0d,35y,111.5053h,32.4365t,-0r?utm_source=earth7&amp;utm_campaign=vine&amp;hl=pt-BR\"><img loading=\"lazy\" decoding=\"async\" width=\"1024\" height=\"644\" src=\"https:\/\/www.pmpf.rs.gov.br\/secretaria-de-agricultura-e-desenvolvimento-rural\/wp-content\/uploads\/sites\/5\/2022\/11\/googleearth-saoroque-1024x644.jpg\" alt=\"\" class=\"wp-image-797\" srcset=\"https:\/\/www.pmpf.rs.gov.br\/secretaria-de-agricultura-e-desenvolvimento-rural\/wp-content\/uploads\/sites\/5\/2022\/11\/googleearth-saoroque-1024x644.jpg 1024w, https:\/\/www.pmpf.rs.gov.br\/secretaria-de-agricultura-e-desenvolvimento-rural\/wp-content\/uploads\/sites\/5\/2022\/11\/googleearth-saoroque-300x189.jpg 300w, https:\/\/www.pmpf.rs.gov.br\/secretaria-de-agricultura-e-desenvolvimento-rural\/wp-content\/uploads\/sites\/5\/2022\/11\/googleearth-saoroque-768x483.jpg 768w, https:\/\/www.pmpf.rs.gov.br\/secretaria-de-agricultura-e-desenvolvimento-rural\/wp-content\/uploads\/sites\/5\/2022\/11\/googleearth-saoroque.jpg 1501w\" sizes=\"(max-width: 1024px) 100vw, 1024px\" \/><\/a><\/figure>\n","protected":false},"excerpt":{"rendered":"<p>O Distrito de S\u00e3o Roque possui hoje toda a infra-estrutura necess\u00e1ria, como estradas em boas condi\u00e7\u00f5es de trafegabilidade, disponibilidade de energia, rede de \u00e1gua e policiamento rural, para atrair os investidores que [&hellip;]<\/p>\n","protected":false},"author":1,"featured_media":0,"parent":0,"menu_order":0,"comment_status":"closed","ping_status":"closed","template":"","meta":{"footnotes":""},"class_list":["post-46","page","type-page","status-publish","hentry"],"yoast_head":"<!-- This site is optimized with the Yoast SEO plugin v23.8 - https:\/\/yoast.com\/wordpress\/plugins\/seo\/ -->\n<title>S\u00e3o Roque - Secretaria de Agricultura e Desenvolvimento Rural<\/title>\n<meta name=\"robots\" content=\"index, follow, max-snippet:-1, max-image-preview:large, max-video-preview:-1\" \/>\n<link rel=\"canonical\" href=\"https:\/\/www.pmpf.rs.gov.br\/secretaria-de-agricultura-e-desenvolvimento-rural\/sao-roque\/\" \/>\n<meta property=\"og:locale\" content=\"pt_BR\" \/>\n<meta property=\"og:type\" content=\"article\" \/>\n<meta property=\"og:title\" content=\"S\u00e3o Roque - Secretaria de Agricultura e Desenvolvimento Rural\" \/>\n<meta property=\"og:description\" content=\"O Distrito de S\u00e3o Roque possui hoje toda a infra-estrutura necess\u00e1ria, como estradas em boas condi\u00e7\u00f5es de trafegabilidade, disponibilidade de energia, rede de \u00e1gua e policiamento rural, para atrair os investidores que [&hellip;]\" \/>\n<meta property=\"og:url\" content=\"https:\/\/www.pmpf.rs.gov.br\/secretaria-de-agricultura-e-desenvolvimento-rural\/sao-roque\/\" \/>\n<meta property=\"og:site_name\" content=\"Secretaria de Agricultura e Desenvolvimento Rural\" \/>\n<meta property=\"article:modified_time\" content=\"2022-11-01T13:40:14+00:00\" \/>\n<meta property=\"og:image\" content=\"https:\/\/www.pmpf.rs.gov.br\/secretaria-de-agricultura-e-desenvolvimento-rural\/wp-content\/uploads\/sites\/5\/2021\/11\/I2013-10-29_02_50_00_164470.jpg\" \/>\n<meta name=\"twitter:card\" content=\"summary_large_image\" \/>\n<meta name=\"twitter:label1\" content=\"Est. tempo de leitura\" \/>\n\t<meta name=\"twitter:data1\" content=\"2 minutos\" \/>\n<script type=\"application\/ld+json\" class=\"yoast-schema-graph\">{\"@context\":\"https:\/\/schema.org\",\"@graph\":[{\"@type\":\"WebPage\",\"@id\":\"https:\/\/www.pmpf.rs.gov.br\/secretaria-de-agricultura-e-desenvolvimento-rural\/sao-roque\/\",\"url\":\"https:\/\/www.pmpf.rs.gov.br\/secretaria-de-agricultura-e-desenvolvimento-rural\/sao-roque\/\",\"name\":\"S\u00e3o Roque - Secretaria de Agricultura e Desenvolvimento Rural\",\"isPartOf\":{\"@id\":\"https:\/\/www.pmpf.rs.gov.br\/secretaria-de-agricultura-e-desenvolvimento-rural\/#website\"},\"primaryImageOfPage\":{\"@id\":\"https:\/\/www.pmpf.rs.gov.br\/secretaria-de-agricultura-e-desenvolvimento-rural\/sao-roque\/#primaryimage\"},\"image\":{\"@id\":\"https:\/\/www.pmpf.rs.gov.br\/secretaria-de-agricultura-e-desenvolvimento-rural\/sao-roque\/#primaryimage\"},\"thumbnailUrl\":\"https:\/\/www.pmpf.rs.gov.br\/secretaria-de-agricultura-e-desenvolvimento-rural\/wp-content\/uploads\/sites\/5\/2021\/11\/I2013-10-29_02_50_00_164470.jpg\",\"datePublished\":\"2021-11-10T18:04:01+00:00\",\"dateModified\":\"2022-11-01T13:40:14+00:00\",\"inLanguage\":\"pt-BR\",\"potentialAction\":[{\"@type\":\"ReadAction\",\"target\":[\"https:\/\/www.pmpf.rs.gov.br\/secretaria-de-agricultura-e-desenvolvimento-rural\/sao-roque\/\"]}]},{\"@type\":\"ImageObject\",\"inLanguage\":\"pt-BR\",\"@id\":\"https:\/\/www.pmpf.rs.gov.br\/secretaria-de-agricultura-e-desenvolvimento-rural\/sao-roque\/#primaryimage\",\"url\":\"https:\/\/www.pmpf.rs.gov.br\/secretaria-de-agricultura-e-desenvolvimento-rural\/wp-content\/uploads\/sites\/5\/2021\/11\/I2013-10-29_02_50_00_164470.jpg\",\"contentUrl\":\"https:\/\/www.pmpf.rs.gov.br\/secretaria-de-agricultura-e-desenvolvimento-rural\/wp-content\/uploads\/sites\/5\/2021\/11\/I2013-10-29_02_50_00_164470.jpg\",\"width\":200,\"height\":186},{\"@type\":\"WebSite\",\"@id\":\"https:\/\/www.pmpf.rs.gov.br\/secretaria-de-agricultura-e-desenvolvimento-rural\/#website\",\"url\":\"https:\/\/www.pmpf.rs.gov.br\/secretaria-de-agricultura-e-desenvolvimento-rural\/\",\"name\":\"Secretaria de Agricultura e Desenvolvimento Rural\",\"description\":\"S\u00f3 mais um site Prefeitura Municipal de Passo Fundo Sites\",\"potentialAction\":[{\"@type\":\"SearchAction\",\"target\":{\"@type\":\"EntryPoint\",\"urlTemplate\":\"https:\/\/www.pmpf.rs.gov.br\/secretaria-de-agricultura-e-desenvolvimento-rural\/?s={search_term_string}\"},\"query-input\":{\"@type\":\"PropertyValueSpecification\",\"valueRequired\":true,\"valueName\":\"search_term_string\"}}],\"inLanguage\":\"pt-BR\"}]}<\/script>\n<!-- \/ Yoast SEO plugin. -->","yoast_head_json":{"title":"S\u00e3o Roque - Secretaria de Agricultura e Desenvolvimento Rural","robots":{"index":"index","follow":"follow","max-snippet":"max-snippet:-1","max-image-preview":"max-image-preview:large","max-video-preview":"max-video-preview:-1"},"canonical":"https:\/\/www.pmpf.rs.gov.br\/secretaria-de-agricultura-e-desenvolvimento-rural\/sao-roque\/","og_locale":"pt_BR","og_type":"article","og_title":"S\u00e3o Roque - Secretaria de Agricultura e Desenvolvimento Rural","og_description":"O Distrito de S\u00e3o Roque possui hoje toda a infra-estrutura necess\u00e1ria, como estradas em boas condi\u00e7\u00f5es de trafegabilidade, disponibilidade de energia, rede de \u00e1gua e policiamento rural, para atrair os investidores que [&hellip;]","og_url":"https:\/\/www.pmpf.rs.gov.br\/secretaria-de-agricultura-e-desenvolvimento-rural\/sao-roque\/","og_site_name":"Secretaria de Agricultura e Desenvolvimento Rural","article_modified_time":"2022-11-01T13:40:14+00:00","og_image":[{"url":"https:\/\/www.pmpf.rs.gov.br\/secretaria-de-agricultura-e-desenvolvimento-rural\/wp-content\/uploads\/sites\/5\/2021\/11\/I2013-10-29_02_50_00_164470.jpg"}],"twitter_card":"summary_large_image","twitter_misc":{"Est. tempo de leitura":"2 minutos"},"schema":{"@context":"https:\/\/schema.org","@graph":[{"@type":"WebPage","@id":"https:\/\/www.pmpf.rs.gov.br\/secretaria-de-agricultura-e-desenvolvimento-rural\/sao-roque\/","url":"https:\/\/www.pmpf.rs.gov.br\/secretaria-de-agricultura-e-desenvolvimento-rural\/sao-roque\/","name":"S\u00e3o Roque - Secretaria de Agricultura e Desenvolvimento Rural","isPartOf":{"@id":"https:\/\/www.pmpf.rs.gov.br\/secretaria-de-agricultura-e-desenvolvimento-rural\/#website"},"primaryImageOfPage":{"@id":"https:\/\/www.pmpf.rs.gov.br\/secretaria-de-agricultura-e-desenvolvimento-rural\/sao-roque\/#primaryimage"},"image":{"@id":"https:\/\/www.pmpf.rs.gov.br\/secretaria-de-agricultura-e-desenvolvimento-rural\/sao-roque\/#primaryimage"},"thumbnailUrl":"https:\/\/www.pmpf.rs.gov.br\/secretaria-de-agricultura-e-desenvolvimento-rural\/wp-content\/uploads\/sites\/5\/2021\/11\/I2013-10-29_02_50_00_164470.jpg","datePublished":"2021-11-10T18:04:01+00:00","dateModified":"2022-11-01T13:40:14+00:00","inLanguage":"pt-BR","potentialAction":[{"@type":"ReadAction","target":["https:\/\/www.pmpf.rs.gov.br\/secretaria-de-agricultura-e-desenvolvimento-rural\/sao-roque\/"]}]},{"@type":"ImageObject","inLanguage":"pt-BR","@id":"https:\/\/www.pmpf.rs.gov.br\/secretaria-de-agricultura-e-desenvolvimento-rural\/sao-roque\/#primaryimage","url":"https:\/\/www.pmpf.rs.gov.br\/secretaria-de-agricultura-e-desenvolvimento-rural\/wp-content\/uploads\/sites\/5\/2021\/11\/I2013-10-29_02_50_00_164470.jpg","contentUrl":"https:\/\/www.pmpf.rs.gov.br\/secretaria-de-agricultura-e-desenvolvimento-rural\/wp-content\/uploads\/sites\/5\/2021\/11\/I2013-10-29_02_50_00_164470.jpg","width":200,"height":186},{"@type":"WebSite","@id":"https:\/\/www.pmpf.rs.gov.br\/secretaria-de-agricultura-e-desenvolvimento-rural\/#website","url":"https:\/\/www.pmpf.rs.gov.br\/secretaria-de-agricultura-e-desenvolvimento-rural\/","name":"Secretaria de Agricultura e Desenvolvimento Rural","description":"S\u00f3 mais um site Prefeitura Municipal de Passo Fundo Sites","potentialAction":[{"@type":"SearchAction","target":{"@type":"EntryPoint","urlTemplate":"https:\/\/www.pmpf.rs.gov.br\/secretaria-de-agricultura-e-desenvolvimento-rural\/?s={search_term_string}"},"query-input":{"@type":"PropertyValueSpecification","valueRequired":true,"valueName":"search_term_string"}}],"inLanguage":"pt-BR"}]}},"_links":{"self":[{"href":"https:\/\/www.pmpf.rs.gov.br\/secretaria-de-agricultura-e-desenvolvimento-rural\/wp-json\/wp\/v2\/pages\/46"}],"collection":[{"href":"https:\/\/www.pmpf.rs.gov.br\/secretaria-de-agricultura-e-desenvolvimento-rural\/wp-json\/wp\/v2\/pages"}],"about":[{"href":"https:\/\/www.pmpf.rs.gov.br\/secretaria-de-agricultura-e-desenvolvimento-rural\/wp-json\/wp\/v2\/types\/page"}],"author":[{"embeddable":true,"href":"https:\/\/www.pmpf.rs.gov.br\/secretaria-de-agricultura-e-desenvolvimento-rural\/wp-json\/wp\/v2\/users\/1"}],"replies":[{"embeddable":true,"href":"https:\/\/www.pmpf.rs.gov.br\/secretaria-de-agricultura-e-desenvolvimento-rural\/wp-json\/wp\/v2\/comments?post=46"}],"version-history":[{"count":4,"href":"https:\/\/www.pmpf.rs.gov.br\/secretaria-de-agricultura-e-desenvolvimento-rural\/wp-json\/wp\/v2\/pages\/46\/revisions"}],"predecessor-version":[{"id":799,"href":"https:\/\/www.pmpf.rs.gov.br\/secretaria-de-agricultura-e-desenvolvimento-rural\/wp-json\/wp\/v2\/pages\/46\/revisions\/799"}],"wp:attachment":[{"href":"https:\/\/www.pmpf.rs.gov.br\/secretaria-de-agricultura-e-desenvolvimento-rural\/wp-json\/wp\/v2\/media?parent=46"}],"curies":[{"name":"wp","href":"https:\/\/api.w.org\/{rel}","templated":true}]}}