{"id":43,"date":"2021-11-10T15:03:10","date_gmt":"2021-11-10T18:03:10","guid":{"rendered":"https:\/\/www.pmpf.rs.gov.br\/secretaria-de-agricultura-e-desenvolvimento-rural\/?page_id=43"},"modified":"2022-11-01T10:37:39","modified_gmt":"2022-11-01T13:37:39","slug":"sede-independencia","status":"publish","type":"page","link":"https:\/\/www.pmpf.rs.gov.br\/secretaria-de-agricultura-e-desenvolvimento-rural\/sede-independencia\/","title":{"rendered":"Sede Independ\u00eancia"},"content":{"rendered":"<div class=\"wp-block-image\">\n<figure class=\"alignleft size-full is-resized\"><img loading=\"lazy\" decoding=\"async\" src=\"https:\/\/www.pmpf.rs.gov.br\/secretaria-de-agricultura-e-desenvolvimento-rural\/wp-content\/uploads\/sites\/5\/2021\/11\/I2013-10-29_03_11_07_164470.jpg\" alt=\"\" class=\"wp-image-44\" width=\"195\" height=\"181\"\/><\/figure><\/div>\n\n\n<p>O Distrito de Sede Independ\u00eancia est\u00e1 situado \u00e0s margens da rodovia RS 324.<\/p>\n\n\n\n<p><strong>\u00c1rea Territorial:<\/strong> 2.863,88 hectares<br><strong>Popula\u00e7\u00e3o aproximada:<\/strong> 1.200 habitantes<br><strong>Dist\u00e2ncia do Centro Administrativo Municipal:<\/strong> 18 Km<\/p>\n\n\n\n<p><strong>Limites<\/strong><\/p>\n\n\n\n<p>Ao norte com o munic\u00edpio de Passo fundo<br>Ao leste com o munic\u00edpio de Mato Castelhano<br>Ao oeste com o distrito de S\u00e3o Roque<br>Ao sul com o munic\u00edpio de Marau<\/p>\n\n\n\n<p><strong>Atividades da Subprefeitura<\/strong><\/p>\n\n\n\n<p><strong>Sa\u00fade<\/strong><\/p>\n\n\n\n<p>Ambulat\u00f3rio municipal com atendimento e agendamento de exames cl\u00ednicos e m\u00e9dico credenciado pela rede municipal de sa\u00fade.<\/p>\n\n\n\n<p>Auxiliar de enfermagem para atendimentos na comunidade como verifica\u00e7\u00e3o de press\u00e3o arterial, aplica\u00e7\u00e3o de inje\u00e7\u00f5es e curativos.<\/p>\n\n\n\n<p>No pr\u00e9dio do ambulat\u00f3rio tamb\u00e9m est\u00e1 instalada a subprefeitura.<\/p>\n\n\n\n<p><strong>Educa\u00e7\u00e3o<\/strong><\/p>\n\n\n\n<p>Escola de Ensino Fundamental Valdemar Zanatta, com 100 alunos nos turnos da manh\u00e3 e tarde. Ve\u00edculos de transporte escolar para as crian\u00e7as que residem no meio rural e alunos que cursam o ensino m\u00e9dio e superior na sede do munic\u00edpio de Passo Fundo.<\/p>\n\n\n\n<p>No distrito funcionam ainda um clube de m\u00e3es, denominado \u201cAmigas Buscando Amigas\u201d e um grupo CATI.<\/p>\n\n\n\n<p><strong>Agricultura<\/strong><\/p>\n\n\n\n<p>As principais atividades do Distrito de Sede Independ\u00eancia s\u00e3o a produ\u00e7\u00e3o de soja, milho, trigo, cevada e aveia. Em rela\u00e7\u00e3o \u00e0 pecu\u00e1ria existem v\u00e1rios criadores de gado, destacando-se as Pecu\u00e1rias Bier e Balbinot. A pecu\u00e1ria leiteira e a cria\u00e7\u00e3o de ovinos, tamb\u00e9m t\u00eam destaque no distrito.<\/p>\n\n\n\n<p><strong>Com\u00e9rcio<\/strong><\/p>\n\n\n\n<p>O Distrito possui um mercado, al\u00e9m de bares, armaz\u00e9ns e um sal\u00e3o comunit\u00e1rio.<\/p>\n\n\n\n<p><strong>Ind\u00fastria<\/strong><\/p>\n\n\n\n<p>O artesanato \u00e9 uma atividade comum no distrito que possui ainda uma unidade de recebimento e beneficiamento de leite.<\/p>\n\n\n\n<p><strong>Turismo<\/strong><\/p>\n\n\n\n<p>Sede Independ\u00eancia possui a primeira hidroel\u00e9trica constru\u00edda no munic\u00edpio de Passo Fundo, cuja inaugura\u00e7\u00e3o ocorreu no ano de 1912. Em 1932 na gest\u00e3o do prefeito Scarpelini Ghezzi \u00e9 inaugurada a nova sede da hidroel\u00e9trica, cujo pr\u00e9dio existe at\u00e9 os dias de hoje.<\/p>\n\n\n\n<p>O rio Taquari, com suas quedas d\u2019\u00e1gua oferece um belo espet\u00e1culo da natureza. Aqui \u00e9 realizada anualmente, no m\u00eas de fevereiro, a prociss\u00e3o flutuante de Nossa Senhora dos Navegantes, com a participa\u00e7\u00e3o de romeiros de todas as regi\u00f5es do estado e de v\u00e1rias partes do Brasil. Igreja de Nossa Senhora dos Navegantes, no n\u00facleo urbano do distrito.<\/p>\n\n\n\n<p><strong>Mapa<\/strong><\/p>\n\n\n\n<figure class=\"wp-block-image size-large is-style-default\"><a href=\"https:\/\/earth.google.com\/web\/@-28.37905499,-52.25439425,801.56509868a,0d,35y,-0.0093h,30t,-0r?utm_source=earth7&amp;utm_campaign=vine&amp;hl=pt-BR\"><img loading=\"lazy\" decoding=\"async\" width=\"1024\" height=\"644\" src=\"https:\/\/www.pmpf.rs.gov.br\/secretaria-de-agricultura-e-desenvolvimento-rural\/wp-content\/uploads\/sites\/5\/2022\/11\/googleearth-sIndependencia-1024x644.jpg\" alt=\"\" class=\"wp-image-795\" srcset=\"https:\/\/www.pmpf.rs.gov.br\/secretaria-de-agricultura-e-desenvolvimento-rural\/wp-content\/uploads\/sites\/5\/2022\/11\/googleearth-sIndependencia-1024x644.jpg 1024w, https:\/\/www.pmpf.rs.gov.br\/secretaria-de-agricultura-e-desenvolvimento-rural\/wp-content\/uploads\/sites\/5\/2022\/11\/googleearth-sIndependencia-300x189.jpg 300w, https:\/\/www.pmpf.rs.gov.br\/secretaria-de-agricultura-e-desenvolvimento-rural\/wp-content\/uploads\/sites\/5\/2022\/11\/googleearth-sIndependencia-768x483.jpg 768w, https:\/\/www.pmpf.rs.gov.br\/secretaria-de-agricultura-e-desenvolvimento-rural\/wp-content\/uploads\/sites\/5\/2022\/11\/googleearth-sIndependencia.jpg 1501w\" sizes=\"(max-width: 1024px) 100vw, 1024px\" \/><\/a><\/figure>\n","protected":false},"excerpt":{"rendered":"<p>O Distrito de Sede Independ\u00eancia est\u00e1 situado \u00e0s margens da rodovia RS 324. \u00c1rea Territorial: 2.863,88 hectaresPopula\u00e7\u00e3o aproximada: 1.200 habitantesDist\u00e2ncia do Centro Administrativo Municipal: 18 Km Limites Ao norte com o munic\u00edpio [&hellip;]<\/p>\n","protected":false},"author":1,"featured_media":0,"parent":0,"menu_order":0,"comment_status":"closed","ping_status":"closed","template":"","meta":{"footnotes":""},"class_list":["post-43","page","type-page","status-publish","hentry"],"yoast_head":"<!-- This site is optimized with the Yoast SEO plugin v23.8 - https:\/\/yoast.com\/wordpress\/plugins\/seo\/ -->\n<title>Sede Independ\u00eancia - Secretaria de Agricultura e Desenvolvimento Rural<\/title>\n<meta name=\"robots\" content=\"index, follow, max-snippet:-1, max-image-preview:large, max-video-preview:-1\" \/>\n<link rel=\"canonical\" href=\"https:\/\/www.pmpf.rs.gov.br\/secretaria-de-agricultura-e-desenvolvimento-rural\/sede-independencia\/\" \/>\n<meta property=\"og:locale\" content=\"pt_BR\" \/>\n<meta property=\"og:type\" content=\"article\" \/>\n<meta property=\"og:title\" content=\"Sede Independ\u00eancia - Secretaria de Agricultura e Desenvolvimento Rural\" \/>\n<meta property=\"og:description\" content=\"O Distrito de Sede Independ\u00eancia est\u00e1 situado \u00e0s margens da rodovia RS 324. \u00c1rea Territorial: 2.863,88 hectaresPopula\u00e7\u00e3o aproximada: 1.200 habitantesDist\u00e2ncia do Centro Administrativo Municipal: 18 Km Limites Ao norte com o munic\u00edpio [&hellip;]\" \/>\n<meta property=\"og:url\" content=\"https:\/\/www.pmpf.rs.gov.br\/secretaria-de-agricultura-e-desenvolvimento-rural\/sede-independencia\/\" \/>\n<meta property=\"og:site_name\" content=\"Secretaria de Agricultura e Desenvolvimento Rural\" \/>\n<meta property=\"article:modified_time\" content=\"2022-11-01T13:37:39+00:00\" \/>\n<meta property=\"og:image\" content=\"https:\/\/www.pmpf.rs.gov.br\/secretaria-de-agricultura-e-desenvolvimento-rural\/wp-content\/uploads\/sites\/5\/2021\/11\/I2013-10-29_03_11_07_164470.jpg\" \/>\n<meta name=\"twitter:card\" content=\"summary_large_image\" \/>\n<meta name=\"twitter:label1\" content=\"Est. tempo de leitura\" \/>\n\t<meta name=\"twitter:data1\" content=\"2 minutos\" \/>\n<script type=\"application\/ld+json\" class=\"yoast-schema-graph\">{\"@context\":\"https:\/\/schema.org\",\"@graph\":[{\"@type\":\"WebPage\",\"@id\":\"https:\/\/www.pmpf.rs.gov.br\/secretaria-de-agricultura-e-desenvolvimento-rural\/sede-independencia\/\",\"url\":\"https:\/\/www.pmpf.rs.gov.br\/secretaria-de-agricultura-e-desenvolvimento-rural\/sede-independencia\/\",\"name\":\"Sede Independ\u00eancia - Secretaria de Agricultura e Desenvolvimento Rural\",\"isPartOf\":{\"@id\":\"https:\/\/www.pmpf.rs.gov.br\/secretaria-de-agricultura-e-desenvolvimento-rural\/#website\"},\"primaryImageOfPage\":{\"@id\":\"https:\/\/www.pmpf.rs.gov.br\/secretaria-de-agricultura-e-desenvolvimento-rural\/sede-independencia\/#primaryimage\"},\"image\":{\"@id\":\"https:\/\/www.pmpf.rs.gov.br\/secretaria-de-agricultura-e-desenvolvimento-rural\/sede-independencia\/#primaryimage\"},\"thumbnailUrl\":\"https:\/\/www.pmpf.rs.gov.br\/secretaria-de-agricultura-e-desenvolvimento-rural\/wp-content\/uploads\/sites\/5\/2021\/11\/I2013-10-29_03_11_07_164470.jpg\",\"datePublished\":\"2021-11-10T18:03:10+00:00\",\"dateModified\":\"2022-11-01T13:37:39+00:00\",\"inLanguage\":\"pt-BR\",\"potentialAction\":[{\"@type\":\"ReadAction\",\"target\":[\"https:\/\/www.pmpf.rs.gov.br\/secretaria-de-agricultura-e-desenvolvimento-rural\/sede-independencia\/\"]}]},{\"@type\":\"ImageObject\",\"inLanguage\":\"pt-BR\",\"@id\":\"https:\/\/www.pmpf.rs.gov.br\/secretaria-de-agricultura-e-desenvolvimento-rural\/sede-independencia\/#primaryimage\",\"url\":\"https:\/\/www.pmpf.rs.gov.br\/secretaria-de-agricultura-e-desenvolvimento-rural\/wp-content\/uploads\/sites\/5\/2021\/11\/I2013-10-29_03_11_07_164470.jpg\",\"contentUrl\":\"https:\/\/www.pmpf.rs.gov.br\/secretaria-de-agricultura-e-desenvolvimento-rural\/wp-content\/uploads\/sites\/5\/2021\/11\/I2013-10-29_03_11_07_164470.jpg\",\"width\":200,\"height\":186},{\"@type\":\"WebSite\",\"@id\":\"https:\/\/www.pmpf.rs.gov.br\/secretaria-de-agricultura-e-desenvolvimento-rural\/#website\",\"url\":\"https:\/\/www.pmpf.rs.gov.br\/secretaria-de-agricultura-e-desenvolvimento-rural\/\",\"name\":\"Secretaria de Agricultura e Desenvolvimento Rural\",\"description\":\"S\u00f3 mais um site Prefeitura Municipal de Passo Fundo Sites\",\"potentialAction\":[{\"@type\":\"SearchAction\",\"target\":{\"@type\":\"EntryPoint\",\"urlTemplate\":\"https:\/\/www.pmpf.rs.gov.br\/secretaria-de-agricultura-e-desenvolvimento-rural\/?s={search_term_string}\"},\"query-input\":{\"@type\":\"PropertyValueSpecification\",\"valueRequired\":true,\"valueName\":\"search_term_string\"}}],\"inLanguage\":\"pt-BR\"}]}<\/script>\n<!-- \/ Yoast SEO plugin. -->","yoast_head_json":{"title":"Sede Independ\u00eancia - Secretaria de Agricultura e Desenvolvimento Rural","robots":{"index":"index","follow":"follow","max-snippet":"max-snippet:-1","max-image-preview":"max-image-preview:large","max-video-preview":"max-video-preview:-1"},"canonical":"https:\/\/www.pmpf.rs.gov.br\/secretaria-de-agricultura-e-desenvolvimento-rural\/sede-independencia\/","og_locale":"pt_BR","og_type":"article","og_title":"Sede Independ\u00eancia - Secretaria de Agricultura e Desenvolvimento Rural","og_description":"O Distrito de Sede Independ\u00eancia est\u00e1 situado \u00e0s margens da rodovia RS 324. \u00c1rea Territorial: 2.863,88 hectaresPopula\u00e7\u00e3o aproximada: 1.200 habitantesDist\u00e2ncia do Centro Administrativo Municipal: 18 Km Limites Ao norte com o munic\u00edpio [&hellip;]","og_url":"https:\/\/www.pmpf.rs.gov.br\/secretaria-de-agricultura-e-desenvolvimento-rural\/sede-independencia\/","og_site_name":"Secretaria de Agricultura e Desenvolvimento Rural","article_modified_time":"2022-11-01T13:37:39+00:00","og_image":[{"url":"https:\/\/www.pmpf.rs.gov.br\/secretaria-de-agricultura-e-desenvolvimento-rural\/wp-content\/uploads\/sites\/5\/2021\/11\/I2013-10-29_03_11_07_164470.jpg"}],"twitter_card":"summary_large_image","twitter_misc":{"Est. tempo de leitura":"2 minutos"},"schema":{"@context":"https:\/\/schema.org","@graph":[{"@type":"WebPage","@id":"https:\/\/www.pmpf.rs.gov.br\/secretaria-de-agricultura-e-desenvolvimento-rural\/sede-independencia\/","url":"https:\/\/www.pmpf.rs.gov.br\/secretaria-de-agricultura-e-desenvolvimento-rural\/sede-independencia\/","name":"Sede Independ\u00eancia - Secretaria de Agricultura e Desenvolvimento Rural","isPartOf":{"@id":"https:\/\/www.pmpf.rs.gov.br\/secretaria-de-agricultura-e-desenvolvimento-rural\/#website"},"primaryImageOfPage":{"@id":"https:\/\/www.pmpf.rs.gov.br\/secretaria-de-agricultura-e-desenvolvimento-rural\/sede-independencia\/#primaryimage"},"image":{"@id":"https:\/\/www.pmpf.rs.gov.br\/secretaria-de-agricultura-e-desenvolvimento-rural\/sede-independencia\/#primaryimage"},"thumbnailUrl":"https:\/\/www.pmpf.rs.gov.br\/secretaria-de-agricultura-e-desenvolvimento-rural\/wp-content\/uploads\/sites\/5\/2021\/11\/I2013-10-29_03_11_07_164470.jpg","datePublished":"2021-11-10T18:03:10+00:00","dateModified":"2022-11-01T13:37:39+00:00","inLanguage":"pt-BR","potentialAction":[{"@type":"ReadAction","target":["https:\/\/www.pmpf.rs.gov.br\/secretaria-de-agricultura-e-desenvolvimento-rural\/sede-independencia\/"]}]},{"@type":"ImageObject","inLanguage":"pt-BR","@id":"https:\/\/www.pmpf.rs.gov.br\/secretaria-de-agricultura-e-desenvolvimento-rural\/sede-independencia\/#primaryimage","url":"https:\/\/www.pmpf.rs.gov.br\/secretaria-de-agricultura-e-desenvolvimento-rural\/wp-content\/uploads\/sites\/5\/2021\/11\/I2013-10-29_03_11_07_164470.jpg","contentUrl":"https:\/\/www.pmpf.rs.gov.br\/secretaria-de-agricultura-e-desenvolvimento-rural\/wp-content\/uploads\/sites\/5\/2021\/11\/I2013-10-29_03_11_07_164470.jpg","width":200,"height":186},{"@type":"WebSite","@id":"https:\/\/www.pmpf.rs.gov.br\/secretaria-de-agricultura-e-desenvolvimento-rural\/#website","url":"https:\/\/www.pmpf.rs.gov.br\/secretaria-de-agricultura-e-desenvolvimento-rural\/","name":"Secretaria de Agricultura e Desenvolvimento Rural","description":"S\u00f3 mais um site Prefeitura Municipal de Passo Fundo Sites","potentialAction":[{"@type":"SearchAction","target":{"@type":"EntryPoint","urlTemplate":"https:\/\/www.pmpf.rs.gov.br\/secretaria-de-agricultura-e-desenvolvimento-rural\/?s={search_term_string}"},"query-input":{"@type":"PropertyValueSpecification","valueRequired":true,"valueName":"search_term_string"}}],"inLanguage":"pt-BR"}]}},"_links":{"self":[{"href":"https:\/\/www.pmpf.rs.gov.br\/secretaria-de-agricultura-e-desenvolvimento-rural\/wp-json\/wp\/v2\/pages\/43"}],"collection":[{"href":"https:\/\/www.pmpf.rs.gov.br\/secretaria-de-agricultura-e-desenvolvimento-rural\/wp-json\/wp\/v2\/pages"}],"about":[{"href":"https:\/\/www.pmpf.rs.gov.br\/secretaria-de-agricultura-e-desenvolvimento-rural\/wp-json\/wp\/v2\/types\/page"}],"author":[{"embeddable":true,"href":"https:\/\/www.pmpf.rs.gov.br\/secretaria-de-agricultura-e-desenvolvimento-rural\/wp-json\/wp\/v2\/users\/1"}],"replies":[{"embeddable":true,"href":"https:\/\/www.pmpf.rs.gov.br\/secretaria-de-agricultura-e-desenvolvimento-rural\/wp-json\/wp\/v2\/comments?post=43"}],"version-history":[{"count":3,"href":"https:\/\/www.pmpf.rs.gov.br\/secretaria-de-agricultura-e-desenvolvimento-rural\/wp-json\/wp\/v2\/pages\/43\/revisions"}],"predecessor-version":[{"id":796,"href":"https:\/\/www.pmpf.rs.gov.br\/secretaria-de-agricultura-e-desenvolvimento-rural\/wp-json\/wp\/v2\/pages\/43\/revisions\/796"}],"wp:attachment":[{"href":"https:\/\/www.pmpf.rs.gov.br\/secretaria-de-agricultura-e-desenvolvimento-rural\/wp-json\/wp\/v2\/media?parent=43"}],"curies":[{"name":"wp","href":"https:\/\/api.w.org\/{rel}","templated":true}]}}