{"id":40,"date":"2021-11-10T15:02:07","date_gmt":"2021-11-10T18:02:07","guid":{"rendered":"https:\/\/www.pmpf.rs.gov.br\/secretaria-de-agricultura-e-desenvolvimento-rural\/?page_id=40"},"modified":"2022-11-01T10:35:05","modified_gmt":"2022-11-01T13:35:05","slug":"santo-antonio-do-capinzal","status":"publish","type":"page","link":"https:\/\/www.pmpf.rs.gov.br\/secretaria-de-agricultura-e-desenvolvimento-rural\/santo-antonio-do-capinzal\/","title":{"rendered":"Santo Ant\u00f4nio do Capinzal"},"content":{"rendered":"\n<h2 class=\"wp-block-heading\">Distrito de Passo Fundo<\/h2>\n\n\n<div class=\"wp-block-image\">\n<figure class=\"alignleft size-full is-resized\"><img loading=\"lazy\" decoding=\"async\" src=\"https:\/\/www.pmpf.rs.gov.br\/secretaria-de-agricultura-e-desenvolvimento-rural\/wp-content\/uploads\/sites\/5\/2021\/11\/I2015-06-15_05_58_35_106220.jpg\" alt=\"\" class=\"wp-image-41\" width=\"238\" height=\"221\"\/><\/figure><\/div>\n\n\n<p>O Distrito de Santo Ant\u00f4nio do Capinzal foi criado em 20 de agosto de 2010, possui hoje toda a infra-estrutura necess\u00e1ria, como estradas em boas condi\u00e7\u00f5es de trafegabilidade, disponibilidade de energia, rede de \u00e1gua e policiamento rural, para atrair os investidores que queiram se instalar no distrito.<\/p>\n\n\n\n<p><strong>Popula\u00e7\u00e3o aproximada:<\/strong> 500 habitantes<br><strong>Dist\u00e2ncia do Centro Administrativo Municipal:<\/strong> 15 Km<\/p>\n\n\n\n<p><strong>Limites:<\/strong><br>Ao norte com o Munic\u00edpio de Passo Fundo<br>Ao leste com o Distrito de S\u00e3o Roque<br>Ao Oeste com o Munic\u00edpio de Ernestina<br>Ao Sul com o Munic\u00edpio de Marau<\/p>\n\n\n\n<p><strong>Atividades da Subprefeitura<\/strong><\/p>\n\n\n\n<p><strong>Sa\u00fade<\/strong><\/p>\n\n\n\n<p>Ambulat\u00f3rio municipal com atendimento e agendamento de exames cl\u00ednicos e m\u00e9dico credenciado pela rede municipal de sa\u00fade. Auxiliar de enfermagem para atendimentos na comunidade como verifica\u00e7\u00e3o de press\u00e3o arterial, aplica\u00e7\u00e3o de inje\u00e7\u00f5es e curativos, inclusive a domic\u00edlio.<\/p>\n\n\n\n<p><strong>Educa\u00e7\u00e3o<\/strong><\/p>\n\n\n\n<p>O distrito possui uma escola de ensino fundamental.<\/p>\n\n\n\n<p><strong>Agricultura<\/strong><\/p>\n\n\n\n<p>A atividade agr\u00edcola do distrito \u00e9 expressiva, destacando-se a produ\u00e7\u00e3o de milho, soja, trigo, cevada, aveia e hortifrutigranjeiros.<\/p>\n\n\n\n<p><strong>Ind\u00fastria<\/strong><\/p>\n\n\n\n<p>Possui em seu territ\u00f3rio empresa de armazenagem de gr\u00e3os, queijaria e 10 avi\u00e1rios.<\/p>\n\n\n\n<p><strong>Pecu\u00e1ria<\/strong><\/p>\n\n\n\n<p>Destaca-se a produ\u00e7\u00e3o de leite.<\/p>\n\n\n\n<p><strong>Psicultura<\/strong><\/p>\n\n\n\n<p>H\u00e1 em seu territ\u00f3rio 5 (cinco) propriedades que se dedicam a produ\u00e7\u00e3o de peixe para com\u00e9rcio diversificando assim as atividades na propriedades rurais.<\/p>\n\n\n\n<p><strong>Mapa<\/strong><\/p>\n\n\n\n<figure class=\"wp-block-image size-large is-style-default\"><a href=\"https:\/\/earth.google.com\/web\/@-28.33617031,-52.42196065,739.1500132a,0d,35y,-0.0092h,30t,-0r?utm_source=earth7&amp;utm_campaign=vine&amp;hl=pt-BR\"><img loading=\"lazy\" decoding=\"async\" width=\"1024\" height=\"644\" src=\"https:\/\/www.pmpf.rs.gov.br\/secretaria-de-agricultura-e-desenvolvimento-rural\/wp-content\/uploads\/sites\/5\/2022\/11\/googleearth_stoantcapinzal-1024x644.jpg\" alt=\"\" class=\"wp-image-793\" srcset=\"https:\/\/www.pmpf.rs.gov.br\/secretaria-de-agricultura-e-desenvolvimento-rural\/wp-content\/uploads\/sites\/5\/2022\/11\/googleearth_stoantcapinzal-1024x644.jpg 1024w, https:\/\/www.pmpf.rs.gov.br\/secretaria-de-agricultura-e-desenvolvimento-rural\/wp-content\/uploads\/sites\/5\/2022\/11\/googleearth_stoantcapinzal-300x189.jpg 300w, https:\/\/www.pmpf.rs.gov.br\/secretaria-de-agricultura-e-desenvolvimento-rural\/wp-content\/uploads\/sites\/5\/2022\/11\/googleearth_stoantcapinzal-768x483.jpg 768w, https:\/\/www.pmpf.rs.gov.br\/secretaria-de-agricultura-e-desenvolvimento-rural\/wp-content\/uploads\/sites\/5\/2022\/11\/googleearth_stoantcapinzal.jpg 1501w\" sizes=\"(max-width: 1024px) 100vw, 1024px\" \/><\/a><\/figure>\n","protected":false},"excerpt":{"rendered":"<p>Distrito de Passo Fundo O Distrito de Santo Ant\u00f4nio do Capinzal foi criado em 20 de agosto de 2010, possui hoje toda a infra-estrutura necess\u00e1ria, como estradas em boas condi\u00e7\u00f5es de trafegabilidade, [&hellip;]<\/p>\n","protected":false},"author":1,"featured_media":0,"parent":0,"menu_order":0,"comment_status":"closed","ping_status":"closed","template":"","meta":{"footnotes":""},"class_list":["post-40","page","type-page","status-publish","hentry"],"yoast_head":"<!-- This site is optimized with the Yoast SEO plugin v23.8 - https:\/\/yoast.com\/wordpress\/plugins\/seo\/ -->\n<title>Santo Ant\u00f4nio do Capinzal - Secretaria de Agricultura e Desenvolvimento Rural<\/title>\n<meta name=\"robots\" content=\"index, follow, max-snippet:-1, max-image-preview:large, max-video-preview:-1\" \/>\n<link rel=\"canonical\" href=\"https:\/\/www.pmpf.rs.gov.br\/secretaria-de-agricultura-e-desenvolvimento-rural\/santo-antonio-do-capinzal\/\" \/>\n<meta property=\"og:locale\" content=\"pt_BR\" \/>\n<meta property=\"og:type\" content=\"article\" \/>\n<meta property=\"og:title\" content=\"Santo Ant\u00f4nio do Capinzal - Secretaria de Agricultura e Desenvolvimento Rural\" \/>\n<meta property=\"og:description\" content=\"Distrito de Passo Fundo O Distrito de Santo Ant\u00f4nio do Capinzal foi criado em 20 de agosto de 2010, possui hoje toda a infra-estrutura necess\u00e1ria, como estradas em boas condi\u00e7\u00f5es de trafegabilidade, [&hellip;]\" \/>\n<meta property=\"og:url\" content=\"https:\/\/www.pmpf.rs.gov.br\/secretaria-de-agricultura-e-desenvolvimento-rural\/santo-antonio-do-capinzal\/\" \/>\n<meta property=\"og:site_name\" content=\"Secretaria de Agricultura e Desenvolvimento Rural\" \/>\n<meta property=\"article:modified_time\" content=\"2022-11-01T13:35:05+00:00\" \/>\n<meta property=\"og:image\" content=\"https:\/\/www.pmpf.rs.gov.br\/secretaria-de-agricultura-e-desenvolvimento-rural\/wp-content\/uploads\/sites\/5\/2021\/11\/I2015-06-15_05_58_35_106220.jpg\" \/>\n<meta name=\"twitter:card\" content=\"summary_large_image\" \/>\n<meta name=\"twitter:label1\" content=\"Est. tempo de leitura\" \/>\n\t<meta name=\"twitter:data1\" content=\"2 minutos\" \/>\n<script type=\"application\/ld+json\" class=\"yoast-schema-graph\">{\"@context\":\"https:\/\/schema.org\",\"@graph\":[{\"@type\":\"WebPage\",\"@id\":\"https:\/\/www.pmpf.rs.gov.br\/secretaria-de-agricultura-e-desenvolvimento-rural\/santo-antonio-do-capinzal\/\",\"url\":\"https:\/\/www.pmpf.rs.gov.br\/secretaria-de-agricultura-e-desenvolvimento-rural\/santo-antonio-do-capinzal\/\",\"name\":\"Santo Ant\u00f4nio do Capinzal - Secretaria de Agricultura e Desenvolvimento Rural\",\"isPartOf\":{\"@id\":\"https:\/\/www.pmpf.rs.gov.br\/secretaria-de-agricultura-e-desenvolvimento-rural\/#website\"},\"primaryImageOfPage\":{\"@id\":\"https:\/\/www.pmpf.rs.gov.br\/secretaria-de-agricultura-e-desenvolvimento-rural\/santo-antonio-do-capinzal\/#primaryimage\"},\"image\":{\"@id\":\"https:\/\/www.pmpf.rs.gov.br\/secretaria-de-agricultura-e-desenvolvimento-rural\/santo-antonio-do-capinzal\/#primaryimage\"},\"thumbnailUrl\":\"https:\/\/www.pmpf.rs.gov.br\/secretaria-de-agricultura-e-desenvolvimento-rural\/wp-content\/uploads\/sites\/5\/2021\/11\/I2015-06-15_05_58_35_106220.jpg\",\"datePublished\":\"2021-11-10T18:02:07+00:00\",\"dateModified\":\"2022-11-01T13:35:05+00:00\",\"inLanguage\":\"pt-BR\",\"potentialAction\":[{\"@type\":\"ReadAction\",\"target\":[\"https:\/\/www.pmpf.rs.gov.br\/secretaria-de-agricultura-e-desenvolvimento-rural\/santo-antonio-do-capinzal\/\"]}]},{\"@type\":\"ImageObject\",\"inLanguage\":\"pt-BR\",\"@id\":\"https:\/\/www.pmpf.rs.gov.br\/secretaria-de-agricultura-e-desenvolvimento-rural\/santo-antonio-do-capinzal\/#primaryimage\",\"url\":\"https:\/\/www.pmpf.rs.gov.br\/secretaria-de-agricultura-e-desenvolvimento-rural\/wp-content\/uploads\/sites\/5\/2021\/11\/I2015-06-15_05_58_35_106220.jpg\",\"contentUrl\":\"https:\/\/www.pmpf.rs.gov.br\/secretaria-de-agricultura-e-desenvolvimento-rural\/wp-content\/uploads\/sites\/5\/2021\/11\/I2015-06-15_05_58_35_106220.jpg\",\"width\":200,\"height\":186},{\"@type\":\"WebSite\",\"@id\":\"https:\/\/www.pmpf.rs.gov.br\/secretaria-de-agricultura-e-desenvolvimento-rural\/#website\",\"url\":\"https:\/\/www.pmpf.rs.gov.br\/secretaria-de-agricultura-e-desenvolvimento-rural\/\",\"name\":\"Secretaria de Agricultura e Desenvolvimento Rural\",\"description\":\"S\u00f3 mais um site Prefeitura Municipal de Passo Fundo Sites\",\"potentialAction\":[{\"@type\":\"SearchAction\",\"target\":{\"@type\":\"EntryPoint\",\"urlTemplate\":\"https:\/\/www.pmpf.rs.gov.br\/secretaria-de-agricultura-e-desenvolvimento-rural\/?s={search_term_string}\"},\"query-input\":{\"@type\":\"PropertyValueSpecification\",\"valueRequired\":true,\"valueName\":\"search_term_string\"}}],\"inLanguage\":\"pt-BR\"}]}<\/script>\n<!-- \/ Yoast SEO plugin. -->","yoast_head_json":{"title":"Santo Ant\u00f4nio do Capinzal - Secretaria de Agricultura e Desenvolvimento Rural","robots":{"index":"index","follow":"follow","max-snippet":"max-snippet:-1","max-image-preview":"max-image-preview:large","max-video-preview":"max-video-preview:-1"},"canonical":"https:\/\/www.pmpf.rs.gov.br\/secretaria-de-agricultura-e-desenvolvimento-rural\/santo-antonio-do-capinzal\/","og_locale":"pt_BR","og_type":"article","og_title":"Santo Ant\u00f4nio do Capinzal - Secretaria de Agricultura e Desenvolvimento Rural","og_description":"Distrito de Passo Fundo O Distrito de Santo Ant\u00f4nio do Capinzal foi criado em 20 de agosto de 2010, possui hoje toda a infra-estrutura necess\u00e1ria, como estradas em boas condi\u00e7\u00f5es de trafegabilidade, [&hellip;]","og_url":"https:\/\/www.pmpf.rs.gov.br\/secretaria-de-agricultura-e-desenvolvimento-rural\/santo-antonio-do-capinzal\/","og_site_name":"Secretaria de Agricultura e Desenvolvimento Rural","article_modified_time":"2022-11-01T13:35:05+00:00","og_image":[{"url":"https:\/\/www.pmpf.rs.gov.br\/secretaria-de-agricultura-e-desenvolvimento-rural\/wp-content\/uploads\/sites\/5\/2021\/11\/I2015-06-15_05_58_35_106220.jpg"}],"twitter_card":"summary_large_image","twitter_misc":{"Est. tempo de leitura":"2 minutos"},"schema":{"@context":"https:\/\/schema.org","@graph":[{"@type":"WebPage","@id":"https:\/\/www.pmpf.rs.gov.br\/secretaria-de-agricultura-e-desenvolvimento-rural\/santo-antonio-do-capinzal\/","url":"https:\/\/www.pmpf.rs.gov.br\/secretaria-de-agricultura-e-desenvolvimento-rural\/santo-antonio-do-capinzal\/","name":"Santo Ant\u00f4nio do Capinzal - Secretaria de Agricultura e Desenvolvimento Rural","isPartOf":{"@id":"https:\/\/www.pmpf.rs.gov.br\/secretaria-de-agricultura-e-desenvolvimento-rural\/#website"},"primaryImageOfPage":{"@id":"https:\/\/www.pmpf.rs.gov.br\/secretaria-de-agricultura-e-desenvolvimento-rural\/santo-antonio-do-capinzal\/#primaryimage"},"image":{"@id":"https:\/\/www.pmpf.rs.gov.br\/secretaria-de-agricultura-e-desenvolvimento-rural\/santo-antonio-do-capinzal\/#primaryimage"},"thumbnailUrl":"https:\/\/www.pmpf.rs.gov.br\/secretaria-de-agricultura-e-desenvolvimento-rural\/wp-content\/uploads\/sites\/5\/2021\/11\/I2015-06-15_05_58_35_106220.jpg","datePublished":"2021-11-10T18:02:07+00:00","dateModified":"2022-11-01T13:35:05+00:00","inLanguage":"pt-BR","potentialAction":[{"@type":"ReadAction","target":["https:\/\/www.pmpf.rs.gov.br\/secretaria-de-agricultura-e-desenvolvimento-rural\/santo-antonio-do-capinzal\/"]}]},{"@type":"ImageObject","inLanguage":"pt-BR","@id":"https:\/\/www.pmpf.rs.gov.br\/secretaria-de-agricultura-e-desenvolvimento-rural\/santo-antonio-do-capinzal\/#primaryimage","url":"https:\/\/www.pmpf.rs.gov.br\/secretaria-de-agricultura-e-desenvolvimento-rural\/wp-content\/uploads\/sites\/5\/2021\/11\/I2015-06-15_05_58_35_106220.jpg","contentUrl":"https:\/\/www.pmpf.rs.gov.br\/secretaria-de-agricultura-e-desenvolvimento-rural\/wp-content\/uploads\/sites\/5\/2021\/11\/I2015-06-15_05_58_35_106220.jpg","width":200,"height":186},{"@type":"WebSite","@id":"https:\/\/www.pmpf.rs.gov.br\/secretaria-de-agricultura-e-desenvolvimento-rural\/#website","url":"https:\/\/www.pmpf.rs.gov.br\/secretaria-de-agricultura-e-desenvolvimento-rural\/","name":"Secretaria de Agricultura e Desenvolvimento Rural","description":"S\u00f3 mais um site Prefeitura Municipal de Passo Fundo Sites","potentialAction":[{"@type":"SearchAction","target":{"@type":"EntryPoint","urlTemplate":"https:\/\/www.pmpf.rs.gov.br\/secretaria-de-agricultura-e-desenvolvimento-rural\/?s={search_term_string}"},"query-input":{"@type":"PropertyValueSpecification","valueRequired":true,"valueName":"search_term_string"}}],"inLanguage":"pt-BR"}]}},"_links":{"self":[{"href":"https:\/\/www.pmpf.rs.gov.br\/secretaria-de-agricultura-e-desenvolvimento-rural\/wp-json\/wp\/v2\/pages\/40"}],"collection":[{"href":"https:\/\/www.pmpf.rs.gov.br\/secretaria-de-agricultura-e-desenvolvimento-rural\/wp-json\/wp\/v2\/pages"}],"about":[{"href":"https:\/\/www.pmpf.rs.gov.br\/secretaria-de-agricultura-e-desenvolvimento-rural\/wp-json\/wp\/v2\/types\/page"}],"author":[{"embeddable":true,"href":"https:\/\/www.pmpf.rs.gov.br\/secretaria-de-agricultura-e-desenvolvimento-rural\/wp-json\/wp\/v2\/users\/1"}],"replies":[{"embeddable":true,"href":"https:\/\/www.pmpf.rs.gov.br\/secretaria-de-agricultura-e-desenvolvimento-rural\/wp-json\/wp\/v2\/comments?post=40"}],"version-history":[{"count":4,"href":"https:\/\/www.pmpf.rs.gov.br\/secretaria-de-agricultura-e-desenvolvimento-rural\/wp-json\/wp\/v2\/pages\/40\/revisions"}],"predecessor-version":[{"id":794,"href":"https:\/\/www.pmpf.rs.gov.br\/secretaria-de-agricultura-e-desenvolvimento-rural\/wp-json\/wp\/v2\/pages\/40\/revisions\/794"}],"wp:attachment":[{"href":"https:\/\/www.pmpf.rs.gov.br\/secretaria-de-agricultura-e-desenvolvimento-rural\/wp-json\/wp\/v2\/media?parent=40"}],"curies":[{"name":"wp","href":"https:\/\/api.w.org\/{rel}","templated":true}]}}