{"id":37,"date":"2021-11-10T15:01:03","date_gmt":"2021-11-10T18:01:03","guid":{"rendered":"https:\/\/www.pmpf.rs.gov.br\/secretaria-de-agricultura-e-desenvolvimento-rural\/?page_id=37"},"modified":"2026-02-26T16:51:39","modified_gmt":"2026-02-26T19:51:39","slug":"pulador","status":"publish","type":"page","link":"https:\/\/www.pmpf.rs.gov.br\/secretaria-de-agricultura-e-desenvolvimento-rural\/pulador\/","title":{"rendered":"Pulador"},"content":{"rendered":"\n<h2 class=\"wp-block-heading\">Informa\u00e7\u00f5es administrativas e tur\u00edsticas<\/h2>\n\n\n<div class=\"wp-block-image\">\n<figure class=\"alignleft size-full is-resized\"><img loading=\"lazy\" decoding=\"async\" width=\"200\" height=\"186\" src=\"https:\/\/www.pmpf.rs.gov.br\/secretaria-de-agricultura-e-desenvolvimento-rural\/wp-content\/uploads\/sites\/5\/2021\/11\/I2013-10-29_02_00_07_164470.jpg\" alt=\"\" class=\"wp-image-38\" style=\"aspect-ratio:1.075098814229249;width:439px;height:auto\"\/><\/figure><\/div>\n\n\n<p>O Distrito de Pulador possui hoje toda a infra-estrutura necess\u00e1ria para atrair os investidores que queiram se instalar no distrito, como estradas em boas condi\u00e7\u00f5es de trafegabilidade, disponibilidade de energia, rede de \u00e1gua e policiamento rural.<\/p>\n\n\n\n<p class=\"has-text-align-left\"><strong>Subprefeito:<\/strong>\u00a0Daniel de Oliveira<br><strong>\u00c1rea Territorial:<\/strong>\u00a017.987 hectares<br><strong>Popula\u00e7\u00e3o aproximada:<\/strong>\u00a01.200 habitantes<br><strong>Dist\u00e2ncia do Centro Administrativo Municipal:<\/strong>\u00a025Km<\/p>\n\n\n\n<p><strong>Limites<\/strong><\/p>\n\n\n\n<p>Ao norte com o distrito de Bela Vista<br>Ao leste com o munic\u00edpio de Passo Fundo<br>Ao oeste com os munic\u00edpios de Santo Ant\u00f4nio do Planalto e Carazinho<br>Ao sul com o distrito de Bom Recreio e com o munic\u00edpio de Ernestina<\/p>\n\n\n\n<p><strong>Atividades da Subprefeitura<\/strong><\/p>\n\n\n\n<p>No Pr\u00e9dio da Subprefeitura, funciona tamb\u00e9m o Ambulat\u00f3rio m\u00e9dico-odontol\u00f3gico e o Posto do Correio.<\/p>\n\n\n\n<p><strong>Sa\u00fade<\/strong><\/p>\n\n\n\n<p>Ambulat\u00f3rio Municipal com atendimento e agendamento de exames cl\u00ednicos, e m\u00e9dico credenciado pela rede municipal de sa\u00fade. Consult\u00f3rio odontol\u00f3gico, com cirurgi\u00e3o dentista tamb\u00e9m da rede municipal de sa\u00fade.<\/p>\n\n\n\n<p>Auxiliar de Enfermagem para atendimento da comunidade, como verifica\u00e7\u00e3o de press\u00e3o arterial, aplica\u00e7\u00e3o de inje\u00e7\u00f5es e curativos, inclusive a domic\u00edlio.<\/p>\n\n\n\n<p><strong>Educa\u00e7\u00e3o<\/strong><\/p>\n\n\n\n<p>Escola estadual de Ensino Fundamental Cl\u00e1udio Manoel da Costa, fundada em 18 de dezembro de 1942. Possui educa\u00e7\u00e3o infantil, pr\u00e9-escola e ensino fundamental de 1\u00aa a 8\u00aa s\u00e9ries, com capacidade para 136 alunos.<\/p>\n\n\n\n<p><strong>Agricultura<\/strong><\/p>\n\n\n\n<p>A atividade agr\u00edcola do distrito \u00e9 expressiva, destacando-se a produ\u00e7\u00e3o de milho e hortigranjeiro. A Cooperativa Agr\u00edcola Pulador Ltda. tem capacidade de armazenagem de gr\u00e3os em torno de 40.000 sacas, tendo grande import\u00e2ncia no desenvolvimento do distrito.<\/p>\n\n\n\n<p><strong>Pecu\u00e1ria<\/strong><\/p>\n\n\n\n<p>A cria\u00e7\u00e3o de gado, suinocultura, avicultura, apicultura e piscicultura, tamb\u00e9m t\u00eam destaque no distrito de Pulador.<\/p>\n\n\n\n<p><strong>Turismo Rural<\/strong><\/p>\n\n\n\n<p><strong>Fazenda Tropeiro Campon\u00eas<\/strong>, situada a 20 Km de Passo Fundo com uma \u00e1rea total de 90 hectares. Topografia plana, \u00e1reas de campos e matas, onde \u00e9 explorado o turismo rural aproveitando as belezas da natureza e conscientizando as pessoas da import\u00e2ncia de sua preserva\u00e7\u00e3o.<\/p>\n\n\n\n<p><strong>Marco Hist\u00f3rico do Pulador<\/strong><\/p>\n\n\n\n<p>Marco hist\u00f3rico da Batalha do Pulador, revolu\u00e7\u00e3o federalista de 1893, a mais sangrenta do Brasil. Muitos soldados morreram no local que hoje \u00e9 visitado por pessoas de todo o pa\u00eds.<\/p>\n\n\n\n<p><strong>Capela de S\u00e3o Miguel<\/strong><\/p>\n\n\n\n<p>Hist\u00f3rica Igreja constru\u00edda a mais de cem anos. Em suas romarias participam devotos de S\u00e3o Miguel que vem de v\u00e1rios estados brasileiros e at\u00e9 de outros pa\u00edses.<\/p>\n\n\n\n<p><strong>Aeroclube de Passo Fundo<\/strong><\/p>\n\n\n\n<p>Primeiro aeroporto usado em Passo Fundo, fundado em 1940. Hoje transformado em escola de avia\u00e7\u00e3o civil, onde s\u00e3o ministrados cursos de piloto de avi\u00e3o e tamb\u00e9m s\u00e3o oferecidos v\u00f4os panor\u00e2micos e outros esportes a\u00e9reos.<\/p>\n\n\n\n<p><strong>Mapa<\/strong><\/p>\n\n\n\n<figure class=\"wp-block-image size-large is-style-default\"><a href=\"https:\/\/earth.google.com\/web\/@-28.28982037,-52.56602788,767.40925546a,0d,35y,-0.0092h,30t,0r?utm_source=earth7&amp;utm_campaign=vine&amp;hl=pt-BR\"><img loading=\"lazy\" decoding=\"async\" width=\"1024\" height=\"644\" src=\"https:\/\/www.pmpf.rs.gov.br\/secretaria-de-agricultura-e-desenvolvimento-rural\/wp-content\/uploads\/sites\/5\/2022\/10\/googleearth-pulador-1024x644.jpg\" alt=\"\" class=\"wp-image-786\" srcset=\"https:\/\/www.pmpf.rs.gov.br\/secretaria-de-agricultura-e-desenvolvimento-rural\/wp-content\/uploads\/sites\/5\/2022\/10\/googleearth-pulador-1024x644.jpg 1024w, https:\/\/www.pmpf.rs.gov.br\/secretaria-de-agricultura-e-desenvolvimento-rural\/wp-content\/uploads\/sites\/5\/2022\/10\/googleearth-pulador-300x189.jpg 300w, https:\/\/www.pmpf.rs.gov.br\/secretaria-de-agricultura-e-desenvolvimento-rural\/wp-content\/uploads\/sites\/5\/2022\/10\/googleearth-pulador-768x483.jpg 768w, https:\/\/www.pmpf.rs.gov.br\/secretaria-de-agricultura-e-desenvolvimento-rural\/wp-content\/uploads\/sites\/5\/2022\/10\/googleearth-pulador.jpg 1501w\" sizes=\"(max-width: 1024px) 100vw, 1024px\" \/><\/a><\/figure>\n","protected":false},"excerpt":{"rendered":"<p>Informa\u00e7\u00f5es administrativas e tur\u00edsticas O Distrito de Pulador possui hoje toda a infra-estrutura necess\u00e1ria para atrair os investidores que queiram se instalar no distrito, como estradas em boas condi\u00e7\u00f5es de trafegabilidade, disponibilidade [&hellip;]<\/p>\n","protected":false},"author":1,"featured_media":0,"parent":0,"menu_order":0,"comment_status":"closed","ping_status":"closed","template":"","meta":{"footnotes":""},"class_list":["post-37","page","type-page","status-publish","hentry"],"yoast_head":"<!-- This site is optimized with the Yoast SEO plugin v23.8 - https:\/\/yoast.com\/wordpress\/plugins\/seo\/ -->\n<title>Pulador - Secretaria de Agricultura e Desenvolvimento Rural<\/title>\n<meta name=\"robots\" content=\"index, follow, max-snippet:-1, max-image-preview:large, max-video-preview:-1\" \/>\n<link rel=\"canonical\" href=\"https:\/\/www.pmpf.rs.gov.br\/secretaria-de-agricultura-e-desenvolvimento-rural\/pulador\/\" \/>\n<meta property=\"og:locale\" content=\"pt_BR\" \/>\n<meta property=\"og:type\" content=\"article\" \/>\n<meta property=\"og:title\" content=\"Pulador - Secretaria de Agricultura e Desenvolvimento Rural\" \/>\n<meta property=\"og:description\" content=\"Informa\u00e7\u00f5es administrativas e tur\u00edsticas O Distrito de Pulador possui hoje toda a infra-estrutura necess\u00e1ria para atrair os investidores que queiram se instalar no distrito, como estradas em boas condi\u00e7\u00f5es de trafegabilidade, disponibilidade [&hellip;]\" \/>\n<meta property=\"og:url\" content=\"https:\/\/www.pmpf.rs.gov.br\/secretaria-de-agricultura-e-desenvolvimento-rural\/pulador\/\" \/>\n<meta property=\"og:site_name\" content=\"Secretaria de Agricultura e Desenvolvimento Rural\" \/>\n<meta property=\"article:modified_time\" content=\"2026-02-26T19:51:39+00:00\" \/>\n<meta property=\"og:image\" content=\"https:\/\/www.pmpf.rs.gov.br\/secretaria-de-agricultura-e-desenvolvimento-rural\/wp-content\/uploads\/sites\/5\/2021\/11\/I2013-10-29_02_00_07_164470.jpg\" \/>\n\t<meta property=\"og:image:width\" content=\"200\" \/>\n\t<meta property=\"og:image:height\" content=\"186\" \/>\n\t<meta property=\"og:image:type\" content=\"image\/jpeg\" \/>\n<meta name=\"twitter:card\" content=\"summary_large_image\" \/>\n<meta name=\"twitter:label1\" content=\"Est. tempo de leitura\" \/>\n\t<meta name=\"twitter:data1\" content=\"2 minutos\" \/>\n<script type=\"application\/ld+json\" class=\"yoast-schema-graph\">{\"@context\":\"https:\/\/schema.org\",\"@graph\":[{\"@type\":\"WebPage\",\"@id\":\"https:\/\/www.pmpf.rs.gov.br\/secretaria-de-agricultura-e-desenvolvimento-rural\/pulador\/\",\"url\":\"https:\/\/www.pmpf.rs.gov.br\/secretaria-de-agricultura-e-desenvolvimento-rural\/pulador\/\",\"name\":\"Pulador - Secretaria de Agricultura e Desenvolvimento Rural\",\"isPartOf\":{\"@id\":\"https:\/\/www.pmpf.rs.gov.br\/secretaria-de-agricultura-e-desenvolvimento-rural\/#website\"},\"primaryImageOfPage\":{\"@id\":\"https:\/\/www.pmpf.rs.gov.br\/secretaria-de-agricultura-e-desenvolvimento-rural\/pulador\/#primaryimage\"},\"image\":{\"@id\":\"https:\/\/www.pmpf.rs.gov.br\/secretaria-de-agricultura-e-desenvolvimento-rural\/pulador\/#primaryimage\"},\"thumbnailUrl\":\"https:\/\/www.pmpf.rs.gov.br\/secretaria-de-agricultura-e-desenvolvimento-rural\/wp-content\/uploads\/sites\/5\/2021\/11\/I2013-10-29_02_00_07_164470.jpg\",\"datePublished\":\"2021-11-10T18:01:03+00:00\",\"dateModified\":\"2026-02-26T19:51:39+00:00\",\"inLanguage\":\"pt-BR\",\"potentialAction\":[{\"@type\":\"ReadAction\",\"target\":[\"https:\/\/www.pmpf.rs.gov.br\/secretaria-de-agricultura-e-desenvolvimento-rural\/pulador\/\"]}]},{\"@type\":\"ImageObject\",\"inLanguage\":\"pt-BR\",\"@id\":\"https:\/\/www.pmpf.rs.gov.br\/secretaria-de-agricultura-e-desenvolvimento-rural\/pulador\/#primaryimage\",\"url\":\"https:\/\/www.pmpf.rs.gov.br\/secretaria-de-agricultura-e-desenvolvimento-rural\/wp-content\/uploads\/sites\/5\/2021\/11\/I2013-10-29_02_00_07_164470.jpg\",\"contentUrl\":\"https:\/\/www.pmpf.rs.gov.br\/secretaria-de-agricultura-e-desenvolvimento-rural\/wp-content\/uploads\/sites\/5\/2021\/11\/I2013-10-29_02_00_07_164470.jpg\",\"width\":200,\"height\":186},{\"@type\":\"WebSite\",\"@id\":\"https:\/\/www.pmpf.rs.gov.br\/secretaria-de-agricultura-e-desenvolvimento-rural\/#website\",\"url\":\"https:\/\/www.pmpf.rs.gov.br\/secretaria-de-agricultura-e-desenvolvimento-rural\/\",\"name\":\"Secretaria de Agricultura e Desenvolvimento Rural\",\"description\":\"S\u00f3 mais um site Prefeitura Municipal de Passo Fundo Sites\",\"potentialAction\":[{\"@type\":\"SearchAction\",\"target\":{\"@type\":\"EntryPoint\",\"urlTemplate\":\"https:\/\/www.pmpf.rs.gov.br\/secretaria-de-agricultura-e-desenvolvimento-rural\/?s={search_term_string}\"},\"query-input\":{\"@type\":\"PropertyValueSpecification\",\"valueRequired\":true,\"valueName\":\"search_term_string\"}}],\"inLanguage\":\"pt-BR\"}]}<\/script>\n<!-- \/ Yoast SEO plugin. -->","yoast_head_json":{"title":"Pulador - Secretaria de Agricultura e Desenvolvimento Rural","robots":{"index":"index","follow":"follow","max-snippet":"max-snippet:-1","max-image-preview":"max-image-preview:large","max-video-preview":"max-video-preview:-1"},"canonical":"https:\/\/www.pmpf.rs.gov.br\/secretaria-de-agricultura-e-desenvolvimento-rural\/pulador\/","og_locale":"pt_BR","og_type":"article","og_title":"Pulador - Secretaria de Agricultura e Desenvolvimento Rural","og_description":"Informa\u00e7\u00f5es administrativas e tur\u00edsticas O Distrito de Pulador possui hoje toda a infra-estrutura necess\u00e1ria para atrair os investidores que queiram se instalar no distrito, como estradas em boas condi\u00e7\u00f5es de trafegabilidade, disponibilidade [&hellip;]","og_url":"https:\/\/www.pmpf.rs.gov.br\/secretaria-de-agricultura-e-desenvolvimento-rural\/pulador\/","og_site_name":"Secretaria de Agricultura e Desenvolvimento Rural","article_modified_time":"2026-02-26T19:51:39+00:00","og_image":[{"width":200,"height":186,"url":"https:\/\/www.pmpf.rs.gov.br\/secretaria-de-agricultura-e-desenvolvimento-rural\/wp-content\/uploads\/sites\/5\/2021\/11\/I2013-10-29_02_00_07_164470.jpg","type":"image\/jpeg"}],"twitter_card":"summary_large_image","twitter_misc":{"Est. tempo de leitura":"2 minutos"},"schema":{"@context":"https:\/\/schema.org","@graph":[{"@type":"WebPage","@id":"https:\/\/www.pmpf.rs.gov.br\/secretaria-de-agricultura-e-desenvolvimento-rural\/pulador\/","url":"https:\/\/www.pmpf.rs.gov.br\/secretaria-de-agricultura-e-desenvolvimento-rural\/pulador\/","name":"Pulador - Secretaria de Agricultura e Desenvolvimento Rural","isPartOf":{"@id":"https:\/\/www.pmpf.rs.gov.br\/secretaria-de-agricultura-e-desenvolvimento-rural\/#website"},"primaryImageOfPage":{"@id":"https:\/\/www.pmpf.rs.gov.br\/secretaria-de-agricultura-e-desenvolvimento-rural\/pulador\/#primaryimage"},"image":{"@id":"https:\/\/www.pmpf.rs.gov.br\/secretaria-de-agricultura-e-desenvolvimento-rural\/pulador\/#primaryimage"},"thumbnailUrl":"https:\/\/www.pmpf.rs.gov.br\/secretaria-de-agricultura-e-desenvolvimento-rural\/wp-content\/uploads\/sites\/5\/2021\/11\/I2013-10-29_02_00_07_164470.jpg","datePublished":"2021-11-10T18:01:03+00:00","dateModified":"2026-02-26T19:51:39+00:00","inLanguage":"pt-BR","potentialAction":[{"@type":"ReadAction","target":["https:\/\/www.pmpf.rs.gov.br\/secretaria-de-agricultura-e-desenvolvimento-rural\/pulador\/"]}]},{"@type":"ImageObject","inLanguage":"pt-BR","@id":"https:\/\/www.pmpf.rs.gov.br\/secretaria-de-agricultura-e-desenvolvimento-rural\/pulador\/#primaryimage","url":"https:\/\/www.pmpf.rs.gov.br\/secretaria-de-agricultura-e-desenvolvimento-rural\/wp-content\/uploads\/sites\/5\/2021\/11\/I2013-10-29_02_00_07_164470.jpg","contentUrl":"https:\/\/www.pmpf.rs.gov.br\/secretaria-de-agricultura-e-desenvolvimento-rural\/wp-content\/uploads\/sites\/5\/2021\/11\/I2013-10-29_02_00_07_164470.jpg","width":200,"height":186},{"@type":"WebSite","@id":"https:\/\/www.pmpf.rs.gov.br\/secretaria-de-agricultura-e-desenvolvimento-rural\/#website","url":"https:\/\/www.pmpf.rs.gov.br\/secretaria-de-agricultura-e-desenvolvimento-rural\/","name":"Secretaria de Agricultura e Desenvolvimento Rural","description":"S\u00f3 mais um site Prefeitura Municipal de Passo Fundo Sites","potentialAction":[{"@type":"SearchAction","target":{"@type":"EntryPoint","urlTemplate":"https:\/\/www.pmpf.rs.gov.br\/secretaria-de-agricultura-e-desenvolvimento-rural\/?s={search_term_string}"},"query-input":{"@type":"PropertyValueSpecification","valueRequired":true,"valueName":"search_term_string"}}],"inLanguage":"pt-BR"}]}},"_links":{"self":[{"href":"https:\/\/www.pmpf.rs.gov.br\/secretaria-de-agricultura-e-desenvolvimento-rural\/wp-json\/wp\/v2\/pages\/37"}],"collection":[{"href":"https:\/\/www.pmpf.rs.gov.br\/secretaria-de-agricultura-e-desenvolvimento-rural\/wp-json\/wp\/v2\/pages"}],"about":[{"href":"https:\/\/www.pmpf.rs.gov.br\/secretaria-de-agricultura-e-desenvolvimento-rural\/wp-json\/wp\/v2\/types\/page"}],"author":[{"embeddable":true,"href":"https:\/\/www.pmpf.rs.gov.br\/secretaria-de-agricultura-e-desenvolvimento-rural\/wp-json\/wp\/v2\/users\/1"}],"replies":[{"embeddable":true,"href":"https:\/\/www.pmpf.rs.gov.br\/secretaria-de-agricultura-e-desenvolvimento-rural\/wp-json\/wp\/v2\/comments?post=37"}],"version-history":[{"count":8,"href":"https:\/\/www.pmpf.rs.gov.br\/secretaria-de-agricultura-e-desenvolvimento-rural\/wp-json\/wp\/v2\/pages\/37\/revisions"}],"predecessor-version":[{"id":1049,"href":"https:\/\/www.pmpf.rs.gov.br\/secretaria-de-agricultura-e-desenvolvimento-rural\/wp-json\/wp\/v2\/pages\/37\/revisions\/1049"}],"wp:attachment":[{"href":"https:\/\/www.pmpf.rs.gov.br\/secretaria-de-agricultura-e-desenvolvimento-rural\/wp-json\/wp\/v2\/media?parent=37"}],"curies":[{"name":"wp","href":"https:\/\/api.w.org\/{rel}","templated":true}]}}