{"id":27,"date":"2021-11-10T14:57:20","date_gmt":"2021-11-10T17:57:20","guid":{"rendered":"https:\/\/www.pmpf.rs.gov.br\/secretaria-de-agricultura-e-desenvolvimento-rural\/?page_id=27"},"modified":"2026-02-26T16:49:23","modified_gmt":"2026-02-26T19:49:23","slug":"bela-vista","status":"publish","type":"page","link":"https:\/\/www.pmpf.rs.gov.br\/secretaria-de-agricultura-e-desenvolvimento-rural\/bela-vista\/","title":{"rendered":"Bela Vista"},"content":{"rendered":"<div class=\"wp-block-image\">\n<figure class=\"alignleft size-full is-resized\"><img loading=\"lazy\" decoding=\"async\" width=\"200\" height=\"186\" src=\"https:\/\/www.pmpf.rs.gov.br\/secretaria-de-agricultura-e-desenvolvimento-rural\/wp-content\/uploads\/sites\/5\/2021\/11\/I2013-10-29_01_53_29_164470.jpg\" alt=\"\" class=\"wp-image-28\" style=\"aspect-ratio:1.0735294117647058;width:425px;height:auto\"\/><\/figure><\/div>\n\n\n<p>O Distrito de Bela Vista situa-se a 2,5 quil\u00f4metros da rodovia RS 324 e possui linha regular de \u00f4nibus intermunicipal ligando o distrito aos munic\u00edpios de Passo Fundo, Pont\u00e3o e Ira\u00ed.<\/p>\n\n\n\n<p><strong>Subprefeito:<\/strong> Ronaldo Vizzotto<br><strong>\u00c1rea Territorial:<\/strong> 7.923,20 hectares<\/p>\n\n\n\n<p><strong>Atividades da Subprefeitura<\/strong><\/p>\n\n\n\n<p><strong>Sa\u00fade<\/strong><\/p>\n\n\n\n<p>Consult\u00f3rio m\u00e9dico com atendimento e agendamento de exames cl\u00ednicos e m\u00e9dico credenciado pela rede municipal de sa\u00fade.Consult\u00f3rio odontol\u00f3gico, com cirurgi\u00e3o dentista, tamb\u00e9m da rede municipal de sa\u00fade.<\/p>\n\n\n\n<p>Ambulat\u00f3rio, com auxiliar de enfermagem para atendimento da comunidade, prestando servi\u00e7os de verifica\u00e7\u00e3o de press\u00e3o arterial, aplica\u00e7\u00e3o de inje\u00e7\u00f5es e curativos, inclusive \u00e0 domic\u00edlio.<\/p>\n\n\n\n<p><strong>Educa\u00e7\u00e3o<\/strong><\/p>\n\n\n\n<p>Escola de primeiro grau com um total de 120 alunos nos turnos da manh\u00e3 e tarde. Quatro ve\u00edculos para transporte escolar das crian\u00e7as que residem, em sua maioria, no meio rural. Um \u00f4nibus para o transporte dos alunos que fazem o segundo grau na sede do munic\u00edpio.<\/p>\n\n\n\n<p><strong>Ind\u00fastria<\/strong><\/p>\n\n\n\n<p>Bela Vista conta com duas ind\u00fastrias no ramo madeireiro, com serragem e beneficiamento das toras. Uma ferraria, um descascador de arroz, uma oficina mec\u00e2nica para consertos de autom\u00f3veis e m\u00e1quinas agr\u00edcolas. Um abatedouro de bovinos, ovinos, su\u00ednos e aves.<\/p>\n\n\n\n<p><strong>Com\u00e9rcio<\/strong><\/p>\n\n\n\n<p>Dois armaz\u00e9ns de secos e molhados, um bar e sal\u00e3o de bailes.<\/p>\n\n\n\n<p><strong>Cultura e Lazer<\/strong><\/p>\n\n\n\n<p>Como no distrito, a maioria dos moradores \u00e9 de origem italiana, at\u00e9 hoje os homens se re\u00fanem para jogos como o truco, mora e outros.<br>Bela Vista possui um CTG (Centro de Tradi\u00e7\u00f5es Ga\u00fachas), que no ano de 2001 foi o vencedor da Mostra da Cultura Ga\u00facha de Passo Fundo com o tema A Coloniza\u00e7\u00e3o Italiana e em 2002 com o tema Etnias.<\/p>\n\n\n\n<p>O CTG possui ainda uma Invernada de Dan\u00e7as e um Quadro de La\u00e7adores que anualmente promovem seu rodeio regional.<\/p>\n\n\n\n<p><strong>Outros servi\u00e7os<\/strong><\/p>\n\n\n\n<p>Dois po\u00e7os artesianos que abastecem o n\u00facleo urbano do distrito, num total de 75 resid\u00eancias. Central telef\u00f4nica com uma linha de r\u00e1dio, com 30 ramais particulares, funcionando 24 horas por dia.Manuten\u00e7\u00e3o e conserva\u00e7\u00e3o de estradas, pontes, bueiros e a\u00e7udes.&nbsp;<\/p>\n\n\n\n<p><strong>Mapa<\/strong><\/p>\n\n\n<div class=\"wp-block-image is-style-default\">\n<figure class=\"alignleft size-large is-resized\"><a href=\"https:\/\/earth.google.com\/web\/@-28.17762788,-52.54119629,631.52230971a,3814.73358546d,35y,-0.0092996h,7.74922262t,0.00049853r?utm_source=earth7&amp;utm_campaign=vine&amp;hl=pt-BR\"><img loading=\"lazy\" decoding=\"async\" width=\"1024\" height=\"644\" src=\"https:\/\/www.pmpf.rs.gov.br\/secretaria-de-agricultura-e-desenvolvimento-rural\/wp-content\/uploads\/sites\/5\/2022\/10\/googleearth-BelaVista-1024x644.jpg\" alt=\"\" class=\"wp-image-781\" style=\"width:1024px;height:644px\" srcset=\"https:\/\/www.pmpf.rs.gov.br\/secretaria-de-agricultura-e-desenvolvimento-rural\/wp-content\/uploads\/sites\/5\/2022\/10\/googleearth-BelaVista-1024x644.jpg 1024w, https:\/\/www.pmpf.rs.gov.br\/secretaria-de-agricultura-e-desenvolvimento-rural\/wp-content\/uploads\/sites\/5\/2022\/10\/googleearth-BelaVista-300x189.jpg 300w, https:\/\/www.pmpf.rs.gov.br\/secretaria-de-agricultura-e-desenvolvimento-rural\/wp-content\/uploads\/sites\/5\/2022\/10\/googleearth-BelaVista-768x483.jpg 768w, https:\/\/www.pmpf.rs.gov.br\/secretaria-de-agricultura-e-desenvolvimento-rural\/wp-content\/uploads\/sites\/5\/2022\/10\/googleearth-BelaVista.jpg 1501w\" sizes=\"(max-width: 1024px) 100vw, 1024px\" \/><\/a><\/figure><\/div>","protected":false},"excerpt":{"rendered":"<p>O Distrito de Bela Vista situa-se a 2,5 quil\u00f4metros da rodovia RS 324 e possui linha regular de \u00f4nibus intermunicipal ligando o distrito aos munic\u00edpios de Passo Fundo, Pont\u00e3o e Ira\u00ed. Subprefeito: [&hellip;]<\/p>\n","protected":false},"author":1,"featured_media":0,"parent":0,"menu_order":0,"comment_status":"closed","ping_status":"closed","template":"","meta":{"footnotes":""},"class_list":["post-27","page","type-page","status-publish","hentry"],"yoast_head":"<!-- This site is optimized with the Yoast SEO plugin v23.8 - https:\/\/yoast.com\/wordpress\/plugins\/seo\/ -->\n<title>Bela Vista - Secretaria de Agricultura e Desenvolvimento Rural<\/title>\n<meta name=\"robots\" content=\"index, follow, max-snippet:-1, max-image-preview:large, max-video-preview:-1\" \/>\n<link rel=\"canonical\" href=\"https:\/\/www.pmpf.rs.gov.br\/secretaria-de-agricultura-e-desenvolvimento-rural\/bela-vista\/\" \/>\n<meta property=\"og:locale\" content=\"pt_BR\" \/>\n<meta property=\"og:type\" content=\"article\" \/>\n<meta property=\"og:title\" content=\"Bela Vista - Secretaria de Agricultura e Desenvolvimento Rural\" \/>\n<meta property=\"og:description\" content=\"O Distrito de Bela Vista situa-se a 2,5 quil\u00f4metros da rodovia RS 324 e possui linha regular de \u00f4nibus intermunicipal ligando o distrito aos munic\u00edpios de Passo Fundo, Pont\u00e3o e Ira\u00ed. Subprefeito: [&hellip;]\" \/>\n<meta property=\"og:url\" content=\"https:\/\/www.pmpf.rs.gov.br\/secretaria-de-agricultura-e-desenvolvimento-rural\/bela-vista\/\" \/>\n<meta property=\"og:site_name\" content=\"Secretaria de Agricultura e Desenvolvimento Rural\" \/>\n<meta property=\"article:modified_time\" content=\"2026-02-26T19:49:23+00:00\" \/>\n<meta property=\"og:image\" content=\"https:\/\/www.pmpf.rs.gov.br\/secretaria-de-agricultura-e-desenvolvimento-rural\/wp-content\/uploads\/sites\/5\/2021\/11\/I2013-10-29_01_53_29_164470.jpg\" \/>\n\t<meta property=\"og:image:width\" content=\"200\" \/>\n\t<meta property=\"og:image:height\" content=\"186\" \/>\n\t<meta property=\"og:image:type\" content=\"image\/jpeg\" \/>\n<meta name=\"twitter:card\" content=\"summary_large_image\" \/>\n<meta name=\"twitter:label1\" content=\"Est. tempo de leitura\" \/>\n\t<meta name=\"twitter:data1\" content=\"2 minutos\" \/>\n<script type=\"application\/ld+json\" class=\"yoast-schema-graph\">{\"@context\":\"https:\/\/schema.org\",\"@graph\":[{\"@type\":\"WebPage\",\"@id\":\"https:\/\/www.pmpf.rs.gov.br\/secretaria-de-agricultura-e-desenvolvimento-rural\/bela-vista\/\",\"url\":\"https:\/\/www.pmpf.rs.gov.br\/secretaria-de-agricultura-e-desenvolvimento-rural\/bela-vista\/\",\"name\":\"Bela Vista - Secretaria de Agricultura e Desenvolvimento Rural\",\"isPartOf\":{\"@id\":\"https:\/\/www.pmpf.rs.gov.br\/secretaria-de-agricultura-e-desenvolvimento-rural\/#website\"},\"primaryImageOfPage\":{\"@id\":\"https:\/\/www.pmpf.rs.gov.br\/secretaria-de-agricultura-e-desenvolvimento-rural\/bela-vista\/#primaryimage\"},\"image\":{\"@id\":\"https:\/\/www.pmpf.rs.gov.br\/secretaria-de-agricultura-e-desenvolvimento-rural\/bela-vista\/#primaryimage\"},\"thumbnailUrl\":\"https:\/\/www.pmpf.rs.gov.br\/secretaria-de-agricultura-e-desenvolvimento-rural\/wp-content\/uploads\/sites\/5\/2021\/11\/I2013-10-29_01_53_29_164470.jpg\",\"datePublished\":\"2021-11-10T17:57:20+00:00\",\"dateModified\":\"2026-02-26T19:49:23+00:00\",\"inLanguage\":\"pt-BR\",\"potentialAction\":[{\"@type\":\"ReadAction\",\"target\":[\"https:\/\/www.pmpf.rs.gov.br\/secretaria-de-agricultura-e-desenvolvimento-rural\/bela-vista\/\"]}]},{\"@type\":\"ImageObject\",\"inLanguage\":\"pt-BR\",\"@id\":\"https:\/\/www.pmpf.rs.gov.br\/secretaria-de-agricultura-e-desenvolvimento-rural\/bela-vista\/#primaryimage\",\"url\":\"https:\/\/www.pmpf.rs.gov.br\/secretaria-de-agricultura-e-desenvolvimento-rural\/wp-content\/uploads\/sites\/5\/2021\/11\/I2013-10-29_01_53_29_164470.jpg\",\"contentUrl\":\"https:\/\/www.pmpf.rs.gov.br\/secretaria-de-agricultura-e-desenvolvimento-rural\/wp-content\/uploads\/sites\/5\/2021\/11\/I2013-10-29_01_53_29_164470.jpg\",\"width\":200,\"height\":186},{\"@type\":\"WebSite\",\"@id\":\"https:\/\/www.pmpf.rs.gov.br\/secretaria-de-agricultura-e-desenvolvimento-rural\/#website\",\"url\":\"https:\/\/www.pmpf.rs.gov.br\/secretaria-de-agricultura-e-desenvolvimento-rural\/\",\"name\":\"Secretaria de Agricultura e Desenvolvimento Rural\",\"description\":\"S\u00f3 mais um site Prefeitura Municipal de Passo Fundo Sites\",\"potentialAction\":[{\"@type\":\"SearchAction\",\"target\":{\"@type\":\"EntryPoint\",\"urlTemplate\":\"https:\/\/www.pmpf.rs.gov.br\/secretaria-de-agricultura-e-desenvolvimento-rural\/?s={search_term_string}\"},\"query-input\":{\"@type\":\"PropertyValueSpecification\",\"valueRequired\":true,\"valueName\":\"search_term_string\"}}],\"inLanguage\":\"pt-BR\"}]}<\/script>\n<!-- \/ Yoast SEO plugin. -->","yoast_head_json":{"title":"Bela Vista - Secretaria de Agricultura e Desenvolvimento Rural","robots":{"index":"index","follow":"follow","max-snippet":"max-snippet:-1","max-image-preview":"max-image-preview:large","max-video-preview":"max-video-preview:-1"},"canonical":"https:\/\/www.pmpf.rs.gov.br\/secretaria-de-agricultura-e-desenvolvimento-rural\/bela-vista\/","og_locale":"pt_BR","og_type":"article","og_title":"Bela Vista - Secretaria de Agricultura e Desenvolvimento Rural","og_description":"O Distrito de Bela Vista situa-se a 2,5 quil\u00f4metros da rodovia RS 324 e possui linha regular de \u00f4nibus intermunicipal ligando o distrito aos munic\u00edpios de Passo Fundo, Pont\u00e3o e Ira\u00ed. Subprefeito: [&hellip;]","og_url":"https:\/\/www.pmpf.rs.gov.br\/secretaria-de-agricultura-e-desenvolvimento-rural\/bela-vista\/","og_site_name":"Secretaria de Agricultura e Desenvolvimento Rural","article_modified_time":"2026-02-26T19:49:23+00:00","og_image":[{"width":200,"height":186,"url":"https:\/\/www.pmpf.rs.gov.br\/secretaria-de-agricultura-e-desenvolvimento-rural\/wp-content\/uploads\/sites\/5\/2021\/11\/I2013-10-29_01_53_29_164470.jpg","type":"image\/jpeg"}],"twitter_card":"summary_large_image","twitter_misc":{"Est. tempo de leitura":"2 minutos"},"schema":{"@context":"https:\/\/schema.org","@graph":[{"@type":"WebPage","@id":"https:\/\/www.pmpf.rs.gov.br\/secretaria-de-agricultura-e-desenvolvimento-rural\/bela-vista\/","url":"https:\/\/www.pmpf.rs.gov.br\/secretaria-de-agricultura-e-desenvolvimento-rural\/bela-vista\/","name":"Bela Vista - Secretaria de Agricultura e Desenvolvimento Rural","isPartOf":{"@id":"https:\/\/www.pmpf.rs.gov.br\/secretaria-de-agricultura-e-desenvolvimento-rural\/#website"},"primaryImageOfPage":{"@id":"https:\/\/www.pmpf.rs.gov.br\/secretaria-de-agricultura-e-desenvolvimento-rural\/bela-vista\/#primaryimage"},"image":{"@id":"https:\/\/www.pmpf.rs.gov.br\/secretaria-de-agricultura-e-desenvolvimento-rural\/bela-vista\/#primaryimage"},"thumbnailUrl":"https:\/\/www.pmpf.rs.gov.br\/secretaria-de-agricultura-e-desenvolvimento-rural\/wp-content\/uploads\/sites\/5\/2021\/11\/I2013-10-29_01_53_29_164470.jpg","datePublished":"2021-11-10T17:57:20+00:00","dateModified":"2026-02-26T19:49:23+00:00","inLanguage":"pt-BR","potentialAction":[{"@type":"ReadAction","target":["https:\/\/www.pmpf.rs.gov.br\/secretaria-de-agricultura-e-desenvolvimento-rural\/bela-vista\/"]}]},{"@type":"ImageObject","inLanguage":"pt-BR","@id":"https:\/\/www.pmpf.rs.gov.br\/secretaria-de-agricultura-e-desenvolvimento-rural\/bela-vista\/#primaryimage","url":"https:\/\/www.pmpf.rs.gov.br\/secretaria-de-agricultura-e-desenvolvimento-rural\/wp-content\/uploads\/sites\/5\/2021\/11\/I2013-10-29_01_53_29_164470.jpg","contentUrl":"https:\/\/www.pmpf.rs.gov.br\/secretaria-de-agricultura-e-desenvolvimento-rural\/wp-content\/uploads\/sites\/5\/2021\/11\/I2013-10-29_01_53_29_164470.jpg","width":200,"height":186},{"@type":"WebSite","@id":"https:\/\/www.pmpf.rs.gov.br\/secretaria-de-agricultura-e-desenvolvimento-rural\/#website","url":"https:\/\/www.pmpf.rs.gov.br\/secretaria-de-agricultura-e-desenvolvimento-rural\/","name":"Secretaria de Agricultura e Desenvolvimento Rural","description":"S\u00f3 mais um site Prefeitura Municipal de Passo Fundo Sites","potentialAction":[{"@type":"SearchAction","target":{"@type":"EntryPoint","urlTemplate":"https:\/\/www.pmpf.rs.gov.br\/secretaria-de-agricultura-e-desenvolvimento-rural\/?s={search_term_string}"},"query-input":{"@type":"PropertyValueSpecification","valueRequired":true,"valueName":"search_term_string"}}],"inLanguage":"pt-BR"}]}},"_links":{"self":[{"href":"https:\/\/www.pmpf.rs.gov.br\/secretaria-de-agricultura-e-desenvolvimento-rural\/wp-json\/wp\/v2\/pages\/27"}],"collection":[{"href":"https:\/\/www.pmpf.rs.gov.br\/secretaria-de-agricultura-e-desenvolvimento-rural\/wp-json\/wp\/v2\/pages"}],"about":[{"href":"https:\/\/www.pmpf.rs.gov.br\/secretaria-de-agricultura-e-desenvolvimento-rural\/wp-json\/wp\/v2\/types\/page"}],"author":[{"embeddable":true,"href":"https:\/\/www.pmpf.rs.gov.br\/secretaria-de-agricultura-e-desenvolvimento-rural\/wp-json\/wp\/v2\/users\/1"}],"replies":[{"embeddable":true,"href":"https:\/\/www.pmpf.rs.gov.br\/secretaria-de-agricultura-e-desenvolvimento-rural\/wp-json\/wp\/v2\/comments?post=27"}],"version-history":[{"count":13,"href":"https:\/\/www.pmpf.rs.gov.br\/secretaria-de-agricultura-e-desenvolvimento-rural\/wp-json\/wp\/v2\/pages\/27\/revisions"}],"predecessor-version":[{"id":1047,"href":"https:\/\/www.pmpf.rs.gov.br\/secretaria-de-agricultura-e-desenvolvimento-rural\/wp-json\/wp\/v2\/pages\/27\/revisions\/1047"}],"wp:attachment":[{"href":"https:\/\/www.pmpf.rs.gov.br\/secretaria-de-agricultura-e-desenvolvimento-rural\/wp-json\/wp\/v2\/media?parent=27"}],"curies":[{"name":"wp","href":"https:\/\/api.w.org\/{rel}","templated":true}]}}