{"id":25,"date":"2021-11-10T14:43:25","date_gmt":"2021-11-10T17:43:25","guid":{"rendered":"https:\/\/www.pmpf.rs.gov.br\/secretaria-de-agricultura-e-desenvolvimento-rural\/?page_id=25"},"modified":"2022-07-18T15:54:55","modified_gmt":"2022-07-18T18:54:55","slug":"unidade-municipal-de-cadastramento","status":"publish","type":"page","link":"https:\/\/www.pmpf.rs.gov.br\/secretaria-de-agricultura-e-desenvolvimento-rural\/unidade-municipal-de-cadastramento\/","title":{"rendered":"Unidade Municipal de Cadastramento"},"content":{"rendered":"\n<h2 class=\"wp-block-heading\">UMC<\/h2>\n\n\n\n<p>A Unidade Municipal de Cadastramento (UMC) \u00e9 um \u00d3rg\u00e3o subordinado ao munic\u00edpio e vinculado tecnicamente ao INCRA, atrav\u00e9s do Termo de Coopera\u00e7\u00e3o T\u00e9cnica n\u00ba 1047\/2004, celebrado entre a Prefeitura Municipal de Passo Fundo e o Instituto Nacional de Coloniza\u00e7\u00e3o e Reforma Agr\u00e1ria-INCRA.O objetivo \u00e9 desenvolver a\u00e7\u00f5es de manuten\u00e7\u00e3o do Sistema Nacional de Cadastro Rural, com a presta\u00e7\u00e3o de informa\u00e7\u00f5es e formul\u00e1rios aos interessados sobre quaisquer quest\u00f5es relacionadas ao cadastramento de im\u00f3veis rurais, bem como disciplinar ao cesso \u201con-line\u201d, atrav\u00e9s de senha espec\u00edfica, para consulta, transcri\u00e7\u00e3o de formul\u00e1rios e emiss\u00e3o de Certificado de Cadastro do Im\u00f3vel Rural (CCIR) e atualiza\u00e7\u00e3o de cadastro.<\/p>\n\n\n\n<p>A UMC est\u00e1 autorizada a processar cadastros de im\u00f3veis rurais com \u00e1rea at\u00e9 (04) quatro m\u00f3dulos fiscais. (O m\u00f3dulo para o munic\u00edpio de Passo Fundo \u00e9 de 16 hectares).<br><br>Atrav\u00e9s da Lei Complementar n\u00ba 175 de 27 de Dezembro de 2006, a Prefeitura Municipal de Passo Fundo determina a cobran\u00e7a de taxas em face dos servi\u00e7os delegados pelo INCRA.<\/p>\n\n\n\n<p><strong>Endere\u00e7o:<\/strong> Rua Dr. Jo\u00e3o Freitas, n\u00ba 75<\/p>\n\n\n\n<p><strong>Telefone<\/strong>: (54) 3311-1193<\/p>\n\n\n\n<figure class=\"wp-block-table\"><table><tbody><tr><td>Servi\u00e7os<\/td><td>N\u00ba de UFMs<\/td><td>Valor de UFMs<\/td><td>Total<\/td><\/tr><tr><td>An\u00e1lise e Digita\u00e7\u00e3o<\/td><td>6,5<\/td><td>4,1298<\/td><td>26,8437<\/td><\/tr><tr><td>An\u00e1lise, Digita\u00e7\u00e3o e Fornecimento CCIR<\/td><td>10<\/td><td>4,1298<\/td><td>41,298<\/td><\/tr><tr><td>(*) Valor da UFMs &#8211; Unidade Fiscal Municipal para o ano 2022.<\/td><\/tr><\/tbody><\/table><\/figure>\n\n\n\n<p><\/p>\n","protected":false},"excerpt":{"rendered":"<p>UMC A Unidade Municipal de Cadastramento (UMC) \u00e9 um \u00d3rg\u00e3o subordinado ao munic\u00edpio e vinculado tecnicamente ao INCRA, atrav\u00e9s do Termo de Coopera\u00e7\u00e3o T\u00e9cnica n\u00ba 1047\/2004, celebrado entre a Prefeitura Municipal de [&hellip;]<\/p>\n","protected":false},"author":1,"featured_media":0,"parent":0,"menu_order":0,"comment_status":"closed","ping_status":"closed","template":"","meta":{"footnotes":""},"class_list":["post-25","page","type-page","status-publish","hentry"],"yoast_head":"<!-- This site is optimized with the Yoast SEO plugin v23.8 - https:\/\/yoast.com\/wordpress\/plugins\/seo\/ -->\n<title>Unidade Municipal de Cadastramento - Secretaria de Agricultura e Desenvolvimento Rural<\/title>\n<meta name=\"robots\" content=\"index, follow, max-snippet:-1, max-image-preview:large, max-video-preview:-1\" \/>\n<link rel=\"canonical\" href=\"https:\/\/www.pmpf.rs.gov.br\/secretaria-de-agricultura-e-desenvolvimento-rural\/unidade-municipal-de-cadastramento\/\" \/>\n<meta property=\"og:locale\" content=\"pt_BR\" \/>\n<meta property=\"og:type\" content=\"article\" \/>\n<meta property=\"og:title\" content=\"Unidade Municipal de Cadastramento - Secretaria de Agricultura e Desenvolvimento Rural\" \/>\n<meta property=\"og:description\" content=\"UMC A Unidade Municipal de Cadastramento (UMC) \u00e9 um \u00d3rg\u00e3o subordinado ao munic\u00edpio e vinculado tecnicamente ao INCRA, atrav\u00e9s do Termo de Coopera\u00e7\u00e3o T\u00e9cnica n\u00ba 1047\/2004, celebrado entre a Prefeitura Municipal de [&hellip;]\" \/>\n<meta property=\"og:url\" content=\"https:\/\/www.pmpf.rs.gov.br\/secretaria-de-agricultura-e-desenvolvimento-rural\/unidade-municipal-de-cadastramento\/\" \/>\n<meta property=\"og:site_name\" content=\"Secretaria de Agricultura e Desenvolvimento Rural\" \/>\n<meta property=\"article:modified_time\" content=\"2022-07-18T18:54:55+00:00\" \/>\n<meta name=\"twitter:card\" content=\"summary_large_image\" \/>\n<meta name=\"twitter:label1\" content=\"Est. tempo de leitura\" \/>\n\t<meta name=\"twitter:data1\" content=\"1 minuto\" \/>\n<script type=\"application\/ld+json\" class=\"yoast-schema-graph\">{\"@context\":\"https:\/\/schema.org\",\"@graph\":[{\"@type\":\"WebPage\",\"@id\":\"https:\/\/www.pmpf.rs.gov.br\/secretaria-de-agricultura-e-desenvolvimento-rural\/unidade-municipal-de-cadastramento\/\",\"url\":\"https:\/\/www.pmpf.rs.gov.br\/secretaria-de-agricultura-e-desenvolvimento-rural\/unidade-municipal-de-cadastramento\/\",\"name\":\"Unidade Municipal de Cadastramento - Secretaria de Agricultura e Desenvolvimento Rural\",\"isPartOf\":{\"@id\":\"https:\/\/www.pmpf.rs.gov.br\/secretaria-de-agricultura-e-desenvolvimento-rural\/#website\"},\"datePublished\":\"2021-11-10T17:43:25+00:00\",\"dateModified\":\"2022-07-18T18:54:55+00:00\",\"inLanguage\":\"pt-BR\",\"potentialAction\":[{\"@type\":\"ReadAction\",\"target\":[\"https:\/\/www.pmpf.rs.gov.br\/secretaria-de-agricultura-e-desenvolvimento-rural\/unidade-municipal-de-cadastramento\/\"]}]},{\"@type\":\"WebSite\",\"@id\":\"https:\/\/www.pmpf.rs.gov.br\/secretaria-de-agricultura-e-desenvolvimento-rural\/#website\",\"url\":\"https:\/\/www.pmpf.rs.gov.br\/secretaria-de-agricultura-e-desenvolvimento-rural\/\",\"name\":\"Secretaria de Agricultura e Desenvolvimento Rural\",\"description\":\"S\u00f3 mais um site Prefeitura Municipal de Passo Fundo Sites\",\"potentialAction\":[{\"@type\":\"SearchAction\",\"target\":{\"@type\":\"EntryPoint\",\"urlTemplate\":\"https:\/\/www.pmpf.rs.gov.br\/secretaria-de-agricultura-e-desenvolvimento-rural\/?s={search_term_string}\"},\"query-input\":{\"@type\":\"PropertyValueSpecification\",\"valueRequired\":true,\"valueName\":\"search_term_string\"}}],\"inLanguage\":\"pt-BR\"}]}<\/script>\n<!-- \/ Yoast SEO plugin. -->","yoast_head_json":{"title":"Unidade Municipal de Cadastramento - Secretaria de Agricultura e Desenvolvimento Rural","robots":{"index":"index","follow":"follow","max-snippet":"max-snippet:-1","max-image-preview":"max-image-preview:large","max-video-preview":"max-video-preview:-1"},"canonical":"https:\/\/www.pmpf.rs.gov.br\/secretaria-de-agricultura-e-desenvolvimento-rural\/unidade-municipal-de-cadastramento\/","og_locale":"pt_BR","og_type":"article","og_title":"Unidade Municipal de Cadastramento - Secretaria de Agricultura e Desenvolvimento Rural","og_description":"UMC A Unidade Municipal de Cadastramento (UMC) \u00e9 um \u00d3rg\u00e3o subordinado ao munic\u00edpio e vinculado tecnicamente ao INCRA, atrav\u00e9s do Termo de Coopera\u00e7\u00e3o T\u00e9cnica n\u00ba 1047\/2004, celebrado entre a Prefeitura Municipal de [&hellip;]","og_url":"https:\/\/www.pmpf.rs.gov.br\/secretaria-de-agricultura-e-desenvolvimento-rural\/unidade-municipal-de-cadastramento\/","og_site_name":"Secretaria de Agricultura e Desenvolvimento Rural","article_modified_time":"2022-07-18T18:54:55+00:00","twitter_card":"summary_large_image","twitter_misc":{"Est. tempo de leitura":"1 minuto"},"schema":{"@context":"https:\/\/schema.org","@graph":[{"@type":"WebPage","@id":"https:\/\/www.pmpf.rs.gov.br\/secretaria-de-agricultura-e-desenvolvimento-rural\/unidade-municipal-de-cadastramento\/","url":"https:\/\/www.pmpf.rs.gov.br\/secretaria-de-agricultura-e-desenvolvimento-rural\/unidade-municipal-de-cadastramento\/","name":"Unidade Municipal de Cadastramento - Secretaria de Agricultura e Desenvolvimento Rural","isPartOf":{"@id":"https:\/\/www.pmpf.rs.gov.br\/secretaria-de-agricultura-e-desenvolvimento-rural\/#website"},"datePublished":"2021-11-10T17:43:25+00:00","dateModified":"2022-07-18T18:54:55+00:00","inLanguage":"pt-BR","potentialAction":[{"@type":"ReadAction","target":["https:\/\/www.pmpf.rs.gov.br\/secretaria-de-agricultura-e-desenvolvimento-rural\/unidade-municipal-de-cadastramento\/"]}]},{"@type":"WebSite","@id":"https:\/\/www.pmpf.rs.gov.br\/secretaria-de-agricultura-e-desenvolvimento-rural\/#website","url":"https:\/\/www.pmpf.rs.gov.br\/secretaria-de-agricultura-e-desenvolvimento-rural\/","name":"Secretaria de Agricultura e Desenvolvimento Rural","description":"S\u00f3 mais um site Prefeitura Municipal de Passo Fundo Sites","potentialAction":[{"@type":"SearchAction","target":{"@type":"EntryPoint","urlTemplate":"https:\/\/www.pmpf.rs.gov.br\/secretaria-de-agricultura-e-desenvolvimento-rural\/?s={search_term_string}"},"query-input":{"@type":"PropertyValueSpecification","valueRequired":true,"valueName":"search_term_string"}}],"inLanguage":"pt-BR"}]}},"_links":{"self":[{"href":"https:\/\/www.pmpf.rs.gov.br\/secretaria-de-agricultura-e-desenvolvimento-rural\/wp-json\/wp\/v2\/pages\/25"}],"collection":[{"href":"https:\/\/www.pmpf.rs.gov.br\/secretaria-de-agricultura-e-desenvolvimento-rural\/wp-json\/wp\/v2\/pages"}],"about":[{"href":"https:\/\/www.pmpf.rs.gov.br\/secretaria-de-agricultura-e-desenvolvimento-rural\/wp-json\/wp\/v2\/types\/page"}],"author":[{"embeddable":true,"href":"https:\/\/www.pmpf.rs.gov.br\/secretaria-de-agricultura-e-desenvolvimento-rural\/wp-json\/wp\/v2\/users\/1"}],"replies":[{"embeddable":true,"href":"https:\/\/www.pmpf.rs.gov.br\/secretaria-de-agricultura-e-desenvolvimento-rural\/wp-json\/wp\/v2\/comments?post=25"}],"version-history":[{"count":2,"href":"https:\/\/www.pmpf.rs.gov.br\/secretaria-de-agricultura-e-desenvolvimento-rural\/wp-json\/wp\/v2\/pages\/25\/revisions"}],"predecessor-version":[{"id":745,"href":"https:\/\/www.pmpf.rs.gov.br\/secretaria-de-agricultura-e-desenvolvimento-rural\/wp-json\/wp\/v2\/pages\/25\/revisions\/745"}],"wp:attachment":[{"href":"https:\/\/www.pmpf.rs.gov.br\/secretaria-de-agricultura-e-desenvolvimento-rural\/wp-json\/wp\/v2\/media?parent=25"}],"curies":[{"name":"wp","href":"https:\/\/api.w.org\/{rel}","templated":true}]}}