{"id":23,"date":"2021-11-10T14:42:04","date_gmt":"2021-11-10T17:42:04","guid":{"rendered":"https:\/\/www.pmpf.rs.gov.br\/secretaria-de-agricultura-e-desenvolvimento-rural\/?page_id=23"},"modified":"2022-07-18T16:13:51","modified_gmt":"2022-07-18T19:13:51","slug":"conselhos-distritais","status":"publish","type":"page","link":"https:\/\/www.pmpf.rs.gov.br\/secretaria-de-agricultura-e-desenvolvimento-rural\/conselhos-distritais\/","title":{"rendered":"Conselhos Distritais"},"content":{"rendered":"\n<h2 class=\"wp-block-heading\">Informa\u00e7\u00f5es<\/h2>\n\n\n\n<p><strong>Distrito de Bela Vista<\/strong><\/p>\n\n\n\n<p>Subprefeito (Bi\u00eanio: Jun\/2021 a Mai\/2023): <strong>Alexandre Dal\u2019Maso<\/strong><\/p>\n\n\n\n<p>O Conselho Distrital ficou constitu\u00eddo com representantes das seguintes entidades:<\/p>\n\n\n\n<ul class=\"wp-block-list\"><li>Associa\u00e7\u00e3o Moradores do Distrito de Bela Vista<\/li><li>AVEPENCA<\/li><li>Capela S\u00e3o Pedro de Bela Vista<\/li><li>CONVIDAS<\/li><li>CPM \u2013 Escola Estadual E. F. Bela Vista<\/li><li>CRESOL<\/li><li>CTG Amigos da Tradi\u00e7\u00e3o<\/li><li>Escola Estadual E. F. Bela Vista<\/li><li>Grupo Sonhar e Viver<\/li><li>SICREDI<\/li><li>Sindicato dos Trabalhadores Rurais de Passo Fundo<\/li><\/ul>\n\n\n\n<p><strong>Distrito de Bom Recreio<\/strong><br>Subprefeito (Bi\u00eanio: Jun\/2021 a Mai\/2023):<strong> Marco Ant\u00f4nio de Souza<\/strong><br>O Conselho Distrital ficou constitu\u00eddo com representantes das seguintes entidades:<\/p>\n\n\n\n<ul class=\"wp-block-list\"><li>Assentamento Bom Receio<\/li><li>Capela Santa Terezinha<\/li><li>Capela S\u00e3o Jo\u00e3o Batista<\/li><li>Comunidade de Santo Ant\u00e3o<\/li><li>Conselho da Comunidade de Bom Recreio<\/li><li>CRESOL<\/li><li>DAATI \u2013 Bom Recreio<\/li><li>Escola Municipal E. F. Le\u00e3o Nunes de Castro<\/li><li>Mitra \u2013 Santu\u00e1rio Aparecida<\/li><li>SICREDI<\/li><li>Sindicato dos Trabalhadores Rurais<\/li><\/ul>\n\n\n\n<p><strong>Distrito de Pulador<\/strong><br>Subprefeito (Bi\u00eanio: Jun\/2021 a Mai\/2023):<strong>Jos\u00e9 Ant\u00f4nio Laitart<\/strong><br>O Conselho Distrital ficou constitu\u00eddo com representantes das seguintes entidades:<\/p>\n\n\n\n<ul class=\"wp-block-list\"><li>Associa\u00e7\u00e3o da \u00c1gua<\/li><li>Associa\u00e7\u00e3o dos Moradores do Distrito de Pulador<\/li><li>Capela Divino Esp\u00edrito Santo<\/li><li>Capela Santo Ant\u00f4nio<\/li><li>CPM- Escola Estadual E. F. Cl\u00e1udio Manoel da Costa<\/li><li>CRESOL<\/li><li>Escola Estadual E. F. Cl\u00e1udio Manoel da Costa<\/li><li>Fazenda Tropeiro Campon\u00eas<\/li><li>Igreja Evang\u00e9lica Assembleia de Deus<\/li><li>SICREDI<\/li><li>Sindicato dos Trabalhadores Rurais de Passo Fundo<\/li><li>Sindicato Rural de Passo Fundo<\/li><\/ul>\n\n\n\n<p><strong>Distrito de S\u00e3o Roque<\/strong><\/p>\n\n\n\n<p>Subprefeito (Bi\u00eanio: Jun\/2021 a Mai\/2023): <strong>Tiago Rosso<\/strong><\/p>\n\n\n\n<p>O Conselho Distrital ficou constitu\u00eddo com representantes das seguintes entidades:<\/p>\n\n\n\n<ul class=\"wp-block-list\"><li>Associa\u00e7\u00e3o Feira do Produtor<\/li><li>Associa\u00e7\u00e3o dos Oleiros<\/li><li>AVEPENCA<\/li><li>Comunidade Nossa Senhora da Sa\u00fade<\/li><li>Comunidade de S\u00e3o Br\u00e1z<\/li><li>Comunidade S\u00e3o Jos\u00e9<\/li><li>Comunidade S\u00e3o Valentim<\/li><li>CRESOL<\/li><li>Mitra Diocesana\/S\u00e3o Roque<\/li><li>SICREDI<\/li><li>Sindicato dos Trabalhadores Rurais de Passo Fundo<\/li><li>Vila Colussi<\/li><\/ul>\n\n\n\n<p><strong>Distrito de Santo Ant\u00f4nio do Capinzal<\/strong><br>Subprefeito (Bi\u00eanio: Jun\/2021 a Mai\/2023): <strong>Cl\u00e1udio Luis Gasparin<\/strong><br>O Conselho Distrital ficou constitu\u00eddo com representantes das seguintes entidades:<\/p>\n\n\n\n<ul class=\"wp-block-list\"><li>AVEPENCA<\/li><li>Capela Divino Esp\u00edrito Santo Capinzal<\/li><li>Capela S\u00e3o Pedro<\/li><li>Capela Nossa Senhora das Gra\u00e7as<\/li><li>Comunidade Santo Ant\u00f4nio do Capinzal<\/li><li>CRESOL<\/li><li>DAATI Capinzal<\/li><li>Escola Estadual E. F. Padre Paulo Jaques<\/li><li>SICREDI<\/li><li>Sindicato dos Trabalhadores Rurais de Passo Fundo<\/li><li>Sindicato Rural de Passo Fundo<\/li><li>Sociedade H\u00edpica Capinzal<\/li><\/ul>\n\n\n\n<p><strong>Distrito de Sede Independ\u00eancia<\/strong><\/p>\n\n\n\n<p>Subprefeito (Bi\u00eanio: Jun\/2021 a Mai\/2023): <strong>Alcides Censi<\/strong><br>O Conselho Distrital ficou constitu\u00eddo com representantes das seguintes entidades:<\/p>\n\n\n\n<ul class=\"wp-block-list\"><li>Clube de M\u00e3es Amigas Buscando Amigas\/Taquari<\/li><li>Comunidade Burro Preto<\/li><li>Comunidade Nossa Senhora dos Navegantes<\/li><li>Comunidade S\u00e3o Judas Tadeu &#8211; Capingu\u00ed<\/li><li>CPM E. E. E. F. Valdemar Zanatta<\/li><li>CRESOL<\/li><li>Escola Estadual E. F. Valdemar Zanatta<\/li><li>Funda\u00e7\u00e3o Beneficente Lucas Ara\u00fajo<\/li><li>Grupo 3\u00aa Idade Burro Preto<\/li><li>SICREDI<\/li><li>Sindicato dos Trabalhadores Rurais de Passo Fundo<\/li><\/ul>\n\n\n\n<hr class=\"wp-block-separator\"\/>\n","protected":false},"excerpt":{"rendered":"<p>Informa\u00e7\u00f5es Distrito de Bela Vista Subprefeito (Bi\u00eanio: Jun\/2021 a Mai\/2023): Alexandre Dal\u2019Maso O Conselho Distrital ficou constitu\u00eddo com representantes das seguintes entidades: Associa\u00e7\u00e3o Moradores do Distrito de Bela Vista AVEPENCA Capela S\u00e3o [&hellip;]<\/p>\n","protected":false},"author":1,"featured_media":0,"parent":0,"menu_order":0,"comment_status":"closed","ping_status":"closed","template":"","meta":{"footnotes":""},"class_list":["post-23","page","type-page","status-publish","hentry"],"yoast_head":"<!-- This site is optimized with the Yoast SEO plugin v23.8 - https:\/\/yoast.com\/wordpress\/plugins\/seo\/ -->\n<title>Conselhos Distritais - Secretaria de Agricultura e Desenvolvimento Rural<\/title>\n<meta name=\"robots\" content=\"index, follow, max-snippet:-1, max-image-preview:large, max-video-preview:-1\" \/>\n<link rel=\"canonical\" href=\"https:\/\/www.pmpf.rs.gov.br\/secretaria-de-agricultura-e-desenvolvimento-rural\/conselhos-distritais\/\" \/>\n<meta property=\"og:locale\" content=\"pt_BR\" \/>\n<meta property=\"og:type\" content=\"article\" \/>\n<meta property=\"og:title\" content=\"Conselhos Distritais - Secretaria de Agricultura e Desenvolvimento Rural\" \/>\n<meta property=\"og:description\" content=\"Informa\u00e7\u00f5es Distrito de Bela Vista Subprefeito (Bi\u00eanio: Jun\/2021 a Mai\/2023): Alexandre Dal\u2019Maso O Conselho Distrital ficou constitu\u00eddo com representantes das seguintes entidades: Associa\u00e7\u00e3o Moradores do Distrito de Bela Vista AVEPENCA Capela S\u00e3o [&hellip;]\" \/>\n<meta property=\"og:url\" content=\"https:\/\/www.pmpf.rs.gov.br\/secretaria-de-agricultura-e-desenvolvimento-rural\/conselhos-distritais\/\" \/>\n<meta property=\"og:site_name\" content=\"Secretaria de Agricultura e Desenvolvimento Rural\" \/>\n<meta property=\"article:modified_time\" content=\"2022-07-18T19:13:51+00:00\" \/>\n<meta name=\"twitter:card\" content=\"summary_large_image\" \/>\n<meta name=\"twitter:label1\" content=\"Est. tempo de leitura\" \/>\n\t<meta name=\"twitter:data1\" content=\"2 minutos\" \/>\n<script type=\"application\/ld+json\" class=\"yoast-schema-graph\">{\"@context\":\"https:\/\/schema.org\",\"@graph\":[{\"@type\":\"WebPage\",\"@id\":\"https:\/\/www.pmpf.rs.gov.br\/secretaria-de-agricultura-e-desenvolvimento-rural\/conselhos-distritais\/\",\"url\":\"https:\/\/www.pmpf.rs.gov.br\/secretaria-de-agricultura-e-desenvolvimento-rural\/conselhos-distritais\/\",\"name\":\"Conselhos Distritais - Secretaria de Agricultura e Desenvolvimento Rural\",\"isPartOf\":{\"@id\":\"https:\/\/www.pmpf.rs.gov.br\/secretaria-de-agricultura-e-desenvolvimento-rural\/#website\"},\"datePublished\":\"2021-11-10T17:42:04+00:00\",\"dateModified\":\"2022-07-18T19:13:51+00:00\",\"inLanguage\":\"pt-BR\",\"potentialAction\":[{\"@type\":\"ReadAction\",\"target\":[\"https:\/\/www.pmpf.rs.gov.br\/secretaria-de-agricultura-e-desenvolvimento-rural\/conselhos-distritais\/\"]}]},{\"@type\":\"WebSite\",\"@id\":\"https:\/\/www.pmpf.rs.gov.br\/secretaria-de-agricultura-e-desenvolvimento-rural\/#website\",\"url\":\"https:\/\/www.pmpf.rs.gov.br\/secretaria-de-agricultura-e-desenvolvimento-rural\/\",\"name\":\"Secretaria de Agricultura e Desenvolvimento Rural\",\"description\":\"S\u00f3 mais um site Prefeitura Municipal de Passo Fundo Sites\",\"potentialAction\":[{\"@type\":\"SearchAction\",\"target\":{\"@type\":\"EntryPoint\",\"urlTemplate\":\"https:\/\/www.pmpf.rs.gov.br\/secretaria-de-agricultura-e-desenvolvimento-rural\/?s={search_term_string}\"},\"query-input\":{\"@type\":\"PropertyValueSpecification\",\"valueRequired\":true,\"valueName\":\"search_term_string\"}}],\"inLanguage\":\"pt-BR\"}]}<\/script>\n<!-- \/ Yoast SEO plugin. -->","yoast_head_json":{"title":"Conselhos Distritais - Secretaria de Agricultura e Desenvolvimento Rural","robots":{"index":"index","follow":"follow","max-snippet":"max-snippet:-1","max-image-preview":"max-image-preview:large","max-video-preview":"max-video-preview:-1"},"canonical":"https:\/\/www.pmpf.rs.gov.br\/secretaria-de-agricultura-e-desenvolvimento-rural\/conselhos-distritais\/","og_locale":"pt_BR","og_type":"article","og_title":"Conselhos Distritais - Secretaria de Agricultura e Desenvolvimento Rural","og_description":"Informa\u00e7\u00f5es Distrito de Bela Vista Subprefeito (Bi\u00eanio: Jun\/2021 a Mai\/2023): Alexandre Dal\u2019Maso O Conselho Distrital ficou constitu\u00eddo com representantes das seguintes entidades: Associa\u00e7\u00e3o Moradores do Distrito de Bela Vista AVEPENCA Capela S\u00e3o [&hellip;]","og_url":"https:\/\/www.pmpf.rs.gov.br\/secretaria-de-agricultura-e-desenvolvimento-rural\/conselhos-distritais\/","og_site_name":"Secretaria de Agricultura e Desenvolvimento Rural","article_modified_time":"2022-07-18T19:13:51+00:00","twitter_card":"summary_large_image","twitter_misc":{"Est. tempo de leitura":"2 minutos"},"schema":{"@context":"https:\/\/schema.org","@graph":[{"@type":"WebPage","@id":"https:\/\/www.pmpf.rs.gov.br\/secretaria-de-agricultura-e-desenvolvimento-rural\/conselhos-distritais\/","url":"https:\/\/www.pmpf.rs.gov.br\/secretaria-de-agricultura-e-desenvolvimento-rural\/conselhos-distritais\/","name":"Conselhos Distritais - Secretaria de Agricultura e Desenvolvimento Rural","isPartOf":{"@id":"https:\/\/www.pmpf.rs.gov.br\/secretaria-de-agricultura-e-desenvolvimento-rural\/#website"},"datePublished":"2021-11-10T17:42:04+00:00","dateModified":"2022-07-18T19:13:51+00:00","inLanguage":"pt-BR","potentialAction":[{"@type":"ReadAction","target":["https:\/\/www.pmpf.rs.gov.br\/secretaria-de-agricultura-e-desenvolvimento-rural\/conselhos-distritais\/"]}]},{"@type":"WebSite","@id":"https:\/\/www.pmpf.rs.gov.br\/secretaria-de-agricultura-e-desenvolvimento-rural\/#website","url":"https:\/\/www.pmpf.rs.gov.br\/secretaria-de-agricultura-e-desenvolvimento-rural\/","name":"Secretaria de Agricultura e Desenvolvimento Rural","description":"S\u00f3 mais um site Prefeitura Municipal de Passo Fundo Sites","potentialAction":[{"@type":"SearchAction","target":{"@type":"EntryPoint","urlTemplate":"https:\/\/www.pmpf.rs.gov.br\/secretaria-de-agricultura-e-desenvolvimento-rural\/?s={search_term_string}"},"query-input":{"@type":"PropertyValueSpecification","valueRequired":true,"valueName":"search_term_string"}}],"inLanguage":"pt-BR"}]}},"_links":{"self":[{"href":"https:\/\/www.pmpf.rs.gov.br\/secretaria-de-agricultura-e-desenvolvimento-rural\/wp-json\/wp\/v2\/pages\/23"}],"collection":[{"href":"https:\/\/www.pmpf.rs.gov.br\/secretaria-de-agricultura-e-desenvolvimento-rural\/wp-json\/wp\/v2\/pages"}],"about":[{"href":"https:\/\/www.pmpf.rs.gov.br\/secretaria-de-agricultura-e-desenvolvimento-rural\/wp-json\/wp\/v2\/types\/page"}],"author":[{"embeddable":true,"href":"https:\/\/www.pmpf.rs.gov.br\/secretaria-de-agricultura-e-desenvolvimento-rural\/wp-json\/wp\/v2\/users\/1"}],"replies":[{"embeddable":true,"href":"https:\/\/www.pmpf.rs.gov.br\/secretaria-de-agricultura-e-desenvolvimento-rural\/wp-json\/wp\/v2\/comments?post=23"}],"version-history":[{"count":4,"href":"https:\/\/www.pmpf.rs.gov.br\/secretaria-de-agricultura-e-desenvolvimento-rural\/wp-json\/wp\/v2\/pages\/23\/revisions"}],"predecessor-version":[{"id":749,"href":"https:\/\/www.pmpf.rs.gov.br\/secretaria-de-agricultura-e-desenvolvimento-rural\/wp-json\/wp\/v2\/pages\/23\/revisions\/749"}],"wp:attachment":[{"href":"https:\/\/www.pmpf.rs.gov.br\/secretaria-de-agricultura-e-desenvolvimento-rural\/wp-json\/wp\/v2\/media?parent=23"}],"curies":[{"name":"wp","href":"https:\/\/api.w.org\/{rel}","templated":true}]}}