{"id":21,"date":"2021-11-10T14:41:32","date_gmt":"2021-11-10T17:41:32","guid":{"rendered":"https:\/\/www.pmpf.rs.gov.br\/secretaria-de-agricultura-e-desenvolvimento-rural\/?page_id=21"},"modified":"2021-11-10T14:41:32","modified_gmt":"2021-11-10T17:41:32","slug":"conselho-municipal-de-desenvolvimento-agrario","status":"publish","type":"page","link":"https:\/\/www.pmpf.rs.gov.br\/secretaria-de-agricultura-e-desenvolvimento-rural\/conselho-municipal-de-desenvolvimento-agrario\/","title":{"rendered":"Conselho Municipal de Desenvolvimento Agr\u00e1rio"},"content":{"rendered":"\n<h2 class=\"wp-block-heading\">CMDA<\/h2>\n\n\n\n<p>O Conselho Municipal de Desenvolvimento Agr\u00e1rio \u2013 CMDA, Criado pela Lei n\u00ba 1581 de 03 de Setembro de 1974 e regulamentado pela Lei n\u00ba 2.904 de 11 de novembro de 1993, \u00e9 um \u00f3rg\u00e3o de assessoramento, que congrega representantes da \u00e1rea agropecu\u00e1ria do Munic\u00edpio de Passo Fundo, tendo como sede a Secretaria do Interior. Segundo o Artigo 4\u00ba do Regimento Interno O CMDA ter\u00e1 por atribui\u00e7\u00f5es:<\/p>\n\n\n\n<p>I \u2013 apresentar, anualmente, ao Poder Executivo, o Plano de Atividades para o Exerc\u00edcio Seguinte;<br>II \u2013 tra\u00e7ar planos e diretrizes que venham auxiliar no desenvolvimento agropecu\u00e1rio do Munic\u00edpio;<br>III \u2013 auxiliar na organiza\u00e7\u00e3o de eventos t\u00e9cnicos, feiras e exposi\u00e7\u00f5es agropecu\u00e1rias, visando estimular a produ\u00e7\u00e3o do Munic\u00edpio;<br>IV \u2013 promover e estimular a participa\u00e7\u00e3o interinstitucional, congregando entidades municipais, estaduais e federais que atuam direta ou indiretamente no setor agropecu\u00e1rio, visando o desenvolvimento social e econ\u00f4mico do Munic\u00edpio do Estado e do Pa\u00eds;<br>V \u2013 auxiliar na identifica\u00e7\u00e3o, na an\u00e1lise e no equacionamento dos problemas que afetam o setor produtivo;<br>VI \u2013 apresentar, ao final de cada ano, relat\u00f3rios de suas atividades \u00e0 Assembleia e ao Prefeito Municipal;<br>VII \u2013 colaborar e co-gerenciar o Plano Diretor Rural do munic\u00edpio de Passo Fundo.<\/p>\n\n\n\n<p>O Exerc\u00edcio do cargo de conselheiro do Conselho Municipal de Desenvolvimento Agr\u00e1rio \u2013 CMDA ser\u00e1 gratuito e considerado como servi\u00e7o relevante prestado ao munic\u00edpio.(Art. 7\u00ba Lei 2904, de 11.11.1993).<\/p>\n\n\n\n<p>A presid\u00eancia e a vice-presid\u00eancia ser\u00e1 definida por vota\u00e7\u00e3o e dever\u00e1 recair entre as entidades titulares, tendo o mandato a dura\u00e7\u00e3o paralela ao mandato do Prefeito.(Art.3\u00ba e \u00a72 lei 2.904 de 11.11.1993)<\/p>\n\n\n\n<p>Atrav\u00e9s das Portarias n\u00ba 5.117\/05 e 564\/06 est\u00e3o nomeados membros do CMDA para o quadri\u00eanio 2013 a 2016 com representantes das seguintes entidades.<\/p>\n\n\n\n<p><strong>Entidades Com Representa\u00e7\u00e3o no CMDA<\/strong><br>AEAPF &#8211; ASSOCIA\u00c7\u00c3O. DOS ENGENHEIROS AGR\u00d4NOMOS DE PASSO FUNDO<br>AMVEP- ASSOCIA\u00c7\u00c3O DOS M\u00c9DICOS- VETERIN\u00c1RIOS DO PLANALTO<br>AVIPEMCA \u2013 ASSOCIA\u00c7\u00c3O DOS CRIADORES DE FRANGOS DE PASSO FUNDO<br>ASSOCIA\u00c7\u00c3O MUNICIPAL DOS FEIRANTES<br>ASSOCIA\u00c7\u00c3O MUNICIPAL DOS PRODUTORES DE LEITE &#8211; APROLEITE<br>EMBRAPA &#8211; CENTRO NACIONAL DE PESQUISA DO TRIGO<br>ESCRIT\u00d3RIO MUNICIPAL DA EMATER<br>FACULDADE DE AGRONOMIA. E MEDICINA- VETERIN\u00c1RIA &#8211; UPF<br>SECRETARIA ESTADUAL DE MEIO AMBIENTE &#8211; DEFAP\/SEMA\/RS<br>SECRETARIA DA AGRICULTURA E ABASTECIMENTO \u2013 INSP. VET. E ZOOTEC<br>SECRINT &#8211; SECRETARIA DO INTERIOR<br>SINDICATO DOS TRABALHADORES RURAIS DE PASSO FUNDO<br>SINDICATO RURAL (CAT. EMPREGADOR )<\/p>\n\n\n\n<p><strong>Entidades de Apoio<\/strong><br>BANCO DO BRASIL S.A.<br>IBAMA- INSTIT. BRAS. MEIO AMB. E REC. NAT. RENOV.<br>IBGE- INSTITUTO BRASILEIRO DE GEOGRAFIA E ESTAT\u00cdSTICA<br>MAPA- MINIST\u00c9RIO DA AGRICULTURA, PECU\u00c1RIA E ABASTECIMENTO<br>SICREDI &#8211; COOP. DE CR\u00c9DITO RURAL DE PASSO FUNDO LTDA.<\/p>\n","protected":false},"excerpt":{"rendered":"<p>CMDA O Conselho Municipal de Desenvolvimento Agr\u00e1rio \u2013 CMDA, Criado pela Lei n\u00ba 1581 de 03 de Setembro de 1974 e regulamentado pela Lei n\u00ba 2.904 de 11 de novembro de 1993, [&hellip;]<\/p>\n","protected":false},"author":1,"featured_media":0,"parent":0,"menu_order":0,"comment_status":"closed","ping_status":"closed","template":"","meta":{"footnotes":""},"class_list":["post-21","page","type-page","status-publish","hentry"],"yoast_head":"<!-- This site is optimized with the Yoast SEO plugin v23.8 - https:\/\/yoast.com\/wordpress\/plugins\/seo\/ -->\n<title>Conselho Municipal de Desenvolvimento Agr\u00e1rio - Secretaria de Agricultura e Desenvolvimento Rural<\/title>\n<meta name=\"robots\" content=\"index, follow, max-snippet:-1, max-image-preview:large, max-video-preview:-1\" \/>\n<link rel=\"canonical\" href=\"https:\/\/www.pmpf.rs.gov.br\/secretaria-de-agricultura-e-desenvolvimento-rural\/conselho-municipal-de-desenvolvimento-agrario\/\" \/>\n<meta property=\"og:locale\" content=\"pt_BR\" \/>\n<meta property=\"og:type\" content=\"article\" \/>\n<meta property=\"og:title\" content=\"Conselho Municipal de Desenvolvimento Agr\u00e1rio - Secretaria de Agricultura e Desenvolvimento Rural\" \/>\n<meta property=\"og:description\" content=\"CMDA O Conselho Municipal de Desenvolvimento Agr\u00e1rio \u2013 CMDA, Criado pela Lei n\u00ba 1581 de 03 de Setembro de 1974 e regulamentado pela Lei n\u00ba 2.904 de 11 de novembro de 1993, [&hellip;]\" \/>\n<meta property=\"og:url\" content=\"https:\/\/www.pmpf.rs.gov.br\/secretaria-de-agricultura-e-desenvolvimento-rural\/conselho-municipal-de-desenvolvimento-agrario\/\" \/>\n<meta property=\"og:site_name\" content=\"Secretaria de Agricultura e Desenvolvimento Rural\" \/>\n<meta name=\"twitter:card\" content=\"summary_large_image\" \/>\n<meta name=\"twitter:label1\" content=\"Est. tempo de leitura\" \/>\n\t<meta name=\"twitter:data1\" content=\"2 minutos\" \/>\n<script type=\"application\/ld+json\" class=\"yoast-schema-graph\">{\"@context\":\"https:\/\/schema.org\",\"@graph\":[{\"@type\":\"WebPage\",\"@id\":\"https:\/\/www.pmpf.rs.gov.br\/secretaria-de-agricultura-e-desenvolvimento-rural\/conselho-municipal-de-desenvolvimento-agrario\/\",\"url\":\"https:\/\/www.pmpf.rs.gov.br\/secretaria-de-agricultura-e-desenvolvimento-rural\/conselho-municipal-de-desenvolvimento-agrario\/\",\"name\":\"Conselho Municipal de Desenvolvimento Agr\u00e1rio - Secretaria de Agricultura e Desenvolvimento Rural\",\"isPartOf\":{\"@id\":\"https:\/\/www.pmpf.rs.gov.br\/secretaria-de-agricultura-e-desenvolvimento-rural\/#website\"},\"datePublished\":\"2021-11-10T17:41:32+00:00\",\"dateModified\":\"2021-11-10T17:41:32+00:00\",\"inLanguage\":\"pt-BR\",\"potentialAction\":[{\"@type\":\"ReadAction\",\"target\":[\"https:\/\/www.pmpf.rs.gov.br\/secretaria-de-agricultura-e-desenvolvimento-rural\/conselho-municipal-de-desenvolvimento-agrario\/\"]}]},{\"@type\":\"WebSite\",\"@id\":\"https:\/\/www.pmpf.rs.gov.br\/secretaria-de-agricultura-e-desenvolvimento-rural\/#website\",\"url\":\"https:\/\/www.pmpf.rs.gov.br\/secretaria-de-agricultura-e-desenvolvimento-rural\/\",\"name\":\"Secretaria de Agricultura e Desenvolvimento Rural\",\"description\":\"S\u00f3 mais um site Prefeitura Municipal de Passo Fundo Sites\",\"potentialAction\":[{\"@type\":\"SearchAction\",\"target\":{\"@type\":\"EntryPoint\",\"urlTemplate\":\"https:\/\/www.pmpf.rs.gov.br\/secretaria-de-agricultura-e-desenvolvimento-rural\/?s={search_term_string}\"},\"query-input\":{\"@type\":\"PropertyValueSpecification\",\"valueRequired\":true,\"valueName\":\"search_term_string\"}}],\"inLanguage\":\"pt-BR\"}]}<\/script>\n<!-- \/ Yoast SEO plugin. -->","yoast_head_json":{"title":"Conselho Municipal de Desenvolvimento Agr\u00e1rio - Secretaria de Agricultura e Desenvolvimento Rural","robots":{"index":"index","follow":"follow","max-snippet":"max-snippet:-1","max-image-preview":"max-image-preview:large","max-video-preview":"max-video-preview:-1"},"canonical":"https:\/\/www.pmpf.rs.gov.br\/secretaria-de-agricultura-e-desenvolvimento-rural\/conselho-municipal-de-desenvolvimento-agrario\/","og_locale":"pt_BR","og_type":"article","og_title":"Conselho Municipal de Desenvolvimento Agr\u00e1rio - Secretaria de Agricultura e Desenvolvimento Rural","og_description":"CMDA O Conselho Municipal de Desenvolvimento Agr\u00e1rio \u2013 CMDA, Criado pela Lei n\u00ba 1581 de 03 de Setembro de 1974 e regulamentado pela Lei n\u00ba 2.904 de 11 de novembro de 1993, [&hellip;]","og_url":"https:\/\/www.pmpf.rs.gov.br\/secretaria-de-agricultura-e-desenvolvimento-rural\/conselho-municipal-de-desenvolvimento-agrario\/","og_site_name":"Secretaria de Agricultura e Desenvolvimento Rural","twitter_card":"summary_large_image","twitter_misc":{"Est. tempo de leitura":"2 minutos"},"schema":{"@context":"https:\/\/schema.org","@graph":[{"@type":"WebPage","@id":"https:\/\/www.pmpf.rs.gov.br\/secretaria-de-agricultura-e-desenvolvimento-rural\/conselho-municipal-de-desenvolvimento-agrario\/","url":"https:\/\/www.pmpf.rs.gov.br\/secretaria-de-agricultura-e-desenvolvimento-rural\/conselho-municipal-de-desenvolvimento-agrario\/","name":"Conselho Municipal de Desenvolvimento Agr\u00e1rio - Secretaria de Agricultura e Desenvolvimento Rural","isPartOf":{"@id":"https:\/\/www.pmpf.rs.gov.br\/secretaria-de-agricultura-e-desenvolvimento-rural\/#website"},"datePublished":"2021-11-10T17:41:32+00:00","dateModified":"2021-11-10T17:41:32+00:00","inLanguage":"pt-BR","potentialAction":[{"@type":"ReadAction","target":["https:\/\/www.pmpf.rs.gov.br\/secretaria-de-agricultura-e-desenvolvimento-rural\/conselho-municipal-de-desenvolvimento-agrario\/"]}]},{"@type":"WebSite","@id":"https:\/\/www.pmpf.rs.gov.br\/secretaria-de-agricultura-e-desenvolvimento-rural\/#website","url":"https:\/\/www.pmpf.rs.gov.br\/secretaria-de-agricultura-e-desenvolvimento-rural\/","name":"Secretaria de Agricultura e Desenvolvimento Rural","description":"S\u00f3 mais um site Prefeitura Municipal de Passo Fundo Sites","potentialAction":[{"@type":"SearchAction","target":{"@type":"EntryPoint","urlTemplate":"https:\/\/www.pmpf.rs.gov.br\/secretaria-de-agricultura-e-desenvolvimento-rural\/?s={search_term_string}"},"query-input":{"@type":"PropertyValueSpecification","valueRequired":true,"valueName":"search_term_string"}}],"inLanguage":"pt-BR"}]}},"_links":{"self":[{"href":"https:\/\/www.pmpf.rs.gov.br\/secretaria-de-agricultura-e-desenvolvimento-rural\/wp-json\/wp\/v2\/pages\/21"}],"collection":[{"href":"https:\/\/www.pmpf.rs.gov.br\/secretaria-de-agricultura-e-desenvolvimento-rural\/wp-json\/wp\/v2\/pages"}],"about":[{"href":"https:\/\/www.pmpf.rs.gov.br\/secretaria-de-agricultura-e-desenvolvimento-rural\/wp-json\/wp\/v2\/types\/page"}],"author":[{"embeddable":true,"href":"https:\/\/www.pmpf.rs.gov.br\/secretaria-de-agricultura-e-desenvolvimento-rural\/wp-json\/wp\/v2\/users\/1"}],"replies":[{"embeddable":true,"href":"https:\/\/www.pmpf.rs.gov.br\/secretaria-de-agricultura-e-desenvolvimento-rural\/wp-json\/wp\/v2\/comments?post=21"}],"version-history":[{"count":1,"href":"https:\/\/www.pmpf.rs.gov.br\/secretaria-de-agricultura-e-desenvolvimento-rural\/wp-json\/wp\/v2\/pages\/21\/revisions"}],"predecessor-version":[{"id":22,"href":"https:\/\/www.pmpf.rs.gov.br\/secretaria-de-agricultura-e-desenvolvimento-rural\/wp-json\/wp\/v2\/pages\/21\/revisions\/22"}],"wp:attachment":[{"href":"https:\/\/www.pmpf.rs.gov.br\/secretaria-de-agricultura-e-desenvolvimento-rural\/wp-json\/wp\/v2\/media?parent=21"}],"curies":[{"name":"wp","href":"https:\/\/api.w.org\/{rel}","templated":true}]}}