{"id":45,"date":"2021-11-09T16:24:28","date_gmt":"2021-11-09T19:24:28","guid":{"rendered":"https:\/\/www.pmpf.rs.gov.br\/secretaria-de-administracao\/?page_id=45"},"modified":"2022-02-03T16:07:36","modified_gmt":"2022-02-03T19:07:36","slug":"estrutura","status":"publish","type":"page","link":"https:\/\/www.pmpf.rs.gov.br\/secretaria-de-administracao\/estrutura\/","title":{"rendered":"Estrutura"},"content":{"rendered":"\n<h2 class=\"wp-block-heading\">Coordenadoria de Administra\u00e7\u00e3o e Planejamento<\/h2>\n\n\n\n<p>A Coordenadoria de Administra\u00e7\u00e3o e Planejamento \u00e9 o \u00f3rg\u00e3o respons\u00e1vel pela expedi\u00e7\u00e3o de leis e projetos de leis do Executivo ao Legislativo, decretos, portarias e editais,alvar\u00e1s de concess\u00e3o de terrenos de cemit\u00e9rios e de transfer\u00eancias de terrenos de cemit\u00e9rio,abertura de processos com pedidos oriundos do legislativo,recebimento da documenta\u00e7\u00e3o do legislativo e sua distribui\u00e7\u00e3o aos \u00f3rg\u00e3o competentes<\/p>\n\n\n\n<p>A coordenadoria atua no trabalho de observa\u00e7\u00e3o dos prazos para sancionar ou vetar leis, no controle de pedidos de informa\u00e7\u00f5es; publica\u00e7\u00e3o dos atos oficiais tais como: portarias, decretos, leis, editais; coordena\u00e7\u00e3o das serventes que atendem a Secretaria de Administra\u00e7\u00e3o (SEAD).&nbsp;<\/p>\n\n\n\n<p>Outra atribui\u00e7\u00e3o \u00e9 o controle de frequ\u00eancia (assiduidade e pontualidade) dos servidores com a elabora\u00e7\u00e3o da efetividade mensal; elabora\u00e7\u00e3o do registro e acompanhamento de f\u00e9rias, licen\u00e7as e demais situa\u00e7\u00f5es funcionais.&nbsp;<\/p>\n\n\n\n<p>O controle interno e expedi\u00e7\u00e3o dos processos internos e administrativos assim como a elabora\u00e7\u00e3o de requisi\u00e7\u00f5es de materiais, servi\u00e7os, equipamentos e o consequente empenho tamb\u00e9m s\u00e3o tarefas de responsabilidade desta coordenadoria.&nbsp;<\/p>\n\n\n\n<p>Quanto o patrim\u00f4nio entrada de materiais e equipamentos adquiridos assim como o controle da demanda e conserva\u00e7\u00e3o dos mesmos e &nbsp;apoio administrativo \u00e0s demais coordenadorias e n\u00facleos s\u00e3o realizados neste setor.&nbsp;<\/p>\n\n\n\n<p>O sistema de controle da efici\u00eancia e efic\u00e1cia de todos os \u00f3rg\u00e3os da SEAD e de todos os processos e procedimentos administrativos s\u00e3o verificados pela coordenadoria gerando o controle da execu\u00e7\u00e3o or\u00e7ament\u00e1ria da secretaria.&nbsp;<\/p>\n\n\n\n<p>O funcionamento da coordenadoria est\u00e1 organizado em tr\u00eas eixos de trabalho:<\/p>\n\n\n\n<p>&#8211; N\u00facleo de Atendimento<\/p>\n\n\n\n<p>&#8211; N\u00facleo de Documentos<\/p>\n\n\n\n<p>&#8211; N\u00facleo de Impress\u00e3o<\/p>\n\n\n\n<p><\/p>\n\n\n\n<h2 class=\"wp-block-heading\">Coordenadoria de Licita\u00e7\u00f5es e Contratos<\/h2>\n\n\n\n<p><\/p>\n\n\n\n<p>\u00c9 o \u00f3rg\u00e3o que coordena&nbsp;os processos licitat\u00f3rios da cidade de Passo Fundo. A fun\u00e7\u00e3o da coordenadoria gerencia todos os tr\u00e2mites dos processos, encaminha para parecer jur\u00eddico e t\u00e9cnico.&nbsp;<\/p>\n\n\n\n<p>Tamb\u00e9m disponibiliza informa\u00e7\u00f5es sobre as licita\u00e7\u00f5es em andamento; acompanha pareceres, prazos recursais, mandados de seguran\u00e7a, dilig\u00eancias, considera\u00e7\u00f5es finais sobre o julgamento, homologa\u00e7\u00e3o e adjudica\u00e7\u00e3o e formaliza\u00e7\u00e3o dos contratos.&nbsp;<\/p>\n\n\n\n<p>A Estrutura da coordenadoria \u00e9 dividida em tr\u00eas eixos:&nbsp;<\/p>\n\n\n\n<p>&#8211; N\u00facleo de Licita\u00e7\u00f5es<\/p>\n\n\n\n<p>&#8211; N\u00facleo de Contratos<\/p>\n\n\n\n<p>&#8211; N\u00facleo de Preg\u00e3o<\/p>\n\n\n\n<p><\/p>\n\n\n\n<h2 class=\"wp-block-heading\">Coordenadoria de Recursos Humanos<\/h2>\n\n\n\n<p>A Coordenadoria de Recursos Humanos exerce fun\u00e7\u00f5es de administra\u00e7\u00e3o dos registros,an\u00e1lise e controle da situa\u00e7\u00e3o funcional de todos os servidores &nbsp;p\u00fablicos de Passo Fundo. O trabalho \u00e9 gerido em tr\u00eas eixos:<\/p>\n\n\n\n<p>&#8211; N\u00facleo de Registro e Controle<\/p>\n\n\n\n<p>&#8211; N\u00facleo de Folha de Pagamento<\/p>\n\n\n\n<p>&#8211; N\u00facleo de Biometria<\/p>\n\n\n\n<p><\/p>\n\n\n\n<h2 class=\"wp-block-heading\">Coordenadoria de Tecnologia da Informa\u00e7\u00e3o<\/h2>\n\n\n\n<p>Coordenadoria respons\u00e1vel pela presta\u00e7\u00e3o e coordena\u00e7\u00e3o dos servi\u00e7os relacionados com a tecnologia de informa\u00e7\u00e3o e comunica\u00e7\u00e3o para todas as \u00e1reas da administra\u00e7\u00e3o de Passo Fundo. A estrutura da CTEC est\u00e1 dividida nos eixos:&nbsp;<\/p>\n\n\n\n<p>&#8211; N\u00facleo de Projetos<\/p>\n\n\n\n<p>&#8211; N\u00facleo de Sistemas<\/p>\n\n\n\n<p>&#8211; N\u00facleo de Apoio Tecnol\u00f3gico<\/p>\n\n\n\n<p>&#8211; N\u00facleo de Apoio Operacional<\/p>\n\n\n\n<p>&#8211; N\u00facleo de Gest\u00e3o pela Qualidade<\/p>\n\n\n\n<p><\/p>\n\n\n\n<h2 class=\"wp-block-heading\">Coordenadoria do Patrim\u00f4nio<\/h2>\n\n\n\n<p>A Coordenadoria de Patrim\u00f4nio &nbsp;tem sua \u00e1rea de trabalho o controle e manuten\u00e7\u00e3o do bens m\u00f3veis e im\u00f3veis pertencentes ao munic\u00edpio. O eixo de trabalho comp\u00f5e a seguinte estrutura:<\/p>\n\n\n\n<p>&#8211; N\u00facleo de Controle e Manuten\u00e7\u00e3o<\/p>\n\n\n\n<p>&#8211; N\u00facleo de Almoxarifado<\/p>\n\n\n\n<p>&#8211; N\u00facleo de Fiscaliza\u00e7\u00e3o e Registro<\/p>\n\n\n\n<p><\/p>\n\n\n\n<h2 class=\"wp-block-heading\">Coordenadoria de Ve\u00edculos Leves<\/h2>\n\n\n\n<p>A Coordenadoria de Ve\u00edculos Leves \u00e9 o \u00f3rg\u00e3o&nbsp;respons\u00e1vel por fiscalizar e controlar a frota de ve\u00edculos leves de Passo Fundo, bem como a &nbsp;manuten\u00e7\u00e3o, orienta\u00e7\u00e3o &nbsp;e auxilio aos respectivos n\u00facleos que comp\u00f5e as atividades da coordenadoria:&nbsp;<\/p>\n\n\n\n<p>&#8211; N\u00facleo de Ve\u00edculos Leves<\/p>\n\n\n\n<p>&#8211; N\u00facleo de Oficina<\/p>\n","protected":false},"excerpt":{"rendered":"<p>Coordenadoria de Administra\u00e7\u00e3o e Planejamento A Coordenadoria de Administra\u00e7\u00e3o e Planejamento \u00e9 o \u00f3rg\u00e3o respons\u00e1vel pela expedi\u00e7\u00e3o de leis e projetos de leis do Executivo ao Legislativo, decretos, portarias e editais,alvar\u00e1s de [&hellip;]<\/p>\n","protected":false},"author":1,"featured_media":0,"parent":0,"menu_order":0,"comment_status":"closed","ping_status":"closed","template":"","meta":{"footnotes":""},"class_list":["post-45","page","type-page","status-publish","hentry"],"yoast_head":"<!-- This site is optimized with the Yoast SEO plugin v23.8 - https:\/\/yoast.com\/wordpress\/plugins\/seo\/ -->\n<title>Estrutura - Secretaria de Administra\u00e7\u00e3o<\/title>\n<meta name=\"robots\" content=\"index, follow, max-snippet:-1, max-image-preview:large, max-video-preview:-1\" \/>\n<link rel=\"canonical\" href=\"https:\/\/www.pmpf.rs.gov.br\/secretaria-de-administracao\/estrutura\/\" \/>\n<meta property=\"og:locale\" content=\"pt_BR\" \/>\n<meta property=\"og:type\" content=\"article\" \/>\n<meta property=\"og:title\" content=\"Estrutura - Secretaria de Administra\u00e7\u00e3o\" \/>\n<meta property=\"og:description\" content=\"Coordenadoria de Administra\u00e7\u00e3o e Planejamento A Coordenadoria de Administra\u00e7\u00e3o e Planejamento \u00e9 o \u00f3rg\u00e3o respons\u00e1vel pela expedi\u00e7\u00e3o de leis e projetos de leis do Executivo ao Legislativo, decretos, portarias e editais,alvar\u00e1s de [&hellip;]\" \/>\n<meta property=\"og:url\" content=\"https:\/\/www.pmpf.rs.gov.br\/secretaria-de-administracao\/estrutura\/\" \/>\n<meta property=\"og:site_name\" content=\"Secretaria de Administra\u00e7\u00e3o\" \/>\n<meta property=\"article:modified_time\" content=\"2022-02-03T19:07:36+00:00\" \/>\n<meta name=\"twitter:card\" content=\"summary_large_image\" \/>\n<meta name=\"twitter:label1\" content=\"Est. tempo de leitura\" \/>\n\t<meta name=\"twitter:data1\" content=\"3 minutos\" \/>\n<script type=\"application\/ld+json\" class=\"yoast-schema-graph\">{\"@context\":\"https:\/\/schema.org\",\"@graph\":[{\"@type\":\"WebPage\",\"@id\":\"https:\/\/www.pmpf.rs.gov.br\/secretaria-de-administracao\/estrutura\/\",\"url\":\"https:\/\/www.pmpf.rs.gov.br\/secretaria-de-administracao\/estrutura\/\",\"name\":\"Estrutura - Secretaria de Administra\u00e7\u00e3o\",\"isPartOf\":{\"@id\":\"https:\/\/www.pmpf.rs.gov.br\/secretaria-de-administracao\/#website\"},\"datePublished\":\"2021-11-09T19:24:28+00:00\",\"dateModified\":\"2022-02-03T19:07:36+00:00\",\"inLanguage\":\"pt-BR\",\"potentialAction\":[{\"@type\":\"ReadAction\",\"target\":[\"https:\/\/www.pmpf.rs.gov.br\/secretaria-de-administracao\/estrutura\/\"]}]},{\"@type\":\"WebSite\",\"@id\":\"https:\/\/www.pmpf.rs.gov.br\/secretaria-de-administracao\/#website\",\"url\":\"https:\/\/www.pmpf.rs.gov.br\/secretaria-de-administracao\/\",\"name\":\"Secretaria de Administra\u00e7\u00e3o\",\"description\":\"S\u00f3 mais um site Prefeitura Municipal de Passo Fundo Sites\",\"potentialAction\":[{\"@type\":\"SearchAction\",\"target\":{\"@type\":\"EntryPoint\",\"urlTemplate\":\"https:\/\/www.pmpf.rs.gov.br\/secretaria-de-administracao\/?s={search_term_string}\"},\"query-input\":{\"@type\":\"PropertyValueSpecification\",\"valueRequired\":true,\"valueName\":\"search_term_string\"}}],\"inLanguage\":\"pt-BR\"}]}<\/script>\n<!-- \/ Yoast SEO plugin. -->","yoast_head_json":{"title":"Estrutura - Secretaria de Administra\u00e7\u00e3o","robots":{"index":"index","follow":"follow","max-snippet":"max-snippet:-1","max-image-preview":"max-image-preview:large","max-video-preview":"max-video-preview:-1"},"canonical":"https:\/\/www.pmpf.rs.gov.br\/secretaria-de-administracao\/estrutura\/","og_locale":"pt_BR","og_type":"article","og_title":"Estrutura - Secretaria de Administra\u00e7\u00e3o","og_description":"Coordenadoria de Administra\u00e7\u00e3o e Planejamento A Coordenadoria de Administra\u00e7\u00e3o e Planejamento \u00e9 o \u00f3rg\u00e3o respons\u00e1vel pela expedi\u00e7\u00e3o de leis e projetos de leis do Executivo ao Legislativo, decretos, portarias e editais,alvar\u00e1s de [&hellip;]","og_url":"https:\/\/www.pmpf.rs.gov.br\/secretaria-de-administracao\/estrutura\/","og_site_name":"Secretaria de Administra\u00e7\u00e3o","article_modified_time":"2022-02-03T19:07:36+00:00","twitter_card":"summary_large_image","twitter_misc":{"Est. tempo de leitura":"3 minutos"},"schema":{"@context":"https:\/\/schema.org","@graph":[{"@type":"WebPage","@id":"https:\/\/www.pmpf.rs.gov.br\/secretaria-de-administracao\/estrutura\/","url":"https:\/\/www.pmpf.rs.gov.br\/secretaria-de-administracao\/estrutura\/","name":"Estrutura - Secretaria de Administra\u00e7\u00e3o","isPartOf":{"@id":"https:\/\/www.pmpf.rs.gov.br\/secretaria-de-administracao\/#website"},"datePublished":"2021-11-09T19:24:28+00:00","dateModified":"2022-02-03T19:07:36+00:00","inLanguage":"pt-BR","potentialAction":[{"@type":"ReadAction","target":["https:\/\/www.pmpf.rs.gov.br\/secretaria-de-administracao\/estrutura\/"]}]},{"@type":"WebSite","@id":"https:\/\/www.pmpf.rs.gov.br\/secretaria-de-administracao\/#website","url":"https:\/\/www.pmpf.rs.gov.br\/secretaria-de-administracao\/","name":"Secretaria de Administra\u00e7\u00e3o","description":"S\u00f3 mais um site Prefeitura Municipal de Passo Fundo Sites","potentialAction":[{"@type":"SearchAction","target":{"@type":"EntryPoint","urlTemplate":"https:\/\/www.pmpf.rs.gov.br\/secretaria-de-administracao\/?s={search_term_string}"},"query-input":{"@type":"PropertyValueSpecification","valueRequired":true,"valueName":"search_term_string"}}],"inLanguage":"pt-BR"}]}},"_links":{"self":[{"href":"https:\/\/www.pmpf.rs.gov.br\/secretaria-de-administracao\/wp-json\/wp\/v2\/pages\/45"}],"collection":[{"href":"https:\/\/www.pmpf.rs.gov.br\/secretaria-de-administracao\/wp-json\/wp\/v2\/pages"}],"about":[{"href":"https:\/\/www.pmpf.rs.gov.br\/secretaria-de-administracao\/wp-json\/wp\/v2\/types\/page"}],"author":[{"embeddable":true,"href":"https:\/\/www.pmpf.rs.gov.br\/secretaria-de-administracao\/wp-json\/wp\/v2\/users\/1"}],"replies":[{"embeddable":true,"href":"https:\/\/www.pmpf.rs.gov.br\/secretaria-de-administracao\/wp-json\/wp\/v2\/comments?post=45"}],"version-history":[{"count":4,"href":"https:\/\/www.pmpf.rs.gov.br\/secretaria-de-administracao\/wp-json\/wp\/v2\/pages\/45\/revisions"}],"predecessor-version":[{"id":1773,"href":"https:\/\/www.pmpf.rs.gov.br\/secretaria-de-administracao\/wp-json\/wp\/v2\/pages\/45\/revisions\/1773"}],"wp:attachment":[{"href":"https:\/\/www.pmpf.rs.gov.br\/secretaria-de-administracao\/wp-json\/wp\/v2\/media?parent=45"}],"curies":[{"name":"wp","href":"https:\/\/api.w.org\/{rel}","templated":true}]}}