{"id":39,"date":"2021-11-09T16:20:49","date_gmt":"2021-11-09T19:20:49","guid":{"rendered":"https:\/\/www.pmpf.rs.gov.br\/secretaria-de-administracao\/?page_id=39"},"modified":"2026-01-29T14:14:08","modified_gmt":"2026-01-29T17:14:08","slug":"conheca-o-secretario","status":"publish","type":"page","link":"https:\/\/www.pmpf.rs.gov.br\/secretaria-de-administracao\/conheca-o-secretario\/","title":{"rendered":"Conhe\u00e7a o Secret\u00e1rio"},"content":{"rendered":"\n<h2 class=\"wp-block-heading\">Gest\u00e3o 2025-2028 &#8211; Glauber Lemos Vieira<\/h2>\n\n\n\n<div style=\"height:10px\" aria-hidden=\"true\" class=\"wp-block-spacer\"><\/div>\n\n\n\n<div class=\"wp-block-media-text is-stacked-on-mobile\"><figure class=\"wp-block-media-text__media\"><img loading=\"lazy\" decoding=\"async\" width=\"1024\" height=\"682\" src=\"https:\/\/www.pmpf.rs.gov.br\/secretaria-de-administracao\/wp-content\/uploads\/sites\/4\/2026\/01\/foto-guaber-2025-2028x1280-1-1024x682.jpg\" alt=\"\" class=\"wp-image-2473 size-full\" srcset=\"https:\/\/www.pmpf.rs.gov.br\/secretaria-de-administracao\/wp-content\/uploads\/sites\/4\/2026\/01\/foto-guaber-2025-2028x1280-1-1024x682.jpg 1024w, https:\/\/www.pmpf.rs.gov.br\/secretaria-de-administracao\/wp-content\/uploads\/sites\/4\/2026\/01\/foto-guaber-2025-2028x1280-1-480x320.jpg 480w, https:\/\/www.pmpf.rs.gov.br\/secretaria-de-administracao\/wp-content\/uploads\/sites\/4\/2026\/01\/foto-guaber-2025-2028x1280-1-768x512.jpg 768w, https:\/\/www.pmpf.rs.gov.br\/secretaria-de-administracao\/wp-content\/uploads\/sites\/4\/2026\/01\/foto-guaber-2025-2028x1280-1.jpg 1280w\" sizes=\"(max-width: 1024px) 100vw, 1024px\" \/><\/figure><div class=\"wp-block-media-text__content\">\n<p>Natural de Lagoa Vermelha\/RS, e reside em Passo Fundo desde 1994. Casado e pai de duas filhas. Advogado, formado em Direito pela Universidade de Passo Fundo (UPF) em 1991, cursou Especializa\u00e7\u00e3o em Direito Civil na UPF.<\/p>\n\n\n\n<p>S\u00f3cio-fundador da empresa Wegher Advogados Associados, foi Conselheiro da Ordem dos Advogados de Passo Fundo. Exerceu os cargos de assessor legislativo na C\u00e2mara de Vereadores e de assessor jur\u00eddico na Procuradoria-Geral do Munic\u00edpio. Desde 2021, atuava como assessor jur\u00eddico no Gabinete do Prefeito de Passo Fundo e agora Secret\u00e1rio Municipal de Administra\u00e7\u00e3o.<\/p>\n<\/div><\/div>\n\n\n\n<hr class=\"wp-block-separator has-alpha-channel-opacity\"\/>\n\n\n\n<p><\/p>\n","protected":false},"excerpt":{"rendered":"<p>Gest\u00e3o 2025-2028 &#8211; Glauber Lemos Vieira Natural de Lagoa Vermelha\/RS, e reside em Passo Fundo desde 1994. Casado e pai de duas filhas. Advogado, formado em Direito pela Universidade de Passo Fundo [&hellip;]<\/p>\n","protected":false},"author":1,"featured_media":0,"parent":0,"menu_order":0,"comment_status":"closed","ping_status":"closed","template":"","meta":{"footnotes":""},"class_list":["post-39","page","type-page","status-publish","hentry"],"yoast_head":"<!-- This site is optimized with the Yoast SEO plugin v23.8 - https:\/\/yoast.com\/wordpress\/plugins\/seo\/ -->\n<title>Conhe\u00e7a o Secret\u00e1rio - Secretaria de Administra\u00e7\u00e3o<\/title>\n<meta name=\"robots\" content=\"index, follow, max-snippet:-1, max-image-preview:large, max-video-preview:-1\" \/>\n<link rel=\"canonical\" href=\"https:\/\/www.pmpf.rs.gov.br\/secretaria-de-administracao\/conheca-o-secretario\/\" \/>\n<meta property=\"og:locale\" content=\"pt_BR\" \/>\n<meta property=\"og:type\" content=\"article\" \/>\n<meta property=\"og:title\" content=\"Conhe\u00e7a o Secret\u00e1rio - Secretaria de Administra\u00e7\u00e3o\" \/>\n<meta property=\"og:description\" content=\"Gest\u00e3o 2025-2028 &#8211; Glauber Lemos Vieira Natural de Lagoa Vermelha\/RS, e reside em Passo Fundo desde 1994. Casado e pai de duas filhas. Advogado, formado em Direito pela Universidade de Passo Fundo [&hellip;]\" \/>\n<meta property=\"og:url\" content=\"https:\/\/www.pmpf.rs.gov.br\/secretaria-de-administracao\/conheca-o-secretario\/\" \/>\n<meta property=\"og:site_name\" content=\"Secretaria de Administra\u00e7\u00e3o\" \/>\n<meta property=\"article:modified_time\" content=\"2026-01-29T17:14:08+00:00\" \/>\n<meta property=\"og:image\" content=\"https:\/\/www.pmpf.rs.gov.br\/secretaria-de-administracao\/wp-content\/uploads\/sites\/4\/2026\/01\/foto-guaber-2025-2028x1280-1.jpg\" \/>\n\t<meta property=\"og:image:width\" content=\"1280\" \/>\n\t<meta property=\"og:image:height\" content=\"853\" \/>\n\t<meta property=\"og:image:type\" content=\"image\/jpeg\" \/>\n<meta name=\"twitter:card\" content=\"summary_large_image\" \/>\n<meta name=\"twitter:label1\" content=\"Est. tempo de leitura\" \/>\n\t<meta name=\"twitter:data1\" content=\"1 minuto\" \/>\n<script type=\"application\/ld+json\" class=\"yoast-schema-graph\">{\"@context\":\"https:\/\/schema.org\",\"@graph\":[{\"@type\":\"WebPage\",\"@id\":\"https:\/\/www.pmpf.rs.gov.br\/secretaria-de-administracao\/conheca-o-secretario\/\",\"url\":\"https:\/\/www.pmpf.rs.gov.br\/secretaria-de-administracao\/conheca-o-secretario\/\",\"name\":\"Conhe\u00e7a o Secret\u00e1rio - Secretaria de Administra\u00e7\u00e3o\",\"isPartOf\":{\"@id\":\"https:\/\/www.pmpf.rs.gov.br\/secretaria-de-administracao\/#website\"},\"primaryImageOfPage\":{\"@id\":\"https:\/\/www.pmpf.rs.gov.br\/secretaria-de-administracao\/conheca-o-secretario\/#primaryimage\"},\"image\":{\"@id\":\"https:\/\/www.pmpf.rs.gov.br\/secretaria-de-administracao\/conheca-o-secretario\/#primaryimage\"},\"thumbnailUrl\":\"https:\/\/www.pmpf.rs.gov.br\/secretaria-de-administracao\/wp-content\/uploads\/sites\/4\/2026\/01\/foto-guaber-2025-2028x1280-1-1024x682.jpg\",\"datePublished\":\"2021-11-09T19:20:49+00:00\",\"dateModified\":\"2026-01-29T17:14:08+00:00\",\"inLanguage\":\"pt-BR\",\"potentialAction\":[{\"@type\":\"ReadAction\",\"target\":[\"https:\/\/www.pmpf.rs.gov.br\/secretaria-de-administracao\/conheca-o-secretario\/\"]}]},{\"@type\":\"ImageObject\",\"inLanguage\":\"pt-BR\",\"@id\":\"https:\/\/www.pmpf.rs.gov.br\/secretaria-de-administracao\/conheca-o-secretario\/#primaryimage\",\"url\":\"https:\/\/www.pmpf.rs.gov.br\/secretaria-de-administracao\/wp-content\/uploads\/sites\/4\/2026\/01\/foto-guaber-2025-2028x1280-1.jpg\",\"contentUrl\":\"https:\/\/www.pmpf.rs.gov.br\/secretaria-de-administracao\/wp-content\/uploads\/sites\/4\/2026\/01\/foto-guaber-2025-2028x1280-1.jpg\",\"width\":1280,\"height\":853},{\"@type\":\"WebSite\",\"@id\":\"https:\/\/www.pmpf.rs.gov.br\/secretaria-de-administracao\/#website\",\"url\":\"https:\/\/www.pmpf.rs.gov.br\/secretaria-de-administracao\/\",\"name\":\"Secretaria de Administra\u00e7\u00e3o\",\"description\":\"S\u00f3 mais um site Prefeitura Municipal de Passo Fundo Sites\",\"potentialAction\":[{\"@type\":\"SearchAction\",\"target\":{\"@type\":\"EntryPoint\",\"urlTemplate\":\"https:\/\/www.pmpf.rs.gov.br\/secretaria-de-administracao\/?s={search_term_string}\"},\"query-input\":{\"@type\":\"PropertyValueSpecification\",\"valueRequired\":true,\"valueName\":\"search_term_string\"}}],\"inLanguage\":\"pt-BR\"}]}<\/script>\n<!-- \/ Yoast SEO plugin. -->","yoast_head_json":{"title":"Conhe\u00e7a o Secret\u00e1rio - Secretaria de Administra\u00e7\u00e3o","robots":{"index":"index","follow":"follow","max-snippet":"max-snippet:-1","max-image-preview":"max-image-preview:large","max-video-preview":"max-video-preview:-1"},"canonical":"https:\/\/www.pmpf.rs.gov.br\/secretaria-de-administracao\/conheca-o-secretario\/","og_locale":"pt_BR","og_type":"article","og_title":"Conhe\u00e7a o Secret\u00e1rio - Secretaria de Administra\u00e7\u00e3o","og_description":"Gest\u00e3o 2025-2028 &#8211; Glauber Lemos Vieira Natural de Lagoa Vermelha\/RS, e reside em Passo Fundo desde 1994. Casado e pai de duas filhas. Advogado, formado em Direito pela Universidade de Passo Fundo [&hellip;]","og_url":"https:\/\/www.pmpf.rs.gov.br\/secretaria-de-administracao\/conheca-o-secretario\/","og_site_name":"Secretaria de Administra\u00e7\u00e3o","article_modified_time":"2026-01-29T17:14:08+00:00","og_image":[{"width":1280,"height":853,"url":"https:\/\/www.pmpf.rs.gov.br\/secretaria-de-administracao\/wp-content\/uploads\/sites\/4\/2026\/01\/foto-guaber-2025-2028x1280-1.jpg","type":"image\/jpeg"}],"twitter_card":"summary_large_image","twitter_misc":{"Est. tempo de leitura":"1 minuto"},"schema":{"@context":"https:\/\/schema.org","@graph":[{"@type":"WebPage","@id":"https:\/\/www.pmpf.rs.gov.br\/secretaria-de-administracao\/conheca-o-secretario\/","url":"https:\/\/www.pmpf.rs.gov.br\/secretaria-de-administracao\/conheca-o-secretario\/","name":"Conhe\u00e7a o Secret\u00e1rio - Secretaria de Administra\u00e7\u00e3o","isPartOf":{"@id":"https:\/\/www.pmpf.rs.gov.br\/secretaria-de-administracao\/#website"},"primaryImageOfPage":{"@id":"https:\/\/www.pmpf.rs.gov.br\/secretaria-de-administracao\/conheca-o-secretario\/#primaryimage"},"image":{"@id":"https:\/\/www.pmpf.rs.gov.br\/secretaria-de-administracao\/conheca-o-secretario\/#primaryimage"},"thumbnailUrl":"https:\/\/www.pmpf.rs.gov.br\/secretaria-de-administracao\/wp-content\/uploads\/sites\/4\/2026\/01\/foto-guaber-2025-2028x1280-1-1024x682.jpg","datePublished":"2021-11-09T19:20:49+00:00","dateModified":"2026-01-29T17:14:08+00:00","inLanguage":"pt-BR","potentialAction":[{"@type":"ReadAction","target":["https:\/\/www.pmpf.rs.gov.br\/secretaria-de-administracao\/conheca-o-secretario\/"]}]},{"@type":"ImageObject","inLanguage":"pt-BR","@id":"https:\/\/www.pmpf.rs.gov.br\/secretaria-de-administracao\/conheca-o-secretario\/#primaryimage","url":"https:\/\/www.pmpf.rs.gov.br\/secretaria-de-administracao\/wp-content\/uploads\/sites\/4\/2026\/01\/foto-guaber-2025-2028x1280-1.jpg","contentUrl":"https:\/\/www.pmpf.rs.gov.br\/secretaria-de-administracao\/wp-content\/uploads\/sites\/4\/2026\/01\/foto-guaber-2025-2028x1280-1.jpg","width":1280,"height":853},{"@type":"WebSite","@id":"https:\/\/www.pmpf.rs.gov.br\/secretaria-de-administracao\/#website","url":"https:\/\/www.pmpf.rs.gov.br\/secretaria-de-administracao\/","name":"Secretaria de Administra\u00e7\u00e3o","description":"S\u00f3 mais um site Prefeitura Municipal de Passo Fundo Sites","potentialAction":[{"@type":"SearchAction","target":{"@type":"EntryPoint","urlTemplate":"https:\/\/www.pmpf.rs.gov.br\/secretaria-de-administracao\/?s={search_term_string}"},"query-input":{"@type":"PropertyValueSpecification","valueRequired":true,"valueName":"search_term_string"}}],"inLanguage":"pt-BR"}]}},"_links":{"self":[{"href":"https:\/\/www.pmpf.rs.gov.br\/secretaria-de-administracao\/wp-json\/wp\/v2\/pages\/39"}],"collection":[{"href":"https:\/\/www.pmpf.rs.gov.br\/secretaria-de-administracao\/wp-json\/wp\/v2\/pages"}],"about":[{"href":"https:\/\/www.pmpf.rs.gov.br\/secretaria-de-administracao\/wp-json\/wp\/v2\/types\/page"}],"author":[{"embeddable":true,"href":"https:\/\/www.pmpf.rs.gov.br\/secretaria-de-administracao\/wp-json\/wp\/v2\/users\/1"}],"replies":[{"embeddable":true,"href":"https:\/\/www.pmpf.rs.gov.br\/secretaria-de-administracao\/wp-json\/wp\/v2\/comments?post=39"}],"version-history":[{"count":15,"href":"https:\/\/www.pmpf.rs.gov.br\/secretaria-de-administracao\/wp-json\/wp\/v2\/pages\/39\/revisions"}],"predecessor-version":[{"id":2474,"href":"https:\/\/www.pmpf.rs.gov.br\/secretaria-de-administracao\/wp-json\/wp\/v2\/pages\/39\/revisions\/2474"}],"wp:attachment":[{"href":"https:\/\/www.pmpf.rs.gov.br\/secretaria-de-administracao\/wp-json\/wp\/v2\/media?parent=39"}],"curies":[{"name":"wp","href":"https:\/\/api.w.org\/{rel}","templated":true}]}}